{"id":3218,"date":"2021-04-06T11:18:46","date_gmt":"2021-04-06T11:18:46","guid":{"rendered":"https:\/\/tajkertesz.com\/?post_type=product&#038;p=3218"},"modified":"2026-03-18T12:16:26","modified_gmt":"2026-03-18T12:16:26","slug":"agro-largo-kentaur-fumagkeverek-1-kg","status":"publish","type":"product","link":"https:\/\/tajkertesz.com\/en_US\/product\/agro-largo-kentaur-fumagkeverek-1-kg\/","title":{"rendered":"Kentaur F\u0171magkever\u00e9k 1 kg Agro-Largo"},"content":{"rendered":"<h1>Kentaur f\u0171magkever\u00e9k 1 kg Agro-Largo<\/h1>\n<p style=\"font-weight: 600;\">Kentaur f\u0171magkever\u00e9k 1 kg Agro-Largo<\/p>\n<p>Sz\u00e1razs\u00e1gt\u0171r\u0151 kever\u00e9k. A kever\u00e9ket alkot\u00f3 fajt\u00e1k kev\u00e9sb\u00e9 v\u00edzig\u00e9nyesek, \u00e1tv\u00e9szelik a sz\u00e1raz id\u0151szakot.<\/p>\n<h2>A Kentaur f\u0171magkever\u00e9k\u00a0 \u00f6sszet\u00e9tele:<\/h2>\n<ul>\n<li>N\u00e1dk\u00e9p\u0171 csenkesz (Festuca arundinacea) 50 %<\/li>\n<li>Angol perje (Lolium perenne) 35 %<\/li>\n<li>V\u00f6r\u00f6scsenkesz (Festuca rubra) 15 %<\/li>\n<\/ul>\n<p><a href=\"https:\/\/tajkertesz.com\/\">https:\/\/tajkertesz.com\/<\/a><\/p>\n<p><a href=\"https:\/\/hu.wikipedia.org\/wiki\/Gyep\">https:\/\/hu.wikipedia.org\/wiki\/Gyep<\/a><\/p>\n<p><b><strong>Kiszerel\u00e9s:<\/strong><\/b>\u00a01 kg-os dobozban, illetve 5, 10, valamint 25 kg-os pap\u00edrzs\u00e1kban.<\/p>\n<p>Vet\u0151magsz\u00fcks\u00e9glet:\u00a01 kg f\u0171magkever\u00e9k 33-35 n\u00e9gyzetm\u00e9terre elegend\u0151.<\/p>\n<p>A\u00a0<b>Magic Garden<\/b>\u00a0term\u00e9kcsal\u00e1d a kertekben felmer\u00fcl\u0151 \u00f6sszes ig\u00e9nyt kiel\u00e9g\u00edtik, ez\u00e1ltal az \u00e1ltal\u00e1nos c\u00e9l\u00fa f\u0171kever\u00e9kt\u0151l kezdve, a nagyobb ig\u00e9nybev\u00e9telnek kitett sport gyep l\u00e9tes\u00edt\u00e9s\u00e9re is alkalmasak, ezek mellett \u00e1rny\u00e9kt\u0171r\u0151, sz\u00e1razs\u00e1gt\u0171r\u0151 f\u0171mag kever\u00e9keket is k\u00edn\u00e1lunk.<\/p>\n<h3><span id=\"\u00dcltet\u00e9s_\u00e9s_vet\u00e9s\" class=\"mw-headline\">\u00dcltet\u00e9s \u00e9s vet\u00e9s:\u00a0<\/span><\/h3>\n<p>A gyepet (f\u0171magot) \u00e1ltal\u00e1ban tavasszal \u00e9s kora ny\u00e1ron \u00e9s kora \u0151sszel telep\u00edtik, amikor a talaj melegebb, a leveg\u0151 pedig 15-20 Celsius-fok k\u00f6r\u00fcli. A telep\u00edt\u00e9s t\u00f6rt\u00e9nhet gyept\u00e9gl\u00e1k vagy gyepsz\u0151nyeg elhelyez\u00e9s\u00e9vel vagy f\u0171magvet\u00e9ssel, mely m\u00f3dszer a legolcs\u00f3bbak k\u00f6z\u00e9 tartozik, \u00e1m t\u00f6bb id\u0151t vesz ig\u00e9nybe, mire kialakul az igazi \u00f6sszef\u00fcgg\u0151 gyep. A gyepsz\u0151nyeg lefektet\u00e9s\u00e9vel gyakorlatilag \u201ek\u00e9sz\u201d gyepet kapunk, ez m\u00e9rs\u00e9kelt \u00e9ghajlaton szinte b\u00e1rmely \u00e9vszakban elv\u00e9gezhet\u0151, kiv\u00e9ve a forr\u00f3 nyarat. Ez a m\u00f3dszer ugyanakkor dr\u00e1g\u00e1bb, \u00e9s eleinte komolyan oda figyel\u00e9st ig\u00e9nyel az \u00f6nt\u00f6z\u00e9se.<\/p>\n<p>A f\u0171mag elvet\u00e9s\u00e9re els\u0151sorban a tavaszi (m\u00e1rcius v\u00e9ge) \u00e9s \u0151szi (szeptember) id\u0151szak a legalkalmasabb, mivel az id\u0151j\u00e1r\u00e1s ilyenkor viszonylag m\u00e9rs\u00e9kelt, csapad\u00e9kos, a talaj nedvess\u00e9gtartalma is megfelel\u0151, \u00edgy a k\u00f6r\u00fclm\u00e9nyek ide\u00e1lisak a cs\u00edr\u00e1z\u00e1shoz.<\/p>\n<p>Az Agro-Largo\u00a0term\u00e9kcsal\u00e1d a kertekben felmer\u00fcl\u0151 \u00f6sszes ig\u00e9nyt kiel\u00e9g\u00edtik, ez\u00e1ltal az \u00e1ltal\u00e1nos c\u00e9l\u00fa f\u0171kever\u00e9kt\u0151l kezdve, a nagyobb ig\u00e9nybev\u00e9telnek kitett sport gyep l\u00e9tes\u00edt\u00e9s\u00e9re is alkalmasak, ezek mellett \u00e1rny\u00e9kt\u0171r\u0151, sz\u00e1razs\u00e1gt\u0171r\u0151 f\u0171mag kever\u00e9keket is k\u00edn\u00e1lunk.<\/p>\n<p>Term\u00e9keinkhez kaphat\u00f3ak k\u00fcl\u00f6nb\u00f6z\u0151 m\u0171tr\u00e1gy\u00e1k, melyek seg\u00edtenek el\u0151k\u00e9sz\u00edteni , fenntartani a megfelel\u0151 talajmin\u0151s\u00e9get, \u00edgy mindig a legkiv\u00e1l\u00f3bb lesz a gyep min\u0151s\u00e9ge , ak\u00e1rmilyen c\u00e9lra is szeretn\u00e9 haszn\u00e1lni azt.<\/p>\n<h4>Telep\u00edt\u00e9si seg\u00e9dlet:<\/h4>\n<p>A talajt vet\u00e9s el\u0151tt alaposan laz\u00edtsuk fel, a gy\u00f6kereket, k\u00f6veket szedj\u00fck \u00f6ssze. Ha sz\u00fcks\u00e9ges, k\u00e9miai gyom\u00edrt\u00e1st alkalmazzunk m\u00e9g a laz\u00edt\u00e1s el\u0151tt. Tot\u00e1lis gyom\u00edrt\u00f3 alkalmaz\u00e1sa javasolt. Alaptr\u00e1gy\u00e1z\u00e1st szerves komposzttal, lass\u00fa felsz\u00edv\u00f3d\u00e1s\u00fa m\u0171tr\u00e1gy\u00e1val v\u00e9gezhet\u00fcnk. A talajt ism\u00e9telten forgassuk \u00e1t, majd sim\u00edtsuk el. Tavasszal (M\u00e1rciust\u00f3l j\u00faniusig) vagy \u0151sszel (augusztust\u00f3l okt\u00f3berig) vess\u00fcnk. A f\u0171magkever\u00e9ket vet\u00e9s el\u0151tt j\u00f3l keverj\u00fck \u00f6ssze. K\u00e9t r\u00e9szletben vess\u00fcnk, a m\u00e1sodik menet az els\u0151 vet\u00e9s ir\u00e1ny\u00e1ra mer\u0151leges legyen. Vethet\u00fcnk k\u00e9zzel vagy g\u00e9ppel is, a f\u0171magokat egyenletesen sz\u00f3rjuk ki. Vet\u00e9s ut\u00e1n gerebly\u00e9vel vagy hengerrel j\u00e1rjuk \u00e1t a talaj felsz\u00edn\u00e9t. Ha lehet, locsoljuk meg b\u0151s\u00e9gesen a vet\u00e9st \u00e9s cs\u00edr\u00e1z\u00e1s alatt tartsuk nedvesen. Az els\u0151 ny\u00edr\u00e1st\u00a0 a f\u0171 10-12 cm-es magass\u00e1g\u00e1n\u00e1l v\u00e9gezhetj\u00fck el, ekkor m\u00e9g ne v\u00e1gjuk 6-7 cm-n\u00e9l r\u00f6videbbre. K\u00e9s\u0151bb m\u00e1r nyugodtan ny\u00edrhatjuk alacsonyabbra. A vegetat\u00edv fejl\u0151d\u00e9s alatt (m\u00e1rcius\/\u00e1prilist\u00f3l szeptemberig) lassan felsz\u00edv\u00f3d\u00f3 nitrog\u00e9n, \u0151sszel k\u00e1lium m\u0171tr\u00e1gy\u00e1t adagolhatunk. Kel\u00e9s ideje alatt a gyomokat k\u00e9zzel t\u00e1vol\u00edthatjuk el, a vet\u00e9st k\u00f6vet\u0151 hatodik h\u00f3nap eltelt\u00e9vel m\u00e1r haszn\u00e1lhatunk szelekt\u00edv gyom\u00edrt\u00f3 szert.<\/p>\n<p><strong>K\u00e9szlet\u00fcnk napi szinten v\u00e1ltozik, ez\u00e9rt k\u00e9rj\u00fck, \u00e9rdekl\u0151dj\u00f6n szem\u00e9lyesen, telefonon vagy email-en.<br \/>\nA v\u00e1ltoztat\u00e1s jog\u00e1t fenntartjuk!\u00a0<\/strong><\/p>\n<p><a href=\"https:\/\/tajkertesz.com\/\">https:\/\/tajkertesz.com\/<\/a><\/p>\n<p><a href=\"https:\/\/www.facebook.com\/tajkertesz\/\">https:\/\/www.facebook.com\/tajkertesz\/<\/a><\/p>\n<p>Kisz\u00e1ll\u00edt\u00e1s: 200cm-ig \u00a0\u00e9s 40 kg-ig a sz\u00e1ll\u00edt\u00e1s fut\u00e1rszolg\u00e1lattal \u00a0t\u00f6rt\u00e9nik.<\/p>\n<p>Szem\u00e9lyes \u00e1tv\u00e9tel nyitvatart\u00e1si id\u0151ben a 17. ker\u00fclet Bakancsos utca 7. sz\u00e1m alatti Kert\u00e9szeti \u00e1rud\u00e1nkban.<\/p>","protected":false},"excerpt":{"rendered":"<p>Agro-Largo Kentaur F\u0171magkever\u00e9k 1 kg<\/p>\n<h3 style=\"font-weight: 600;\">Agro-Largo Kentaur F\u0171magkever\u00e9k 1 kg Term\u00e9kle\u00edr\u00e1s:<\/h3>\n<p>Extra sz\u00e1razs\u00e1gt\u0171r\u0151 f\u0171mag<\/p>\n<p>Sz\u00e1razs\u00e1gt\u0171r\u0151 kever\u00e9k. A kever\u00e9ket alkot\u00f3 fajt\u00e1k kev\u00e9sb\u00e9 v\u00edzig\u00e9nyesek, \u00e1tv\u00e9szelik a sz\u00e1raz id\u0151szakot.<\/p>\n<p>A kever\u00e9k \u00f6sszet\u00e9tele:<\/p>\n<ul>\n<li>N\u00e1dk\u00e9p\u0171 csenkesz (Festuca arundinacea) 50 %<\/li>\n<li>Angol perje (Lolium perenne) 35 %<\/li>\n<li>V\u00f6r\u00f6scsenkesz (Festuca rubra) 15 %<\/li>\n<\/ul>\n<p><b><strong>Kiszerel\u00e9s:<\/strong><\/b>\u00a01 kg-os dobozban, illetve 5, 10, valamint 25 kg-os pap\u00edrzs\u00e1kban.<\/p>\n<p>Vet\u0151magsz\u00fcks\u00e9glet:\u00a01 kg f\u0171magkever\u00e9k 33-35 n\u00e9gyzetm\u00e9terre elegend\u0151.<\/p>\n<p>A\u00a0<b>Magic Garden<\/b>\u00a0term\u00e9kcsal\u00e1d a kertekben felmer\u00fcl\u0151 \u00f6sszes ig\u00e9nyt kiel\u00e9g\u00edtik, ez\u00e1ltal az \u00e1ltal\u00e1nos c\u00e9l\u00fa f\u0171kever\u00e9kt\u0151l kezdve, a nagyobb ig\u00e9nybev\u00e9telnek kitett sport gyep l\u00e9tes\u00edt\u00e9s\u00e9re is alkalmasak, ezek mellett \u00e1rny\u00e9kt\u0171r\u0151, sz\u00e1razs\u00e1gt\u0171r\u0151 f\u0171mag kever\u00e9keket is k\u00edn\u00e1lunk.<\/p>\n<h2><span id=\"T\u00f6rt\u00e9nete\" class=\"mw-headline\">A gyep t\u00f6rt\u00e9nete<\/span><\/h2>\n<p>El\u0151dei val\u00f3sz\u00edn\u0171leg a k\u00f6z\u00e9pkori telep\u00fcl\u00e9sek azon f\u00fcves\u00edtett, elz\u00e1rt ter\u00fcletei voltak, amelyeket az \u00e1llat\u00e1llom\u00e1ny kommun\u00e1lis legeltet\u00e9s\u00e9re haszn\u00e1ltak, \u00e9s amelyek szerepe a mez\u0151gazdas\u00e1gilag m\u0171velt ter\u00fcletekt\u0151l \u00e9lesen elk\u00fcl\u00f6n\u00fclt. A \u201cgyep\u201d sz\u00f3 angol megfelel\u0151je, a lawn val\u00f3sz\u00edn\u0171leg a kelta-birton laun sz\u00f3b\u00f3l sz\u00e1rmazik, melynek jelent\u00e9se elz\u00e1rt ter\u00fclet.<\/p>\n<p>\u00c9szak-Eur\u00f3p\u00e1ban a k\u00f6z\u00e9pkor ut\u00e1n a gondozott gyep egyre n\u00e9pszer\u0171bb\u00e9 v\u00e1lt az\u00a0 arisztokr\u00e1cia k\u00f6r\u00e9ben. A korai gyepek sokszor szinte megk\u00fcl\u00f6nb\u00f6ztethetetlenek voltak az egyszer\u0171 legel\u0151kt\u0151l.<\/p>\n<p>Miel\u0151tt az 1830-as \u00e9vekben feltal\u00e1lt\u00e1k volna a korai f\u0171ny\u00edr\u00f3 eszk\u00f6z\u00f6ket a gyepet igen elt\u00e9r\u0151 m\u00f3don gondozt\u00e1k. \u00c1ltal\u00e1ban nagy \u00e9rt\u00e9k\u0171 ingatlanok, h\u00e1zak kieg\u00e9sz\u00edt\u0151i voltak, \u00e9s munkaig\u00e9nyes kasz\u00e1l\u00e1ssal \u00e9s ny\u00edr\u00e1ssal tartott\u00e1k \u0151ket karban. Sok esetben legel\u0151k\u00e9nt is haszn\u00e1lt\u00e1k \u0151ket, \u00e9s az \u00e1llat\u00e1llom\u00e1nyt is bevont\u00e1k gondoz\u00e1sukba.<\/p>","protected":false},"featured_media":21019,"template":"","meta":{"_et_pb_use_builder":"","_et_pb_old_content":"","_et_gb_content_width":""},"product_brand":[],"product_cat":[5013,1283],"product_tag":[1284,1285,5014,5120],"class_list":{"0":"post-3218","1":"product","2":"type-product","3":"status-publish","4":"has-post-thumbnail","6":"product_cat-agro-largo-fumag","7":"product_cat-fumagok-fumagkeverekek","8":"product_tag-fumag","9":"product_tag-gyep","10":"product_tag-kentaur","11":"product_tag-szarazsagturo-fumag","13":"first","14":"instock","15":"shipping-taxable","16":"purchasable","17":"product-type-simple"},"yoast_head":"<!-- This site is optimized with the Yoast SEO plugin v27.4 - https:\/\/yoast.com\/product\/yoast-seo-wordpress\/ -->\n<title>Kentaur F\u0171magkever\u00e9k 1 kg Agro-Largo - T\u00e1jkert\u00e9sz<\/title>\n<meta name=\"description\" content=\"Agro-Largo Kentaur F\u0171magkever\u00e9k 1 kg Term\u00e9kle\u00edr\u00e1s:\u00a0Sz\u00e1razs\u00e1gt\u0171r\u0151 kever\u00e9k. A kever\u00e9ket alkot\u00f3 fajt\u00e1k kev\u00e9sb\u00e9 v\u00edzig\u00e9nyesek.\" \/>\n<meta name=\"robots\" content=\"index, follow, max-snippet:-1, max-image-preview:large, max-video-preview:-1\" \/>\n<link rel=\"canonical\" href=\"https:\/\/tajkertesz.com\/en_US\/product\/agro-largo-kentaur-fumagkeverek-1-kg\/\" \/>\n<meta property=\"og:locale\" content=\"en_US\" \/>\n<meta property=\"og:type\" content=\"article\" \/>\n<meta property=\"og:title\" content=\"Kentaur F\u0171magkever\u00e9k 1 kg Agro-Largo - T\u00e1jkert\u00e9sz\" \/>\n<meta property=\"og:description\" content=\"Agro-Largo Kentaur F\u0171magkever\u00e9k 1 kg Term\u00e9kle\u00edr\u00e1s:\u00a0Sz\u00e1razs\u00e1gt\u0171r\u0151 kever\u00e9k. A kever\u00e9ket alkot\u00f3 fajt\u00e1k kev\u00e9sb\u00e9 v\u00edzig\u00e9nyesek.\" \/>\n<meta property=\"og:url\" content=\"https:\/\/tajkertesz.com\/en_US\/product\/agro-largo-kentaur-fumagkeverek-1-kg\/\" \/>\n<meta property=\"og:site_name\" content=\"T\u00e1jkert\u00e9sz\" \/>\n<meta property=\"article:publisher\" content=\"https:\/\/www.facebook.com\/Tajkertesz\/\" \/>\n<meta property=\"article:modified_time\" content=\"2026-03-18T12:16:26+00:00\" \/>\n<meta property=\"og:image\" content=\"https:\/\/tajkertesz.com\/wp-content\/uploads\/2021\/04\/Agro-Largo-Magic-Garden-Kentaur-fumagkeverek-1-kg.jpg\" \/>\n\t<meta property=\"og:image:width\" content=\"1000\" \/>\n\t<meta property=\"og:image:height\" content=\"1000\" \/>\n\t<meta property=\"og:image:type\" content=\"image\/jpeg\" \/>\n<meta name=\"twitter:card\" content=\"summary_large_image\" \/>\n<meta name=\"twitter:label1\" content=\"Est. reading time\" \/>\n\t<meta name=\"twitter:data1\" content=\"3 minutes\" \/>\n<script type=\"application\/ld+json\" class=\"yoast-schema-graph\">{\"@context\":\"https:\\\/\\\/schema.org\",\"@graph\":[{\"@type\":\"WebPage\",\"@id\":\"https:\\\/\\\/tajkertesz.com\\\/termek\\\/agro-largo-kentaur-fumagkeverek-1-kg\\\/\",\"url\":\"https:\\\/\\\/tajkertesz.com\\\/termek\\\/agro-largo-kentaur-fumagkeverek-1-kg\\\/\",\"name\":\"Kentaur F\u0171magkever\u00e9k 1 kg Agro-Largo - T\u00e1jkert\u00e9sz\",\"isPartOf\":{\"@id\":\"https:\\\/\\\/tajkertesz.com\\\/#website\"},\"primaryImageOfPage\":{\"@id\":\"https:\\\/\\\/tajkertesz.com\\\/termek\\\/agro-largo-kentaur-fumagkeverek-1-kg\\\/#primaryimage\"},\"image\":{\"@id\":\"https:\\\/\\\/tajkertesz.com\\\/termek\\\/agro-largo-kentaur-fumagkeverek-1-kg\\\/#primaryimage\"},\"thumbnailUrl\":\"https:\\\/\\\/tajkertesz.com\\\/wp-content\\\/uploads\\\/2021\\\/04\\\/Agro-Largo-Magic-Garden-Kentaur-fumagkeverek-1-kg.jpg\",\"datePublished\":\"2021-04-06T11:18:46+00:00\",\"dateModified\":\"2026-03-18T12:16:26+00:00\",\"description\":\"Agro-Largo Kentaur F\u0171magkever\u00e9k 1 kg Term\u00e9kle\u00edr\u00e1s:\u00a0Sz\u00e1razs\u00e1gt\u0171r\u0151 kever\u00e9k. A kever\u00e9ket alkot\u00f3 fajt\u00e1k kev\u00e9sb\u00e9 v\u00edzig\u00e9nyesek.\",\"breadcrumb\":{\"@id\":\"https:\\\/\\\/tajkertesz.com\\\/termek\\\/agro-largo-kentaur-fumagkeverek-1-kg\\\/#breadcrumb\"},\"inLanguage\":\"en-US\",\"potentialAction\":[{\"@type\":\"ReadAction\",\"target\":[\"https:\\\/\\\/tajkertesz.com\\\/termek\\\/agro-largo-kentaur-fumagkeverek-1-kg\\\/\"]}]},{\"@type\":\"ImageObject\",\"inLanguage\":\"en-US\",\"@id\":\"https:\\\/\\\/tajkertesz.com\\\/termek\\\/agro-largo-kentaur-fumagkeverek-1-kg\\\/#primaryimage\",\"url\":\"https:\\\/\\\/tajkertesz.com\\\/wp-content\\\/uploads\\\/2021\\\/04\\\/Agro-Largo-Magic-Garden-Kentaur-fumagkeverek-1-kg.jpg\",\"contentUrl\":\"https:\\\/\\\/tajkertesz.com\\\/wp-content\\\/uploads\\\/2021\\\/04\\\/Agro-Largo-Magic-Garden-Kentaur-fumagkeverek-1-kg.jpg\",\"width\":1000,\"height\":1000,\"caption\":\"Kentaur f\u0171magkever\u00e9k sz\u00e1razs\u00e1gt\u0171r\u0151 1kg\"},{\"@type\":\"BreadcrumbList\",\"@id\":\"https:\\\/\\\/tajkertesz.com\\\/termek\\\/agro-largo-kentaur-fumagkeverek-1-kg\\\/#breadcrumb\",\"itemListElement\":[{\"@type\":\"ListItem\",\"position\":1,\"name\":\"Home\",\"item\":\"https:\\\/\\\/tajkertesz.com\\\/\"},{\"@type\":\"ListItem\",\"position\":2,\"name\":\"Kezd\u0151lap\",\"item\":\"https:\\\/\\\/tajkertesz.com\\\/\"},{\"@type\":\"ListItem\",\"position\":3,\"name\":\"Kentaur F\u0171magkever\u00e9k 1 kg Agro-Largo\"}]},{\"@type\":\"WebSite\",\"@id\":\"https:\\\/\\\/tajkertesz.com\\\/#website\",\"url\":\"https:\\\/\\\/tajkertesz.com\\\/\",\"name\":\"T\u00e1j-Kert\u00e9sz 84 Kft.\",\"description\":\"Kert\u00e9szeti kis- \u00e9s nagykeresked\u00e9s, D\u00edszn\u00f6v\u00e9ny web\u00e1ruh\u00e1z orsz\u00e1gos h\u00e1zhozsz\u00e1ll\u00edt\u00e1ssal!\",\"publisher\":{\"@id\":\"https:\\\/\\\/tajkertesz.com\\\/#organization\"},\"potentialAction\":[{\"@type\":\"SearchAction\",\"target\":{\"@type\":\"EntryPoint\",\"urlTemplate\":\"https:\\\/\\\/tajkertesz.com\\\/?s={search_term_string}\"},\"query-input\":{\"@type\":\"PropertyValueSpecification\",\"valueRequired\":true,\"valueName\":\"search_term_string\"}}],\"inLanguage\":\"en-US\"},{\"@type\":\"Organization\",\"@id\":\"https:\\\/\\\/tajkertesz.com\\\/#organization\",\"name\":\"T\u00e1j-Kert\u00e9sz 84 Kft.\",\"url\":\"https:\\\/\\\/tajkertesz.com\\\/\",\"logo\":{\"@type\":\"ImageObject\",\"inLanguage\":\"en-US\",\"@id\":\"https:\\\/\\\/tajkertesz.com\\\/#\\\/schema\\\/logo\\\/image\\\/\",\"url\":\"https:\\\/\\\/tajkertesz.com\\\/wp-content\\\/uploads\\\/2018\\\/02\\\/logo-2-e1518678052539.png\",\"contentUrl\":\"https:\\\/\\\/tajkertesz.com\\\/wp-content\\\/uploads\\\/2018\\\/02\\\/logo-2-e1518678052539.png\",\"width\":81,\"height\":140,\"caption\":\"T\u00e1j-Kert\u00e9sz 84 Kft.\"},\"image\":{\"@id\":\"https:\\\/\\\/tajkertesz.com\\\/#\\\/schema\\\/logo\\\/image\\\/\"},\"sameAs\":[\"https:\\\/\\\/www.facebook.com\\\/Tajkertesz\\\/\"]}]}<\/script>\n<!-- \/ Yoast SEO plugin. -->","yoast_head_json":{"title":"Kentaur F\u0171magkever\u00e9k 1 kg Agro-Largo - T\u00e1jkert\u00e9sz","description":"Agro-Largo Kentaur F\u0171magkever\u00e9k 1 kg Term\u00e9kle\u00edr\u00e1s:\u00a0Sz\u00e1razs\u00e1gt\u0171r\u0151 kever\u00e9k. A kever\u00e9ket alkot\u00f3 fajt\u00e1k kev\u00e9sb\u00e9 v\u00edzig\u00e9nyesek.","robots":{"index":"index","follow":"follow","max-snippet":"max-snippet:-1","max-image-preview":"max-image-preview:large","max-video-preview":"max-video-preview:-1"},"canonical":"https:\/\/tajkertesz.com\/en_US\/product\/agro-largo-kentaur-fumagkeverek-1-kg\/","og_locale":"en_US","og_type":"article","og_title":"Kentaur F\u0171magkever\u00e9k 1 kg Agro-Largo - T\u00e1jkert\u00e9sz","og_description":"Agro-Largo Kentaur F\u0171magkever\u00e9k 1 kg Term\u00e9kle\u00edr\u00e1s:\u00a0Sz\u00e1razs\u00e1gt\u0171r\u0151 kever\u00e9k. A kever\u00e9ket alkot\u00f3 fajt\u00e1k kev\u00e9sb\u00e9 v\u00edzig\u00e9nyesek.","og_url":"https:\/\/tajkertesz.com\/en_US\/product\/agro-largo-kentaur-fumagkeverek-1-kg\/","og_site_name":"T\u00e1jkert\u00e9sz","article_publisher":"https:\/\/www.facebook.com\/Tajkertesz\/","article_modified_time":"2026-03-18T12:16:26+00:00","og_image":[{"width":1000,"height":1000,"url":"https:\/\/tajkertesz.com\/wp-content\/uploads\/2021\/04\/Agro-Largo-Magic-Garden-Kentaur-fumagkeverek-1-kg.jpg","type":"image\/jpeg"}],"twitter_card":"summary_large_image","twitter_misc":{"Est. reading time":"3 minutes"},"schema":{"@context":"https:\/\/schema.org","@graph":[{"@type":"WebPage","@id":"https:\/\/tajkertesz.com\/termek\/agro-largo-kentaur-fumagkeverek-1-kg\/","url":"https:\/\/tajkertesz.com\/termek\/agro-largo-kentaur-fumagkeverek-1-kg\/","name":"Kentaur F\u0171magkever\u00e9k 1 kg Agro-Largo - T\u00e1jkert\u00e9sz","isPartOf":{"@id":"https:\/\/tajkertesz.com\/#website"},"primaryImageOfPage":{"@id":"https:\/\/tajkertesz.com\/termek\/agro-largo-kentaur-fumagkeverek-1-kg\/#primaryimage"},"image":{"@id":"https:\/\/tajkertesz.com\/termek\/agro-largo-kentaur-fumagkeverek-1-kg\/#primaryimage"},"thumbnailUrl":"https:\/\/tajkertesz.com\/wp-content\/uploads\/2021\/04\/Agro-Largo-Magic-Garden-Kentaur-fumagkeverek-1-kg.jpg","datePublished":"2021-04-06T11:18:46+00:00","dateModified":"2026-03-18T12:16:26+00:00","description":"Agro-Largo Kentaur F\u0171magkever\u00e9k 1 kg Term\u00e9kle\u00edr\u00e1s:\u00a0Sz\u00e1razs\u00e1gt\u0171r\u0151 kever\u00e9k. A kever\u00e9ket alkot\u00f3 fajt\u00e1k kev\u00e9sb\u00e9 v\u00edzig\u00e9nyesek.","breadcrumb":{"@id":"https:\/\/tajkertesz.com\/termek\/agro-largo-kentaur-fumagkeverek-1-kg\/#breadcrumb"},"inLanguage":"en-US","potentialAction":[{"@type":"ReadAction","target":["https:\/\/tajkertesz.com\/termek\/agro-largo-kentaur-fumagkeverek-1-kg\/"]}]},{"@type":"ImageObject","inLanguage":"en-US","@id":"https:\/\/tajkertesz.com\/termek\/agro-largo-kentaur-fumagkeverek-1-kg\/#primaryimage","url":"https:\/\/tajkertesz.com\/wp-content\/uploads\/2021\/04\/Agro-Largo-Magic-Garden-Kentaur-fumagkeverek-1-kg.jpg","contentUrl":"https:\/\/tajkertesz.com\/wp-content\/uploads\/2021\/04\/Agro-Largo-Magic-Garden-Kentaur-fumagkeverek-1-kg.jpg","width":1000,"height":1000,"caption":"Kentaur f\u0171magkever\u00e9k sz\u00e1razs\u00e1gt\u0171r\u0151 1kg"},{"@type":"BreadcrumbList","@id":"https:\/\/tajkertesz.com\/termek\/agro-largo-kentaur-fumagkeverek-1-kg\/#breadcrumb","itemListElement":[{"@type":"ListItem","position":1,"name":"Home","item":"https:\/\/tajkertesz.com\/"},{"@type":"ListItem","position":2,"name":"Kezd\u0151lap","item":"https:\/\/tajkertesz.com\/"},{"@type":"ListItem","position":3,"name":"Kentaur F\u0171magkever\u00e9k 1 kg Agro-Largo"}]},{"@type":"WebSite","@id":"https:\/\/tajkertesz.com\/#website","url":"https:\/\/tajkertesz.com\/","name":"T\u00e1j-Kert\u00e9sz 84 Kft.","description":"Kert\u00e9szeti kis- \u00e9s nagykeresked\u00e9s, D\u00edszn\u00f6v\u00e9ny web\u00e1ruh\u00e1z orsz\u00e1gos h\u00e1zhozsz\u00e1ll\u00edt\u00e1ssal!","publisher":{"@id":"https:\/\/tajkertesz.com\/#organization"},"potentialAction":[{"@type":"SearchAction","target":{"@type":"EntryPoint","urlTemplate":"https:\/\/tajkertesz.com\/?s={search_term_string}"},"query-input":{"@type":"PropertyValueSpecification","valueRequired":true,"valueName":"search_term_string"}}],"inLanguage":"en-US"},{"@type":"Organization","@id":"https:\/\/tajkertesz.com\/#organization","name":"T\u00e1j-Kert\u00e9sz 84 Kft.","url":"https:\/\/tajkertesz.com\/","logo":{"@type":"ImageObject","inLanguage":"en-US","@id":"https:\/\/tajkertesz.com\/#\/schema\/logo\/image\/","url":"https:\/\/tajkertesz.com\/wp-content\/uploads\/2018\/02\/logo-2-e1518678052539.png","contentUrl":"https:\/\/tajkertesz.com\/wp-content\/uploads\/2018\/02\/logo-2-e1518678052539.png","width":81,"height":140,"caption":"T\u00e1j-Kert\u00e9sz 84 Kft."},"image":{"@id":"https:\/\/tajkertesz.com\/#\/schema\/logo\/image\/"},"sameAs":["https:\/\/www.facebook.com\/Tajkertesz\/"]}]}},"_links":{"self":[{"href":"https:\/\/tajkertesz.com\/en_US\/wp-json\/wp\/v2\/product\/3218","targetHints":{"allow":["GET"]}}],"collection":[{"href":"https:\/\/tajkertesz.com\/en_US\/wp-json\/wp\/v2\/product"}],"about":[{"href":"https:\/\/tajkertesz.com\/en_US\/wp-json\/wp\/v2\/types\/product"}],"wp:featuredmedia":[{"embeddable":true,"href":"https:\/\/tajkertesz.com\/en_US\/wp-json\/wp\/v2\/media\/21019"}],"wp:attachment":[{"href":"https:\/\/tajkertesz.com\/en_US\/wp-json\/wp\/v2\/media?parent=3218"}],"wp:term":[{"taxonomy":"product_brand","embeddable":true,"href":"https:\/\/tajkertesz.com\/en_US\/wp-json\/wp\/v2\/product_brand?post=3218"},{"taxonomy":"product_cat","embeddable":true,"href":"https:\/\/tajkertesz.com\/en_US\/wp-json\/wp\/v2\/product_cat?post=3218"},{"taxonomy":"product_tag","embeddable":true,"href":"https:\/\/tajkertesz.com\/en_US\/wp-json\/wp\/v2\/product_tag?post=3218"}],"curies":[{"name":"wp","href":"https:\/\/api.w.org\/{rel}","templated":true}]}}