{"id":3222,"date":"2021-04-06T11:33:56","date_gmt":"2021-04-06T11:33:56","guid":{"rendered":"https:\/\/tajkertesz.com\/?post_type=product&#038;p=3222"},"modified":"2026-02-26T08:49:56","modified_gmt":"2026-02-26T08:49:56","slug":"agro-largo-niagara-pazsit-fumagkeverek-1-kg","status":"publish","type":"product","link":"https:\/\/tajkertesz.com\/en_US\/product\/agro-largo-niagara-pazsit-fumagkeverek-1-kg\/","title":{"rendered":"Agro-Largo- Niagara P\u00e1zsit F\u0171magkever\u00e9k 1 kg"},"content":{"rendered":"<h1>Agro-Largo- Niagara P\u00e1zsit F\u0171magkever\u00e9k 1 kg<\/h1>\n<p>Az Agro-Largo- Niagara P\u00e1zsit F\u0171magkever\u00e9k 1 kg term\u00e9kle\u00edr\u00e1sa: Fajta\u00f6sszet\u00e9tele s\u0171r\u0171 \u00e1llom\u00e1nyt biztos\u00edt. Eleg\u00e1ns l\u00e1tv\u00e1nyt ny\u00fajt\u00f3 standard kever\u00e9k. Parkokba \u00e9s kertekbe egyar\u00e1nt aj\u00e1nljuk.<\/p>\n<h2 style=\"font-weight: 400;\">Az Agro-Largo- Niagara P\u00e1zsit F\u0171magkever\u00e9k 1 kg kever\u00e9k \u00f6sszet\u00e9tele:<\/h2>\n<p style=\"font-weight: 400;\">Angol perje 1 (Lolium perenne) 40 %<\/p>\n<p style=\"font-weight: 400;\">Angol perje 2 (Lolium perenne) 20 %<\/p>\n<p style=\"font-weight: 400;\">V\u00f6r\u00f6scsenkesz (Festuca rubra) 40 %<\/p>\n<p style=\"font-weight: 400;\">Kiszerel\u00e9s: 1 kg-os dobozban.<\/p>\n<p><a href=\"https:\/\/hu.wikipedia.org\/wiki\/Gyep\">https:\/\/hu.wikipedia.org\/wiki\/Gyep<\/a><\/p>\n<p><a href=\"https:\/\/tajkertesz.com\/\">https:\/\/tajkertesz.com\/<\/a><\/p>\n<p style=\"font-weight: 400;\">Vet\u0151magsz\u00fcks\u00e9glet: 1 kg f\u0171magkever\u00e9k 33-35 n\u00e9gyzetm\u00e9terre elegend\u0151.<\/p>\n<h3><span id=\"\u00dcltet\u00e9s_\u00e9s_vet\u00e9s\" class=\"mw-headline\">\u00dcltet\u00e9s \u00e9s vet\u00e9s:\u00a0<\/span><\/h3>\n<p>A gyepet (f\u0171magot) \u00e1ltal\u00e1ban tavasszal \u00e9s kora ny\u00e1ron \u00e9s kora \u0151sszel telep\u00edtik, amikor a talaj melegebb, a leveg\u0151 pedig 15-20 Celsius-fok k\u00f6r\u00fcli. A telep\u00edt\u00e9s t\u00f6rt\u00e9nhet gyept\u00e9gl\u00e1k vagy gyepsz\u0151nyeg elhelyez\u00e9s\u00e9vel vagy f\u0171magvet\u00e9ssel, mely m\u00f3dszer a legolcs\u00f3bbak k\u00f6z\u00e9 tartozik, \u00e1m t\u00f6bb id\u0151t vesz ig\u00e9nybe, mire kialakul az igazi \u00f6sszef\u00fcgg\u0151 gyep. A gyepsz\u0151nyeg lefektet\u00e9s\u00e9vel gyakorlatilag \u201ek\u00e9sz\u201d gyepet kapunk, ez m\u00e9rs\u00e9kelt \u00e9ghajlaton szinte b\u00e1rmely \u00e9vszakban elv\u00e9gezhet\u0151, kiv\u00e9ve a forr\u00f3 nyarat. Ez a m\u00f3dszer ugyanakkor dr\u00e1g\u00e1bb, \u00e9s eleinte komolyan oda figyel\u00e9st ig\u00e9nyel az \u00f6nt\u00f6z\u00e9se.<\/p>\n<p>A f\u0171mag elvet\u00e9s\u00e9re els\u0151sorban a tavaszi (m\u00e1rcius v\u00e9ge) \u00e9s \u0151szi (szeptember) id\u0151szak a legalkalmasabb, mivel az id\u0151j\u00e1r\u00e1s ilyenkor viszonylag m\u00e9rs\u00e9kelt, csapad\u00e9kos, a talaj nedvess\u00e9gtartalma is megfelel\u0151, \u00edgy a k\u00f6r\u00fclm\u00e9nyek ide\u00e1lisak a cs\u00edr\u00e1z\u00e1shoz.<\/p>\n<p>Az Agro-Largo\u00a0term\u00e9kcsal\u00e1d a kertekben felmer\u00fcl\u0151 \u00f6sszes ig\u00e9nyt kiel\u00e9g\u00edtik, ez\u00e1ltal az \u00e1ltal\u00e1nos c\u00e9l\u00fa f\u0171kever\u00e9kt\u0151l kezdve, a nagyobb ig\u00e9nybev\u00e9telnek kitett sport gyep l\u00e9tes\u00edt\u00e9s\u00e9re is alkalmasak, ezek mellett \u00e1rny\u00e9kt\u0171r\u0151, sz\u00e1razs\u00e1gt\u0171r\u0151 f\u0171mag kever\u00e9keket is k\u00edn\u00e1lunk.<\/p>\n<p>Term\u00e9keinkhez kaphat\u00f3ak k\u00fcl\u00f6nb\u00f6z\u0151 m\u0171tr\u00e1gy\u00e1k, melyek seg\u00edtenek el\u0151k\u00e9sz\u00edteni , fenntartani a megfelel\u0151 talajmin\u0151s\u00e9get, \u00edgy mindig a legkiv\u00e1l\u00f3bb lesz a gyep min\u0151s\u00e9ge , ak\u00e1rmilyen c\u00e9lra is szeretn\u00e9 haszn\u00e1lni azt.<\/p>\n<h2><span id=\"T\u00f6rt\u00e9nete\" class=\"mw-headline\" style=\"color: #ffffff;\">A gyep t\u00f6rt\u00e9nete<\/span><\/h2>\n<p><span style=\"color: #ffffff;\">El\u0151dei val\u00f3sz\u00edn\u0171leg a k\u00f6z\u00e9pkori telep\u00fcl\u00e9sek azon f\u00fcves\u00edtett, elz\u00e1rt ter\u00fcletei voltak, amelyeket az \u00e1llat\u00e1llom\u00e1ny kommun\u00e1lis legeltet\u00e9s\u00e9re haszn\u00e1ltak, \u00e9s amelyek szerepe a mez\u0151gazdas\u00e1gilag m\u0171velt ter\u00fcletekt\u0151l \u00e9lesen elk\u00fcl\u00f6n\u00fclt. A \u201cgyep\u201d sz\u00f3 angol megfelel\u0151je, a lawn val\u00f3sz\u00edn\u0171leg a kelta-birton laun sz\u00f3b\u00f3l sz\u00e1rmazik, melynek jelent\u00e9se elz\u00e1rt ter\u00fclet.<\/span><\/p>\n<p><span style=\"color: #ffffff;\">\u00c9szak-Eur\u00f3p\u00e1ban a k\u00f6z\u00e9pkor ut\u00e1n a gondozott gyep egyre n\u00e9pszer\u0171bb\u00e9 v\u00e1lt az\u00a0 arisztokr\u00e1cia k\u00f6r\u00e9ben. A korai gyepek sokszor szinte megk\u00fcl\u00f6nb\u00f6ztethetetlenek voltak az egyszer\u0171 legel\u0151kt\u0151l.<\/span><\/p>\n<p><span style=\"color: #ffffff;\">Miel\u0151tt az 1830-as \u00e9vekben feltal\u00e1lt\u00e1k volna a korai f\u0171ny\u00edr\u00f3 eszk\u00f6z\u00f6ket a gyepet igen elt\u00e9r\u0151 m\u00f3don gondozt\u00e1k. \u00c1ltal\u00e1ban nagy \u00e9rt\u00e9k\u0171 ingatlanok, h\u00e1zak kieg\u00e9sz\u00edt\u0151i voltak, \u00e9s munkaig\u00e9nyes kasz\u00e1l\u00e1ssal \u00e9s ny\u00edr\u00e1ssal tartott\u00e1k \u0151ket karban. Sok esetben legel\u0151k\u00e9nt is haszn\u00e1lt\u00e1k \u0151ket, \u00e9s az \u00e1llat\u00e1llom\u00e1nyt is bevont\u00e1k gondoz\u00e1sukba.<\/span><\/p>","protected":false},"excerpt":{"rendered":"<p>Agro-Largo- Niagara P\u00e1zsit F\u0171magkever\u00e9k 1 kg term\u00e9kle\u00edr\u00e1sa:<\/p>\n<p style=\"font-weight: 400;\">Fajta\u00f6sszet\u00e9tele s\u0171r\u0171 \u00e1llom\u00e1nyt biztos\u00edt. Eleg\u00e1ns l\u00e1tv\u00e1nyt ny\u00fajt\u00f3 standard kever\u00e9k. Parkokba \u00e9s kertekbe egyar\u00e1nt aj\u00e1nljuk.<\/p>\n<p style=\"font-weight: 400;\">A kever\u00e9k \u00f6sszet\u00e9tele:<\/p>\n<p style=\"font-weight: 400;\">Angol perje 1 (Lolium perenne) 40 %<\/p>\n<p style=\"font-weight: 400;\">Angol perje 2 (Lolium perenne) 20 %<\/p>\n<p style=\"font-weight: 400;\">V\u00f6r\u00f6scsenkesz (Festuca rubra) 40 %<\/p>\n<p style=\"font-weight: 400;\">Kiszerel\u00e9s: 1 kg-os dobozban.<\/p>","protected":false},"featured_media":3223,"template":"","meta":{"_et_pb_use_builder":"","_et_pb_old_content":"","_et_gb_content_width":""},"product_brand":[],"product_cat":[5013],"product_tag":[1284,1285],"class_list":{"0":"post-3222","1":"product","2":"type-product","3":"status-publish","4":"has-post-thumbnail","6":"product_cat-agro-largo-fumag","7":"product_tag-fumag","8":"product_tag-gyep","10":"first","11":"instock","12":"shipping-taxable","13":"purchasable","14":"product-type-simple"},"yoast_head":"<!-- This site is optimized with the Yoast SEO plugin v27.5 - https:\/\/yoast.com\/product\/yoast-seo-wordpress\/ -->\n<title>Agro-Largo- Niagara P\u00e1zsit F\u0171magkever\u00e9k 1 kg - T\u00e1jkert\u00e9sz<\/title>\n<meta name=\"description\" content=\"Agro-Largo- Niagara P\u00e1zsit F\u0171magkever\u00e9k 1 kg term\u00e9kle\u00edr\u00e1sa Fajta\u00f6sszet\u00e9tele s\u0171r\u0171 \u00e1llom\u00e1nyt biztos\u00edt. Eleg\u00e1ns l\u00e1tv\u00e1nyt ny\u00fajt\" \/>\n<meta name=\"robots\" content=\"index, follow, max-snippet:-1, max-image-preview:large, max-video-preview:-1\" \/>\n<link rel=\"canonical\" href=\"https:\/\/tajkertesz.com\/en_US\/product\/agro-largo-niagara-pazsit-fumagkeverek-1-kg\/\" \/>\n<meta property=\"og:locale\" content=\"en_US\" \/>\n<meta property=\"og:type\" content=\"article\" \/>\n<meta property=\"og:title\" content=\"Agro-Largo- Niagara P\u00e1zsit F\u0171magkever\u00e9k 1 kg - T\u00e1jkert\u00e9sz\" \/>\n<meta property=\"og:description\" content=\"Agro-Largo- Niagara P\u00e1zsit F\u0171magkever\u00e9k 1 kg term\u00e9kle\u00edr\u00e1sa Fajta\u00f6sszet\u00e9tele s\u0171r\u0171 \u00e1llom\u00e1nyt biztos\u00edt. Eleg\u00e1ns l\u00e1tv\u00e1nyt ny\u00fajt\" \/>\n<meta property=\"og:url\" content=\"https:\/\/tajkertesz.com\/en_US\/product\/agro-largo-niagara-pazsit-fumagkeverek-1-kg\/\" \/>\n<meta property=\"og:site_name\" content=\"T\u00e1jkert\u00e9sz\" \/>\n<meta property=\"article:publisher\" content=\"https:\/\/www.facebook.com\/Tajkertesz\/\" \/>\n<meta property=\"article:modified_time\" content=\"2026-02-26T08:49:56+00:00\" \/>\n<meta property=\"og:image\" content=\"https:\/\/tajkertesz.com\/wp-content\/uploads\/2021\/04\/magic-garden-niagara-pazsit-fumagkeverek-agro-largo-370x370-1.jpg\" \/>\n\t<meta property=\"og:image:width\" content=\"370\" \/>\n\t<meta property=\"og:image:height\" content=\"370\" \/>\n\t<meta property=\"og:image:type\" content=\"image\/jpeg\" \/>\n<meta name=\"twitter:card\" content=\"summary_large_image\" \/>\n<meta name=\"twitter:label1\" content=\"Est. reading time\" \/>\n\t<meta name=\"twitter:data1\" content=\"3 minutes\" \/>\n<script type=\"application\/ld+json\" class=\"yoast-schema-graph\">{\"@context\":\"https:\\\/\\\/schema.org\",\"@graph\":[{\"@type\":\"WebPage\",\"@id\":\"https:\\\/\\\/tajkertesz.com\\\/termek\\\/agro-largo-niagara-pazsit-fumagkeverek-1-kg\\\/\",\"url\":\"https:\\\/\\\/tajkertesz.com\\\/termek\\\/agro-largo-niagara-pazsit-fumagkeverek-1-kg\\\/\",\"name\":\"Agro-Largo- Niagara P\u00e1zsit F\u0171magkever\u00e9k 1 kg - T\u00e1jkert\u00e9sz\",\"isPartOf\":{\"@id\":\"https:\\\/\\\/tajkertesz.com\\\/#website\"},\"primaryImageOfPage\":{\"@id\":\"https:\\\/\\\/tajkertesz.com\\\/termek\\\/agro-largo-niagara-pazsit-fumagkeverek-1-kg\\\/#primaryimage\"},\"image\":{\"@id\":\"https:\\\/\\\/tajkertesz.com\\\/termek\\\/agro-largo-niagara-pazsit-fumagkeverek-1-kg\\\/#primaryimage\"},\"thumbnailUrl\":\"https:\\\/\\\/tajkertesz.com\\\/wp-content\\\/uploads\\\/2021\\\/04\\\/magic-garden-niagara-pazsit-fumagkeverek-agro-largo-370x370-1.jpg\",\"datePublished\":\"2021-04-06T11:33:56+00:00\",\"dateModified\":\"2026-02-26T08:49:56+00:00\",\"description\":\"Agro-Largo- Niagara P\u00e1zsit F\u0171magkever\u00e9k 1 kg term\u00e9kle\u00edr\u00e1sa Fajta\u00f6sszet\u00e9tele s\u0171r\u0171 \u00e1llom\u00e1nyt biztos\u00edt. Eleg\u00e1ns l\u00e1tv\u00e1nyt ny\u00fajt\",\"breadcrumb\":{\"@id\":\"https:\\\/\\\/tajkertesz.com\\\/termek\\\/agro-largo-niagara-pazsit-fumagkeverek-1-kg\\\/#breadcrumb\"},\"inLanguage\":\"en-US\",\"potentialAction\":[{\"@type\":\"ReadAction\",\"target\":[\"https:\\\/\\\/tajkertesz.com\\\/termek\\\/agro-largo-niagara-pazsit-fumagkeverek-1-kg\\\/\"]}]},{\"@type\":\"ImageObject\",\"inLanguage\":\"en-US\",\"@id\":\"https:\\\/\\\/tajkertesz.com\\\/termek\\\/agro-largo-niagara-pazsit-fumagkeverek-1-kg\\\/#primaryimage\",\"url\":\"https:\\\/\\\/tajkertesz.com\\\/wp-content\\\/uploads\\\/2021\\\/04\\\/magic-garden-niagara-pazsit-fumagkeverek-agro-largo-370x370-1.jpg\",\"contentUrl\":\"https:\\\/\\\/tajkertesz.com\\\/wp-content\\\/uploads\\\/2021\\\/04\\\/magic-garden-niagara-pazsit-fumagkeverek-agro-largo-370x370-1.jpg\",\"width\":370,\"height\":370,\"caption\":\"Niagara p\u00e1zsitkever\u00e9k 1kg\"},{\"@type\":\"BreadcrumbList\",\"@id\":\"https:\\\/\\\/tajkertesz.com\\\/termek\\\/agro-largo-niagara-pazsit-fumagkeverek-1-kg\\\/#breadcrumb\",\"itemListElement\":[{\"@type\":\"ListItem\",\"position\":1,\"name\":\"Home\",\"item\":\"https:\\\/\\\/tajkertesz.com\\\/\"},{\"@type\":\"ListItem\",\"position\":2,\"name\":\"Kezd\u0151lap\",\"item\":\"https:\\\/\\\/tajkertesz.com\\\/\"},{\"@type\":\"ListItem\",\"position\":3,\"name\":\"Agro-Largo- Niagara P\u00e1zsit F\u0171magkever\u00e9k 1 kg\"}]},{\"@type\":\"WebSite\",\"@id\":\"https:\\\/\\\/tajkertesz.com\\\/#website\",\"url\":\"https:\\\/\\\/tajkertesz.com\\\/\",\"name\":\"T\u00e1j-Kert\u00e9sz 84 Kft.\",\"description\":\"Kert\u00e9szeti kis- \u00e9s nagykeresked\u00e9s, D\u00edszn\u00f6v\u00e9ny web\u00e1ruh\u00e1z orsz\u00e1gos h\u00e1zhozsz\u00e1ll\u00edt\u00e1ssal!\",\"publisher\":{\"@id\":\"https:\\\/\\\/tajkertesz.com\\\/#organization\"},\"potentialAction\":[{\"@type\":\"SearchAction\",\"target\":{\"@type\":\"EntryPoint\",\"urlTemplate\":\"https:\\\/\\\/tajkertesz.com\\\/?s={search_term_string}\"},\"query-input\":{\"@type\":\"PropertyValueSpecification\",\"valueRequired\":true,\"valueName\":\"search_term_string\"}}],\"inLanguage\":\"en-US\"},{\"@type\":\"Organization\",\"@id\":\"https:\\\/\\\/tajkertesz.com\\\/#organization\",\"name\":\"T\u00e1j-Kert\u00e9sz 84 Kft.\",\"url\":\"https:\\\/\\\/tajkertesz.com\\\/\",\"logo\":{\"@type\":\"ImageObject\",\"inLanguage\":\"en-US\",\"@id\":\"https:\\\/\\\/tajkertesz.com\\\/#\\\/schema\\\/logo\\\/image\\\/\",\"url\":\"https:\\\/\\\/tajkertesz.com\\\/wp-content\\\/uploads\\\/2018\\\/02\\\/logo-2-e1518678052539.png\",\"contentUrl\":\"https:\\\/\\\/tajkertesz.com\\\/wp-content\\\/uploads\\\/2018\\\/02\\\/logo-2-e1518678052539.png\",\"width\":81,\"height\":140,\"caption\":\"T\u00e1j-Kert\u00e9sz 84 Kft.\"},\"image\":{\"@id\":\"https:\\\/\\\/tajkertesz.com\\\/#\\\/schema\\\/logo\\\/image\\\/\"},\"sameAs\":[\"https:\\\/\\\/www.facebook.com\\\/Tajkertesz\\\/\"]}]}<\/script>\n<!-- \/ Yoast SEO plugin. -->","yoast_head_json":{"title":"Agro-Largo- Niagara P\u00e1zsit F\u0171magkever\u00e9k 1 kg - T\u00e1jkert\u00e9sz","description":"Agro-Largo- Niagara P\u00e1zsit F\u0171magkever\u00e9k 1 kg term\u00e9kle\u00edr\u00e1sa Fajta\u00f6sszet\u00e9tele s\u0171r\u0171 \u00e1llom\u00e1nyt biztos\u00edt. Eleg\u00e1ns l\u00e1tv\u00e1nyt ny\u00fajt","robots":{"index":"index","follow":"follow","max-snippet":"max-snippet:-1","max-image-preview":"max-image-preview:large","max-video-preview":"max-video-preview:-1"},"canonical":"https:\/\/tajkertesz.com\/en_US\/product\/agro-largo-niagara-pazsit-fumagkeverek-1-kg\/","og_locale":"en_US","og_type":"article","og_title":"Agro-Largo- Niagara P\u00e1zsit F\u0171magkever\u00e9k 1 kg - T\u00e1jkert\u00e9sz","og_description":"Agro-Largo- Niagara P\u00e1zsit F\u0171magkever\u00e9k 1 kg term\u00e9kle\u00edr\u00e1sa Fajta\u00f6sszet\u00e9tele s\u0171r\u0171 \u00e1llom\u00e1nyt biztos\u00edt. Eleg\u00e1ns l\u00e1tv\u00e1nyt ny\u00fajt","og_url":"https:\/\/tajkertesz.com\/en_US\/product\/agro-largo-niagara-pazsit-fumagkeverek-1-kg\/","og_site_name":"T\u00e1jkert\u00e9sz","article_publisher":"https:\/\/www.facebook.com\/Tajkertesz\/","article_modified_time":"2026-02-26T08:49:56+00:00","og_image":[{"width":370,"height":370,"url":"https:\/\/tajkertesz.com\/wp-content\/uploads\/2021\/04\/magic-garden-niagara-pazsit-fumagkeverek-agro-largo-370x370-1.jpg","type":"image\/jpeg"}],"twitter_card":"summary_large_image","twitter_misc":{"Est. reading time":"3 minutes"},"schema":{"@context":"https:\/\/schema.org","@graph":[{"@type":"WebPage","@id":"https:\/\/tajkertesz.com\/termek\/agro-largo-niagara-pazsit-fumagkeverek-1-kg\/","url":"https:\/\/tajkertesz.com\/termek\/agro-largo-niagara-pazsit-fumagkeverek-1-kg\/","name":"Agro-Largo- Niagara P\u00e1zsit F\u0171magkever\u00e9k 1 kg - T\u00e1jkert\u00e9sz","isPartOf":{"@id":"https:\/\/tajkertesz.com\/#website"},"primaryImageOfPage":{"@id":"https:\/\/tajkertesz.com\/termek\/agro-largo-niagara-pazsit-fumagkeverek-1-kg\/#primaryimage"},"image":{"@id":"https:\/\/tajkertesz.com\/termek\/agro-largo-niagara-pazsit-fumagkeverek-1-kg\/#primaryimage"},"thumbnailUrl":"https:\/\/tajkertesz.com\/wp-content\/uploads\/2021\/04\/magic-garden-niagara-pazsit-fumagkeverek-agro-largo-370x370-1.jpg","datePublished":"2021-04-06T11:33:56+00:00","dateModified":"2026-02-26T08:49:56+00:00","description":"Agro-Largo- Niagara P\u00e1zsit F\u0171magkever\u00e9k 1 kg term\u00e9kle\u00edr\u00e1sa Fajta\u00f6sszet\u00e9tele s\u0171r\u0171 \u00e1llom\u00e1nyt biztos\u00edt. Eleg\u00e1ns l\u00e1tv\u00e1nyt ny\u00fajt","breadcrumb":{"@id":"https:\/\/tajkertesz.com\/termek\/agro-largo-niagara-pazsit-fumagkeverek-1-kg\/#breadcrumb"},"inLanguage":"en-US","potentialAction":[{"@type":"ReadAction","target":["https:\/\/tajkertesz.com\/termek\/agro-largo-niagara-pazsit-fumagkeverek-1-kg\/"]}]},{"@type":"ImageObject","inLanguage":"en-US","@id":"https:\/\/tajkertesz.com\/termek\/agro-largo-niagara-pazsit-fumagkeverek-1-kg\/#primaryimage","url":"https:\/\/tajkertesz.com\/wp-content\/uploads\/2021\/04\/magic-garden-niagara-pazsit-fumagkeverek-agro-largo-370x370-1.jpg","contentUrl":"https:\/\/tajkertesz.com\/wp-content\/uploads\/2021\/04\/magic-garden-niagara-pazsit-fumagkeverek-agro-largo-370x370-1.jpg","width":370,"height":370,"caption":"Niagara p\u00e1zsitkever\u00e9k 1kg"},{"@type":"BreadcrumbList","@id":"https:\/\/tajkertesz.com\/termek\/agro-largo-niagara-pazsit-fumagkeverek-1-kg\/#breadcrumb","itemListElement":[{"@type":"ListItem","position":1,"name":"Home","item":"https:\/\/tajkertesz.com\/"},{"@type":"ListItem","position":2,"name":"Kezd\u0151lap","item":"https:\/\/tajkertesz.com\/"},{"@type":"ListItem","position":3,"name":"Agro-Largo- Niagara P\u00e1zsit F\u0171magkever\u00e9k 1 kg"}]},{"@type":"WebSite","@id":"https:\/\/tajkertesz.com\/#website","url":"https:\/\/tajkertesz.com\/","name":"T\u00e1j-Kert\u00e9sz 84 Kft.","description":"Kert\u00e9szeti kis- \u00e9s nagykeresked\u00e9s, D\u00edszn\u00f6v\u00e9ny web\u00e1ruh\u00e1z orsz\u00e1gos h\u00e1zhozsz\u00e1ll\u00edt\u00e1ssal!","publisher":{"@id":"https:\/\/tajkertesz.com\/#organization"},"potentialAction":[{"@type":"SearchAction","target":{"@type":"EntryPoint","urlTemplate":"https:\/\/tajkertesz.com\/?s={search_term_string}"},"query-input":{"@type":"PropertyValueSpecification","valueRequired":true,"valueName":"search_term_string"}}],"inLanguage":"en-US"},{"@type":"Organization","@id":"https:\/\/tajkertesz.com\/#organization","name":"T\u00e1j-Kert\u00e9sz 84 Kft.","url":"https:\/\/tajkertesz.com\/","logo":{"@type":"ImageObject","inLanguage":"en-US","@id":"https:\/\/tajkertesz.com\/#\/schema\/logo\/image\/","url":"https:\/\/tajkertesz.com\/wp-content\/uploads\/2018\/02\/logo-2-e1518678052539.png","contentUrl":"https:\/\/tajkertesz.com\/wp-content\/uploads\/2018\/02\/logo-2-e1518678052539.png","width":81,"height":140,"caption":"T\u00e1j-Kert\u00e9sz 84 Kft."},"image":{"@id":"https:\/\/tajkertesz.com\/#\/schema\/logo\/image\/"},"sameAs":["https:\/\/www.facebook.com\/Tajkertesz\/"]}]}},"_links":{"self":[{"href":"https:\/\/tajkertesz.com\/en_US\/wp-json\/wp\/v2\/product\/3222","targetHints":{"allow":["GET"]}}],"collection":[{"href":"https:\/\/tajkertesz.com\/en_US\/wp-json\/wp\/v2\/product"}],"about":[{"href":"https:\/\/tajkertesz.com\/en_US\/wp-json\/wp\/v2\/types\/product"}],"wp:featuredmedia":[{"embeddable":true,"href":"https:\/\/tajkertesz.com\/en_US\/wp-json\/wp\/v2\/media\/3223"}],"wp:attachment":[{"href":"https:\/\/tajkertesz.com\/en_US\/wp-json\/wp\/v2\/media?parent=3222"}],"wp:term":[{"taxonomy":"product_brand","embeddable":true,"href":"https:\/\/tajkertesz.com\/en_US\/wp-json\/wp\/v2\/product_brand?post=3222"},{"taxonomy":"product_cat","embeddable":true,"href":"https:\/\/tajkertesz.com\/en_US\/wp-json\/wp\/v2\/product_cat?post=3222"},{"taxonomy":"product_tag","embeddable":true,"href":"https:\/\/tajkertesz.com\/en_US\/wp-json\/wp\/v2\/product_tag?post=3222"}],"curies":[{"name":"wp","href":"https:\/\/api.w.org\/{rel}","templated":true}]}}