{"id":3234,"date":"2021-04-06T12:05:01","date_gmt":"2021-04-06T12:05:01","guid":{"rendered":"https:\/\/tajkertesz.com\/?post_type=product&#038;p=3234"},"modified":"2026-02-26T08:51:17","modified_gmt":"2026-02-26T08:51:17","slug":"agro-largo-stadion-sport-fumagkeverek-1-kg","status":"publish","type":"product","link":"https:\/\/tajkertesz.com\/en_US\/product\/agro-largo-stadion-sport-fumagkeverek-1-kg\/","title":{"rendered":"Stadion Sport F\u0171magkever\u00e9k 1 kg"},"content":{"rendered":"<h1>Stadion Sport F\u0171magkever\u00e9k 1 kg<\/h1>\n<p>Stadion Sport F\u0171magkever\u00e9k 1 kg rendk\u00edv\u00fcli t\u0171r\u0151k\u00e9pess\u00e9ggel rendelkezik a magas ig\u00e9nybev\u00e9tellel szemben. K\u00e9t fajta, gyorsan cs\u00edr\u00e1z\u00f3 min\u0151s\u00e9gi angolperj\u00e9t tartalmaz. J\u00f3l alkalmazhat\u00f3 l\u00f3verseny p\u00e1ly\u00e1kon, golf \u00e9s sportp\u00e1ly\u00e1kon, valamint j\u00e1tsz\u00f3tereken.<\/p>\n<h2 style=\"font-weight: 400;\">A Stadion Sport f\u0171magkever\u00e9k \u00f6sszet\u00e9tele:<\/h2>\n<p style=\"font-weight: 400;\">Angolperje 1.(Lolium perenne) \u00a0\u00a0\u00a0\u00a0\u00a0\u00a0\u00a0\u00a0\u00a0\u00a0\u00a0\u00a0\u00a0\u00a0\u00a0\u00a0\u00a0\u00a0 30%<\/p>\n<p style=\"font-weight: 400;\">Angolperje 2.(Lolium perenne) \u00a0\u00a0\u00a0\u00a0\u00a0\u00a0\u00a0\u00a0\u00a0\u00a0\u00a0\u00a0\u00a0\u00a0\u00a0\u00a0\u00a0\u00a0 27%<\/p>\n<p style=\"font-weight: 400;\">V\u00f6r\u00f6s csenkesz (Festuca rubra)\u00a0\u00a0\u00a0\u00a0\u00a0\u00a0\u00a0\u00a0\u00a0\u00a0\u00a0\u00a0\u00a0\u00a0\u00a0\u00a0\u00a0\u00a0\u00a0 35%<\/p>\n<p style=\"font-weight: 400;\">R\u00e9ti perje (Poa pratensis)\u00a0\u00a0\u00a0\u00a0\u00a0\u00a0\u00a0\u00a0\u00a0\u00a0\u00a0\u00a0\u00a0\u00a0\u00a0\u00a0\u00a0\u00a0\u00a0\u00a0\u00a0\u00a0\u00a0\u00a0\u00a0\u00a0\u00a0\u00a0\u00a0\u00a0 8%<\/p>\n<p style=\"font-weight: 400;\">Kiszerel\u00e9s: 1 kg-os doboz.<\/p>\n<p style=\"font-weight: 400;\">Vet\u0151magsz\u00fcks\u00e9glet: 1 kg f\u0171magkever\u00e9k 40 n\u00e9gyzetm\u00e9terre elegend\u0151.<\/p>\n<p><a href=\"https:\/\/hu.wikipedia.org\/wiki\/Gyep\">https:\/\/hu.wikipedia.org\/wiki\/Gyep<\/a><\/p>\n<p><a href=\"https:\/\/tajkertesz.com\/\">https:\/\/tajkertesz.com\/<\/a><\/p>\n<h3><span id=\"\u00dcltet\u00e9s_\u00e9s_vet\u00e9s\" class=\"mw-headline\">\u00dcltet\u00e9s \u00e9s vet\u00e9s:\u00a0<\/span><\/h3>\n<p>A gyepet (f\u0171magot) \u00e1ltal\u00e1ban tavasszal \u00e9s kora ny\u00e1ron \u00e9s kora \u0151sszel telep\u00edtik, amikor a talaj melegebb, a leveg\u0151 pedig 15-20 Celsius-fok k\u00f6r\u00fcli. A telep\u00edt\u00e9s t\u00f6rt\u00e9nhet gyept\u00e9gl\u00e1k vagy gyepsz\u0151nyeg elhelyez\u00e9s\u00e9vel vagy f\u0171magvet\u00e9ssel, mely m\u00f3dszer a legolcs\u00f3bbak k\u00f6z\u00e9 tartozik, \u00e1m t\u00f6bb id\u0151t vesz ig\u00e9nybe, mire kialakul az igazi \u00f6sszef\u00fcgg\u0151 gyep. A gyepsz\u0151nyeg lefektet\u00e9s\u00e9vel gyakorlatilag \u201ek\u00e9sz\u201d gyepet kapunk, ez m\u00e9rs\u00e9kelt \u00e9ghajlaton szinte b\u00e1rmely \u00e9vszakban elv\u00e9gezhet\u0151, kiv\u00e9ve a forr\u00f3 nyarat. Ez a m\u00f3dszer ugyanakkor dr\u00e1g\u00e1bb, \u00e9s eleinte komolyan oda figyel\u00e9st ig\u00e9nyel az \u00f6nt\u00f6z\u00e9se.<\/p>\n<p>A f\u0171mag elvet\u00e9s\u00e9re els\u0151sorban a tavaszi (m\u00e1rcius v\u00e9ge) \u00e9s \u0151szi (szeptember) id\u0151szak a legalkalmasabb, mivel az id\u0151j\u00e1r\u00e1s ilyenkor viszonylag m\u00e9rs\u00e9kelt, csapad\u00e9kos, a talaj nedvess\u00e9gtartalma is megfelel\u0151, \u00edgy a k\u00f6r\u00fclm\u00e9nyek ide\u00e1lisak a cs\u00edr\u00e1z\u00e1shoz.<\/p>\n<p>Az Agro-Largo\u00a0term\u00e9kcsal\u00e1d f\u0171kever\u00e9kei finom, v\u00e9kony level\u0171, s\u0171r\u0171 n\u00f6v\u00e9s\u0171, min\u0151s\u00e9gi f\u0171f\u00e9l\u00e9ket tartalmaznak. A gyep rendk\u00edv\u00fcl j\u00f3 alkalmazkod\u00f3 k\u00e9pess\u00e9ggel b\u00edr, professzion\u00e1lis felhaszn\u00e1l\u00e1sra kiv\u00e1l\u00f3an alkalmas.<\/p>\n<p>Term\u00e9keinkhez kaphat\u00f3ak k\u00fcl\u00f6nb\u00f6z\u0151 m\u0171tr\u00e1gy\u00e1k, melyek seg\u00edtenek el\u0151k\u00e9sz\u00edteni , fenntartani a megfelel\u0151 talajmin\u0151s\u00e9get, \u00edgy mindig a legkiv\u00e1l\u00f3bb lesz a gyep min\u0151s\u00e9ge , ak\u00e1rmilyen c\u00e9lra is szeretn\u00e9 haszn\u00e1lni azt.<\/p>\n<p>Gondoltad volna? A sportp\u00e1ly\u00e1k mint\u00e1it \u00e9s cs\u00edkjait ellenkez\u0151 ir\u00e1ny\u00fa ny\u00edr\u00e1ssal \u00e9s hengerel\u00e9ssel \u00e9rhetj\u00fck el. A f\u0171magok fajt\u00e1i k\u00fcl\u00f6nb\u00f6z\u0151 szelekci\u00f3s nemes\u00edt\u00e9sen alapulnak. A fajok k\u00fcl\u00f6nb\u00f6z\u0151 tulajdons\u00e1gai min\u0151s\u00e9gben is elt\u00e9r\u0151ek. Tessedik S\u00e1muel volt az els\u0151 Magyarorsz\u00e1gon, aki Szarvason megkezdte az angolperje nemes\u00edt\u00e9s\u00e9t.<\/p>\n<p><strong>K\u00e9szlet\u00fcnk napi szinten v\u00e1ltozik, ez\u00e9rt k\u00e9rj\u00fck, \u00e9rdekl\u0151dj\u00f6n szem\u00e9lyesen, telefonon vagy email-en.<br \/>\nA v\u00e1ltoztat\u00e1s jog\u00e1t fenntartjuk!\u00a0<\/strong><\/p>\n<p>&nbsp;<\/p>\n<p><a href=\"https:\/\/tajkertesz.com\/\">https:\/\/tajkertesz.com\/<\/a><\/p>\n<p><a href=\"https:\/\/www.facebook.com\/tajkertesz\/\">https:\/\/www.facebook.com\/tajkertesz\/<\/a><\/p>\n<p>Kisz\u00e1ll\u00edt\u00e1s: 200cm-ig \u00a0\u00e9s 40 kg-ig a sz\u00e1ll\u00edt\u00e1s fut\u00e1rszolg\u00e1lattal \u00a0t\u00f6rt\u00e9nik.<\/p>\n<p>Szem\u00e9lyes \u00e1tv\u00e9tel nyitvatart\u00e1si id\u0151ben a 17. ker\u00fclet Bakancsos utca 7. sz\u00e1m alatti Kert\u00e9szeti \u00e1rud\u00e1ban.<\/p>","protected":false},"excerpt":{"rendered":"<h1>Stadion Sport F\u0171magkever\u00e9k 1 kg<\/h1>\n<p>Stadion Sport F\u0171magkever\u00e9k 1 kg rendk\u00edv\u00fcli t\u0171r\u0151k\u00e9pess\u00e9ggel rendelkezik a magas ig\u00e9nybev\u00e9tellel szemben. K\u00e9t fajta, gyorsan cs\u00edr\u00e1z\u00f3 min\u0151s\u00e9gi angolperj\u00e9t tartalmaz. J\u00f3l alkalmazhat\u00f3 l\u00f3verseny p\u00e1ly\u00e1kon, golf \u00e9s sportp\u00e1ly\u00e1kon, valamint j\u00e1tsz\u00f3tereken.<\/p>","protected":false},"featured_media":21021,"template":"","meta":{"_et_pb_use_builder":"","_et_pb_old_content":"","_et_gb_content_width":""},"product_brand":[],"product_cat":[5013],"product_tag":[5015,1284,1285],"class_list":{"0":"post-3234","1":"product","2":"type-product","3":"status-publish","4":"has-post-thumbnail","6":"product_cat-agro-largo-fumag","7":"product_tag-agro-largo","8":"product_tag-fumag","9":"product_tag-gyep","11":"first","12":"instock","13":"shipping-taxable","14":"purchasable","15":"product-type-simple"},"yoast_head":"<!-- This site is optimized with the Yoast SEO plugin v27.4 - https:\/\/yoast.com\/product\/yoast-seo-wordpress\/ -->\n<title>Stadion Sport F\u0171magkever\u00e9k 1 kg - T\u00e1jkert\u00e9sz<\/title>\n<meta name=\"description\" content=\"Stadion Sport F\u0171magkever\u00e9k 1 kg Agro Largo Profi Garden- Stadion Sport F\u0171magkever\u00e9k 1 kg term\u00e9kle\u00edr\u00e1sa:Rendk\u00edv\u00fcli t\u0171r\u0151k\u00e9pess\u00e9gge\" \/>\n<meta name=\"robots\" content=\"index, follow, max-snippet:-1, max-image-preview:large, max-video-preview:-1\" \/>\n<link rel=\"canonical\" href=\"https:\/\/tajkertesz.com\/en_US\/product\/agro-largo-stadion-sport-fumagkeverek-1-kg\/\" \/>\n<meta property=\"og:locale\" content=\"en_US\" \/>\n<meta property=\"og:type\" content=\"article\" \/>\n<meta property=\"og:title\" content=\"Stadion Sport F\u0171magkever\u00e9k 1 kg - T\u00e1jkert\u00e9sz\" \/>\n<meta property=\"og:description\" content=\"Stadion Sport F\u0171magkever\u00e9k 1 kg Agro Largo Profi Garden- Stadion Sport F\u0171magkever\u00e9k 1 kg term\u00e9kle\u00edr\u00e1sa:Rendk\u00edv\u00fcli t\u0171r\u0151k\u00e9pess\u00e9gge\" \/>\n<meta property=\"og:url\" content=\"https:\/\/tajkertesz.com\/en_US\/product\/agro-largo-stadion-sport-fumagkeverek-1-kg\/\" \/>\n<meta property=\"og:site_name\" content=\"T\u00e1jkert\u00e9sz\" \/>\n<meta property=\"article:publisher\" content=\"https:\/\/www.facebook.com\/Tajkertesz\/\" \/>\n<meta property=\"article:modified_time\" content=\"2026-02-26T08:51:17+00:00\" \/>\n<meta property=\"og:image\" content=\"https:\/\/tajkertesz.com\/wp-content\/uploads\/2021\/04\/Agro-Largo-Stadion-Sport-fumagkeverek-1-kg.jpg\" \/>\n\t<meta property=\"og:image:width\" content=\"1000\" \/>\n\t<meta property=\"og:image:height\" content=\"1000\" \/>\n\t<meta property=\"og:image:type\" content=\"image\/jpeg\" \/>\n<meta name=\"twitter:card\" content=\"summary_large_image\" \/>\n<meta name=\"twitter:label1\" content=\"Est. reading time\" \/>\n\t<meta name=\"twitter:data1\" content=\"2 minutes\" \/>\n<script type=\"application\/ld+json\" class=\"yoast-schema-graph\">{\"@context\":\"https:\\\/\\\/schema.org\",\"@graph\":[{\"@type\":\"WebPage\",\"@id\":\"https:\\\/\\\/tajkertesz.com\\\/termek\\\/agro-largo-stadion-sport-fumagkeverek-1-kg\\\/\",\"url\":\"https:\\\/\\\/tajkertesz.com\\\/termek\\\/agro-largo-stadion-sport-fumagkeverek-1-kg\\\/\",\"name\":\"Stadion Sport F\u0171magkever\u00e9k 1 kg - T\u00e1jkert\u00e9sz\",\"isPartOf\":{\"@id\":\"https:\\\/\\\/tajkertesz.com\\\/#website\"},\"primaryImageOfPage\":{\"@id\":\"https:\\\/\\\/tajkertesz.com\\\/termek\\\/agro-largo-stadion-sport-fumagkeverek-1-kg\\\/#primaryimage\"},\"image\":{\"@id\":\"https:\\\/\\\/tajkertesz.com\\\/termek\\\/agro-largo-stadion-sport-fumagkeverek-1-kg\\\/#primaryimage\"},\"thumbnailUrl\":\"https:\\\/\\\/tajkertesz.com\\\/wp-content\\\/uploads\\\/2021\\\/04\\\/Agro-Largo-Stadion-Sport-fumagkeverek-1-kg.jpg\",\"datePublished\":\"2021-04-06T12:05:01+00:00\",\"dateModified\":\"2026-02-26T08:51:17+00:00\",\"description\":\"Stadion Sport F\u0171magkever\u00e9k 1 kg Agro Largo Profi Garden- Stadion Sport F\u0171magkever\u00e9k 1 kg term\u00e9kle\u00edr\u00e1sa:Rendk\u00edv\u00fcli t\u0171r\u0151k\u00e9pess\u00e9gge\",\"breadcrumb\":{\"@id\":\"https:\\\/\\\/tajkertesz.com\\\/termek\\\/agro-largo-stadion-sport-fumagkeverek-1-kg\\\/#breadcrumb\"},\"inLanguage\":\"en-US\",\"potentialAction\":[{\"@type\":\"ReadAction\",\"target\":[\"https:\\\/\\\/tajkertesz.com\\\/termek\\\/agro-largo-stadion-sport-fumagkeverek-1-kg\\\/\"]}]},{\"@type\":\"ImageObject\",\"inLanguage\":\"en-US\",\"@id\":\"https:\\\/\\\/tajkertesz.com\\\/termek\\\/agro-largo-stadion-sport-fumagkeverek-1-kg\\\/#primaryimage\",\"url\":\"https:\\\/\\\/tajkertesz.com\\\/wp-content\\\/uploads\\\/2021\\\/04\\\/Agro-Largo-Stadion-Sport-fumagkeverek-1-kg.jpg\",\"contentUrl\":\"https:\\\/\\\/tajkertesz.com\\\/wp-content\\\/uploads\\\/2021\\\/04\\\/Agro-Largo-Stadion-Sport-fumagkeverek-1-kg.jpg\",\"width\":1000,\"height\":1000},{\"@type\":\"BreadcrumbList\",\"@id\":\"https:\\\/\\\/tajkertesz.com\\\/termek\\\/agro-largo-stadion-sport-fumagkeverek-1-kg\\\/#breadcrumb\",\"itemListElement\":[{\"@type\":\"ListItem\",\"position\":1,\"name\":\"Home\",\"item\":\"https:\\\/\\\/tajkertesz.com\\\/\"},{\"@type\":\"ListItem\",\"position\":2,\"name\":\"Kezd\u0151lap\",\"item\":\"https:\\\/\\\/tajkertesz.com\\\/\"},{\"@type\":\"ListItem\",\"position\":3,\"name\":\"Stadion Sport F\u0171magkever\u00e9k 1 kg\"}]},{\"@type\":\"WebSite\",\"@id\":\"https:\\\/\\\/tajkertesz.com\\\/#website\",\"url\":\"https:\\\/\\\/tajkertesz.com\\\/\",\"name\":\"T\u00e1j-Kert\u00e9sz 84 Kft.\",\"description\":\"Kert\u00e9szeti kis- \u00e9s nagykeresked\u00e9s, D\u00edszn\u00f6v\u00e9ny web\u00e1ruh\u00e1z orsz\u00e1gos h\u00e1zhozsz\u00e1ll\u00edt\u00e1ssal!\",\"publisher\":{\"@id\":\"https:\\\/\\\/tajkertesz.com\\\/#organization\"},\"potentialAction\":[{\"@type\":\"SearchAction\",\"target\":{\"@type\":\"EntryPoint\",\"urlTemplate\":\"https:\\\/\\\/tajkertesz.com\\\/?s={search_term_string}\"},\"query-input\":{\"@type\":\"PropertyValueSpecification\",\"valueRequired\":true,\"valueName\":\"search_term_string\"}}],\"inLanguage\":\"en-US\"},{\"@type\":\"Organization\",\"@id\":\"https:\\\/\\\/tajkertesz.com\\\/#organization\",\"name\":\"T\u00e1j-Kert\u00e9sz 84 Kft.\",\"url\":\"https:\\\/\\\/tajkertesz.com\\\/\",\"logo\":{\"@type\":\"ImageObject\",\"inLanguage\":\"en-US\",\"@id\":\"https:\\\/\\\/tajkertesz.com\\\/#\\\/schema\\\/logo\\\/image\\\/\",\"url\":\"https:\\\/\\\/tajkertesz.com\\\/wp-content\\\/uploads\\\/2018\\\/02\\\/logo-2-e1518678052539.png\",\"contentUrl\":\"https:\\\/\\\/tajkertesz.com\\\/wp-content\\\/uploads\\\/2018\\\/02\\\/logo-2-e1518678052539.png\",\"width\":81,\"height\":140,\"caption\":\"T\u00e1j-Kert\u00e9sz 84 Kft.\"},\"image\":{\"@id\":\"https:\\\/\\\/tajkertesz.com\\\/#\\\/schema\\\/logo\\\/image\\\/\"},\"sameAs\":[\"https:\\\/\\\/www.facebook.com\\\/Tajkertesz\\\/\"]}]}<\/script>\n<!-- \/ Yoast SEO plugin. -->","yoast_head_json":{"title":"Stadion Sport F\u0171magkever\u00e9k 1 kg - T\u00e1jkert\u00e9sz","description":"Stadion Sport F\u0171magkever\u00e9k 1 kg Agro Largo Profi Garden- Stadion Sport F\u0171magkever\u00e9k 1 kg term\u00e9kle\u00edr\u00e1sa:Rendk\u00edv\u00fcli t\u0171r\u0151k\u00e9pess\u00e9gge","robots":{"index":"index","follow":"follow","max-snippet":"max-snippet:-1","max-image-preview":"max-image-preview:large","max-video-preview":"max-video-preview:-1"},"canonical":"https:\/\/tajkertesz.com\/en_US\/product\/agro-largo-stadion-sport-fumagkeverek-1-kg\/","og_locale":"en_US","og_type":"article","og_title":"Stadion Sport F\u0171magkever\u00e9k 1 kg - T\u00e1jkert\u00e9sz","og_description":"Stadion Sport F\u0171magkever\u00e9k 1 kg Agro Largo Profi Garden- Stadion Sport F\u0171magkever\u00e9k 1 kg term\u00e9kle\u00edr\u00e1sa:Rendk\u00edv\u00fcli t\u0171r\u0151k\u00e9pess\u00e9gge","og_url":"https:\/\/tajkertesz.com\/en_US\/product\/agro-largo-stadion-sport-fumagkeverek-1-kg\/","og_site_name":"T\u00e1jkert\u00e9sz","article_publisher":"https:\/\/www.facebook.com\/Tajkertesz\/","article_modified_time":"2026-02-26T08:51:17+00:00","og_image":[{"width":1000,"height":1000,"url":"https:\/\/tajkertesz.com\/wp-content\/uploads\/2021\/04\/Agro-Largo-Stadion-Sport-fumagkeverek-1-kg.jpg","type":"image\/jpeg"}],"twitter_card":"summary_large_image","twitter_misc":{"Est. reading time":"2 minutes"},"schema":{"@context":"https:\/\/schema.org","@graph":[{"@type":"WebPage","@id":"https:\/\/tajkertesz.com\/termek\/agro-largo-stadion-sport-fumagkeverek-1-kg\/","url":"https:\/\/tajkertesz.com\/termek\/agro-largo-stadion-sport-fumagkeverek-1-kg\/","name":"Stadion Sport F\u0171magkever\u00e9k 1 kg - T\u00e1jkert\u00e9sz","isPartOf":{"@id":"https:\/\/tajkertesz.com\/#website"},"primaryImageOfPage":{"@id":"https:\/\/tajkertesz.com\/termek\/agro-largo-stadion-sport-fumagkeverek-1-kg\/#primaryimage"},"image":{"@id":"https:\/\/tajkertesz.com\/termek\/agro-largo-stadion-sport-fumagkeverek-1-kg\/#primaryimage"},"thumbnailUrl":"https:\/\/tajkertesz.com\/wp-content\/uploads\/2021\/04\/Agro-Largo-Stadion-Sport-fumagkeverek-1-kg.jpg","datePublished":"2021-04-06T12:05:01+00:00","dateModified":"2026-02-26T08:51:17+00:00","description":"Stadion Sport F\u0171magkever\u00e9k 1 kg Agro Largo Profi Garden- Stadion Sport F\u0171magkever\u00e9k 1 kg term\u00e9kle\u00edr\u00e1sa:Rendk\u00edv\u00fcli t\u0171r\u0151k\u00e9pess\u00e9gge","breadcrumb":{"@id":"https:\/\/tajkertesz.com\/termek\/agro-largo-stadion-sport-fumagkeverek-1-kg\/#breadcrumb"},"inLanguage":"en-US","potentialAction":[{"@type":"ReadAction","target":["https:\/\/tajkertesz.com\/termek\/agro-largo-stadion-sport-fumagkeverek-1-kg\/"]}]},{"@type":"ImageObject","inLanguage":"en-US","@id":"https:\/\/tajkertesz.com\/termek\/agro-largo-stadion-sport-fumagkeverek-1-kg\/#primaryimage","url":"https:\/\/tajkertesz.com\/wp-content\/uploads\/2021\/04\/Agro-Largo-Stadion-Sport-fumagkeverek-1-kg.jpg","contentUrl":"https:\/\/tajkertesz.com\/wp-content\/uploads\/2021\/04\/Agro-Largo-Stadion-Sport-fumagkeverek-1-kg.jpg","width":1000,"height":1000},{"@type":"BreadcrumbList","@id":"https:\/\/tajkertesz.com\/termek\/agro-largo-stadion-sport-fumagkeverek-1-kg\/#breadcrumb","itemListElement":[{"@type":"ListItem","position":1,"name":"Home","item":"https:\/\/tajkertesz.com\/"},{"@type":"ListItem","position":2,"name":"Kezd\u0151lap","item":"https:\/\/tajkertesz.com\/"},{"@type":"ListItem","position":3,"name":"Stadion Sport F\u0171magkever\u00e9k 1 kg"}]},{"@type":"WebSite","@id":"https:\/\/tajkertesz.com\/#website","url":"https:\/\/tajkertesz.com\/","name":"T\u00e1j-Kert\u00e9sz 84 Kft.","description":"Kert\u00e9szeti kis- \u00e9s nagykeresked\u00e9s, D\u00edszn\u00f6v\u00e9ny web\u00e1ruh\u00e1z orsz\u00e1gos h\u00e1zhozsz\u00e1ll\u00edt\u00e1ssal!","publisher":{"@id":"https:\/\/tajkertesz.com\/#organization"},"potentialAction":[{"@type":"SearchAction","target":{"@type":"EntryPoint","urlTemplate":"https:\/\/tajkertesz.com\/?s={search_term_string}"},"query-input":{"@type":"PropertyValueSpecification","valueRequired":true,"valueName":"search_term_string"}}],"inLanguage":"en-US"},{"@type":"Organization","@id":"https:\/\/tajkertesz.com\/#organization","name":"T\u00e1j-Kert\u00e9sz 84 Kft.","url":"https:\/\/tajkertesz.com\/","logo":{"@type":"ImageObject","inLanguage":"en-US","@id":"https:\/\/tajkertesz.com\/#\/schema\/logo\/image\/","url":"https:\/\/tajkertesz.com\/wp-content\/uploads\/2018\/02\/logo-2-e1518678052539.png","contentUrl":"https:\/\/tajkertesz.com\/wp-content\/uploads\/2018\/02\/logo-2-e1518678052539.png","width":81,"height":140,"caption":"T\u00e1j-Kert\u00e9sz 84 Kft."},"image":{"@id":"https:\/\/tajkertesz.com\/#\/schema\/logo\/image\/"},"sameAs":["https:\/\/www.facebook.com\/Tajkertesz\/"]}]}},"_links":{"self":[{"href":"https:\/\/tajkertesz.com\/en_US\/wp-json\/wp\/v2\/product\/3234","targetHints":{"allow":["GET"]}}],"collection":[{"href":"https:\/\/tajkertesz.com\/en_US\/wp-json\/wp\/v2\/product"}],"about":[{"href":"https:\/\/tajkertesz.com\/en_US\/wp-json\/wp\/v2\/types\/product"}],"wp:featuredmedia":[{"embeddable":true,"href":"https:\/\/tajkertesz.com\/en_US\/wp-json\/wp\/v2\/media\/21021"}],"wp:attachment":[{"href":"https:\/\/tajkertesz.com\/en_US\/wp-json\/wp\/v2\/media?parent=3234"}],"wp:term":[{"taxonomy":"product_brand","embeddable":true,"href":"https:\/\/tajkertesz.com\/en_US\/wp-json\/wp\/v2\/product_brand?post=3234"},{"taxonomy":"product_cat","embeddable":true,"href":"https:\/\/tajkertesz.com\/en_US\/wp-json\/wp\/v2\/product_cat?post=3234"},{"taxonomy":"product_tag","embeddable":true,"href":"https:\/\/tajkertesz.com\/en_US\/wp-json\/wp\/v2\/product_tag?post=3234"}],"curies":[{"name":"wp","href":"https:\/\/api.w.org\/{rel}","templated":true}]}}