{"id":3359,"date":"2021-04-14T10:43:40","date_gmt":"2021-04-14T10:43:40","guid":{"rendered":"https:\/\/tajkertesz.com\/?post_type=product&#038;p=3359"},"modified":"2023-02-27T15:40:23","modified_gmt":"2023-02-27T15:40:23","slug":"teraszlada-alj-talca-terracotta-szinben-58-cm-60-as-ladahoz","status":"publish","type":"product","link":"https:\/\/tajkertesz.com\/en_US\/product\/teraszlada-alj-talca-terracotta-szinben-58-cm-60-as-ladahoz\/","title":{"rendered":"Teraszl\u00e1da alj (t\u00e1lca) terracotta sz\u00ednben 58 cm 60-as l\u00e1d\u00e1hoz"},"content":{"rendered":"<p>Teraszl\u00e1da alj (t\u00e1lca) terracotta sz\u00ednben 58 cm 60-as l\u00e1d\u00e1hoz<\/p>\n<p>Teraszl\u00e1da alj (t\u00e1lca) terracotta sz\u00ednben 58 cm 60-as l\u00e1d\u00e1hoz<\/p>\n<p>A teraszl\u00e1da egy k\u00f6nnyen mozgathat\u00f3 \u00e9s a sz\u00e9lesebb k\u00f6rben elhelyezhet\u0151 term\u00e9k. A teraszl\u00e1d\u00e1kat er\u0151s, vastag m\u0171anyagb\u00f3l k\u00e9sz\u00edtik, hogy minden terhel\u00e9snek ellen tudjanak \u00e1llni. Sz\u00ednekben megtal\u00e1lhat\u00f3 a feh\u00e9r, antracit, terracotta mint alapsz\u00ednek , de term\u00e9szetesen tal\u00e1lhatunk extr\u00e1bb sz\u00edneket is.Haszn\u00e1lhat\u00f3 gy\u00f3gyn\u00f6v\u00e9nyek vagy m\u00e1s ehet\u0151 n\u00f6v\u00e9nyek termeszt\u00e9s\u00e9re is, de megfelel nagyobb n\u00f6v\u00e9nyeknek is.<\/p>\n<p>Sz\u00e9les k\u00f6rben elterjedt m\u00e9g a balkonl\u00e1da is amelyet \u00e1ltal\u00e1ban ablakp\u00e1rk\u00e1nyra helyeznek, vagy k\u00f6zvetlen\u00fcl az alatta l\u00e9v\u0151 falhoz r\u00f6gz\u00edtik, \u00edgy k\u00f6nnyen el\u00e9rhetik a benne l\u00e9v\u0151 n\u00f6v\u00e9nyeket. Sz\u00e1mos n\u00f6v\u00e9nyfajt\u00e1t lehet benne nevelni \u00e9s mivel k\u00f6nnyen mozgathat\u00f3, \u00edgy ak\u00e1r a t\u00e9li fagyok elj\u00f6vetel\u00e9vel be is lehet vinni a lak\u00e1sba, pinc\u00e9be, folyos\u00f3ra, att\u00f3l f\u00fcgg\u0151en, hogy milyen n\u00f6v\u00e9nyt tartunk benne.<\/p>\n<p>Er\u0151s m\u0171anyagb\u00f3l k\u00e9sz\u00fclnek, hogy kib\u00edrj\u00e1k a terhel\u00e9st amit az id\u0151j\u00e1r\u00e1s \u00e9s a benne l\u00e9v\u0151 f\u00f6ld\/n\u00f6v\u00e9nyek s\u00falya okoz. Sokf\u00e9le m\u00e9retben \u00e9s sz\u00ednben el\u00e9rhet\u0151, hogy mindenki megtal\u00e1lhassa a lak\u00e1s\u00e1nak, kertj\u00e9nek, ablak\u00e1nak megfelel\u0151 m\u00e9retet. A feh\u00e9rt\u0151l a z\u00f6ldig , sz\u00ednek sokas\u00e1ga megtal\u00e1lhat\u00f3 m\u00e1r a piacon, ezzel kicsit felh\u00edvva a sz\u00ednek ir\u00e1nt rajong\u00f3k figyelm\u00e9t is. Leg\u00e1ltal\u00e1nosabb sz\u00ednk\u00e9nt a terracotta , illetve a feh\u00e9r \u00e9s az antracid sz\u00edn szokott jellemz\u0151 lenni.<\/p>\n<p>M\u00e9retben is nagy a v\u00e1laszt\u00e9k eg\u00e9sz kicsit\u0151l a hatalmasig.\u00a0 A teraszl\u00e1d\u00e1k mell\u00e9 szoktak balkonl\u00e1d\u00e1t is v\u00e1s\u00e1rolni, szint\u00e9n a k\u00f6nnyebb mozgathat\u00f3s\u00e1g \u00e9s a sz\u00e9lesebb k\u00f6rben val\u00f3 elhelyezhet\u0151s\u00e9g miatt.<\/p>\n<p>Sz\u00ednekben itt is megtal\u00e1lhat\u00f3 a feh\u00e9r, antracit, terracotta mint alapsz\u00ednek , de term\u00e9szetesen tal\u00e1lhatunk extr\u00e1bb sz\u00edneket is.<\/p>\n<p><a href=\"https:\/\/hu.qaz.wiki\/wiki\/Window_box\">https:\/\/hu.qaz.wiki\/wiki\/Window_box<\/a><\/p>\n<p><a href=\"https:\/\/tajkertesz.com\/\">https:\/\/tajkertesz.com\/<\/a><\/p>\n<p>&nbsp;<\/p>\n<p>Term\u00e9k tulajdons\u00e1ga:<\/p>\n<p>-UV stabilit\u00e1s<\/p>\n<p>-anyaga polipropil\u00e9n<\/p>\n<p>-T\u00e1lca k\u00fcl\u00f6n kaphat\u00f3<\/p>\n<p>-kiv\u00e1l\u00f3 min\u0151s\u00e9gben<\/p>\n<p>&nbsp;<\/p>\n<p>M\u00e9retei: 58x28x6 cm<\/p>\n<p>&nbsp;<\/p>\n<p>&nbsp;<\/p>","protected":false},"excerpt":{"rendered":"<p>Teraszl\u00e1da alj (t\u00e1lca) terracotta sz\u00ednben 58 cm 60-as l\u00e1d\u00e1hoz<\/p>\n<p>A teraszl\u00e1da egy k\u00f6nnyen mozgathat\u00f3 \u00e9s a sz\u00e9lesebb k\u00f6rben elhelyezhet\u0151 term\u00e9k. A teraszl\u00e1d\u00e1kat er\u0151s, vastag m\u0171anyagb\u00f3l k\u00e9sz\u00edtik, hogy minden terhel\u00e9snek ellen tudjanak \u00e1llni. Sz\u00ednekben megtal\u00e1lhat\u00f3 a feh\u00e9r, antracit, terracotta mint alapsz\u00ednek , de term\u00e9szetesen tal\u00e1lhatunk extr\u00e1bb sz\u00edneket is.Haszn\u00e1lhat\u00f3 gy\u00f3gyn\u00f6v\u00e9nyek vagy m\u00e1s ehet\u0151 n\u00f6v\u00e9nyek termeszt\u00e9s\u00e9re is, de megfelel nagyobb n\u00f6v\u00e9nyeknek is.<\/p>","protected":false},"featured_media":3350,"template":"","meta":{"_et_pb_use_builder":"","_et_pb_old_content":"","_et_gb_content_width":""},"product_brand":[],"product_cat":[1299],"product_tag":[1309,1302,1304,1310,1307,1308],"class_list":{"0":"post-3359","1":"product","2":"type-product","3":"status-publish","4":"has-post-thumbnail","6":"product_cat-balkonladak-es-teraszladak","7":"product_tag-alj","8":"product_tag-lada","9":"product_tag-muanyag","10":"product_tag-talca","11":"product_tag-terasz","12":"product_tag-teraszlada","14":"first","15":"instock","16":"shipping-taxable","17":"purchasable","18":"product-type-simple"},"yoast_head":"<!-- This site is optimized with the Yoast SEO plugin v27.3 - https:\/\/yoast.com\/product\/yoast-seo-wordpress\/ -->\n<title>Teraszl\u00e1da alj (t\u00e1lca) terracotta sz\u00ednben 58 cm 60-as l\u00e1d\u00e1hoz - T\u00e1jkert\u00e9sz<\/title>\n<meta name=\"description\" content=\"Teraszl\u00e1da alj (t\u00e1lca) terracotta sz\u00ednben 58 cm 60-as l\u00e1d\u00e1hoz A teraszl\u00e1da egy k\u00f6nnyen mozgathat\u00f3 \u00e9s a sz\u00e9lesebb k\u00f6rben elhelyezhet\u0151 term\u00e9k\" \/>\n<meta name=\"robots\" content=\"index, follow, max-snippet:-1, max-image-preview:large, max-video-preview:-1\" \/>\n<link rel=\"canonical\" href=\"https:\/\/tajkertesz.com\/en_US\/product\/teraszlada-alj-talca-terracotta-szinben-58-cm-60-as-ladahoz\/\" \/>\n<meta property=\"og:locale\" content=\"en_US\" \/>\n<meta property=\"og:type\" content=\"article\" \/>\n<meta property=\"og:title\" content=\"Teraszl\u00e1da alj (t\u00e1lca) terracotta sz\u00ednben 58 cm 60-as l\u00e1d\u00e1hoz - T\u00e1jkert\u00e9sz\" \/>\n<meta property=\"og:description\" content=\"Teraszl\u00e1da alj (t\u00e1lca) terracotta sz\u00ednben 58 cm 60-as l\u00e1d\u00e1hoz A teraszl\u00e1da egy k\u00f6nnyen mozgathat\u00f3 \u00e9s a sz\u00e9lesebb k\u00f6rben elhelyezhet\u0151 term\u00e9k\" \/>\n<meta property=\"og:url\" content=\"https:\/\/tajkertesz.com\/en_US\/product\/teraszlada-alj-talca-terracotta-szinben-58-cm-60-as-ladahoz\/\" \/>\n<meta property=\"og:site_name\" content=\"T\u00e1jkert\u00e9sz\" \/>\n<meta property=\"article:publisher\" content=\"https:\/\/www.facebook.com\/Tajkertesz\/\" \/>\n<meta property=\"article:modified_time\" content=\"2023-02-27T15:40:23+00:00\" \/>\n<meta property=\"og:image\" content=\"https:\/\/tajkertesz.com\/wp-content\/uploads\/2021\/04\/IMG_20210414_102157-cut-adjust-contrast_y1zlqrck_1-cut_wvt43j94_1-1024x785.png\" \/>\n\t<meta property=\"og:image:width\" content=\"1024\" \/>\n\t<meta property=\"og:image:height\" content=\"785\" \/>\n\t<meta property=\"og:image:type\" content=\"image\/png\" \/>\n<meta name=\"twitter:card\" content=\"summary_large_image\" \/>\n<meta name=\"twitter:label1\" content=\"Est. reading time\" \/>\n\t<meta name=\"twitter:data1\" content=\"2 minutes\" \/>\n<script type=\"application\/ld+json\" class=\"yoast-schema-graph\">{\"@context\":\"https:\\\/\\\/schema.org\",\"@graph\":[{\"@type\":\"WebPage\",\"@id\":\"https:\\\/\\\/tajkertesz.com\\\/termek\\\/teraszlada-alj-talca-terracotta-szinben-58-cm-60-as-ladahoz\\\/\",\"url\":\"https:\\\/\\\/tajkertesz.com\\\/termek\\\/teraszlada-alj-talca-terracotta-szinben-58-cm-60-as-ladahoz\\\/\",\"name\":\"Teraszl\u00e1da alj (t\u00e1lca) terracotta sz\u00ednben 58 cm 60-as l\u00e1d\u00e1hoz - T\u00e1jkert\u00e9sz\",\"isPartOf\":{\"@id\":\"https:\\\/\\\/tajkertesz.com\\\/#website\"},\"primaryImageOfPage\":{\"@id\":\"https:\\\/\\\/tajkertesz.com\\\/termek\\\/teraszlada-alj-talca-terracotta-szinben-58-cm-60-as-ladahoz\\\/#primaryimage\"},\"image\":{\"@id\":\"https:\\\/\\\/tajkertesz.com\\\/termek\\\/teraszlada-alj-talca-terracotta-szinben-58-cm-60-as-ladahoz\\\/#primaryimage\"},\"thumbnailUrl\":\"https:\\\/\\\/tajkertesz.com\\\/wp-content\\\/uploads\\\/2021\\\/04\\\/IMG_20210414_102157-cut-adjust-contrast_y1zlqrck_1-cut_wvt43j94_1.png\",\"datePublished\":\"2021-04-14T10:43:40+00:00\",\"dateModified\":\"2023-02-27T15:40:23+00:00\",\"description\":\"Teraszl\u00e1da alj (t\u00e1lca) terracotta sz\u00ednben 58 cm 60-as l\u00e1d\u00e1hoz A teraszl\u00e1da egy k\u00f6nnyen mozgathat\u00f3 \u00e9s a sz\u00e9lesebb k\u00f6rben elhelyezhet\u0151 term\u00e9k\",\"breadcrumb\":{\"@id\":\"https:\\\/\\\/tajkertesz.com\\\/termek\\\/teraszlada-alj-talca-terracotta-szinben-58-cm-60-as-ladahoz\\\/#breadcrumb\"},\"inLanguage\":\"en-US\",\"potentialAction\":[{\"@type\":\"ReadAction\",\"target\":[\"https:\\\/\\\/tajkertesz.com\\\/termek\\\/teraszlada-alj-talca-terracotta-szinben-58-cm-60-as-ladahoz\\\/\"]}]},{\"@type\":\"ImageObject\",\"inLanguage\":\"en-US\",\"@id\":\"https:\\\/\\\/tajkertesz.com\\\/termek\\\/teraszlada-alj-talca-terracotta-szinben-58-cm-60-as-ladahoz\\\/#primaryimage\",\"url\":\"https:\\\/\\\/tajkertesz.com\\\/wp-content\\\/uploads\\\/2021\\\/04\\\/IMG_20210414_102157-cut-adjust-contrast_y1zlqrck_1-cut_wvt43j94_1.png\",\"contentUrl\":\"https:\\\/\\\/tajkertesz.com\\\/wp-content\\\/uploads\\\/2021\\\/04\\\/IMG_20210414_102157-cut-adjust-contrast_y1zlqrck_1-cut_wvt43j94_1.png\",\"width\":2966,\"height\":2274,\"caption\":\"Teraszl\u00e1da 60x30cm antracit\"},{\"@type\":\"BreadcrumbList\",\"@id\":\"https:\\\/\\\/tajkertesz.com\\\/termek\\\/teraszlada-alj-talca-terracotta-szinben-58-cm-60-as-ladahoz\\\/#breadcrumb\",\"itemListElement\":[{\"@type\":\"ListItem\",\"position\":1,\"name\":\"Home\",\"item\":\"https:\\\/\\\/tajkertesz.com\\\/\"},{\"@type\":\"ListItem\",\"position\":2,\"name\":\"Kezd\u0151lap\",\"item\":\"https:\\\/\\\/tajkertesz.com\\\/\"},{\"@type\":\"ListItem\",\"position\":3,\"name\":\"Teraszl\u00e1da alj (t\u00e1lca) terracotta sz\u00ednben 58 cm 60-as l\u00e1d\u00e1hoz\"}]},{\"@type\":\"WebSite\",\"@id\":\"https:\\\/\\\/tajkertesz.com\\\/#website\",\"url\":\"https:\\\/\\\/tajkertesz.com\\\/\",\"name\":\"T\u00e1j-Kert\u00e9sz 84 Kft.\",\"description\":\"Kert\u00e9szeti kis- \u00e9s nagykeresked\u00e9s, D\u00edszn\u00f6v\u00e9ny web\u00e1ruh\u00e1z orsz\u00e1gos h\u00e1zhozsz\u00e1ll\u00edt\u00e1ssal!\",\"publisher\":{\"@id\":\"https:\\\/\\\/tajkertesz.com\\\/#organization\"},\"potentialAction\":[{\"@type\":\"SearchAction\",\"target\":{\"@type\":\"EntryPoint\",\"urlTemplate\":\"https:\\\/\\\/tajkertesz.com\\\/?s={search_term_string}\"},\"query-input\":{\"@type\":\"PropertyValueSpecification\",\"valueRequired\":true,\"valueName\":\"search_term_string\"}}],\"inLanguage\":\"en-US\"},{\"@type\":\"Organization\",\"@id\":\"https:\\\/\\\/tajkertesz.com\\\/#organization\",\"name\":\"T\u00e1j-Kert\u00e9sz 84 Kft.\",\"url\":\"https:\\\/\\\/tajkertesz.com\\\/\",\"logo\":{\"@type\":\"ImageObject\",\"inLanguage\":\"en-US\",\"@id\":\"https:\\\/\\\/tajkertesz.com\\\/#\\\/schema\\\/logo\\\/image\\\/\",\"url\":\"https:\\\/\\\/tajkertesz.com\\\/wp-content\\\/uploads\\\/2018\\\/02\\\/logo-2-e1518678052539.png\",\"contentUrl\":\"https:\\\/\\\/tajkertesz.com\\\/wp-content\\\/uploads\\\/2018\\\/02\\\/logo-2-e1518678052539.png\",\"width\":81,\"height\":140,\"caption\":\"T\u00e1j-Kert\u00e9sz 84 Kft.\"},\"image\":{\"@id\":\"https:\\\/\\\/tajkertesz.com\\\/#\\\/schema\\\/logo\\\/image\\\/\"},\"sameAs\":[\"https:\\\/\\\/www.facebook.com\\\/Tajkertesz\\\/\"]}]}<\/script>\n<!-- \/ Yoast SEO plugin. -->","yoast_head_json":{"title":"Teraszl\u00e1da alj (t\u00e1lca) terracotta sz\u00ednben 58 cm 60-as l\u00e1d\u00e1hoz - T\u00e1jkert\u00e9sz","description":"Teraszl\u00e1da alj (t\u00e1lca) terracotta sz\u00ednben 58 cm 60-as l\u00e1d\u00e1hoz A teraszl\u00e1da egy k\u00f6nnyen mozgathat\u00f3 \u00e9s a sz\u00e9lesebb k\u00f6rben elhelyezhet\u0151 term\u00e9k","robots":{"index":"index","follow":"follow","max-snippet":"max-snippet:-1","max-image-preview":"max-image-preview:large","max-video-preview":"max-video-preview:-1"},"canonical":"https:\/\/tajkertesz.com\/en_US\/product\/teraszlada-alj-talca-terracotta-szinben-58-cm-60-as-ladahoz\/","og_locale":"en_US","og_type":"article","og_title":"Teraszl\u00e1da alj (t\u00e1lca) terracotta sz\u00ednben 58 cm 60-as l\u00e1d\u00e1hoz - T\u00e1jkert\u00e9sz","og_description":"Teraszl\u00e1da alj (t\u00e1lca) terracotta sz\u00ednben 58 cm 60-as l\u00e1d\u00e1hoz A teraszl\u00e1da egy k\u00f6nnyen mozgathat\u00f3 \u00e9s a sz\u00e9lesebb k\u00f6rben elhelyezhet\u0151 term\u00e9k","og_url":"https:\/\/tajkertesz.com\/en_US\/product\/teraszlada-alj-talca-terracotta-szinben-58-cm-60-as-ladahoz\/","og_site_name":"T\u00e1jkert\u00e9sz","article_publisher":"https:\/\/www.facebook.com\/Tajkertesz\/","article_modified_time":"2023-02-27T15:40:23+00:00","og_image":[{"width":1024,"height":785,"url":"https:\/\/tajkertesz.com\/wp-content\/uploads\/2021\/04\/IMG_20210414_102157-cut-adjust-contrast_y1zlqrck_1-cut_wvt43j94_1-1024x785.png","type":"image\/png"}],"twitter_card":"summary_large_image","twitter_misc":{"Est. reading time":"2 minutes"},"schema":{"@context":"https:\/\/schema.org","@graph":[{"@type":"WebPage","@id":"https:\/\/tajkertesz.com\/termek\/teraszlada-alj-talca-terracotta-szinben-58-cm-60-as-ladahoz\/","url":"https:\/\/tajkertesz.com\/termek\/teraszlada-alj-talca-terracotta-szinben-58-cm-60-as-ladahoz\/","name":"Teraszl\u00e1da alj (t\u00e1lca) terracotta sz\u00ednben 58 cm 60-as l\u00e1d\u00e1hoz - T\u00e1jkert\u00e9sz","isPartOf":{"@id":"https:\/\/tajkertesz.com\/#website"},"primaryImageOfPage":{"@id":"https:\/\/tajkertesz.com\/termek\/teraszlada-alj-talca-terracotta-szinben-58-cm-60-as-ladahoz\/#primaryimage"},"image":{"@id":"https:\/\/tajkertesz.com\/termek\/teraszlada-alj-talca-terracotta-szinben-58-cm-60-as-ladahoz\/#primaryimage"},"thumbnailUrl":"https:\/\/tajkertesz.com\/wp-content\/uploads\/2021\/04\/IMG_20210414_102157-cut-adjust-contrast_y1zlqrck_1-cut_wvt43j94_1.png","datePublished":"2021-04-14T10:43:40+00:00","dateModified":"2023-02-27T15:40:23+00:00","description":"Teraszl\u00e1da alj (t\u00e1lca) terracotta sz\u00ednben 58 cm 60-as l\u00e1d\u00e1hoz A teraszl\u00e1da egy k\u00f6nnyen mozgathat\u00f3 \u00e9s a sz\u00e9lesebb k\u00f6rben elhelyezhet\u0151 term\u00e9k","breadcrumb":{"@id":"https:\/\/tajkertesz.com\/termek\/teraszlada-alj-talca-terracotta-szinben-58-cm-60-as-ladahoz\/#breadcrumb"},"inLanguage":"en-US","potentialAction":[{"@type":"ReadAction","target":["https:\/\/tajkertesz.com\/termek\/teraszlada-alj-talca-terracotta-szinben-58-cm-60-as-ladahoz\/"]}]},{"@type":"ImageObject","inLanguage":"en-US","@id":"https:\/\/tajkertesz.com\/termek\/teraszlada-alj-talca-terracotta-szinben-58-cm-60-as-ladahoz\/#primaryimage","url":"https:\/\/tajkertesz.com\/wp-content\/uploads\/2021\/04\/IMG_20210414_102157-cut-adjust-contrast_y1zlqrck_1-cut_wvt43j94_1.png","contentUrl":"https:\/\/tajkertesz.com\/wp-content\/uploads\/2021\/04\/IMG_20210414_102157-cut-adjust-contrast_y1zlqrck_1-cut_wvt43j94_1.png","width":2966,"height":2274,"caption":"Teraszl\u00e1da 60x30cm antracit"},{"@type":"BreadcrumbList","@id":"https:\/\/tajkertesz.com\/termek\/teraszlada-alj-talca-terracotta-szinben-58-cm-60-as-ladahoz\/#breadcrumb","itemListElement":[{"@type":"ListItem","position":1,"name":"Home","item":"https:\/\/tajkertesz.com\/"},{"@type":"ListItem","position":2,"name":"Kezd\u0151lap","item":"https:\/\/tajkertesz.com\/"},{"@type":"ListItem","position":3,"name":"Teraszl\u00e1da alj (t\u00e1lca) terracotta sz\u00ednben 58 cm 60-as l\u00e1d\u00e1hoz"}]},{"@type":"WebSite","@id":"https:\/\/tajkertesz.com\/#website","url":"https:\/\/tajkertesz.com\/","name":"T\u00e1j-Kert\u00e9sz 84 Kft.","description":"Kert\u00e9szeti kis- \u00e9s nagykeresked\u00e9s, D\u00edszn\u00f6v\u00e9ny web\u00e1ruh\u00e1z orsz\u00e1gos h\u00e1zhozsz\u00e1ll\u00edt\u00e1ssal!","publisher":{"@id":"https:\/\/tajkertesz.com\/#organization"},"potentialAction":[{"@type":"SearchAction","target":{"@type":"EntryPoint","urlTemplate":"https:\/\/tajkertesz.com\/?s={search_term_string}"},"query-input":{"@type":"PropertyValueSpecification","valueRequired":true,"valueName":"search_term_string"}}],"inLanguage":"en-US"},{"@type":"Organization","@id":"https:\/\/tajkertesz.com\/#organization","name":"T\u00e1j-Kert\u00e9sz 84 Kft.","url":"https:\/\/tajkertesz.com\/","logo":{"@type":"ImageObject","inLanguage":"en-US","@id":"https:\/\/tajkertesz.com\/#\/schema\/logo\/image\/","url":"https:\/\/tajkertesz.com\/wp-content\/uploads\/2018\/02\/logo-2-e1518678052539.png","contentUrl":"https:\/\/tajkertesz.com\/wp-content\/uploads\/2018\/02\/logo-2-e1518678052539.png","width":81,"height":140,"caption":"T\u00e1j-Kert\u00e9sz 84 Kft."},"image":{"@id":"https:\/\/tajkertesz.com\/#\/schema\/logo\/image\/"},"sameAs":["https:\/\/www.facebook.com\/Tajkertesz\/"]}]}},"_links":{"self":[{"href":"https:\/\/tajkertesz.com\/en_US\/wp-json\/wp\/v2\/product\/3359","targetHints":{"allow":["GET"]}}],"collection":[{"href":"https:\/\/tajkertesz.com\/en_US\/wp-json\/wp\/v2\/product"}],"about":[{"href":"https:\/\/tajkertesz.com\/en_US\/wp-json\/wp\/v2\/types\/product"}],"wp:featuredmedia":[{"embeddable":true,"href":"https:\/\/tajkertesz.com\/en_US\/wp-json\/wp\/v2\/media\/3350"}],"wp:attachment":[{"href":"https:\/\/tajkertesz.com\/en_US\/wp-json\/wp\/v2\/media?parent=3359"}],"wp:term":[{"taxonomy":"product_brand","embeddable":true,"href":"https:\/\/tajkertesz.com\/en_US\/wp-json\/wp\/v2\/product_brand?post=3359"},{"taxonomy":"product_cat","embeddable":true,"href":"https:\/\/tajkertesz.com\/en_US\/wp-json\/wp\/v2\/product_cat?post=3359"},{"taxonomy":"product_tag","embeddable":true,"href":"https:\/\/tajkertesz.com\/en_US\/wp-json\/wp\/v2\/product_tag?post=3359"}],"curies":[{"name":"wp","href":"https:\/\/api.w.org\/{rel}","templated":true}]}}