{"id":3397,"date":"2021-04-15T12:13:44","date_gmt":"2021-04-15T12:13:44","guid":{"rendered":"https:\/\/tajkertesz.com\/?post_type=product&#038;p=3397"},"modified":"2024-06-11T09:09:23","modified_gmt":"2024-06-11T09:09:23","slug":"cikasz-palma-cycas-revoluta-kb-100-110-cm","status":"publish","type":"product","link":"https:\/\/tajkertesz.com\/en_US\/product\/cikasz-palma-cycas-revoluta-kb-100-110-cm\/","title":{"rendered":"Cik\u00e1sz p\u00e1lma (Cycas revoluta) kb. 100-110 cm"},"content":{"rendered":"<p>Cik\u00e1sz p\u00e1lma (Cycas revoluta) kb. 100-110 cm<\/p>\n<p>&nbsp;<\/p>\n<p>Cik\u00e1sz p\u00e1lma (Cycas revoluta) kb. 100-110 cm d\u00edsz\u00e9t t\u00f6m\u00f6tt lev\u00e9lzete adja, kiss\u00e9 \u00e9les levelek alkotj\u00e1k. A cik\u00e1sz p\u00e1lma ig\u00e9nyei \u00e1tlagosak, nem napos, de vil\u00e1gos \u00e9s ny\u00e1ron meleg, t\u00e9len pedig h\u0171v\u00f6s (+12-15fok) k\u00f6rnyezetet szereti. \u00c1t\u00fcltetni \u00e1ltal\u00e1ban 2-5 \u00e9vente sz\u00fcks\u00e9ges. L\u00e1tv\u00e1nya nagyon gy\u00f6ny\u00f6r\u0171, m\u00e9ret\u00e9t tekintve a cik\u00e1sz 1-2 m\u00e9ter magasra n\u0151 meg.<\/p>\n<p>\u00d6nt\u00f6z\u00e9s\u00e9t tekintve, ny\u00e1ron tartsuk f\u00f6ldj\u00e9t egyenletesen nyirkosan, t\u00e9len \u00f6nt\u00f6zz\u00fck kevesebbet, n\u00e9ha pedig hagyjuk kisz\u00e1radni a r\u00e9szben a f\u00f6ldj\u00e9t.<\/p>\n<p>A pang\u00f3 vizet nem szereti, mert a gy\u00f6kerek rothad\u00e1s\u00e1hoz vezetheti. T\u00e1poldattal t\u00e1pozzuk tavaszt\u00f3l ny\u00e1r v\u00e9g\u00e9ig, a t\u00f6bbi \u00e9vszakban hagyjuk el.<\/p>\n<p>A cik\u00e1sz tart\u00e1sa sor\u00e1n legy\u00fcnk figyelmesek mivel levelei sz\u00far\u00f3sak, a n\u00f6v\u00e9ny m\u00e9rgez\u0151 is, ami a kisgyerekekre \u00e9s kis\u00e1llatokra vesz\u00e9lyt jelenthet.<\/p>\n<p>Gy\u00f6kerei nagyon vastagok. Levelei mintegy 2 m\u00e9ter hossz\u00fara n\u0151nek meg . Vir\u00e1gai a lev\u00e9lkorona k\u00f6zep\u00e9n ny\u00edlnak.\u00a0A fagyot nem t\u0171ri. A napos helyen tartott cik\u00e1szok gyorsabban \u00e9s nagyobbra n\u0151nek, de a fiatal egyedek a t\u0171z\u0151 napon elpusztulnak. Lassan fejl\u0151dik, az els\u0151, mintegy \u00f6t \u00e9vben \u00e9vente csak egy-egy levelet, k\u00e9s\u0151bb \u00e9vente egy-egy lev\u00e9lkoszor\u00fat hoz. Lass\u00fa n\u00f6veked\u00e9se miatt ide\u00e1lis lak\u00e1sban tart\u00e1sra, nem sz\u00fcks\u00e9ges minden \u00e9vben \u00e1thelyezn\u00fcnk valahova. \u00c1t\u00fcltet\u00e9sn\u00e9l laza, t\u0151zeges talajba tegy\u00fck, a m\u00e9szmentes talajt kedveli. A p\u00e1r\u00e1s k\u00f6rnyezetet nagyon szereti, ez\u00e9rt \u00e9rdemes t\u00e9len is p\u00e1r\u00e1s\u00edtani sz\u00e1m\u00e1ra a leveg\u0151t.<\/p>\n<p>\u0150sszel a r\u00e9gi levelei lehullnak, mik\u00f6zben \u00fajakat hoz, ez\u00e1ltal n\u00f6veszti vastag, f\u00e1s t\u00f6rzs\u00e9t.<\/p>\n<p>Az id\u0151sebb (t\u00f6bbnyire a legal\u00e1bb 25 \u00e9ves) cik\u00e1szok id\u0151nk\u00e9nt t\u0151sarjakat fejlesztenek, ezekr\u0151l (k\u00e9s\u0151 t\u00e9len, kora tavasszal) vegetat\u00edvan szapor\u00edthat\u00f3k.<\/p>\n<p><a href=\"https:\/\/tajkertesz.com\/\">https:\/\/tajkertesz.com\/<\/a><\/p>\n<p><a href=\"https:\/\/hu.wikipedia.org\/wiki\/Jap%C3%A1n_cik%C3%A1sz\">https:\/\/hu.wikipedia.org\/wiki\/Jap%C3%A1n_cik%C3%A1sz<\/a><\/p>\n<p>&nbsp;<\/p>\n<p>M\u00e9retei: kb. 100-110 cm + a kont\u00e9ner magass\u00e1ga<\/p>\n<p>&nbsp;<\/p>\n<p>Sz\u00e1ll\u00edt\u00e1s: 200 cm-ig \u00e9s 40 kg-ig fut\u00e1rc\u00e9ggel, a megadott m\u00e9reteken fel\u00fcl egyedi \u00e1ras a kisz\u00e1ll\u00edt\u00e1s.<\/p>","protected":false},"excerpt":{"rendered":"<p>Cik\u00e1sz p\u00e1lma (Cycas revoluta) kb. 100-110 cm d\u00edsz\u00e9t t\u00f6m\u00f6tt lev\u00e9lzete adja, kiss\u00e9 \u00e9les levelek alkotj\u00e1k.<\/p>\n<p>Ig\u00e9nyei \u00e1tlagosak, nem napos, de vil\u00e1gos \u00e9s ny\u00e1ron meleg, t\u00e9len pedig h\u0171v\u00f6s (+12-15fok) k\u00f6rnyezetet szereti. \u00c1t\u00fcltetni \u00e1ltal\u00e1ban 2-5 \u00e9vente sz\u00fcks\u00e9ges.<\/p>\n<p>\u00d6nt\u00f6z\u00e9s\u00e9t tekintve, ny\u00e1ron tartsuk f\u00f6ldj\u00e9t egyenletesen nyirkosan, t\u00e9len \u00f6nt\u00f6zz\u00fck kevesebbet, n\u00e9ha pedig hagyjuk kisz\u00e1radni a r\u00e9szben a f\u00f6ldj\u00e9t.<\/p>\n<p>A pang\u00f3 vizet nem szereti, mert a gy\u00f6kerek rothad\u00e1s\u00e1hoz vezetheti. T\u00e1poldattal t\u00e1pozzuk tavaszt\u00f3l ny\u00e1r v\u00e9g\u00e9ig, a t\u00f6bbi \u00e9vszakban hagyjuk el.<\/p>","protected":false},"featured_media":3391,"template":"","meta":{"_et_pb_use_builder":"","_et_pb_old_content":"","_et_gb_content_width":""},"product_brand":[],"product_cat":[517],"product_tag":[1312,1313,520],"class_list":{"0":"post-3397","1":"product","2":"type-product","3":"status-publish","4":"has-post-thumbnail","6":"product_cat-palmak-citrusok-es-mediterran-novenyek","7":"product_tag-cikasz-palma","8":"product_tag-cycas-revoluta","9":"product_tag-palma","11":"first","12":"outofstock","13":"shipping-taxable","14":"product-type-simple"},"yoast_head":"<!-- This site is optimized with the Yoast SEO plugin v27.4 - https:\/\/yoast.com\/product\/yoast-seo-wordpress\/ -->\n<title>Cik\u00e1sz p\u00e1lma (Cycas revoluta) kb. 100-110 cm - T\u00e1jkert\u00e9sz<\/title>\n<meta name=\"description\" content=\"Cik\u00e1sz p\u00e1lma (Cycas revoluta) kb. 100-110 cm d\u00edsz\u00e9t t\u00f6m\u00f6tt lev\u00e9lzete adja, kiss\u00e9 \u00e9les levelek alkotj\u00e1k.Ig\u00e9nyei \u00e1tlagosak, nem napos,\" \/>\n<meta name=\"robots\" content=\"index, follow, max-snippet:-1, max-image-preview:large, max-video-preview:-1\" \/>\n<link rel=\"canonical\" href=\"https:\/\/tajkertesz.com\/en_US\/product\/cikasz-palma-cycas-revoluta-kb-100-110-cm\/\" \/>\n<meta property=\"og:locale\" content=\"en_US\" \/>\n<meta property=\"og:type\" content=\"article\" \/>\n<meta property=\"og:title\" content=\"Cik\u00e1sz p\u00e1lma (Cycas revoluta) kb. 100-110 cm - T\u00e1jkert\u00e9sz\" \/>\n<meta property=\"og:description\" content=\"Cik\u00e1sz p\u00e1lma (Cycas revoluta) kb. 100-110 cm d\u00edsz\u00e9t t\u00f6m\u00f6tt lev\u00e9lzete adja, kiss\u00e9 \u00e9les levelek alkotj\u00e1k.Ig\u00e9nyei \u00e1tlagosak, nem napos,\" \/>\n<meta property=\"og:url\" content=\"https:\/\/tajkertesz.com\/en_US\/product\/cikasz-palma-cycas-revoluta-kb-100-110-cm\/\" \/>\n<meta property=\"og:site_name\" content=\"T\u00e1jkert\u00e9sz\" \/>\n<meta property=\"article:publisher\" content=\"https:\/\/www.facebook.com\/Tajkertesz\/\" \/>\n<meta property=\"article:modified_time\" content=\"2024-06-11T09:09:23+00:00\" \/>\n<meta property=\"og:image\" content=\"https:\/\/tajkertesz.com\/wp-content\/uploads\/2021\/04\/IMG_20210408_081014-cut-adjust-contrast_i8mj2hs7_1-768x875.png\" \/>\n\t<meta property=\"og:image:width\" content=\"768\" \/>\n\t<meta property=\"og:image:height\" content=\"875\" \/>\n\t<meta property=\"og:image:type\" content=\"image\/png\" \/>\n<meta name=\"twitter:card\" content=\"summary_large_image\" \/>\n<meta name=\"twitter:label1\" content=\"Est. reading time\" \/>\n\t<meta name=\"twitter:data1\" content=\"2 minutes\" \/>\n<script type=\"application\/ld+json\" class=\"yoast-schema-graph\">{\"@context\":\"https:\\\/\\\/schema.org\",\"@graph\":[{\"@type\":\"WebPage\",\"@id\":\"https:\\\/\\\/tajkertesz.com\\\/termek\\\/cikasz-palma-cycas-revoluta-kb-100-110-cm\\\/\",\"url\":\"https:\\\/\\\/tajkertesz.com\\\/termek\\\/cikasz-palma-cycas-revoluta-kb-100-110-cm\\\/\",\"name\":\"Cik\u00e1sz p\u00e1lma (Cycas revoluta) kb. 100-110 cm - T\u00e1jkert\u00e9sz\",\"isPartOf\":{\"@id\":\"https:\\\/\\\/tajkertesz.com\\\/#website\"},\"primaryImageOfPage\":{\"@id\":\"https:\\\/\\\/tajkertesz.com\\\/termek\\\/cikasz-palma-cycas-revoluta-kb-100-110-cm\\\/#primaryimage\"},\"image\":{\"@id\":\"https:\\\/\\\/tajkertesz.com\\\/termek\\\/cikasz-palma-cycas-revoluta-kb-100-110-cm\\\/#primaryimage\"},\"thumbnailUrl\":\"https:\\\/\\\/tajkertesz.com\\\/wp-content\\\/uploads\\\/2021\\\/04\\\/IMG_20210408_081014-cut-adjust-contrast_i8mj2hs7_1.png\",\"datePublished\":\"2021-04-15T12:13:44+00:00\",\"dateModified\":\"2024-06-11T09:09:23+00:00\",\"description\":\"Cik\u00e1sz p\u00e1lma (Cycas revoluta) kb. 100-110 cm d\u00edsz\u00e9t t\u00f6m\u00f6tt lev\u00e9lzete adja, kiss\u00e9 \u00e9les levelek alkotj\u00e1k.Ig\u00e9nyei \u00e1tlagosak, nem napos,\",\"breadcrumb\":{\"@id\":\"https:\\\/\\\/tajkertesz.com\\\/termek\\\/cikasz-palma-cycas-revoluta-kb-100-110-cm\\\/#breadcrumb\"},\"inLanguage\":\"en-US\",\"potentialAction\":[{\"@type\":\"ReadAction\",\"target\":[\"https:\\\/\\\/tajkertesz.com\\\/termek\\\/cikasz-palma-cycas-revoluta-kb-100-110-cm\\\/\"]}]},{\"@type\":\"ImageObject\",\"inLanguage\":\"en-US\",\"@id\":\"https:\\\/\\\/tajkertesz.com\\\/termek\\\/cikasz-palma-cycas-revoluta-kb-100-110-cm\\\/#primaryimage\",\"url\":\"https:\\\/\\\/tajkertesz.com\\\/wp-content\\\/uploads\\\/2021\\\/04\\\/IMG_20210408_081014-cut-adjust-contrast_i8mj2hs7_1.png\",\"contentUrl\":\"https:\\\/\\\/tajkertesz.com\\\/wp-content\\\/uploads\\\/2021\\\/04\\\/IMG_20210408_081014-cut-adjust-contrast_i8mj2hs7_1.png\",\"width\":3001,\"height\":3421},{\"@type\":\"BreadcrumbList\",\"@id\":\"https:\\\/\\\/tajkertesz.com\\\/termek\\\/cikasz-palma-cycas-revoluta-kb-100-110-cm\\\/#breadcrumb\",\"itemListElement\":[{\"@type\":\"ListItem\",\"position\":1,\"name\":\"Home\",\"item\":\"https:\\\/\\\/tajkertesz.com\\\/\"},{\"@type\":\"ListItem\",\"position\":2,\"name\":\"Kezd\u0151lap\",\"item\":\"https:\\\/\\\/tajkertesz.com\\\/\"},{\"@type\":\"ListItem\",\"position\":3,\"name\":\"Cik\u00e1sz p\u00e1lma (Cycas revoluta) kb. 100-110 cm\"}]},{\"@type\":\"WebSite\",\"@id\":\"https:\\\/\\\/tajkertesz.com\\\/#website\",\"url\":\"https:\\\/\\\/tajkertesz.com\\\/\",\"name\":\"T\u00e1j-Kert\u00e9sz 84 Kft.\",\"description\":\"Kert\u00e9szeti kis- \u00e9s nagykeresked\u00e9s, D\u00edszn\u00f6v\u00e9ny web\u00e1ruh\u00e1z orsz\u00e1gos h\u00e1zhozsz\u00e1ll\u00edt\u00e1ssal!\",\"publisher\":{\"@id\":\"https:\\\/\\\/tajkertesz.com\\\/#organization\"},\"potentialAction\":[{\"@type\":\"SearchAction\",\"target\":{\"@type\":\"EntryPoint\",\"urlTemplate\":\"https:\\\/\\\/tajkertesz.com\\\/?s={search_term_string}\"},\"query-input\":{\"@type\":\"PropertyValueSpecification\",\"valueRequired\":true,\"valueName\":\"search_term_string\"}}],\"inLanguage\":\"en-US\"},{\"@type\":\"Organization\",\"@id\":\"https:\\\/\\\/tajkertesz.com\\\/#organization\",\"name\":\"T\u00e1j-Kert\u00e9sz 84 Kft.\",\"url\":\"https:\\\/\\\/tajkertesz.com\\\/\",\"logo\":{\"@type\":\"ImageObject\",\"inLanguage\":\"en-US\",\"@id\":\"https:\\\/\\\/tajkertesz.com\\\/#\\\/schema\\\/logo\\\/image\\\/\",\"url\":\"https:\\\/\\\/tajkertesz.com\\\/wp-content\\\/uploads\\\/2018\\\/02\\\/logo-2-e1518678052539.png\",\"contentUrl\":\"https:\\\/\\\/tajkertesz.com\\\/wp-content\\\/uploads\\\/2018\\\/02\\\/logo-2-e1518678052539.png\",\"width\":81,\"height\":140,\"caption\":\"T\u00e1j-Kert\u00e9sz 84 Kft.\"},\"image\":{\"@id\":\"https:\\\/\\\/tajkertesz.com\\\/#\\\/schema\\\/logo\\\/image\\\/\"},\"sameAs\":[\"https:\\\/\\\/www.facebook.com\\\/Tajkertesz\\\/\"]}]}<\/script>\n<!-- \/ Yoast SEO plugin. -->","yoast_head_json":{"title":"Cik\u00e1sz p\u00e1lma (Cycas revoluta) kb. 100-110 cm - T\u00e1jkert\u00e9sz","description":"Cik\u00e1sz p\u00e1lma (Cycas revoluta) kb. 100-110 cm d\u00edsz\u00e9t t\u00f6m\u00f6tt lev\u00e9lzete adja, kiss\u00e9 \u00e9les levelek alkotj\u00e1k.Ig\u00e9nyei \u00e1tlagosak, nem napos,","robots":{"index":"index","follow":"follow","max-snippet":"max-snippet:-1","max-image-preview":"max-image-preview:large","max-video-preview":"max-video-preview:-1"},"canonical":"https:\/\/tajkertesz.com\/en_US\/product\/cikasz-palma-cycas-revoluta-kb-100-110-cm\/","og_locale":"en_US","og_type":"article","og_title":"Cik\u00e1sz p\u00e1lma (Cycas revoluta) kb. 100-110 cm - T\u00e1jkert\u00e9sz","og_description":"Cik\u00e1sz p\u00e1lma (Cycas revoluta) kb. 100-110 cm d\u00edsz\u00e9t t\u00f6m\u00f6tt lev\u00e9lzete adja, kiss\u00e9 \u00e9les levelek alkotj\u00e1k.Ig\u00e9nyei \u00e1tlagosak, nem napos,","og_url":"https:\/\/tajkertesz.com\/en_US\/product\/cikasz-palma-cycas-revoluta-kb-100-110-cm\/","og_site_name":"T\u00e1jkert\u00e9sz","article_publisher":"https:\/\/www.facebook.com\/Tajkertesz\/","article_modified_time":"2024-06-11T09:09:23+00:00","og_image":[{"width":768,"height":875,"url":"https:\/\/tajkertesz.com\/wp-content\/uploads\/2021\/04\/IMG_20210408_081014-cut-adjust-contrast_i8mj2hs7_1-768x875.png","type":"image\/png"}],"twitter_card":"summary_large_image","twitter_misc":{"Est. reading time":"2 minutes"},"schema":{"@context":"https:\/\/schema.org","@graph":[{"@type":"WebPage","@id":"https:\/\/tajkertesz.com\/termek\/cikasz-palma-cycas-revoluta-kb-100-110-cm\/","url":"https:\/\/tajkertesz.com\/termek\/cikasz-palma-cycas-revoluta-kb-100-110-cm\/","name":"Cik\u00e1sz p\u00e1lma (Cycas revoluta) kb. 100-110 cm - T\u00e1jkert\u00e9sz","isPartOf":{"@id":"https:\/\/tajkertesz.com\/#website"},"primaryImageOfPage":{"@id":"https:\/\/tajkertesz.com\/termek\/cikasz-palma-cycas-revoluta-kb-100-110-cm\/#primaryimage"},"image":{"@id":"https:\/\/tajkertesz.com\/termek\/cikasz-palma-cycas-revoluta-kb-100-110-cm\/#primaryimage"},"thumbnailUrl":"https:\/\/tajkertesz.com\/wp-content\/uploads\/2021\/04\/IMG_20210408_081014-cut-adjust-contrast_i8mj2hs7_1.png","datePublished":"2021-04-15T12:13:44+00:00","dateModified":"2024-06-11T09:09:23+00:00","description":"Cik\u00e1sz p\u00e1lma (Cycas revoluta) kb. 100-110 cm d\u00edsz\u00e9t t\u00f6m\u00f6tt lev\u00e9lzete adja, kiss\u00e9 \u00e9les levelek alkotj\u00e1k.Ig\u00e9nyei \u00e1tlagosak, nem napos,","breadcrumb":{"@id":"https:\/\/tajkertesz.com\/termek\/cikasz-palma-cycas-revoluta-kb-100-110-cm\/#breadcrumb"},"inLanguage":"en-US","potentialAction":[{"@type":"ReadAction","target":["https:\/\/tajkertesz.com\/termek\/cikasz-palma-cycas-revoluta-kb-100-110-cm\/"]}]},{"@type":"ImageObject","inLanguage":"en-US","@id":"https:\/\/tajkertesz.com\/termek\/cikasz-palma-cycas-revoluta-kb-100-110-cm\/#primaryimage","url":"https:\/\/tajkertesz.com\/wp-content\/uploads\/2021\/04\/IMG_20210408_081014-cut-adjust-contrast_i8mj2hs7_1.png","contentUrl":"https:\/\/tajkertesz.com\/wp-content\/uploads\/2021\/04\/IMG_20210408_081014-cut-adjust-contrast_i8mj2hs7_1.png","width":3001,"height":3421},{"@type":"BreadcrumbList","@id":"https:\/\/tajkertesz.com\/termek\/cikasz-palma-cycas-revoluta-kb-100-110-cm\/#breadcrumb","itemListElement":[{"@type":"ListItem","position":1,"name":"Home","item":"https:\/\/tajkertesz.com\/"},{"@type":"ListItem","position":2,"name":"Kezd\u0151lap","item":"https:\/\/tajkertesz.com\/"},{"@type":"ListItem","position":3,"name":"Cik\u00e1sz p\u00e1lma (Cycas revoluta) kb. 100-110 cm"}]},{"@type":"WebSite","@id":"https:\/\/tajkertesz.com\/#website","url":"https:\/\/tajkertesz.com\/","name":"T\u00e1j-Kert\u00e9sz 84 Kft.","description":"Kert\u00e9szeti kis- \u00e9s nagykeresked\u00e9s, D\u00edszn\u00f6v\u00e9ny web\u00e1ruh\u00e1z orsz\u00e1gos h\u00e1zhozsz\u00e1ll\u00edt\u00e1ssal!","publisher":{"@id":"https:\/\/tajkertesz.com\/#organization"},"potentialAction":[{"@type":"SearchAction","target":{"@type":"EntryPoint","urlTemplate":"https:\/\/tajkertesz.com\/?s={search_term_string}"},"query-input":{"@type":"PropertyValueSpecification","valueRequired":true,"valueName":"search_term_string"}}],"inLanguage":"en-US"},{"@type":"Organization","@id":"https:\/\/tajkertesz.com\/#organization","name":"T\u00e1j-Kert\u00e9sz 84 Kft.","url":"https:\/\/tajkertesz.com\/","logo":{"@type":"ImageObject","inLanguage":"en-US","@id":"https:\/\/tajkertesz.com\/#\/schema\/logo\/image\/","url":"https:\/\/tajkertesz.com\/wp-content\/uploads\/2018\/02\/logo-2-e1518678052539.png","contentUrl":"https:\/\/tajkertesz.com\/wp-content\/uploads\/2018\/02\/logo-2-e1518678052539.png","width":81,"height":140,"caption":"T\u00e1j-Kert\u00e9sz 84 Kft."},"image":{"@id":"https:\/\/tajkertesz.com\/#\/schema\/logo\/image\/"},"sameAs":["https:\/\/www.facebook.com\/Tajkertesz\/"]}]}},"_links":{"self":[{"href":"https:\/\/tajkertesz.com\/en_US\/wp-json\/wp\/v2\/product\/3397","targetHints":{"allow":["GET"]}}],"collection":[{"href":"https:\/\/tajkertesz.com\/en_US\/wp-json\/wp\/v2\/product"}],"about":[{"href":"https:\/\/tajkertesz.com\/en_US\/wp-json\/wp\/v2\/types\/product"}],"wp:featuredmedia":[{"embeddable":true,"href":"https:\/\/tajkertesz.com\/en_US\/wp-json\/wp\/v2\/media\/3391"}],"wp:attachment":[{"href":"https:\/\/tajkertesz.com\/en_US\/wp-json\/wp\/v2\/media?parent=3397"}],"wp:term":[{"taxonomy":"product_brand","embeddable":true,"href":"https:\/\/tajkertesz.com\/en_US\/wp-json\/wp\/v2\/product_brand?post=3397"},{"taxonomy":"product_cat","embeddable":true,"href":"https:\/\/tajkertesz.com\/en_US\/wp-json\/wp\/v2\/product_cat?post=3397"},{"taxonomy":"product_tag","embeddable":true,"href":"https:\/\/tajkertesz.com\/en_US\/wp-json\/wp\/v2\/product_tag?post=3397"}],"curies":[{"name":"wp","href":"https:\/\/api.w.org\/{rel}","templated":true}]}}