{"id":3409,"date":"2021-04-19T08:50:37","date_gmt":"2021-04-19T08:50:37","guid":{"rendered":"https:\/\/tajkertesz.com\/?post_type=product&#038;p=3409"},"modified":"2026-03-01T07:55:23","modified_gmt":"2026-03-01T07:55:23","slug":"datolyapalma-fonixpalma-phoenix-canariensis-kb-60-80-cm-2","status":"publish","type":"product","link":"https:\/\/tajkertesz.com\/en_US\/product\/datolyapalma-fonixpalma-phoenix-canariensis-kb-60-80-cm-2\/","title":{"rendered":"Datolyap\u00e1lma, f\u0151nixp\u00e1lma (Phoenix canariensis) kb. 60\/80 cm"},"content":{"rendered":"<h2>Datolyap\u00e1lma, f\u0151nixp\u00e1lma (Phoenix canariensis) kb. 60\/80 cm<\/h2>\n<p>Datolyap\u00e1lma, f\u0151nixp\u00e1lma (Phoenix canariensis) kb. 60\/80 cm<\/p>\n<div class=\"entry-content\"><\/div>\n<div class=\"entry-content\">\n<p>A datolyap\u00e1lma\u00a0<em>(Phoenix)<\/em>\u00a0az egyik mutat\u00f3sabb\u00a0 p\u00e1lmafaj.Szabadban tartva a datolyap\u00e1lma ak\u00e1r 30-40 m\u00e9ter magasra is megn\u0151het. Lak\u00e1sban tartva is viszonylag nagyra n\u0151, ak\u00e1r a 3 m\u00e9tert is meghaladhatja viszont lass\u00fa n\u00f6veked\u00e9s\u0171. Ez az eleg\u00e1ns n\u00f6v\u00e9ny k\u00fcl\u00f6nleges megjelen\u00e9s\u00e9t k\u00e9kesz\u00f6ld leveleinek k\u00f6sz\u00f6nheti, amik karcs\u00fa, z\u00f6ld sz\u00e1rr\u00f3l hajlanak le \u00e9s kem\u00e9ny, sz\u00far\u00f3s lev\u00e9lk\u00e9k alkotj\u00e1k.<\/p>\n<h4>Gondoz\u00e1sa:<\/h4>\n<p>A s\u00e9r\u00fclt, elsz\u00e1radt leveleket rendszeresen t\u00e1vol\u00edtsuk el, eg\u00e9szen a t\u00f6rzsig v\u00e1gjuk \u0151ket vissza. A fiatal n\u00f6v\u00e9nyeket 2-3 \u00e9vente \u00fcltess\u00fck \u00e1t tavasszal. Legjobban napos helyen fejl\u0151dik, de a ny\u00e1ri h\u00f3napokban\u00a0 v\u00e9dj\u00fck\u00a0 a k\u00f6zvetlen napf\u00e9nyt\u0151l \u00e9s rendszeresen permetezz\u00fck, ak\u00e1r a szabadba is kitehetj\u00fck.<\/p>\n<p>Ny\u00e1ron 18-21 C fok k\u00f6z\u00f6tti h\u0151m\u00e9rs\u00e9kleten \u00e9rzi j\u00f3l mag\u00e1t, t\u00e9len tartsuk +10-13 C fokon.Tavasszal kezdj\u00fck el m\u00e9rs\u00e9kelten locsolni, \u00e9s ahogy melegszik az id\u0151 n\u00f6velj\u00fck a v\u00edz mennyis\u00e9g\u00e9t. A melegebb h\u00f3napokban m\u00e1just\u00f3l szeptemberig b\u0151s\u00e9gesen adjunk vizet \u00e9s rendszeresen permetezz\u00fck.\u00a0 Szeptembert\u0151l fokozatosan cs\u00f6kkents\u00fck a v\u00edz mennyis\u00e9g\u00e9t \u00e9s t\u00e9len keveset \u00f6nt\u00f6zz\u00fck.Okt\u00f3bert\u0151l febru\u00e1rig a t\u00e9li h\u00f3napokban\u00a0 felezz\u00fck meg a felhaszn\u00e1lt mennyis\u00e9get, vagy \u00e1lljunk \u00e1t foly\u00e9kony t\u00e1poldatra.<\/p>\n<p>A hatalmas, g\u00f6mbszer\u0171 koron\u00e1ban a sz\u00e1rnyasan \u00f6sszetett levelek felfel\u00e9 t\u00f6rnek \u00e9s kecsesen visszahajlanak. Az id\u0151s n\u00f6v\u00e9nyek leveleinek gerince ak\u00e1r 3\u20135 m\u00e9ter hossz\u00fa is lehet.<\/p>\n<p>Hidegt\u0171r\u00e9s -8\u2103, -9\u2103<\/p>\n<p>Gyakran permetezz\u00fck v\u00edzzel ny\u00e1ron a melegben \u00e9s a f\u0171t\u00e9si id\u0151szakban naponta.<\/p>\n<p>Sz\u00fcks\u00e9g eset\u00e9n \u00fcltess\u00fck \u00e1t a n\u00f6v\u00e9nyt, a gy\u00f6kereket viszont nem szabad vissza v\u00e1gni.<\/p>\n<\/div>\n<p><b>K\u00e9szlet\u00fcnk napi szinten v\u00e1ltozik, ez\u00e9rt k\u00e9rj\u00fck, \u00e9rdekl\u0151dj\u00f6n szem\u00e9lyesen, telefonon vagy email-en.<br \/>\nA v\u00e1ltoztat\u00e1s jog\u00e1t fenntartjuk!\u00a0<\/b><\/p>\n<p><a href=\"https:\/\/tajkertesz.com\/\">https:\/\/tajkertesz.com\/<\/a><\/p>\n<p><a href=\"https:\/\/www.facebook.com\/tajkertesz\/\">https:\/\/www.facebook.com\/tajkertesz\/<\/a><\/p>\n<p>Kisz\u00e1ll\u00edt\u00e1s: 200cm-ig \u00e9s 40 kg-ig a sz\u00e1ll\u00edt\u00e1s fut\u00e1rszolg\u00e1lattal t\u00f6rt\u00e9nik.<\/p>\n<p>Szem\u00e9lyes \u00e1tv\u00e9tel nyitvatart\u00e1si id\u0151ben a 17. ker\u00fclet Bakancsos utca 7. sz\u00e1m alatti Kert\u00e9szeti \u00e1rud\u00e1nkban.<\/p>\n<p><b><u>Kert\u00e9p\u00edt\u0151k \u00e9s viszontelad\u00f3k regisztr\u00e1l\u00e1s ut\u00e1n egyedi kedvezm\u00e9nnyel v\u00e1s\u00e1rolhatnak kert\u00e9szeti kis-\u00e9s nagykeresked\u00e9s\u00fcnkben.<\/u><\/b><\/p>\n<p>A logisztikai c\u00e9ggel t\u00f6rt\u00e9n\u0151 sz\u00e1ll\u00edt\u00e1s eset\u00e9n a partnereink\u00a0esetleges a\u00a0cs\u00fasz\u00e1sai\u00e9rt nem v\u00e1llalunk felel\u0151ss\u00e9get!<\/p>\n<p><strong>Az \u00e1rak egy darab term\u00e9kre vonatkoznak.<\/strong><\/p>\n<p>Rendelje meg m\u00e9g ma a kedvenc n\u00f6v\u00e9nyeit \u00e9s ak\u00e1r m\u00e1r m\u00e1snap sz\u00e1ll\u00edtja a fut\u00e1r!<\/p>","protected":false},"excerpt":{"rendered":"<p>Datolyap\u00e1lma, f\u0151nixp\u00e1lma (Phoenix canariensis) kb. 60\/80 cm szabadban tartva a datolyap\u00e1lma ak\u00e1r 30-40 m\u00e9ter. Az egyik mutat\u00f3sabb\u00a0 p\u00e1lmafaj.Lak\u00e1sban tartva is viszonylag nagyra n\u0151, ak\u00e1r a 3 m\u00e9tert is meghaladhatja viszont lass\u00fa n\u00f6veked\u00e9s\u0171. Ez az eleg\u00e1ns n\u00f6v\u00e9ny k\u00fcl\u00f6nleges megjelen\u00e9s\u00e9t k\u00e9kesz\u00f6ld leveleinek k\u00f6sz\u00f6nheti, amik karcs\u00fa, z\u00f6ld sz\u00e1rr\u00f3l hajlanak le \u00e9s kem\u00e9ny, sz\u00far\u00f3s lev\u00e9lk\u00e9k alkotj\u00e1k.<\/p>\n<p>Kont\u00e9ner m\u00e9rete4L<\/p>\n<p>N\u00f6v\u00e9ny magass\u00e1ga: 60\/80cm<\/p>","protected":false},"featured_media":22323,"template":"","meta":{"_et_pb_use_builder":"","_et_pb_old_content":"","_et_gb_content_width":""},"product_brand":[],"product_cat":[517],"product_tag":[1315,1316,520,1314],"class_list":{"0":"post-3409","1":"product","2":"type-product","3":"status-publish","4":"has-post-thumbnail","6":"product_cat-palmak-citrusok-es-mediterran-novenyek","7":"product_tag-datolyapalma","8":"product_tag-fonixpalma","9":"product_tag-palma","10":"product_tag-phoenix-canariensis","12":"first","13":"outofstock","14":"shipping-taxable","15":"product-type-simple"},"yoast_head":"<!-- This site is optimized with the Yoast SEO plugin v27.5 - https:\/\/yoast.com\/product\/yoast-seo-wordpress\/ -->\n<title>Datolyap\u00e1lma, f\u0151nixp\u00e1lma (Phoenix canariensis) kb. 60\/80 cm - T\u00e1jkert\u00e9sz<\/title>\n<meta name=\"description\" content=\"Datolyap\u00e1lma, f\u0151nixp\u00e1lma (Phoenix canariensis) kb. 60\/80m szabadban tartva a datolyap\u00e1lma ak\u00e1r 30-40 m\u00e9ter. Az egyik mutat\u00f3sabb\u00a0 p\u00e1lmafaj.\" \/>\n<meta name=\"robots\" content=\"index, follow, max-snippet:-1, max-image-preview:large, max-video-preview:-1\" \/>\n<link rel=\"canonical\" href=\"https:\/\/tajkertesz.com\/en_US\/product\/datolyapalma-fonixpalma-phoenix-canariensis-kb-60-80-cm-2\/\" \/>\n<meta property=\"og:locale\" content=\"en_US\" \/>\n<meta property=\"og:type\" content=\"article\" \/>\n<meta property=\"og:title\" content=\"Datolyap\u00e1lma, f\u0151nixp\u00e1lma (Phoenix canariensis) kb. 60\/80 cm - T\u00e1jkert\u00e9sz\" \/>\n<meta property=\"og:description\" content=\"Datolyap\u00e1lma, f\u0151nixp\u00e1lma (Phoenix canariensis) kb. 60\/80m szabadban tartva a datolyap\u00e1lma ak\u00e1r 30-40 m\u00e9ter. Az egyik mutat\u00f3sabb\u00a0 p\u00e1lmafaj.\" \/>\n<meta property=\"og:url\" content=\"https:\/\/tajkertesz.com\/en_US\/product\/datolyapalma-fonixpalma-phoenix-canariensis-kb-60-80-cm-2\/\" \/>\n<meta property=\"og:site_name\" content=\"T\u00e1jkert\u00e9sz\" \/>\n<meta property=\"article:publisher\" content=\"https:\/\/www.facebook.com\/Tajkertesz\/\" \/>\n<meta property=\"article:modified_time\" content=\"2026-03-01T07:55:23+00:00\" \/>\n<meta property=\"og:image\" content=\"https:\/\/tajkertesz.com\/wp-content\/uploads\/2021\/04\/20250131_143307-2-scaled.jpg\" \/>\n\t<meta property=\"og:image:width\" content=\"1442\" \/>\n\t<meta property=\"og:image:height\" content=\"2560\" \/>\n\t<meta property=\"og:image:type\" content=\"image\/jpeg\" \/>\n<meta name=\"twitter:card\" content=\"summary_large_image\" \/>\n<meta name=\"twitter:label1\" content=\"Est. reading time\" \/>\n\t<meta name=\"twitter:data1\" content=\"2 minutes\" \/>\n<script type=\"application\/ld+json\" class=\"yoast-schema-graph\">{\"@context\":\"https:\\\/\\\/schema.org\",\"@graph\":[{\"@type\":\"WebPage\",\"@id\":\"https:\\\/\\\/tajkertesz.com\\\/termek\\\/datolyapalma-fonixpalma-phoenix-canariensis-kb-60-80-cm-2\\\/\",\"url\":\"https:\\\/\\\/tajkertesz.com\\\/termek\\\/datolyapalma-fonixpalma-phoenix-canariensis-kb-60-80-cm-2\\\/\",\"name\":\"Datolyap\u00e1lma, f\u0151nixp\u00e1lma (Phoenix canariensis) kb. 60\\\/80 cm - T\u00e1jkert\u00e9sz\",\"isPartOf\":{\"@id\":\"https:\\\/\\\/tajkertesz.com\\\/#website\"},\"primaryImageOfPage\":{\"@id\":\"https:\\\/\\\/tajkertesz.com\\\/termek\\\/datolyapalma-fonixpalma-phoenix-canariensis-kb-60-80-cm-2\\\/#primaryimage\"},\"image\":{\"@id\":\"https:\\\/\\\/tajkertesz.com\\\/termek\\\/datolyapalma-fonixpalma-phoenix-canariensis-kb-60-80-cm-2\\\/#primaryimage\"},\"thumbnailUrl\":\"https:\\\/\\\/tajkertesz.com\\\/wp-content\\\/uploads\\\/2021\\\/04\\\/20250131_143307-2-scaled.jpg\",\"datePublished\":\"2021-04-19T08:50:37+00:00\",\"dateModified\":\"2026-03-01T07:55:23+00:00\",\"description\":\"Datolyap\u00e1lma, f\u0151nixp\u00e1lma (Phoenix canariensis) kb. 60\\\/80m szabadban tartva a datolyap\u00e1lma ak\u00e1r 30-40 m\u00e9ter. Az egyik mutat\u00f3sabb\u00a0 p\u00e1lmafaj.\",\"breadcrumb\":{\"@id\":\"https:\\\/\\\/tajkertesz.com\\\/termek\\\/datolyapalma-fonixpalma-phoenix-canariensis-kb-60-80-cm-2\\\/#breadcrumb\"},\"inLanguage\":\"en-US\",\"potentialAction\":[{\"@type\":\"ReadAction\",\"target\":[\"https:\\\/\\\/tajkertesz.com\\\/termek\\\/datolyapalma-fonixpalma-phoenix-canariensis-kb-60-80-cm-2\\\/\"]}]},{\"@type\":\"ImageObject\",\"inLanguage\":\"en-US\",\"@id\":\"https:\\\/\\\/tajkertesz.com\\\/termek\\\/datolyapalma-fonixpalma-phoenix-canariensis-kb-60-80-cm-2\\\/#primaryimage\",\"url\":\"https:\\\/\\\/tajkertesz.com\\\/wp-content\\\/uploads\\\/2021\\\/04\\\/20250131_143307-2-scaled.jpg\",\"contentUrl\":\"https:\\\/\\\/tajkertesz.com\\\/wp-content\\\/uploads\\\/2021\\\/04\\\/20250131_143307-2-scaled.jpg\",\"width\":1442,\"height\":2560,\"caption\":\"Datolyap\u00e1lma, f\u0151nixp\u00e1lma (Phoenix canariensis) kb. 60\\\/80 cm\"},{\"@type\":\"BreadcrumbList\",\"@id\":\"https:\\\/\\\/tajkertesz.com\\\/termek\\\/datolyapalma-fonixpalma-phoenix-canariensis-kb-60-80-cm-2\\\/#breadcrumb\",\"itemListElement\":[{\"@type\":\"ListItem\",\"position\":1,\"name\":\"Home\",\"item\":\"https:\\\/\\\/tajkertesz.com\\\/\"},{\"@type\":\"ListItem\",\"position\":2,\"name\":\"Kezd\u0151lap\",\"item\":\"https:\\\/\\\/tajkertesz.com\\\/\"},{\"@type\":\"ListItem\",\"position\":3,\"name\":\"Datolyap\u00e1lma, f\u0151nixp\u00e1lma (Phoenix canariensis) kb. 60\\\/80 cm\"}]},{\"@type\":\"WebSite\",\"@id\":\"https:\\\/\\\/tajkertesz.com\\\/#website\",\"url\":\"https:\\\/\\\/tajkertesz.com\\\/\",\"name\":\"T\u00e1j-Kert\u00e9sz 84 Kft.\",\"description\":\"Kert\u00e9szeti kis- \u00e9s nagykeresked\u00e9s, D\u00edszn\u00f6v\u00e9ny web\u00e1ruh\u00e1z orsz\u00e1gos h\u00e1zhozsz\u00e1ll\u00edt\u00e1ssal!\",\"publisher\":{\"@id\":\"https:\\\/\\\/tajkertesz.com\\\/#organization\"},\"potentialAction\":[{\"@type\":\"SearchAction\",\"target\":{\"@type\":\"EntryPoint\",\"urlTemplate\":\"https:\\\/\\\/tajkertesz.com\\\/?s={search_term_string}\"},\"query-input\":{\"@type\":\"PropertyValueSpecification\",\"valueRequired\":true,\"valueName\":\"search_term_string\"}}],\"inLanguage\":\"en-US\"},{\"@type\":\"Organization\",\"@id\":\"https:\\\/\\\/tajkertesz.com\\\/#organization\",\"name\":\"T\u00e1j-Kert\u00e9sz 84 Kft.\",\"url\":\"https:\\\/\\\/tajkertesz.com\\\/\",\"logo\":{\"@type\":\"ImageObject\",\"inLanguage\":\"en-US\",\"@id\":\"https:\\\/\\\/tajkertesz.com\\\/#\\\/schema\\\/logo\\\/image\\\/\",\"url\":\"https:\\\/\\\/tajkertesz.com\\\/wp-content\\\/uploads\\\/2018\\\/02\\\/logo-2-e1518678052539.png\",\"contentUrl\":\"https:\\\/\\\/tajkertesz.com\\\/wp-content\\\/uploads\\\/2018\\\/02\\\/logo-2-e1518678052539.png\",\"width\":81,\"height\":140,\"caption\":\"T\u00e1j-Kert\u00e9sz 84 Kft.\"},\"image\":{\"@id\":\"https:\\\/\\\/tajkertesz.com\\\/#\\\/schema\\\/logo\\\/image\\\/\"},\"sameAs\":[\"https:\\\/\\\/www.facebook.com\\\/Tajkertesz\\\/\"]}]}<\/script>\n<!-- \/ Yoast SEO plugin. -->","yoast_head_json":{"title":"Datolyap\u00e1lma, f\u0151nixp\u00e1lma (Phoenix canariensis) kb. 60\/80 cm - T\u00e1jkert\u00e9sz","description":"Datolyap\u00e1lma, f\u0151nixp\u00e1lma (Phoenix canariensis) kb. 60\/80m szabadban tartva a datolyap\u00e1lma ak\u00e1r 30-40 m\u00e9ter. Az egyik mutat\u00f3sabb\u00a0 p\u00e1lmafaj.","robots":{"index":"index","follow":"follow","max-snippet":"max-snippet:-1","max-image-preview":"max-image-preview:large","max-video-preview":"max-video-preview:-1"},"canonical":"https:\/\/tajkertesz.com\/en_US\/product\/datolyapalma-fonixpalma-phoenix-canariensis-kb-60-80-cm-2\/","og_locale":"en_US","og_type":"article","og_title":"Datolyap\u00e1lma, f\u0151nixp\u00e1lma (Phoenix canariensis) kb. 60\/80 cm - T\u00e1jkert\u00e9sz","og_description":"Datolyap\u00e1lma, f\u0151nixp\u00e1lma (Phoenix canariensis) kb. 60\/80m szabadban tartva a datolyap\u00e1lma ak\u00e1r 30-40 m\u00e9ter. Az egyik mutat\u00f3sabb\u00a0 p\u00e1lmafaj.","og_url":"https:\/\/tajkertesz.com\/en_US\/product\/datolyapalma-fonixpalma-phoenix-canariensis-kb-60-80-cm-2\/","og_site_name":"T\u00e1jkert\u00e9sz","article_publisher":"https:\/\/www.facebook.com\/Tajkertesz\/","article_modified_time":"2026-03-01T07:55:23+00:00","og_image":[{"width":1442,"height":2560,"url":"https:\/\/tajkertesz.com\/wp-content\/uploads\/2021\/04\/20250131_143307-2-scaled.jpg","type":"image\/jpeg"}],"twitter_card":"summary_large_image","twitter_misc":{"Est. reading time":"2 minutes"},"schema":{"@context":"https:\/\/schema.org","@graph":[{"@type":"WebPage","@id":"https:\/\/tajkertesz.com\/termek\/datolyapalma-fonixpalma-phoenix-canariensis-kb-60-80-cm-2\/","url":"https:\/\/tajkertesz.com\/termek\/datolyapalma-fonixpalma-phoenix-canariensis-kb-60-80-cm-2\/","name":"Datolyap\u00e1lma, f\u0151nixp\u00e1lma (Phoenix canariensis) kb. 60\/80 cm - T\u00e1jkert\u00e9sz","isPartOf":{"@id":"https:\/\/tajkertesz.com\/#website"},"primaryImageOfPage":{"@id":"https:\/\/tajkertesz.com\/termek\/datolyapalma-fonixpalma-phoenix-canariensis-kb-60-80-cm-2\/#primaryimage"},"image":{"@id":"https:\/\/tajkertesz.com\/termek\/datolyapalma-fonixpalma-phoenix-canariensis-kb-60-80-cm-2\/#primaryimage"},"thumbnailUrl":"https:\/\/tajkertesz.com\/wp-content\/uploads\/2021\/04\/20250131_143307-2-scaled.jpg","datePublished":"2021-04-19T08:50:37+00:00","dateModified":"2026-03-01T07:55:23+00:00","description":"Datolyap\u00e1lma, f\u0151nixp\u00e1lma (Phoenix canariensis) kb. 60\/80m szabadban tartva a datolyap\u00e1lma ak\u00e1r 30-40 m\u00e9ter. Az egyik mutat\u00f3sabb\u00a0 p\u00e1lmafaj.","breadcrumb":{"@id":"https:\/\/tajkertesz.com\/termek\/datolyapalma-fonixpalma-phoenix-canariensis-kb-60-80-cm-2\/#breadcrumb"},"inLanguage":"en-US","potentialAction":[{"@type":"ReadAction","target":["https:\/\/tajkertesz.com\/termek\/datolyapalma-fonixpalma-phoenix-canariensis-kb-60-80-cm-2\/"]}]},{"@type":"ImageObject","inLanguage":"en-US","@id":"https:\/\/tajkertesz.com\/termek\/datolyapalma-fonixpalma-phoenix-canariensis-kb-60-80-cm-2\/#primaryimage","url":"https:\/\/tajkertesz.com\/wp-content\/uploads\/2021\/04\/20250131_143307-2-scaled.jpg","contentUrl":"https:\/\/tajkertesz.com\/wp-content\/uploads\/2021\/04\/20250131_143307-2-scaled.jpg","width":1442,"height":2560,"caption":"Datolyap\u00e1lma, f\u0151nixp\u00e1lma (Phoenix canariensis) kb. 60\/80 cm"},{"@type":"BreadcrumbList","@id":"https:\/\/tajkertesz.com\/termek\/datolyapalma-fonixpalma-phoenix-canariensis-kb-60-80-cm-2\/#breadcrumb","itemListElement":[{"@type":"ListItem","position":1,"name":"Home","item":"https:\/\/tajkertesz.com\/"},{"@type":"ListItem","position":2,"name":"Kezd\u0151lap","item":"https:\/\/tajkertesz.com\/"},{"@type":"ListItem","position":3,"name":"Datolyap\u00e1lma, f\u0151nixp\u00e1lma (Phoenix canariensis) kb. 60\/80 cm"}]},{"@type":"WebSite","@id":"https:\/\/tajkertesz.com\/#website","url":"https:\/\/tajkertesz.com\/","name":"T\u00e1j-Kert\u00e9sz 84 Kft.","description":"Kert\u00e9szeti kis- \u00e9s nagykeresked\u00e9s, D\u00edszn\u00f6v\u00e9ny web\u00e1ruh\u00e1z orsz\u00e1gos h\u00e1zhozsz\u00e1ll\u00edt\u00e1ssal!","publisher":{"@id":"https:\/\/tajkertesz.com\/#organization"},"potentialAction":[{"@type":"SearchAction","target":{"@type":"EntryPoint","urlTemplate":"https:\/\/tajkertesz.com\/?s={search_term_string}"},"query-input":{"@type":"PropertyValueSpecification","valueRequired":true,"valueName":"search_term_string"}}],"inLanguage":"en-US"},{"@type":"Organization","@id":"https:\/\/tajkertesz.com\/#organization","name":"T\u00e1j-Kert\u00e9sz 84 Kft.","url":"https:\/\/tajkertesz.com\/","logo":{"@type":"ImageObject","inLanguage":"en-US","@id":"https:\/\/tajkertesz.com\/#\/schema\/logo\/image\/","url":"https:\/\/tajkertesz.com\/wp-content\/uploads\/2018\/02\/logo-2-e1518678052539.png","contentUrl":"https:\/\/tajkertesz.com\/wp-content\/uploads\/2018\/02\/logo-2-e1518678052539.png","width":81,"height":140,"caption":"T\u00e1j-Kert\u00e9sz 84 Kft."},"image":{"@id":"https:\/\/tajkertesz.com\/#\/schema\/logo\/image\/"},"sameAs":["https:\/\/www.facebook.com\/Tajkertesz\/"]}]}},"_links":{"self":[{"href":"https:\/\/tajkertesz.com\/en_US\/wp-json\/wp\/v2\/product\/3409","targetHints":{"allow":["GET"]}}],"collection":[{"href":"https:\/\/tajkertesz.com\/en_US\/wp-json\/wp\/v2\/product"}],"about":[{"href":"https:\/\/tajkertesz.com\/en_US\/wp-json\/wp\/v2\/types\/product"}],"wp:featuredmedia":[{"embeddable":true,"href":"https:\/\/tajkertesz.com\/en_US\/wp-json\/wp\/v2\/media\/22323"}],"wp:attachment":[{"href":"https:\/\/tajkertesz.com\/en_US\/wp-json\/wp\/v2\/media?parent=3409"}],"wp:term":[{"taxonomy":"product_brand","embeddable":true,"href":"https:\/\/tajkertesz.com\/en_US\/wp-json\/wp\/v2\/product_brand?post=3409"},{"taxonomy":"product_cat","embeddable":true,"href":"https:\/\/tajkertesz.com\/en_US\/wp-json\/wp\/v2\/product_cat?post=3409"},{"taxonomy":"product_tag","embeddable":true,"href":"https:\/\/tajkertesz.com\/en_US\/wp-json\/wp\/v2\/product_tag?post=3409"}],"curies":[{"name":"wp","href":"https:\/\/api.w.org\/{rel}","templated":true}]}}