{"id":3465,"date":"2021-04-20T08:52:23","date_gmt":"2021-04-20T08:52:23","guid":{"rendered":"https:\/\/tajkertesz.com\/?post_type=product&#038;p=3465"},"modified":"2025-06-05T11:44:30","modified_gmt":"2025-06-05T11:44:30","slug":"azalea-japonica-kermesina-kb-50-60-cm-teljes-magassaga","status":"publish","type":"product","link":"https:\/\/tajkertesz.com\/en_US\/product\/azalea-japonica-kermesina-kb-50-60-cm-teljes-magassaga\/","title":{"rendered":"Azalea japonica &#8216;Kermesina&#8217; kb. 50-60 cm teljes magass\u00e1ga"},"content":{"rendered":"<p>Azalea japonica &#8216;Kermesina&#8217; kb. 50-60 cm teljes magass\u00e1ga<\/p>\n<p>&nbsp;<\/p>\n<p>&nbsp;<\/p>\n<p>Azalea japonica &#8216;Kermesina&#8217; kb. 50-60 cm teljes magass\u00e1ga sz\u00ednes, de kev\u00e9ss\u00e9 illatos vir\u00e1gai a hossz\u00fak\u00e1s, kiss\u00e9 sz\u0151r\u00f6z\u00f6tt lomblevelek f\u00f6l\u00e9 emelkednek. Eredeti \u00e9l\u0151hely\u00e9n ( K\u00edna, Tajvan) piros a vir\u00e1gja, de a kert\u00e9szek nemes\u00edt\u0151 munk\u00e1j\u00e1nak eredm\u00e9nyek\u00e9nt a b\u00edborv\u00f6r\u00f6st\u0151l a feh\u00e9rig m\u00e1r mindenf\u00e9le v\u00e1ltozata kaphat\u00f3.<\/p>\n<h4><span id=\".C3.89letm.C3.B3dja.2C_tart.C3.A1sa\"><\/span><span id=\"\u00c9letm\u00f3dja,_tart\u00e1sa\" class=\"mw-headline\">\u00c9letm\u00f3dja, tart\u00e1sa<\/span><\/h4>\n<p>A hervadt vir\u00e1gokat miel\u0151bb el kell t\u00e1vol\u00edtani a bokorr\u00f3l. Az elvir\u00e1gzott n\u00f6v\u00e9nyt h\u0171v\u00f6s, de vil\u00e1gos helyen kell tartani, \u00e9s \u00fagy t\u00e1pl\u00e1lni. A meleget nagyon rosszul t\u0171ri: t\u00falf\u0171t\u00f6tt helyis\u00e9gben ledobja a vir\u00e1gait \u00e9s leveleit, majd elpusztul. Legink\u00e1bb a 8\u201315 \u00b0C k\u00f6z\u00f6tti h\u0151m\u00e9rs\u00e9klet az optim\u00e1lis sz\u00e1m\u00e1ra. Mivel a p\u00e1r\u00e1s k\u00f6rnyezetet szereti, am\u00edg vir\u00e1gzik, c\u00e9lszer\u0171 naponta permetezni \u2013 de t\u00fal nedves \u00e9s hideg k\u00f6rnyezetben k\u00f6nnyen rothad.<\/p>\n<p>Ny\u00e1ron tarthatjuk a szabadban, p\u00e9ld\u00e1ul erk\u00e9lyen is, de vigy\u00e1zzunk arra, hogy t\u0171z\u0151 nap ne \u00e9rje,\u00a0 legink\u00e1bb a f\u00e9l\u00e1rny\u00e9kot kedveli. Mivel nem fagy\u00e1ll\u00f3, \u0151sszel mindenk\u00e9ppen be kell vinni. Ilyenkor \u00fcgyelj\u00fcnk arra, hogy ne \u00e9rje hirtelen a h\u0151m\u00e9rs\u00e9klet v\u00e1ltoz\u00e1s, azaz lassan szoktassuk a szoba meleghez.<\/p>\n<p>Csak savany\u00fa k\u00e9mhat\u00e1s\u00fa f\u00f6ldben \u00e9l meg. A meszet nagyon rosszul t\u0171ri. M\u00e1r a csapv\u00edz m\u00e9sztartalma is s\u00falyosan k\u00e1ros\u00edthatja, ez\u00e9rt a legjobb es\u0151v\u00edzzel \u00f6nt\u00f6zni. A talaj\u00e1t tartsuk \u00e1lland\u00f3an nedvesen a legjobb, ha hetente v\u00edzbe mer\u00edtj\u00fck a cserepet.<\/p>\n<p>Alakja bokrosod\u00f3, magass\u00e1ga 20-30 cm (\u00e9vszakt\u00f3l f\u00fcgg\u0151en), kifejlett magass\u00e1g kb. 60-80 cm. A lev\u00e9l kin\u00e9zete apr\u00f3, b\u0151rszer\u0171, f\u00e9nyes, \u00e9s \u00f6r\u00f6kz\u00f6ld.<\/p>\n<p>Vir\u00e1gz\u00e1si ideje \u00c1prilis- m\u00e1jus\u00a0 h\u00f3napban v\u00e1rhat\u00f3.A cserepes d\u00edszcserj\u00e9ket\u00a0 eg\u00e9sz \u00e9vben telep\u00edthetj\u00fck, megfelel\u0151 \u00f6nt\u00f6z\u00e9s mellett. (Kiv\u00e9ve tart\u00f3s nappali \u00e9s \u00e9jszakai fagyok eset\u00e9n.)<\/p>\n<p>Szereti a magas p\u00e1ratartalmat, naponta permetezz\u00fck a vir\u00e1gz\u00e1si id\u0151szakban, de magukat a vir\u00e1gokat \u00f3vjuk a v\u00edzt\u0151l.T\u00fal nedves \u00e9s hideg k\u00f6rnyezetben \u00e9rz\u00e9keny a rothad\u00e1sra. A lev\u00e9lhull\u00e1s \u00e9s a r\u00f6vid vir\u00e1gz\u00e1si id\u0151 leggyakoribb oka a v\u00edzhi\u00e1ny \u00e9s a sz\u00e1raz leveg\u0151. Ha s\u00e1rgulnak a levelei, t\u00fal meszes \u00f6nt\u00f6z\u0151v\u00edzre vagy vashi\u00e1nyra gyanakodhatunk.<\/p>\n<p>&nbsp;<\/p>\n<p>&nbsp;<\/p>\n<p><a href=\"https:\/\/hu.wikipedia.org\/wiki\/Az%C3%A1lea_(n%C3%B6v%C3%A9nyfaj)\">https:\/\/hu.wikipedia.org\/wiki\/Az%C3%A1lea_(n%C3%B6v%C3%A9nyfaj)<\/a><\/p>\n<p><a href=\"https:\/\/tajkertesz.com\/\">https:\/\/tajkertesz.com\/<\/a><\/p>\n<p>&nbsp;<\/p>\n<p>&nbsp;<\/p>\n<p><b>K\u00e9szlet\u00fcnk napi szinten v\u00e1ltozik, ez\u00e9rt k\u00e9rj\u00fck, \u00e9rdekl\u0151dj\u00f6n szem\u00e9lyesen, telefonon vagy email-en.<br \/>\nA v\u00e1ltoztat\u00e1s jog\u00e1t fenntartjuk!\u00a0<\/b><\/p>\n<p>&nbsp;<\/p>\n<p>Jelen n\u00f6v\u00e9ny\u00fcnk magass\u00e1ga : kb.50-60 cm + a cser\u00e9p magass\u00e1ga.<\/p>\n<p>&nbsp;<\/p>\n<p>Sz\u00e1ll\u00edt\u00e1s: 200 cm-ig \u00e9s 40 kg-ig fut\u00e1rc\u00e9ggel, a megadott m\u00e9reteken fel\u00fcl egyedi \u00e1ras a kisz\u00e1ll\u00edt\u00e1s.<\/p>","protected":false},"excerpt":{"rendered":"<p>Azalea japonica &#8216;Kermesina&#8217; kb. 50-60 cm teljes magass\u00e1ga sz\u00ednes, de kev\u00e9ss\u00e9 illatos vir\u00e1gai a hossz\u00fak\u00e1s, kiss\u00e9 sz\u0151r\u00f6z\u00f6tt lomblevelek f\u00f6l\u00e9 emelkednek. Eredeti \u00e9l\u0151hely\u00e9n ( K\u00edna, Tajvan) piros a vir\u00e1gja, de a kert\u00e9szek nemes\u00edt\u0151 munk\u00e1j\u00e1nak eredm\u00e9nyek\u00e9nt a b\u00edborv\u00f6r\u00f6st\u0151l a feh\u00e9rig m\u00e1r mindenf\u00e9le v\u00e1ltozata kaphat\u00f3.<\/p>\n<h4><span id=\".C3.89letm.C3.B3dja.2C_tart.C3.A1sa\"><\/span><span id=\"\u00c9letm\u00f3dja,_tart\u00e1sa\" class=\"mw-headline\">\u00c9letm\u00f3dja, tart\u00e1sa<\/span><\/h4>\n<p>A hervadt vir\u00e1gokat miel\u0151bb el kell t\u00e1vol\u00edtani a bokorr\u00f3l. Az elvir\u00e1gzott n\u00f6v\u00e9nyt h\u0171v\u00f6s, de vil\u00e1gos helyen kell tartani, \u00e9s \u00fagy t\u00e1pl\u00e1lni. A meleget nagyon rosszul t\u0171ri: t\u00falf\u0171t\u00f6tt helyis\u00e9gben ledobja a vir\u00e1gait \u00e9s leveleit, majd elpusztul.<\/p>","protected":false},"featured_media":3466,"template":"","meta":{"_et_pb_use_builder":"","_et_pb_old_content":"","_et_gb_content_width":""},"product_brand":[],"product_cat":[27],"product_tag":[1321,1322,1329],"class_list":{"0":"post-3465","1":"product","2":"type-product","3":"status-publish","4":"has-post-thumbnail","6":"product_cat-cserjek","7":"product_tag-azalea","8":"product_tag-azalea-japonica","9":"product_tag-kermesina","11":"first","12":"outofstock","13":"shipping-taxable","14":"product-type-simple"},"yoast_head":"<!-- This site is optimized with the Yoast SEO plugin v27.3 - https:\/\/yoast.com\/product\/yoast-seo-wordpress\/ -->\n<title>Azalea japonica &#039;Kermesina&#039; kb. 50-60 cm teljes magass\u00e1ga - T\u00e1jkert\u00e9sz<\/title>\n<meta name=\"description\" content=\"Azalea japonica &#039;Kermesina&#039; kb. 50-60 cm teljes magass\u00e1ga sz\u00ednes, de kev\u00e9ss\u00e9 illatos vir\u00e1gai a hossz\u00fak\u00e1s, kiss\u00e9 sz\u0151r\u00f6z\u00f6tt lomblevelek\" \/>\n<meta name=\"robots\" content=\"index, follow, max-snippet:-1, max-image-preview:large, max-video-preview:-1\" \/>\n<link rel=\"canonical\" href=\"https:\/\/tajkertesz.com\/en_US\/product\/azalea-japonica-kermesina-kb-50-60-cm-teljes-magassaga\/\" \/>\n<meta property=\"og:locale\" content=\"en_US\" \/>\n<meta property=\"og:type\" content=\"article\" \/>\n<meta property=\"og:title\" content=\"Azalea japonica &#039;Kermesina&#039; kb. 50-60 cm teljes magass\u00e1ga - T\u00e1jkert\u00e9sz\" \/>\n<meta property=\"og:description\" content=\"Azalea japonica &#039;Kermesina&#039; kb. 50-60 cm teljes magass\u00e1ga sz\u00ednes, de kev\u00e9ss\u00e9 illatos vir\u00e1gai a hossz\u00fak\u00e1s, kiss\u00e9 sz\u0151r\u00f6z\u00f6tt lomblevelek\" \/>\n<meta property=\"og:url\" content=\"https:\/\/tajkertesz.com\/en_US\/product\/azalea-japonica-kermesina-kb-50-60-cm-teljes-magassaga\/\" \/>\n<meta property=\"og:site_name\" content=\"T\u00e1jkert\u00e9sz\" \/>\n<meta property=\"article:publisher\" content=\"https:\/\/www.facebook.com\/Tajkertesz\/\" \/>\n<meta property=\"article:modified_time\" content=\"2025-06-05T11:44:30+00:00\" \/>\n<meta property=\"og:image\" content=\"https:\/\/tajkertesz.com\/wp-content\/uploads\/2021\/04\/k-cut-adjust-contrast_a1m31o9w_1.jpeg\" \/>\n\t<meta property=\"og:image:width\" content=\"553\" \/>\n\t<meta property=\"og:image:height\" content=\"457\" \/>\n\t<meta property=\"og:image:type\" content=\"image\/jpeg\" \/>\n<meta name=\"twitter:card\" content=\"summary_large_image\" \/>\n<meta name=\"twitter:label1\" content=\"Est. reading time\" \/>\n\t<meta name=\"twitter:data1\" content=\"2 minutes\" \/>\n<script type=\"application\/ld+json\" class=\"yoast-schema-graph\">{\"@context\":\"https:\\\/\\\/schema.org\",\"@graph\":[{\"@type\":\"WebPage\",\"@id\":\"https:\\\/\\\/tajkertesz.com\\\/termek\\\/azalea-japonica-kermesina-kb-50-60-cm-teljes-magassaga\\\/\",\"url\":\"https:\\\/\\\/tajkertesz.com\\\/termek\\\/azalea-japonica-kermesina-kb-50-60-cm-teljes-magassaga\\\/\",\"name\":\"Azalea japonica 'Kermesina' kb. 50-60 cm teljes magass\u00e1ga - T\u00e1jkert\u00e9sz\",\"isPartOf\":{\"@id\":\"https:\\\/\\\/tajkertesz.com\\\/#website\"},\"primaryImageOfPage\":{\"@id\":\"https:\\\/\\\/tajkertesz.com\\\/termek\\\/azalea-japonica-kermesina-kb-50-60-cm-teljes-magassaga\\\/#primaryimage\"},\"image\":{\"@id\":\"https:\\\/\\\/tajkertesz.com\\\/termek\\\/azalea-japonica-kermesina-kb-50-60-cm-teljes-magassaga\\\/#primaryimage\"},\"thumbnailUrl\":\"https:\\\/\\\/tajkertesz.com\\\/wp-content\\\/uploads\\\/2021\\\/04\\\/k-cut-adjust-contrast_a1m31o9w_1.jpeg\",\"datePublished\":\"2021-04-20T08:52:23+00:00\",\"dateModified\":\"2025-06-05T11:44:30+00:00\",\"description\":\"Azalea japonica 'Kermesina' kb. 50-60 cm teljes magass\u00e1ga sz\u00ednes, de kev\u00e9ss\u00e9 illatos vir\u00e1gai a hossz\u00fak\u00e1s, kiss\u00e9 sz\u0151r\u00f6z\u00f6tt lomblevelek\",\"breadcrumb\":{\"@id\":\"https:\\\/\\\/tajkertesz.com\\\/termek\\\/azalea-japonica-kermesina-kb-50-60-cm-teljes-magassaga\\\/#breadcrumb\"},\"inLanguage\":\"en-US\",\"potentialAction\":[{\"@type\":\"ReadAction\",\"target\":[\"https:\\\/\\\/tajkertesz.com\\\/termek\\\/azalea-japonica-kermesina-kb-50-60-cm-teljes-magassaga\\\/\"]}]},{\"@type\":\"ImageObject\",\"inLanguage\":\"en-US\",\"@id\":\"https:\\\/\\\/tajkertesz.com\\\/termek\\\/azalea-japonica-kermesina-kb-50-60-cm-teljes-magassaga\\\/#primaryimage\",\"url\":\"https:\\\/\\\/tajkertesz.com\\\/wp-content\\\/uploads\\\/2021\\\/04\\\/k-cut-adjust-contrast_a1m31o9w_1.jpeg\",\"contentUrl\":\"https:\\\/\\\/tajkertesz.com\\\/wp-content\\\/uploads\\\/2021\\\/04\\\/k-cut-adjust-contrast_a1m31o9w_1.jpeg\",\"width\":553,\"height\":457},{\"@type\":\"BreadcrumbList\",\"@id\":\"https:\\\/\\\/tajkertesz.com\\\/termek\\\/azalea-japonica-kermesina-kb-50-60-cm-teljes-magassaga\\\/#breadcrumb\",\"itemListElement\":[{\"@type\":\"ListItem\",\"position\":1,\"name\":\"Home\",\"item\":\"https:\\\/\\\/tajkertesz.com\\\/\"},{\"@type\":\"ListItem\",\"position\":2,\"name\":\"Kezd\u0151lap\",\"item\":\"https:\\\/\\\/tajkertesz.com\\\/\"},{\"@type\":\"ListItem\",\"position\":3,\"name\":\"Azalea japonica &#8216;Kermesina&#8217; kb. 50-60 cm teljes magass\u00e1ga\"}]},{\"@type\":\"WebSite\",\"@id\":\"https:\\\/\\\/tajkertesz.com\\\/#website\",\"url\":\"https:\\\/\\\/tajkertesz.com\\\/\",\"name\":\"T\u00e1j-Kert\u00e9sz 84 Kft.\",\"description\":\"Kert\u00e9szeti kis- \u00e9s nagykeresked\u00e9s, D\u00edszn\u00f6v\u00e9ny web\u00e1ruh\u00e1z orsz\u00e1gos h\u00e1zhozsz\u00e1ll\u00edt\u00e1ssal!\",\"publisher\":{\"@id\":\"https:\\\/\\\/tajkertesz.com\\\/#organization\"},\"potentialAction\":[{\"@type\":\"SearchAction\",\"target\":{\"@type\":\"EntryPoint\",\"urlTemplate\":\"https:\\\/\\\/tajkertesz.com\\\/?s={search_term_string}\"},\"query-input\":{\"@type\":\"PropertyValueSpecification\",\"valueRequired\":true,\"valueName\":\"search_term_string\"}}],\"inLanguage\":\"en-US\"},{\"@type\":\"Organization\",\"@id\":\"https:\\\/\\\/tajkertesz.com\\\/#organization\",\"name\":\"T\u00e1j-Kert\u00e9sz 84 Kft.\",\"url\":\"https:\\\/\\\/tajkertesz.com\\\/\",\"logo\":{\"@type\":\"ImageObject\",\"inLanguage\":\"en-US\",\"@id\":\"https:\\\/\\\/tajkertesz.com\\\/#\\\/schema\\\/logo\\\/image\\\/\",\"url\":\"https:\\\/\\\/tajkertesz.com\\\/wp-content\\\/uploads\\\/2018\\\/02\\\/logo-2-e1518678052539.png\",\"contentUrl\":\"https:\\\/\\\/tajkertesz.com\\\/wp-content\\\/uploads\\\/2018\\\/02\\\/logo-2-e1518678052539.png\",\"width\":81,\"height\":140,\"caption\":\"T\u00e1j-Kert\u00e9sz 84 Kft.\"},\"image\":{\"@id\":\"https:\\\/\\\/tajkertesz.com\\\/#\\\/schema\\\/logo\\\/image\\\/\"},\"sameAs\":[\"https:\\\/\\\/www.facebook.com\\\/Tajkertesz\\\/\"]}]}<\/script>\n<!-- \/ Yoast SEO plugin. -->","yoast_head_json":{"title":"Azalea japonica 'Kermesina' kb. 50-60 cm teljes magass\u00e1ga - T\u00e1jkert\u00e9sz","description":"Azalea japonica 'Kermesina' kb. 50-60 cm teljes magass\u00e1ga sz\u00ednes, de kev\u00e9ss\u00e9 illatos vir\u00e1gai a hossz\u00fak\u00e1s, kiss\u00e9 sz\u0151r\u00f6z\u00f6tt lomblevelek","robots":{"index":"index","follow":"follow","max-snippet":"max-snippet:-1","max-image-preview":"max-image-preview:large","max-video-preview":"max-video-preview:-1"},"canonical":"https:\/\/tajkertesz.com\/en_US\/product\/azalea-japonica-kermesina-kb-50-60-cm-teljes-magassaga\/","og_locale":"en_US","og_type":"article","og_title":"Azalea japonica 'Kermesina' kb. 50-60 cm teljes magass\u00e1ga - T\u00e1jkert\u00e9sz","og_description":"Azalea japonica 'Kermesina' kb. 50-60 cm teljes magass\u00e1ga sz\u00ednes, de kev\u00e9ss\u00e9 illatos vir\u00e1gai a hossz\u00fak\u00e1s, kiss\u00e9 sz\u0151r\u00f6z\u00f6tt lomblevelek","og_url":"https:\/\/tajkertesz.com\/en_US\/product\/azalea-japonica-kermesina-kb-50-60-cm-teljes-magassaga\/","og_site_name":"T\u00e1jkert\u00e9sz","article_publisher":"https:\/\/www.facebook.com\/Tajkertesz\/","article_modified_time":"2025-06-05T11:44:30+00:00","og_image":[{"width":553,"height":457,"url":"https:\/\/tajkertesz.com\/wp-content\/uploads\/2021\/04\/k-cut-adjust-contrast_a1m31o9w_1.jpeg","type":"image\/jpeg"}],"twitter_card":"summary_large_image","twitter_misc":{"Est. reading time":"2 minutes"},"schema":{"@context":"https:\/\/schema.org","@graph":[{"@type":"WebPage","@id":"https:\/\/tajkertesz.com\/termek\/azalea-japonica-kermesina-kb-50-60-cm-teljes-magassaga\/","url":"https:\/\/tajkertesz.com\/termek\/azalea-japonica-kermesina-kb-50-60-cm-teljes-magassaga\/","name":"Azalea japonica 'Kermesina' kb. 50-60 cm teljes magass\u00e1ga - T\u00e1jkert\u00e9sz","isPartOf":{"@id":"https:\/\/tajkertesz.com\/#website"},"primaryImageOfPage":{"@id":"https:\/\/tajkertesz.com\/termek\/azalea-japonica-kermesina-kb-50-60-cm-teljes-magassaga\/#primaryimage"},"image":{"@id":"https:\/\/tajkertesz.com\/termek\/azalea-japonica-kermesina-kb-50-60-cm-teljes-magassaga\/#primaryimage"},"thumbnailUrl":"https:\/\/tajkertesz.com\/wp-content\/uploads\/2021\/04\/k-cut-adjust-contrast_a1m31o9w_1.jpeg","datePublished":"2021-04-20T08:52:23+00:00","dateModified":"2025-06-05T11:44:30+00:00","description":"Azalea japonica 'Kermesina' kb. 50-60 cm teljes magass\u00e1ga sz\u00ednes, de kev\u00e9ss\u00e9 illatos vir\u00e1gai a hossz\u00fak\u00e1s, kiss\u00e9 sz\u0151r\u00f6z\u00f6tt lomblevelek","breadcrumb":{"@id":"https:\/\/tajkertesz.com\/termek\/azalea-japonica-kermesina-kb-50-60-cm-teljes-magassaga\/#breadcrumb"},"inLanguage":"en-US","potentialAction":[{"@type":"ReadAction","target":["https:\/\/tajkertesz.com\/termek\/azalea-japonica-kermesina-kb-50-60-cm-teljes-magassaga\/"]}]},{"@type":"ImageObject","inLanguage":"en-US","@id":"https:\/\/tajkertesz.com\/termek\/azalea-japonica-kermesina-kb-50-60-cm-teljes-magassaga\/#primaryimage","url":"https:\/\/tajkertesz.com\/wp-content\/uploads\/2021\/04\/k-cut-adjust-contrast_a1m31o9w_1.jpeg","contentUrl":"https:\/\/tajkertesz.com\/wp-content\/uploads\/2021\/04\/k-cut-adjust-contrast_a1m31o9w_1.jpeg","width":553,"height":457},{"@type":"BreadcrumbList","@id":"https:\/\/tajkertesz.com\/termek\/azalea-japonica-kermesina-kb-50-60-cm-teljes-magassaga\/#breadcrumb","itemListElement":[{"@type":"ListItem","position":1,"name":"Home","item":"https:\/\/tajkertesz.com\/"},{"@type":"ListItem","position":2,"name":"Kezd\u0151lap","item":"https:\/\/tajkertesz.com\/"},{"@type":"ListItem","position":3,"name":"Azalea japonica &#8216;Kermesina&#8217; kb. 50-60 cm teljes magass\u00e1ga"}]},{"@type":"WebSite","@id":"https:\/\/tajkertesz.com\/#website","url":"https:\/\/tajkertesz.com\/","name":"T\u00e1j-Kert\u00e9sz 84 Kft.","description":"Kert\u00e9szeti kis- \u00e9s nagykeresked\u00e9s, D\u00edszn\u00f6v\u00e9ny web\u00e1ruh\u00e1z orsz\u00e1gos h\u00e1zhozsz\u00e1ll\u00edt\u00e1ssal!","publisher":{"@id":"https:\/\/tajkertesz.com\/#organization"},"potentialAction":[{"@type":"SearchAction","target":{"@type":"EntryPoint","urlTemplate":"https:\/\/tajkertesz.com\/?s={search_term_string}"},"query-input":{"@type":"PropertyValueSpecification","valueRequired":true,"valueName":"search_term_string"}}],"inLanguage":"en-US"},{"@type":"Organization","@id":"https:\/\/tajkertesz.com\/#organization","name":"T\u00e1j-Kert\u00e9sz 84 Kft.","url":"https:\/\/tajkertesz.com\/","logo":{"@type":"ImageObject","inLanguage":"en-US","@id":"https:\/\/tajkertesz.com\/#\/schema\/logo\/image\/","url":"https:\/\/tajkertesz.com\/wp-content\/uploads\/2018\/02\/logo-2-e1518678052539.png","contentUrl":"https:\/\/tajkertesz.com\/wp-content\/uploads\/2018\/02\/logo-2-e1518678052539.png","width":81,"height":140,"caption":"T\u00e1j-Kert\u00e9sz 84 Kft."},"image":{"@id":"https:\/\/tajkertesz.com\/#\/schema\/logo\/image\/"},"sameAs":["https:\/\/www.facebook.com\/Tajkertesz\/"]}]}},"_links":{"self":[{"href":"https:\/\/tajkertesz.com\/en_US\/wp-json\/wp\/v2\/product\/3465","targetHints":{"allow":["GET"]}}],"collection":[{"href":"https:\/\/tajkertesz.com\/en_US\/wp-json\/wp\/v2\/product"}],"about":[{"href":"https:\/\/tajkertesz.com\/en_US\/wp-json\/wp\/v2\/types\/product"}],"wp:featuredmedia":[{"embeddable":true,"href":"https:\/\/tajkertesz.com\/en_US\/wp-json\/wp\/v2\/media\/3466"}],"wp:attachment":[{"href":"https:\/\/tajkertesz.com\/en_US\/wp-json\/wp\/v2\/media?parent=3465"}],"wp:term":[{"taxonomy":"product_brand","embeddable":true,"href":"https:\/\/tajkertesz.com\/en_US\/wp-json\/wp\/v2\/product_brand?post=3465"},{"taxonomy":"product_cat","embeddable":true,"href":"https:\/\/tajkertesz.com\/en_US\/wp-json\/wp\/v2\/product_cat?post=3465"},{"taxonomy":"product_tag","embeddable":true,"href":"https:\/\/tajkertesz.com\/en_US\/wp-json\/wp\/v2\/product_tag?post=3465"}],"curies":[{"name":"wp","href":"https:\/\/api.w.org\/{rel}","templated":true}]}}