{"id":3490,"date":"2021-04-20T12:25:34","date_gmt":"2021-04-20T12:25:34","guid":{"rendered":"https:\/\/tajkertesz.com\/?post_type=product&#038;p=3490"},"modified":"2024-04-05T11:33:50","modified_gmt":"2024-04-05T11:33:50","slug":"rhododendron-pink-lady-kb-35-45-cm-teljes-magassag","status":"publish","type":"product","link":"https:\/\/tajkertesz.com\/en_US\/product\/rhododendron-pink-lady-kb-35-45-cm-teljes-magassag\/","title":{"rendered":"Rhododendron &#8216;Pink Lady&#8217; kb. 35-45 cm teljes magass\u00e1g"},"content":{"rendered":"<p>Rhododendron &#8216;Pink Lady&#8217; kb. 35-45 cm teljes magass\u00e1g<\/p>\n<p>&nbsp;<\/p>\n<p>&nbsp;<\/p>\n<p>Rhododendron &#8216;Pink Lady&#8217; kb. 35-45 cm teljes magass\u00e1g vagy havassz\u00e9pe egy csodasz\u00e9p vir\u00e1g\u00fa cserje.Maga a cserje bokros n\u00f6veked\u00e9s\u0171, magass\u00e1ga pedig az alacsonyt\u00f3l a 2-5 m\u00e9teresig\u00a0 terjedhet. Pomp\u00e1s illat\u00fa vir\u00e1gainak sz\u00edn- \u00e9s formagazdags\u00e1ga szinte hihetetlen. A vir\u00e1g a k\u00e9k kiv\u00e9tel\u00e9vel b\u00e1rmilyen sz\u00edn\u0171 lehet, de legjellemz\u0151bb a b\u00edbor, a h\u00fasv\u00f6r\u00f6s, a naps\u00e1rga \u00e9s a feh\u00e9r,vir\u00e1gai pedig bokr\u00e9taszer\u0171en, f\u00fcrt\u00f6sen illetve s\u00e1torvir\u00e1gzatban fejl\u0151dnek. Vir\u00e1gr\u00fcgyei mindig a hajt\u00e1scs\u00facsokon fejl\u0151dnek ki, amelyek fajt\u00e1t\u00f3l f\u00fcgg\u0151en m\u00e1jus elej\u00e9t\u0151l j\u00fanius v\u00e9g\u00e9ig ny\u00edlnak.<br \/>\nMagyarorsz\u00e1gon csak a kimondottan fagyt\u0171r\u0151 fajok telep\u00edthet\u0151k.Ha d\u00e9zs\u00e1ba \u00fcltetj\u00fck a n\u00f6v\u00e9nyt, akkor k\u00f6nnyebb dolgunk van, mivel csak az ed\u00e9ny m\u00e9ret\u00e9nek megfelel\u0151 mennyis\u00e9g\u0171 savany\u00fa (4-4,5 pH-s) f\u00f6ldre, vagy kifejezetten rododendron f\u00f6ldre van sz\u00fcks\u00e9g\u00fcnk. A rododendron v\u00edzig\u00e9nye nagy, f\u00f6ldje kisz\u00e1rad\u00e1s\u00e1t csak a legritk\u00e1bb esetben viseli el. \u00d6nt\u00f6z\u00e9s\u00fck lehet\u0151leg l\u00e1gy \u00e9s tiszta csapad\u00e9kv\u00edzzel t\u00f6rt\u00e9njen. \u00c1t\u00fcltet\u00e9s\u00fck a fejl\u0151d\u00e9s\u00fcket g\u00e1tl\u00f3 bes\u0171r\u0171s\u00f6d\u00e9s bek\u00f6vetkez\u00e9sekor v\u00e1lhat sz\u00fcks\u00e9gess\u00e9. Ezt a teljesen kifejlett id\u0151s p\u00e9ld\u00e1nyok is j\u00f3l t\u0171rik.<br \/>\nAz elny\u00edlt vir\u00e1gokat ki kell t\u00f6rni, k\u00fcl\u00f6nben ott a k\u00f6vetkez\u0151 \u00e9vekben nem hoz \u00faj bimb\u00f3t. Csak \u00e1rny\u00e9kos helyen a t\u0171z\u0151 napt\u00f3l t\u00e1vol marad meg.<\/p>\n<h3><span id=\"Nev\u00e9nek_eredete\" class=\"mw-headline\" style=\"color: #ffffff;\">Nev\u00e9nek eredete<\/span><\/h3>\n<p><span style=\"color: #ffffff;\">Tudom\u00e1nyos nev\u00e9t Linn\u00e9 a g\u00f6r\u00f6g rod\u00f3n ( r\u00f3zsa ) \u00e9s dendron ( Fa) szavakb\u00f3l k\u00e9pezte. Mivel azonban a rododendron nem r\u00f3zsa \u00e9s nem is fa, \u0151 maga is el\u00e9gedetlen volt vele, olyannyira, hogy \u00e1tkeresztelte <b>azale\u00e1nak<\/b>, de ezt a nevet ma f\u0151leg a kert\u00e9szeti, cser\u00e9pben nevelt szubtr\u00f3pusi fajt\u00e1kra haszn\u00e1lj\u00e1k.<\/span><\/p>\n<p><span style=\"color: #ffffff;\">Magyar neve is t\u00f6bbf\u00e9le van: hangar\u00f3zsa, havasi r\u00f3zsa, havassz\u00e9pe. Ez ut\u00f3bbi az\u00e9rt a legtal\u00e1l\u00f3bb, mert utal arra, hogy ez a n\u00f6v\u00e9ny az Alpokban \u00e9s a\u00a0 K\u00e1rp\u00e1tokban a fenyvesek f\u00f6l\u00f6tt \u00e9l: ott, ahol a gyalogfeny\u0151 a havasi r\u00e9tekkel tal\u00e1lkozik.<\/span><\/p>\n<h3><span style=\"color: #ffffff;\"><span id=\"Elterjed.C3.A9se.2C_.C3.A9l.C5.91helye\"><\/span><span id=\"Elterjed\u00e9se,_\u00e9l\u0151helye\" class=\"mw-headline\">Elterjed\u00e9se, \u00e9l\u0151helye<\/span><\/span><\/h3>\n<p><span style=\"color: #ffffff;\">A T\u00e1vol-Keletr\u0151l sz\u00e1rmazik, de napjainkra k\u00f6zel ezer faja \u00e9l az \u00e9szaki f\u00e9ltek\u00e9n: Eur\u00f3p\u00e1ban, \u00c1zsi\u00e1ban \u00e9s \u00c9szak-Amerik\u00e1ban \u2013 a legt\u00f6bb K\u00edn\u00e1ban, Jap\u00e1nban \u00e9s Indi\u00e1ban, kiv\u00e1ltk\u00e9pp a Himal\u00e1ja lejt\u0151in. Elterjeszt\u00e9s\u00e9ben d\u00f6nt\u0151 szerepe volt a kert\u00e9szetnek. Az eur\u00f3pai k\u00f6r\u00fclm\u00e9nyeket hamar megszokta, de csak azokon a helyeken telepedett meg v\u00e9g\u00e9rv\u00e9nyesen, ahol a t\u00e9l nem t\u00fals\u00e1gosan zord, a tavasz h\u0171v\u00f6s \u00e9s nedves, a ny\u00e1r pedig meleg, de p\u00e1r\u00e1s. Nem v\u00e9letlen, hogy a legszebb rododendronkerteket Angli\u00e1ban \u00e9s \u00cdrorsz\u00e1gban tal\u00e1ljuk.<\/span><\/p>\n<p><span style=\"color: #ffffff;\">Magyarorsz\u00e1gon legnagyobb \u00e1llom\u00e1nyai K\u00e1m mellett a Jeli arbor\u00e9tumban, \u00e9s a Szombathelyhez tartoz\u00f3 K\u00e1moni arbor\u00e9tumban tal\u00e1lhat\u00f3k, de fellelhet\u0151 m\u00e1s gy\u0171jtem\u00e9nyekben\u00a0is.<\/span><\/p>\n<p>&nbsp;<\/p>\n<p>&nbsp;<\/p>\n<p><a href=\"https:\/\/hu.wikipedia.org\/wiki\/Havassz%C3%A9pe\">https:\/\/hu.wikipedia.org\/wiki\/Havassz%C3%A9pe<\/a><\/p>\n<p><a href=\"https:\/\/tajkertesz.com\/\">https:\/\/tajkertesz.com\/<\/a><\/p>\n<p>&nbsp;<\/p>\n<p>&nbsp;<\/p>\n<p><b>K\u00e9szlet\u00fcnk napi szinten v\u00e1ltozik, ez\u00e9rt k\u00e9rj\u00fck, \u00e9rdekl\u0151dj\u00f6n szem\u00e9lyesen, telefonon vagy email-en.<br \/>\nA v\u00e1ltoztat\u00e1s jog\u00e1t fenntartjuk!\u00a0<\/b><\/p>\n<p>&nbsp;<\/p>\n<p>Jelen n\u00f6v\u00e9ny\u00fcnk magass\u00e1ga : kb. 35-45cm + a cser\u00e9p magass\u00e1ga.<\/p>\n<p>&nbsp;<\/p>\n<p>Sz\u00e1ll\u00edt\u00e1s: 200 cm-ig \u00e9s 40 kg-ig fut\u00e1rc\u00e9ggel, a megadott m\u00e9reteken fel\u00fcl egyedi \u00e1ras a kisz\u00e1ll\u00edt\u00e1s.<\/p>","protected":false},"excerpt":{"rendered":"<p>A Rhododendron &#8216;Pink Lady&#8217; kb. 35-45 cm teljes magass\u00e1g vagy havassz\u00e9pe egy csodasz\u00e9p vir\u00e1g\u00fa cserje.Maga a cserje bokros n\u00f6veked\u00e9s\u0171, magass\u00e1ga pedig az alacsonyt\u00f3l a 2-5 m\u00e9teresig\u00a0 terjedhet. Pomp\u00e1s illat\u00fa vir\u00e1gainak sz\u00edn- \u00e9s formagazdags\u00e1ga szinte hihetetlen. A vir\u00e1g a k\u00e9k kiv\u00e9tel\u00e9vel b\u00e1rmilyen sz\u00edn\u0171 lehet, de legjellemz\u0151bb a b\u00edbor, a h\u00fasv\u00f6r\u00f6s, a naps\u00e1rga \u00e9s a feh\u00e9r,vir\u00e1gai pedig bokr\u00e9taszer\u0171en, f\u00fcrt\u00f6sen illetve s\u00e1torvir\u00e1gzatban fejl\u0151dnek. Vir\u00e1gr\u00fcgyei mindig a hajt\u00e1scs\u00facsokon fejl\u0151dnek ki, amelyek fajt\u00e1t\u00f3l f\u00fcgg\u0151en m\u00e1jus elej\u00e9t\u0151l j\u00fanius v\u00e9g\u00e9ig ny\u00edlnak.<br \/>\nMagyarorsz\u00e1gon csak a kimondottan fagyt\u0171r\u0151 fajok telep\u00edthet\u0151k.<\/p>","protected":false},"featured_media":3491,"template":"","meta":{"_et_pb_use_builder":"","_et_pb_old_content":"","_et_gb_content_width":""},"product_brand":[],"product_cat":[27],"product_tag":[1333,1338,1331],"class_list":{"0":"post-3490","1":"product","2":"type-product","3":"status-publish","4":"has-post-thumbnail","6":"product_cat-cserjek","7":"product_tag-havasszepe","8":"product_tag-pink-lady","9":"product_tag-rhododendron","11":"first","12":"outofstock","13":"shipping-taxable","14":"product-type-simple"},"yoast_head":"<!-- This site is optimized with the Yoast SEO plugin v27.5 - https:\/\/yoast.com\/product\/yoast-seo-wordpress\/ -->\n<title>Rhododendron &#039;Pink Lady&#039; kb. 35-45 cm teljes magass\u00e1g - T\u00e1jkert\u00e9sz<\/title>\n<meta name=\"description\" content=\"Rhododendron &#039;Pink Lady&#039; kb. 35-45 cm teljes magass\u00e1g sz\u00ednes, de kev\u00e9ss\u00e9 illatos vir\u00e1gai a hossz\u00fak\u00e1s, kiss\u00e9 sz\u0151r\u00f6z\u00f6tt\" \/>\n<meta name=\"robots\" content=\"index, follow, max-snippet:-1, max-image-preview:large, max-video-preview:-1\" \/>\n<link rel=\"canonical\" href=\"https:\/\/tajkertesz.com\/en_US\/product\/rhododendron-pink-lady-kb-35-45-cm-teljes-magassag\/\" \/>\n<meta property=\"og:locale\" content=\"en_US\" \/>\n<meta property=\"og:type\" content=\"article\" \/>\n<meta property=\"og:title\" content=\"Rhododendron &#039;Pink Lady&#039; kb. 35-45 cm teljes magass\u00e1g - T\u00e1jkert\u00e9sz\" \/>\n<meta property=\"og:description\" content=\"Rhododendron &#039;Pink Lady&#039; kb. 35-45 cm teljes magass\u00e1g sz\u00ednes, de kev\u00e9ss\u00e9 illatos vir\u00e1gai a hossz\u00fak\u00e1s, kiss\u00e9 sz\u0151r\u00f6z\u00f6tt\" \/>\n<meta property=\"og:url\" content=\"https:\/\/tajkertesz.com\/en_US\/product\/rhododendron-pink-lady-kb-35-45-cm-teljes-magassag\/\" \/>\n<meta property=\"og:site_name\" content=\"T\u00e1jkert\u00e9sz\" \/>\n<meta property=\"article:publisher\" content=\"https:\/\/www.facebook.com\/Tajkertesz\/\" \/>\n<meta property=\"article:modified_time\" content=\"2024-04-05T11:33:50+00:00\" \/>\n<meta property=\"og:image\" content=\"https:\/\/tajkertesz.com\/wp-content\/uploads\/2021\/04\/173974948_5540445489364032_1650236609784686907_n.jpg\" \/>\n\t<meta property=\"og:image:width\" content=\"1923\" \/>\n\t<meta property=\"og:image:height\" content=\"2048\" \/>\n\t<meta property=\"og:image:type\" content=\"image\/jpeg\" \/>\n<meta name=\"twitter:card\" content=\"summary_large_image\" \/>\n<meta name=\"twitter:label1\" content=\"Est. reading time\" \/>\n\t<meta name=\"twitter:data1\" content=\"3 minutes\" \/>\n<script type=\"application\/ld+json\" class=\"yoast-schema-graph\">{\"@context\":\"https:\\\/\\\/schema.org\",\"@graph\":[{\"@type\":\"WebPage\",\"@id\":\"https:\\\/\\\/tajkertesz.com\\\/termek\\\/rhododendron-pink-lady-kb-35-45-cm-teljes-magassag\\\/\",\"url\":\"https:\\\/\\\/tajkertesz.com\\\/termek\\\/rhododendron-pink-lady-kb-35-45-cm-teljes-magassag\\\/\",\"name\":\"Rhododendron 'Pink Lady' kb. 35-45 cm teljes magass\u00e1g - T\u00e1jkert\u00e9sz\",\"isPartOf\":{\"@id\":\"https:\\\/\\\/tajkertesz.com\\\/#website\"},\"primaryImageOfPage\":{\"@id\":\"https:\\\/\\\/tajkertesz.com\\\/termek\\\/rhododendron-pink-lady-kb-35-45-cm-teljes-magassag\\\/#primaryimage\"},\"image\":{\"@id\":\"https:\\\/\\\/tajkertesz.com\\\/termek\\\/rhododendron-pink-lady-kb-35-45-cm-teljes-magassag\\\/#primaryimage\"},\"thumbnailUrl\":\"https:\\\/\\\/tajkertesz.com\\\/wp-content\\\/uploads\\\/2021\\\/04\\\/173974948_5540445489364032_1650236609784686907_n.jpg\",\"datePublished\":\"2021-04-20T12:25:34+00:00\",\"dateModified\":\"2024-04-05T11:33:50+00:00\",\"description\":\"Rhododendron 'Pink Lady' kb. 35-45 cm teljes magass\u00e1g sz\u00ednes, de kev\u00e9ss\u00e9 illatos vir\u00e1gai a hossz\u00fak\u00e1s, kiss\u00e9 sz\u0151r\u00f6z\u00f6tt\",\"breadcrumb\":{\"@id\":\"https:\\\/\\\/tajkertesz.com\\\/termek\\\/rhododendron-pink-lady-kb-35-45-cm-teljes-magassag\\\/#breadcrumb\"},\"inLanguage\":\"en-US\",\"potentialAction\":[{\"@type\":\"ReadAction\",\"target\":[\"https:\\\/\\\/tajkertesz.com\\\/termek\\\/rhododendron-pink-lady-kb-35-45-cm-teljes-magassag\\\/\"]}]},{\"@type\":\"ImageObject\",\"inLanguage\":\"en-US\",\"@id\":\"https:\\\/\\\/tajkertesz.com\\\/termek\\\/rhododendron-pink-lady-kb-35-45-cm-teljes-magassag\\\/#primaryimage\",\"url\":\"https:\\\/\\\/tajkertesz.com\\\/wp-content\\\/uploads\\\/2021\\\/04\\\/173974948_5540445489364032_1650236609784686907_n.jpg\",\"contentUrl\":\"https:\\\/\\\/tajkertesz.com\\\/wp-content\\\/uploads\\\/2021\\\/04\\\/173974948_5540445489364032_1650236609784686907_n.jpg\",\"width\":1923,\"height\":2048},{\"@type\":\"BreadcrumbList\",\"@id\":\"https:\\\/\\\/tajkertesz.com\\\/termek\\\/rhododendron-pink-lady-kb-35-45-cm-teljes-magassag\\\/#breadcrumb\",\"itemListElement\":[{\"@type\":\"ListItem\",\"position\":1,\"name\":\"Home\",\"item\":\"https:\\\/\\\/tajkertesz.com\\\/\"},{\"@type\":\"ListItem\",\"position\":2,\"name\":\"Kezd\u0151lap\",\"item\":\"https:\\\/\\\/tajkertesz.com\\\/\"},{\"@type\":\"ListItem\",\"position\":3,\"name\":\"Rhododendron &#8216;Pink Lady&#8217; kb. 35-45 cm teljes magass\u00e1g\"}]},{\"@type\":\"WebSite\",\"@id\":\"https:\\\/\\\/tajkertesz.com\\\/#website\",\"url\":\"https:\\\/\\\/tajkertesz.com\\\/\",\"name\":\"T\u00e1j-Kert\u00e9sz 84 Kft.\",\"description\":\"Kert\u00e9szeti kis- \u00e9s nagykeresked\u00e9s, D\u00edszn\u00f6v\u00e9ny web\u00e1ruh\u00e1z orsz\u00e1gos h\u00e1zhozsz\u00e1ll\u00edt\u00e1ssal!\",\"publisher\":{\"@id\":\"https:\\\/\\\/tajkertesz.com\\\/#organization\"},\"potentialAction\":[{\"@type\":\"SearchAction\",\"target\":{\"@type\":\"EntryPoint\",\"urlTemplate\":\"https:\\\/\\\/tajkertesz.com\\\/?s={search_term_string}\"},\"query-input\":{\"@type\":\"PropertyValueSpecification\",\"valueRequired\":true,\"valueName\":\"search_term_string\"}}],\"inLanguage\":\"en-US\"},{\"@type\":\"Organization\",\"@id\":\"https:\\\/\\\/tajkertesz.com\\\/#organization\",\"name\":\"T\u00e1j-Kert\u00e9sz 84 Kft.\",\"url\":\"https:\\\/\\\/tajkertesz.com\\\/\",\"logo\":{\"@type\":\"ImageObject\",\"inLanguage\":\"en-US\",\"@id\":\"https:\\\/\\\/tajkertesz.com\\\/#\\\/schema\\\/logo\\\/image\\\/\",\"url\":\"https:\\\/\\\/tajkertesz.com\\\/wp-content\\\/uploads\\\/2018\\\/02\\\/logo-2-e1518678052539.png\",\"contentUrl\":\"https:\\\/\\\/tajkertesz.com\\\/wp-content\\\/uploads\\\/2018\\\/02\\\/logo-2-e1518678052539.png\",\"width\":81,\"height\":140,\"caption\":\"T\u00e1j-Kert\u00e9sz 84 Kft.\"},\"image\":{\"@id\":\"https:\\\/\\\/tajkertesz.com\\\/#\\\/schema\\\/logo\\\/image\\\/\"},\"sameAs\":[\"https:\\\/\\\/www.facebook.com\\\/Tajkertesz\\\/\"]}]}<\/script>\n<!-- \/ Yoast SEO plugin. -->","yoast_head_json":{"title":"Rhododendron 'Pink Lady' kb. 35-45 cm teljes magass\u00e1g - T\u00e1jkert\u00e9sz","description":"Rhododendron 'Pink Lady' kb. 35-45 cm teljes magass\u00e1g sz\u00ednes, de kev\u00e9ss\u00e9 illatos vir\u00e1gai a hossz\u00fak\u00e1s, kiss\u00e9 sz\u0151r\u00f6z\u00f6tt","robots":{"index":"index","follow":"follow","max-snippet":"max-snippet:-1","max-image-preview":"max-image-preview:large","max-video-preview":"max-video-preview:-1"},"canonical":"https:\/\/tajkertesz.com\/en_US\/product\/rhododendron-pink-lady-kb-35-45-cm-teljes-magassag\/","og_locale":"en_US","og_type":"article","og_title":"Rhododendron 'Pink Lady' kb. 35-45 cm teljes magass\u00e1g - T\u00e1jkert\u00e9sz","og_description":"Rhododendron 'Pink Lady' kb. 35-45 cm teljes magass\u00e1g sz\u00ednes, de kev\u00e9ss\u00e9 illatos vir\u00e1gai a hossz\u00fak\u00e1s, kiss\u00e9 sz\u0151r\u00f6z\u00f6tt","og_url":"https:\/\/tajkertesz.com\/en_US\/product\/rhododendron-pink-lady-kb-35-45-cm-teljes-magassag\/","og_site_name":"T\u00e1jkert\u00e9sz","article_publisher":"https:\/\/www.facebook.com\/Tajkertesz\/","article_modified_time":"2024-04-05T11:33:50+00:00","og_image":[{"width":1923,"height":2048,"url":"https:\/\/tajkertesz.com\/wp-content\/uploads\/2021\/04\/173974948_5540445489364032_1650236609784686907_n.jpg","type":"image\/jpeg"}],"twitter_card":"summary_large_image","twitter_misc":{"Est. reading time":"3 minutes"},"schema":{"@context":"https:\/\/schema.org","@graph":[{"@type":"WebPage","@id":"https:\/\/tajkertesz.com\/termek\/rhododendron-pink-lady-kb-35-45-cm-teljes-magassag\/","url":"https:\/\/tajkertesz.com\/termek\/rhododendron-pink-lady-kb-35-45-cm-teljes-magassag\/","name":"Rhododendron 'Pink Lady' kb. 35-45 cm teljes magass\u00e1g - T\u00e1jkert\u00e9sz","isPartOf":{"@id":"https:\/\/tajkertesz.com\/#website"},"primaryImageOfPage":{"@id":"https:\/\/tajkertesz.com\/termek\/rhododendron-pink-lady-kb-35-45-cm-teljes-magassag\/#primaryimage"},"image":{"@id":"https:\/\/tajkertesz.com\/termek\/rhododendron-pink-lady-kb-35-45-cm-teljes-magassag\/#primaryimage"},"thumbnailUrl":"https:\/\/tajkertesz.com\/wp-content\/uploads\/2021\/04\/173974948_5540445489364032_1650236609784686907_n.jpg","datePublished":"2021-04-20T12:25:34+00:00","dateModified":"2024-04-05T11:33:50+00:00","description":"Rhododendron 'Pink Lady' kb. 35-45 cm teljes magass\u00e1g sz\u00ednes, de kev\u00e9ss\u00e9 illatos vir\u00e1gai a hossz\u00fak\u00e1s, kiss\u00e9 sz\u0151r\u00f6z\u00f6tt","breadcrumb":{"@id":"https:\/\/tajkertesz.com\/termek\/rhododendron-pink-lady-kb-35-45-cm-teljes-magassag\/#breadcrumb"},"inLanguage":"en-US","potentialAction":[{"@type":"ReadAction","target":["https:\/\/tajkertesz.com\/termek\/rhododendron-pink-lady-kb-35-45-cm-teljes-magassag\/"]}]},{"@type":"ImageObject","inLanguage":"en-US","@id":"https:\/\/tajkertesz.com\/termek\/rhododendron-pink-lady-kb-35-45-cm-teljes-magassag\/#primaryimage","url":"https:\/\/tajkertesz.com\/wp-content\/uploads\/2021\/04\/173974948_5540445489364032_1650236609784686907_n.jpg","contentUrl":"https:\/\/tajkertesz.com\/wp-content\/uploads\/2021\/04\/173974948_5540445489364032_1650236609784686907_n.jpg","width":1923,"height":2048},{"@type":"BreadcrumbList","@id":"https:\/\/tajkertesz.com\/termek\/rhododendron-pink-lady-kb-35-45-cm-teljes-magassag\/#breadcrumb","itemListElement":[{"@type":"ListItem","position":1,"name":"Home","item":"https:\/\/tajkertesz.com\/"},{"@type":"ListItem","position":2,"name":"Kezd\u0151lap","item":"https:\/\/tajkertesz.com\/"},{"@type":"ListItem","position":3,"name":"Rhododendron &#8216;Pink Lady&#8217; kb. 35-45 cm teljes magass\u00e1g"}]},{"@type":"WebSite","@id":"https:\/\/tajkertesz.com\/#website","url":"https:\/\/tajkertesz.com\/","name":"T\u00e1j-Kert\u00e9sz 84 Kft.","description":"Kert\u00e9szeti kis- \u00e9s nagykeresked\u00e9s, D\u00edszn\u00f6v\u00e9ny web\u00e1ruh\u00e1z orsz\u00e1gos h\u00e1zhozsz\u00e1ll\u00edt\u00e1ssal!","publisher":{"@id":"https:\/\/tajkertesz.com\/#organization"},"potentialAction":[{"@type":"SearchAction","target":{"@type":"EntryPoint","urlTemplate":"https:\/\/tajkertesz.com\/?s={search_term_string}"},"query-input":{"@type":"PropertyValueSpecification","valueRequired":true,"valueName":"search_term_string"}}],"inLanguage":"en-US"},{"@type":"Organization","@id":"https:\/\/tajkertesz.com\/#organization","name":"T\u00e1j-Kert\u00e9sz 84 Kft.","url":"https:\/\/tajkertesz.com\/","logo":{"@type":"ImageObject","inLanguage":"en-US","@id":"https:\/\/tajkertesz.com\/#\/schema\/logo\/image\/","url":"https:\/\/tajkertesz.com\/wp-content\/uploads\/2018\/02\/logo-2-e1518678052539.png","contentUrl":"https:\/\/tajkertesz.com\/wp-content\/uploads\/2018\/02\/logo-2-e1518678052539.png","width":81,"height":140,"caption":"T\u00e1j-Kert\u00e9sz 84 Kft."},"image":{"@id":"https:\/\/tajkertesz.com\/#\/schema\/logo\/image\/"},"sameAs":["https:\/\/www.facebook.com\/Tajkertesz\/"]}]}},"_links":{"self":[{"href":"https:\/\/tajkertesz.com\/en_US\/wp-json\/wp\/v2\/product\/3490","targetHints":{"allow":["GET"]}}],"collection":[{"href":"https:\/\/tajkertesz.com\/en_US\/wp-json\/wp\/v2\/product"}],"about":[{"href":"https:\/\/tajkertesz.com\/en_US\/wp-json\/wp\/v2\/types\/product"}],"wp:featuredmedia":[{"embeddable":true,"href":"https:\/\/tajkertesz.com\/en_US\/wp-json\/wp\/v2\/media\/3491"}],"wp:attachment":[{"href":"https:\/\/tajkertesz.com\/en_US\/wp-json\/wp\/v2\/media?parent=3490"}],"wp:term":[{"taxonomy":"product_brand","embeddable":true,"href":"https:\/\/tajkertesz.com\/en_US\/wp-json\/wp\/v2\/product_brand?post=3490"},{"taxonomy":"product_cat","embeddable":true,"href":"https:\/\/tajkertesz.com\/en_US\/wp-json\/wp\/v2\/product_cat?post=3490"},{"taxonomy":"product_tag","embeddable":true,"href":"https:\/\/tajkertesz.com\/en_US\/wp-json\/wp\/v2\/product_tag?post=3490"}],"curies":[{"name":"wp","href":"https:\/\/api.w.org\/{rel}","templated":true}]}}