{"id":3496,"date":"2021-04-20T12:59:09","date_gmt":"2021-04-20T12:59:09","guid":{"rendered":"https:\/\/tajkertesz.com\/?post_type=product&#038;p=3496"},"modified":"2025-04-11T13:48:23","modified_gmt":"2025-04-11T13:48:23","slug":"rhododendron-roseum-elegans-orokzold-havasszepe","status":"publish","type":"product","link":"https:\/\/tajkertesz.com\/en_US\/product\/rhododendron-roseum-elegans-orokzold-havasszepe\/","title":{"rendered":"Rhododendron &#8216;Roseum Elegans&#8217;\/\u00d6r\u00f6kz\u00f6ld havassz\u00e9pe"},"content":{"rendered":"<h1>Rhododendron &#8216;Roseum Elegans&#8217;\/\u00d6r\u00f6kz\u00f6ld havassz\u00e9pe<\/h1>\n<p>Rhododendron &#8216;Roseum Elegans&#8217;\/\u00d6r\u00f6kz\u00f6ld havassz\u00e9pe.<\/p>\n<p>A havassz\u00e9pe egy csodasz\u00e9p vir\u00e1g\u00fa cserje.Maga a cserje bokros n\u00f6veked\u00e9s\u0171, magass\u00e1ga pedig az alacsonyt\u00f3l a 2-5 m\u00e9teresig\u00a0 terjedhet. Pomp\u00e1s illat\u00fa vir\u00e1gainak sz\u00edn- \u00e9s formagazdags\u00e1ga szinte hihetetlen.<\/p>\n<h4>Vir\u00e1gzata:<\/h4>\n<p>K\u00e9k kiv\u00e9tel\u00e9vel b\u00e1rmilyen sz\u00edn\u0171 lehet, de legjellemz\u0151bb a b\u00edbor, a h\u00fasv\u00f6r\u00f6s, a naps\u00e1rga \u00e9s a feh\u00e9r,vir\u00e1gai pedig bokr\u00e9taszer\u0171en, f\u00fcrt\u00f6sen illetve s\u00e1torvir\u00e1gzatban fejl\u0151dnek. Vir\u00e1gr\u00fcgyei mindig a hajt\u00e1scs\u00facsokon fejl\u0151dnek ki, amelyek fajt\u00e1t\u00f3l f\u00fcgg\u0151en m\u00e1jus elej\u00e9t\u0151l j\u00fanius v\u00e9g\u00e9ig ny\u00edlnak.<\/p>\n<h4>Talajig\u00e9nye:<\/h4>\n<p>Magyarorsz\u00e1gon csak a kimondottan fagyt\u0171r\u0151 fajok telep\u00edthet\u0151k.Ha d\u00e9zs\u00e1ba \u00fcltetj\u00fck a n\u00f6v\u00e9nyt, akkor k\u00f6nnyebb dolgunk van, mivel csak az ed\u00e9ny m\u00e9ret\u00e9nek megfelel\u0151 mennyis\u00e9g\u0171 savany\u00fa (4-4,5 pH-s) f\u00f6ldre, vagy kifejezetten rododendron f\u00f6ldre van sz\u00fcks\u00e9g\u00fcnk.<\/p>\n<h4>V\u00edzig\u00e9nye:<\/h4>\n<p>A rododendron v\u00edzig\u00e9nye nagy, f\u00f6ldje kisz\u00e1rad\u00e1s\u00e1t csak a legritk\u00e1bb esetben viseli el. \u00d6nt\u00f6z\u00e9s\u00fck lehet\u0151leg l\u00e1gy \u00e9s tiszta csapad\u00e9kv\u00edzzel t\u00f6rt\u00e9njen.<\/p>\n<h4>\u00c1pol\u00e1sa:<\/h4>\n<p>\u00c1t\u00fcltet\u00e9s\u00fck a fejl\u0151d\u00e9s\u00fcket g\u00e1tl\u00f3 bes\u0171r\u0171s\u00f6d\u00e9s bek\u00f6vetkez\u00e9sekor v\u00e1lhat sz\u00fcks\u00e9gess\u00e9. Ezt a teljesen kifejlett id\u0151s p\u00e9ld\u00e1nyok is j\u00f3l t\u0171rik.<\/p>\n<p>Az elny\u00edlt vir\u00e1gokat ki kell t\u00f6rni, k\u00fcl\u00f6nben ott a k\u00f6vetkez\u0151 \u00e9vekben nem hoz \u00faj bimb\u00f3t. Csak \u00e1rny\u00e9kos helyen a t\u0171z\u0151 napt\u00f3l t\u00e1vol marad meg.<\/p>\n<p>&nbsp;<\/p>\n<p style=\"line-height: 18.0pt; background: white; margin: 0cm 0cm 15.0pt 0cm;\"><b><span style=\"font-family: 'Ubuntu',sans-serif; color: black;\">K\u00e9szlet\u00fcnk napi szinten v\u00e1ltozik, ez\u00e9rt k\u00e9rj\u00fck, \u00e9rdekl\u0151dj\u00f6n szem\u00e9lyesen, telefonon vagy email-en.<br \/>\nA v\u00e1ltoztat\u00e1s jog\u00e1t fenntartjuk!\u00a0<\/span><\/b><\/p>\n<p><a href=\"https:\/\/tajkertesz.com\/\">https:\/\/tajkertesz.com\/<\/a><\/p>\n<p><a href=\"https:\/\/www.facebook.com\/tajkertesz\/\">https:\/\/www.facebook.com\/tajkertesz\/<\/a><\/p>\n<p>Kisz\u00e1ll\u00edt\u00e1s: 200cm-ig \u00e9s 40 kg-ig a sz\u00e1ll\u00edt\u00e1s fut\u00e1rszolg\u00e1lattal t\u00f6rt\u00e9nik.<\/p>\n<p>Szem\u00e9lyes \u00e1tv\u00e9tel nyitvatart\u00e1si id\u0151ben a 17. ker\u00fclet Bakancsos utca 7. sz\u00e1m alatti Kert\u00e9szeti \u00e1rud\u00e1nkban.<\/p>\n<p><b><u>Kert\u00e9p\u00edt\u0151k \u00e9s viszontelad\u00f3k regisztr\u00e1l\u00e1s ut\u00e1n egyedi kedvezm\u00e9nnyel v\u00e1s\u00e1rolhatnak kert\u00e9szeti kis-\u00e9s nagykeresked\u00e9s\u00fcnkben.<\/u><\/b><\/p>\n<p>A logisztikai c\u00e9ggel t\u00f6rt\u00e9n\u0151 sz\u00e1ll\u00edt\u00e1s eset\u00e9n a partnereink\u00a0esetleges a\u00a0cs\u00fasz\u00e1sai\u00e9rt nem v\u00e1llalunk felel\u0151ss\u00e9get!<\/p>\n<p><strong>Az \u00e1rak egy darab term\u00e9kre vonatkoznak.<\/strong><\/p>\n<p><strong>J\u00f3 tudni!<\/strong><\/p>\n<p>K\u00e9pek-elt\u00e9r\u00e9sek:<\/p>\n<p>A n\u00f6v\u00e9nyekr\u0151l felt\u00f6lt\u00f6tt k\u00e9pek illusztr\u00e1ci\u00f3k. N\u00f6v\u00e9nyekn\u00e9l el\u0151fordulhatnak minim\u00e1lis elt\u00e9r\u00e9sek a k\u00e9peken szerepl\u0151 n\u00f6v\u00e9nyek \u00e9s az \u00e1tvett n\u00f6v\u00e9nyek k\u00f6z\u00f6tt, mivel minden n\u00f6v\u00e9ny egyedi.<\/p>\n<p>N\u00f6v\u00e9nyek sz\u00e1ll\u00edt\u00e1sa:<\/p>\n<p>A megrendelt n\u00f6v\u00e9nyeket igyeksz\u00fcnk a lehet\u0151 legbiztons\u00e1gosabban egyes\u00e9vel csomagolni, azonban a sz\u00e1ll\u00edt\u00e1s sor\u00e1n m\u00e9g ennek ellen\u00e9re is\u00a0bek\u00f6vetkezhetnek apr\u00f3bb s\u00e9r\u00fcl\u00e9sek (lev\u00e9l- vagy vir\u00e1ghull\u00e1s).<br \/>\nN\u00f6v\u00e9ny rendel\u00e9s eset\u00e9n k\u00e9rj\u00fck a k\u00e9zbes\u00edt\u00e9st k\u00f6vet\u0151en a lehet\u0151 leghamarabb bonts\u00e1k ki a csomagot.<\/p>\n<p>Abban az esetben, ha a megrendelt n\u00f6v\u00e9ny\u00a0a sz\u00e1ll\u00edt\u00e1st k\u00f6vet\u0151en\u00a0nem megfelel\u0151 gondoz\u00e1sban r\u00e9szes\u00fcl \u00e9s ebb\u0151l kifoly\u00f3lag\u00a0k\u00e1rosodik,\u00a0elpusztul, felel\u0151ss\u00e9get sajnos nem tudunk v\u00e1llalni.<\/p>\n<p>V\u00e1s\u00e1rl\u00e1st\u00f3l val\u00f3 el\u00e1ll\u00e1s \u00e9l\u0151 n\u00f6v\u00e9ny v\u00e1s\u00e1rl\u00e1sa eset\u00e9n:<\/p>\n<p>Az \u00e1ltal\u00e1nos 14 napos el\u00e1ll\u00e1s lehet\u0151s\u00e9ge \u00e9l\u0151 n\u00f6v\u00e9nyekre nem vonatkozik. V\u00e1s\u00e1rl\u00e1st\u00f3l val\u00f3 el\u00e1ll\u00e1sra, visszak\u00fcld\u00e9sre nincs lehet\u0151s\u00e9g.\u00a0(17\/1999. (II. 5.) Korm. rendelet 5c pontja)<\/p>\n<p><strong>K\u00e9rj\u00fck fentiek figyelembev\u00e9tel\u00e9t n\u00f6v\u00e9ny rendel\u00e9se sor\u00e1n!<\/strong><\/p>\n<p>&nbsp;<\/p>\n<p>&nbsp;<\/p>","protected":false},"excerpt":{"rendered":"<p>A Rhododendron &#8216;Roseum Elegans&#8217;\/ havassz\u00e9pe egy csodasz\u00e9p vir\u00e1g\u00fa cserje.Maga a cserje bokros n\u00f6veked\u00e9s\u0171, magass\u00e1ga pedig az alacsonyt\u00f3l a 2-5 m\u00e9teresig\u00a0 terjedhet. Pomp\u00e1s illat\u00fa vir\u00e1gainak sz\u00edn- \u00e9s formagazdags\u00e1ga szinte hihetetlen&#8230;<\/p>\n<p>Cser\u00e9p m\u00e9rete: 4L<\/p>\n<p>N\u00f6v\u00e9ny m\u00e9rete: 30\/40cm<\/p>\n<p>&nbsp;<\/p>","protected":false},"featured_media":3497,"template":"","meta":{"_et_pb_use_builder":"","_et_pb_old_content":"","_et_gb_content_width":""},"product_brand":[],"product_cat":[27],"product_tag":[1333,1331,1341],"class_list":{"0":"post-3496","1":"product","2":"type-product","3":"status-publish","4":"has-post-thumbnail","6":"product_cat-cserjek","7":"product_tag-havasszepe","8":"product_tag-rhododendron","9":"product_tag-roseum-elegans","11":"first","12":"outofstock","13":"shipping-taxable","14":"product-type-simple"},"yoast_head":"<!-- This site is optimized with the Yoast SEO plugin v27.5 - https:\/\/yoast.com\/product\/yoast-seo-wordpress\/ -->\n<title>Rhododendron &#039;Roseum Elegans&#039;\/\u00d6r\u00f6kz\u00f6ld havassz\u00e9pe - T\u00e1jkert\u00e9sz<\/title>\n<meta name=\"description\" content=\"Rhododendron &#039;Roseum Elegans&#039;\/\u00d6r\u00f6kz\u00f6ld havassz\u00e9pe. Sz\u00ednes, de kev\u00e9ss\u00e9 illatos vir\u00e1gai a hossz\u00fak\u00e1s, kiss\u00e9 sz\u0151r\u00f6z\u00f6tt levelekkel is d\u00edsz\u00edt.\" \/>\n<meta name=\"robots\" content=\"index, follow, max-snippet:-1, max-image-preview:large, max-video-preview:-1\" \/>\n<link rel=\"canonical\" href=\"https:\/\/tajkertesz.com\/en_US\/product\/rhododendron-roseum-elegans-orokzold-havasszepe\/\" \/>\n<meta property=\"og:locale\" content=\"en_US\" \/>\n<meta property=\"og:type\" content=\"article\" \/>\n<meta property=\"og:title\" content=\"Rhododendron &#039;Roseum Elegans&#039;\/\u00d6r\u00f6kz\u00f6ld havassz\u00e9pe - T\u00e1jkert\u00e9sz\" \/>\n<meta property=\"og:description\" content=\"Rhododendron &#039;Roseum Elegans&#039;\/\u00d6r\u00f6kz\u00f6ld havassz\u00e9pe. Sz\u00ednes, de kev\u00e9ss\u00e9 illatos vir\u00e1gai a hossz\u00fak\u00e1s, kiss\u00e9 sz\u0151r\u00f6z\u00f6tt levelekkel is d\u00edsz\u00edt.\" \/>\n<meta property=\"og:url\" content=\"https:\/\/tajkertesz.com\/en_US\/product\/rhododendron-roseum-elegans-orokzold-havasszepe\/\" \/>\n<meta property=\"og:site_name\" content=\"T\u00e1jkert\u00e9sz\" \/>\n<meta property=\"article:publisher\" content=\"https:\/\/www.facebook.com\/Tajkertesz\/\" \/>\n<meta property=\"article:modified_time\" content=\"2025-04-11T13:48:23+00:00\" \/>\n<meta property=\"og:image\" content=\"https:\/\/tajkertesz.com\/wp-content\/uploads\/2021\/04\/173699418_5540447179363863_2191891947104645949_n.jpg\" \/>\n\t<meta property=\"og:image:width\" content=\"2048\" \/>\n\t<meta property=\"og:image:height\" content=\"2002\" \/>\n\t<meta property=\"og:image:type\" content=\"image\/jpeg\" \/>\n<meta name=\"twitter:card\" content=\"summary_large_image\" \/>\n<meta name=\"twitter:label1\" content=\"Est. reading time\" \/>\n\t<meta name=\"twitter:data1\" content=\"3 minutes\" \/>\n<script type=\"application\/ld+json\" class=\"yoast-schema-graph\">{\"@context\":\"https:\\\/\\\/schema.org\",\"@graph\":[{\"@type\":\"WebPage\",\"@id\":\"https:\\\/\\\/tajkertesz.com\\\/termek\\\/rhododendron-roseum-elegans-orokzold-havasszepe\\\/\",\"url\":\"https:\\\/\\\/tajkertesz.com\\\/termek\\\/rhododendron-roseum-elegans-orokzold-havasszepe\\\/\",\"name\":\"Rhododendron 'Roseum Elegans'\\\/\u00d6r\u00f6kz\u00f6ld havassz\u00e9pe - T\u00e1jkert\u00e9sz\",\"isPartOf\":{\"@id\":\"https:\\\/\\\/tajkertesz.com\\\/#website\"},\"primaryImageOfPage\":{\"@id\":\"https:\\\/\\\/tajkertesz.com\\\/termek\\\/rhododendron-roseum-elegans-orokzold-havasszepe\\\/#primaryimage\"},\"image\":{\"@id\":\"https:\\\/\\\/tajkertesz.com\\\/termek\\\/rhododendron-roseum-elegans-orokzold-havasszepe\\\/#primaryimage\"},\"thumbnailUrl\":\"https:\\\/\\\/tajkertesz.com\\\/wp-content\\\/uploads\\\/2021\\\/04\\\/173699418_5540447179363863_2191891947104645949_n.jpg\",\"datePublished\":\"2021-04-20T12:59:09+00:00\",\"dateModified\":\"2025-04-11T13:48:23+00:00\",\"description\":\"Rhododendron 'Roseum Elegans'\\\/\u00d6r\u00f6kz\u00f6ld havassz\u00e9pe. Sz\u00ednes, de kev\u00e9ss\u00e9 illatos vir\u00e1gai a hossz\u00fak\u00e1s, kiss\u00e9 sz\u0151r\u00f6z\u00f6tt levelekkel is d\u00edsz\u00edt.\",\"breadcrumb\":{\"@id\":\"https:\\\/\\\/tajkertesz.com\\\/termek\\\/rhododendron-roseum-elegans-orokzold-havasszepe\\\/#breadcrumb\"},\"inLanguage\":\"en-US\",\"potentialAction\":[{\"@type\":\"ReadAction\",\"target\":[\"https:\\\/\\\/tajkertesz.com\\\/termek\\\/rhododendron-roseum-elegans-orokzold-havasszepe\\\/\"]}]},{\"@type\":\"ImageObject\",\"inLanguage\":\"en-US\",\"@id\":\"https:\\\/\\\/tajkertesz.com\\\/termek\\\/rhododendron-roseum-elegans-orokzold-havasszepe\\\/#primaryimage\",\"url\":\"https:\\\/\\\/tajkertesz.com\\\/wp-content\\\/uploads\\\/2021\\\/04\\\/173699418_5540447179363863_2191891947104645949_n.jpg\",\"contentUrl\":\"https:\\\/\\\/tajkertesz.com\\\/wp-content\\\/uploads\\\/2021\\\/04\\\/173699418_5540447179363863_2191891947104645949_n.jpg\",\"width\":2048,\"height\":2002,\"caption\":\"Rhododendron 'Roseum Elegans'\\\/\u00d6r\u00f6kz\u00f6ld havassz\u00e9pe\"},{\"@type\":\"BreadcrumbList\",\"@id\":\"https:\\\/\\\/tajkertesz.com\\\/termek\\\/rhododendron-roseum-elegans-orokzold-havasszepe\\\/#breadcrumb\",\"itemListElement\":[{\"@type\":\"ListItem\",\"position\":1,\"name\":\"Home\",\"item\":\"https:\\\/\\\/tajkertesz.com\\\/\"},{\"@type\":\"ListItem\",\"position\":2,\"name\":\"Kezd\u0151lap\",\"item\":\"https:\\\/\\\/tajkertesz.com\\\/\"},{\"@type\":\"ListItem\",\"position\":3,\"name\":\"Rhododendron &#8216;Roseum Elegans&#8217;\\\/\u00d6r\u00f6kz\u00f6ld havassz\u00e9pe\"}]},{\"@type\":\"WebSite\",\"@id\":\"https:\\\/\\\/tajkertesz.com\\\/#website\",\"url\":\"https:\\\/\\\/tajkertesz.com\\\/\",\"name\":\"T\u00e1j-Kert\u00e9sz 84 Kft.\",\"description\":\"Kert\u00e9szeti kis- \u00e9s nagykeresked\u00e9s, D\u00edszn\u00f6v\u00e9ny web\u00e1ruh\u00e1z orsz\u00e1gos h\u00e1zhozsz\u00e1ll\u00edt\u00e1ssal!\",\"publisher\":{\"@id\":\"https:\\\/\\\/tajkertesz.com\\\/#organization\"},\"potentialAction\":[{\"@type\":\"SearchAction\",\"target\":{\"@type\":\"EntryPoint\",\"urlTemplate\":\"https:\\\/\\\/tajkertesz.com\\\/?s={search_term_string}\"},\"query-input\":{\"@type\":\"PropertyValueSpecification\",\"valueRequired\":true,\"valueName\":\"search_term_string\"}}],\"inLanguage\":\"en-US\"},{\"@type\":\"Organization\",\"@id\":\"https:\\\/\\\/tajkertesz.com\\\/#organization\",\"name\":\"T\u00e1j-Kert\u00e9sz 84 Kft.\",\"url\":\"https:\\\/\\\/tajkertesz.com\\\/\",\"logo\":{\"@type\":\"ImageObject\",\"inLanguage\":\"en-US\",\"@id\":\"https:\\\/\\\/tajkertesz.com\\\/#\\\/schema\\\/logo\\\/image\\\/\",\"url\":\"https:\\\/\\\/tajkertesz.com\\\/wp-content\\\/uploads\\\/2018\\\/02\\\/logo-2-e1518678052539.png\",\"contentUrl\":\"https:\\\/\\\/tajkertesz.com\\\/wp-content\\\/uploads\\\/2018\\\/02\\\/logo-2-e1518678052539.png\",\"width\":81,\"height\":140,\"caption\":\"T\u00e1j-Kert\u00e9sz 84 Kft.\"},\"image\":{\"@id\":\"https:\\\/\\\/tajkertesz.com\\\/#\\\/schema\\\/logo\\\/image\\\/\"},\"sameAs\":[\"https:\\\/\\\/www.facebook.com\\\/Tajkertesz\\\/\"]}]}<\/script>\n<!-- \/ Yoast SEO plugin. -->","yoast_head_json":{"title":"Rhododendron 'Roseum Elegans'\/\u00d6r\u00f6kz\u00f6ld havassz\u00e9pe - T\u00e1jkert\u00e9sz","description":"Rhododendron 'Roseum Elegans'\/\u00d6r\u00f6kz\u00f6ld havassz\u00e9pe. Sz\u00ednes, de kev\u00e9ss\u00e9 illatos vir\u00e1gai a hossz\u00fak\u00e1s, kiss\u00e9 sz\u0151r\u00f6z\u00f6tt levelekkel is d\u00edsz\u00edt.","robots":{"index":"index","follow":"follow","max-snippet":"max-snippet:-1","max-image-preview":"max-image-preview:large","max-video-preview":"max-video-preview:-1"},"canonical":"https:\/\/tajkertesz.com\/en_US\/product\/rhododendron-roseum-elegans-orokzold-havasszepe\/","og_locale":"en_US","og_type":"article","og_title":"Rhododendron 'Roseum Elegans'\/\u00d6r\u00f6kz\u00f6ld havassz\u00e9pe - T\u00e1jkert\u00e9sz","og_description":"Rhododendron 'Roseum Elegans'\/\u00d6r\u00f6kz\u00f6ld havassz\u00e9pe. Sz\u00ednes, de kev\u00e9ss\u00e9 illatos vir\u00e1gai a hossz\u00fak\u00e1s, kiss\u00e9 sz\u0151r\u00f6z\u00f6tt levelekkel is d\u00edsz\u00edt.","og_url":"https:\/\/tajkertesz.com\/en_US\/product\/rhododendron-roseum-elegans-orokzold-havasszepe\/","og_site_name":"T\u00e1jkert\u00e9sz","article_publisher":"https:\/\/www.facebook.com\/Tajkertesz\/","article_modified_time":"2025-04-11T13:48:23+00:00","og_image":[{"width":2048,"height":2002,"url":"https:\/\/tajkertesz.com\/wp-content\/uploads\/2021\/04\/173699418_5540447179363863_2191891947104645949_n.jpg","type":"image\/jpeg"}],"twitter_card":"summary_large_image","twitter_misc":{"Est. reading time":"3 minutes"},"schema":{"@context":"https:\/\/schema.org","@graph":[{"@type":"WebPage","@id":"https:\/\/tajkertesz.com\/termek\/rhododendron-roseum-elegans-orokzold-havasszepe\/","url":"https:\/\/tajkertesz.com\/termek\/rhododendron-roseum-elegans-orokzold-havasszepe\/","name":"Rhododendron 'Roseum Elegans'\/\u00d6r\u00f6kz\u00f6ld havassz\u00e9pe - T\u00e1jkert\u00e9sz","isPartOf":{"@id":"https:\/\/tajkertesz.com\/#website"},"primaryImageOfPage":{"@id":"https:\/\/tajkertesz.com\/termek\/rhododendron-roseum-elegans-orokzold-havasszepe\/#primaryimage"},"image":{"@id":"https:\/\/tajkertesz.com\/termek\/rhododendron-roseum-elegans-orokzold-havasszepe\/#primaryimage"},"thumbnailUrl":"https:\/\/tajkertesz.com\/wp-content\/uploads\/2021\/04\/173699418_5540447179363863_2191891947104645949_n.jpg","datePublished":"2021-04-20T12:59:09+00:00","dateModified":"2025-04-11T13:48:23+00:00","description":"Rhododendron 'Roseum Elegans'\/\u00d6r\u00f6kz\u00f6ld havassz\u00e9pe. Sz\u00ednes, de kev\u00e9ss\u00e9 illatos vir\u00e1gai a hossz\u00fak\u00e1s, kiss\u00e9 sz\u0151r\u00f6z\u00f6tt levelekkel is d\u00edsz\u00edt.","breadcrumb":{"@id":"https:\/\/tajkertesz.com\/termek\/rhododendron-roseum-elegans-orokzold-havasszepe\/#breadcrumb"},"inLanguage":"en-US","potentialAction":[{"@type":"ReadAction","target":["https:\/\/tajkertesz.com\/termek\/rhododendron-roseum-elegans-orokzold-havasszepe\/"]}]},{"@type":"ImageObject","inLanguage":"en-US","@id":"https:\/\/tajkertesz.com\/termek\/rhododendron-roseum-elegans-orokzold-havasszepe\/#primaryimage","url":"https:\/\/tajkertesz.com\/wp-content\/uploads\/2021\/04\/173699418_5540447179363863_2191891947104645949_n.jpg","contentUrl":"https:\/\/tajkertesz.com\/wp-content\/uploads\/2021\/04\/173699418_5540447179363863_2191891947104645949_n.jpg","width":2048,"height":2002,"caption":"Rhododendron 'Roseum Elegans'\/\u00d6r\u00f6kz\u00f6ld havassz\u00e9pe"},{"@type":"BreadcrumbList","@id":"https:\/\/tajkertesz.com\/termek\/rhododendron-roseum-elegans-orokzold-havasszepe\/#breadcrumb","itemListElement":[{"@type":"ListItem","position":1,"name":"Home","item":"https:\/\/tajkertesz.com\/"},{"@type":"ListItem","position":2,"name":"Kezd\u0151lap","item":"https:\/\/tajkertesz.com\/"},{"@type":"ListItem","position":3,"name":"Rhododendron &#8216;Roseum Elegans&#8217;\/\u00d6r\u00f6kz\u00f6ld havassz\u00e9pe"}]},{"@type":"WebSite","@id":"https:\/\/tajkertesz.com\/#website","url":"https:\/\/tajkertesz.com\/","name":"T\u00e1j-Kert\u00e9sz 84 Kft.","description":"Kert\u00e9szeti kis- \u00e9s nagykeresked\u00e9s, D\u00edszn\u00f6v\u00e9ny web\u00e1ruh\u00e1z orsz\u00e1gos h\u00e1zhozsz\u00e1ll\u00edt\u00e1ssal!","publisher":{"@id":"https:\/\/tajkertesz.com\/#organization"},"potentialAction":[{"@type":"SearchAction","target":{"@type":"EntryPoint","urlTemplate":"https:\/\/tajkertesz.com\/?s={search_term_string}"},"query-input":{"@type":"PropertyValueSpecification","valueRequired":true,"valueName":"search_term_string"}}],"inLanguage":"en-US"},{"@type":"Organization","@id":"https:\/\/tajkertesz.com\/#organization","name":"T\u00e1j-Kert\u00e9sz 84 Kft.","url":"https:\/\/tajkertesz.com\/","logo":{"@type":"ImageObject","inLanguage":"en-US","@id":"https:\/\/tajkertesz.com\/#\/schema\/logo\/image\/","url":"https:\/\/tajkertesz.com\/wp-content\/uploads\/2018\/02\/logo-2-e1518678052539.png","contentUrl":"https:\/\/tajkertesz.com\/wp-content\/uploads\/2018\/02\/logo-2-e1518678052539.png","width":81,"height":140,"caption":"T\u00e1j-Kert\u00e9sz 84 Kft."},"image":{"@id":"https:\/\/tajkertesz.com\/#\/schema\/logo\/image\/"},"sameAs":["https:\/\/www.facebook.com\/Tajkertesz\/"]}]}},"_links":{"self":[{"href":"https:\/\/tajkertesz.com\/en_US\/wp-json\/wp\/v2\/product\/3496","targetHints":{"allow":["GET"]}}],"collection":[{"href":"https:\/\/tajkertesz.com\/en_US\/wp-json\/wp\/v2\/product"}],"about":[{"href":"https:\/\/tajkertesz.com\/en_US\/wp-json\/wp\/v2\/types\/product"}],"wp:featuredmedia":[{"embeddable":true,"href":"https:\/\/tajkertesz.com\/en_US\/wp-json\/wp\/v2\/media\/3497"}],"wp:attachment":[{"href":"https:\/\/tajkertesz.com\/en_US\/wp-json\/wp\/v2\/media?parent=3496"}],"wp:term":[{"taxonomy":"product_brand","embeddable":true,"href":"https:\/\/tajkertesz.com\/en_US\/wp-json\/wp\/v2\/product_brand?post=3496"},{"taxonomy":"product_cat","embeddable":true,"href":"https:\/\/tajkertesz.com\/en_US\/wp-json\/wp\/v2\/product_cat?post=3496"},{"taxonomy":"product_tag","embeddable":true,"href":"https:\/\/tajkertesz.com\/en_US\/wp-json\/wp\/v2\/product_tag?post=3496"}],"curies":[{"name":"wp","href":"https:\/\/api.w.org\/{rel}","templated":true}]}}