{"id":3540,"date":"2021-04-26T06:04:28","date_gmt":"2021-04-26T06:04:28","guid":{"rendered":"https:\/\/tajkertesz.com\/?post_type=product&#038;p=3540"},"modified":"2025-06-13T11:04:21","modified_gmt":"2025-06-13T11:04:21","slug":"syringa-vulgaris-sensation-orgona","status":"publish","type":"product","link":"https:\/\/tajkertesz.com\/en_US\/product\/syringa-vulgaris-sensation-orgona\/","title":{"rendered":"Syringa vulgaris &#8216;Sensation&#8217; , t\u00f6rzses orgona"},"content":{"rendered":"<p>Syringa vulgaris &#8216;Sensation&#8217; , t\u00f6rzses orgona \u00a0szimpla, b\u00edborlila vir\u00e1g\u00fa, ez\u00fcst\u00f6s szeg\u00e9llyel.<\/p>\n<p>A Syringa vulgaris &#8216;Sensation&#8217; , t\u00f6rzses orgona magass\u00e1ggal 3-5 m magasra n\u00f6v\u0151 cserje vagy kisfa.<\/p>\n<p>Sz\u00e9les, toj\u00e1sdad levelei \u00e9p sz\u00e9l\u0171ek.<\/p>\n<p>Illatos vir\u00e1gai 10-20 cm hossz\u00fa bug\u00e1kban \u00e1prilis-m\u00e1jusban ny\u00edlnak.<\/p>\n<p>T\u00e9l\u00e1ll\u00f3, j\u00f3 v\u00e1rost\u0171r\u0151 fajta.<\/p>\n<p>A legkedveltebb \u00e9s legszebb fajta, minden kert park \u00e9kes d\u00edsze lehet.<\/p>\n<p>Jelen term\u00e9k\u00fcnk 10 literes kont\u00e9nerben kaphat\u00f3 \u00e9s kb 60 cm -es t\u00f6rzzsel.<\/p>\n<p style=\"line-height: 18.0pt; background: white; margin: 0cm 0cm 15.0pt 0cm;\">\n<p>&nbsp;<\/p>\n<p style=\"line-height: 18.0pt; background: white; margin: 0cm 0cm 15.0pt 0cm;\"><b><span style=\"font-family: 'Ubuntu',serif; color: black;\">K\u00e9szlet\u00fcnk napi szinten v\u00e1ltozik, ez\u00e9rt k\u00e9rj\u00fck, \u00e9rdekl\u0151dj\u00f6n szem\u00e9lyesen, telefonon vagy email-en.<br \/>\nA v\u00e1ltoztat\u00e1s jog\u00e1t fenntartjuk!\u00a0<\/span><\/b><\/p>\n<p>Amennyiben nem haladja meg a csomagol\u00e1si m\u00e9ret a 200 cm-t \u00e9s a 40 kg-ot \u00fagy Gls fut\u00e1rral sz\u00e1ll\u00edthat\u00f3.<\/p>\n<p><a href=\"https:\/\/tajkertesz.com\/\">https:\/\/tajkertesz.com\/<\/a><\/p>\n<p><a href=\"https:\/\/hu.wikipedia.org\/wiki\/K%C3%B6z%C3%B6ns%C3%A9ges_orgona\">https:\/\/hu.wikipedia.org\/wiki\/K%C3%B6z%C3%B6ns%C3%A9ges_orgona<\/a><\/p>\n<h6><span style=\"color: #ffffff;\">Jellemz\u0151k<\/span><br \/>\n<span style=\"color: #ffffff;\">\u00c1ltal\u00e1ban lombhullat\u00f3, olykor \u00f6r\u00f6kz\u00f6ld (S. sempervirens) cserj\u00e9k. Leveleik \u00e9pek, ritk\u00e1n sz\u00e1rnyasan osztottak, \u00e1tellenes \u00e1ll\u00e1s\u00faak. Fel\u00e1ll\u00f3 vessz\u0151in csak a legfels\u0151 1-2, ritk\u00e1n 3 r\u00fcgyp\u00e1rb\u00f3l fejl\u0151dik vir\u00e1g. A vir\u00e1gzat v\u00e9g\u00e1ll\u00f3 buga. A cs\u00e9szelevelek sz\u00e1ma \u00e1ltal\u00e1ban n\u00e9gy, a szirmok cs\u0151v\u00e9 forrtak, a p\u00e1rta sugaras szimmetri\u00e1j\u00fa, lila, vagy feh\u00e9r sz\u00edn\u0171. A porz\u00f3k sz\u00e1ma kett\u0151, a term\u00e9s hossz\u00fak\u00e1s tok k\u00e9t magkezdem\u00e9nnyel.<\/span><\/h6>\n<h6><span style=\"color: #ffffff;\">Habitus<\/span><br \/>\n<span style=\"color: #ffffff;\">3-7 m\u00e9terre n\u00f6v\u0151 nagyobb cserje vagy kis termet\u0171 fa, tarackol.<\/span><br \/>\n<span style=\"color: #ffffff;\">Lev\u00e9l\u00e1ll\u00e1sa keresztben \u00e1tellenes. A levelek v\u00e1lla sz\u00edves vagy lev\u00e1gott, cs\u00facsa kihegyesed\u0151.<\/span><br \/>\n<span style=\"color: #ffffff;\">Vir\u00e1gai lil\u00e1k, ritk\u00e1bban feh\u00e9rek, illatosak. A vir\u00e1gzat buga. \u00c1prilis v\u00e9g\u00e9n-m\u00e1jusban vir\u00e1gzik.<\/span><br \/>\n<span style=\"color: #ffffff;\">Term\u00e9se tokterm\u00e9s, melyben 4 lapos-sz\u00e1rnyas mag van.<\/span><br \/>\n<span style=\"color: #ffffff;\">Fajt\u00e1k<\/span><br \/>\n<span style=\"color: #ffffff;\">Az alapfaj orgona lila vir\u00e1g\u00fa, a kerti fajt\u00e1k sz\u00edne a h\u00f3feh\u00e9rt\u0151l a feket\u00e9s-s\u00f6t\u00e9tlil\u00e1ig a legk\u00fcl\u00f6nb\u00f6z\u0151bb (m\u00e9g s\u00e1rga, lila-feh\u00e9r tarka, r\u00f3zsasz\u00edn \u00e9s k\u00e9k is van k\u00f6z\u00f6tt\u00fck) sz\u00ednekig terjed, a vir\u00e1gok egyszer\u0171ek vagy teltek. \u00c1ltal\u00e1ban az egyszer\u0171 vir\u00e1g\u00faakat kedvelik, ilyen a lila &#8216;Andenken an Ludwig Spaeth&#8217;, \u00e9s a feh\u00e9r &#8216;Mme Florent Stepman&#8217;. A telt vir\u00e1g\u00fa fajt\u00e1k &#8211; k\u00fcl\u00f6n\u00f6sen a feh\u00e9rek &#8211; csapad\u00e9kos id\u0151ben hamar rozsd\u00e1sodnak a sok apr\u00f3 szirom k\u00f6z\u00f6tt meg\u00e1ll\u00f3 v\u00edzt\u0151l.<\/span><\/h6>\n<p>.<\/p>","protected":false},"excerpt":{"rendered":"<p>Syringa vulgaris &#8216;Sensation&#8217; , t\u00f6rzses orgona \u00a0szimpla, b\u00edborlila vir\u00e1g\u00fa, ez\u00fcst\u00f6s szeg\u00e9llyel.<\/p>\n<p>A Syringa vulgaris &#8216;Sensation&#8217; , t\u00f6rzses orgona\u00a0 magass\u00e1ggal 3-5 m magasra n\u00f6v\u0151 cserje vagy kisfa.<\/p>\n<p>Sz\u00e9les, toj\u00e1sdad levelei \u00e9p sz\u00e9l\u0171ek.<\/p>\n<p>Illatos vir\u00e1gai 10-20 cm hossz\u00fa bug\u00e1kban \u00e1prilis-m\u00e1jusban ny\u00edlnak.<\/p>\n<p>T\u00e9l\u00e1ll\u00f3, j\u00f3 v\u00e1rost\u0171r\u0151 fajta.<\/p>\n<p>A legkedveltebb \u00e9s legszebb fajta, minden kert park \u00e9kes d\u00edsze lehet.<\/p>\n<p>Jelen term\u00e9k\u00fcnk 10 literes kont\u00e9nerben kaphat\u00f3 \u00e9s kb 60 cm -es t\u00f6rzzsel.<\/p>\n<p>&nbsp;<\/p>","protected":false},"featured_media":3541,"template":"","meta":{"_et_pb_use_builder":"","_et_pb_old_content":"","_et_gb_content_width":""},"product_brand":[],"product_cat":[27,28],"product_tag":[1345,3761,3762,180,396,3760,398],"class_list":{"0":"post-3540","1":"product","2":"type-product","3":"status-publish","4":"has-post-thumbnail","6":"product_cat-cserjek","7":"product_cat-diszfak","8":"product_tag-sensation","9":"product_tag-biborlila-viragu","10":"product_tag-ezustos-szegellyel","11":"product_tag-orgona","12":"product_tag-syringa-vulgaris","13":"product_tag-szimpla","14":"product_tag-szimpla-biborlila","16":"first","17":"instock","18":"shipping-taxable","19":"purchasable","20":"product-type-simple"},"yoast_head":"<!-- This site is optimized with the Yoast SEO plugin v27.6 - https:\/\/yoast.com\/product\/yoast-seo-wordpress\/ -->\n<title>Syringa vulgaris &#039;Sensation&#039; , t\u00f6rzses orgona - T\u00e1jkert\u00e9sz<\/title>\n<meta name=\"description\" content=\"Syringa vulgaris &#039;Sensation&#039; , t\u00f6rzses orgona \u00a0szimpla, b\u00edborlila vir\u00e1g\u00fa, ez\u00fcst\u00f6s szeg\u00e9llyel. Illatos vir\u00e1gai \u00e1prilis-m\u00e1jusban ny\u00edlnak.\" \/>\n<meta name=\"robots\" content=\"index, follow, max-snippet:-1, max-image-preview:large, max-video-preview:-1\" \/>\n<link rel=\"canonical\" href=\"https:\/\/tajkertesz.com\/en_US\/product\/syringa-vulgaris-sensation-orgona\/\" \/>\n<meta property=\"og:locale\" content=\"en_US\" \/>\n<meta property=\"og:type\" content=\"article\" \/>\n<meta property=\"og:title\" content=\"Syringa vulgaris &#039;Sensation&#039; , t\u00f6rzses orgona - T\u00e1jkert\u00e9sz\" \/>\n<meta property=\"og:description\" content=\"Syringa vulgaris &#039;Sensation&#039; , t\u00f6rzses orgona \u00a0szimpla, b\u00edborlila vir\u00e1g\u00fa, ez\u00fcst\u00f6s szeg\u00e9llyel. Illatos vir\u00e1gai \u00e1prilis-m\u00e1jusban ny\u00edlnak.\" \/>\n<meta property=\"og:url\" content=\"https:\/\/tajkertesz.com\/en_US\/product\/syringa-vulgaris-sensation-orgona\/\" \/>\n<meta property=\"og:site_name\" content=\"T\u00e1jkert\u00e9sz\" \/>\n<meta property=\"article:publisher\" content=\"https:\/\/www.facebook.com\/Tajkertesz\/\" \/>\n<meta property=\"article:modified_time\" content=\"2025-06-13T11:04:21+00:00\" \/>\n<meta property=\"og:image\" content=\"https:\/\/tajkertesz.com\/wp-content\/uploads\/2021\/04\/IMG_20210423_075948-cut-adjust-contrast_di2sifwe_1-644x1024.png\" \/>\n\t<meta property=\"og:image:width\" content=\"644\" \/>\n\t<meta property=\"og:image:height\" content=\"1024\" \/>\n\t<meta property=\"og:image:type\" content=\"image\/png\" \/>\n<meta name=\"twitter:card\" content=\"summary_large_image\" \/>\n<meta name=\"twitter:label1\" content=\"Est. reading time\" \/>\n\t<meta name=\"twitter:data1\" content=\"2 minutes\" \/>\n<script type=\"application\/ld+json\" class=\"yoast-schema-graph\">{\"@context\":\"https:\\\/\\\/schema.org\",\"@graph\":[{\"@type\":\"WebPage\",\"@id\":\"https:\\\/\\\/tajkertesz.com\\\/termek\\\/syringa-vulgaris-sensation-orgona\\\/\",\"url\":\"https:\\\/\\\/tajkertesz.com\\\/termek\\\/syringa-vulgaris-sensation-orgona\\\/\",\"name\":\"Syringa vulgaris 'Sensation' , t\u00f6rzses orgona - T\u00e1jkert\u00e9sz\",\"isPartOf\":{\"@id\":\"https:\\\/\\\/tajkertesz.com\\\/#website\"},\"primaryImageOfPage\":{\"@id\":\"https:\\\/\\\/tajkertesz.com\\\/termek\\\/syringa-vulgaris-sensation-orgona\\\/#primaryimage\"},\"image\":{\"@id\":\"https:\\\/\\\/tajkertesz.com\\\/termek\\\/syringa-vulgaris-sensation-orgona\\\/#primaryimage\"},\"thumbnailUrl\":\"https:\\\/\\\/tajkertesz.com\\\/wp-content\\\/uploads\\\/2021\\\/04\\\/IMG_20210423_075948-cut-adjust-contrast_di2sifwe_1.png\",\"datePublished\":\"2021-04-26T06:04:28+00:00\",\"dateModified\":\"2025-06-13T11:04:21+00:00\",\"description\":\"Syringa vulgaris 'Sensation' , t\u00f6rzses orgona \u00a0szimpla, b\u00edborlila vir\u00e1g\u00fa, ez\u00fcst\u00f6s szeg\u00e9llyel. Illatos vir\u00e1gai \u00e1prilis-m\u00e1jusban ny\u00edlnak.\",\"breadcrumb\":{\"@id\":\"https:\\\/\\\/tajkertesz.com\\\/termek\\\/syringa-vulgaris-sensation-orgona\\\/#breadcrumb\"},\"inLanguage\":\"en-US\",\"potentialAction\":[{\"@type\":\"ReadAction\",\"target\":[\"https:\\\/\\\/tajkertesz.com\\\/termek\\\/syringa-vulgaris-sensation-orgona\\\/\"]}]},{\"@type\":\"ImageObject\",\"inLanguage\":\"en-US\",\"@id\":\"https:\\\/\\\/tajkertesz.com\\\/termek\\\/syringa-vulgaris-sensation-orgona\\\/#primaryimage\",\"url\":\"https:\\\/\\\/tajkertesz.com\\\/wp-content\\\/uploads\\\/2021\\\/04\\\/IMG_20210423_075948-cut-adjust-contrast_di2sifwe_1.png\",\"contentUrl\":\"https:\\\/\\\/tajkertesz.com\\\/wp-content\\\/uploads\\\/2021\\\/04\\\/IMG_20210423_075948-cut-adjust-contrast_di2sifwe_1.png\",\"width\":2016,\"height\":3204,\"caption\":\"Syringa vulgaris 'Sensation' - Orgona\"},{\"@type\":\"BreadcrumbList\",\"@id\":\"https:\\\/\\\/tajkertesz.com\\\/termek\\\/syringa-vulgaris-sensation-orgona\\\/#breadcrumb\",\"itemListElement\":[{\"@type\":\"ListItem\",\"position\":1,\"name\":\"Home\",\"item\":\"https:\\\/\\\/tajkertesz.com\\\/\"},{\"@type\":\"ListItem\",\"position\":2,\"name\":\"Kezd\u0151lap\",\"item\":\"https:\\\/\\\/tajkertesz.com\\\/\"},{\"@type\":\"ListItem\",\"position\":3,\"name\":\"Syringa vulgaris &#8216;Sensation&#8217; , t\u00f6rzses orgona\"}]},{\"@type\":\"WebSite\",\"@id\":\"https:\\\/\\\/tajkertesz.com\\\/#website\",\"url\":\"https:\\\/\\\/tajkertesz.com\\\/\",\"name\":\"T\u00e1j-Kert\u00e9sz 84 Kft.\",\"description\":\"Kert\u00e9szeti kis- \u00e9s nagykeresked\u00e9s, D\u00edszn\u00f6v\u00e9ny web\u00e1ruh\u00e1z orsz\u00e1gos h\u00e1zhozsz\u00e1ll\u00edt\u00e1ssal!\",\"publisher\":{\"@id\":\"https:\\\/\\\/tajkertesz.com\\\/#organization\"},\"potentialAction\":[{\"@type\":\"SearchAction\",\"target\":{\"@type\":\"EntryPoint\",\"urlTemplate\":\"https:\\\/\\\/tajkertesz.com\\\/?s={search_term_string}\"},\"query-input\":{\"@type\":\"PropertyValueSpecification\",\"valueRequired\":true,\"valueName\":\"search_term_string\"}}],\"inLanguage\":\"en-US\"},{\"@type\":\"Organization\",\"@id\":\"https:\\\/\\\/tajkertesz.com\\\/#organization\",\"name\":\"T\u00e1j-Kert\u00e9sz 84 Kft.\",\"url\":\"https:\\\/\\\/tajkertesz.com\\\/\",\"logo\":{\"@type\":\"ImageObject\",\"inLanguage\":\"en-US\",\"@id\":\"https:\\\/\\\/tajkertesz.com\\\/#\\\/schema\\\/logo\\\/image\\\/\",\"url\":\"https:\\\/\\\/tajkertesz.com\\\/wp-content\\\/uploads\\\/2018\\\/02\\\/logo-2-e1518678052539.png\",\"contentUrl\":\"https:\\\/\\\/tajkertesz.com\\\/wp-content\\\/uploads\\\/2018\\\/02\\\/logo-2-e1518678052539.png\",\"width\":81,\"height\":140,\"caption\":\"T\u00e1j-Kert\u00e9sz 84 Kft.\"},\"image\":{\"@id\":\"https:\\\/\\\/tajkertesz.com\\\/#\\\/schema\\\/logo\\\/image\\\/\"},\"sameAs\":[\"https:\\\/\\\/www.facebook.com\\\/Tajkertesz\\\/\"]}]}<\/script>\n<!-- \/ Yoast SEO plugin. -->","yoast_head_json":{"title":"Syringa vulgaris 'Sensation' , t\u00f6rzses orgona - T\u00e1jkert\u00e9sz","description":"Syringa vulgaris 'Sensation' , t\u00f6rzses orgona \u00a0szimpla, b\u00edborlila vir\u00e1g\u00fa, ez\u00fcst\u00f6s szeg\u00e9llyel. Illatos vir\u00e1gai \u00e1prilis-m\u00e1jusban ny\u00edlnak.","robots":{"index":"index","follow":"follow","max-snippet":"max-snippet:-1","max-image-preview":"max-image-preview:large","max-video-preview":"max-video-preview:-1"},"canonical":"https:\/\/tajkertesz.com\/en_US\/product\/syringa-vulgaris-sensation-orgona\/","og_locale":"en_US","og_type":"article","og_title":"Syringa vulgaris 'Sensation' , t\u00f6rzses orgona - T\u00e1jkert\u00e9sz","og_description":"Syringa vulgaris 'Sensation' , t\u00f6rzses orgona \u00a0szimpla, b\u00edborlila vir\u00e1g\u00fa, ez\u00fcst\u00f6s szeg\u00e9llyel. Illatos vir\u00e1gai \u00e1prilis-m\u00e1jusban ny\u00edlnak.","og_url":"https:\/\/tajkertesz.com\/en_US\/product\/syringa-vulgaris-sensation-orgona\/","og_site_name":"T\u00e1jkert\u00e9sz","article_publisher":"https:\/\/www.facebook.com\/Tajkertesz\/","article_modified_time":"2025-06-13T11:04:21+00:00","og_image":[{"width":644,"height":1024,"url":"https:\/\/tajkertesz.com\/wp-content\/uploads\/2021\/04\/IMG_20210423_075948-cut-adjust-contrast_di2sifwe_1-644x1024.png","type":"image\/png"}],"twitter_card":"summary_large_image","twitter_misc":{"Est. reading time":"2 minutes"},"schema":{"@context":"https:\/\/schema.org","@graph":[{"@type":"WebPage","@id":"https:\/\/tajkertesz.com\/termek\/syringa-vulgaris-sensation-orgona\/","url":"https:\/\/tajkertesz.com\/termek\/syringa-vulgaris-sensation-orgona\/","name":"Syringa vulgaris 'Sensation' , t\u00f6rzses orgona - T\u00e1jkert\u00e9sz","isPartOf":{"@id":"https:\/\/tajkertesz.com\/#website"},"primaryImageOfPage":{"@id":"https:\/\/tajkertesz.com\/termek\/syringa-vulgaris-sensation-orgona\/#primaryimage"},"image":{"@id":"https:\/\/tajkertesz.com\/termek\/syringa-vulgaris-sensation-orgona\/#primaryimage"},"thumbnailUrl":"https:\/\/tajkertesz.com\/wp-content\/uploads\/2021\/04\/IMG_20210423_075948-cut-adjust-contrast_di2sifwe_1.png","datePublished":"2021-04-26T06:04:28+00:00","dateModified":"2025-06-13T11:04:21+00:00","description":"Syringa vulgaris 'Sensation' , t\u00f6rzses orgona \u00a0szimpla, b\u00edborlila vir\u00e1g\u00fa, ez\u00fcst\u00f6s szeg\u00e9llyel. Illatos vir\u00e1gai \u00e1prilis-m\u00e1jusban ny\u00edlnak.","breadcrumb":{"@id":"https:\/\/tajkertesz.com\/termek\/syringa-vulgaris-sensation-orgona\/#breadcrumb"},"inLanguage":"en-US","potentialAction":[{"@type":"ReadAction","target":["https:\/\/tajkertesz.com\/termek\/syringa-vulgaris-sensation-orgona\/"]}]},{"@type":"ImageObject","inLanguage":"en-US","@id":"https:\/\/tajkertesz.com\/termek\/syringa-vulgaris-sensation-orgona\/#primaryimage","url":"https:\/\/tajkertesz.com\/wp-content\/uploads\/2021\/04\/IMG_20210423_075948-cut-adjust-contrast_di2sifwe_1.png","contentUrl":"https:\/\/tajkertesz.com\/wp-content\/uploads\/2021\/04\/IMG_20210423_075948-cut-adjust-contrast_di2sifwe_1.png","width":2016,"height":3204,"caption":"Syringa vulgaris 'Sensation' - Orgona"},{"@type":"BreadcrumbList","@id":"https:\/\/tajkertesz.com\/termek\/syringa-vulgaris-sensation-orgona\/#breadcrumb","itemListElement":[{"@type":"ListItem","position":1,"name":"Home","item":"https:\/\/tajkertesz.com\/"},{"@type":"ListItem","position":2,"name":"Kezd\u0151lap","item":"https:\/\/tajkertesz.com\/"},{"@type":"ListItem","position":3,"name":"Syringa vulgaris &#8216;Sensation&#8217; , t\u00f6rzses orgona"}]},{"@type":"WebSite","@id":"https:\/\/tajkertesz.com\/#website","url":"https:\/\/tajkertesz.com\/","name":"T\u00e1j-Kert\u00e9sz 84 Kft.","description":"Kert\u00e9szeti kis- \u00e9s nagykeresked\u00e9s, D\u00edszn\u00f6v\u00e9ny web\u00e1ruh\u00e1z orsz\u00e1gos h\u00e1zhozsz\u00e1ll\u00edt\u00e1ssal!","publisher":{"@id":"https:\/\/tajkertesz.com\/#organization"},"potentialAction":[{"@type":"SearchAction","target":{"@type":"EntryPoint","urlTemplate":"https:\/\/tajkertesz.com\/?s={search_term_string}"},"query-input":{"@type":"PropertyValueSpecification","valueRequired":true,"valueName":"search_term_string"}}],"inLanguage":"en-US"},{"@type":"Organization","@id":"https:\/\/tajkertesz.com\/#organization","name":"T\u00e1j-Kert\u00e9sz 84 Kft.","url":"https:\/\/tajkertesz.com\/","logo":{"@type":"ImageObject","inLanguage":"en-US","@id":"https:\/\/tajkertesz.com\/#\/schema\/logo\/image\/","url":"https:\/\/tajkertesz.com\/wp-content\/uploads\/2018\/02\/logo-2-e1518678052539.png","contentUrl":"https:\/\/tajkertesz.com\/wp-content\/uploads\/2018\/02\/logo-2-e1518678052539.png","width":81,"height":140,"caption":"T\u00e1j-Kert\u00e9sz 84 Kft."},"image":{"@id":"https:\/\/tajkertesz.com\/#\/schema\/logo\/image\/"},"sameAs":["https:\/\/www.facebook.com\/Tajkertesz\/"]}]}},"_links":{"self":[{"href":"https:\/\/tajkertesz.com\/en_US\/wp-json\/wp\/v2\/product\/3540","targetHints":{"allow":["GET"]}}],"collection":[{"href":"https:\/\/tajkertesz.com\/en_US\/wp-json\/wp\/v2\/product"}],"about":[{"href":"https:\/\/tajkertesz.com\/en_US\/wp-json\/wp\/v2\/types\/product"}],"wp:featuredmedia":[{"embeddable":true,"href":"https:\/\/tajkertesz.com\/en_US\/wp-json\/wp\/v2\/media\/3541"}],"wp:attachment":[{"href":"https:\/\/tajkertesz.com\/en_US\/wp-json\/wp\/v2\/media?parent=3540"}],"wp:term":[{"taxonomy":"product_brand","embeddable":true,"href":"https:\/\/tajkertesz.com\/en_US\/wp-json\/wp\/v2\/product_brand?post=3540"},{"taxonomy":"product_cat","embeddable":true,"href":"https:\/\/tajkertesz.com\/en_US\/wp-json\/wp\/v2\/product_cat?post=3540"},{"taxonomy":"product_tag","embeddable":true,"href":"https:\/\/tajkertesz.com\/en_US\/wp-json\/wp\/v2\/product_tag?post=3540"}],"curies":[{"name":"wp","href":"https:\/\/api.w.org\/{rel}","templated":true}]}}