{"id":3550,"date":"2021-04-26T08:39:58","date_gmt":"2021-04-26T08:39:58","guid":{"rendered":"https:\/\/tajkertesz.com\/?post_type=product&#038;p=3550"},"modified":"2024-12-11T14:10:00","modified_gmt":"2024-12-11T14:10:00","slug":"agyag-cserep-13-cm-terrakotta","status":"publish","type":"product","link":"https:\/\/tajkertesz.com\/en_US\/product\/agyag-cserep-13-cm-terrakotta\/","title":{"rendered":"Agyag cser\u00e9p 13 cm terrakotta"},"content":{"rendered":"<p>Agyag cser\u00e9p 13 cm terrakotta<\/p>\n<p>Az Agyag cser\u00e9p 13 cm terrakotta a legjobb min\u0151s\u00e9g\u0171 agyagb\u00f3l k\u00e9sz\u00fcl.<\/p>\n<p>Az agyag \u00fcltet\u0151cserepeknek is sz\u00e1mos el\u0151nye van melyeket most felsorolunk!<\/p>\n<ol>\n<li><strong>L\u00e9g\u00e1tereszt\u0151 k\u00e9pess\u00e9g<\/strong>: Az agyag term\u00e9szetes porozit\u00e1sa lehet\u0151v\u00e9 teszi a leveg\u0151 \u00e9s a v\u00edz \u00e1raml\u00e1s\u00e1t, ami el\u0151seg\u00edti a n\u00f6v\u00e9nyek gy\u00f6kereinek eg\u00e9szs\u00e9ges fejl\u0151d\u00e9s\u00e9t.<\/li>\n<li><strong>Nedvess\u00e9gszab\u00e1lyoz\u00e1s<\/strong>: Az agyag felsz\u00edvja a felesleges vizet, majd lassan elp\u00e1rologtatja, \u00edgy seg\u00edt megel\u0151zni a gy\u00f6k\u00e9rrothad\u00e1st.<\/li>\n<li><strong>H\u0151szab\u00e1lyoz\u00e1s<\/strong>: Az agyag term\u00e9szetes h\u0151szigetel\u0151 tulajdons\u00e1gai seg\u00edtenek megv\u00e9deni a n\u00f6v\u00e9nyeket a hirtelen h\u0151m\u00e9rs\u00e9klet-v\u00e1ltoz\u00e1sokt\u00f3l.<\/li>\n<li><strong>Eszt\u00e9tika<\/strong>: Term\u00e9szetes \u00e9s rusztikus megjelen\u00e9s\u00fck van, ami j\u00f3l illeszkedik a k\u00fcl\u00f6nb\u00f6z\u0151 kert\u00e9szeti \u00e9s lakberendez\u00e9si st\u00edlusokhoz.<\/li>\n<li><strong>K\u00f6rnyezetbar\u00e1t<\/strong>: Az agyag term\u00e9szetes anyag, \u00edgy fenntarthat\u00f3 \u00e9s k\u00f6rnyezetbar\u00e1t v\u00e1laszt\u00e1s.<\/li>\n<\/ol>\n<p><span style=\"color: #ffffff;\"> legink\u00e1bb vir\u00e1gcserepek, \u00e9s kisebb vir\u00e1gl\u00e1d\u00e1k, tet\u0151cserepek, valamint d\u00edszt\u00e1rgyak k\u00e9sz\u00fclnek bel\u0151le.<\/span><\/p>\n<p>Id\u0151j\u00e1r\u00e1sban \u00e9s fagyellen\u00e1ll\u00f3s\u00e1gban kiemelked\u0151 minden k\u00fclt\u00e9ri term\u00e9k. Sz\u00e9les forma \u00e9s m\u00e9ret v\u00e1laszt\u00e9k\u00e1ban kiv\u00e9telesen j\u00f3k. Minden ed\u00e9nynek az alj\u00e1n v\u00edz\u00e1tereszt\u0151 lyuk van, vagy annak a helye ig\u00e9ny szerinti kilyukaszt\u00e1sra. Egyes term\u00e9kek a v\u00edznek jobban ellen\u00e1llnak, nem eresztik \u00e1t a vizet (al\u00e1t\u00e9tek, belt\u00e9ri vir\u00e1gcserepek).<\/p>\n<p>Hogy sok\u00e1ig meg\u0151rizz\u00fck a term\u00e9k min\u0151s\u00e9g\u00e9t a t\u00e9li id\u0151szakban 3 fok alatti h\u0151m\u00e9rs\u00e9kletn\u00e9l v\u00e9gezz\u00fck el az ed\u00e9nyek v\u00edzmentes\u00edt\u00e9s\u00e9t. Ellen\u0151rizz\u00fck, hogy a lyuk a cser\u00e9p alj\u00e1n szabad \u00e1raml\u00e1st biztos\u00edt a v\u00edz elfoly\u00e1s\u00e1nak. T\u00e1vol\u00edtsuk el az al\u00e1t\u00e9teket az ed\u00e9nyek al\u00f3l, hogy a felesleges vizet ne t\u00e1rolja el. Ne \u00e9rintkezzen a cser\u00e9p k\u00f6zvetlen\u00fcl a talajjal, haszn\u00e1ljunk valamilyen al\u00e1t\u00e9tet, vagy al\u00e1t\u00e1maszt\u00e1st.<\/p>\n<p>Figyelj\u00fcnk oda,\u00a0 hogyha a cser\u00e9p alja a talajhoz fagyott, ne haszn\u00e1ljunk forr\u00f3 vizet, vagy egyebet mint s\u00f3,\u00a0 mert az roncsolhatja az ed\u00e9nyt.<\/p>\n<p>&nbsp;<\/p>\n<p style=\"line-height: 18.0pt; background: white; margin: 0cm 0cm 15.0pt 0cm;\"><b><span style=\"font-family: 'Ubuntu',sans-serif; color: black;\">K\u00e9szlet\u00fcnk napi szinten v\u00e1ltozik, ez\u00e9rt k\u00e9rj\u00fck, \u00e9rdekl\u0151dj\u00f6n szem\u00e9lyesen, telefonon vagy email-en.<br \/>\nA v\u00e1ltoztat\u00e1s jog\u00e1t fenntartjuk!\u00a0<\/span><\/b><\/p>\n<p><a href=\"https:\/\/tajkertesz.com\/\">https:\/\/tajkertesz.com\/<\/a><\/p>\n<p><a href=\"https:\/\/www.facebook.com\/tajkertesz\/\">https:\/\/www.facebook.com\/tajkertesz\/<\/a><\/p>\n<p>Kisz\u00e1ll\u00edt\u00e1s: 200cm-ig \u00e9s 40 kg-ig a sz\u00e1ll\u00edt\u00e1s fut\u00e1rszolg\u00e1lattal t\u00f6rt\u00e9nik.<\/p>\n<p>Szem\u00e9lyes \u00e1tv\u00e9tel nyitvatart\u00e1si id\u0151ben a 17. ker\u00fclet Bakancsos utca 7. sz\u00e1m alatti Kert\u00e9szeti \u00e1rud\u00e1nkban.<\/p>\n<p>&nbsp;<\/p>\n<p>A term\u00e9k m\u00e9rete: 13 cm<\/p>\n<p><span style=\"color: #ff0000;\">Szem\u00e9lyes \u00e1tv\u00e9tellel tudjuk garant\u00e1lni a term\u00e9k \u00e9ps\u00e9g\u00e9t, sajnos a fut\u00e1rszolg\u00e1lattal t\u00f6rt\u00e9n\u0151 sz\u00e1ll\u00edt\u00e1s eset\u00e9n keletkezett k\u00e1rok\u00e9rt felel\u0151ss\u00e9get nem tudunk v\u00e1llalni.<\/span><\/p>\n<p>&nbsp;<\/p>\n<p>&nbsp;<\/p>","protected":false},"excerpt":{"rendered":"<p><strong>Agyag cser\u00e9p 13 cm terrakotta<\/strong><\/p>\n<p>Az agyag \u00fcltet\u0151cserepeknek is sz\u00e1mos el\u0151nye van melyeket most felsorolunk!<\/p>\n<ol>\n<li><strong>L\u00e9g\u00e1tereszt\u0151 k\u00e9pess\u00e9g<\/strong>: Az agyag term\u00e9szetes porozit\u00e1sa lehet\u0151v\u00e9 teszi a leveg\u0151 \u00e9s a v\u00edz \u00e1raml\u00e1s\u00e1t, ami el\u0151seg\u00edti a n\u00f6v\u00e9nyek gy\u00f6kereinek eg\u00e9szs\u00e9ges fejl\u0151d\u00e9s\u00e9t.<\/li>\n<li><strong>Nedvess\u00e9gszab\u00e1lyoz\u00e1s<\/strong>: Az agyag felsz\u00edvja a felesleges vizet, majd lassan elp\u00e1rologtatja, \u00edgy seg\u00edt megel\u0151zni a gy\u00f6k\u00e9rrothad\u00e1st.<\/li>\n<li><strong>H\u0151szab\u00e1lyoz\u00e1s<\/strong>: Az agyag term\u00e9szetes h\u0151szigetel\u0151 tulajdons\u00e1gai seg\u00edtenek megv\u00e9deni a n\u00f6v\u00e9nyeket a hirtelen h\u0151m\u00e9rs\u00e9klet-v\u00e1ltoz\u00e1sokt\u00f3l.<\/li>\n<li><strong>Eszt\u00e9tika<\/strong>: Term\u00e9szetes \u00e9s rusztikus megjelen\u00e9s\u00fck van, ami j\u00f3l illeszkedik a k\u00fcl\u00f6nb\u00f6z\u0151 kert\u00e9szeti \u00e9s lakberendez\u00e9si st\u00edlusokhoz.<\/li>\n<li><strong>K\u00f6rnyezetbar\u00e1t<\/strong>: Az agyag term\u00e9szetes anyag, \u00edgy fenntarthat\u00f3 \u00e9s k\u00f6rnyezetbar\u00e1t v\u00e1laszt\u00e1s.<\/li>\n<\/ol>\n<p>&nbsp;<\/p>\n<p>&nbsp;<\/p>\n<p>&nbsp;<\/p>","protected":false},"featured_media":3552,"template":"","meta":{"_et_pb_use_builder":"","_et_pb_old_content":"","_et_gb_content_width":""},"product_brand":[],"product_cat":[1532],"product_tag":[1363,1350,1351,1352,5534],"class_list":{"0":"post-3550","1":"product","2":"type-product","3":"status-publish","4":"has-post-thumbnail","6":"product_cat-agyag-cserepek-kaspok-viragladak","7":"product_tag-agyag","8":"product_tag-agyag-cserep","9":"product_tag-agyag-cserep-13-cm","10":"product_tag-terrakotta","11":"product_tag-voragcserep","13":"first","14":"instock","15":"shipping-taxable","16":"purchasable","17":"product-type-simple"},"yoast_head":"<!-- This site is optimized with the Yoast SEO plugin v27.3 - https:\/\/yoast.com\/product\/yoast-seo-wordpress\/ -->\n<title>Agyag cser\u00e9p 13 cm terrakotta - T\u00e1jkert\u00e9sz<\/title>\n<meta name=\"description\" content=\"Agyag cser\u00e9p 13 cm terrakotta a legjobb min\u0151s\u00e9g\u0171 agyagb\u00f3l k\u00e9sz\u00fclnek.Id\u0151j\u00e1r\u00e1sban \u00e9s fagyellen\u00e1ll\u00f3s\u00e1gban kiemelked\u0151 minden k\u00fclt\u00e9ri term\u00e9k.\" \/>\n<meta name=\"robots\" content=\"index, follow, max-snippet:-1, max-image-preview:large, max-video-preview:-1\" \/>\n<link rel=\"canonical\" href=\"https:\/\/tajkertesz.com\/en_US\/product\/agyag-cserep-13-cm-terrakotta\/\" \/>\n<meta property=\"og:locale\" content=\"en_US\" \/>\n<meta property=\"og:type\" content=\"article\" \/>\n<meta property=\"og:title\" content=\"Agyag cser\u00e9p 13 cm terrakotta - T\u00e1jkert\u00e9sz\" \/>\n<meta property=\"og:description\" content=\"Agyag cser\u00e9p 13 cm terrakotta a legjobb min\u0151s\u00e9g\u0171 agyagb\u00f3l k\u00e9sz\u00fclnek.Id\u0151j\u00e1r\u00e1sban \u00e9s fagyellen\u00e1ll\u00f3s\u00e1gban kiemelked\u0151 minden k\u00fclt\u00e9ri term\u00e9k.\" \/>\n<meta property=\"og:url\" content=\"https:\/\/tajkertesz.com\/en_US\/product\/agyag-cserep-13-cm-terrakotta\/\" \/>\n<meta property=\"og:site_name\" content=\"T\u00e1jkert\u00e9sz\" \/>\n<meta property=\"article:publisher\" content=\"https:\/\/www.facebook.com\/Tajkertesz\/\" \/>\n<meta property=\"article:modified_time\" content=\"2024-12-11T14:10:00+00:00\" \/>\n<meta property=\"og:image\" content=\"https:\/\/tajkertesz.com\/wp-content\/uploads\/2021\/04\/1130.jpg\" \/>\n\t<meta property=\"og:image:width\" content=\"800\" \/>\n\t<meta property=\"og:image:height\" content=\"800\" \/>\n\t<meta property=\"og:image:type\" content=\"image\/jpeg\" \/>\n<meta name=\"twitter:card\" content=\"summary_large_image\" \/>\n<meta name=\"twitter:label1\" content=\"Est. reading time\" \/>\n\t<meta name=\"twitter:data1\" content=\"3 minutes\" \/>\n<script type=\"application\/ld+json\" class=\"yoast-schema-graph\">{\"@context\":\"https:\\\/\\\/schema.org\",\"@graph\":[{\"@type\":\"WebPage\",\"@id\":\"https:\\\/\\\/tajkertesz.com\\\/termek\\\/agyag-cserep-13-cm-terrakotta\\\/\",\"url\":\"https:\\\/\\\/tajkertesz.com\\\/termek\\\/agyag-cserep-13-cm-terrakotta\\\/\",\"name\":\"Agyag cser\u00e9p 13 cm terrakotta - T\u00e1jkert\u00e9sz\",\"isPartOf\":{\"@id\":\"https:\\\/\\\/tajkertesz.com\\\/#website\"},\"primaryImageOfPage\":{\"@id\":\"https:\\\/\\\/tajkertesz.com\\\/termek\\\/agyag-cserep-13-cm-terrakotta\\\/#primaryimage\"},\"image\":{\"@id\":\"https:\\\/\\\/tajkertesz.com\\\/termek\\\/agyag-cserep-13-cm-terrakotta\\\/#primaryimage\"},\"thumbnailUrl\":\"https:\\\/\\\/tajkertesz.com\\\/wp-content\\\/uploads\\\/2021\\\/04\\\/1130.jpg\",\"datePublished\":\"2021-04-26T08:39:58+00:00\",\"dateModified\":\"2024-12-11T14:10:00+00:00\",\"description\":\"Agyag cser\u00e9p 13 cm terrakotta a legjobb min\u0151s\u00e9g\u0171 agyagb\u00f3l k\u00e9sz\u00fclnek.Id\u0151j\u00e1r\u00e1sban \u00e9s fagyellen\u00e1ll\u00f3s\u00e1gban kiemelked\u0151 minden k\u00fclt\u00e9ri term\u00e9k.\",\"breadcrumb\":{\"@id\":\"https:\\\/\\\/tajkertesz.com\\\/termek\\\/agyag-cserep-13-cm-terrakotta\\\/#breadcrumb\"},\"inLanguage\":\"en-US\",\"potentialAction\":[{\"@type\":\"ReadAction\",\"target\":[\"https:\\\/\\\/tajkertesz.com\\\/termek\\\/agyag-cserep-13-cm-terrakotta\\\/\"]}]},{\"@type\":\"ImageObject\",\"inLanguage\":\"en-US\",\"@id\":\"https:\\\/\\\/tajkertesz.com\\\/termek\\\/agyag-cserep-13-cm-terrakotta\\\/#primaryimage\",\"url\":\"https:\\\/\\\/tajkertesz.com\\\/wp-content\\\/uploads\\\/2021\\\/04\\\/1130.jpg\",\"contentUrl\":\"https:\\\/\\\/tajkertesz.com\\\/wp-content\\\/uploads\\\/2021\\\/04\\\/1130.jpg\",\"width\":800,\"height\":800},{\"@type\":\"BreadcrumbList\",\"@id\":\"https:\\\/\\\/tajkertesz.com\\\/termek\\\/agyag-cserep-13-cm-terrakotta\\\/#breadcrumb\",\"itemListElement\":[{\"@type\":\"ListItem\",\"position\":1,\"name\":\"Home\",\"item\":\"https:\\\/\\\/tajkertesz.com\\\/\"},{\"@type\":\"ListItem\",\"position\":2,\"name\":\"Kezd\u0151lap\",\"item\":\"https:\\\/\\\/tajkertesz.com\\\/\"},{\"@type\":\"ListItem\",\"position\":3,\"name\":\"Agyag cser\u00e9p 13 cm terrakotta\"}]},{\"@type\":\"WebSite\",\"@id\":\"https:\\\/\\\/tajkertesz.com\\\/#website\",\"url\":\"https:\\\/\\\/tajkertesz.com\\\/\",\"name\":\"T\u00e1j-Kert\u00e9sz 84 Kft.\",\"description\":\"Kert\u00e9szeti kis- \u00e9s nagykeresked\u00e9s, D\u00edszn\u00f6v\u00e9ny web\u00e1ruh\u00e1z orsz\u00e1gos h\u00e1zhozsz\u00e1ll\u00edt\u00e1ssal!\",\"publisher\":{\"@id\":\"https:\\\/\\\/tajkertesz.com\\\/#organization\"},\"potentialAction\":[{\"@type\":\"SearchAction\",\"target\":{\"@type\":\"EntryPoint\",\"urlTemplate\":\"https:\\\/\\\/tajkertesz.com\\\/?s={search_term_string}\"},\"query-input\":{\"@type\":\"PropertyValueSpecification\",\"valueRequired\":true,\"valueName\":\"search_term_string\"}}],\"inLanguage\":\"en-US\"},{\"@type\":\"Organization\",\"@id\":\"https:\\\/\\\/tajkertesz.com\\\/#organization\",\"name\":\"T\u00e1j-Kert\u00e9sz 84 Kft.\",\"url\":\"https:\\\/\\\/tajkertesz.com\\\/\",\"logo\":{\"@type\":\"ImageObject\",\"inLanguage\":\"en-US\",\"@id\":\"https:\\\/\\\/tajkertesz.com\\\/#\\\/schema\\\/logo\\\/image\\\/\",\"url\":\"https:\\\/\\\/tajkertesz.com\\\/wp-content\\\/uploads\\\/2018\\\/02\\\/logo-2-e1518678052539.png\",\"contentUrl\":\"https:\\\/\\\/tajkertesz.com\\\/wp-content\\\/uploads\\\/2018\\\/02\\\/logo-2-e1518678052539.png\",\"width\":81,\"height\":140,\"caption\":\"T\u00e1j-Kert\u00e9sz 84 Kft.\"},\"image\":{\"@id\":\"https:\\\/\\\/tajkertesz.com\\\/#\\\/schema\\\/logo\\\/image\\\/\"},\"sameAs\":[\"https:\\\/\\\/www.facebook.com\\\/Tajkertesz\\\/\"]}]}<\/script>\n<!-- \/ Yoast SEO plugin. -->","yoast_head_json":{"title":"Agyag cser\u00e9p 13 cm terrakotta - T\u00e1jkert\u00e9sz","description":"Agyag cser\u00e9p 13 cm terrakotta a legjobb min\u0151s\u00e9g\u0171 agyagb\u00f3l k\u00e9sz\u00fclnek.Id\u0151j\u00e1r\u00e1sban \u00e9s fagyellen\u00e1ll\u00f3s\u00e1gban kiemelked\u0151 minden k\u00fclt\u00e9ri term\u00e9k.","robots":{"index":"index","follow":"follow","max-snippet":"max-snippet:-1","max-image-preview":"max-image-preview:large","max-video-preview":"max-video-preview:-1"},"canonical":"https:\/\/tajkertesz.com\/en_US\/product\/agyag-cserep-13-cm-terrakotta\/","og_locale":"en_US","og_type":"article","og_title":"Agyag cser\u00e9p 13 cm terrakotta - T\u00e1jkert\u00e9sz","og_description":"Agyag cser\u00e9p 13 cm terrakotta a legjobb min\u0151s\u00e9g\u0171 agyagb\u00f3l k\u00e9sz\u00fclnek.Id\u0151j\u00e1r\u00e1sban \u00e9s fagyellen\u00e1ll\u00f3s\u00e1gban kiemelked\u0151 minden k\u00fclt\u00e9ri term\u00e9k.","og_url":"https:\/\/tajkertesz.com\/en_US\/product\/agyag-cserep-13-cm-terrakotta\/","og_site_name":"T\u00e1jkert\u00e9sz","article_publisher":"https:\/\/www.facebook.com\/Tajkertesz\/","article_modified_time":"2024-12-11T14:10:00+00:00","og_image":[{"width":800,"height":800,"url":"https:\/\/tajkertesz.com\/wp-content\/uploads\/2021\/04\/1130.jpg","type":"image\/jpeg"}],"twitter_card":"summary_large_image","twitter_misc":{"Est. reading time":"3 minutes"},"schema":{"@context":"https:\/\/schema.org","@graph":[{"@type":"WebPage","@id":"https:\/\/tajkertesz.com\/termek\/agyag-cserep-13-cm-terrakotta\/","url":"https:\/\/tajkertesz.com\/termek\/agyag-cserep-13-cm-terrakotta\/","name":"Agyag cser\u00e9p 13 cm terrakotta - T\u00e1jkert\u00e9sz","isPartOf":{"@id":"https:\/\/tajkertesz.com\/#website"},"primaryImageOfPage":{"@id":"https:\/\/tajkertesz.com\/termek\/agyag-cserep-13-cm-terrakotta\/#primaryimage"},"image":{"@id":"https:\/\/tajkertesz.com\/termek\/agyag-cserep-13-cm-terrakotta\/#primaryimage"},"thumbnailUrl":"https:\/\/tajkertesz.com\/wp-content\/uploads\/2021\/04\/1130.jpg","datePublished":"2021-04-26T08:39:58+00:00","dateModified":"2024-12-11T14:10:00+00:00","description":"Agyag cser\u00e9p 13 cm terrakotta a legjobb min\u0151s\u00e9g\u0171 agyagb\u00f3l k\u00e9sz\u00fclnek.Id\u0151j\u00e1r\u00e1sban \u00e9s fagyellen\u00e1ll\u00f3s\u00e1gban kiemelked\u0151 minden k\u00fclt\u00e9ri term\u00e9k.","breadcrumb":{"@id":"https:\/\/tajkertesz.com\/termek\/agyag-cserep-13-cm-terrakotta\/#breadcrumb"},"inLanguage":"en-US","potentialAction":[{"@type":"ReadAction","target":["https:\/\/tajkertesz.com\/termek\/agyag-cserep-13-cm-terrakotta\/"]}]},{"@type":"ImageObject","inLanguage":"en-US","@id":"https:\/\/tajkertesz.com\/termek\/agyag-cserep-13-cm-terrakotta\/#primaryimage","url":"https:\/\/tajkertesz.com\/wp-content\/uploads\/2021\/04\/1130.jpg","contentUrl":"https:\/\/tajkertesz.com\/wp-content\/uploads\/2021\/04\/1130.jpg","width":800,"height":800},{"@type":"BreadcrumbList","@id":"https:\/\/tajkertesz.com\/termek\/agyag-cserep-13-cm-terrakotta\/#breadcrumb","itemListElement":[{"@type":"ListItem","position":1,"name":"Home","item":"https:\/\/tajkertesz.com\/"},{"@type":"ListItem","position":2,"name":"Kezd\u0151lap","item":"https:\/\/tajkertesz.com\/"},{"@type":"ListItem","position":3,"name":"Agyag cser\u00e9p 13 cm terrakotta"}]},{"@type":"WebSite","@id":"https:\/\/tajkertesz.com\/#website","url":"https:\/\/tajkertesz.com\/","name":"T\u00e1j-Kert\u00e9sz 84 Kft.","description":"Kert\u00e9szeti kis- \u00e9s nagykeresked\u00e9s, D\u00edszn\u00f6v\u00e9ny web\u00e1ruh\u00e1z orsz\u00e1gos h\u00e1zhozsz\u00e1ll\u00edt\u00e1ssal!","publisher":{"@id":"https:\/\/tajkertesz.com\/#organization"},"potentialAction":[{"@type":"SearchAction","target":{"@type":"EntryPoint","urlTemplate":"https:\/\/tajkertesz.com\/?s={search_term_string}"},"query-input":{"@type":"PropertyValueSpecification","valueRequired":true,"valueName":"search_term_string"}}],"inLanguage":"en-US"},{"@type":"Organization","@id":"https:\/\/tajkertesz.com\/#organization","name":"T\u00e1j-Kert\u00e9sz 84 Kft.","url":"https:\/\/tajkertesz.com\/","logo":{"@type":"ImageObject","inLanguage":"en-US","@id":"https:\/\/tajkertesz.com\/#\/schema\/logo\/image\/","url":"https:\/\/tajkertesz.com\/wp-content\/uploads\/2018\/02\/logo-2-e1518678052539.png","contentUrl":"https:\/\/tajkertesz.com\/wp-content\/uploads\/2018\/02\/logo-2-e1518678052539.png","width":81,"height":140,"caption":"T\u00e1j-Kert\u00e9sz 84 Kft."},"image":{"@id":"https:\/\/tajkertesz.com\/#\/schema\/logo\/image\/"},"sameAs":["https:\/\/www.facebook.com\/Tajkertesz\/"]}]}},"_links":{"self":[{"href":"https:\/\/tajkertesz.com\/en_US\/wp-json\/wp\/v2\/product\/3550","targetHints":{"allow":["GET"]}}],"collection":[{"href":"https:\/\/tajkertesz.com\/en_US\/wp-json\/wp\/v2\/product"}],"about":[{"href":"https:\/\/tajkertesz.com\/en_US\/wp-json\/wp\/v2\/types\/product"}],"wp:featuredmedia":[{"embeddable":true,"href":"https:\/\/tajkertesz.com\/en_US\/wp-json\/wp\/v2\/media\/3552"}],"wp:attachment":[{"href":"https:\/\/tajkertesz.com\/en_US\/wp-json\/wp\/v2\/media?parent=3550"}],"wp:term":[{"taxonomy":"product_brand","embeddable":true,"href":"https:\/\/tajkertesz.com\/en_US\/wp-json\/wp\/v2\/product_brand?post=3550"},{"taxonomy":"product_cat","embeddable":true,"href":"https:\/\/tajkertesz.com\/en_US\/wp-json\/wp\/v2\/product_cat?post=3550"},{"taxonomy":"product_tag","embeddable":true,"href":"https:\/\/tajkertesz.com\/en_US\/wp-json\/wp\/v2\/product_tag?post=3550"}],"curies":[{"name":"wp","href":"https:\/\/api.w.org\/{rel}","templated":true}]}}