{"id":3566,"date":"2021-04-26T09:35:01","date_gmt":"2021-04-26T09:35:01","guid":{"rendered":"https:\/\/tajkertesz.com\/?post_type=product&#038;p=3566"},"modified":"2025-06-16T06:58:10","modified_gmt":"2025-06-16T06:58:10","slug":"primula-tal-3-reszes-hosszukas-40-cm-terrakotta","status":"publish","type":"product","link":"https:\/\/tajkertesz.com\/en_US\/product\/primula-tal-3-reszes-hosszukas-40-cm-terrakotta\/","title":{"rendered":"Primula t\u00e1l 3 r\u00e9szes hossz\u00fak\u00e1s 40 cm terrakotta"},"content":{"rendered":"<p>Primula t\u00e1l 3 r\u00e9szes hossz\u00fak\u00e1s 40 cm terrakotta<\/p>\n<p>Primula t\u00e1l 3 r\u00e9szes hossz\u00fak\u00e1s 40 cm terrakotta a legjobb min\u0151s\u00e9g\u0171 agyagb\u00f3l k\u00e9sz\u00fclnek.<\/p>\n<p>Id\u0151j\u00e1r\u00e1sban \u00e9s fagyellen\u00e1ll\u00f3s\u00e1gban kiemelked\u0151 minden k\u00fclt\u00e9ri term\u00e9k.Sz\u00e9les forma \u00e9s m\u00e9ret v\u00e1laszt\u00e9k\u00e1ban kiv\u00e9telesen j\u00f3k.Minden ed\u00e9nynek az alj\u00e1n v\u00edz\u00e1tereszt\u0151 lyuk van, vagy annak a helye ig\u00e9ny szerinti kilyukaszt\u00e1sra.Egyes term\u00e9kek a v\u00edznek jobban ellen\u00e1llnak, nem eresztik \u00e1t a vizet (al\u00e1t\u00e9tek, belt\u00e9ri vir\u00e1gcserepek).<\/p>\n<p>Hogy sok\u00e1ig meg\u0151rizz\u00fck a term\u00e9k min\u0151s\u00e9g\u00e9t a t\u00e9li id\u0151szakban 3 fok alatti h\u0151m\u00e9rs\u00e9kletn\u00e9l v\u00e9gezz\u00fck el az ed\u00e9nyek v\u00edzmentes\u00edt\u00e9s\u00e9t.Ellen\u0151rizz\u00fck, hogy a lyuk a cser\u00e9p alj\u00e1n szabad \u00e1raml\u00e1st biztos\u00edt a v\u00edz elfoly\u00e1s\u00e1nak.T\u00e1vol\u00edtsuk el az al\u00e1t\u00e9teket az ed\u00e9nyek al\u00f3l, hogy a felesleges vizet ne t\u00e1rolja el. Ne \u00e9rintkezzen a cser\u00e9p k\u00f6zvetlen\u00fcl a talajjal, haszn\u00e1ljunk valamilyen al\u00e1t\u00e9tet, vagy al\u00e1t\u00e1maszt\u00e1st.<\/p>\n<p>Figyelj\u00fcnk oda,\u00a0 hogyha a cser\u00e9p alja a talajhoz fagyott, ne haszn\u00e1ljunk forr\u00f3 vizet, vagy egyebet mint s\u00f3,\u00a0 mert az roncsolhatja az ed\u00e9nyt.<\/p>\n<p>&nbsp;<\/p>\n<p><span style=\"color: #ffffff;\"><strong>Az agyagr\u00f3l<\/strong><\/span><\/p>\n<p><span style=\"color: #ffffff;\">Az agyag igen elterjedt \u00fcled\u00e9k, finomszemcs\u00e9s \u00f6sszetev\u0151kb\u0151l \u00e1ll. Azokat az \u00fcled\u00e9keket sorolj\u00e1k ide, melyek szemcsem\u00e9rete nem haladja meg a 0,02 mm-t.<\/span><\/p>\n<p><span style=\"color: #ffffff;\">Egyes \u00e1llamokban ezt a m\u00e9retet 0,039 mm-ben hat\u00e1rozz\u00e1k meg, mert ez a m\u00e9ret a kolloid tulajdons\u00e1ggal rendelkez\u0151 szemcs\u00e9k fels\u0151 m\u00e9rethat\u00e1ra. Az agyag\u00e1sv\u00e1nyokon k\u00edv\u00fcl tartalmaznak kvarcszemcs\u00e9ket, szerves szennyez\u0151d\u00e9seket, meszes vagy kovasavas k\u00f6t\u0151anyagokat.<\/span><\/p>\n<p><span style=\"color: #ffffff;\">Egyes fajt\u00e1i (\u00edgy a betonit) nagy mennyis\u00e9g\u0171 vizet k\u00e9pesek felvenni a krist\u00e1lyr\u00e1csok \u00e9s a mikronm\u00e9ret\u0171 szemcs\u00e9k k\u00f6z\u00e9, melyet molekul\u00e1risan, finom kapill\u00e1risokban megk\u00f6tnek.<\/span><\/p>\n<p><span style=\"color: #ffffff;\">A szemcsem\u00e9rethat\u00e1rt az\u00e9rt szabt\u00e1k meg 0,02\u00a0mm-ben, mert az \u00edgy kialakult h\u00e9zagok bakteri\u00e1lisan m\u00e1r nem j\u00e1rhat\u00f3k \u00e1t.<\/span><\/p>\n<p><span style=\"color: #ffffff;\">A finomszemcs\u00e9s t\u00f6meg szemcsefelsz\u00edne rendk\u00edv\u00fcl nagy, a szemcseeloszl\u00e1s \u00e9s a szemcsealak f\u00fcggv\u00e9ny\u00e9ben t\u00f6bb m\u00b2\/gramm m\u00e9rt\u00e9k\u0171 lehet.<\/span><\/p>\n<p><span style=\"color: #ffffff;\">A talajmechanikai gyakorlatban talajok szemnagys\u00e1g szerinti oszt\u00e1lyoz\u00e1sakor azonban a 0,002\u00a0mm-n\u00e9l kisebb szemnagys\u00e1g\u00fa talajt nevezz\u00fck agyagnak.Az agyag m\u00e9g egy\u00e9rtelm\u0171en \u00fcled\u00e9k, az agyagk\u00f6vet m\u00e1r \u00fcled\u00e9kes k\u0151zetnek tekinthetj\u00fck.<\/span><\/p>\n<p>&nbsp;<\/p>\n<h3><span style=\"color: #ffffff;\">A\u00a0<b>cser\u00e9p<\/b> nem m\u00e1s mint \u00e9getett agyag.<\/span><\/h3>\n<p><span style=\"color: #ffffff;\">A hagyom\u00e1nyos fazekass\u00e1g legfontosabb alapanyaga az agyag, melyet ki\u00e9getve a cserepet kapjuk eredm\u00e9ny\u00fcl.<\/span><\/p>\n<p><span style=\"color: #ffffff;\">Ez sokkal kem\u00e9nyebb, \u00e9s id\u0151t\u00e1ll\u00f3bb valamint bizonyos v\u00edz\u00e1ll\u00f3s\u00e1ggal is rendelkezik. A v\u00edz\u00e1ll\u00f3s\u00e1got m\u00e1zr\u00e9teggel lehet fokozni, az \u00edgy ki\u00e9getett anyag az \u00fagynevezett m\u00e1zas cser\u00e9p.<\/span><\/p>\n<p><span style=\"color: #ffffff;\">R\u00e9gebben mindennapi haszn\u00e1lati t\u00e1rgyak (kancs\u00f3k, kup\u00e1k) k\u00e9sz\u00fcltek bel\u0151le, ma legink\u00e1bb vir\u00e1gcserepek, \u00e9s kisebb vir\u00e1gl\u00e1d\u00e1k, tet\u0151cserepek, valamint d\u00edszt\u00e1rgyak k\u00e9sz\u00fclnek bel\u0151le.<\/span><\/p>\n<p><a href=\"https:\/\/hu.wikipedia.org\/wiki\/Agyag\">https:\/\/hu.wikipedia.org\/wiki\/Agyag<\/a><\/p>\n<p><a href=\"https:\/\/tajkertesz.com\/\">https:\/\/tajkertesz.com\/<\/a><\/p>\n<p>&nbsp;<\/p>\n<p>A term\u00e9k m\u00e9rete: 40 cm<\/p>\n<p>&nbsp;<\/p>\n<p>Szem\u00e9lyes \u00e1tv\u00e9tellel tudjuk garant\u00e1lni a term\u00e9k \u00e9ps\u00e9g\u00e9t, sajnos a fut\u00e1rszolg\u00e1lattal t\u00f6rt\u00e9n\u0151 sz\u00e1ll\u00edt\u00e1s eset\u00e9n keletkezett k\u00e1rok\u00e9rt felel\u0151ss\u00e9get nem tudunk v\u00e1llalni.<\/p>\n<p>Sz\u00e1ll\u00edt\u00e1s fut\u00e1rszolg\u00e1lattal 200 cm-ig, illetve 40 kg-ig lehets\u00e9ges.<\/p>","protected":false},"excerpt":{"rendered":"<p>Primula t\u00e1l 3 r\u00e9szes hossz\u00fak\u00e1s 40 cm terrakotta<\/p>\n<p>&nbsp;<\/p>\n<p>Primula t\u00e1l 3 r\u00e9szes hossz\u00fak\u00e1s 40 cm terrakotta a legjobb min\u0151s\u00e9g\u0171 agyagb\u00f3l k\u00e9sz\u00fclnek.<\/p>\n<p>Id\u0151j\u00e1r\u00e1sban \u00e9s fagyellen\u00e1ll\u00f3s\u00e1gban kiemelked\u0151 minden k\u00fclt\u00e9ri term\u00e9k.Sz\u00e9les forma \u00e9s m\u00e9ret v\u00e1laszt\u00e9k\u00e1ban kiv\u00e9telesen j\u00f3k.Minden ed\u00e9nynek az alj\u00e1n v\u00edz\u00e1tereszt\u0151 lyuk van, vagy annak a helye ig\u00e9ny szerinti kilyukaszt\u00e1sra.<\/p>\n<p>Egyes term\u00e9kek a v\u00edznek jobban ellen\u00e1llnak, nem eresztik \u00e1t a vizet (al\u00e1t\u00e9tek, belt\u00e9ri vir\u00e1gcserepek).<\/p>\n<p>&nbsp;<\/p>","protected":false},"featured_media":3565,"template":"","meta":{"_et_pb_use_builder":"","_et_pb_old_content":"","_et_gb_content_width":""},"product_brand":[],"product_cat":[1532],"product_tag":[1350,1360,1352],"class_list":{"0":"post-3566","1":"product","2":"type-product","3":"status-publish","4":"has-post-thumbnail","6":"product_cat-agyag-cserepek-kaspok-viragladak","7":"product_tag-agyag-cserep","8":"product_tag-primula-tal-3-reszes","9":"product_tag-terrakotta","11":"first","12":"outofstock","13":"shipping-taxable","14":"product-type-simple"},"yoast_head":"<!-- This site is optimized with the Yoast SEO plugin v27.3 - https:\/\/yoast.com\/product\/yoast-seo-wordpress\/ -->\n<title>Primula t\u00e1l 3 r\u00e9szes hossz\u00fak\u00e1s 40 cm terrakotta - T\u00e1jkert\u00e9sz<\/title>\n<meta name=\"description\" content=\"Primula t\u00e1l 3 r\u00e9szes hossz\u00fak\u00e1s 40 cm terrakotta a legjobb min\u0151s\u00e9g\u0171 agyagb\u00f3l k\u00e9sz\u00fclnek.Id\u0151j\u00e1r\u00e1sban \u00e9s fagyellen\u00e1ll\u00f3s\u00e1gban kiemelked\u0151 minden\" \/>\n<meta name=\"robots\" content=\"index, follow, max-snippet:-1, max-image-preview:large, max-video-preview:-1\" \/>\n<link rel=\"canonical\" href=\"https:\/\/tajkertesz.com\/en_US\/product\/primula-tal-3-reszes-hosszukas-40-cm-terrakotta\/\" \/>\n<meta property=\"og:locale\" content=\"en_US\" \/>\n<meta property=\"og:type\" content=\"article\" \/>\n<meta property=\"og:title\" content=\"Primula t\u00e1l 3 r\u00e9szes hossz\u00fak\u00e1s 40 cm terrakotta - T\u00e1jkert\u00e9sz\" \/>\n<meta property=\"og:description\" content=\"Primula t\u00e1l 3 r\u00e9szes hossz\u00fak\u00e1s 40 cm terrakotta a legjobb min\u0151s\u00e9g\u0171 agyagb\u00f3l k\u00e9sz\u00fclnek.Id\u0151j\u00e1r\u00e1sban \u00e9s fagyellen\u00e1ll\u00f3s\u00e1gban kiemelked\u0151 minden\" \/>\n<meta property=\"og:url\" content=\"https:\/\/tajkertesz.com\/en_US\/product\/primula-tal-3-reszes-hosszukas-40-cm-terrakotta\/\" \/>\n<meta property=\"og:site_name\" content=\"T\u00e1jkert\u00e9sz\" \/>\n<meta property=\"article:publisher\" content=\"https:\/\/www.facebook.com\/Tajkertesz\/\" \/>\n<meta property=\"article:modified_time\" content=\"2025-06-16T06:58:10+00:00\" \/>\n<meta property=\"og:image\" content=\"https:\/\/tajkertesz.com\/wp-content\/uploads\/2021\/04\/586460.jpg\" \/>\n\t<meta property=\"og:image:width\" content=\"600\" \/>\n\t<meta property=\"og:image:height\" content=\"600\" \/>\n\t<meta property=\"og:image:type\" content=\"image\/jpeg\" \/>\n<meta name=\"twitter:card\" content=\"summary_large_image\" \/>\n<meta name=\"twitter:label1\" content=\"Est. reading time\" \/>\n\t<meta name=\"twitter:data1\" content=\"2 minutes\" \/>\n<script type=\"application\/ld+json\" class=\"yoast-schema-graph\">{\"@context\":\"https:\\\/\\\/schema.org\",\"@graph\":[{\"@type\":\"WebPage\",\"@id\":\"https:\\\/\\\/tajkertesz.com\\\/termek\\\/primula-tal-3-reszes-hosszukas-40-cm-terrakotta\\\/\",\"url\":\"https:\\\/\\\/tajkertesz.com\\\/termek\\\/primula-tal-3-reszes-hosszukas-40-cm-terrakotta\\\/\",\"name\":\"Primula t\u00e1l 3 r\u00e9szes hossz\u00fak\u00e1s 40 cm terrakotta - T\u00e1jkert\u00e9sz\",\"isPartOf\":{\"@id\":\"https:\\\/\\\/tajkertesz.com\\\/#website\"},\"primaryImageOfPage\":{\"@id\":\"https:\\\/\\\/tajkertesz.com\\\/termek\\\/primula-tal-3-reszes-hosszukas-40-cm-terrakotta\\\/#primaryimage\"},\"image\":{\"@id\":\"https:\\\/\\\/tajkertesz.com\\\/termek\\\/primula-tal-3-reszes-hosszukas-40-cm-terrakotta\\\/#primaryimage\"},\"thumbnailUrl\":\"https:\\\/\\\/tajkertesz.com\\\/wp-content\\\/uploads\\\/2021\\\/04\\\/586460.jpg\",\"datePublished\":\"2021-04-26T09:35:01+00:00\",\"dateModified\":\"2025-06-16T06:58:10+00:00\",\"description\":\"Primula t\u00e1l 3 r\u00e9szes hossz\u00fak\u00e1s 40 cm terrakotta a legjobb min\u0151s\u00e9g\u0171 agyagb\u00f3l k\u00e9sz\u00fclnek.Id\u0151j\u00e1r\u00e1sban \u00e9s fagyellen\u00e1ll\u00f3s\u00e1gban kiemelked\u0151 minden\",\"breadcrumb\":{\"@id\":\"https:\\\/\\\/tajkertesz.com\\\/termek\\\/primula-tal-3-reszes-hosszukas-40-cm-terrakotta\\\/#breadcrumb\"},\"inLanguage\":\"en-US\",\"potentialAction\":[{\"@type\":\"ReadAction\",\"target\":[\"https:\\\/\\\/tajkertesz.com\\\/termek\\\/primula-tal-3-reszes-hosszukas-40-cm-terrakotta\\\/\"]}]},{\"@type\":\"ImageObject\",\"inLanguage\":\"en-US\",\"@id\":\"https:\\\/\\\/tajkertesz.com\\\/termek\\\/primula-tal-3-reszes-hosszukas-40-cm-terrakotta\\\/#primaryimage\",\"url\":\"https:\\\/\\\/tajkertesz.com\\\/wp-content\\\/uploads\\\/2021\\\/04\\\/586460.jpg\",\"contentUrl\":\"https:\\\/\\\/tajkertesz.com\\\/wp-content\\\/uploads\\\/2021\\\/04\\\/586460.jpg\",\"width\":600,\"height\":600},{\"@type\":\"BreadcrumbList\",\"@id\":\"https:\\\/\\\/tajkertesz.com\\\/termek\\\/primula-tal-3-reszes-hosszukas-40-cm-terrakotta\\\/#breadcrumb\",\"itemListElement\":[{\"@type\":\"ListItem\",\"position\":1,\"name\":\"Home\",\"item\":\"https:\\\/\\\/tajkertesz.com\\\/\"},{\"@type\":\"ListItem\",\"position\":2,\"name\":\"Kezd\u0151lap\",\"item\":\"https:\\\/\\\/tajkertesz.com\\\/\"},{\"@type\":\"ListItem\",\"position\":3,\"name\":\"Primula t\u00e1l 3 r\u00e9szes hossz\u00fak\u00e1s 40 cm terrakotta\"}]},{\"@type\":\"WebSite\",\"@id\":\"https:\\\/\\\/tajkertesz.com\\\/#website\",\"url\":\"https:\\\/\\\/tajkertesz.com\\\/\",\"name\":\"T\u00e1j-Kert\u00e9sz 84 Kft.\",\"description\":\"Kert\u00e9szeti kis- \u00e9s nagykeresked\u00e9s, D\u00edszn\u00f6v\u00e9ny web\u00e1ruh\u00e1z orsz\u00e1gos h\u00e1zhozsz\u00e1ll\u00edt\u00e1ssal!\",\"publisher\":{\"@id\":\"https:\\\/\\\/tajkertesz.com\\\/#organization\"},\"potentialAction\":[{\"@type\":\"SearchAction\",\"target\":{\"@type\":\"EntryPoint\",\"urlTemplate\":\"https:\\\/\\\/tajkertesz.com\\\/?s={search_term_string}\"},\"query-input\":{\"@type\":\"PropertyValueSpecification\",\"valueRequired\":true,\"valueName\":\"search_term_string\"}}],\"inLanguage\":\"en-US\"},{\"@type\":\"Organization\",\"@id\":\"https:\\\/\\\/tajkertesz.com\\\/#organization\",\"name\":\"T\u00e1j-Kert\u00e9sz 84 Kft.\",\"url\":\"https:\\\/\\\/tajkertesz.com\\\/\",\"logo\":{\"@type\":\"ImageObject\",\"inLanguage\":\"en-US\",\"@id\":\"https:\\\/\\\/tajkertesz.com\\\/#\\\/schema\\\/logo\\\/image\\\/\",\"url\":\"https:\\\/\\\/tajkertesz.com\\\/wp-content\\\/uploads\\\/2018\\\/02\\\/logo-2-e1518678052539.png\",\"contentUrl\":\"https:\\\/\\\/tajkertesz.com\\\/wp-content\\\/uploads\\\/2018\\\/02\\\/logo-2-e1518678052539.png\",\"width\":81,\"height\":140,\"caption\":\"T\u00e1j-Kert\u00e9sz 84 Kft.\"},\"image\":{\"@id\":\"https:\\\/\\\/tajkertesz.com\\\/#\\\/schema\\\/logo\\\/image\\\/\"},\"sameAs\":[\"https:\\\/\\\/www.facebook.com\\\/Tajkertesz\\\/\"]}]}<\/script>\n<!-- \/ Yoast SEO plugin. -->","yoast_head_json":{"title":"Primula t\u00e1l 3 r\u00e9szes hossz\u00fak\u00e1s 40 cm terrakotta - T\u00e1jkert\u00e9sz","description":"Primula t\u00e1l 3 r\u00e9szes hossz\u00fak\u00e1s 40 cm terrakotta a legjobb min\u0151s\u00e9g\u0171 agyagb\u00f3l k\u00e9sz\u00fclnek.Id\u0151j\u00e1r\u00e1sban \u00e9s fagyellen\u00e1ll\u00f3s\u00e1gban kiemelked\u0151 minden","robots":{"index":"index","follow":"follow","max-snippet":"max-snippet:-1","max-image-preview":"max-image-preview:large","max-video-preview":"max-video-preview:-1"},"canonical":"https:\/\/tajkertesz.com\/en_US\/product\/primula-tal-3-reszes-hosszukas-40-cm-terrakotta\/","og_locale":"en_US","og_type":"article","og_title":"Primula t\u00e1l 3 r\u00e9szes hossz\u00fak\u00e1s 40 cm terrakotta - T\u00e1jkert\u00e9sz","og_description":"Primula t\u00e1l 3 r\u00e9szes hossz\u00fak\u00e1s 40 cm terrakotta a legjobb min\u0151s\u00e9g\u0171 agyagb\u00f3l k\u00e9sz\u00fclnek.Id\u0151j\u00e1r\u00e1sban \u00e9s fagyellen\u00e1ll\u00f3s\u00e1gban kiemelked\u0151 minden","og_url":"https:\/\/tajkertesz.com\/en_US\/product\/primula-tal-3-reszes-hosszukas-40-cm-terrakotta\/","og_site_name":"T\u00e1jkert\u00e9sz","article_publisher":"https:\/\/www.facebook.com\/Tajkertesz\/","article_modified_time":"2025-06-16T06:58:10+00:00","og_image":[{"width":600,"height":600,"url":"https:\/\/tajkertesz.com\/wp-content\/uploads\/2021\/04\/586460.jpg","type":"image\/jpeg"}],"twitter_card":"summary_large_image","twitter_misc":{"Est. reading time":"2 minutes"},"schema":{"@context":"https:\/\/schema.org","@graph":[{"@type":"WebPage","@id":"https:\/\/tajkertesz.com\/termek\/primula-tal-3-reszes-hosszukas-40-cm-terrakotta\/","url":"https:\/\/tajkertesz.com\/termek\/primula-tal-3-reszes-hosszukas-40-cm-terrakotta\/","name":"Primula t\u00e1l 3 r\u00e9szes hossz\u00fak\u00e1s 40 cm terrakotta - T\u00e1jkert\u00e9sz","isPartOf":{"@id":"https:\/\/tajkertesz.com\/#website"},"primaryImageOfPage":{"@id":"https:\/\/tajkertesz.com\/termek\/primula-tal-3-reszes-hosszukas-40-cm-terrakotta\/#primaryimage"},"image":{"@id":"https:\/\/tajkertesz.com\/termek\/primula-tal-3-reszes-hosszukas-40-cm-terrakotta\/#primaryimage"},"thumbnailUrl":"https:\/\/tajkertesz.com\/wp-content\/uploads\/2021\/04\/586460.jpg","datePublished":"2021-04-26T09:35:01+00:00","dateModified":"2025-06-16T06:58:10+00:00","description":"Primula t\u00e1l 3 r\u00e9szes hossz\u00fak\u00e1s 40 cm terrakotta a legjobb min\u0151s\u00e9g\u0171 agyagb\u00f3l k\u00e9sz\u00fclnek.Id\u0151j\u00e1r\u00e1sban \u00e9s fagyellen\u00e1ll\u00f3s\u00e1gban kiemelked\u0151 minden","breadcrumb":{"@id":"https:\/\/tajkertesz.com\/termek\/primula-tal-3-reszes-hosszukas-40-cm-terrakotta\/#breadcrumb"},"inLanguage":"en-US","potentialAction":[{"@type":"ReadAction","target":["https:\/\/tajkertesz.com\/termek\/primula-tal-3-reszes-hosszukas-40-cm-terrakotta\/"]}]},{"@type":"ImageObject","inLanguage":"en-US","@id":"https:\/\/tajkertesz.com\/termek\/primula-tal-3-reszes-hosszukas-40-cm-terrakotta\/#primaryimage","url":"https:\/\/tajkertesz.com\/wp-content\/uploads\/2021\/04\/586460.jpg","contentUrl":"https:\/\/tajkertesz.com\/wp-content\/uploads\/2021\/04\/586460.jpg","width":600,"height":600},{"@type":"BreadcrumbList","@id":"https:\/\/tajkertesz.com\/termek\/primula-tal-3-reszes-hosszukas-40-cm-terrakotta\/#breadcrumb","itemListElement":[{"@type":"ListItem","position":1,"name":"Home","item":"https:\/\/tajkertesz.com\/"},{"@type":"ListItem","position":2,"name":"Kezd\u0151lap","item":"https:\/\/tajkertesz.com\/"},{"@type":"ListItem","position":3,"name":"Primula t\u00e1l 3 r\u00e9szes hossz\u00fak\u00e1s 40 cm terrakotta"}]},{"@type":"WebSite","@id":"https:\/\/tajkertesz.com\/#website","url":"https:\/\/tajkertesz.com\/","name":"T\u00e1j-Kert\u00e9sz 84 Kft.","description":"Kert\u00e9szeti kis- \u00e9s nagykeresked\u00e9s, D\u00edszn\u00f6v\u00e9ny web\u00e1ruh\u00e1z orsz\u00e1gos h\u00e1zhozsz\u00e1ll\u00edt\u00e1ssal!","publisher":{"@id":"https:\/\/tajkertesz.com\/#organization"},"potentialAction":[{"@type":"SearchAction","target":{"@type":"EntryPoint","urlTemplate":"https:\/\/tajkertesz.com\/?s={search_term_string}"},"query-input":{"@type":"PropertyValueSpecification","valueRequired":true,"valueName":"search_term_string"}}],"inLanguage":"en-US"},{"@type":"Organization","@id":"https:\/\/tajkertesz.com\/#organization","name":"T\u00e1j-Kert\u00e9sz 84 Kft.","url":"https:\/\/tajkertesz.com\/","logo":{"@type":"ImageObject","inLanguage":"en-US","@id":"https:\/\/tajkertesz.com\/#\/schema\/logo\/image\/","url":"https:\/\/tajkertesz.com\/wp-content\/uploads\/2018\/02\/logo-2-e1518678052539.png","contentUrl":"https:\/\/tajkertesz.com\/wp-content\/uploads\/2018\/02\/logo-2-e1518678052539.png","width":81,"height":140,"caption":"T\u00e1j-Kert\u00e9sz 84 Kft."},"image":{"@id":"https:\/\/tajkertesz.com\/#\/schema\/logo\/image\/"},"sameAs":["https:\/\/www.facebook.com\/Tajkertesz\/"]}]}},"_links":{"self":[{"href":"https:\/\/tajkertesz.com\/en_US\/wp-json\/wp\/v2\/product\/3566","targetHints":{"allow":["GET"]}}],"collection":[{"href":"https:\/\/tajkertesz.com\/en_US\/wp-json\/wp\/v2\/product"}],"about":[{"href":"https:\/\/tajkertesz.com\/en_US\/wp-json\/wp\/v2\/types\/product"}],"wp:featuredmedia":[{"embeddable":true,"href":"https:\/\/tajkertesz.com\/en_US\/wp-json\/wp\/v2\/media\/3565"}],"wp:attachment":[{"href":"https:\/\/tajkertesz.com\/en_US\/wp-json\/wp\/v2\/media?parent=3566"}],"wp:term":[{"taxonomy":"product_brand","embeddable":true,"href":"https:\/\/tajkertesz.com\/en_US\/wp-json\/wp\/v2\/product_brand?post=3566"},{"taxonomy":"product_cat","embeddable":true,"href":"https:\/\/tajkertesz.com\/en_US\/wp-json\/wp\/v2\/product_cat?post=3566"},{"taxonomy":"product_tag","embeddable":true,"href":"https:\/\/tajkertesz.com\/en_US\/wp-json\/wp\/v2\/product_tag?post=3566"}],"curies":[{"name":"wp","href":"https:\/\/api.w.org\/{rel}","templated":true}]}}