{"id":3641,"date":"2021-04-26T11:42:05","date_gmt":"2021-04-26T11:42:05","guid":{"rendered":"https:\/\/tajkertesz.com\/?post_type=product&#038;p=3641"},"modified":"2026-02-17T14:29:54","modified_gmt":"2026-02-17T14:29:54","slug":"schnauzer-kicsi-12-cm","status":"publish","type":"product","link":"https:\/\/tajkertesz.com\/en_US\/product\/schnauzer-kicsi-12-cm\/","title":{"rendered":"Schnauzer kicsi 12 cm 25-100-28"},"content":{"rendered":"<p>Schnauzer kicsi 12 cm<\/p>\n<p>&nbsp;<\/p>\n<p>Schnauzer kicsi 12 cm a legjobb min\u0151s\u00e9gben k\u00e9sz\u00fclt. Csod\u00e1latos d\u00edsze lehet a kert\u00fcnknek, teraszunknak vagy ak\u00e1r a lak\u00e1sunknak is. Sz\u00e9pen megfestett term\u00e9kek, kiv\u00e1l\u00f3an kidolgozva.<\/p>\n<p>Id\u0151j\u00e1r\u00e1sban \u00e9s fagyellen\u00e1ll\u00f3s\u00e1gban kiemelked\u0151 minden k\u00fclt\u00e9ri term\u00e9k.<\/p>\n<p>Hogy sok\u00e1ig meg\u0151rizz\u00fck a term\u00e9k min\u0151s\u00e9g\u00e9t a t\u00e9li id\u0151szakban 3 fok alatti h\u0151m\u00e9rs\u00e9kletn\u00e9l v\u00e9gezz\u00fck el a v\u00edzmentes\u00edt\u00e9st.<\/p>\n<p>&nbsp;<\/p>\n<p><span style=\"color: #ffffff;\"><strong>A KER\u00c1MI\u00c1R\u00d3L<\/strong><\/span><\/p>\n<p><span style=\"color: #ffffff;\">A\u00a0<b>ker\u00e1mia<\/b>\u00a0a g\u00f6r\u00f6g\u00a0<i>kerameia<\/i> (\u201eki\u00e9getett\u201d) sz\u00f3b\u00f3l sz\u00e1rmazik. Egykor csak az AGYAGB\u00d3L, d\u00f6nt\u0151en KAOLINB\u00d3L ridegg\u00e9, kem\u00e9nny\u00e9 ki\u00e9getett t\u00e1rgyakat nevezt\u00e9k ker\u00e1mi\u00e1knak, manaps\u00e1g a legt\u00f6bb olyan szervetlen, nemf\u00e9mes, szil\u00e1rd anyagot, amit nagy h\u0151m\u00e9rs\u00e9kleten \u00e1ll\u00edtanak el\u0151. Ebben az \u00e9rtelemben ker\u00e1mi\u00e1k az olyan oxid-, foszf\u00e1t-, fluorit-, karbid-, de ak\u00e1r szulfidtartalm\u00fa term\u00e9kek is, amelyek tulajdons\u00e1gai \u00e9s alkalmazhat\u00f3s\u00e1ga a hagyom\u00e1nyos, szilik\u00e1t alap\u00fa ker\u00e1mi\u00e1k\u00e9t\u00f3l l\u00e9nyegesen elt\u00e9rhetnek.<\/span><\/p>\n<p><span style=\"color: #ffffff;\">A hagyom\u00e1nyos fazekass\u00e1g legfontosabb alapanyaga az agyag, melyet ki\u00e9getve a cserepet kapjuk eredm\u00e9ny\u00fcl.<\/span><\/p>\n<p><span style=\"color: #ffffff;\">Ez sokkal kem\u00e9nyebb, \u00e9s id\u0151t\u00e1ll\u00f3bb valamint bizonyos v\u00edz\u00e1ll\u00f3s\u00e1ggal is rendelkezik. A v\u00edz\u00e1ll\u00f3s\u00e1got m\u00e1zr\u00e9teggel lehet fokozni, az \u00edgy ki\u00e9getett anyag az \u00fagynevezett m\u00e1zas cser\u00e9p.<\/span><\/p>\n<p><span style=\"color: #ffffff;\">R\u00e9gebben mindennapi haszn\u00e1lati t\u00e1rgyak (kancs\u00f3k, kup\u00e1k) k\u00e9sz\u00fcltek bel\u0151le, ma legink\u00e1bb vir\u00e1gcserepek, \u00e9s kisebb vir\u00e1gl\u00e1d\u00e1k, tet\u0151cserepek, valamint d\u00edszt\u00e1rgyak k\u00e9sz\u00fclnek bel\u0151le.<\/span><\/p>\n<p><a href=\"https:\/\/hu.wikipedia.org\/wiki\/Ker%C3%A1mia\">https:\/\/hu.wikipedia.org\/wiki\/Ker%C3%A1mia<\/a><\/p>\n<p><a href=\"https:\/\/tajkertesz.com\/\">https:\/\/tajkertesz.com\/<\/a><\/p>\n<p>&nbsp;<\/p>\n<p>A term\u00e9k m\u00e9rete: 12 cm<\/p>\n<p>&nbsp;<\/p>\n<p>Szem\u00e9lyes \u00e1tv\u00e9tellel tudjuk garant\u00e1lni a term\u00e9k \u00e9ps\u00e9g\u00e9t, sajnos a fut\u00e1rszolg\u00e1lattal t\u00f6rt\u00e9n\u0151 sz\u00e1ll\u00edt\u00e1s eset\u00e9n keletkezett k\u00e1rok\u00e9rt felel\u0151ss\u00e9get nem tudunk v\u00e1llalni.<\/p>\n<p>Sz\u00e1ll\u00edt\u00e1s fut\u00e1rszolg\u00e1lattal 200 cm-ig, illetve 40 kg-ig lehets\u00e9ges.<\/p>","protected":false},"excerpt":{"rendered":"<p>Schnauzer kicsi 12 cm a legjobb min\u0151s\u00e9gben k\u00e9sz\u00fclt. Csod\u00e1latos d\u00edsze lehet a kert\u00fcnknek, teraszunknak vagy ak\u00e1r a lak\u00e1sunknak is. Sz\u00e9pen megfestett term\u00e9kek, kiv\u00e1l\u00f3an kidolgozva.<\/p>\n<p>Id\u0151j\u00e1r\u00e1sban \u00e9s fagyellen\u00e1ll\u00f3s\u00e1gban kiemelked\u0151 minden k\u00fclt\u00e9ri term\u00e9k.<\/p>\n<p>Hogy sok\u00e1ig meg\u0151rizz\u00fck a term\u00e9k min\u0151s\u00e9g\u00e9t a t\u00e9li id\u0151szakban 3 fok alatti h\u0151m\u00e9rs\u00e9kletn\u00e9l v\u00e9gezz\u00fck el a v\u00edzmentes\u00edt\u00e9st.<\/p>","protected":false},"featured_media":3642,"template":"","meta":{"_et_pb_use_builder":"","_et_pb_old_content":"","_et_gb_content_width":""},"product_brand":[],"product_cat":[1361],"product_tag":[1363,1366,971],"class_list":{"0":"post-3641","1":"product","2":"type-product","3":"status-publish","4":"has-post-thumbnail","6":"product_cat-keramia-agyag-es-fem-figurak","7":"product_tag-agyag","8":"product_tag-dekoracio","9":"product_tag-kerti","11":"first","12":"outofstock","13":"shipping-taxable","14":"product-type-simple"},"yoast_head":"<!-- This site is optimized with the Yoast SEO plugin v27.3 - https:\/\/yoast.com\/product\/yoast-seo-wordpress\/ -->\n<title>Schnauzer kicsi 12 cm 25-100-28 - T\u00e1jkert\u00e9sz<\/title>\n<meta name=\"description\" content=\"Schnauzer kicsi 12 cm a kert\u00fcnknek, teraszunknak vagy ak\u00e1r a lak\u00e1sunknak is. Sz\u00e9pen megfestett\" \/>\n<meta name=\"robots\" content=\"index, follow, max-snippet:-1, max-image-preview:large, max-video-preview:-1\" \/>\n<link rel=\"canonical\" href=\"https:\/\/tajkertesz.com\/en_US\/product\/schnauzer-kicsi-12-cm\/\" \/>\n<meta property=\"og:locale\" content=\"en_US\" \/>\n<meta property=\"og:type\" content=\"article\" \/>\n<meta property=\"og:title\" content=\"Schnauzer kicsi 12 cm 25-100-28 - T\u00e1jkert\u00e9sz\" \/>\n<meta property=\"og:description\" content=\"Schnauzer kicsi 12 cm a kert\u00fcnknek, teraszunknak vagy ak\u00e1r a lak\u00e1sunknak is. Sz\u00e9pen megfestett\" \/>\n<meta property=\"og:url\" content=\"https:\/\/tajkertesz.com\/en_US\/product\/schnauzer-kicsi-12-cm\/\" \/>\n<meta property=\"og:site_name\" content=\"T\u00e1jkert\u00e9sz\" \/>\n<meta property=\"article:publisher\" content=\"https:\/\/www.facebook.com\/Tajkertesz\/\" \/>\n<meta property=\"article:modified_time\" content=\"2026-02-17T14:29:54+00:00\" \/>\n<meta property=\"og:image\" content=\"https:\/\/tajkertesz.com\/wp-content\/uploads\/2021\/04\/ha162259.jpg\" \/>\n\t<meta property=\"og:image:width\" content=\"600\" \/>\n\t<meta property=\"og:image:height\" content=\"600\" \/>\n\t<meta property=\"og:image:type\" content=\"image\/jpeg\" \/>\n<meta name=\"twitter:card\" content=\"summary_large_image\" \/>\n<meta name=\"twitter:label1\" content=\"Est. reading time\" \/>\n\t<meta name=\"twitter:data1\" content=\"2 minutes\" \/>\n<script type=\"application\/ld+json\" class=\"yoast-schema-graph\">{\"@context\":\"https:\\\/\\\/schema.org\",\"@graph\":[{\"@type\":\"WebPage\",\"@id\":\"https:\\\/\\\/tajkertesz.com\\\/termek\\\/schnauzer-kicsi-12-cm\\\/\",\"url\":\"https:\\\/\\\/tajkertesz.com\\\/termek\\\/schnauzer-kicsi-12-cm\\\/\",\"name\":\"Schnauzer kicsi 12 cm 25-100-28 - T\u00e1jkert\u00e9sz\",\"isPartOf\":{\"@id\":\"https:\\\/\\\/tajkertesz.com\\\/#website\"},\"primaryImageOfPage\":{\"@id\":\"https:\\\/\\\/tajkertesz.com\\\/termek\\\/schnauzer-kicsi-12-cm\\\/#primaryimage\"},\"image\":{\"@id\":\"https:\\\/\\\/tajkertesz.com\\\/termek\\\/schnauzer-kicsi-12-cm\\\/#primaryimage\"},\"thumbnailUrl\":\"https:\\\/\\\/tajkertesz.com\\\/wp-content\\\/uploads\\\/2021\\\/04\\\/ha162259.jpg\",\"datePublished\":\"2021-04-26T11:42:05+00:00\",\"dateModified\":\"2026-02-17T14:29:54+00:00\",\"description\":\"Schnauzer kicsi 12 cm a kert\u00fcnknek, teraszunknak vagy ak\u00e1r a lak\u00e1sunknak is. Sz\u00e9pen megfestett\",\"breadcrumb\":{\"@id\":\"https:\\\/\\\/tajkertesz.com\\\/termek\\\/schnauzer-kicsi-12-cm\\\/#breadcrumb\"},\"inLanguage\":\"en-US\",\"potentialAction\":[{\"@type\":\"ReadAction\",\"target\":[\"https:\\\/\\\/tajkertesz.com\\\/termek\\\/schnauzer-kicsi-12-cm\\\/\"]}]},{\"@type\":\"ImageObject\",\"inLanguage\":\"en-US\",\"@id\":\"https:\\\/\\\/tajkertesz.com\\\/termek\\\/schnauzer-kicsi-12-cm\\\/#primaryimage\",\"url\":\"https:\\\/\\\/tajkertesz.com\\\/wp-content\\\/uploads\\\/2021\\\/04\\\/ha162259.jpg\",\"contentUrl\":\"https:\\\/\\\/tajkertesz.com\\\/wp-content\\\/uploads\\\/2021\\\/04\\\/ha162259.jpg\",\"width\":600,\"height\":600},{\"@type\":\"BreadcrumbList\",\"@id\":\"https:\\\/\\\/tajkertesz.com\\\/termek\\\/schnauzer-kicsi-12-cm\\\/#breadcrumb\",\"itemListElement\":[{\"@type\":\"ListItem\",\"position\":1,\"name\":\"Home\",\"item\":\"https:\\\/\\\/tajkertesz.com\\\/\"},{\"@type\":\"ListItem\",\"position\":2,\"name\":\"Kezd\u0151lap\",\"item\":\"https:\\\/\\\/tajkertesz.com\\\/\"},{\"@type\":\"ListItem\",\"position\":3,\"name\":\"Schnauzer kicsi 12 cm 25-100-28\"}]},{\"@type\":\"WebSite\",\"@id\":\"https:\\\/\\\/tajkertesz.com\\\/#website\",\"url\":\"https:\\\/\\\/tajkertesz.com\\\/\",\"name\":\"T\u00e1j-Kert\u00e9sz 84 Kft.\",\"description\":\"Kert\u00e9szeti kis- \u00e9s nagykeresked\u00e9s, D\u00edszn\u00f6v\u00e9ny web\u00e1ruh\u00e1z orsz\u00e1gos h\u00e1zhozsz\u00e1ll\u00edt\u00e1ssal!\",\"publisher\":{\"@id\":\"https:\\\/\\\/tajkertesz.com\\\/#organization\"},\"potentialAction\":[{\"@type\":\"SearchAction\",\"target\":{\"@type\":\"EntryPoint\",\"urlTemplate\":\"https:\\\/\\\/tajkertesz.com\\\/?s={search_term_string}\"},\"query-input\":{\"@type\":\"PropertyValueSpecification\",\"valueRequired\":true,\"valueName\":\"search_term_string\"}}],\"inLanguage\":\"en-US\"},{\"@type\":\"Organization\",\"@id\":\"https:\\\/\\\/tajkertesz.com\\\/#organization\",\"name\":\"T\u00e1j-Kert\u00e9sz 84 Kft.\",\"url\":\"https:\\\/\\\/tajkertesz.com\\\/\",\"logo\":{\"@type\":\"ImageObject\",\"inLanguage\":\"en-US\",\"@id\":\"https:\\\/\\\/tajkertesz.com\\\/#\\\/schema\\\/logo\\\/image\\\/\",\"url\":\"https:\\\/\\\/tajkertesz.com\\\/wp-content\\\/uploads\\\/2018\\\/02\\\/logo-2-e1518678052539.png\",\"contentUrl\":\"https:\\\/\\\/tajkertesz.com\\\/wp-content\\\/uploads\\\/2018\\\/02\\\/logo-2-e1518678052539.png\",\"width\":81,\"height\":140,\"caption\":\"T\u00e1j-Kert\u00e9sz 84 Kft.\"},\"image\":{\"@id\":\"https:\\\/\\\/tajkertesz.com\\\/#\\\/schema\\\/logo\\\/image\\\/\"},\"sameAs\":[\"https:\\\/\\\/www.facebook.com\\\/Tajkertesz\\\/\"]}]}<\/script>\n<!-- \/ Yoast SEO plugin. -->","yoast_head_json":{"title":"Schnauzer kicsi 12 cm 25-100-28 - T\u00e1jkert\u00e9sz","description":"Schnauzer kicsi 12 cm a kert\u00fcnknek, teraszunknak vagy ak\u00e1r a lak\u00e1sunknak is. Sz\u00e9pen megfestett","robots":{"index":"index","follow":"follow","max-snippet":"max-snippet:-1","max-image-preview":"max-image-preview:large","max-video-preview":"max-video-preview:-1"},"canonical":"https:\/\/tajkertesz.com\/en_US\/product\/schnauzer-kicsi-12-cm\/","og_locale":"en_US","og_type":"article","og_title":"Schnauzer kicsi 12 cm 25-100-28 - T\u00e1jkert\u00e9sz","og_description":"Schnauzer kicsi 12 cm a kert\u00fcnknek, teraszunknak vagy ak\u00e1r a lak\u00e1sunknak is. Sz\u00e9pen megfestett","og_url":"https:\/\/tajkertesz.com\/en_US\/product\/schnauzer-kicsi-12-cm\/","og_site_name":"T\u00e1jkert\u00e9sz","article_publisher":"https:\/\/www.facebook.com\/Tajkertesz\/","article_modified_time":"2026-02-17T14:29:54+00:00","og_image":[{"width":600,"height":600,"url":"https:\/\/tajkertesz.com\/wp-content\/uploads\/2021\/04\/ha162259.jpg","type":"image\/jpeg"}],"twitter_card":"summary_large_image","twitter_misc":{"Est. reading time":"2 minutes"},"schema":{"@context":"https:\/\/schema.org","@graph":[{"@type":"WebPage","@id":"https:\/\/tajkertesz.com\/termek\/schnauzer-kicsi-12-cm\/","url":"https:\/\/tajkertesz.com\/termek\/schnauzer-kicsi-12-cm\/","name":"Schnauzer kicsi 12 cm 25-100-28 - T\u00e1jkert\u00e9sz","isPartOf":{"@id":"https:\/\/tajkertesz.com\/#website"},"primaryImageOfPage":{"@id":"https:\/\/tajkertesz.com\/termek\/schnauzer-kicsi-12-cm\/#primaryimage"},"image":{"@id":"https:\/\/tajkertesz.com\/termek\/schnauzer-kicsi-12-cm\/#primaryimage"},"thumbnailUrl":"https:\/\/tajkertesz.com\/wp-content\/uploads\/2021\/04\/ha162259.jpg","datePublished":"2021-04-26T11:42:05+00:00","dateModified":"2026-02-17T14:29:54+00:00","description":"Schnauzer kicsi 12 cm a kert\u00fcnknek, teraszunknak vagy ak\u00e1r a lak\u00e1sunknak is. Sz\u00e9pen megfestett","breadcrumb":{"@id":"https:\/\/tajkertesz.com\/termek\/schnauzer-kicsi-12-cm\/#breadcrumb"},"inLanguage":"en-US","potentialAction":[{"@type":"ReadAction","target":["https:\/\/tajkertesz.com\/termek\/schnauzer-kicsi-12-cm\/"]}]},{"@type":"ImageObject","inLanguage":"en-US","@id":"https:\/\/tajkertesz.com\/termek\/schnauzer-kicsi-12-cm\/#primaryimage","url":"https:\/\/tajkertesz.com\/wp-content\/uploads\/2021\/04\/ha162259.jpg","contentUrl":"https:\/\/tajkertesz.com\/wp-content\/uploads\/2021\/04\/ha162259.jpg","width":600,"height":600},{"@type":"BreadcrumbList","@id":"https:\/\/tajkertesz.com\/termek\/schnauzer-kicsi-12-cm\/#breadcrumb","itemListElement":[{"@type":"ListItem","position":1,"name":"Home","item":"https:\/\/tajkertesz.com\/"},{"@type":"ListItem","position":2,"name":"Kezd\u0151lap","item":"https:\/\/tajkertesz.com\/"},{"@type":"ListItem","position":3,"name":"Schnauzer kicsi 12 cm 25-100-28"}]},{"@type":"WebSite","@id":"https:\/\/tajkertesz.com\/#website","url":"https:\/\/tajkertesz.com\/","name":"T\u00e1j-Kert\u00e9sz 84 Kft.","description":"Kert\u00e9szeti kis- \u00e9s nagykeresked\u00e9s, D\u00edszn\u00f6v\u00e9ny web\u00e1ruh\u00e1z orsz\u00e1gos h\u00e1zhozsz\u00e1ll\u00edt\u00e1ssal!","publisher":{"@id":"https:\/\/tajkertesz.com\/#organization"},"potentialAction":[{"@type":"SearchAction","target":{"@type":"EntryPoint","urlTemplate":"https:\/\/tajkertesz.com\/?s={search_term_string}"},"query-input":{"@type":"PropertyValueSpecification","valueRequired":true,"valueName":"search_term_string"}}],"inLanguage":"en-US"},{"@type":"Organization","@id":"https:\/\/tajkertesz.com\/#organization","name":"T\u00e1j-Kert\u00e9sz 84 Kft.","url":"https:\/\/tajkertesz.com\/","logo":{"@type":"ImageObject","inLanguage":"en-US","@id":"https:\/\/tajkertesz.com\/#\/schema\/logo\/image\/","url":"https:\/\/tajkertesz.com\/wp-content\/uploads\/2018\/02\/logo-2-e1518678052539.png","contentUrl":"https:\/\/tajkertesz.com\/wp-content\/uploads\/2018\/02\/logo-2-e1518678052539.png","width":81,"height":140,"caption":"T\u00e1j-Kert\u00e9sz 84 Kft."},"image":{"@id":"https:\/\/tajkertesz.com\/#\/schema\/logo\/image\/"},"sameAs":["https:\/\/www.facebook.com\/Tajkertesz\/"]}]}},"_links":{"self":[{"href":"https:\/\/tajkertesz.com\/en_US\/wp-json\/wp\/v2\/product\/3641","targetHints":{"allow":["GET"]}}],"collection":[{"href":"https:\/\/tajkertesz.com\/en_US\/wp-json\/wp\/v2\/product"}],"about":[{"href":"https:\/\/tajkertesz.com\/en_US\/wp-json\/wp\/v2\/types\/product"}],"wp:featuredmedia":[{"embeddable":true,"href":"https:\/\/tajkertesz.com\/en_US\/wp-json\/wp\/v2\/media\/3642"}],"wp:attachment":[{"href":"https:\/\/tajkertesz.com\/en_US\/wp-json\/wp\/v2\/media?parent=3641"}],"wp:term":[{"taxonomy":"product_brand","embeddable":true,"href":"https:\/\/tajkertesz.com\/en_US\/wp-json\/wp\/v2\/product_brand?post=3641"},{"taxonomy":"product_cat","embeddable":true,"href":"https:\/\/tajkertesz.com\/en_US\/wp-json\/wp\/v2\/product_cat?post=3641"},{"taxonomy":"product_tag","embeddable":true,"href":"https:\/\/tajkertesz.com\/en_US\/wp-json\/wp\/v2\/product_tag?post=3641"}],"curies":[{"name":"wp","href":"https:\/\/api.w.org\/{rel}","templated":true}]}}