{"id":3722,"date":"2021-04-28T09:35:47","date_gmt":"2021-04-28T09:35:47","guid":{"rendered":"https:\/\/tajkertesz.com\/?post_type=product&#038;p=3722"},"modified":"2026-02-24T13:07:10","modified_gmt":"2026-02-24T13:07:10","slug":"euonymus-pulchellis-aurea-kislevelu-kecskerago","status":"publish","type":"product","link":"https:\/\/tajkertesz.com\/en_US\/product\/euonymus-pulchellis-aurea-kislevelu-kecskerago\/","title":{"rendered":"Euonymus pulchellis &#8216;Aurea&#8217; &#8211; Kislevel\u0171 kecsker\u00e1g\u00f3"},"content":{"rendered":"<h1>Euonymus pulchellis &#8216;Aurea&#8217; &#8211; Kislevel\u0171 kecsker\u00e1g\u00f3<\/h1>\n<p>Az <strong data-start=\"3280\" data-end=\"3311\">Euonymus pulchellis &#8216;Aurea&#8217;<\/strong> &#8211; kislevel\u0171 kecsker\u00e1g\u00f3 egy vonz\u00f3, kompakt n\u00f6v\u00e9ny, amely d\u00edsz\u00edt\u0151 \u00e9rt\u00e9k\u00e9t a sz\u00ednes leveleinek \u00e9s bogy\u00f3inak k\u00f6sz\u00f6nheti. Kiv\u00e1l\u00f3 v\u00e1laszt\u00e1s kisebb kertekbe, s\u00f6v\u00e9nyekhez vagy kont\u00e9nerekhez, \u00e9s k\u00f6nnyen gondozhat\u00f3, ha megfelel\u0151 talajt \u00e9s \u00f6nt\u00f6z\u00e9st biztos\u00edtunk sz\u00e1m\u00e1ra.<\/p>\n<h2>Euonymus pulchellis &#8216;Aurea&#8217; jellemz\u0151i:<\/h2>\n<ul>\n<li data-start=\"244\" data-end=\"495\">Az Euonymus pulchellis &#8216;Aurea&#8217; \u00e1ltal\u00e1ban 30\u201360 cm magasra n\u0151. Kompakt, s\u0171r\u0171 n\u00f6veked\u00e9s\u0171, ez\u00e9rt ide\u00e1lis v\u00e1laszt\u00e1s kisebb kertekbe, kont\u00e9nerekbe vagy s\u00f6v\u00e9nyekhez.<\/li>\n<li data-start=\"496\" data-end=\"788\">A levelei kicsik, ov\u00e1lis alak\u00faak,\u00a0 \u00e9l\u00e9nk aranys\u00e1rga sz\u00edn\u00e1rnyalata jellemzi, amely tavasszal \u00e9s ny\u00e1ron k\u00fcl\u00f6n\u00f6sen figyelemfelkelt\u0151. \u0150sszel a levelek sz\u00edne m\u00e9lyebb, s\u00e1rg\u00e1s-narancss\u00e1rg\u00e1v\u00e1 v\u00e1ltozhat.<\/li>\n<li data-start=\"789\" data-end=\"975\">A vir\u00e1gok kicsik, z\u00f6ldes-s\u00e1rg\u00e1k, tavasszal vagy ny\u00e1r elej\u00e9n jelennek meg.<\/li>\n<li data-start=\"976\" data-end=\"1150\">A n\u00f6v\u00e9ny \u0151sszel bogy\u00f3kat hoz, amelyek \u00e1ltal\u00e1ban pirosak, \u00e9s dekorat\u00edvak.\u00a0 A bogy\u00f3k m\u00e9rgez\u0151ek, ha lenyelik \u0151ket.<\/li>\n<\/ul>\n<p>&nbsp;<\/p>\n<h3>Kislevel\u0171 kecsker\u00e1g\u00f3 gondoz\u00e1sa:<\/h3>\n<ul>\n<li data-start=\"1166\" data-end=\"1388\">Napos vagy f\u00e9l\u00e1rny\u00e9kos helyet kedvel. A leg\u00e9l\u00e9nkebb lev\u00e9lsz\u00ednt akkor \u00e9ri el, ha elegend\u0151 napf\u00e9nyt kap.<\/li>\n<li data-start=\"1596\" data-end=\"1798\"><b>J<\/b>\u00f3l toler\u00e1lja a sz\u00e1razs\u00e1got, de rendszeres \u00f6nt\u00f6z\u00e9st ig\u00e9nyel, k\u00fcl\u00f6n\u00f6sen sz\u00e1razabb id\u0151szakokban.<\/li>\n<li data-start=\"1799\" data-end=\"1998\">\u00a0A n\u00f6v\u00e9ny a j\u00f3l v\u00edzelvezet\u0151, t\u00e1panyagban gazdag talajokat kedveli.<\/li>\n<\/ul>\n<p>&nbsp;<\/p>\n<p><b>K\u00e9szlet\u00fcnk napi szinten v\u00e1ltozik, ez\u00e9rt k\u00e9rj\u00fck, \u00e9rdekl\u0151dj\u00f6n szem\u00e9lyesen, telefonon vagy email-en.<br \/>\nA v\u00e1ltoztat\u00e1s jog\u00e1t fenntartjuk!<\/b><b>\u00a0<\/b><\/p>\n<p><a href=\"https:\/\/tajkertesz.com\/\">https:\/\/tajkertesz.com\/<\/a><\/p>\n<p><a href=\"https:\/\/www.facebook.com\/tajkertesz\/\">https:\/\/www.facebook.com\/tajkertesz\/<\/a><\/p>\n<p>Kisz\u00e1ll\u00edt\u00e1s: 200cm-ig \u00e9s 40 kg-ig a sz\u00e1ll\u00edt\u00e1s fut\u00e1rszolg\u00e1lattal t\u00f6rt\u00e9nik.<\/p>\n<p>Szem\u00e9lyes \u00e1tv\u00e9tel nyitvatart\u00e1si id\u0151ben a 17. ker\u00fclet Bakancsos utca 7. sz\u00e1m alatti Kert\u00e9szeti \u00e1rud\u00e1nkban.<\/p>\n<p>Kert\u00e9p\u00edt\u0151k \u00e9s viszontelad\u00f3k regisztr\u00e1l\u00e1s ut\u00e1n egyedi kedvezm\u00e9nnyel v\u00e1s\u00e1rolhatnak kert\u00e9szeti kis-\u00e9s nagykeresked\u00e9s\u00fcnkben.<\/p>\n<p><strong>Az \u00e1rak egy darab term\u00e9kre vonatkoznak.<\/strong><\/p>\n<p><strong>J\u00f3 tudni!<\/strong><\/p>\n<p>K\u00e9pek-elt\u00e9r\u00e9sek:<\/p>\n<p>A n\u00f6v\u00e9nyekr\u0151l felt\u00f6lt\u00f6tt k\u00e9pek illusztr\u00e1ci\u00f3k. N\u00f6v\u00e9nyekn\u00e9l el\u0151fordulhatnak minim\u00e1lis elt\u00e9r\u00e9sek a k\u00e9peken szerepl\u0151 n\u00f6v\u00e9nyek \u00e9s az \u00e1tvett n\u00f6v\u00e9nyek k\u00f6z\u00f6tt, mivel minden n\u00f6v\u00e9ny egyedi.<\/p>\n<h4>N\u00f6v\u00e9nyek sz\u00e1ll\u00edt\u00e1sa:<\/h4>\n<p>A megrendelt n\u00f6v\u00e9nyeket igyeksz\u00fcnk a lehet\u0151 legbiztons\u00e1gosabban egyes\u00e9vel csomagolni, azonban a sz\u00e1ll\u00edt\u00e1s sor\u00e1n m\u00e9g ennek ellen\u00e9re is\u00a0bek\u00f6vetkezhetnek apr\u00f3bb s\u00e9r\u00fcl\u00e9sek (lev\u00e9l- vagy vir\u00e1ghull\u00e1s).<br \/>\nN\u00f6v\u00e9ny rendel\u00e9s eset\u00e9n k\u00e9rj\u00fck a k\u00e9zbes\u00edt\u00e9st k\u00f6vet\u0151en a lehet\u0151 leghamarabb bonts\u00e1k ki a csomagot.<\/p>\n<p>Abban az esetben, ha a megrendelt n\u00f6v\u00e9ny\u00a0a sz\u00e1ll\u00edt\u00e1st k\u00f6vet\u0151en\u00a0nem megfelel\u0151 gondoz\u00e1sban r\u00e9szes\u00fcl \u00e9s ebb\u0151l kifoly\u00f3lag\u00a0k\u00e1rosodik,\u00a0elpusztul, felel\u0151ss\u00e9get sajnos nem tudunk v\u00e1llalni.<\/p>\n<p>V\u00e1s\u00e1rl\u00e1st\u00f3l val\u00f3 el\u00e1ll\u00e1s \u00e9l\u0151 n\u00f6v\u00e9ny v\u00e1s\u00e1rl\u00e1sa eset\u00e9n:<\/p>\n<p>Az \u00e1ltal\u00e1nos 14 napos el\u00e1ll\u00e1s lehet\u0151s\u00e9ge \u00e9l\u0151 n\u00f6v\u00e9nyekre nem vonatkozik. V\u00e1s\u00e1rl\u00e1st\u00f3l val\u00f3 el\u00e1ll\u00e1sra, visszak\u00fcld\u00e9sre nincs lehet\u0151s\u00e9g.\u00a0(17\/1999. (II. 5.) Korm. rendelet 5c pontja)<\/p>\n<p><strong>K\u00e9rj\u00fck fentiek figyelembev\u00e9tel\u00e9t n\u00f6v\u00e9ny rendel\u00e9se sor\u00e1n!<\/strong><\/p>\n<p>&nbsp;<\/p>\n<h3><\/h3>\n<h5><\/h5>","protected":false},"excerpt":{"rendered":"<p>M\u00e9rete: 30-40 cm magas, 10 literes kont\u00e9nerben<\/p>","protected":false},"featured_media":22840,"template":"","meta":{"_et_pb_use_builder":"","_et_pb_old_content":"","_et_gb_content_width":""},"product_brand":[],"product_cat":[26],"product_tag":[186,72,924,922,255],"class_list":{"0":"post-3722","1":"product","2":"type-product","3":"status-publish","4":"has-post-thumbnail","6":"product_cat-orokzold-novenyek","7":"product_tag-euonymus","8":"product_tag-kecskerago","9":"product_tag-kislevelu","10":"product_tag-pulchellus","11":"product_tag-torpe","13":"first","14":"instock","15":"shipping-taxable","16":"purchasable","17":"product-type-simple"},"yoast_head":"<!-- This site is optimized with the Yoast SEO plugin v27.3 - https:\/\/yoast.com\/product\/yoast-seo-wordpress\/ -->\n<title>Euonymus pulchellis &#039;Aurea&#039; - Kislevel\u0171 kecsker\u00e1g\u00f3 - T\u00e1jkert\u00e9sz<\/title>\n<meta name=\"description\" content=\"Az Euonymus pulchellis &#039;Aurea&#039; - Kislevel\u0171 kecsker\u00e1g\u00f3 kb.30 cm magas alacsony termet\u0171 \u00f6r\u00f6kz\u00f6ld cserje, melynek habitusa kiss\u00e9 sz\u00e9tter\u00fcl\u0151.\" \/>\n<meta name=\"robots\" content=\"index, follow, max-snippet:-1, max-image-preview:large, max-video-preview:-1\" \/>\n<link rel=\"canonical\" href=\"https:\/\/tajkertesz.com\/en_US\/product\/euonymus-pulchellis-aurea-kislevelu-kecskerago\/\" \/>\n<meta property=\"og:locale\" content=\"en_US\" \/>\n<meta property=\"og:type\" content=\"article\" \/>\n<meta property=\"og:title\" content=\"Euonymus pulchellis &#039;Aurea&#039; - Kislevel\u0171 kecsker\u00e1g\u00f3 - T\u00e1jkert\u00e9sz\" \/>\n<meta property=\"og:description\" content=\"Az Euonymus pulchellis &#039;Aurea&#039; - Kislevel\u0171 kecsker\u00e1g\u00f3 kb.30 cm magas alacsony termet\u0171 \u00f6r\u00f6kz\u00f6ld cserje, melynek habitusa kiss\u00e9 sz\u00e9tter\u00fcl\u0151.\" \/>\n<meta property=\"og:url\" content=\"https:\/\/tajkertesz.com\/en_US\/product\/euonymus-pulchellis-aurea-kislevelu-kecskerago\/\" \/>\n<meta property=\"og:site_name\" content=\"T\u00e1jkert\u00e9sz\" \/>\n<meta property=\"article:publisher\" content=\"https:\/\/www.facebook.com\/Tajkertesz\/\" \/>\n<meta property=\"article:modified_time\" content=\"2026-02-24T13:07:10+00:00\" \/>\n<meta property=\"og:image\" content=\"https:\/\/tajkertesz.com\/wp-content\/uploads\/2021\/04\/20250318_102353-1-scaled-e1742300814270.jpg\" \/>\n\t<meta property=\"og:image:width\" content=\"1732\" \/>\n\t<meta property=\"og:image:height\" content=\"2065\" \/>\n\t<meta property=\"og:image:type\" content=\"image\/jpeg\" \/>\n<meta name=\"twitter:card\" content=\"summary_large_image\" \/>\n<meta name=\"twitter:label1\" content=\"Est. reading time\" \/>\n\t<meta name=\"twitter:data1\" content=\"3 minutes\" \/>\n<script type=\"application\/ld+json\" class=\"yoast-schema-graph\">{\"@context\":\"https:\\\/\\\/schema.org\",\"@graph\":[{\"@type\":\"WebPage\",\"@id\":\"https:\\\/\\\/tajkertesz.com\\\/termek\\\/euonymus-pulchellis-aurea-kislevelu-kecskerago\\\/\",\"url\":\"https:\\\/\\\/tajkertesz.com\\\/termek\\\/euonymus-pulchellis-aurea-kislevelu-kecskerago\\\/\",\"name\":\"Euonymus pulchellis 'Aurea' - Kislevel\u0171 kecsker\u00e1g\u00f3 - T\u00e1jkert\u00e9sz\",\"isPartOf\":{\"@id\":\"https:\\\/\\\/tajkertesz.com\\\/#website\"},\"primaryImageOfPage\":{\"@id\":\"https:\\\/\\\/tajkertesz.com\\\/termek\\\/euonymus-pulchellis-aurea-kislevelu-kecskerago\\\/#primaryimage\"},\"image\":{\"@id\":\"https:\\\/\\\/tajkertesz.com\\\/termek\\\/euonymus-pulchellis-aurea-kislevelu-kecskerago\\\/#primaryimage\"},\"thumbnailUrl\":\"https:\\\/\\\/tajkertesz.com\\\/wp-content\\\/uploads\\\/2021\\\/04\\\/20250318_102353-1-scaled-e1742300814270.jpg\",\"datePublished\":\"2021-04-28T09:35:47+00:00\",\"dateModified\":\"2026-02-24T13:07:10+00:00\",\"description\":\"Az Euonymus pulchellis 'Aurea' - Kislevel\u0171 kecsker\u00e1g\u00f3 kb.30 cm magas alacsony termet\u0171 \u00f6r\u00f6kz\u00f6ld cserje, melynek habitusa kiss\u00e9 sz\u00e9tter\u00fcl\u0151.\",\"breadcrumb\":{\"@id\":\"https:\\\/\\\/tajkertesz.com\\\/termek\\\/euonymus-pulchellis-aurea-kislevelu-kecskerago\\\/#breadcrumb\"},\"inLanguage\":\"en-US\",\"potentialAction\":[{\"@type\":\"ReadAction\",\"target\":[\"https:\\\/\\\/tajkertesz.com\\\/termek\\\/euonymus-pulchellis-aurea-kislevelu-kecskerago\\\/\"]}]},{\"@type\":\"ImageObject\",\"inLanguage\":\"en-US\",\"@id\":\"https:\\\/\\\/tajkertesz.com\\\/termek\\\/euonymus-pulchellis-aurea-kislevelu-kecskerago\\\/#primaryimage\",\"url\":\"https:\\\/\\\/tajkertesz.com\\\/wp-content\\\/uploads\\\/2021\\\/04\\\/20250318_102353-1-scaled-e1742300814270.jpg\",\"contentUrl\":\"https:\\\/\\\/tajkertesz.com\\\/wp-content\\\/uploads\\\/2021\\\/04\\\/20250318_102353-1-scaled-e1742300814270.jpg\",\"width\":1732,\"height\":2065,\"caption\":\"Euonymus pulchellis 'Aurea' - Kislevel\u0171 kecsker\u00e1g\u00f3\"},{\"@type\":\"BreadcrumbList\",\"@id\":\"https:\\\/\\\/tajkertesz.com\\\/termek\\\/euonymus-pulchellis-aurea-kislevelu-kecskerago\\\/#breadcrumb\",\"itemListElement\":[{\"@type\":\"ListItem\",\"position\":1,\"name\":\"Home\",\"item\":\"https:\\\/\\\/tajkertesz.com\\\/\"},{\"@type\":\"ListItem\",\"position\":2,\"name\":\"Kezd\u0151lap\",\"item\":\"https:\\\/\\\/tajkertesz.com\\\/\"},{\"@type\":\"ListItem\",\"position\":3,\"name\":\"Euonymus pulchellis &#8216;Aurea&#8217; &#8211; Kislevel\u0171 kecsker\u00e1g\u00f3\"}]},{\"@type\":\"WebSite\",\"@id\":\"https:\\\/\\\/tajkertesz.com\\\/#website\",\"url\":\"https:\\\/\\\/tajkertesz.com\\\/\",\"name\":\"T\u00e1j-Kert\u00e9sz 84 Kft.\",\"description\":\"Kert\u00e9szeti kis- \u00e9s nagykeresked\u00e9s, D\u00edszn\u00f6v\u00e9ny web\u00e1ruh\u00e1z orsz\u00e1gos h\u00e1zhozsz\u00e1ll\u00edt\u00e1ssal!\",\"publisher\":{\"@id\":\"https:\\\/\\\/tajkertesz.com\\\/#organization\"},\"potentialAction\":[{\"@type\":\"SearchAction\",\"target\":{\"@type\":\"EntryPoint\",\"urlTemplate\":\"https:\\\/\\\/tajkertesz.com\\\/?s={search_term_string}\"},\"query-input\":{\"@type\":\"PropertyValueSpecification\",\"valueRequired\":true,\"valueName\":\"search_term_string\"}}],\"inLanguage\":\"en-US\"},{\"@type\":\"Organization\",\"@id\":\"https:\\\/\\\/tajkertesz.com\\\/#organization\",\"name\":\"T\u00e1j-Kert\u00e9sz 84 Kft.\",\"url\":\"https:\\\/\\\/tajkertesz.com\\\/\",\"logo\":{\"@type\":\"ImageObject\",\"inLanguage\":\"en-US\",\"@id\":\"https:\\\/\\\/tajkertesz.com\\\/#\\\/schema\\\/logo\\\/image\\\/\",\"url\":\"https:\\\/\\\/tajkertesz.com\\\/wp-content\\\/uploads\\\/2018\\\/02\\\/logo-2-e1518678052539.png\",\"contentUrl\":\"https:\\\/\\\/tajkertesz.com\\\/wp-content\\\/uploads\\\/2018\\\/02\\\/logo-2-e1518678052539.png\",\"width\":81,\"height\":140,\"caption\":\"T\u00e1j-Kert\u00e9sz 84 Kft.\"},\"image\":{\"@id\":\"https:\\\/\\\/tajkertesz.com\\\/#\\\/schema\\\/logo\\\/image\\\/\"},\"sameAs\":[\"https:\\\/\\\/www.facebook.com\\\/Tajkertesz\\\/\"]}]}<\/script>\n<!-- \/ Yoast SEO plugin. -->","yoast_head_json":{"title":"Euonymus pulchellis 'Aurea' - Kislevel\u0171 kecsker\u00e1g\u00f3 - T\u00e1jkert\u00e9sz","description":"Az Euonymus pulchellis 'Aurea' - Kislevel\u0171 kecsker\u00e1g\u00f3 kb.30 cm magas alacsony termet\u0171 \u00f6r\u00f6kz\u00f6ld cserje, melynek habitusa kiss\u00e9 sz\u00e9tter\u00fcl\u0151.","robots":{"index":"index","follow":"follow","max-snippet":"max-snippet:-1","max-image-preview":"max-image-preview:large","max-video-preview":"max-video-preview:-1"},"canonical":"https:\/\/tajkertesz.com\/en_US\/product\/euonymus-pulchellis-aurea-kislevelu-kecskerago\/","og_locale":"en_US","og_type":"article","og_title":"Euonymus pulchellis 'Aurea' - Kislevel\u0171 kecsker\u00e1g\u00f3 - T\u00e1jkert\u00e9sz","og_description":"Az Euonymus pulchellis 'Aurea' - Kislevel\u0171 kecsker\u00e1g\u00f3 kb.30 cm magas alacsony termet\u0171 \u00f6r\u00f6kz\u00f6ld cserje, melynek habitusa kiss\u00e9 sz\u00e9tter\u00fcl\u0151.","og_url":"https:\/\/tajkertesz.com\/en_US\/product\/euonymus-pulchellis-aurea-kislevelu-kecskerago\/","og_site_name":"T\u00e1jkert\u00e9sz","article_publisher":"https:\/\/www.facebook.com\/Tajkertesz\/","article_modified_time":"2026-02-24T13:07:10+00:00","og_image":[{"width":1732,"height":2065,"url":"https:\/\/tajkertesz.com\/wp-content\/uploads\/2021\/04\/20250318_102353-1-scaled-e1742300814270.jpg","type":"image\/jpeg"}],"twitter_card":"summary_large_image","twitter_misc":{"Est. reading time":"3 minutes"},"schema":{"@context":"https:\/\/schema.org","@graph":[{"@type":"WebPage","@id":"https:\/\/tajkertesz.com\/termek\/euonymus-pulchellis-aurea-kislevelu-kecskerago\/","url":"https:\/\/tajkertesz.com\/termek\/euonymus-pulchellis-aurea-kislevelu-kecskerago\/","name":"Euonymus pulchellis 'Aurea' - Kislevel\u0171 kecsker\u00e1g\u00f3 - T\u00e1jkert\u00e9sz","isPartOf":{"@id":"https:\/\/tajkertesz.com\/#website"},"primaryImageOfPage":{"@id":"https:\/\/tajkertesz.com\/termek\/euonymus-pulchellis-aurea-kislevelu-kecskerago\/#primaryimage"},"image":{"@id":"https:\/\/tajkertesz.com\/termek\/euonymus-pulchellis-aurea-kislevelu-kecskerago\/#primaryimage"},"thumbnailUrl":"https:\/\/tajkertesz.com\/wp-content\/uploads\/2021\/04\/20250318_102353-1-scaled-e1742300814270.jpg","datePublished":"2021-04-28T09:35:47+00:00","dateModified":"2026-02-24T13:07:10+00:00","description":"Az Euonymus pulchellis 'Aurea' - Kislevel\u0171 kecsker\u00e1g\u00f3 kb.30 cm magas alacsony termet\u0171 \u00f6r\u00f6kz\u00f6ld cserje, melynek habitusa kiss\u00e9 sz\u00e9tter\u00fcl\u0151.","breadcrumb":{"@id":"https:\/\/tajkertesz.com\/termek\/euonymus-pulchellis-aurea-kislevelu-kecskerago\/#breadcrumb"},"inLanguage":"en-US","potentialAction":[{"@type":"ReadAction","target":["https:\/\/tajkertesz.com\/termek\/euonymus-pulchellis-aurea-kislevelu-kecskerago\/"]}]},{"@type":"ImageObject","inLanguage":"en-US","@id":"https:\/\/tajkertesz.com\/termek\/euonymus-pulchellis-aurea-kislevelu-kecskerago\/#primaryimage","url":"https:\/\/tajkertesz.com\/wp-content\/uploads\/2021\/04\/20250318_102353-1-scaled-e1742300814270.jpg","contentUrl":"https:\/\/tajkertesz.com\/wp-content\/uploads\/2021\/04\/20250318_102353-1-scaled-e1742300814270.jpg","width":1732,"height":2065,"caption":"Euonymus pulchellis 'Aurea' - Kislevel\u0171 kecsker\u00e1g\u00f3"},{"@type":"BreadcrumbList","@id":"https:\/\/tajkertesz.com\/termek\/euonymus-pulchellis-aurea-kislevelu-kecskerago\/#breadcrumb","itemListElement":[{"@type":"ListItem","position":1,"name":"Home","item":"https:\/\/tajkertesz.com\/"},{"@type":"ListItem","position":2,"name":"Kezd\u0151lap","item":"https:\/\/tajkertesz.com\/"},{"@type":"ListItem","position":3,"name":"Euonymus pulchellis &#8216;Aurea&#8217; &#8211; Kislevel\u0171 kecsker\u00e1g\u00f3"}]},{"@type":"WebSite","@id":"https:\/\/tajkertesz.com\/#website","url":"https:\/\/tajkertesz.com\/","name":"T\u00e1j-Kert\u00e9sz 84 Kft.","description":"Kert\u00e9szeti kis- \u00e9s nagykeresked\u00e9s, D\u00edszn\u00f6v\u00e9ny web\u00e1ruh\u00e1z orsz\u00e1gos h\u00e1zhozsz\u00e1ll\u00edt\u00e1ssal!","publisher":{"@id":"https:\/\/tajkertesz.com\/#organization"},"potentialAction":[{"@type":"SearchAction","target":{"@type":"EntryPoint","urlTemplate":"https:\/\/tajkertesz.com\/?s={search_term_string}"},"query-input":{"@type":"PropertyValueSpecification","valueRequired":true,"valueName":"search_term_string"}}],"inLanguage":"en-US"},{"@type":"Organization","@id":"https:\/\/tajkertesz.com\/#organization","name":"T\u00e1j-Kert\u00e9sz 84 Kft.","url":"https:\/\/tajkertesz.com\/","logo":{"@type":"ImageObject","inLanguage":"en-US","@id":"https:\/\/tajkertesz.com\/#\/schema\/logo\/image\/","url":"https:\/\/tajkertesz.com\/wp-content\/uploads\/2018\/02\/logo-2-e1518678052539.png","contentUrl":"https:\/\/tajkertesz.com\/wp-content\/uploads\/2018\/02\/logo-2-e1518678052539.png","width":81,"height":140,"caption":"T\u00e1j-Kert\u00e9sz 84 Kft."},"image":{"@id":"https:\/\/tajkertesz.com\/#\/schema\/logo\/image\/"},"sameAs":["https:\/\/www.facebook.com\/Tajkertesz\/"]}]}},"_links":{"self":[{"href":"https:\/\/tajkertesz.com\/en_US\/wp-json\/wp\/v2\/product\/3722","targetHints":{"allow":["GET"]}}],"collection":[{"href":"https:\/\/tajkertesz.com\/en_US\/wp-json\/wp\/v2\/product"}],"about":[{"href":"https:\/\/tajkertesz.com\/en_US\/wp-json\/wp\/v2\/types\/product"}],"wp:featuredmedia":[{"embeddable":true,"href":"https:\/\/tajkertesz.com\/en_US\/wp-json\/wp\/v2\/media\/22840"}],"wp:attachment":[{"href":"https:\/\/tajkertesz.com\/en_US\/wp-json\/wp\/v2\/media?parent=3722"}],"wp:term":[{"taxonomy":"product_brand","embeddable":true,"href":"https:\/\/tajkertesz.com\/en_US\/wp-json\/wp\/v2\/product_brand?post=3722"},{"taxonomy":"product_cat","embeddable":true,"href":"https:\/\/tajkertesz.com\/en_US\/wp-json\/wp\/v2\/product_cat?post=3722"},{"taxonomy":"product_tag","embeddable":true,"href":"https:\/\/tajkertesz.com\/en_US\/wp-json\/wp\/v2\/product_tag?post=3722"}],"curies":[{"name":"wp","href":"https:\/\/api.w.org\/{rel}","templated":true}]}}