{"id":3764,"date":"2021-04-28T11:38:22","date_gmt":"2021-04-28T11:38:22","guid":{"rendered":"https:\/\/tajkertesz.com\/?post_type=product&#038;p=3764"},"modified":"2024-09-17T10:27:10","modified_gmt":"2024-09-17T10:27:10","slug":"eukaliptusz-eucalyptus-gunnii-baby-blue","status":"publish","type":"product","link":"https:\/\/tajkertesz.com\/en_US\/product\/eukaliptusz-eucalyptus-gunnii-baby-blue\/","title":{"rendered":"Eukaliptusz- Eucalyptus gunnii &#8216;Baby Blue&#8217;"},"content":{"rendered":"<h3>Eukaliptusz- Eucalyptus gunnii &#8216;Baby Blue&#8217;<\/h3>\n<p>Eukaliptusz- Eucalyptus gunnii &#8216;Baby Blue&#8217;<\/p>\n<p>Intenz\u00edv, gy\u00f6ny\u00f6r\u0171, ez\u00fcst\u00f6s k\u00e9k lombozata van, kiv\u00e9teles eukaliptusz illattal. A Francia Erd\u00e9szeti Bizotts\u00e1g fedezte fel, amikor \u00faj eukaliptusz fajt\u00e1k felkutat\u00e1s\u00e1t b\u00edzt\u00e1k meg fakitermel\u00e9s c\u00e9lj\u00e1b\u00f3l. B\u00e1r az Eucalyptus Baby Blue fa nem felelt meg a Francia Erd\u00e9szeti Bizotts\u00e1g fa eukaliptusz k\u00f6vetelm\u00e9nyeinek, \u00e9rt\u00e9kes kerti eszk\u00f6zk\u00e9nt ismert\u00e9k el. Gyorsan dics\u00e9retet v\u00e1ltott ki d\u00edsz\u00edt\u0151 tulajdons\u00e1gai\u00e9rt. Az\u00a0 eukaliptusz hagyom\u00e1nyosabb fajt\u00e1ihoz k\u00e9pest az Eucalyptus Baby blue rendk\u00edv\u00fcl sz\u00edv\u00f3s, t\u00f6m\u00f6rebb \u00e9s cserjeszer\u0171bb.<\/p>\n<p>Az Eukaliptusz- Eucalyptus gunnii &#8216;Baby Blue&#8217; gyorsan n\u00f6v\u0151 \u00f6r\u00f6kz\u00f6ld fa. Feln\u0151tt korban el\u00e9ri a 3-4 m\u00e9teres magass\u00e1got. A fa \u00e9vente k\u00f6r\u00fclbel\u00fcl 60-90 centim\u00e9terrel n\u00f6vekszik, am\u00edg el nem \u00e9ri teljes magass\u00e1g\u00e1t. Bokrosan n\u00f6vekszik, \u00edgy kiv\u00e1l\u00f3 v\u00e1laszt\u00e1s \u00f6r\u00f6kz\u00f6ld szeg\u00e9lyekhez.A fiatal hajt\u00e1sokat \u00e9s leveleket viaszos, feh\u00e9r poranyag bor\u00edtja \u00e9r\u00e9sig, amikor teljes ac\u00e9lk\u00e9k \u00e1rnyalatuk felt\u00e1rul. A fa fiatalkori levelei er\u0151sen k\u00e9kek. Az Eucalyptus Azura k\u00e9rge porsz\u00fcrke. A ny\u00e1r folyam\u00e1n apr\u00f3, feh\u00e9r vir\u00e1gokat fejleszt ki.<\/p>\n<p>\u00dcltesse az Eucalyptus Baby Blue&#8217; -t napos helyre az optim\u00e1lis n\u00f6veked\u00e9s \u00e9rdek\u00e9ben. Gyakorlatilag b\u00e1rmilyen talajt\u00edpusban j\u00f3l \u00e9rzi mag\u00e1t, \u00e9s nem v\u00e1logat\u00f3s a pH-szintet illet\u0151en sem. V\u00e1lasszon olyan \u00fcltet\u00e9si helyet, amely j\u00f3 v\u00edzelvezet\u00e9s\u0171.<\/p>\n<p>A tavaszi h\u00f3napokban a f\u00e1t meg lehet metszeni, hogy piramisform\u00e1ja megmaradjon, \u00e9s s\u0171r\u0171 n\u00f6veked\u00e9sre \u00f6szt\u00f6n\u00f6zz\u00fck. \u00a0Az Eucalyptus Baby Blue finom, rostos gy\u00f6k\u00e9rrendszerrel rendelkezik, \u00edgy ide\u00e1lis a nagy teraszos cserepekbe. A s\u00e9t\u00e1nyok, az \u00fattestek \u00e9s m\u00e1s be\u00e9p\u00edtett ter\u00fcletek mellett is \u00fcltethet\u0151.<\/p>\n<h4>Ez a fantasztikus n\u00f6v\u00e9ny megb\u00edzhat\u00f3an t\u00e9l\u00e1ll\u00f3 eukaliptusz fajta amely -18-20 fokig fagyt\u0171r\u0151!<\/h4>\n<p>&nbsp;<\/p>\n<p>El\u00e9rhet\u0151 t\u00f6bbf\u00e9le m\u00e9retben \u00e9s \u00e1rban.<\/p>\n<p><strong>K\u00e9szlet\u00fcnk napi szinten v\u00e1ltozik, ez\u00e9rt k\u00e9rj\u00fck, \u00e9rdekl\u0151dj\u00f6n szem\u00e9lyesen, telefonon vagy email-en.<br \/>\nA v\u00e1ltoztat\u00e1s jog\u00e1t fenntartjuk!\u00a0<\/strong><\/p>\n<p><a href=\"https:\/\/tajkertesz.com\/\">https:\/\/tajkertesz.com\/<\/a><\/p>\n<p><a href=\"https:\/\/www.facebook.com\/tajkertesz\/\">https:\/\/www.facebook.com\/tajkertesz\/<\/a><\/p>\n<p>Kisz\u00e1ll\u00edt\u00e1s: 200cm-ig \u00a0\u00e9s 40 kg-ig a sz\u00e1ll\u00edt\u00e1s fut\u00e1rszolg\u00e1lattal \u00a0t\u00f6rt\u00e9nik.<\/p>\n<p>Szem\u00e9lyes \u00e1tv\u00e9tel nyitvatart\u00e1si id\u0151ben a 17. ker\u00fclet Bakancsos utca 7. sz\u00e1m alatti Kert\u00e9szeti \u00e1ruh\u00e1zunkban.<\/p>","protected":false},"excerpt":{"rendered":"<h4>Ez a fantasztikus n\u00f6v\u00e9ny megb\u00edzhat\u00f3an t\u00e9l\u00e1ll\u00f3 eukaliptusz fajta amely -18-20 fokig fagyt\u0171r\u0151!<\/h4>\n<p>Kont\u00e9ner m\u00e9rete: 3L<\/p>\n<p>N\u00f6v\u00e9ny m\u00e9rete: 150\/175cm<\/p>","protected":false},"featured_media":3765,"template":"","meta":{"_et_pb_use_builder":"","_et_pb_old_content":"","_et_gb_content_width":""},"product_brand":[],"product_cat":[27],"product_tag":[1382,1381],"class_list":{"0":"post-3764","1":"product","2":"type-product","3":"status-publish","4":"has-post-thumbnail","6":"product_cat-cserjek","7":"product_tag-eucalyptus-gunnii-azura","8":"product_tag-eukaliptusz","10":"first","11":"outofstock","12":"shipping-taxable","13":"product-type-simple"},"yoast_head":"<!-- This site is optimized with the Yoast SEO plugin v27.4 - https:\/\/yoast.com\/product\/yoast-seo-wordpress\/ -->\n<title>Eukaliptusz- Eucalyptus gunnii &#039;Baby Blue&#039; - T\u00e1jkert\u00e9sz<\/title>\n<meta name=\"description\" content=\"Eukaliptusz- Eucalyptus gunnii &#039;Baby Blue&#039;Ez a fantasztikus n\u00f6v\u00e9ny megb\u00edzhat\u00f3an t\u00e9l\u00e1ll\u00f3 eukaliptusz fajta amely -18-20 fokig fagyt\u0171r\u0151!\" \/>\n<meta name=\"robots\" content=\"index, follow, max-snippet:-1, max-image-preview:large, max-video-preview:-1\" \/>\n<link rel=\"canonical\" href=\"https:\/\/tajkertesz.com\/en_US\/product\/eukaliptusz-eucalyptus-gunnii-baby-blue\/\" \/>\n<meta property=\"og:locale\" content=\"en_US\" \/>\n<meta property=\"og:type\" content=\"article\" \/>\n<meta property=\"og:title\" content=\"Eukaliptusz- Eucalyptus gunnii &#039;Baby Blue&#039; - T\u00e1jkert\u00e9sz\" \/>\n<meta property=\"og:description\" content=\"Eukaliptusz- Eucalyptus gunnii &#039;Baby Blue&#039;Ez a fantasztikus n\u00f6v\u00e9ny megb\u00edzhat\u00f3an t\u00e9l\u00e1ll\u00f3 eukaliptusz fajta amely -18-20 fokig fagyt\u0171r\u0151!\" \/>\n<meta property=\"og:url\" content=\"https:\/\/tajkertesz.com\/en_US\/product\/eukaliptusz-eucalyptus-gunnii-baby-blue\/\" \/>\n<meta property=\"og:site_name\" content=\"T\u00e1jkert\u00e9sz\" \/>\n<meta property=\"article:publisher\" content=\"https:\/\/www.facebook.com\/Tajkertesz\/\" \/>\n<meta property=\"article:modified_time\" content=\"2024-09-17T10:27:10+00:00\" \/>\n<meta property=\"og:image\" content=\"https:\/\/tajkertesz.com\/wp-content\/uploads\/2021\/04\/173135949_5535182976556950_2419327385946113030_n-scaled.jpg\" \/>\n\t<meta property=\"og:image:width\" content=\"1148\" \/>\n\t<meta property=\"og:image:height\" content=\"2560\" \/>\n\t<meta property=\"og:image:type\" content=\"image\/jpeg\" \/>\n<meta name=\"twitter:card\" content=\"summary_large_image\" \/>\n<meta name=\"twitter:label1\" content=\"Est. reading time\" \/>\n\t<meta name=\"twitter:data1\" content=\"2 minutes\" \/>\n<script type=\"application\/ld+json\" class=\"yoast-schema-graph\">{\"@context\":\"https:\\\/\\\/schema.org\",\"@graph\":[{\"@type\":\"WebPage\",\"@id\":\"https:\\\/\\\/tajkertesz.com\\\/termek\\\/eukaliptusz-eucalyptus-gunnii-baby-blue\\\/\",\"url\":\"https:\\\/\\\/tajkertesz.com\\\/termek\\\/eukaliptusz-eucalyptus-gunnii-baby-blue\\\/\",\"name\":\"Eukaliptusz- Eucalyptus gunnii 'Baby Blue' - T\u00e1jkert\u00e9sz\",\"isPartOf\":{\"@id\":\"https:\\\/\\\/tajkertesz.com\\\/#website\"},\"primaryImageOfPage\":{\"@id\":\"https:\\\/\\\/tajkertesz.com\\\/termek\\\/eukaliptusz-eucalyptus-gunnii-baby-blue\\\/#primaryimage\"},\"image\":{\"@id\":\"https:\\\/\\\/tajkertesz.com\\\/termek\\\/eukaliptusz-eucalyptus-gunnii-baby-blue\\\/#primaryimage\"},\"thumbnailUrl\":\"https:\\\/\\\/tajkertesz.com\\\/wp-content\\\/uploads\\\/2021\\\/04\\\/173135949_5535182976556950_2419327385946113030_n-scaled.jpg\",\"datePublished\":\"2021-04-28T11:38:22+00:00\",\"dateModified\":\"2024-09-17T10:27:10+00:00\",\"description\":\"Eukaliptusz- Eucalyptus gunnii 'Baby Blue'Ez a fantasztikus n\u00f6v\u00e9ny megb\u00edzhat\u00f3an t\u00e9l\u00e1ll\u00f3 eukaliptusz fajta amely -18-20 fokig fagyt\u0171r\u0151!\",\"breadcrumb\":{\"@id\":\"https:\\\/\\\/tajkertesz.com\\\/termek\\\/eukaliptusz-eucalyptus-gunnii-baby-blue\\\/#breadcrumb\"},\"inLanguage\":\"en-US\",\"potentialAction\":[{\"@type\":\"ReadAction\",\"target\":[\"https:\\\/\\\/tajkertesz.com\\\/termek\\\/eukaliptusz-eucalyptus-gunnii-baby-blue\\\/\"]}]},{\"@type\":\"ImageObject\",\"inLanguage\":\"en-US\",\"@id\":\"https:\\\/\\\/tajkertesz.com\\\/termek\\\/eukaliptusz-eucalyptus-gunnii-baby-blue\\\/#primaryimage\",\"url\":\"https:\\\/\\\/tajkertesz.com\\\/wp-content\\\/uploads\\\/2021\\\/04\\\/173135949_5535182976556950_2419327385946113030_n-scaled.jpg\",\"contentUrl\":\"https:\\\/\\\/tajkertesz.com\\\/wp-content\\\/uploads\\\/2021\\\/04\\\/173135949_5535182976556950_2419327385946113030_n-scaled.jpg\",\"width\":1148,\"height\":2560},{\"@type\":\"BreadcrumbList\",\"@id\":\"https:\\\/\\\/tajkertesz.com\\\/termek\\\/eukaliptusz-eucalyptus-gunnii-baby-blue\\\/#breadcrumb\",\"itemListElement\":[{\"@type\":\"ListItem\",\"position\":1,\"name\":\"Home\",\"item\":\"https:\\\/\\\/tajkertesz.com\\\/\"},{\"@type\":\"ListItem\",\"position\":2,\"name\":\"Kezd\u0151lap\",\"item\":\"https:\\\/\\\/tajkertesz.com\\\/\"},{\"@type\":\"ListItem\",\"position\":3,\"name\":\"Eukaliptusz- Eucalyptus gunnii &#8216;Baby Blue&#8217;\"}]},{\"@type\":\"WebSite\",\"@id\":\"https:\\\/\\\/tajkertesz.com\\\/#website\",\"url\":\"https:\\\/\\\/tajkertesz.com\\\/\",\"name\":\"T\u00e1j-Kert\u00e9sz 84 Kft.\",\"description\":\"Kert\u00e9szeti kis- \u00e9s nagykeresked\u00e9s, D\u00edszn\u00f6v\u00e9ny web\u00e1ruh\u00e1z orsz\u00e1gos h\u00e1zhozsz\u00e1ll\u00edt\u00e1ssal!\",\"publisher\":{\"@id\":\"https:\\\/\\\/tajkertesz.com\\\/#organization\"},\"potentialAction\":[{\"@type\":\"SearchAction\",\"target\":{\"@type\":\"EntryPoint\",\"urlTemplate\":\"https:\\\/\\\/tajkertesz.com\\\/?s={search_term_string}\"},\"query-input\":{\"@type\":\"PropertyValueSpecification\",\"valueRequired\":true,\"valueName\":\"search_term_string\"}}],\"inLanguage\":\"en-US\"},{\"@type\":\"Organization\",\"@id\":\"https:\\\/\\\/tajkertesz.com\\\/#organization\",\"name\":\"T\u00e1j-Kert\u00e9sz 84 Kft.\",\"url\":\"https:\\\/\\\/tajkertesz.com\\\/\",\"logo\":{\"@type\":\"ImageObject\",\"inLanguage\":\"en-US\",\"@id\":\"https:\\\/\\\/tajkertesz.com\\\/#\\\/schema\\\/logo\\\/image\\\/\",\"url\":\"https:\\\/\\\/tajkertesz.com\\\/wp-content\\\/uploads\\\/2018\\\/02\\\/logo-2-e1518678052539.png\",\"contentUrl\":\"https:\\\/\\\/tajkertesz.com\\\/wp-content\\\/uploads\\\/2018\\\/02\\\/logo-2-e1518678052539.png\",\"width\":81,\"height\":140,\"caption\":\"T\u00e1j-Kert\u00e9sz 84 Kft.\"},\"image\":{\"@id\":\"https:\\\/\\\/tajkertesz.com\\\/#\\\/schema\\\/logo\\\/image\\\/\"},\"sameAs\":[\"https:\\\/\\\/www.facebook.com\\\/Tajkertesz\\\/\"]}]}<\/script>\n<!-- \/ Yoast SEO plugin. -->","yoast_head_json":{"title":"Eukaliptusz- Eucalyptus gunnii 'Baby Blue' - T\u00e1jkert\u00e9sz","description":"Eukaliptusz- Eucalyptus gunnii 'Baby Blue'Ez a fantasztikus n\u00f6v\u00e9ny megb\u00edzhat\u00f3an t\u00e9l\u00e1ll\u00f3 eukaliptusz fajta amely -18-20 fokig fagyt\u0171r\u0151!","robots":{"index":"index","follow":"follow","max-snippet":"max-snippet:-1","max-image-preview":"max-image-preview:large","max-video-preview":"max-video-preview:-1"},"canonical":"https:\/\/tajkertesz.com\/en_US\/product\/eukaliptusz-eucalyptus-gunnii-baby-blue\/","og_locale":"en_US","og_type":"article","og_title":"Eukaliptusz- Eucalyptus gunnii 'Baby Blue' - T\u00e1jkert\u00e9sz","og_description":"Eukaliptusz- Eucalyptus gunnii 'Baby Blue'Ez a fantasztikus n\u00f6v\u00e9ny megb\u00edzhat\u00f3an t\u00e9l\u00e1ll\u00f3 eukaliptusz fajta amely -18-20 fokig fagyt\u0171r\u0151!","og_url":"https:\/\/tajkertesz.com\/en_US\/product\/eukaliptusz-eucalyptus-gunnii-baby-blue\/","og_site_name":"T\u00e1jkert\u00e9sz","article_publisher":"https:\/\/www.facebook.com\/Tajkertesz\/","article_modified_time":"2024-09-17T10:27:10+00:00","og_image":[{"width":1148,"height":2560,"url":"https:\/\/tajkertesz.com\/wp-content\/uploads\/2021\/04\/173135949_5535182976556950_2419327385946113030_n-scaled.jpg","type":"image\/jpeg"}],"twitter_card":"summary_large_image","twitter_misc":{"Est. reading time":"2 minutes"},"schema":{"@context":"https:\/\/schema.org","@graph":[{"@type":"WebPage","@id":"https:\/\/tajkertesz.com\/termek\/eukaliptusz-eucalyptus-gunnii-baby-blue\/","url":"https:\/\/tajkertesz.com\/termek\/eukaliptusz-eucalyptus-gunnii-baby-blue\/","name":"Eukaliptusz- Eucalyptus gunnii 'Baby Blue' - T\u00e1jkert\u00e9sz","isPartOf":{"@id":"https:\/\/tajkertesz.com\/#website"},"primaryImageOfPage":{"@id":"https:\/\/tajkertesz.com\/termek\/eukaliptusz-eucalyptus-gunnii-baby-blue\/#primaryimage"},"image":{"@id":"https:\/\/tajkertesz.com\/termek\/eukaliptusz-eucalyptus-gunnii-baby-blue\/#primaryimage"},"thumbnailUrl":"https:\/\/tajkertesz.com\/wp-content\/uploads\/2021\/04\/173135949_5535182976556950_2419327385946113030_n-scaled.jpg","datePublished":"2021-04-28T11:38:22+00:00","dateModified":"2024-09-17T10:27:10+00:00","description":"Eukaliptusz- Eucalyptus gunnii 'Baby Blue'Ez a fantasztikus n\u00f6v\u00e9ny megb\u00edzhat\u00f3an t\u00e9l\u00e1ll\u00f3 eukaliptusz fajta amely -18-20 fokig fagyt\u0171r\u0151!","breadcrumb":{"@id":"https:\/\/tajkertesz.com\/termek\/eukaliptusz-eucalyptus-gunnii-baby-blue\/#breadcrumb"},"inLanguage":"en-US","potentialAction":[{"@type":"ReadAction","target":["https:\/\/tajkertesz.com\/termek\/eukaliptusz-eucalyptus-gunnii-baby-blue\/"]}]},{"@type":"ImageObject","inLanguage":"en-US","@id":"https:\/\/tajkertesz.com\/termek\/eukaliptusz-eucalyptus-gunnii-baby-blue\/#primaryimage","url":"https:\/\/tajkertesz.com\/wp-content\/uploads\/2021\/04\/173135949_5535182976556950_2419327385946113030_n-scaled.jpg","contentUrl":"https:\/\/tajkertesz.com\/wp-content\/uploads\/2021\/04\/173135949_5535182976556950_2419327385946113030_n-scaled.jpg","width":1148,"height":2560},{"@type":"BreadcrumbList","@id":"https:\/\/tajkertesz.com\/termek\/eukaliptusz-eucalyptus-gunnii-baby-blue\/#breadcrumb","itemListElement":[{"@type":"ListItem","position":1,"name":"Home","item":"https:\/\/tajkertesz.com\/"},{"@type":"ListItem","position":2,"name":"Kezd\u0151lap","item":"https:\/\/tajkertesz.com\/"},{"@type":"ListItem","position":3,"name":"Eukaliptusz- Eucalyptus gunnii &#8216;Baby Blue&#8217;"}]},{"@type":"WebSite","@id":"https:\/\/tajkertesz.com\/#website","url":"https:\/\/tajkertesz.com\/","name":"T\u00e1j-Kert\u00e9sz 84 Kft.","description":"Kert\u00e9szeti kis- \u00e9s nagykeresked\u00e9s, D\u00edszn\u00f6v\u00e9ny web\u00e1ruh\u00e1z orsz\u00e1gos h\u00e1zhozsz\u00e1ll\u00edt\u00e1ssal!","publisher":{"@id":"https:\/\/tajkertesz.com\/#organization"},"potentialAction":[{"@type":"SearchAction","target":{"@type":"EntryPoint","urlTemplate":"https:\/\/tajkertesz.com\/?s={search_term_string}"},"query-input":{"@type":"PropertyValueSpecification","valueRequired":true,"valueName":"search_term_string"}}],"inLanguage":"en-US"},{"@type":"Organization","@id":"https:\/\/tajkertesz.com\/#organization","name":"T\u00e1j-Kert\u00e9sz 84 Kft.","url":"https:\/\/tajkertesz.com\/","logo":{"@type":"ImageObject","inLanguage":"en-US","@id":"https:\/\/tajkertesz.com\/#\/schema\/logo\/image\/","url":"https:\/\/tajkertesz.com\/wp-content\/uploads\/2018\/02\/logo-2-e1518678052539.png","contentUrl":"https:\/\/tajkertesz.com\/wp-content\/uploads\/2018\/02\/logo-2-e1518678052539.png","width":81,"height":140,"caption":"T\u00e1j-Kert\u00e9sz 84 Kft."},"image":{"@id":"https:\/\/tajkertesz.com\/#\/schema\/logo\/image\/"},"sameAs":["https:\/\/www.facebook.com\/Tajkertesz\/"]}]}},"_links":{"self":[{"href":"https:\/\/tajkertesz.com\/en_US\/wp-json\/wp\/v2\/product\/3764","targetHints":{"allow":["GET"]}}],"collection":[{"href":"https:\/\/tajkertesz.com\/en_US\/wp-json\/wp\/v2\/product"}],"about":[{"href":"https:\/\/tajkertesz.com\/en_US\/wp-json\/wp\/v2\/types\/product"}],"wp:featuredmedia":[{"embeddable":true,"href":"https:\/\/tajkertesz.com\/en_US\/wp-json\/wp\/v2\/media\/3765"}],"wp:attachment":[{"href":"https:\/\/tajkertesz.com\/en_US\/wp-json\/wp\/v2\/media?parent=3764"}],"wp:term":[{"taxonomy":"product_brand","embeddable":true,"href":"https:\/\/tajkertesz.com\/en_US\/wp-json\/wp\/v2\/product_brand?post=3764"},{"taxonomy":"product_cat","embeddable":true,"href":"https:\/\/tajkertesz.com\/en_US\/wp-json\/wp\/v2\/product_cat?post=3764"},{"taxonomy":"product_tag","embeddable":true,"href":"https:\/\/tajkertesz.com\/en_US\/wp-json\/wp\/v2\/product_tag?post=3764"}],"curies":[{"name":"wp","href":"https:\/\/api.w.org\/{rel}","templated":true}]}}