{"id":3790,"date":"2021-04-29T12:43:47","date_gmt":"2021-04-29T12:43:47","guid":{"rendered":"https:\/\/tajkertesz.com\/?post_type=product&#038;p=3790"},"modified":"2026-02-24T10:07:05","modified_gmt":"2026-02-24T10:07:05","slug":"cedrus-deodara-feelin-blue-kek-terulo-himalajai-cedrus","status":"publish","type":"product","link":"https:\/\/tajkertesz.com\/en_US\/product\/cedrus-deodara-feelin-blue-kek-terulo-himalajai-cedrus\/","title":{"rendered":"Cedrus deodara &#8216;Feelin Blue&#8217; \u2013 K\u00e9k ter\u00fcl\u0151 himal\u00e1jai c\u00e9drus"},"content":{"rendered":"<h1 class=\"product-page-heading\"><span class=\"product-page-product-name\">Cedrus deodara &#8216;Feelin Blue&#8217; \u2013 K\u00e9k ter\u00fcl\u0151 himal\u00e1jai c\u00e9drus<\/span><\/h1>\n<p>&nbsp;<\/p>\n<p><strong>A <span class=\"product-page-product-name\">Cedrus deodara &#8216;Feelin Blue&#8217; \u2013 K\u00e9k ter\u00fcl\u0151 himal\u00e1jai c\u00e9drus <\/span>egyik legk\u00fcl\u00f6nlegesebb fajt\u00e1ja, t\u00f6rpe, cs\u00fcng\u0151 \u00e1g\u00fa, lombsz\u00edne intenz\u00edv k\u00e9kessz\u00fcrke.<\/strong>Dekorat\u00edv, lassan n\u00f6vekv\u0151\u00a0 \u00f6r\u00f6kz\u00f6ld.\u00a0Szab\u00e1lytalan alak\u00fa talajtakar\u00f3.Kifejlett magass\u00e1ga 100-120 cm.Napos vagy f\u00e9l\u00e1rny\u00e9kos fekv\u00e9sbe is \u00fcltethet\u0151 fajta.<\/p>\n<p>Sz\u00e1razs\u00e1got j\u00f3l t\u0171ri.Napos, meleg fekv\u00e9st \u00e9s a savany\u00fa k\u00f6zeget kedveli.<span class=\"text_exposed_show\">\u00dcltethetj\u00fck kisebb kertekbe, el\u0151kertbe, nagyobb \u00e1gy\u00e1sba m\u00e1s lombhullat\u00f3 bokrokkal, de ak\u00e1r szoliternek is kiv\u00e1l\u00f3.Kl\u00edm\u00e1nkon t\u00f6k\u00e9letesen meg\u00e9l.<br \/>\nM\u00e9szmentes talajt kedvel.<\/span><\/p>\n<div id=\"MainContentPlaceHolder_GardenUsesRow\" class=\"row\">\n<p>&nbsp;<\/p>\n<\/div>\n<p><a href=\"https:\/\/www.facebook.com\/tajkertesz\">https:\/\/www.facebook.com\/tajkertesz<\/a><\/p>\n<p><a href=\"https:\/\/tajkertesz.com\/\">https:\/\/tajkertesz.com\/<\/a><\/p>\n<h2><span id=\"Elterjed\u00e9se\" class=\"mw-headline\" style=\"color: #ffffff;\">Elterjed\u00e9se<\/span><\/h2>\n<p><span style=\"color: #ffffff;\">A t\u00f6bbi feny\u0151h\u00f6z hasonl\u00f3an az\u00e9szaki fl\u00f3rabirodalomban honos. A vir\u00e1gos n\u00f6v\u00e9nyek t\u00e9rh\u00f3d\u00edt\u00e1sa el\u0151tt kiterjedt erd\u0151s\u00e9geket alkotott szerte Eur\u00e1zsi\u00e1ban; elterjed\u00e9si ter\u00fclete az\u00f3ta k\u00e9t, elszigetelt term\u0151helyre zsugorodott: a himal\u00e1jai c\u00e9drus (mint neve is mutatja) a Himal\u00e1j\u00e1ban, a libanoni c\u00e9drus pedig a Mediterr\u00e1neumban \u00e9l \u2013 a h\u00e1rom alfaj egym\u00e1st\u00f3l is elszigetelt term\u0151helyeken, \u00fagy, hogy \u00e1llom\u00e1nyait er\u0151sen \u00f6sszezsugor\u00edtotta a fakitermel\u00e9s. \u00c9pp ez\u00e9rt egyesek szerint ezek val\u00f3j\u00e1ban egyetlen faj f\u00f6ldrajzilag elk\u00fcl\u00f6n\u00fclt popul\u00e1ci\u00f3i, m\u00edg m\u00e1sok term\u0151helyek szerint k\u00fcl\u00f6n-k\u00fcl\u00f6n fajokat k\u00fcl\u00f6nb\u00f6ztetnek meg.<\/span><\/p>\n<p>&nbsp;<\/p>\n<h2><span id=\"C\u00e9drus_a_kult\u00far\u00e1ban\" class=\"mw-headline\" style=\"color: #ffffff;\">C\u00e9drus a kult\u00far\u00e1ban<\/span><\/h2>\n<p><span style=\"color: #ffffff;\">Hossz\u00fa \u00e9let\u00fcknek, impoz\u00e1ns megjelen\u00e9s\u00fcknek \u00e9s kiv\u00e1l\u00f3 min\u0151s\u00e9g\u0171 f\u00e1juknak k\u00f6sz\u00f6nhet\u0151en valamennyi term\u0151hely\u00fck\u00f6n be\u00e9p\u00fcltek az ott \u00e9l\u0151 n\u00e9pek mitol\u00f3gi\u00e1j\u00e1ba (amint ezt az egyes fajokn\u00e1l ismertetj\u00fck). A Gilgames- eposzban a <b>C\u00e9drus-hegy<\/b>\u00a0egy mesebelien sz\u00e9p kert.<\/span><\/p>\n<p>&nbsp;<\/p>\n<p>T\u00f6rzsre oltott a n\u00f6v\u00e9ny teljes m\u00e9rete 30 cm magas \u00e9s 9 L-es cser\u00e9pben van<\/p>\n<p>&nbsp;<\/p>\n<p>Sz\u00e1ll\u00edt\u00e1s fut\u00e1rszolg\u00e1lattal 200 cm \u00e9s 40 Kg-ig lehets\u00e9ges, e felett egyedi aj\u00e1nlat sz\u00fcks\u00e9ges.<\/p>","protected":false},"excerpt":{"rendered":"<h1 class=\"product-page-heading\"><span class=\"product-page-product-name\">Cedrus deodara &#8216;Feelin Blue&#8217; \u2013 K\u00e9k ter\u00fcl\u0151 himal\u00e1jai c\u00e9drus<\/span><\/h1>\n<p>&nbsp;<\/p>\n<p><strong>A himal\u00e1jai c\u00e9drus egyik legk\u00fcl\u00f6nlegesebb fajt\u00e1ja, t\u00f6rpe, cs\u00fcng\u0151 \u00e1g\u00fa, lombsz\u00edne intenz\u00edv k\u00e9kessz\u00fcrke.<\/strong>Dekorat\u00edv, lassan n\u00f6vekv\u0151\u00a0 \u00f6r\u00f6kz\u00f6ld.\u00a0Szab\u00e1lytalan alak\u00fa talajtakar\u00f3.Kifejlett magass\u00e1ga 100-120 cm.Napos vagy f\u00e9l\u00e1rny\u00e9kos fekv\u00e9sbe is \u00fcltethet\u0151 fajta.<\/p>\n<p>Sz\u00e1razs\u00e1got j\u00f3l t\u0171ri.Napos, meleg fekv\u00e9st \u00e9s a savany\u00fa k\u00f6zeget kedveli.<span class=\"text_exposed_show\">\u00dcltethetj\u00fck kisebb kertekbe, el\u0151kertbe, nagyobb \u00e1gy\u00e1sba m\u00e1s lombhullat\u00f3 bokrokkal, de ak\u00e1r szoliternek is kiv\u00e1l\u00f3.Kl\u00edm\u00e1nkon t\u00f6k\u00e9letesen meg\u00e9l.<br \/>\nM\u00e9szmentes talajt kedvel.<\/span><\/p>","protected":false},"featured_media":3791,"template":"","meta":{"_et_pb_use_builder":"","_et_pb_old_content":"","_et_gb_content_width":""},"product_brand":[],"product_cat":[26],"product_tag":[1387,1385,778,1386],"class_list":{"0":"post-3790","1":"product","2":"type-product","3":"status-publish","4":"has-post-thumbnail","6":"product_cat-orokzold-novenyek","7":"product_tag-cedrus","8":"product_tag-cedrus-deodara-feelin-blue","9":"product_tag-himalajai","10":"product_tag-kek-terulo-himalajai-cedrus","12":"first","13":"instock","14":"shipping-taxable","15":"purchasable","16":"product-type-simple"},"yoast_head":"<!-- This site is optimized with the Yoast SEO plugin v27.3 - https:\/\/yoast.com\/product\/yoast-seo-wordpress\/ -->\n<title>Cedrus deodara &#039;Feelin Blue&#039; \u2013 K\u00e9k ter\u00fcl\u0151 himal\u00e1jai c\u00e9drus - T\u00e1jkert\u00e9sz<\/title>\n<meta name=\"description\" content=\"A Cedrus deodara &#039;Feelin Blue&#039; \u2013 K\u00e9k ter\u00fcl\u0151 himal\u00e1jai c\u00e9drus egyik legk\u00fcl\u00f6nlegesebb fajt\u00e1ja, t\u00f6rpe, cs\u00fcng\u0151 \u00e1g\u00fa, lombsz\u00edne intenz\u00edv\" \/>\n<meta name=\"robots\" content=\"index, follow, max-snippet:-1, max-image-preview:large, max-video-preview:-1\" \/>\n<link rel=\"canonical\" href=\"https:\/\/tajkertesz.com\/en_US\/product\/cedrus-deodara-feelin-blue-kek-terulo-himalajai-cedrus\/\" \/>\n<meta property=\"og:locale\" content=\"en_US\" \/>\n<meta property=\"og:type\" content=\"article\" \/>\n<meta property=\"og:title\" content=\"Cedrus deodara &#039;Feelin Blue&#039; \u2013 K\u00e9k ter\u00fcl\u0151 himal\u00e1jai c\u00e9drus - T\u00e1jkert\u00e9sz\" \/>\n<meta property=\"og:description\" content=\"A Cedrus deodara &#039;Feelin Blue&#039; \u2013 K\u00e9k ter\u00fcl\u0151 himal\u00e1jai c\u00e9drus egyik legk\u00fcl\u00f6nlegesebb fajt\u00e1ja, t\u00f6rpe, cs\u00fcng\u0151 \u00e1g\u00fa, lombsz\u00edne intenz\u00edv\" \/>\n<meta property=\"og:url\" content=\"https:\/\/tajkertesz.com\/en_US\/product\/cedrus-deodara-feelin-blue-kek-terulo-himalajai-cedrus\/\" \/>\n<meta property=\"og:site_name\" content=\"T\u00e1jkert\u00e9sz\" \/>\n<meta property=\"article:publisher\" content=\"https:\/\/www.facebook.com\/Tajkertesz\/\" \/>\n<meta property=\"article:modified_time\" content=\"2026-02-24T10:07:05+00:00\" \/>\n<meta property=\"og:image\" content=\"https:\/\/tajkertesz.com\/wp-content\/uploads\/2021\/04\/IMG_20210429_124213-cut-adjust-contrast_2pgpinio_1.jpg\" \/>\n\t<meta property=\"og:image:width\" content=\"917\" \/>\n\t<meta property=\"og:image:height\" content=\"900\" \/>\n\t<meta property=\"og:image:type\" content=\"image\/jpeg\" \/>\n<meta name=\"twitter:card\" content=\"summary_large_image\" \/>\n<meta name=\"twitter:label1\" content=\"Est. reading time\" \/>\n\t<meta name=\"twitter:data1\" content=\"1 minute\" \/>\n<script type=\"application\/ld+json\" class=\"yoast-schema-graph\">{\"@context\":\"https:\\\/\\\/schema.org\",\"@graph\":[{\"@type\":\"WebPage\",\"@id\":\"https:\\\/\\\/tajkertesz.com\\\/termek\\\/cedrus-deodara-feelin-blue-kek-terulo-himalajai-cedrus\\\/\",\"url\":\"https:\\\/\\\/tajkertesz.com\\\/termek\\\/cedrus-deodara-feelin-blue-kek-terulo-himalajai-cedrus\\\/\",\"name\":\"Cedrus deodara 'Feelin Blue' \u2013 K\u00e9k ter\u00fcl\u0151 himal\u00e1jai c\u00e9drus - T\u00e1jkert\u00e9sz\",\"isPartOf\":{\"@id\":\"https:\\\/\\\/tajkertesz.com\\\/#website\"},\"primaryImageOfPage\":{\"@id\":\"https:\\\/\\\/tajkertesz.com\\\/termek\\\/cedrus-deodara-feelin-blue-kek-terulo-himalajai-cedrus\\\/#primaryimage\"},\"image\":{\"@id\":\"https:\\\/\\\/tajkertesz.com\\\/termek\\\/cedrus-deodara-feelin-blue-kek-terulo-himalajai-cedrus\\\/#primaryimage\"},\"thumbnailUrl\":\"https:\\\/\\\/tajkertesz.com\\\/wp-content\\\/uploads\\\/2021\\\/04\\\/IMG_20210429_124213-cut-adjust-contrast_2pgpinio_1.jpg\",\"datePublished\":\"2021-04-29T12:43:47+00:00\",\"dateModified\":\"2026-02-24T10:07:05+00:00\",\"description\":\"A Cedrus deodara 'Feelin Blue' \u2013 K\u00e9k ter\u00fcl\u0151 himal\u00e1jai c\u00e9drus egyik legk\u00fcl\u00f6nlegesebb fajt\u00e1ja, t\u00f6rpe, cs\u00fcng\u0151 \u00e1g\u00fa, lombsz\u00edne intenz\u00edv\",\"breadcrumb\":{\"@id\":\"https:\\\/\\\/tajkertesz.com\\\/termek\\\/cedrus-deodara-feelin-blue-kek-terulo-himalajai-cedrus\\\/#breadcrumb\"},\"inLanguage\":\"en-US\",\"potentialAction\":[{\"@type\":\"ReadAction\",\"target\":[\"https:\\\/\\\/tajkertesz.com\\\/termek\\\/cedrus-deodara-feelin-blue-kek-terulo-himalajai-cedrus\\\/\"]}]},{\"@type\":\"ImageObject\",\"inLanguage\":\"en-US\",\"@id\":\"https:\\\/\\\/tajkertesz.com\\\/termek\\\/cedrus-deodara-feelin-blue-kek-terulo-himalajai-cedrus\\\/#primaryimage\",\"url\":\"https:\\\/\\\/tajkertesz.com\\\/wp-content\\\/uploads\\\/2021\\\/04\\\/IMG_20210429_124213-cut-adjust-contrast_2pgpinio_1.jpg\",\"contentUrl\":\"https:\\\/\\\/tajkertesz.com\\\/wp-content\\\/uploads\\\/2021\\\/04\\\/IMG_20210429_124213-cut-adjust-contrast_2pgpinio_1.jpg\",\"width\":917,\"height\":900},{\"@type\":\"BreadcrumbList\",\"@id\":\"https:\\\/\\\/tajkertesz.com\\\/termek\\\/cedrus-deodara-feelin-blue-kek-terulo-himalajai-cedrus\\\/#breadcrumb\",\"itemListElement\":[{\"@type\":\"ListItem\",\"position\":1,\"name\":\"Home\",\"item\":\"https:\\\/\\\/tajkertesz.com\\\/\"},{\"@type\":\"ListItem\",\"position\":2,\"name\":\"Kezd\u0151lap\",\"item\":\"https:\\\/\\\/tajkertesz.com\\\/\"},{\"@type\":\"ListItem\",\"position\":3,\"name\":\"Cedrus deodara &#8216;Feelin Blue&#8217; \u2013 K\u00e9k ter\u00fcl\u0151 himal\u00e1jai c\u00e9drus\"}]},{\"@type\":\"WebSite\",\"@id\":\"https:\\\/\\\/tajkertesz.com\\\/#website\",\"url\":\"https:\\\/\\\/tajkertesz.com\\\/\",\"name\":\"T\u00e1j-Kert\u00e9sz 84 Kft.\",\"description\":\"Kert\u00e9szeti kis- \u00e9s nagykeresked\u00e9s, D\u00edszn\u00f6v\u00e9ny web\u00e1ruh\u00e1z orsz\u00e1gos h\u00e1zhozsz\u00e1ll\u00edt\u00e1ssal!\",\"publisher\":{\"@id\":\"https:\\\/\\\/tajkertesz.com\\\/#organization\"},\"potentialAction\":[{\"@type\":\"SearchAction\",\"target\":{\"@type\":\"EntryPoint\",\"urlTemplate\":\"https:\\\/\\\/tajkertesz.com\\\/?s={search_term_string}\"},\"query-input\":{\"@type\":\"PropertyValueSpecification\",\"valueRequired\":true,\"valueName\":\"search_term_string\"}}],\"inLanguage\":\"en-US\"},{\"@type\":\"Organization\",\"@id\":\"https:\\\/\\\/tajkertesz.com\\\/#organization\",\"name\":\"T\u00e1j-Kert\u00e9sz 84 Kft.\",\"url\":\"https:\\\/\\\/tajkertesz.com\\\/\",\"logo\":{\"@type\":\"ImageObject\",\"inLanguage\":\"en-US\",\"@id\":\"https:\\\/\\\/tajkertesz.com\\\/#\\\/schema\\\/logo\\\/image\\\/\",\"url\":\"https:\\\/\\\/tajkertesz.com\\\/wp-content\\\/uploads\\\/2018\\\/02\\\/logo-2-e1518678052539.png\",\"contentUrl\":\"https:\\\/\\\/tajkertesz.com\\\/wp-content\\\/uploads\\\/2018\\\/02\\\/logo-2-e1518678052539.png\",\"width\":81,\"height\":140,\"caption\":\"T\u00e1j-Kert\u00e9sz 84 Kft.\"},\"image\":{\"@id\":\"https:\\\/\\\/tajkertesz.com\\\/#\\\/schema\\\/logo\\\/image\\\/\"},\"sameAs\":[\"https:\\\/\\\/www.facebook.com\\\/Tajkertesz\\\/\"]}]}<\/script>\n<!-- \/ Yoast SEO plugin. -->","yoast_head_json":{"title":"Cedrus deodara 'Feelin Blue' \u2013 K\u00e9k ter\u00fcl\u0151 himal\u00e1jai c\u00e9drus - T\u00e1jkert\u00e9sz","description":"A Cedrus deodara 'Feelin Blue' \u2013 K\u00e9k ter\u00fcl\u0151 himal\u00e1jai c\u00e9drus egyik legk\u00fcl\u00f6nlegesebb fajt\u00e1ja, t\u00f6rpe, cs\u00fcng\u0151 \u00e1g\u00fa, lombsz\u00edne intenz\u00edv","robots":{"index":"index","follow":"follow","max-snippet":"max-snippet:-1","max-image-preview":"max-image-preview:large","max-video-preview":"max-video-preview:-1"},"canonical":"https:\/\/tajkertesz.com\/en_US\/product\/cedrus-deodara-feelin-blue-kek-terulo-himalajai-cedrus\/","og_locale":"en_US","og_type":"article","og_title":"Cedrus deodara 'Feelin Blue' \u2013 K\u00e9k ter\u00fcl\u0151 himal\u00e1jai c\u00e9drus - T\u00e1jkert\u00e9sz","og_description":"A Cedrus deodara 'Feelin Blue' \u2013 K\u00e9k ter\u00fcl\u0151 himal\u00e1jai c\u00e9drus egyik legk\u00fcl\u00f6nlegesebb fajt\u00e1ja, t\u00f6rpe, cs\u00fcng\u0151 \u00e1g\u00fa, lombsz\u00edne intenz\u00edv","og_url":"https:\/\/tajkertesz.com\/en_US\/product\/cedrus-deodara-feelin-blue-kek-terulo-himalajai-cedrus\/","og_site_name":"T\u00e1jkert\u00e9sz","article_publisher":"https:\/\/www.facebook.com\/Tajkertesz\/","article_modified_time":"2026-02-24T10:07:05+00:00","og_image":[{"width":917,"height":900,"url":"https:\/\/tajkertesz.com\/wp-content\/uploads\/2021\/04\/IMG_20210429_124213-cut-adjust-contrast_2pgpinio_1.jpg","type":"image\/jpeg"}],"twitter_card":"summary_large_image","twitter_misc":{"Est. reading time":"1 minute"},"schema":{"@context":"https:\/\/schema.org","@graph":[{"@type":"WebPage","@id":"https:\/\/tajkertesz.com\/termek\/cedrus-deodara-feelin-blue-kek-terulo-himalajai-cedrus\/","url":"https:\/\/tajkertesz.com\/termek\/cedrus-deodara-feelin-blue-kek-terulo-himalajai-cedrus\/","name":"Cedrus deodara 'Feelin Blue' \u2013 K\u00e9k ter\u00fcl\u0151 himal\u00e1jai c\u00e9drus - T\u00e1jkert\u00e9sz","isPartOf":{"@id":"https:\/\/tajkertesz.com\/#website"},"primaryImageOfPage":{"@id":"https:\/\/tajkertesz.com\/termek\/cedrus-deodara-feelin-blue-kek-terulo-himalajai-cedrus\/#primaryimage"},"image":{"@id":"https:\/\/tajkertesz.com\/termek\/cedrus-deodara-feelin-blue-kek-terulo-himalajai-cedrus\/#primaryimage"},"thumbnailUrl":"https:\/\/tajkertesz.com\/wp-content\/uploads\/2021\/04\/IMG_20210429_124213-cut-adjust-contrast_2pgpinio_1.jpg","datePublished":"2021-04-29T12:43:47+00:00","dateModified":"2026-02-24T10:07:05+00:00","description":"A Cedrus deodara 'Feelin Blue' \u2013 K\u00e9k ter\u00fcl\u0151 himal\u00e1jai c\u00e9drus egyik legk\u00fcl\u00f6nlegesebb fajt\u00e1ja, t\u00f6rpe, cs\u00fcng\u0151 \u00e1g\u00fa, lombsz\u00edne intenz\u00edv","breadcrumb":{"@id":"https:\/\/tajkertesz.com\/termek\/cedrus-deodara-feelin-blue-kek-terulo-himalajai-cedrus\/#breadcrumb"},"inLanguage":"en-US","potentialAction":[{"@type":"ReadAction","target":["https:\/\/tajkertesz.com\/termek\/cedrus-deodara-feelin-blue-kek-terulo-himalajai-cedrus\/"]}]},{"@type":"ImageObject","inLanguage":"en-US","@id":"https:\/\/tajkertesz.com\/termek\/cedrus-deodara-feelin-blue-kek-terulo-himalajai-cedrus\/#primaryimage","url":"https:\/\/tajkertesz.com\/wp-content\/uploads\/2021\/04\/IMG_20210429_124213-cut-adjust-contrast_2pgpinio_1.jpg","contentUrl":"https:\/\/tajkertesz.com\/wp-content\/uploads\/2021\/04\/IMG_20210429_124213-cut-adjust-contrast_2pgpinio_1.jpg","width":917,"height":900},{"@type":"BreadcrumbList","@id":"https:\/\/tajkertesz.com\/termek\/cedrus-deodara-feelin-blue-kek-terulo-himalajai-cedrus\/#breadcrumb","itemListElement":[{"@type":"ListItem","position":1,"name":"Home","item":"https:\/\/tajkertesz.com\/"},{"@type":"ListItem","position":2,"name":"Kezd\u0151lap","item":"https:\/\/tajkertesz.com\/"},{"@type":"ListItem","position":3,"name":"Cedrus deodara &#8216;Feelin Blue&#8217; \u2013 K\u00e9k ter\u00fcl\u0151 himal\u00e1jai c\u00e9drus"}]},{"@type":"WebSite","@id":"https:\/\/tajkertesz.com\/#website","url":"https:\/\/tajkertesz.com\/","name":"T\u00e1j-Kert\u00e9sz 84 Kft.","description":"Kert\u00e9szeti kis- \u00e9s nagykeresked\u00e9s, D\u00edszn\u00f6v\u00e9ny web\u00e1ruh\u00e1z orsz\u00e1gos h\u00e1zhozsz\u00e1ll\u00edt\u00e1ssal!","publisher":{"@id":"https:\/\/tajkertesz.com\/#organization"},"potentialAction":[{"@type":"SearchAction","target":{"@type":"EntryPoint","urlTemplate":"https:\/\/tajkertesz.com\/?s={search_term_string}"},"query-input":{"@type":"PropertyValueSpecification","valueRequired":true,"valueName":"search_term_string"}}],"inLanguage":"en-US"},{"@type":"Organization","@id":"https:\/\/tajkertesz.com\/#organization","name":"T\u00e1j-Kert\u00e9sz 84 Kft.","url":"https:\/\/tajkertesz.com\/","logo":{"@type":"ImageObject","inLanguage":"en-US","@id":"https:\/\/tajkertesz.com\/#\/schema\/logo\/image\/","url":"https:\/\/tajkertesz.com\/wp-content\/uploads\/2018\/02\/logo-2-e1518678052539.png","contentUrl":"https:\/\/tajkertesz.com\/wp-content\/uploads\/2018\/02\/logo-2-e1518678052539.png","width":81,"height":140,"caption":"T\u00e1j-Kert\u00e9sz 84 Kft."},"image":{"@id":"https:\/\/tajkertesz.com\/#\/schema\/logo\/image\/"},"sameAs":["https:\/\/www.facebook.com\/Tajkertesz\/"]}]}},"_links":{"self":[{"href":"https:\/\/tajkertesz.com\/en_US\/wp-json\/wp\/v2\/product\/3790","targetHints":{"allow":["GET"]}}],"collection":[{"href":"https:\/\/tajkertesz.com\/en_US\/wp-json\/wp\/v2\/product"}],"about":[{"href":"https:\/\/tajkertesz.com\/en_US\/wp-json\/wp\/v2\/types\/product"}],"wp:featuredmedia":[{"embeddable":true,"href":"https:\/\/tajkertesz.com\/en_US\/wp-json\/wp\/v2\/media\/3791"}],"wp:attachment":[{"href":"https:\/\/tajkertesz.com\/en_US\/wp-json\/wp\/v2\/media?parent=3790"}],"wp:term":[{"taxonomy":"product_brand","embeddable":true,"href":"https:\/\/tajkertesz.com\/en_US\/wp-json\/wp\/v2\/product_brand?post=3790"},{"taxonomy":"product_cat","embeddable":true,"href":"https:\/\/tajkertesz.com\/en_US\/wp-json\/wp\/v2\/product_cat?post=3790"},{"taxonomy":"product_tag","embeddable":true,"href":"https:\/\/tajkertesz.com\/en_US\/wp-json\/wp\/v2\/product_tag?post=3790"}],"curies":[{"name":"wp","href":"https:\/\/api.w.org\/{rel}","templated":true}]}}