{"id":3828,"date":"2021-05-03T06:59:20","date_gmt":"2021-05-03T06:59:20","guid":{"rendered":"https:\/\/tajkertesz.com\/?post_type=product&#038;p=3828"},"modified":"2026-02-17T14:27:53","modified_gmt":"2026-02-17T14:27:53","slug":"kovacsolt-vas-viragtarto-5-tartos","status":"publish","type":"product","link":"https:\/\/tajkertesz.com\/en_US\/product\/kovacsolt-vas-viragtarto-5-tartos\/","title":{"rendered":"Kov\u00e1csolt vas vir\u00e1gtart\u00f3 5 tart\u00f3s 24-500-11"},"content":{"rendered":"<h3>Kov\u00e1csolt vas vir\u00e1gtart\u00f3 5 tart\u00f3s<\/h3>\n<p>Kov\u00e1csolt vas vir\u00e1gtart\u00f3 5 tart\u00f3s kiv\u00e1l\u00f3 min\u0151s\u00e9g\u0171, kov\u00e1csolt vas term\u00e9k, magyar gy\u00e1rtm\u00e1ny. Fekete sz\u00ednben kaphat\u00f3, ami illeszkedik b\u00e1rmely lak\u00e1sba. K\u00fclt\u00e9ri , belt\u00e9ri haszn\u00e1latra egyar\u00e1nt alkalmas. Strapab\u00edr\u00f3 anyagb\u00f3l, 1 vagy ak\u00e1r t\u00f6bb n\u00f6v\u00e9nynek kialak\u00edtott tart\u00f3 r\u00e9sszel.<\/p>\n<p><a href=\"https:\/\/www.facebook.com\/tajkertesz\">https:\/\/www.facebook.com\/tajkertesz<\/a><\/p>\n<p><a href=\"https:\/\/tajkertesz.com\/\">https:\/\/tajkertesz.com\/<\/a><\/p>\n<p>Jelen term\u00e9k\u00fcnk kb. 77,5 cm magas , teljes sz\u00e9less\u00e9ge kb. 63 cm<\/p>\n<p>Sz\u00e1ll\u00edt\u00e1s fut\u00e1rszolg\u00e1lattal 200 cm-ig, illetve 40 kg-ig lehets\u00e9ges.<\/p>\n<p><span style=\"color: #ffffff;\">A meleg \u00e1gy\u00e1s val\u00f3j\u00e1ban nem m\u00e1s mint egy vastag tr\u00e1gyar\u00e9teg besz\u00f3rva valamennyi f\u00f6lddel. A meleg\u00e1gy tr\u00e1gyakever\u00e9ke att\u00f3l f\u00fcgg milyen id\u0151tartamra k\u00e9ri a meleget a rajta termeszteni k\u00edv\u00e1nt n\u00f6v\u00e9nykult\u00fara. A l\u00f3tr\u00e1gya hirtelen ad sok meleget. Ez\u00e9rt ezt t\u00e9l v\u00e9ge fel\u00e9 alkalmazt\u00e1k. A marhatr\u00e1gya lassan ad kevesebb meleget, de huzamosabb ideig. A l\u00f3 \u00e9s szarvasmarha tr\u00e1gya kever\u00e9k\u00e9t annak megfelel\u0151en kevert\u00e9k be hogy t\u00f6bb meleg kellett hirtelen, vagy kevesebb meleg hosszabb t\u00e1von. Ha kev\u00e9s a szerves tr\u00e1gya a meleg\u00e1gy al\u00e1, akkor p\u00f3tolhat\u00f3 szalm\u00e1val, \u00e9s m\u0171tr\u00e1gy\u00e1val. A meleg\u00e1gy minden esetben fedhet\u0151 az \u00e9jjeli leh\u0171l\u00e9s megakad\u00e1lyoz\u00e1s\u00e1ra.A meleg \u00e1gy\u00e1s val\u00f3j\u00e1ban nem m\u00e1s mint egy vastag tr\u00e1gyar\u00e9teg besz\u00f3rva valamennyi f\u00f6lddel. A meleg\u00e1gy tr\u00e1gyakever\u00e9ke att\u00f3l f\u00fcgg milyen id\u0151tartamra k\u00e9ri a meleget a rajta termeszteni k\u00edv\u00e1nt n\u00f6v\u00e9nykult\u00fara. A l\u00f3tr\u00e1gya hirtelen ad sok meleget. Ez\u00e9rt ezt t\u00e9l v\u00e9ge fel\u00e9 alkalmazt\u00e1k. A marhatr\u00e1gya lassan ad kevesebb meleget, de huzamosabb ideig. A l\u00f3 \u00e9s szarvasmarha tr\u00e1gya kever\u00e9k\u00e9t annak megfelel\u0151en kevert\u00e9k be hogy t\u00f6bb meleg kellett hirtelen, vagy kevesebb meleg hosszabb t\u00e1von. Ha kev\u00e9s a szerves tr\u00e1gya a meleg\u00e1gy al\u00e1, akkor p\u00f3tolhat\u00f3 szalm\u00e1val, \u00e9s m\u0171tr\u00e1gy\u00e1val. A meleg\u00e1gy minden esetben fedhet\u0151 az \u00e9jjeli leh\u0171l\u00e9s megakad\u00e1lyoz\u00e1s\u00e1ra.<\/span><\/p>\n<p>&nbsp;<\/p>","protected":false},"excerpt":{"rendered":"<h3>Kov\u00e1csolt vas vir\u00e1gtart\u00f3 5 tart\u00f3s<\/h3>\n<p>Kov\u00e1csolt vas vir\u00e1gtart\u00f3 5 tart\u00f3s kiv\u00e1l\u00f3 min\u0151s\u00e9g\u0171, kov\u00e1csolt vas term\u00e9k, magyar gy\u00e1rtm\u00e1ny. Fekete sz\u00ednben kaphat\u00f3, ami illeszkedik b\u00e1rmely lak\u00e1sba. K\u00fclt\u00e9ri , belt\u00e9ri haszn\u00e1latra egyar\u00e1nt alkalmas. Strapab\u00edr\u00f3 anyagb\u00f3l, 1 vagy ak\u00e1r t\u00f6bb n\u00f6v\u00e9nynek kialak\u00edtott tart\u00f3 r\u00e9sszel.<\/p>","protected":false},"featured_media":3818,"template":"","meta":{"_et_pb_use_builder":"","_et_pb_old_content":"","_et_gb_content_width":""},"product_brand":[],"product_cat":[1388],"product_tag":[1391,1389,1390,1393,1392],"class_list":{"0":"post-3828","1":"product","2":"type-product","3":"status-publish","4":"has-post-thumbnail","6":"product_cat-viragtartok-viragallvanyok","7":"product_tag-kovacsolt","8":"product_tag-kovacsolt-vas","9":"product_tag-vas","10":"product_tag-viragallvany","11":"product_tag-viragtarto","13":"first","14":"instock","15":"shipping-taxable","16":"purchasable","17":"product-type-simple"},"yoast_head":"<!-- This site is optimized with the Yoast SEO plugin v27.3 - https:\/\/yoast.com\/product\/yoast-seo-wordpress\/ -->\n<title>Kov\u00e1csolt vas vir\u00e1gtart\u00f3 5 tart\u00f3s 24-500-11 - T\u00e1jkert\u00e9sz<\/title>\n<meta name=\"description\" content=\"Kov\u00e1csolt vas vir\u00e1gtart\u00f3 5 tart\u00f3s kiv\u00e1l\u00f3 min\u0151s\u00e9g\u0171, kov\u00e1csolt vas term\u00e9k magyar gy\u00e1rtm\u00e1ny. Fekete sz\u00ednben kaphat\u00f3, ami illeszkedik b\u00e1rmely\" \/>\n<meta name=\"robots\" content=\"index, follow, max-snippet:-1, max-image-preview:large, max-video-preview:-1\" \/>\n<link rel=\"canonical\" href=\"https:\/\/tajkertesz.com\/en_US\/product\/kovacsolt-vas-viragtarto-5-tartos\/\" \/>\n<meta property=\"og:locale\" content=\"en_US\" \/>\n<meta property=\"og:type\" content=\"article\" \/>\n<meta property=\"og:title\" content=\"Kov\u00e1csolt vas vir\u00e1gtart\u00f3 5 tart\u00f3s 24-500-11 - T\u00e1jkert\u00e9sz\" \/>\n<meta property=\"og:description\" content=\"Kov\u00e1csolt vas vir\u00e1gtart\u00f3 5 tart\u00f3s kiv\u00e1l\u00f3 min\u0151s\u00e9g\u0171, kov\u00e1csolt vas term\u00e9k magyar gy\u00e1rtm\u00e1ny. Fekete sz\u00ednben kaphat\u00f3, ami illeszkedik b\u00e1rmely\" \/>\n<meta property=\"og:url\" content=\"https:\/\/tajkertesz.com\/en_US\/product\/kovacsolt-vas-viragtarto-5-tartos\/\" \/>\n<meta property=\"og:site_name\" content=\"T\u00e1jkert\u00e9sz\" \/>\n<meta property=\"article:publisher\" content=\"https:\/\/www.facebook.com\/Tajkertesz\/\" \/>\n<meta property=\"article:modified_time\" content=\"2026-02-17T14:27:53+00:00\" \/>\n<meta property=\"og:image\" content=\"https:\/\/tajkertesz.com\/wp-content\/uploads\/2021\/05\/IMG_20210430_140541-cut-adjust-contrast_25sinaxh_1-744x1024.png\" \/>\n\t<meta property=\"og:image:width\" content=\"744\" \/>\n\t<meta property=\"og:image:height\" content=\"1024\" \/>\n\t<meta property=\"og:image:type\" content=\"image\/png\" \/>\n<meta name=\"twitter:card\" content=\"summary_large_image\" \/>\n<meta name=\"twitter:label1\" content=\"Est. reading time\" \/>\n\t<meta name=\"twitter:data1\" content=\"2 minutes\" \/>\n<script type=\"application\/ld+json\" class=\"yoast-schema-graph\">{\"@context\":\"https:\\\/\\\/schema.org\",\"@graph\":[{\"@type\":\"WebPage\",\"@id\":\"https:\\\/\\\/tajkertesz.com\\\/termek\\\/kovacsolt-vas-viragtarto-5-tartos\\\/\",\"url\":\"https:\\\/\\\/tajkertesz.com\\\/termek\\\/kovacsolt-vas-viragtarto-5-tartos\\\/\",\"name\":\"Kov\u00e1csolt vas vir\u00e1gtart\u00f3 5 tart\u00f3s 24-500-11 - T\u00e1jkert\u00e9sz\",\"isPartOf\":{\"@id\":\"https:\\\/\\\/tajkertesz.com\\\/#website\"},\"primaryImageOfPage\":{\"@id\":\"https:\\\/\\\/tajkertesz.com\\\/termek\\\/kovacsolt-vas-viragtarto-5-tartos\\\/#primaryimage\"},\"image\":{\"@id\":\"https:\\\/\\\/tajkertesz.com\\\/termek\\\/kovacsolt-vas-viragtarto-5-tartos\\\/#primaryimage\"},\"thumbnailUrl\":\"https:\\\/\\\/tajkertesz.com\\\/wp-content\\\/uploads\\\/2021\\\/05\\\/IMG_20210430_140541-cut-adjust-contrast_25sinaxh_1.png\",\"datePublished\":\"2021-05-03T06:59:20+00:00\",\"dateModified\":\"2026-02-17T14:27:53+00:00\",\"description\":\"Kov\u00e1csolt vas vir\u00e1gtart\u00f3 5 tart\u00f3s kiv\u00e1l\u00f3 min\u0151s\u00e9g\u0171, kov\u00e1csolt vas term\u00e9k magyar gy\u00e1rtm\u00e1ny. Fekete sz\u00ednben kaphat\u00f3, ami illeszkedik b\u00e1rmely\",\"breadcrumb\":{\"@id\":\"https:\\\/\\\/tajkertesz.com\\\/termek\\\/kovacsolt-vas-viragtarto-5-tartos\\\/#breadcrumb\"},\"inLanguage\":\"en-US\",\"potentialAction\":[{\"@type\":\"ReadAction\",\"target\":[\"https:\\\/\\\/tajkertesz.com\\\/termek\\\/kovacsolt-vas-viragtarto-5-tartos\\\/\"]}]},{\"@type\":\"ImageObject\",\"inLanguage\":\"en-US\",\"@id\":\"https:\\\/\\\/tajkertesz.com\\\/termek\\\/kovacsolt-vas-viragtarto-5-tartos\\\/#primaryimage\",\"url\":\"https:\\\/\\\/tajkertesz.com\\\/wp-content\\\/uploads\\\/2021\\\/05\\\/IMG_20210430_140541-cut-adjust-contrast_25sinaxh_1.png\",\"contentUrl\":\"https:\\\/\\\/tajkertesz.com\\\/wp-content\\\/uploads\\\/2021\\\/05\\\/IMG_20210430_140541-cut-adjust-contrast_25sinaxh_1.png\",\"width\":2448,\"height\":3371},{\"@type\":\"BreadcrumbList\",\"@id\":\"https:\\\/\\\/tajkertesz.com\\\/termek\\\/kovacsolt-vas-viragtarto-5-tartos\\\/#breadcrumb\",\"itemListElement\":[{\"@type\":\"ListItem\",\"position\":1,\"name\":\"Home\",\"item\":\"https:\\\/\\\/tajkertesz.com\\\/\"},{\"@type\":\"ListItem\",\"position\":2,\"name\":\"Kezd\u0151lap\",\"item\":\"https:\\\/\\\/tajkertesz.com\\\/\"},{\"@type\":\"ListItem\",\"position\":3,\"name\":\"Kov\u00e1csolt vas vir\u00e1gtart\u00f3 5 tart\u00f3s 24-500-11\"}]},{\"@type\":\"WebSite\",\"@id\":\"https:\\\/\\\/tajkertesz.com\\\/#website\",\"url\":\"https:\\\/\\\/tajkertesz.com\\\/\",\"name\":\"T\u00e1j-Kert\u00e9sz 84 Kft.\",\"description\":\"Kert\u00e9szeti kis- \u00e9s nagykeresked\u00e9s, D\u00edszn\u00f6v\u00e9ny web\u00e1ruh\u00e1z orsz\u00e1gos h\u00e1zhozsz\u00e1ll\u00edt\u00e1ssal!\",\"publisher\":{\"@id\":\"https:\\\/\\\/tajkertesz.com\\\/#organization\"},\"potentialAction\":[{\"@type\":\"SearchAction\",\"target\":{\"@type\":\"EntryPoint\",\"urlTemplate\":\"https:\\\/\\\/tajkertesz.com\\\/?s={search_term_string}\"},\"query-input\":{\"@type\":\"PropertyValueSpecification\",\"valueRequired\":true,\"valueName\":\"search_term_string\"}}],\"inLanguage\":\"en-US\"},{\"@type\":\"Organization\",\"@id\":\"https:\\\/\\\/tajkertesz.com\\\/#organization\",\"name\":\"T\u00e1j-Kert\u00e9sz 84 Kft.\",\"url\":\"https:\\\/\\\/tajkertesz.com\\\/\",\"logo\":{\"@type\":\"ImageObject\",\"inLanguage\":\"en-US\",\"@id\":\"https:\\\/\\\/tajkertesz.com\\\/#\\\/schema\\\/logo\\\/image\\\/\",\"url\":\"https:\\\/\\\/tajkertesz.com\\\/wp-content\\\/uploads\\\/2018\\\/02\\\/logo-2-e1518678052539.png\",\"contentUrl\":\"https:\\\/\\\/tajkertesz.com\\\/wp-content\\\/uploads\\\/2018\\\/02\\\/logo-2-e1518678052539.png\",\"width\":81,\"height\":140,\"caption\":\"T\u00e1j-Kert\u00e9sz 84 Kft.\"},\"image\":{\"@id\":\"https:\\\/\\\/tajkertesz.com\\\/#\\\/schema\\\/logo\\\/image\\\/\"},\"sameAs\":[\"https:\\\/\\\/www.facebook.com\\\/Tajkertesz\\\/\"]}]}<\/script>\n<!-- \/ Yoast SEO plugin. -->","yoast_head_json":{"title":"Kov\u00e1csolt vas vir\u00e1gtart\u00f3 5 tart\u00f3s 24-500-11 - T\u00e1jkert\u00e9sz","description":"Kov\u00e1csolt vas vir\u00e1gtart\u00f3 5 tart\u00f3s kiv\u00e1l\u00f3 min\u0151s\u00e9g\u0171, kov\u00e1csolt vas term\u00e9k magyar gy\u00e1rtm\u00e1ny. Fekete sz\u00ednben kaphat\u00f3, ami illeszkedik b\u00e1rmely","robots":{"index":"index","follow":"follow","max-snippet":"max-snippet:-1","max-image-preview":"max-image-preview:large","max-video-preview":"max-video-preview:-1"},"canonical":"https:\/\/tajkertesz.com\/en_US\/product\/kovacsolt-vas-viragtarto-5-tartos\/","og_locale":"en_US","og_type":"article","og_title":"Kov\u00e1csolt vas vir\u00e1gtart\u00f3 5 tart\u00f3s 24-500-11 - T\u00e1jkert\u00e9sz","og_description":"Kov\u00e1csolt vas vir\u00e1gtart\u00f3 5 tart\u00f3s kiv\u00e1l\u00f3 min\u0151s\u00e9g\u0171, kov\u00e1csolt vas term\u00e9k magyar gy\u00e1rtm\u00e1ny. Fekete sz\u00ednben kaphat\u00f3, ami illeszkedik b\u00e1rmely","og_url":"https:\/\/tajkertesz.com\/en_US\/product\/kovacsolt-vas-viragtarto-5-tartos\/","og_site_name":"T\u00e1jkert\u00e9sz","article_publisher":"https:\/\/www.facebook.com\/Tajkertesz\/","article_modified_time":"2026-02-17T14:27:53+00:00","og_image":[{"width":744,"height":1024,"url":"https:\/\/tajkertesz.com\/wp-content\/uploads\/2021\/05\/IMG_20210430_140541-cut-adjust-contrast_25sinaxh_1-744x1024.png","type":"image\/png"}],"twitter_card":"summary_large_image","twitter_misc":{"Est. reading time":"2 minutes"},"schema":{"@context":"https:\/\/schema.org","@graph":[{"@type":"WebPage","@id":"https:\/\/tajkertesz.com\/termek\/kovacsolt-vas-viragtarto-5-tartos\/","url":"https:\/\/tajkertesz.com\/termek\/kovacsolt-vas-viragtarto-5-tartos\/","name":"Kov\u00e1csolt vas vir\u00e1gtart\u00f3 5 tart\u00f3s 24-500-11 - T\u00e1jkert\u00e9sz","isPartOf":{"@id":"https:\/\/tajkertesz.com\/#website"},"primaryImageOfPage":{"@id":"https:\/\/tajkertesz.com\/termek\/kovacsolt-vas-viragtarto-5-tartos\/#primaryimage"},"image":{"@id":"https:\/\/tajkertesz.com\/termek\/kovacsolt-vas-viragtarto-5-tartos\/#primaryimage"},"thumbnailUrl":"https:\/\/tajkertesz.com\/wp-content\/uploads\/2021\/05\/IMG_20210430_140541-cut-adjust-contrast_25sinaxh_1.png","datePublished":"2021-05-03T06:59:20+00:00","dateModified":"2026-02-17T14:27:53+00:00","description":"Kov\u00e1csolt vas vir\u00e1gtart\u00f3 5 tart\u00f3s kiv\u00e1l\u00f3 min\u0151s\u00e9g\u0171, kov\u00e1csolt vas term\u00e9k magyar gy\u00e1rtm\u00e1ny. Fekete sz\u00ednben kaphat\u00f3, ami illeszkedik b\u00e1rmely","breadcrumb":{"@id":"https:\/\/tajkertesz.com\/termek\/kovacsolt-vas-viragtarto-5-tartos\/#breadcrumb"},"inLanguage":"en-US","potentialAction":[{"@type":"ReadAction","target":["https:\/\/tajkertesz.com\/termek\/kovacsolt-vas-viragtarto-5-tartos\/"]}]},{"@type":"ImageObject","inLanguage":"en-US","@id":"https:\/\/tajkertesz.com\/termek\/kovacsolt-vas-viragtarto-5-tartos\/#primaryimage","url":"https:\/\/tajkertesz.com\/wp-content\/uploads\/2021\/05\/IMG_20210430_140541-cut-adjust-contrast_25sinaxh_1.png","contentUrl":"https:\/\/tajkertesz.com\/wp-content\/uploads\/2021\/05\/IMG_20210430_140541-cut-adjust-contrast_25sinaxh_1.png","width":2448,"height":3371},{"@type":"BreadcrumbList","@id":"https:\/\/tajkertesz.com\/termek\/kovacsolt-vas-viragtarto-5-tartos\/#breadcrumb","itemListElement":[{"@type":"ListItem","position":1,"name":"Home","item":"https:\/\/tajkertesz.com\/"},{"@type":"ListItem","position":2,"name":"Kezd\u0151lap","item":"https:\/\/tajkertesz.com\/"},{"@type":"ListItem","position":3,"name":"Kov\u00e1csolt vas vir\u00e1gtart\u00f3 5 tart\u00f3s 24-500-11"}]},{"@type":"WebSite","@id":"https:\/\/tajkertesz.com\/#website","url":"https:\/\/tajkertesz.com\/","name":"T\u00e1j-Kert\u00e9sz 84 Kft.","description":"Kert\u00e9szeti kis- \u00e9s nagykeresked\u00e9s, D\u00edszn\u00f6v\u00e9ny web\u00e1ruh\u00e1z orsz\u00e1gos h\u00e1zhozsz\u00e1ll\u00edt\u00e1ssal!","publisher":{"@id":"https:\/\/tajkertesz.com\/#organization"},"potentialAction":[{"@type":"SearchAction","target":{"@type":"EntryPoint","urlTemplate":"https:\/\/tajkertesz.com\/?s={search_term_string}"},"query-input":{"@type":"PropertyValueSpecification","valueRequired":true,"valueName":"search_term_string"}}],"inLanguage":"en-US"},{"@type":"Organization","@id":"https:\/\/tajkertesz.com\/#organization","name":"T\u00e1j-Kert\u00e9sz 84 Kft.","url":"https:\/\/tajkertesz.com\/","logo":{"@type":"ImageObject","inLanguage":"en-US","@id":"https:\/\/tajkertesz.com\/#\/schema\/logo\/image\/","url":"https:\/\/tajkertesz.com\/wp-content\/uploads\/2018\/02\/logo-2-e1518678052539.png","contentUrl":"https:\/\/tajkertesz.com\/wp-content\/uploads\/2018\/02\/logo-2-e1518678052539.png","width":81,"height":140,"caption":"T\u00e1j-Kert\u00e9sz 84 Kft."},"image":{"@id":"https:\/\/tajkertesz.com\/#\/schema\/logo\/image\/"},"sameAs":["https:\/\/www.facebook.com\/Tajkertesz\/"]}]}},"_links":{"self":[{"href":"https:\/\/tajkertesz.com\/en_US\/wp-json\/wp\/v2\/product\/3828","targetHints":{"allow":["GET"]}}],"collection":[{"href":"https:\/\/tajkertesz.com\/en_US\/wp-json\/wp\/v2\/product"}],"about":[{"href":"https:\/\/tajkertesz.com\/en_US\/wp-json\/wp\/v2\/types\/product"}],"wp:featuredmedia":[{"embeddable":true,"href":"https:\/\/tajkertesz.com\/en_US\/wp-json\/wp\/v2\/media\/3818"}],"wp:attachment":[{"href":"https:\/\/tajkertesz.com\/en_US\/wp-json\/wp\/v2\/media?parent=3828"}],"wp:term":[{"taxonomy":"product_brand","embeddable":true,"href":"https:\/\/tajkertesz.com\/en_US\/wp-json\/wp\/v2\/product_brand?post=3828"},{"taxonomy":"product_cat","embeddable":true,"href":"https:\/\/tajkertesz.com\/en_US\/wp-json\/wp\/v2\/product_cat?post=3828"},{"taxonomy":"product_tag","embeddable":true,"href":"https:\/\/tajkertesz.com\/en_US\/wp-json\/wp\/v2\/product_tag?post=3828"}],"curies":[{"name":"wp","href":"https:\/\/api.w.org\/{rel}","templated":true}]}}