{"id":3937,"date":"2021-05-03T11:24:47","date_gmt":"2021-05-03T11:24:47","guid":{"rendered":"https:\/\/tajkertesz.com\/?post_type=product&#038;p=3937"},"modified":"2026-02-25T15:07:09","modified_gmt":"2026-02-25T15:07:09","slug":"diszkavics-marmorkiesel-veronarot-voroses-barna-40-60-mm","status":"publish","type":"product","link":"https:\/\/tajkertesz.com\/en_US\/product\/diszkavics-marmorkiesel-veronarot-voroses-barna-40-60-mm\/","title":{"rendered":"D\u00edszkavics Marmorkiesel Veronarot v\u00f6r\u00f6ses barna 40-60 mm"},"content":{"rendered":"<h3>D\u00edszkavics Marmorkiesel Veronarot v\u00f6r\u00f6ses barna 40-60 mm<\/h3>\n<p>Marmorkiesel Veronarot v\u00f6r\u00f6ses barna 40-60 mm k\u0151 kiv\u00e1l\u00f3 min\u0151s\u00e9g\u0171, kell\u0151 odafigyel\u00e9ssel \u00e9s k\u00f6rnyezetbar\u00e1t m\u00f3don b\u00e1ny\u00e1szott k\u0151. Sokf\u00e9le felhaszn\u00e1l\u00e1si ter\u00fclete van, mind a kert\u00e1p\u00edt\u00e9sben, dekor\u00e1ci\u00f3ban, v\u00edzelvezet\u00e9sben is kiv\u00e1l\u00f3ak.<\/p>\n<p><a href=\"https:\/\/www.facebook.com\/tajkertesz\">https:\/\/www.facebook.com\/tajkertesz<\/a><\/p>\n<p><a href=\"https:\/\/tajkertesz.com\/\">https:\/\/tajkertesz.com\/<\/a><\/p>\n<div id=\"bodyContent\" class=\"mw-body-content\">\n<div id=\"mw-content-text\" class=\"mw-content-ltr\" dir=\"ltr\" lang=\"hu\"><\/div>\n<\/div>\n<p>&nbsp;<\/p>\n<p><strong>S\u00falya miatt csak szem\u00e9lyes \u00e1tv\u00e9tellel vagy pedig egyedi sz\u00e1ll\u00edt\u00e1si m\u00f3ddal \u00e9s \u00e1rral lehet k\u00e9rni.<\/strong><\/p>\n<p><b>K\u00e9szlet\u00fcnk napi szinten v\u00e1ltozik, ez\u00e9rt k\u00e9rj\u00fck, \u00e9rdekl\u0151dj\u00f6n szem\u00e9lyesen, telefonon vagy email-en.<br \/>\nA v\u00e1ltoztat\u00e1s jog\u00e1t fenntartjuk!<\/b><\/p>\n<p>&nbsp;<\/p>","protected":false},"excerpt":{"rendered":"<h3>Marmorkiesel Veronarot v\u00f6r\u00f6ses barna 40-60 mm k\u0151<\/h3>\n<p>Marmorkiesel Veronarot v\u00f6r\u00f6ses barna 40-60 mm k\u0151 kiv\u00e1l\u00f3 min\u0151s\u00e9g\u0171&#8230;<\/p>\n<p>25kg.<\/p>\n<div id=\"bodyContent\" class=\"mw-body-content\">\n<div id=\"mw-content-text\" class=\"mw-content-ltr\" dir=\"ltr\" lang=\"hu\">\n<div id=\"bodyContent\" class=\"mw-body-content\">\n<div id=\"mw-content-text\" class=\"mw-content-ltr\" dir=\"ltr\" lang=\"hu\">\n<p><b>K\u00e9szlet\u00fcnk napi szinten v\u00e1ltozik, ez\u00e9rt k\u00e9rj\u00fck, \u00e9rdekl\u0151dj\u00f6n szem\u00e9lyesen, telefonon vagy email-en.<\/b><\/p>\n<p>Term\u00e9keinket szem\u00e9lyesen is \u00e1tveheti a h\u00e9t minden napj\u00e1n nyitvatart\u00e1si id\u0151ben!<\/p>\n<h3>Kisz\u00e1ll\u00edt\u00e1s: 200 cm \u00e9s 40 kg-ig a sz\u00e1ll\u00edt\u00e1s fut\u00e1rszolg\u00e1lattal t\u00f6rt\u00e9nik, 40kg felett egyedi \u00e1rral v\u00e1llaljuk a kisz\u00e1ll\u00edt\u00e1st!<\/h3>\n<\/div>\n<\/div>\n<\/div>\n<\/div>\n<h4><b>A v\u00e1ltoztat\u00e1s jog\u00e1t fenntartjuk!\u00a0<\/b><\/h4>\n<p>&nbsp;<\/p>","protected":false},"featured_media":3938,"template":"","meta":{"_et_pb_use_builder":"","_et_pb_old_content":"","_et_gb_content_width":""},"product_brand":[],"product_cat":[1402],"product_tag":[1407,1404,1406,1405,1403],"class_list":{"0":"post-3937","1":"product","2":"type-product","3":"status-publish","4":"has-post-thumbnail","6":"product_cat-diszkovek-kavicsok-homokozo-homok-min2c","7":"product_tag-diszkavics","8":"product_tag-diszko","9":"product_tag-kavics","10":"product_tag-ko","11":"product_tag-min2c","13":"first","14":"instock","15":"shipping-taxable","16":"purchasable","17":"product-type-simple"},"yoast_head":"<!-- This site is optimized with the Yoast SEO plugin v27.5 - https:\/\/yoast.com\/product\/yoast-seo-wordpress\/ -->\n<title>D\u00edszkavics Marmorkiesel Veronarot v\u00f6r\u00f6ses barna 40-60 mm - T\u00e1jkert\u00e9sz<\/title>\n<meta name=\"description\" content=\"D\u00edszkavics Marmorkiesel Veronarot v\u00f6r\u00f6ses barna 40-60 mm kiv\u00e1l\u00f3 min\u0151s\u00e9g\u0171, kell\u0151 odafigyel\u00e9ssel \u00e9s k\u00f6rnyezetbar\u00e1t m\u00f3don b\u00e1ny\u00e1szott k\u0151.\" \/>\n<meta name=\"robots\" content=\"index, follow, max-snippet:-1, max-image-preview:large, max-video-preview:-1\" \/>\n<link rel=\"canonical\" href=\"https:\/\/tajkertesz.com\/en_US\/product\/diszkavics-marmorkiesel-veronarot-voroses-barna-40-60-mm\/\" \/>\n<meta property=\"og:locale\" content=\"en_US\" \/>\n<meta property=\"og:type\" content=\"article\" \/>\n<meta property=\"og:title\" content=\"https:\/\/www.facebook.com\/tajkertesz\/\" \/>\n<meta property=\"og:description\" content=\"Marmorkiesel Veronarot v\u00f6r\u00f6ses barna 40-60 mm k\u0151 kiv\u00e1l\u00f3 min\u0151s\u00e9g\u0171, kell\u0151 odafigyel\u00e9ssel \u00e9s k\u00f6rnyezetbar\u00e1t m\u00f3don b\u00e1ny\u00e1szott k\u0151. Sokf\u00e9le felhaszn\u00e1l\u00e1si ter\u00fclete van, mind a kert\u00e1p\u00edt\u00e9sben, dekor\u00e1ci\u00f3ban, v\u00edzelvezet\u00e9sben is kiv\u00e1l\u00f3ak.\" \/>\n<meta property=\"og:url\" content=\"https:\/\/tajkertesz.com\/en_US\/product\/diszkavics-marmorkiesel-veronarot-voroses-barna-40-60-mm\/\" \/>\n<meta property=\"og:site_name\" content=\"T\u00e1jkert\u00e9sz\" \/>\n<meta property=\"article:publisher\" content=\"https:\/\/www.facebook.com\/Tajkertesz\/\" \/>\n<meta property=\"article:modified_time\" content=\"2026-02-25T15:07:09+00:00\" \/>\n<meta property=\"og:image\" content=\"https:\/\/tajkertesz.com\/wp-content\/uploads\/2021\/05\/4-2.png\" \/>\n\t<meta property=\"og:image:width\" content=\"1920\" \/>\n\t<meta property=\"og:image:height\" content=\"1593\" \/>\n\t<meta property=\"og:image:type\" content=\"image\/png\" \/>\n<meta name=\"twitter:card\" content=\"summary_large_image\" \/>\n<meta name=\"twitter:label1\" content=\"Est. reading time\" \/>\n\t<meta name=\"twitter:data1\" content=\"1 minute\" \/>\n<script type=\"application\/ld+json\" class=\"yoast-schema-graph\">{\"@context\":\"https:\\\/\\\/schema.org\",\"@graph\":[{\"@type\":\"WebPage\",\"@id\":\"https:\\\/\\\/tajkertesz.com\\\/termek\\\/diszkavics-marmorkiesel-veronarot-voroses-barna-40-60-mm\\\/\",\"url\":\"https:\\\/\\\/tajkertesz.com\\\/termek\\\/diszkavics-marmorkiesel-veronarot-voroses-barna-40-60-mm\\\/\",\"name\":\"D\u00edszkavics Marmorkiesel Veronarot v\u00f6r\u00f6ses barna 40-60 mm - T\u00e1jkert\u00e9sz\",\"isPartOf\":{\"@id\":\"https:\\\/\\\/tajkertesz.com\\\/#website\"},\"primaryImageOfPage\":{\"@id\":\"https:\\\/\\\/tajkertesz.com\\\/termek\\\/diszkavics-marmorkiesel-veronarot-voroses-barna-40-60-mm\\\/#primaryimage\"},\"image\":{\"@id\":\"https:\\\/\\\/tajkertesz.com\\\/termek\\\/diszkavics-marmorkiesel-veronarot-voroses-barna-40-60-mm\\\/#primaryimage\"},\"thumbnailUrl\":\"https:\\\/\\\/tajkertesz.com\\\/wp-content\\\/uploads\\\/2021\\\/05\\\/4.png\",\"datePublished\":\"2021-05-03T11:24:47+00:00\",\"dateModified\":\"2026-02-25T15:07:09+00:00\",\"description\":\"D\u00edszkavics Marmorkiesel Veronarot v\u00f6r\u00f6ses barna 40-60 mm kiv\u00e1l\u00f3 min\u0151s\u00e9g\u0171, kell\u0151 odafigyel\u00e9ssel \u00e9s k\u00f6rnyezetbar\u00e1t m\u00f3don b\u00e1ny\u00e1szott k\u0151.\",\"breadcrumb\":{\"@id\":\"https:\\\/\\\/tajkertesz.com\\\/termek\\\/diszkavics-marmorkiesel-veronarot-voroses-barna-40-60-mm\\\/#breadcrumb\"},\"inLanguage\":\"en-US\",\"potentialAction\":[{\"@type\":\"ReadAction\",\"target\":[\"https:\\\/\\\/tajkertesz.com\\\/termek\\\/diszkavics-marmorkiesel-veronarot-voroses-barna-40-60-mm\\\/\"]}]},{\"@type\":\"ImageObject\",\"inLanguage\":\"en-US\",\"@id\":\"https:\\\/\\\/tajkertesz.com\\\/termek\\\/diszkavics-marmorkiesel-veronarot-voroses-barna-40-60-mm\\\/#primaryimage\",\"url\":\"https:\\\/\\\/tajkertesz.com\\\/wp-content\\\/uploads\\\/2021\\\/05\\\/4.png\",\"contentUrl\":\"https:\\\/\\\/tajkertesz.com\\\/wp-content\\\/uploads\\\/2021\\\/05\\\/4.png\",\"width\":2874,\"height\":2384},{\"@type\":\"BreadcrumbList\",\"@id\":\"https:\\\/\\\/tajkertesz.com\\\/termek\\\/diszkavics-marmorkiesel-veronarot-voroses-barna-40-60-mm\\\/#breadcrumb\",\"itemListElement\":[{\"@type\":\"ListItem\",\"position\":1,\"name\":\"Home\",\"item\":\"https:\\\/\\\/tajkertesz.com\\\/\"},{\"@type\":\"ListItem\",\"position\":2,\"name\":\"Kezd\u0151lap\",\"item\":\"https:\\\/\\\/tajkertesz.com\\\/\"},{\"@type\":\"ListItem\",\"position\":3,\"name\":\"D\u00edszkavics Marmorkiesel Veronarot v\u00f6r\u00f6ses barna 40-60 mm\"}]},{\"@type\":\"WebSite\",\"@id\":\"https:\\\/\\\/tajkertesz.com\\\/#website\",\"url\":\"https:\\\/\\\/tajkertesz.com\\\/\",\"name\":\"T\u00e1j-Kert\u00e9sz 84 Kft.\",\"description\":\"Kert\u00e9szeti kis- \u00e9s nagykeresked\u00e9s, D\u00edszn\u00f6v\u00e9ny web\u00e1ruh\u00e1z orsz\u00e1gos h\u00e1zhozsz\u00e1ll\u00edt\u00e1ssal!\",\"publisher\":{\"@id\":\"https:\\\/\\\/tajkertesz.com\\\/#organization\"},\"potentialAction\":[{\"@type\":\"SearchAction\",\"target\":{\"@type\":\"EntryPoint\",\"urlTemplate\":\"https:\\\/\\\/tajkertesz.com\\\/?s={search_term_string}\"},\"query-input\":{\"@type\":\"PropertyValueSpecification\",\"valueRequired\":true,\"valueName\":\"search_term_string\"}}],\"inLanguage\":\"en-US\"},{\"@type\":\"Organization\",\"@id\":\"https:\\\/\\\/tajkertesz.com\\\/#organization\",\"name\":\"T\u00e1j-Kert\u00e9sz 84 Kft.\",\"url\":\"https:\\\/\\\/tajkertesz.com\\\/\",\"logo\":{\"@type\":\"ImageObject\",\"inLanguage\":\"en-US\",\"@id\":\"https:\\\/\\\/tajkertesz.com\\\/#\\\/schema\\\/logo\\\/image\\\/\",\"url\":\"https:\\\/\\\/tajkertesz.com\\\/wp-content\\\/uploads\\\/2018\\\/02\\\/logo-2-e1518678052539.png\",\"contentUrl\":\"https:\\\/\\\/tajkertesz.com\\\/wp-content\\\/uploads\\\/2018\\\/02\\\/logo-2-e1518678052539.png\",\"width\":81,\"height\":140,\"caption\":\"T\u00e1j-Kert\u00e9sz 84 Kft.\"},\"image\":{\"@id\":\"https:\\\/\\\/tajkertesz.com\\\/#\\\/schema\\\/logo\\\/image\\\/\"},\"sameAs\":[\"https:\\\/\\\/www.facebook.com\\\/Tajkertesz\\\/\"]}]}<\/script>\n<!-- \/ Yoast SEO plugin. -->","yoast_head_json":{"title":"D\u00edszkavics Marmorkiesel Veronarot v\u00f6r\u00f6ses barna 40-60 mm - T\u00e1jkert\u00e9sz","description":"D\u00edszkavics Marmorkiesel Veronarot v\u00f6r\u00f6ses barna 40-60 mm kiv\u00e1l\u00f3 min\u0151s\u00e9g\u0171, kell\u0151 odafigyel\u00e9ssel \u00e9s k\u00f6rnyezetbar\u00e1t m\u00f3don b\u00e1ny\u00e1szott k\u0151.","robots":{"index":"index","follow":"follow","max-snippet":"max-snippet:-1","max-image-preview":"max-image-preview:large","max-video-preview":"max-video-preview:-1"},"canonical":"https:\/\/tajkertesz.com\/en_US\/product\/diszkavics-marmorkiesel-veronarot-voroses-barna-40-60-mm\/","og_locale":"en_US","og_type":"article","og_title":"https:\/\/www.facebook.com\/tajkertesz\/","og_description":"Marmorkiesel Veronarot v\u00f6r\u00f6ses barna 40-60 mm k\u0151 kiv\u00e1l\u00f3 min\u0151s\u00e9g\u0171, kell\u0151 odafigyel\u00e9ssel \u00e9s k\u00f6rnyezetbar\u00e1t m\u00f3don b\u00e1ny\u00e1szott k\u0151. Sokf\u00e9le felhaszn\u00e1l\u00e1si ter\u00fclete van, mind a kert\u00e1p\u00edt\u00e9sben, dekor\u00e1ci\u00f3ban, v\u00edzelvezet\u00e9sben is kiv\u00e1l\u00f3ak.","og_url":"https:\/\/tajkertesz.com\/en_US\/product\/diszkavics-marmorkiesel-veronarot-voroses-barna-40-60-mm\/","og_site_name":"T\u00e1jkert\u00e9sz","article_publisher":"https:\/\/www.facebook.com\/Tajkertesz\/","article_modified_time":"2026-02-25T15:07:09+00:00","og_image":[{"width":1920,"height":1593,"url":"https:\/\/tajkertesz.com\/wp-content\/uploads\/2021\/05\/4-2.png","type":"image\/png"}],"twitter_card":"summary_large_image","twitter_misc":{"Est. reading time":"1 minute"},"schema":{"@context":"https:\/\/schema.org","@graph":[{"@type":"WebPage","@id":"https:\/\/tajkertesz.com\/termek\/diszkavics-marmorkiesel-veronarot-voroses-barna-40-60-mm\/","url":"https:\/\/tajkertesz.com\/termek\/diszkavics-marmorkiesel-veronarot-voroses-barna-40-60-mm\/","name":"D\u00edszkavics Marmorkiesel Veronarot v\u00f6r\u00f6ses barna 40-60 mm - T\u00e1jkert\u00e9sz","isPartOf":{"@id":"https:\/\/tajkertesz.com\/#website"},"primaryImageOfPage":{"@id":"https:\/\/tajkertesz.com\/termek\/diszkavics-marmorkiesel-veronarot-voroses-barna-40-60-mm\/#primaryimage"},"image":{"@id":"https:\/\/tajkertesz.com\/termek\/diszkavics-marmorkiesel-veronarot-voroses-barna-40-60-mm\/#primaryimage"},"thumbnailUrl":"https:\/\/tajkertesz.com\/wp-content\/uploads\/2021\/05\/4.png","datePublished":"2021-05-03T11:24:47+00:00","dateModified":"2026-02-25T15:07:09+00:00","description":"D\u00edszkavics Marmorkiesel Veronarot v\u00f6r\u00f6ses barna 40-60 mm kiv\u00e1l\u00f3 min\u0151s\u00e9g\u0171, kell\u0151 odafigyel\u00e9ssel \u00e9s k\u00f6rnyezetbar\u00e1t m\u00f3don b\u00e1ny\u00e1szott k\u0151.","breadcrumb":{"@id":"https:\/\/tajkertesz.com\/termek\/diszkavics-marmorkiesel-veronarot-voroses-barna-40-60-mm\/#breadcrumb"},"inLanguage":"en-US","potentialAction":[{"@type":"ReadAction","target":["https:\/\/tajkertesz.com\/termek\/diszkavics-marmorkiesel-veronarot-voroses-barna-40-60-mm\/"]}]},{"@type":"ImageObject","inLanguage":"en-US","@id":"https:\/\/tajkertesz.com\/termek\/diszkavics-marmorkiesel-veronarot-voroses-barna-40-60-mm\/#primaryimage","url":"https:\/\/tajkertesz.com\/wp-content\/uploads\/2021\/05\/4.png","contentUrl":"https:\/\/tajkertesz.com\/wp-content\/uploads\/2021\/05\/4.png","width":2874,"height":2384},{"@type":"BreadcrumbList","@id":"https:\/\/tajkertesz.com\/termek\/diszkavics-marmorkiesel-veronarot-voroses-barna-40-60-mm\/#breadcrumb","itemListElement":[{"@type":"ListItem","position":1,"name":"Home","item":"https:\/\/tajkertesz.com\/"},{"@type":"ListItem","position":2,"name":"Kezd\u0151lap","item":"https:\/\/tajkertesz.com\/"},{"@type":"ListItem","position":3,"name":"D\u00edszkavics Marmorkiesel Veronarot v\u00f6r\u00f6ses barna 40-60 mm"}]},{"@type":"WebSite","@id":"https:\/\/tajkertesz.com\/#website","url":"https:\/\/tajkertesz.com\/","name":"T\u00e1j-Kert\u00e9sz 84 Kft.","description":"Kert\u00e9szeti kis- \u00e9s nagykeresked\u00e9s, D\u00edszn\u00f6v\u00e9ny web\u00e1ruh\u00e1z orsz\u00e1gos h\u00e1zhozsz\u00e1ll\u00edt\u00e1ssal!","publisher":{"@id":"https:\/\/tajkertesz.com\/#organization"},"potentialAction":[{"@type":"SearchAction","target":{"@type":"EntryPoint","urlTemplate":"https:\/\/tajkertesz.com\/?s={search_term_string}"},"query-input":{"@type":"PropertyValueSpecification","valueRequired":true,"valueName":"search_term_string"}}],"inLanguage":"en-US"},{"@type":"Organization","@id":"https:\/\/tajkertesz.com\/#organization","name":"T\u00e1j-Kert\u00e9sz 84 Kft.","url":"https:\/\/tajkertesz.com\/","logo":{"@type":"ImageObject","inLanguage":"en-US","@id":"https:\/\/tajkertesz.com\/#\/schema\/logo\/image\/","url":"https:\/\/tajkertesz.com\/wp-content\/uploads\/2018\/02\/logo-2-e1518678052539.png","contentUrl":"https:\/\/tajkertesz.com\/wp-content\/uploads\/2018\/02\/logo-2-e1518678052539.png","width":81,"height":140,"caption":"T\u00e1j-Kert\u00e9sz 84 Kft."},"image":{"@id":"https:\/\/tajkertesz.com\/#\/schema\/logo\/image\/"},"sameAs":["https:\/\/www.facebook.com\/Tajkertesz\/"]}]}},"_links":{"self":[{"href":"https:\/\/tajkertesz.com\/en_US\/wp-json\/wp\/v2\/product\/3937","targetHints":{"allow":["GET"]}}],"collection":[{"href":"https:\/\/tajkertesz.com\/en_US\/wp-json\/wp\/v2\/product"}],"about":[{"href":"https:\/\/tajkertesz.com\/en_US\/wp-json\/wp\/v2\/types\/product"}],"wp:featuredmedia":[{"embeddable":true,"href":"https:\/\/tajkertesz.com\/en_US\/wp-json\/wp\/v2\/media\/3938"}],"wp:attachment":[{"href":"https:\/\/tajkertesz.com\/en_US\/wp-json\/wp\/v2\/media?parent=3937"}],"wp:term":[{"taxonomy":"product_brand","embeddable":true,"href":"https:\/\/tajkertesz.com\/en_US\/wp-json\/wp\/v2\/product_brand?post=3937"},{"taxonomy":"product_cat","embeddable":true,"href":"https:\/\/tajkertesz.com\/en_US\/wp-json\/wp\/v2\/product_cat?post=3937"},{"taxonomy":"product_tag","embeddable":true,"href":"https:\/\/tajkertesz.com\/en_US\/wp-json\/wp\/v2\/product_tag?post=3937"}],"curies":[{"name":"wp","href":"https:\/\/api.w.org\/{rel}","templated":true}]}}