{"id":3997,"date":"2021-05-04T08:57:30","date_gmt":"2021-05-04T08:57:30","guid":{"rendered":"https:\/\/tajkertesz.com\/?post_type=product&#038;p=3997"},"modified":"2025-01-28T13:55:08","modified_gmt":"2025-01-28T13:55:08","slug":"agrecol-mohas-gyepre-5-kg","status":"publish","type":"product","link":"https:\/\/tajkertesz.com\/en_US\/product\/agrecol-mohas-gyepre-5-kg\/","title":{"rendered":"Agrecol m\u0171tr\u00e1gya moh\u00e1s gyepre 5 kg"},"content":{"rendered":"<div class=\"artdet__name-rating d-none d-lg-block\">\n<div class=\"row gutters-5\">\n<div class=\"col\">\n<h2 class=\"artdet__name line-clamp--3-12\">Agrecol m\u0171tr\u00e1gya moh\u00e1s gyepre 5 kg<\/h2>\n<\/div>\n<\/div>\n<\/div>\n<div id=\"artdet__short-descrition\" class=\"artdet__short-descripton artdet-block border-block\">\n<div class=\"artdet__short-descripton-content text-justify font-s font-sm-m\">\n<p class=\"artdet__name line-clamp--3-12\">Agrecol m\u0171tr\u00e1gya moh\u00e1s gyepre 5 kg<\/p>\n<p>250nm gyepfel\u00fcletre elegend\u0151 mennyis\u00e9g.<\/p>\n<p>Speci\u00e1lis gyeptr\u00e1gya, amely jav\u00edtja a gyep megjelen\u00e9s\u00e9t, jav\u00edtja annak eg\u00e9szs\u00e9g\u00e9t \u00e9s erej\u00e9t. Ezen fel\u00fcl a gyep nem ig\u00e9nyel gyakori kasz\u00e1l\u00e1st. Ezt a feladatot m\u00e9g k\u00e9tszer ritk\u00e1bban is elv\u00e9gezheti, ami rengeteg er\u0151fesz\u00edt\u00e9st \u00e9s id\u0151t takar\u00edthat meg.<\/p>\n<\/div>\n<h4>A m\u0171tr\u00e1gy\u00e1ban tal\u00e1lhat\u00f3 vas g\u00e1tolja a mohafejl\u0151d\u00e9s folyamat\u00e1t, a magas nitrog\u00e9ntartalom pedig az \u00fcres, f\u00fcvetlen helyek gyepesed\u00e9s\u00e9t eredm\u00e9nyezi.<\/h4>\n<h4>Alkalmaz\u00e1sa:<\/h4>\n<p>Haszn\u00e1lja m\u00e1rciust\u00f3l augusztusig, 45-60 naponta.<\/p>\n<p><strong>1. m\u00f3dszer \u2013 kisz\u00f3r\u00e1s<\/strong><\/p>\n<p>1. A m\u0171tr\u00e1gya kijuttat\u00e1sa el\u0151tt a p\u00e1zsitot meg kell nedves\u00edteni vagy meg kell \u00f6nt\u00f6zni, hogy a m\u0171tr\u00e1gyaszemcs\u00e9k a moh\u00e1hoz tapadjanak.<br \/>\n2. M\u00e9rje ki a megfelel\u0151 mennyis\u00e9g\u0171 m\u0171tr\u00e1gy\u00e1t: 20 g m\u0171tr\u00e1gya minden 1 m\u00a0<sup>2<\/sup>\u00a0gyepfel\u00fcletre. \u00daj gyep l\u00e9tes\u00edt\u00e9sekor haszn\u00e1ljon 40 g-ot 1 m\u00a0<sup>2<\/sup>\u00a0kor\u00e1bban el\u0151k\u00e9sz\u00edtett talajra.<br \/>\n3. K\u00e9zzel vagy speci\u00e1lis vet\u0151g\u00e9ppel egyenletesen sz\u00f3rja ki a m\u0171tr\u00e1gy\u00e1t a gyepen.<br \/>\n4. A m\u0171tr\u00e1gya kijuttat\u00e1sa ut\u00e1n v\u00e1rjon egy \u00f3r\u00e1t, majd \u00f6nt\u00f6zze be b\u0151s\u00e9gesen a gyepet.<\/p>\n<p>&nbsp;<\/p>\n<p><strong>2. m\u00f3dszer \u2013 \u00f6nt\u00f6z\u00e9s<\/strong><\/p>\n<p>1. Oldjunk fel 80 g m\u0171tr\u00e1gy\u00e1t 4 liter v\u00edzben.<br \/>\n2. A kapott oldattal \u00f6nt\u00f6zz\u00fck meg a gyepet. 4 liter oldat elegend\u0151 4 m\u00a0<sup>2<\/sup>\u00a0gyep \u00f6nt\u00f6z\u00e9s\u00e9hez.<br \/>\n3. A m\u0171tr\u00e1gya kijuttat\u00e1sa ut\u00e1n v\u00e1rjon egy \u00f3r\u00e1t, majd \u00f6nt\u00f6zze be b\u0151s\u00e9gesen a gyepet.<\/p>\n<p>&nbsp;<\/p>\n<p>Megjegyz\u00e9s: Ne m\u0171tr\u00e1gy\u00e1zzon er\u0151s napf\u00e9nyben. Haszn\u00e1lja sz\u00e9lcsendes id\u0151ben. Ne haszn\u00e1lja a gyepes\u00edt\u00e9st k\u00f6vet\u0151 els\u0151 \u00e9vben. Haszn\u00e1lja az utas\u00edt\u00e1soknak megfelel\u0151en \u2013 ne l\u00e9pje t\u00fal az aj\u00e1nlott adagokat, mert ez k\u00e1ros\u00edthatja a f\u00fcvet. Ez a m\u0171tr\u00e1gya er\u0151sen szennyez\u0151 k\u00e9sz\u00edtm\u00e9ny. Ker\u00fclni kell a m\u0171tr\u00e1gya beton- \u00e9s ker\u00e1miaelemekkel val\u00f3 \u00e9rintkez\u00e9s\u00e9t. Viseljen v\u00e9d\u0151keszty\u0171t, \u00e9s ker\u00fclje a term\u00e9k ruh\u00e1zattal val\u00f3 \u00e9rintkez\u00e9s\u00e9t.<\/p>\n<p>1 mar\u00e9k kb 30-40 g m\u0171tr\u00e1gya.<\/p>\n<div class=\"artdet__short-descripton-content text-justify font-s font-sm-m\">\n<p>Mindegyik csomag tartalmazza a haszn\u00e1lati \u00fatmutat\u00f3t, \u00e9s a lej\u00e1rati d\u00e1tumot a csomag adatai tartalmazz\u00e1k.<\/p>\n<\/div>\n<\/div>\n<div><\/div>\n<div><a href=\"https:\/\/www.facebook.com\/tajkertesz\">https:\/\/www.facebook.com\/tajkertesz<\/a><\/div>\n<div><a href=\"https:\/\/tajkertesz.com\/\">https:\/\/tajkertesz.com\/<\/a><\/div>\n<div><a href=\"https:\/\/tajkertesz.com\/wp-content\/uploads\/2021\/05\/Agrecol-bizt.adatl_..pdf\">Agrecol bizt.adatl.<\/a><\/div>\n<p>&nbsp;<\/p>\n<p style=\"line-height: 18.0pt; background: white; margin: 0cm 0cm 15.0pt 0cm;\"><b><span style=\"font-family: 'Ubuntu',sans-serif; color: black;\">K\u00e9szlet\u00fcnk napi szinten v\u00e1ltozik, ez\u00e9rt k\u00e9rj\u00fck, \u00e9rdekl\u0151dj\u00f6n szem\u00e9lyesen, telefonon vagy email-en.<br \/>\nA v\u00e1ltoztat\u00e1s jog\u00e1t fenntartjuk!\u00a0<\/span><\/b><\/p>\n<p>Kisz\u00e1ll\u00edt\u00e1s: 200cm-ig \u00e9s 40 kg-ig a sz\u00e1ll\u00edt\u00e1s fut\u00e1rszolg\u00e1lattal t\u00f6rt\u00e9nik.<\/p>\n<p>Szem\u00e9lyes \u00e1tv\u00e9tel nyitvatart\u00e1si id\u0151ben a 17. ker\u00fclet Bakancsos utca 7. sz\u00e1m alatti Kert\u00e9szeti \u00e1rud\u00e1nkban.<\/p>\n<p><b><u>Kert\u00e9p\u00edt\u0151k \u00e9s viszontelad\u00f3k regisztr\u00e1l\u00e1s ut\u00e1n egyedi kedvezm\u00e9nnyel v\u00e1s\u00e1rolhatnak kert\u00e9szeti kis-\u00e9s nagykeresked\u00e9s\u00fcnkben.<\/u><\/b><\/p>","protected":false},"excerpt":{"rendered":"<div class=\"artdet__name-rating d-none d-lg-block\">\n<div class=\"row gutters-5\">\n<div class=\"col\">\n<div id=\"bodyContent\" class=\"mw-body-content\">\n<div id=\"mw-content-text\" class=\"mw-content-ltr\" dir=\"ltr\" lang=\"hu\">\n<div id=\"bodyContent\" class=\"mw-body-content\">\n<div id=\"mw-content-text\" class=\"mw-content-ltr\" dir=\"ltr\" lang=\"hu\">\n<p><b>K\u00e9szlet\u00fcnk napi szinten v\u00e1ltozik, ez\u00e9rt k\u00e9rj\u00fck, \u00e9rdekl\u0151dj\u00f6n szem\u00e9lyesen, telefonon vagy email-en.<\/b><\/p>\n<p>Term\u00e9keinket szem\u00e9lyesen is \u00e1tveheti a h\u00e9t minden napj\u00e1n nyitvatart\u00e1si id\u0151ben!<\/p>\n<p>Kisz\u00e1ll\u00edt\u00e1s: 200 cm \u00e9s 40 kg -ig a sz\u00e1ll\u00edt\u00e1s fut\u00e1rszolg\u00e1lattal t\u00f6rt\u00e9nik.<\/p>\n<\/div>\n<\/div>\n<\/div>\n<\/div>\n<p><b>A v\u00e1ltoztat\u00e1s jog\u00e1t fenntartjuk!\u00a0<\/b><\/p>\n<h2 class=\"artdet__name line-clamp--3-12\">Agrecol moh\u00e1s gyepre 5 kg<\/h2>\n<\/div>\n<\/div>\n<\/div>\n<div id=\"artdet__short-descrition\" class=\"artdet__short-descripton artdet-block border-block\">\n<div class=\"artdet__short-descripton-content text-justify font-s font-sm-m\">\n<p>Agrecol moh\u00e1s gyepre 5 kg Speci\u00e1lis gyeptr\u00e1gya, amely jav\u00edtja a gyep megjelen\u00e9s\u00e9t, jav\u00edtja annak eg\u00e9szs\u00e9g\u00e9t \u00e9s erej\u00e9t. Ezen fel\u00fcl a gyep nem ig\u00e9nyel gyakori kasz\u00e1l\u00e1st. Ezt a feladatot m\u00e9g k\u00e9tszer ritk\u00e1bban is elv\u00e9gezheti, ami rengeteg er\u0151fesz\u00edt\u00e9st \u00e9s id\u0151t takar\u00edthat meg.<\/p>\n<p>Minden csomag 5 kg m\u0171tr\u00e1gy\u00e1t tartalmaz.<\/p>\n<p>Mindegyik csomag tartalmazza a haszn\u00e1lati \u00fatmutat\u00f3t, \u00e9s a lej\u00e1rati d\u00e1tumot a csomag adatai tartalmazz\u00e1k.<\/p>\n<\/div>\n<\/div>","protected":false},"featured_media":22287,"template":"","meta":{"_et_pb_use_builder":"","_et_pb_old_content":"","_et_gb_content_width":""},"product_brand":[],"product_cat":[1426],"product_tag":[537,1285,36],"class_list":{"0":"post-3997","1":"product","2":"type-product","3":"status-publish","4":"has-post-thumbnail","6":"product_cat-agrecol-gyepmutragya","7":"product_tag-agrecol","8":"product_tag-gyep","9":"product_tag-tragya","11":"first","12":"instock","13":"shipping-taxable","14":"purchasable","15":"product-type-simple"},"yoast_head":"<!-- This site is optimized with the Yoast SEO plugin v27.3 - https:\/\/yoast.com\/product\/yoast-seo-wordpress\/ -->\n<title>Agrecol m\u0171tr\u00e1gya moh\u00e1s gyepre 5 kg - T\u00e1jkert\u00e9sz<\/title>\n<meta name=\"description\" content=\"Agrecol m\u0171tr\u00e1gya moh\u00e1s gyepre 5 kg Speci\u00e1lis gyeptr\u00e1gya, amely jav\u00edtja a gyep megjelen\u00e9s\u00e9t, jav\u00edtja annak eg\u00e9szs\u00e9g\u00e9t \u00e9s erej\u00e9t.\" \/>\n<meta name=\"robots\" content=\"index, follow, max-snippet:-1, max-image-preview:large, max-video-preview:-1\" \/>\n<link rel=\"canonical\" href=\"https:\/\/tajkertesz.com\/en_US\/product\/agrecol-mohas-gyepre-5-kg\/\" \/>\n<meta property=\"og:locale\" content=\"en_US\" \/>\n<meta property=\"og:type\" content=\"article\" \/>\n<meta property=\"og:title\" content=\"Agrecol m\u0171tr\u00e1gya moh\u00e1s gyepre 5 kg - T\u00e1jkert\u00e9sz\" \/>\n<meta property=\"og:description\" content=\"Agrecol m\u0171tr\u00e1gya moh\u00e1s gyepre 5 kg Speci\u00e1lis gyeptr\u00e1gya, amely jav\u00edtja a gyep megjelen\u00e9s\u00e9t, jav\u00edtja annak eg\u00e9szs\u00e9g\u00e9t \u00e9s erej\u00e9t.\" \/>\n<meta property=\"og:url\" content=\"https:\/\/tajkertesz.com\/en_US\/product\/agrecol-mohas-gyepre-5-kg\/\" \/>\n<meta property=\"og:site_name\" content=\"T\u00e1jkert\u00e9sz\" \/>\n<meta property=\"article:publisher\" content=\"https:\/\/www.facebook.com\/Tajkertesz\/\" \/>\n<meta property=\"article:modified_time\" content=\"2025-01-28T13:55:08+00:00\" \/>\n<meta property=\"og:image\" content=\"https:\/\/tajkertesz.com\/wp-content\/uploads\/2021\/05\/235-O-550-trawa-mech-5kg_12_2024-wiz_370.png\" \/>\n\t<meta property=\"og:image:width\" content=\"442\" \/>\n\t<meta property=\"og:image:height\" content=\"370\" \/>\n\t<meta property=\"og:image:type\" content=\"image\/png\" \/>\n<meta name=\"twitter:card\" content=\"summary_large_image\" \/>\n<meta name=\"twitter:label1\" content=\"Est. reading time\" \/>\n\t<meta name=\"twitter:data1\" content=\"2 minutes\" \/>\n<script type=\"application\/ld+json\" class=\"yoast-schema-graph\">{\"@context\":\"https:\\\/\\\/schema.org\",\"@graph\":[{\"@type\":\"WebPage\",\"@id\":\"https:\\\/\\\/tajkertesz.com\\\/termek\\\/agrecol-mohas-gyepre-5-kg\\\/\",\"url\":\"https:\\\/\\\/tajkertesz.com\\\/termek\\\/agrecol-mohas-gyepre-5-kg\\\/\",\"name\":\"Agrecol m\u0171tr\u00e1gya moh\u00e1s gyepre 5 kg - T\u00e1jkert\u00e9sz\",\"isPartOf\":{\"@id\":\"https:\\\/\\\/tajkertesz.com\\\/#website\"},\"primaryImageOfPage\":{\"@id\":\"https:\\\/\\\/tajkertesz.com\\\/termek\\\/agrecol-mohas-gyepre-5-kg\\\/#primaryimage\"},\"image\":{\"@id\":\"https:\\\/\\\/tajkertesz.com\\\/termek\\\/agrecol-mohas-gyepre-5-kg\\\/#primaryimage\"},\"thumbnailUrl\":\"https:\\\/\\\/tajkertesz.com\\\/wp-content\\\/uploads\\\/2021\\\/05\\\/235-O-550-trawa-mech-5kg_12_2024-wiz_370.png\",\"datePublished\":\"2021-05-04T08:57:30+00:00\",\"dateModified\":\"2025-01-28T13:55:08+00:00\",\"description\":\"Agrecol m\u0171tr\u00e1gya moh\u00e1s gyepre 5 kg Speci\u00e1lis gyeptr\u00e1gya, amely jav\u00edtja a gyep megjelen\u00e9s\u00e9t, jav\u00edtja annak eg\u00e9szs\u00e9g\u00e9t \u00e9s erej\u00e9t.\",\"breadcrumb\":{\"@id\":\"https:\\\/\\\/tajkertesz.com\\\/termek\\\/agrecol-mohas-gyepre-5-kg\\\/#breadcrumb\"},\"inLanguage\":\"en-US\",\"potentialAction\":[{\"@type\":\"ReadAction\",\"target\":[\"https:\\\/\\\/tajkertesz.com\\\/termek\\\/agrecol-mohas-gyepre-5-kg\\\/\"]}]},{\"@type\":\"ImageObject\",\"inLanguage\":\"en-US\",\"@id\":\"https:\\\/\\\/tajkertesz.com\\\/termek\\\/agrecol-mohas-gyepre-5-kg\\\/#primaryimage\",\"url\":\"https:\\\/\\\/tajkertesz.com\\\/wp-content\\\/uploads\\\/2021\\\/05\\\/235-O-550-trawa-mech-5kg_12_2024-wiz_370.png\",\"contentUrl\":\"https:\\\/\\\/tajkertesz.com\\\/wp-content\\\/uploads\\\/2021\\\/05\\\/235-O-550-trawa-mech-5kg_12_2024-wiz_370.png\",\"width\":442,\"height\":370,\"caption\":\"Agrecol m\u0171tr\u00e1gya moh\u00e1s gyepre 5 kg\"},{\"@type\":\"BreadcrumbList\",\"@id\":\"https:\\\/\\\/tajkertesz.com\\\/termek\\\/agrecol-mohas-gyepre-5-kg\\\/#breadcrumb\",\"itemListElement\":[{\"@type\":\"ListItem\",\"position\":1,\"name\":\"Home\",\"item\":\"https:\\\/\\\/tajkertesz.com\\\/\"},{\"@type\":\"ListItem\",\"position\":2,\"name\":\"Kezd\u0151lap\",\"item\":\"https:\\\/\\\/tajkertesz.com\\\/\"},{\"@type\":\"ListItem\",\"position\":3,\"name\":\"Agrecol m\u0171tr\u00e1gya moh\u00e1s gyepre 5 kg\"}]},{\"@type\":\"WebSite\",\"@id\":\"https:\\\/\\\/tajkertesz.com\\\/#website\",\"url\":\"https:\\\/\\\/tajkertesz.com\\\/\",\"name\":\"T\u00e1j-Kert\u00e9sz 84 Kft.\",\"description\":\"Kert\u00e9szeti kis- \u00e9s nagykeresked\u00e9s, D\u00edszn\u00f6v\u00e9ny web\u00e1ruh\u00e1z orsz\u00e1gos h\u00e1zhozsz\u00e1ll\u00edt\u00e1ssal!\",\"publisher\":{\"@id\":\"https:\\\/\\\/tajkertesz.com\\\/#organization\"},\"potentialAction\":[{\"@type\":\"SearchAction\",\"target\":{\"@type\":\"EntryPoint\",\"urlTemplate\":\"https:\\\/\\\/tajkertesz.com\\\/?s={search_term_string}\"},\"query-input\":{\"@type\":\"PropertyValueSpecification\",\"valueRequired\":true,\"valueName\":\"search_term_string\"}}],\"inLanguage\":\"en-US\"},{\"@type\":\"Organization\",\"@id\":\"https:\\\/\\\/tajkertesz.com\\\/#organization\",\"name\":\"T\u00e1j-Kert\u00e9sz 84 Kft.\",\"url\":\"https:\\\/\\\/tajkertesz.com\\\/\",\"logo\":{\"@type\":\"ImageObject\",\"inLanguage\":\"en-US\",\"@id\":\"https:\\\/\\\/tajkertesz.com\\\/#\\\/schema\\\/logo\\\/image\\\/\",\"url\":\"https:\\\/\\\/tajkertesz.com\\\/wp-content\\\/uploads\\\/2018\\\/02\\\/logo-2-e1518678052539.png\",\"contentUrl\":\"https:\\\/\\\/tajkertesz.com\\\/wp-content\\\/uploads\\\/2018\\\/02\\\/logo-2-e1518678052539.png\",\"width\":81,\"height\":140,\"caption\":\"T\u00e1j-Kert\u00e9sz 84 Kft.\"},\"image\":{\"@id\":\"https:\\\/\\\/tajkertesz.com\\\/#\\\/schema\\\/logo\\\/image\\\/\"},\"sameAs\":[\"https:\\\/\\\/www.facebook.com\\\/Tajkertesz\\\/\"]}]}<\/script>\n<!-- \/ Yoast SEO plugin. -->","yoast_head_json":{"title":"Agrecol m\u0171tr\u00e1gya moh\u00e1s gyepre 5 kg - T\u00e1jkert\u00e9sz","description":"Agrecol m\u0171tr\u00e1gya moh\u00e1s gyepre 5 kg Speci\u00e1lis gyeptr\u00e1gya, amely jav\u00edtja a gyep megjelen\u00e9s\u00e9t, jav\u00edtja annak eg\u00e9szs\u00e9g\u00e9t \u00e9s erej\u00e9t.","robots":{"index":"index","follow":"follow","max-snippet":"max-snippet:-1","max-image-preview":"max-image-preview:large","max-video-preview":"max-video-preview:-1"},"canonical":"https:\/\/tajkertesz.com\/en_US\/product\/agrecol-mohas-gyepre-5-kg\/","og_locale":"en_US","og_type":"article","og_title":"Agrecol m\u0171tr\u00e1gya moh\u00e1s gyepre 5 kg - T\u00e1jkert\u00e9sz","og_description":"Agrecol m\u0171tr\u00e1gya moh\u00e1s gyepre 5 kg Speci\u00e1lis gyeptr\u00e1gya, amely jav\u00edtja a gyep megjelen\u00e9s\u00e9t, jav\u00edtja annak eg\u00e9szs\u00e9g\u00e9t \u00e9s erej\u00e9t.","og_url":"https:\/\/tajkertesz.com\/en_US\/product\/agrecol-mohas-gyepre-5-kg\/","og_site_name":"T\u00e1jkert\u00e9sz","article_publisher":"https:\/\/www.facebook.com\/Tajkertesz\/","article_modified_time":"2025-01-28T13:55:08+00:00","og_image":[{"width":442,"height":370,"url":"https:\/\/tajkertesz.com\/wp-content\/uploads\/2021\/05\/235-O-550-trawa-mech-5kg_12_2024-wiz_370.png","type":"image\/png"}],"twitter_card":"summary_large_image","twitter_misc":{"Est. reading time":"2 minutes"},"schema":{"@context":"https:\/\/schema.org","@graph":[{"@type":"WebPage","@id":"https:\/\/tajkertesz.com\/termek\/agrecol-mohas-gyepre-5-kg\/","url":"https:\/\/tajkertesz.com\/termek\/agrecol-mohas-gyepre-5-kg\/","name":"Agrecol m\u0171tr\u00e1gya moh\u00e1s gyepre 5 kg - T\u00e1jkert\u00e9sz","isPartOf":{"@id":"https:\/\/tajkertesz.com\/#website"},"primaryImageOfPage":{"@id":"https:\/\/tajkertesz.com\/termek\/agrecol-mohas-gyepre-5-kg\/#primaryimage"},"image":{"@id":"https:\/\/tajkertesz.com\/termek\/agrecol-mohas-gyepre-5-kg\/#primaryimage"},"thumbnailUrl":"https:\/\/tajkertesz.com\/wp-content\/uploads\/2021\/05\/235-O-550-trawa-mech-5kg_12_2024-wiz_370.png","datePublished":"2021-05-04T08:57:30+00:00","dateModified":"2025-01-28T13:55:08+00:00","description":"Agrecol m\u0171tr\u00e1gya moh\u00e1s gyepre 5 kg Speci\u00e1lis gyeptr\u00e1gya, amely jav\u00edtja a gyep megjelen\u00e9s\u00e9t, jav\u00edtja annak eg\u00e9szs\u00e9g\u00e9t \u00e9s erej\u00e9t.","breadcrumb":{"@id":"https:\/\/tajkertesz.com\/termek\/agrecol-mohas-gyepre-5-kg\/#breadcrumb"},"inLanguage":"en-US","potentialAction":[{"@type":"ReadAction","target":["https:\/\/tajkertesz.com\/termek\/agrecol-mohas-gyepre-5-kg\/"]}]},{"@type":"ImageObject","inLanguage":"en-US","@id":"https:\/\/tajkertesz.com\/termek\/agrecol-mohas-gyepre-5-kg\/#primaryimage","url":"https:\/\/tajkertesz.com\/wp-content\/uploads\/2021\/05\/235-O-550-trawa-mech-5kg_12_2024-wiz_370.png","contentUrl":"https:\/\/tajkertesz.com\/wp-content\/uploads\/2021\/05\/235-O-550-trawa-mech-5kg_12_2024-wiz_370.png","width":442,"height":370,"caption":"Agrecol m\u0171tr\u00e1gya moh\u00e1s gyepre 5 kg"},{"@type":"BreadcrumbList","@id":"https:\/\/tajkertesz.com\/termek\/agrecol-mohas-gyepre-5-kg\/#breadcrumb","itemListElement":[{"@type":"ListItem","position":1,"name":"Home","item":"https:\/\/tajkertesz.com\/"},{"@type":"ListItem","position":2,"name":"Kezd\u0151lap","item":"https:\/\/tajkertesz.com\/"},{"@type":"ListItem","position":3,"name":"Agrecol m\u0171tr\u00e1gya moh\u00e1s gyepre 5 kg"}]},{"@type":"WebSite","@id":"https:\/\/tajkertesz.com\/#website","url":"https:\/\/tajkertesz.com\/","name":"T\u00e1j-Kert\u00e9sz 84 Kft.","description":"Kert\u00e9szeti kis- \u00e9s nagykeresked\u00e9s, D\u00edszn\u00f6v\u00e9ny web\u00e1ruh\u00e1z orsz\u00e1gos h\u00e1zhozsz\u00e1ll\u00edt\u00e1ssal!","publisher":{"@id":"https:\/\/tajkertesz.com\/#organization"},"potentialAction":[{"@type":"SearchAction","target":{"@type":"EntryPoint","urlTemplate":"https:\/\/tajkertesz.com\/?s={search_term_string}"},"query-input":{"@type":"PropertyValueSpecification","valueRequired":true,"valueName":"search_term_string"}}],"inLanguage":"en-US"},{"@type":"Organization","@id":"https:\/\/tajkertesz.com\/#organization","name":"T\u00e1j-Kert\u00e9sz 84 Kft.","url":"https:\/\/tajkertesz.com\/","logo":{"@type":"ImageObject","inLanguage":"en-US","@id":"https:\/\/tajkertesz.com\/#\/schema\/logo\/image\/","url":"https:\/\/tajkertesz.com\/wp-content\/uploads\/2018\/02\/logo-2-e1518678052539.png","contentUrl":"https:\/\/tajkertesz.com\/wp-content\/uploads\/2018\/02\/logo-2-e1518678052539.png","width":81,"height":140,"caption":"T\u00e1j-Kert\u00e9sz 84 Kft."},"image":{"@id":"https:\/\/tajkertesz.com\/#\/schema\/logo\/image\/"},"sameAs":["https:\/\/www.facebook.com\/Tajkertesz\/"]}]}},"_links":{"self":[{"href":"https:\/\/tajkertesz.com\/en_US\/wp-json\/wp\/v2\/product\/3997","targetHints":{"allow":["GET"]}}],"collection":[{"href":"https:\/\/tajkertesz.com\/en_US\/wp-json\/wp\/v2\/product"}],"about":[{"href":"https:\/\/tajkertesz.com\/en_US\/wp-json\/wp\/v2\/types\/product"}],"wp:featuredmedia":[{"embeddable":true,"href":"https:\/\/tajkertesz.com\/en_US\/wp-json\/wp\/v2\/media\/22287"}],"wp:attachment":[{"href":"https:\/\/tajkertesz.com\/en_US\/wp-json\/wp\/v2\/media?parent=3997"}],"wp:term":[{"taxonomy":"product_brand","embeddable":true,"href":"https:\/\/tajkertesz.com\/en_US\/wp-json\/wp\/v2\/product_brand?post=3997"},{"taxonomy":"product_cat","embeddable":true,"href":"https:\/\/tajkertesz.com\/en_US\/wp-json\/wp\/v2\/product_cat?post=3997"},{"taxonomy":"product_tag","embeddable":true,"href":"https:\/\/tajkertesz.com\/en_US\/wp-json\/wp\/v2\/product_tag?post=3997"}],"curies":[{"name":"wp","href":"https:\/\/api.w.org\/{rel}","templated":true}]}}