{"id":4001,"date":"2021-05-04T09:11:09","date_gmt":"2021-05-04T09:11:09","guid":{"rendered":"https:\/\/tajkertesz.com\/?post_type=product&#038;p=4001"},"modified":"2024-02-03T13:28:36","modified_gmt":"2024-02-03T13:28:36","slug":"agrecol-mutragya-orokzoldekhez-5-kg","status":"publish","type":"product","link":"https:\/\/tajkertesz.com\/en_US\/product\/agrecol-mutragya-orokzoldekhez-5-kg\/","title":{"rendered":"Agrecol m\u0171tr\u00e1gya \u00f6r\u00f6kz\u00f6ldekhez 5 kg"},"content":{"rendered":"<div class=\"artdet__name-rating d-none d-lg-block\">\n<div class=\"row gutters-5\">\n<div class=\"col\">\n<h2 class=\"artdet__name line-clamp--3-12\">Agrecol m\u0171tr\u00e1gya \u00f6r\u00f6kz\u00f6ldekhez 5 kg<\/h2>\n<\/div>\n<\/div>\n<\/div>\n<div id=\"artdet__short-descrition\" class=\"artdet__short-descripton artdet-block border-block\">\n<div class=\"artdet__short-descripton-content text-justify font-s font-sm-m\">\n<p class=\"artdet__name line-clamp--3-12\">Agrecol m\u0171tr\u00e1gya \u00f6r\u00f6kz\u00f6ldekhez 5 kg\u00a0 agrecol \u00d6r\u00f6kz\u00f6ld m\u0171tr\u00e1gya 60 napos leboml\u00e1s\u00fa<\/p>\n<ul>\n<li>t\u0171level\u0171ek \u00e9s m\u00e1s \u00f6r\u00f6kz\u00f6ld n\u00f6v\u00e9nyek t\u00e1panyag ut\u00e1np\u00f3tl\u00e1s\u00e1ra<\/li>\n<li>lombhullat\u00f3 f\u00e1k \u00e9s cserj\u00e9k tr\u00e1gy\u00e1z\u00e1s\u00e1ra is alkalmas<\/li>\n<li>biztos\u00edtja a megfelel\u0151 n\u00f6v\u00e9ny n\u00f6veked\u00e9st, a t\u0171levelek, pikkelyek \u00e9s levelek intenz\u00edv sz\u00edn\u00e9t<\/li>\n<li>Az adagol\u00e1s a n\u00f6v\u00e9ny m\u00e9ret\u00e9t\u0151l f\u00fcgg<\/li>\n<\/ul>\n<h3>\u00d6sszet\u00e9tele:<\/h3>\n<ul>\n<li>nitrog\u00e9n (N) &#8211; 12%,<\/li>\n<li>foszfor (<sub>P2,O5<\/sub>) &#8211; 12%<\/li>\n<li>k\u00e1lium (<sub>K2O<\/sub>) &#8211; 19%<\/li>\n<\/ul>\n<\/div>\n<\/div>\n<div class=\"description\">\n<div class=\"inner\">\n<p>A t\u0171level\u0171 m\u0171tr\u00e1gya egy granul\u00e1lt \u00e1sv\u00e1nyi m\u0171tr\u00e1gya, amelyet a\u00a0<strong>t\u0171level\u0171ek\u00a0<\/strong>\u00e9s m\u00e1s d\u00edszf\u00e1k \u00e9s cserj\u00e9k minden faj\u00e1nak t\u00e1pl\u00e1l\u00e1s\u00e1ra terveztek. A nitrog\u00e9nben, foszforban \u00e9s k\u00e1liumban gazdag eg\u00e9szs\u00e9ges \u00f6sszet\u00e9tele teljes m\u00e9rt\u00e9kben fedezi a t\u0171level\u0171ek t\u00e1pl\u00e1lkoz\u00e1si ig\u00e9nyeit, ami pozit\u00edv hat\u00e1ssal van az egyenletes n\u00f6veked\u00e9sre. A rendszeres tr\u00e1gy\u00e1z\u00e1s biztos\u00edtja a <strong>t\u0171k megfelel\u0151 sz\u00edn\u00e9t<\/strong>\u00a0<strong>\u00e9s a n\u00f6v\u00e9nyek megfelel\u0151 \u00e1llapot\u00e1t<\/strong>. A m\u0171tr\u00e1gya j\u00f3l m\u0171k\u00f6dik olyan t\u0171level\u0171 n\u00f6v\u00e9nyek termeszt\u00e9s\u00e9ben, mint: lucfeny\u0151k, feny\u0151k, Douglas feny\u0151k, hemlockok, thuja, tiszafa, ciprusok, bor\u00f3k\u00e1k, c\u00e9drusok, ciprusok \u00e9s m\u00e1s kev\u00e9sb\u00e9 n\u00e9pszer\u0171 t\u0171level\u0171ek, pl. feny\u0151k, araucaria, cephalophyt\u00e1k, arborvitae.<\/p>\n<p>A t\u0171level\u0171ek nagyon specifikus n\u00f6v\u00e9nycsoport, mivel t\u00f6bbnyire \u00f6r\u00f6kz\u00f6ldek. A t\u0171level\u0171ek nagyon hossz\u00fa ideig tartj\u00e1k a t\u0171ket vagy a lev\u00e9lm\u00e9rlegeket, \u00e9s n\u00e9h\u00e1ny \u00e9vente egyszer &#8222;cser\u00e9lik&#8221; \u0151ket. A n\u00f6v\u00e9nyek ilyen fiziol\u00f3gi\u00e1ja azt jelenti, hogy nagyon gyorsan reag\u00e1lnak a talaj t\u00e1panyaghi\u00e1ny\u00e1ra, \u00e9s a hi\u00e1nyoss\u00e1gok t\u00fcnetei hossz\u00fa ideig fennmaradnak a n\u00f6v\u00e9nyek \u00f6r\u00f6kz\u00f6ld r\u00e9szein. Ha nem tr\u00e1gy\u00e1zzuk, akkor a t\u0171level\u0171ek helyrehozhatatlanul elvesz\u00edthetik t\u0171iket, \u00e9s a korona belsej\u00e9b\u0151l nem lehet \u00fajra s\u0171r\u00edteni \u0151ket. A t\u0171level\u0171ek m\u0171tr\u00e1gya szisztematikus alkalmaz\u00e1s\u00e1val elker\u00fclj\u00fck a t\u0171k elsz\u00ednez\u0151d\u00e9s\u00e9t, amelyek kezdetben s\u00e1rga sz\u00edn\u0171ek, majd barn\u00e1k lesznek \u00e9s elhalnak. A hossz\u00fa t\u00e1v\u00fa t\u00e1panyaghi\u00e1ny ahhoz vezethet, hogy a n\u00f6v\u00e9nyek t\u00fals\u00e1gosan megfosztj\u00e1k a t\u0171ket, \u00edgy nem t\u0171nnek vonz\u00f3nak. A t\u0171level\u0171 m\u0171tr\u00e1gya megakad\u00e1lyozza a t\u0171k s\u00e1rgul\u00e1s\u00e1t \u00e9s barnul\u00e1s\u00e1t, \u00edgy nem esnek le id\u0151 el\u0151tt, \u00e9s hossz\u00fa ideig maradnak a n\u00f6v\u00e9nyen. A t\u0171level\u0171ek m\u0171tr\u00e1gy\u00e1j\u00e1nak haszn\u00e1lat\u00e1val helyre\u00e1ll\u00edthatjuk a t\u0171k megfelel\u0151 megjelen\u00e9s\u00e9t \u00e9s eg\u00e9szs\u00e9g\u00e9t is. A megfelel\u0151en t\u00e1pl\u00e1lt n\u00f6v\u00e9nyek intenz\u00edven s\u0171r\u0171s\u00f6dnek \u00e9s viszonylag gyorsan n\u0151nek.<\/p>\n<p><strong>A t\u0171level\u0171ek m\u0171tr\u00e1gy\u00e1j\u00e1t k\u00fcl\u00f6n\u00f6sen tavasszal kell haszn\u00e1lni<\/strong>, miut\u00e1n a n\u00f6v\u00e9nyek kij\u00f6ttek a nyugalmi id\u0151szakb\u00f3l. Ezut\u00e1n a t\u00e9l ut\u00e1n gyeng\u00fclt t\u0171level\u0171eknek sz\u00fcks\u00e9g\u00fck van az \u00faj termeszt\u00e9si id\u0151szakra. Ez lehet\u0151v\u00e9 teszi sz\u00e1mukra, hogy fiatal, er\u0151s \u00e9s szil\u00e1rd hajt\u00e1sokat k\u00e9sz\u00edtsenek.\u00a0<strong>A tr\u00e1gy\u00e1z\u00e1st 45-60 naponk\u00e9nt kell ism\u00e9telni<\/strong>\u00a0a t\u0171level\u0171ek fejl\u0151d\u00e9s\u00e9nek k\u00e9s\u0151bbi szakasz\u00e1ban.<\/p>\n<p>N\u00e9ha k\u00fcl\u00f6nf\u00e9le d\u00edszes form\u00e1kat alak\u00edtunk ki t\u0171level\u0171ekb\u0151l, hogy kerti bonsai-t hozzunk l\u00e9tre. Az ilyen n\u00f6v\u00e9nyeket, amelyeket nagyon gyakran metszenek, k\u00fcl\u00f6n\u00f6s gondoss\u00e1ggal kell ell\u00e1tni, megfelel\u0151 t\u00e1panyaggal. Ezut\u00e1n a kialak\u00edtott g\u00f6mb vagy m\u00e1s form\u00e1k vonz\u00f3 megjelen\u00e9st kapnak a megfelel\u0151 s\u0171r\u0171s\u00f6d\u00e9snek k\u00f6sz\u00f6nhet\u0151en.<\/p>\n<h3>K\u00fcl\u00f6nleges k\u00f6vetelm\u00e9nyek a t\u0171level\u0171ek fejl\u0151d\u00e9s\u00e9hez:<\/h3>\n<p>Egyes t\u0171level\u0171ek a szubsztr\u00e1tum savas pH-j\u00e1t ig\u00e9nylik a megfelel\u0151 fejl\u0151d\u00e9shez. \u00c1ltal\u00e1ban \u00fcltet\u00e9skor savas t\u0151zeggel vagy talajjal gazdag\u00edtjuk a szubsztr\u00e1tumot. De egy kis termeszt\u00e9s ut\u00e1n a talaj steril lesz \u00e9s elvesz\u00edti tulajdons\u00e1gait.\u00a0<strong>Amikor a szubsztr\u00e1tum elvesztette savas pH-j\u00e1t<\/strong>, \u00e9rdemes\u00a0<strong><span style=\"color: #3366ff;\"><a style=\"color: #3366ff;\" href=\"https:\/\/tajkertesz.com\/termek\/agrecol-mutragya-rhododendronhoz-12-kg\/\" target=\"_blank\" rel=\"noopener noreferrer\">savany\u00edt\u00f3 m\u0171tr\u00e1gy\u00e1t<\/a>\u00a0<\/span>alkalmazni.<\/strong><\/p>\n<p>Egyes esetekben a t\u00e1panyaghi\u00e1ny olyan s\u00falyos, hogy a t\u0171levelek alapsz\u00edne elv\u00e9sz. Ha a t\u0171k barn\u00e1k lesznek, akkor \u00e9rdemes intervenci\u00f3s m\u0171tr\u00e1gy\u00e1t haszn\u00e1lni, azaz a <span style=\"color: #3366ff;\"><a style=\"color: #3366ff;\" href=\"https:\/\/tajkertesz.com\/termek\/agrecol-orokzold-barnulas-ellen-12-kg\/\" target=\"_blank\" rel=\"noopener noreferrer\"><strong>t\u0171level\u0171ek m\u0171tr\u00e1gya a t\u0171 barnul\u00e1sa ellen<\/strong><\/a>,<\/span> amely az alapvet\u0151 t\u00e1panyagok mellett magn\u00e9ziumot is tartalmaz, amely t\u00e1mogatja a\u00a0<strong>t\u0171k<\/strong>\u00a0megfelel\u0151 sz\u00edn\u00e9nek helyre\u00e1ll\u00edt\u00e1s\u00e1t.<\/p>\n<h3><strong>A t\u0171level\u0171ek m\u0171tr\u00e1gy\u00e1inak haszn\u00e1lata:<\/strong><\/h3>\n<p>Sokan megk\u00e9rdezik magukt\u00f3l: &#8222;mit tehetek, hogy megakad\u00e1lyozzam, hogy a t\u0171level\u0171ek t\u00fal magasak legyenek?&#8221; A tov\u00e1bbi tr\u00e1gy\u00e1z\u00e1st fokozza az a t\u00e9ny, hogy a n\u00f6v\u00e9ny m\u00e9g intenz\u00edvebben n\u0151, ez\u00e9rt egyesek att\u00f3l tartanak, hogy a t\u0171level\u0171ek m\u0171tr\u00e1gy\u00e1it haszn\u00e1lj\u00e1k, att\u00f3l tartva, hogy t\u00fal magasak lesznek.\u00a0<strong>A m\u0171tr\u00e1gy\u00e1z\u00e1s teljes hi\u00e1nya rossz megold\u00e1s.<\/strong>\u00a0Hogyan lehet \u00f6sszeegyeztetni a tr\u00e1gy\u00e1z\u00e1st egy kis fa tart\u00e1s\u00e1val egy kis kertben egyidej\u0171leg? A term\u00e9szetben az \u0151shonos t\u0171level\u0171ek hatalmas m\u00e9reteket \u00e9rnek el, \u00e9s nem mindig van hely\u00fcnk a kertben, hogy olyan f\u00e1t \u00fcltess\u00fcnk, amely egy id\u0151 ut\u00e1n sz\u00f3 szerint meghaladja elv\u00e1r\u00e1sainkat. Jelenleg a teny\u00e9szt\u00e9s folyam\u00e1n sz\u00e1mos d\u00edszn\u00f6v\u00e9nyfajt\u00e1t hoztak l\u00e9tre az alapfajokb\u00f3l, amelyek nem \u00e9rik el a sz\u00f6rny\u0171 m\u00e9reteket. P\u00e9ld\u00e1ul: a n\u00e9pszer\u0171 ez\u00fcst lucfeny\u0151 (t\u00fcsk\u00e9s) 30 m-ig n\u0151, de\u00a0<strong>ha kisebb egyen\u00e9rt\u00e9ket szeretne ennek a f\u00e1nak, \u00e9rdemes megv\u00e1s\u00e1rolni a k\u00e9k lucfeny\u0151 egyik fajt\u00e1j\u00e1t, pl. &#8222;Koster&#8221;, &#8222;Hoopsii&#8221;.<\/strong><\/p>\n<\/div>\n<\/div>\n<div class=\"description\">\n<div class=\"inner\">\n<h2>Haszn\u00e1lati utas\u00edt\u00e1s<\/h2>\n<p>Haszn\u00e1lja m\u00e1rciust\u00f3l augusztusig, 60 naponta. Szeptembert\u0151l \u0151szi m\u0171tr\u00e1gy\u00e1t kell alkalmazni.<\/p>\n<p>1. M\u00e9rje ki a megfelel\u0151 mennyis\u00e9g\u0171 m\u0171tr\u00e1gy\u00e1t a n\u00f6v\u00e9ny m\u00e9ret\u00e9t\u0151l f\u00fcgg\u0151en:<\/p>\n<ul>\n<li><strong>fiatal n\u00f6v\u00e9nyek (legfeljebb 0,5 m magas) \u2013<\/strong>\u00a0haszn\u00e1ljon 20-30 g m\u0171tr\u00e1gy\u00e1t<\/li>\n<li><strong>Id\u0151sebb n\u00f6v\u00e9nyek \u2013<\/strong>\u00a0haszn\u00e1ljon 40-60 g m\u0171tr\u00e1gy\u00e1t minden 1 m n\u00f6v\u00e9nymagass\u00e1ghoz<\/li>\n<li><strong>K\u00fasz\u00f3 n\u00f6v\u00e9nyek \u00e9s cserj\u00e9k \u2013<\/strong>\u00a0haszn\u00e1ljon 20-40 g m\u0171tr\u00e1gy\u00e1t a n\u00f6v\u00e9nyek \u00e1ltal elfoglalt ter\u00fclet minden 1<sup>m2-\u00e9re<\/sup>.<\/li>\n<\/ul>\n<p>2. Sz\u00f3rjuk a m\u0171tr\u00e1gy\u00e1t egyenletesen a n\u00f6v\u00e9ny k\u00f6r\u00fcl, \u00e9s ha lehets\u00e9ges, keverj\u00fck \u00f6ssze a talajjal.<\/p>\n<p>3. A m\u0171tr\u00e1gya kisz\u00f3r\u00e1sa ut\u00e1n v\u00edzzel b\u0151s\u00e9gesen \u00f6nt\u00f6zze a n\u00f6v\u00e9nyt.<\/p>\n<h3>Egy mar\u00e9k k\u00f6r\u00fclbel\u00fcl 30-40 g m\u0171tr\u00e1gya. A m\u0171tr\u00e1gya \u00f6sszetev\u0151i k\u00f6r\u00fclbel\u00fcl 4-6 h\u00e9t alatt szabadulnak fel.<\/h3>\n<\/div>\n<\/div>\n<div><a href=\"https:\/\/tajkertesz.com\/wp-content\/uploads\/2021\/05\/Agrecol-bizt.adatl_..pdf\">Agrecol bizt.adatl.<\/a><\/div>\n<div>\n<p>El\u00e9rhet\u0151 t\u00f6bbf\u00e9le m\u00e9retben \u00e9s \u00e1rban.<\/p>\n<p><strong>K\u00e9szlet\u00fcnk napi szinten v\u00e1ltozik, ez\u00e9rt k\u00e9rj\u00fck, \u00e9rdekl\u0151dj\u00f6n szem\u00e9lyesen, telefonon vagy email-en.<br \/>\nA v\u00e1ltoztat\u00e1s jog\u00e1t fenntartjuk!\u00a0<\/strong><\/p>\n<p><a href=\"https:\/\/tajkertesz.com\/\">https:\/\/tajkertesz.com\/<\/a><\/p>\n<p><a href=\"https:\/\/www.facebook.com\/tajkertesz\/\">https:\/\/www.facebook.com\/tajkertesz\/<\/a><\/p>\n<p>Kisz\u00e1ll\u00edt\u00e1s: 200cm-ig \u00a0\u00e9s 40 kg-ig a sz\u00e1ll\u00edt\u00e1s fut\u00e1rszolg\u00e1lattal \u00a0t\u00f6rt\u00e9nik.<\/p>\n<p>Szem\u00e9lyes \u00e1tv\u00e9tel nyitvatart\u00e1si id\u0151ben a 17. ker\u00fclet Bakancsos utca 7. sz\u00e1m alatti Kert\u00e9szeti \u00e1rud\u00e1ban.<\/p>\n<\/div>","protected":false},"excerpt":{"rendered":"<div class=\"artdet__name-rating d-none d-lg-block\">\n<div class=\"row gutters-5\">\n<div class=\"col\">\n<div class=\"artdet__name-rating d-none d-lg-block\">\n<div class=\"row gutters-5\">\n<div class=\"col\">\n<h2 class=\"artdet__name line-clamp--3-12\">Agrecol m\u0171tr\u00e1gya \u00f6r\u00f6kz\u00f6ldekhez 5 kg<\/h2>\n<\/div>\n<\/div>\n<\/div>\n<div id=\"artdet__short-descrition\" class=\"artdet__short-descripton artdet-block border-block\">\n<div class=\"artdet__short-descripton-content text-justify font-s font-sm-m\">\n<p class=\"artdet__name line-clamp--3-12\">Agrecol m\u0171tr\u00e1gya \u00f6r\u00f6kz\u00f6ldekhez 5 kg\u00a0 agrecol \u00d6r\u00f6kz\u00f6ld m\u0171tr\u00e1gya 60 napos leboml\u00e1s\u00fa<\/p>\n<ul>\n<li>t\u0171level\u0171ek \u00e9s m\u00e1s \u00f6r\u00f6kz\u00f6ld n\u00f6v\u00e9nyek t\u00e1panyag ut\u00e1np\u00f3tl\u00e1s\u00e1ra<\/li>\n<li>lombhullat\u00f3 f\u00e1k \u00e9s cserj\u00e9k tr\u00e1gy\u00e1z\u00e1s\u00e1ra is alkalmas<\/li>\n<li>biztos\u00edtja a megfelel\u0151 n\u00f6v\u00e9ny n\u00f6veked\u00e9st, a t\u0171levelek, pikkelyek \u00e9s levelek intenz\u00edv sz\u00edn\u00e9t<\/li>\n<li>Az adagol\u00e1s a n\u00f6v\u00e9ny m\u00e9ret\u00e9t\u0151l f\u00fcgg<\/li>\n<\/ul>\n<p>&nbsp;<\/p>\n<\/div>\n<\/div>\n<div id=\"bodyContent\" class=\"mw-body-content\">\n<div id=\"mw-content-text\" class=\"mw-content-ltr\" dir=\"ltr\" lang=\"hu\">\n<div id=\"bodyContent\" class=\"mw-body-content\">\n<div id=\"mw-content-text\" class=\"mw-content-ltr\" dir=\"ltr\" lang=\"hu\">\n<p><b>K\u00e9szlet\u00fcnk napi szinten v\u00e1ltozik, ez\u00e9rt k\u00e9rj\u00fck, \u00e9rdekl\u0151dj\u00f6n szem\u00e9lyesen, telefonon vagy email-en.<\/b><\/p>\n<p>Term\u00e9keinket szem\u00e9lyesen is \u00e1tveheti a h\u00e9t minden napj\u00e1n nyitvatart\u00e1si id\u0151ben!<\/p>\n<p>Kisz\u00e1ll\u00edt\u00e1s: 200 cm \u00e9s 40 kg-ig a sz\u00e1ll\u00edt\u00e1s fut\u00e1rszolg\u00e1lattal t\u00f6rt\u00e9nik.<\/p>\n<\/div>\n<\/div>\n<\/div>\n<\/div>\n<p><b>A v\u00e1ltoztat\u00e1s jog\u00e1t fenntartjuk!\u00a0<\/b><\/p>\n<\/div>\n<\/div>\n<\/div>\n<div id=\"artdet__short-descrition\" class=\"artdet__short-descripton artdet-block border-block\">\n<div class=\"artdet__short-descripton-content text-justify font-s font-sm-m\">\n<p>Agrecol \u00f6r\u00f6kz\u00f6ldekhez 5 kg m\u0171tr\u00e1gya<br \/>\n60 napos leboml\u00e1s\u00fa<\/p>\n<p>Ez a m\u0171tr\u00e1gya, tuj\u00e1k, ciprusok, hamisciprusok, bor\u00f3kaf\u00e9l\u00e9k t\u00e1panyag ut\u00e1np\u00f3tl\u00e1s\u00e1ra szolg\u00e1l.<\/p>\n<p>Mindegyik csomag tartalmazza a haszn\u00e1lati \u00fatmutat\u00f3t, \u00e9s a lej\u00e1rati d\u00e1tumot a csomag adatai tartalmazz\u00e1k.<\/p>\n<\/div>\n<\/div>","protected":false},"featured_media":18101,"template":"","meta":{"_et_pb_use_builder":"","_et_pb_old_content":"","_et_gb_content_width":""},"product_brand":[],"product_cat":[1417],"product_tag":[537,4494,705,24,36],"class_list":{"0":"post-4001","1":"product","2":"type-product","3":"status-publish","4":"has-post-thumbnail","6":"product_cat-agrecol-mutragyak-tulevelu-es-orokzold-novenyekre","7":"product_tag-agrecol","8":"product_tag-fenyok","9":"product_tag-mutragya","10":"product_tag-orokzold","11":"product_tag-tragya","13":"first","14":"instock","15":"shipping-taxable","16":"purchasable","17":"product-type-simple"},"yoast_head":"<!-- This site is optimized with the Yoast SEO plugin v27.3 - https:\/\/yoast.com\/product\/yoast-seo-wordpress\/ -->\n<title>Agrecol m\u0171tr\u00e1gya \u00f6r\u00f6kz\u00f6ldekhez 5 kg - T\u00e1jkert\u00e9sz<\/title>\n<meta name=\"description\" content=\"Agrecol m\u0171tr\u00e1gya \u00f6r\u00f6kz\u00f6ldekhez 5 kg agrecol \u00d6r\u00f6kz\u00f6ld m\u0171tr\u00e1gya60 napos leboml\u00e1s\u00faEz a m\u0171tr\u00e1gya, tuj\u00e1k, ciprusok, hamisciprusok, bor\u00f3kaf\u00e9l\u00e9k\" \/>\n<meta name=\"robots\" content=\"index, follow, max-snippet:-1, max-image-preview:large, max-video-preview:-1\" \/>\n<link rel=\"canonical\" href=\"https:\/\/tajkertesz.com\/en_US\/product\/agrecol-mutragya-orokzoldekhez-5-kg\/\" \/>\n<meta property=\"og:locale\" content=\"en_US\" \/>\n<meta property=\"og:type\" content=\"article\" \/>\n<meta property=\"og:title\" content=\"Agrecol m\u0171tr\u00e1gya \u00f6r\u00f6kz\u00f6ldekhez 5 kg - T\u00e1jkert\u00e9sz\" \/>\n<meta property=\"og:description\" content=\"Agrecol m\u0171tr\u00e1gya \u00f6r\u00f6kz\u00f6ldekhez 5 kg agrecol \u00d6r\u00f6kz\u00f6ld m\u0171tr\u00e1gya60 napos leboml\u00e1s\u00faEz a m\u0171tr\u00e1gya, tuj\u00e1k, ciprusok, hamisciprusok, bor\u00f3kaf\u00e9l\u00e9k\" \/>\n<meta property=\"og:url\" content=\"https:\/\/tajkertesz.com\/en_US\/product\/agrecol-mutragya-orokzoldekhez-5-kg\/\" \/>\n<meta property=\"og:site_name\" content=\"T\u00e1jkert\u00e9sz\" \/>\n<meta property=\"article:publisher\" content=\"https:\/\/www.facebook.com\/Tajkertesz\/\" \/>\n<meta property=\"article:modified_time\" content=\"2024-02-03T13:28:36+00:00\" \/>\n<meta property=\"og:image\" content=\"https:\/\/tajkertesz.com\/wp-content\/uploads\/2021\/05\/234-o-556b-iglak-5kg-v2-wiz_1600-1.png\" \/>\n\t<meta property=\"og:image:width\" content=\"1600\" \/>\n\t<meta property=\"og:image:height\" content=\"1600\" \/>\n\t<meta property=\"og:image:type\" content=\"image\/png\" \/>\n<meta name=\"twitter:card\" content=\"summary_large_image\" \/>\n<meta name=\"twitter:label1\" content=\"Est. reading time\" \/>\n\t<meta name=\"twitter:data1\" content=\"5 minutes\" \/>\n<script type=\"application\/ld+json\" class=\"yoast-schema-graph\">{\"@context\":\"https:\\\/\\\/schema.org\",\"@graph\":[{\"@type\":\"WebPage\",\"@id\":\"https:\\\/\\\/tajkertesz.com\\\/termek\\\/agrecol-mutragya-orokzoldekhez-5-kg\\\/\",\"url\":\"https:\\\/\\\/tajkertesz.com\\\/termek\\\/agrecol-mutragya-orokzoldekhez-5-kg\\\/\",\"name\":\"Agrecol m\u0171tr\u00e1gya \u00f6r\u00f6kz\u00f6ldekhez 5 kg - T\u00e1jkert\u00e9sz\",\"isPartOf\":{\"@id\":\"https:\\\/\\\/tajkertesz.com\\\/#website\"},\"primaryImageOfPage\":{\"@id\":\"https:\\\/\\\/tajkertesz.com\\\/termek\\\/agrecol-mutragya-orokzoldekhez-5-kg\\\/#primaryimage\"},\"image\":{\"@id\":\"https:\\\/\\\/tajkertesz.com\\\/termek\\\/agrecol-mutragya-orokzoldekhez-5-kg\\\/#primaryimage\"},\"thumbnailUrl\":\"https:\\\/\\\/tajkertesz.com\\\/wp-content\\\/uploads\\\/2021\\\/05\\\/234-o-556b-iglak-5kg-v2-wiz_1600-1.png\",\"datePublished\":\"2021-05-04T09:11:09+00:00\",\"dateModified\":\"2024-02-03T13:28:36+00:00\",\"description\":\"Agrecol m\u0171tr\u00e1gya \u00f6r\u00f6kz\u00f6ldekhez 5 kg agrecol \u00d6r\u00f6kz\u00f6ld m\u0171tr\u00e1gya60 napos leboml\u00e1s\u00faEz a m\u0171tr\u00e1gya, tuj\u00e1k, ciprusok, hamisciprusok, bor\u00f3kaf\u00e9l\u00e9k\",\"breadcrumb\":{\"@id\":\"https:\\\/\\\/tajkertesz.com\\\/termek\\\/agrecol-mutragya-orokzoldekhez-5-kg\\\/#breadcrumb\"},\"inLanguage\":\"en-US\",\"potentialAction\":[{\"@type\":\"ReadAction\",\"target\":[\"https:\\\/\\\/tajkertesz.com\\\/termek\\\/agrecol-mutragya-orokzoldekhez-5-kg\\\/\"]}]},{\"@type\":\"ImageObject\",\"inLanguage\":\"en-US\",\"@id\":\"https:\\\/\\\/tajkertesz.com\\\/termek\\\/agrecol-mutragya-orokzoldekhez-5-kg\\\/#primaryimage\",\"url\":\"https:\\\/\\\/tajkertesz.com\\\/wp-content\\\/uploads\\\/2021\\\/05\\\/234-o-556b-iglak-5kg-v2-wiz_1600-1.png\",\"contentUrl\":\"https:\\\/\\\/tajkertesz.com\\\/wp-content\\\/uploads\\\/2021\\\/05\\\/234-o-556b-iglak-5kg-v2-wiz_1600-1.png\",\"width\":1600,\"height\":1600},{\"@type\":\"BreadcrumbList\",\"@id\":\"https:\\\/\\\/tajkertesz.com\\\/termek\\\/agrecol-mutragya-orokzoldekhez-5-kg\\\/#breadcrumb\",\"itemListElement\":[{\"@type\":\"ListItem\",\"position\":1,\"name\":\"Home\",\"item\":\"https:\\\/\\\/tajkertesz.com\\\/\"},{\"@type\":\"ListItem\",\"position\":2,\"name\":\"Kezd\u0151lap\",\"item\":\"https:\\\/\\\/tajkertesz.com\\\/\"},{\"@type\":\"ListItem\",\"position\":3,\"name\":\"Agrecol m\u0171tr\u00e1gya \u00f6r\u00f6kz\u00f6ldekhez 5 kg\"}]},{\"@type\":\"WebSite\",\"@id\":\"https:\\\/\\\/tajkertesz.com\\\/#website\",\"url\":\"https:\\\/\\\/tajkertesz.com\\\/\",\"name\":\"T\u00e1j-Kert\u00e9sz 84 Kft.\",\"description\":\"Kert\u00e9szeti kis- \u00e9s nagykeresked\u00e9s, D\u00edszn\u00f6v\u00e9ny web\u00e1ruh\u00e1z orsz\u00e1gos h\u00e1zhozsz\u00e1ll\u00edt\u00e1ssal!\",\"publisher\":{\"@id\":\"https:\\\/\\\/tajkertesz.com\\\/#organization\"},\"potentialAction\":[{\"@type\":\"SearchAction\",\"target\":{\"@type\":\"EntryPoint\",\"urlTemplate\":\"https:\\\/\\\/tajkertesz.com\\\/?s={search_term_string}\"},\"query-input\":{\"@type\":\"PropertyValueSpecification\",\"valueRequired\":true,\"valueName\":\"search_term_string\"}}],\"inLanguage\":\"en-US\"},{\"@type\":\"Organization\",\"@id\":\"https:\\\/\\\/tajkertesz.com\\\/#organization\",\"name\":\"T\u00e1j-Kert\u00e9sz 84 Kft.\",\"url\":\"https:\\\/\\\/tajkertesz.com\\\/\",\"logo\":{\"@type\":\"ImageObject\",\"inLanguage\":\"en-US\",\"@id\":\"https:\\\/\\\/tajkertesz.com\\\/#\\\/schema\\\/logo\\\/image\\\/\",\"url\":\"https:\\\/\\\/tajkertesz.com\\\/wp-content\\\/uploads\\\/2018\\\/02\\\/logo-2-e1518678052539.png\",\"contentUrl\":\"https:\\\/\\\/tajkertesz.com\\\/wp-content\\\/uploads\\\/2018\\\/02\\\/logo-2-e1518678052539.png\",\"width\":81,\"height\":140,\"caption\":\"T\u00e1j-Kert\u00e9sz 84 Kft.\"},\"image\":{\"@id\":\"https:\\\/\\\/tajkertesz.com\\\/#\\\/schema\\\/logo\\\/image\\\/\"},\"sameAs\":[\"https:\\\/\\\/www.facebook.com\\\/Tajkertesz\\\/\"]}]}<\/script>\n<!-- \/ Yoast SEO plugin. -->","yoast_head_json":{"title":"Agrecol m\u0171tr\u00e1gya \u00f6r\u00f6kz\u00f6ldekhez 5 kg - T\u00e1jkert\u00e9sz","description":"Agrecol m\u0171tr\u00e1gya \u00f6r\u00f6kz\u00f6ldekhez 5 kg agrecol \u00d6r\u00f6kz\u00f6ld m\u0171tr\u00e1gya60 napos leboml\u00e1s\u00faEz a m\u0171tr\u00e1gya, tuj\u00e1k, ciprusok, hamisciprusok, bor\u00f3kaf\u00e9l\u00e9k","robots":{"index":"index","follow":"follow","max-snippet":"max-snippet:-1","max-image-preview":"max-image-preview:large","max-video-preview":"max-video-preview:-1"},"canonical":"https:\/\/tajkertesz.com\/en_US\/product\/agrecol-mutragya-orokzoldekhez-5-kg\/","og_locale":"en_US","og_type":"article","og_title":"Agrecol m\u0171tr\u00e1gya \u00f6r\u00f6kz\u00f6ldekhez 5 kg - T\u00e1jkert\u00e9sz","og_description":"Agrecol m\u0171tr\u00e1gya \u00f6r\u00f6kz\u00f6ldekhez 5 kg agrecol \u00d6r\u00f6kz\u00f6ld m\u0171tr\u00e1gya60 napos leboml\u00e1s\u00faEz a m\u0171tr\u00e1gya, tuj\u00e1k, ciprusok, hamisciprusok, bor\u00f3kaf\u00e9l\u00e9k","og_url":"https:\/\/tajkertesz.com\/en_US\/product\/agrecol-mutragya-orokzoldekhez-5-kg\/","og_site_name":"T\u00e1jkert\u00e9sz","article_publisher":"https:\/\/www.facebook.com\/Tajkertesz\/","article_modified_time":"2024-02-03T13:28:36+00:00","og_image":[{"width":1600,"height":1600,"url":"https:\/\/tajkertesz.com\/wp-content\/uploads\/2021\/05\/234-o-556b-iglak-5kg-v2-wiz_1600-1.png","type":"image\/png"}],"twitter_card":"summary_large_image","twitter_misc":{"Est. reading time":"5 minutes"},"schema":{"@context":"https:\/\/schema.org","@graph":[{"@type":"WebPage","@id":"https:\/\/tajkertesz.com\/termek\/agrecol-mutragya-orokzoldekhez-5-kg\/","url":"https:\/\/tajkertesz.com\/termek\/agrecol-mutragya-orokzoldekhez-5-kg\/","name":"Agrecol m\u0171tr\u00e1gya \u00f6r\u00f6kz\u00f6ldekhez 5 kg - T\u00e1jkert\u00e9sz","isPartOf":{"@id":"https:\/\/tajkertesz.com\/#website"},"primaryImageOfPage":{"@id":"https:\/\/tajkertesz.com\/termek\/agrecol-mutragya-orokzoldekhez-5-kg\/#primaryimage"},"image":{"@id":"https:\/\/tajkertesz.com\/termek\/agrecol-mutragya-orokzoldekhez-5-kg\/#primaryimage"},"thumbnailUrl":"https:\/\/tajkertesz.com\/wp-content\/uploads\/2021\/05\/234-o-556b-iglak-5kg-v2-wiz_1600-1.png","datePublished":"2021-05-04T09:11:09+00:00","dateModified":"2024-02-03T13:28:36+00:00","description":"Agrecol m\u0171tr\u00e1gya \u00f6r\u00f6kz\u00f6ldekhez 5 kg agrecol \u00d6r\u00f6kz\u00f6ld m\u0171tr\u00e1gya60 napos leboml\u00e1s\u00faEz a m\u0171tr\u00e1gya, tuj\u00e1k, ciprusok, hamisciprusok, bor\u00f3kaf\u00e9l\u00e9k","breadcrumb":{"@id":"https:\/\/tajkertesz.com\/termek\/agrecol-mutragya-orokzoldekhez-5-kg\/#breadcrumb"},"inLanguage":"en-US","potentialAction":[{"@type":"ReadAction","target":["https:\/\/tajkertesz.com\/termek\/agrecol-mutragya-orokzoldekhez-5-kg\/"]}]},{"@type":"ImageObject","inLanguage":"en-US","@id":"https:\/\/tajkertesz.com\/termek\/agrecol-mutragya-orokzoldekhez-5-kg\/#primaryimage","url":"https:\/\/tajkertesz.com\/wp-content\/uploads\/2021\/05\/234-o-556b-iglak-5kg-v2-wiz_1600-1.png","contentUrl":"https:\/\/tajkertesz.com\/wp-content\/uploads\/2021\/05\/234-o-556b-iglak-5kg-v2-wiz_1600-1.png","width":1600,"height":1600},{"@type":"BreadcrumbList","@id":"https:\/\/tajkertesz.com\/termek\/agrecol-mutragya-orokzoldekhez-5-kg\/#breadcrumb","itemListElement":[{"@type":"ListItem","position":1,"name":"Home","item":"https:\/\/tajkertesz.com\/"},{"@type":"ListItem","position":2,"name":"Kezd\u0151lap","item":"https:\/\/tajkertesz.com\/"},{"@type":"ListItem","position":3,"name":"Agrecol m\u0171tr\u00e1gya \u00f6r\u00f6kz\u00f6ldekhez 5 kg"}]},{"@type":"WebSite","@id":"https:\/\/tajkertesz.com\/#website","url":"https:\/\/tajkertesz.com\/","name":"T\u00e1j-Kert\u00e9sz 84 Kft.","description":"Kert\u00e9szeti kis- \u00e9s nagykeresked\u00e9s, D\u00edszn\u00f6v\u00e9ny web\u00e1ruh\u00e1z orsz\u00e1gos h\u00e1zhozsz\u00e1ll\u00edt\u00e1ssal!","publisher":{"@id":"https:\/\/tajkertesz.com\/#organization"},"potentialAction":[{"@type":"SearchAction","target":{"@type":"EntryPoint","urlTemplate":"https:\/\/tajkertesz.com\/?s={search_term_string}"},"query-input":{"@type":"PropertyValueSpecification","valueRequired":true,"valueName":"search_term_string"}}],"inLanguage":"en-US"},{"@type":"Organization","@id":"https:\/\/tajkertesz.com\/#organization","name":"T\u00e1j-Kert\u00e9sz 84 Kft.","url":"https:\/\/tajkertesz.com\/","logo":{"@type":"ImageObject","inLanguage":"en-US","@id":"https:\/\/tajkertesz.com\/#\/schema\/logo\/image\/","url":"https:\/\/tajkertesz.com\/wp-content\/uploads\/2018\/02\/logo-2-e1518678052539.png","contentUrl":"https:\/\/tajkertesz.com\/wp-content\/uploads\/2018\/02\/logo-2-e1518678052539.png","width":81,"height":140,"caption":"T\u00e1j-Kert\u00e9sz 84 Kft."},"image":{"@id":"https:\/\/tajkertesz.com\/#\/schema\/logo\/image\/"},"sameAs":["https:\/\/www.facebook.com\/Tajkertesz\/"]}]}},"_links":{"self":[{"href":"https:\/\/tajkertesz.com\/en_US\/wp-json\/wp\/v2\/product\/4001","targetHints":{"allow":["GET"]}}],"collection":[{"href":"https:\/\/tajkertesz.com\/en_US\/wp-json\/wp\/v2\/product"}],"about":[{"href":"https:\/\/tajkertesz.com\/en_US\/wp-json\/wp\/v2\/types\/product"}],"wp:featuredmedia":[{"embeddable":true,"href":"https:\/\/tajkertesz.com\/en_US\/wp-json\/wp\/v2\/media\/18101"}],"wp:attachment":[{"href":"https:\/\/tajkertesz.com\/en_US\/wp-json\/wp\/v2\/media?parent=4001"}],"wp:term":[{"taxonomy":"product_brand","embeddable":true,"href":"https:\/\/tajkertesz.com\/en_US\/wp-json\/wp\/v2\/product_brand?post=4001"},{"taxonomy":"product_cat","embeddable":true,"href":"https:\/\/tajkertesz.com\/en_US\/wp-json\/wp\/v2\/product_cat?post=4001"},{"taxonomy":"product_tag","embeddable":true,"href":"https:\/\/tajkertesz.com\/en_US\/wp-json\/wp\/v2\/product_tag?post=4001"}],"curies":[{"name":"wp","href":"https:\/\/api.w.org\/{rel}","templated":true}]}}