{"id":4022,"date":"2021-05-04T10:45:50","date_gmt":"2021-05-04T10:45:50","guid":{"rendered":"https:\/\/tajkertesz.com\/?post_type=product&#038;p=4022"},"modified":"2024-02-03T13:10:28","modified_gmt":"2024-02-03T13:10:28","slug":"agrecol-mutragya-bogyos-gyumolcsokhoz-12-kg","status":"publish","type":"product","link":"https:\/\/tajkertesz.com\/en_US\/product\/agrecol-mutragya-bogyos-gyumolcsokhoz-12-kg\/","title":{"rendered":"Agrecol m\u0171tr\u00e1gya bogy\u00f3s gy\u00fcm\u00f6lcs\u00f6kh\u00f6z 1,2 kg"},"content":{"rendered":"<div class=\"artdet__name-rating d-none d-lg-block\">\n<div class=\"row gutters-5\">\n<div class=\"col\">\n<h2 class=\"artdet__name line-clamp--3-12\">Agrecol m\u0171tr\u00e1gya bogy\u00f3s gy\u00fcm\u00f6lcs\u00f6kh\u00f6z 1,2 kg<\/h2>\n<\/div>\n<\/div>\n<\/div>\n<div id=\"artdet__short-descrition\" class=\"artdet__short-descripton artdet-block border-block\">\n<div class=\"artdet__short-descripton-content text-justify font-s font-sm-m\">\n<h2 class=\"artdet__name line-clamp--3-12\"><\/h2>\n<p>Agrecol m\u0171tr\u00e1gya bogy\u00f3s gy\u00fcm\u00f6lcs\u00f6kh\u00f6z 1,2 kg<\/p>\n<div class=\"main-info\">\n<div class=\"oneoftwo\">\n<div class=\"inner\">\n<p>-sz\u0151l\u0151, valamint m\u00e1lna, ribizli \u00e9s szeder t\u00e1poz\u00e1s\u00e1ra<\/p>\n<p>-j\u00f3, \u00edzletes gy\u00fcm\u00f6lcs\u00f6t garant\u00e1l<\/p>\n<p>-hat\u00e9konys\u00e1g: a n\u00f6v\u00e9nyek m\u00e9ret\u00e9t\u0151l \u00e9s t\u00edpus\u00e1t\u00f3l f\u00fcgg &#8211; 20-60 g m\u0171tr\u00e1gya 1 m\u00a0<sup>2<\/sup>\u00a0-re<\/p>\n<h2>Tartalom<\/h2>\n<p>EC m\u0171tr\u00e1gya<br \/>\nnitrog\u00e9n (N) &#8211; 12%<br \/>\nfoszfor (P\u00a0<sub>2<\/sub>\u00a0O\u00a0<sub>5<\/sub>\u00a0) &#8211; 10%<br \/>\nk\u00e1lium (K\u00a0<sub>2<\/sub>\u00a0O) &#8211; 23%<br \/>\nmagn\u00e9zium (MgO) &#8211; 2%<\/p>\n<p>Mikroelemek:<br \/>\nb\u00f3r (B) 0,04%, r\u00e9z (Cu) 0,1%, vas (Fe) 0,2%, mang\u00e1n (Mn) 0,17%, molibd\u00e9n (Mo) 0,01%, cink (Zn) 0,035%<\/p>\n<\/div>\n<\/div>\n<\/div>\n<div class=\"description\">\n<div class=\"inner\">\n<div class=\"description\">\n<div class=\"inner\">\n<div class=\"description\">\n<div class=\"inner\">\n<div class=\"description\">\n<div class=\"inner\">\n<p><strong>A sz\u0151l\u0151, ribizli, m\u00e1lna \u00e9s szeder<\/strong>\u00a0m\u0171tr\u00e1gy\u00e1ja szemcs\u00e9s \u00e1sv\u00e1nyi m\u0171tr\u00e1gya.\u00a0Eg\u00e9szs\u00e9ges \u00f6sszet\u00e9tele teljes m\u00e9rt\u00e9kben fedezi a n\u00f6v\u00e9nyek makro- \u00e9s mikroelemek ir\u00e1nti term\u00e9szetes ig\u00e9nyeit.\u00a0Az optim\u00e1lis nitrog\u00e9n-, foszfor- \u00e9s k\u00e1liumtartalom garant\u00e1lja az intenz\u00edv n\u00f6v\u00e9nyn\u00f6veked\u00e9st, ennek k\u00f6sz\u00f6nhet\u0151en a n\u00f6v\u00e9nyek b\u0151s\u00e9gesek, a gy\u00fcm\u00f6lcs pedig sz\u00e9p, forms, megfelel\u0151 sz\u00edn\u0171 \u00e9s nagyon \u00edzletes lesz.<\/p>\n<\/div>\n<\/div>\n<div class=\"description\">\n<div class=\"inner\">\n<h2>Alkalmaz\u00e1si m\u00f3dszer<\/h2>\n<p>Haszn\u00e1lja a fajt\u00f3l f\u00fcgg\u0151en:<\/p>\n<p><strong>-Sz\u0151l\u0151<\/strong> \u2022 \u00e9vente h\u00e1romszori\u00a0<strong>tr\u00e1gy\u00e1z\u00e1s<\/strong>\u00a0&#8211; kora tavasszal, az intenz\u00edv hajt\u00e1sn\u00f6veked\u00e9s f\u00e1zis\u00e1ban \u00e9s a vir\u00e1gz\u00e1s alatt<\/p>\n<p><strong>-Ribizli<\/strong> \u2022 \u00e9vente k\u00e9tszeri\u00a0 tr\u00e1gy\u00e1z\u00e1s &#8211; kora tavasszal, valamint m\u00e1jus \u00e9s j\u00fanius k\u00f6z\u00f6tt<\/p>\n<p><strong>-A m\u00e1lna \u00e9s\u00a0 szeder<\/strong> \u2022 \u00e9vente h\u00e1romszori\u00a0<strong>tr\u00e1gy\u00e1z\u00e1s<\/strong> &#8211; kora tavasszal, m\u00e1jusban, valamint j\u00fanius \u00e9s j\u00falius k\u00f6z\u00f6tt<\/p>\n<p>Az \u0151szi m\u0171tr\u00e1gy\u00e1t szeptembert\u0151l kell haszn\u00e1lni.<\/p>\n<p>A n\u00f6v\u00e9ny fajt\u00e1j\u00e1t\u00f3l f\u00fcgg\u0151en m\u00e9rje ki a megfelel\u0151 adag m\u0171tr\u00e1gy\u00e1t:<\/p>\n<p><strong>Sz\u0151l\u0151<\/strong><br \/>\n&#8211; fiatalabb sz\u0151l\u0151 &#8211; 40 g m\u0171tr\u00e1gy\u00e1t haszn\u00e1ljon minden 1 m term\u0151ter\u00fcletre<br \/>\n&#8211; r\u00e9gebbi, vastag t\u00f6rzs\u0171 sz\u0151l\u0151t\u0151kn\u00e9l &#8211; 50-60 g m\u0171tr\u00e1gy\u00e1t haszn\u00e1ljon minden n\u00f6v\u00e9ny alatt<br \/>\n<strong>Ribizli<\/strong><br \/>\n&#8211; kis bokrokhoz (a korona \u00e1tm\u00e9r\u0151je kb. 0,5 m) haszn\u00e1ljon 10 -20 g m\u0171tr\u00e1gya n\u00f6v\u00e9nyenk\u00e9nt<br \/>\n&#8211; nagyobb bokrokhoz (a korona \u00e1tm\u00e9r\u0151je kb. 1 m) minden n\u00f6v\u00e9nyhez haszn\u00e1ljon 30-40 g m\u0171tr\u00e1gy\u00e1t<br \/>\n<strong>M\u00e1lna \u00e9s szeder<\/strong><br \/>\n&#8211; Els\u0151 tr\u00e1gy\u00e1z\u00e1s kora tavasszal 30 g-ot haszn\u00e1ljon 1 m-re term\u0151ter\u00fcletre<br \/>\n&#8211; M\u00e1sodik tr\u00e1gy\u00e1z\u00e1s &#8211; m\u00e1jusban haszn\u00e1ljon 20 -30 g-ot minden 1 m-es term\u0151ter\u00fcletre<br \/>\n&#8211; Harmadik tr\u00e1gy\u00e1z\u00e1s &#8211; j\u00fanius \u00e9s j\u00falius k\u00f6z\u00f6tt 15 g-ot haszn\u00e1ljon minden 1 m-es term\u0151ter\u00fcletre<\/p>\n<p>A m\u0171tr\u00e1gya kijuttat\u00e1sa ut\u00e1n \u00f6nt\u00f6zze meg b\u0151s\u00e9gesen a n\u00f6v\u00e9nyt.<\/p>\n<\/div>\n<\/div>\n<\/div>\n<\/div>\n<\/div>\n<\/div>\n<\/div>\n<\/div>\n<\/div>\n<\/div>\n<div><\/div>\n<div><a href=\"https:\/\/www.facebook.com\/tajkertesz\">https:\/\/www.facebook.com\/tajkertesz<\/a><\/div>\n<div><a href=\"https:\/\/tajkertesz.com\/\">https:\/\/tajkertesz.com\/<\/a><\/div>\n<div><a href=\"https:\/\/tajkertesz.com\/wp-content\/uploads\/2021\/05\/Agrecol-bizt.adatl_..pdf\">Agrecol bizt.adatl.<\/a><\/div>\n<div><\/div>\n<h4><span id=\"A_m\u0171tr\u00e1gy\u00e1z\u00e1s_hat\u00e1sai\" class=\"mw-headline\" style=\"color: #ffffff;\">A m\u0171tr\u00e1gy\u00e1z\u00e1s hat\u00e1sai<\/span><\/h4>\n<p><span style=\"color: #ffffff;\">A k\u00f6znyelvben gyakran keverik a m\u0171tr\u00e1gy\u00e1kat a n\u00f6v\u00e9nyv\u00e9d\u0151 szerekkel. Azonban a m\u0171tr\u00e1gya nem term\u00e9szetidegen anyag. A m\u0171tr\u00e1gy\u00e1z\u00e1ssal olyan vegyi anyagok nem ker\u00fclnek a talajba, amik m\u00e1r eleve nem lenn\u00e9nek jelen. Ugyanazon fontos t\u00e1pionokat tartalmazza, melyeket a talaj- \u00e9s a szerves tr\u00e1gy\u00e1k is szolg\u00e1ltatnak. Teh\u00e1t megfelel\u0151en alkalmazva a m\u0171tr\u00e1gy\u00e1k csak minim\u00e1lis k\u00e1ros hat\u00e1ssal vannak a k\u00f6rnyezetre n\u00e9zve. S\u0151t, amennyiben t\u00e9nylegesen a talaj hi\u00e1nyoss\u00e1gait p\u00f3tolj\u00e1k, illetve a talajhib\u00e1kat orvosolj\u00e1k (t\u00e1pelem-ar\u00e1nyok \u00e9s ar\u00e1nytalans\u00e1gok megsz\u00fcntet\u00e9se, t\u00falzott savass\u00e1g vagy l\u00fagoss\u00e1g tomp\u00edt\u00e1sa stb.), \u00fagy alkalmaz\u00e1sukkal eg\u00e9szs\u00e9gesebb talaj, talaj\u00e9let, n\u00f6v\u00e9nyzet, \u00e1llati \u00e9s emberi k\u00f6z\u00f6ss\u00e9gek j\u00f6hetnek l\u00e9tre az addig term\u00e9ketlen f\u00f6ldeken.<\/span><\/p>\n<p><span style=\"color: #ffffff;\">A megm\u0171velt ter\u00fcletek megn\u00f6vekedett termel\u00e9kenys\u00e9ge lehet\u0151v\u00e9 teszi az erd\u0151k \u00e9s r\u00e9tek term\u00e9szetes \u00e1llapotban val\u00f3 meg\u0151rz\u00e9s\u00e9t, nem kell \u00fajabb sz\u0171z ter\u00fcleteket bevonni a mez\u0151gazdas\u00e1gba. Teh\u00e1t a helyes elveken nyugv\u00f3 m\u0171tr\u00e1gy\u00e1z\u00e1s j\u00f3t\u00e9kony hat\u00e1ssal lehet a k\u00f6rnyezetre, ugyanis <i>v\u00e9di \u00e9s jav\u00edtja<\/i> azt, hiszen a n\u00f6v\u00e9nyzet oxig\u00e9ntermel\u00e9s\u00e9vel hozz\u00e1j\u00e1rul a l\u00e9gk\u00f6r fenntart\u00e1s\u00e1hoz, \u00edgy cs\u00f6kkentve az \u00fcvegh\u00e1zhat\u00e1st. A talaj szervesanyag-tartalma is megn\u00f6vekszik a nagyobb mennyis\u00e9g\u0171 tarl\u00f3- \u00e9s sz\u00e1rmaradv\u00e1ny talajba jut\u00e1sa r\u00e9v\u00e9n. A talajer\u00f3zi\u00f3t cs\u00f6kkenti az eg\u00e9szs\u00e9ges n\u00f6v\u00e9nyzet akt\u00edv gy\u00f6k\u00e9rzete r\u00e9v\u00e9n, \u00e9s a talajban term\u00e9szetesen el\u0151fordul\u00f3, illetve kijuttatott t\u00e1panyagokat is jobban hasznos\u00edtja, korl\u00e1tozva a t\u00e1panyagok talajmenti vizekbe jut\u00e1s\u00e1t.<\/span><\/p>\n<h4><span id=\"A_m\u0171tr\u00e1gy\u00e1z\u00e1s_szezonja\" class=\"mw-headline\" style=\"color: #ffffff;\">A m\u0171tr\u00e1gy\u00e1z\u00e1s szezonja<\/span><\/h4>\n<p><span style=\"color: #ffffff;\">A nitrog\u00e9n tartalm\u00fa m\u0171tr\u00e1gy\u00e1k f\u0151 szezonja a tavaszi id\u0151szak. Hiszen kisebb mennyis\u00e9get haszn\u00e1lnak \u0151sszel a vet\u00e9sek al\u00e1 alaptr\u00e1gyak\u00e9nt, azonban a gondos gazd\u00e1k a komposzt \u00e9rlel\u00e9s\u00e9hez eg\u00e9sz \u00e9vben, \u0151sszel pedig szalm\u00e1s ist\u00e1ll\u00f3tr\u00e1gya, z\u00f6ldtr\u00e1gya illetve egy\u00e9b szerves anyag bedolgoz\u00e1s\u00e1val egyidej\u0171leg is alkalmazz\u00e1k a humifik\u00e1l\u00f3d\u00e1s el\u0151seg\u00edt\u00e9s\u00e9re.<\/span><\/p>\n<p><strong>Kiszerel\u00e9s : 1,2 kg<\/strong><\/p>","protected":false},"excerpt":{"rendered":"<div class=\"artdet__name-rating d-none d-lg-block\">\n<div class=\"row gutters-5\">\n<div class=\"col\">\n<div id=\"bodyContent\" class=\"mw-body-content\">\n<div id=\"mw-content-text\" class=\"mw-content-ltr\" dir=\"ltr\" lang=\"hu\">\n<div id=\"bodyContent\" class=\"mw-body-content\">\n<div id=\"mw-content-text\" class=\"mw-content-ltr\" dir=\"ltr\" lang=\"hu\">\n<p><b>K\u00e9szlet\u00fcnk napi szinten v\u00e1ltozik, ez\u00e9rt k\u00e9rj\u00fck, \u00e9rdekl\u0151dj\u00f6n szem\u00e9lyesen, telefonon vagy email-en.<\/b><\/p>\n<p>Term\u00e9keinket szem\u00e9lyesen is \u00e1tveheti a h\u00e9t minden napj\u00e1n nyitvatart\u00e1si id\u0151ben!<\/p>\n<p>Kisz\u00e1ll\u00edt\u00e1s: 200 cm \u00e9s 40 kg-ig a sz\u00e1ll\u00edt\u00e1s fut\u00e1rszolg\u00e1lattal t\u00f6rt\u00e9nik.<\/p>\n<\/div>\n<\/div>\n<\/div>\n<\/div>\n<p><b>A v\u00e1ltoztat\u00e1s jog\u00e1t fenntartjuk!\u00a0<\/b><\/p>\n<p>Agrecol m\u0171tr\u00e1gya bogy\u00f3s gy\u00fcm\u00f6lcs\u00f6kh\u00f6z 1,2 kg<\/p>\n<div class=\"main-info\">\n<div class=\"oneoftwo\">\n<div class=\"inner\">\n<ul>\n<li>sz\u0151l\u0151, valamint m\u00e1lna, ribizli \u00e9s szeder t\u00e1poz\u00e1s\u00e1ra<\/li>\n<li>j\u00f3, \u00edzletes gy\u00fcm\u00f6lcs\u00f6t garant\u00e1l<\/li>\n<li>hat\u00e9konys\u00e1g: a n\u00f6v\u00e9nyek\u00a0m\u00e9ret\u00e9t\u0151l \u00e9s t\u00edpus\u00e1t\u00f3l f\u00fcgg\u00a0&#8211; 20-60 g m\u0171tr\u00e1gya 1 m\u00a0<sup>2<\/sup>\u00a0-re<\/li>\n<\/ul>\n<\/div>\n<\/div>\n<\/div>\n<\/div>\n<\/div>\n<\/div>","protected":false},"featured_media":4023,"template":"","meta":{"_et_pb_use_builder":"","_et_pb_old_content":"","_et_gb_content_width":""},"product_brand":[],"product_cat":[1419],"product_tag":[537,366,971,726,1434,746,1433,36],"class_list":{"0":"post-4022","1":"product","2":"type-product","3":"status-publish","4":"has-post-thumbnail","6":"product_cat-agrecol-mutragyak-gyumolcstermo-novenyekre","7":"product_tag-agrecol","8":"product_tag-bogyos","9":"product_tag-kerti","10":"product_tag-malna","11":"product_tag-ribizli","12":"product_tag-szeder","13":"product_tag-szollo","14":"product_tag-tragya","16":"first","17":"instock","18":"shipping-taxable","19":"purchasable","20":"product-type-simple"},"yoast_head":"<!-- This site is optimized with the Yoast SEO plugin v27.3 - https:\/\/yoast.com\/product\/yoast-seo-wordpress\/ -->\n<title>Agrecol m\u0171tr\u00e1gya bogy\u00f3s gy\u00fcm\u00f6lcs\u00f6kh\u00f6z 1,2 kg - T\u00e1jkert\u00e9sz<\/title>\n<meta name=\"description\" content=\"Agrecol m\u0171tr\u00e1gya bogy\u00f3s gy\u00fcm\u00f6lcs\u00f6kh\u00f6z 1,2 kg sz\u0151l\u0151, valamint m\u00e1lna, ribizli \u00e9s szeder t\u00e1poz\u00e1s\u00e1ra j\u00f3, \u00edzletes gy\u00fcm\u00f6lcs\u00f6t garant\u00e1l hat\u00e9konys\u00e1g: a n\u00f6v\u00e9nyek\u00a0\" \/>\n<meta name=\"robots\" content=\"index, follow, max-snippet:-1, max-image-preview:large, max-video-preview:-1\" \/>\n<link rel=\"canonical\" href=\"https:\/\/tajkertesz.com\/en_US\/product\/agrecol-mutragya-bogyos-gyumolcsokhoz-12-kg\/\" \/>\n<meta property=\"og:locale\" content=\"en_US\" \/>\n<meta property=\"og:type\" content=\"article\" \/>\n<meta property=\"og:title\" content=\"Agrecol m\u0171tr\u00e1gya bogy\u00f3s gy\u00fcm\u00f6lcs\u00f6kh\u00f6z 1,2 kg - T\u00e1jkert\u00e9sz\" \/>\n<meta property=\"og:description\" content=\"Agrecol m\u0171tr\u00e1gya bogy\u00f3s gy\u00fcm\u00f6lcs\u00f6kh\u00f6z 1,2 kg sz\u0151l\u0151, valamint m\u00e1lna, ribizli \u00e9s szeder t\u00e1poz\u00e1s\u00e1ra j\u00f3, \u00edzletes gy\u00fcm\u00f6lcs\u00f6t garant\u00e1l hat\u00e9konys\u00e1g: a n\u00f6v\u00e9nyek\u00a0\" \/>\n<meta property=\"og:url\" content=\"https:\/\/tajkertesz.com\/en_US\/product\/agrecol-mutragya-bogyos-gyumolcsokhoz-12-kg\/\" \/>\n<meta property=\"og:site_name\" content=\"T\u00e1jkert\u00e9sz\" \/>\n<meta property=\"article:publisher\" content=\"https:\/\/www.facebook.com\/Tajkertesz\/\" \/>\n<meta property=\"article:modified_time\" content=\"2024-02-03T13:10:28+00:00\" \/>\n<meta property=\"og:image\" content=\"https:\/\/tajkertesz.com\/wp-content\/uploads\/2021\/05\/bogyos.png\" \/>\n\t<meta property=\"og:image:width\" content=\"370\" \/>\n\t<meta property=\"og:image:height\" content=\"481\" \/>\n\t<meta property=\"og:image:type\" content=\"image\/png\" \/>\n<meta name=\"twitter:card\" content=\"summary_large_image\" \/>\n<meta name=\"twitter:label1\" content=\"Est. reading time\" \/>\n\t<meta name=\"twitter:data1\" content=\"3 minutes\" \/>\n<script type=\"application\/ld+json\" class=\"yoast-schema-graph\">{\"@context\":\"https:\\\/\\\/schema.org\",\"@graph\":[{\"@type\":\"WebPage\",\"@id\":\"https:\\\/\\\/tajkertesz.com\\\/termek\\\/agrecol-mutragya-bogyos-gyumolcsokhoz-12-kg\\\/\",\"url\":\"https:\\\/\\\/tajkertesz.com\\\/termek\\\/agrecol-mutragya-bogyos-gyumolcsokhoz-12-kg\\\/\",\"name\":\"Agrecol m\u0171tr\u00e1gya bogy\u00f3s gy\u00fcm\u00f6lcs\u00f6kh\u00f6z 1,2 kg - T\u00e1jkert\u00e9sz\",\"isPartOf\":{\"@id\":\"https:\\\/\\\/tajkertesz.com\\\/#website\"},\"primaryImageOfPage\":{\"@id\":\"https:\\\/\\\/tajkertesz.com\\\/termek\\\/agrecol-mutragya-bogyos-gyumolcsokhoz-12-kg\\\/#primaryimage\"},\"image\":{\"@id\":\"https:\\\/\\\/tajkertesz.com\\\/termek\\\/agrecol-mutragya-bogyos-gyumolcsokhoz-12-kg\\\/#primaryimage\"},\"thumbnailUrl\":\"https:\\\/\\\/tajkertesz.com\\\/wp-content\\\/uploads\\\/2021\\\/05\\\/bogyos.png\",\"datePublished\":\"2021-05-04T10:45:50+00:00\",\"dateModified\":\"2024-02-03T13:10:28+00:00\",\"description\":\"Agrecol m\u0171tr\u00e1gya bogy\u00f3s gy\u00fcm\u00f6lcs\u00f6kh\u00f6z 1,2 kg sz\u0151l\u0151, valamint m\u00e1lna, ribizli \u00e9s szeder t\u00e1poz\u00e1s\u00e1ra j\u00f3, \u00edzletes gy\u00fcm\u00f6lcs\u00f6t garant\u00e1l hat\u00e9konys\u00e1g: a n\u00f6v\u00e9nyek\u00a0\",\"breadcrumb\":{\"@id\":\"https:\\\/\\\/tajkertesz.com\\\/termek\\\/agrecol-mutragya-bogyos-gyumolcsokhoz-12-kg\\\/#breadcrumb\"},\"inLanguage\":\"en-US\",\"potentialAction\":[{\"@type\":\"ReadAction\",\"target\":[\"https:\\\/\\\/tajkertesz.com\\\/termek\\\/agrecol-mutragya-bogyos-gyumolcsokhoz-12-kg\\\/\"]}]},{\"@type\":\"ImageObject\",\"inLanguage\":\"en-US\",\"@id\":\"https:\\\/\\\/tajkertesz.com\\\/termek\\\/agrecol-mutragya-bogyos-gyumolcsokhoz-12-kg\\\/#primaryimage\",\"url\":\"https:\\\/\\\/tajkertesz.com\\\/wp-content\\\/uploads\\\/2021\\\/05\\\/bogyos.png\",\"contentUrl\":\"https:\\\/\\\/tajkertesz.com\\\/wp-content\\\/uploads\\\/2021\\\/05\\\/bogyos.png\",\"width\":370,\"height\":481},{\"@type\":\"BreadcrumbList\",\"@id\":\"https:\\\/\\\/tajkertesz.com\\\/termek\\\/agrecol-mutragya-bogyos-gyumolcsokhoz-12-kg\\\/#breadcrumb\",\"itemListElement\":[{\"@type\":\"ListItem\",\"position\":1,\"name\":\"Home\",\"item\":\"https:\\\/\\\/tajkertesz.com\\\/\"},{\"@type\":\"ListItem\",\"position\":2,\"name\":\"Kezd\u0151lap\",\"item\":\"https:\\\/\\\/tajkertesz.com\\\/\"},{\"@type\":\"ListItem\",\"position\":3,\"name\":\"Agrecol m\u0171tr\u00e1gya bogy\u00f3s gy\u00fcm\u00f6lcs\u00f6kh\u00f6z 1,2 kg\"}]},{\"@type\":\"WebSite\",\"@id\":\"https:\\\/\\\/tajkertesz.com\\\/#website\",\"url\":\"https:\\\/\\\/tajkertesz.com\\\/\",\"name\":\"T\u00e1j-Kert\u00e9sz 84 Kft.\",\"description\":\"Kert\u00e9szeti kis- \u00e9s nagykeresked\u00e9s, D\u00edszn\u00f6v\u00e9ny web\u00e1ruh\u00e1z orsz\u00e1gos h\u00e1zhozsz\u00e1ll\u00edt\u00e1ssal!\",\"publisher\":{\"@id\":\"https:\\\/\\\/tajkertesz.com\\\/#organization\"},\"potentialAction\":[{\"@type\":\"SearchAction\",\"target\":{\"@type\":\"EntryPoint\",\"urlTemplate\":\"https:\\\/\\\/tajkertesz.com\\\/?s={search_term_string}\"},\"query-input\":{\"@type\":\"PropertyValueSpecification\",\"valueRequired\":true,\"valueName\":\"search_term_string\"}}],\"inLanguage\":\"en-US\"},{\"@type\":\"Organization\",\"@id\":\"https:\\\/\\\/tajkertesz.com\\\/#organization\",\"name\":\"T\u00e1j-Kert\u00e9sz 84 Kft.\",\"url\":\"https:\\\/\\\/tajkertesz.com\\\/\",\"logo\":{\"@type\":\"ImageObject\",\"inLanguage\":\"en-US\",\"@id\":\"https:\\\/\\\/tajkertesz.com\\\/#\\\/schema\\\/logo\\\/image\\\/\",\"url\":\"https:\\\/\\\/tajkertesz.com\\\/wp-content\\\/uploads\\\/2018\\\/02\\\/logo-2-e1518678052539.png\",\"contentUrl\":\"https:\\\/\\\/tajkertesz.com\\\/wp-content\\\/uploads\\\/2018\\\/02\\\/logo-2-e1518678052539.png\",\"width\":81,\"height\":140,\"caption\":\"T\u00e1j-Kert\u00e9sz 84 Kft.\"},\"image\":{\"@id\":\"https:\\\/\\\/tajkertesz.com\\\/#\\\/schema\\\/logo\\\/image\\\/\"},\"sameAs\":[\"https:\\\/\\\/www.facebook.com\\\/Tajkertesz\\\/\"]}]}<\/script>\n<!-- \/ Yoast SEO plugin. -->","yoast_head_json":{"title":"Agrecol m\u0171tr\u00e1gya bogy\u00f3s gy\u00fcm\u00f6lcs\u00f6kh\u00f6z 1,2 kg - T\u00e1jkert\u00e9sz","description":"Agrecol m\u0171tr\u00e1gya bogy\u00f3s gy\u00fcm\u00f6lcs\u00f6kh\u00f6z 1,2 kg sz\u0151l\u0151, valamint m\u00e1lna, ribizli \u00e9s szeder t\u00e1poz\u00e1s\u00e1ra j\u00f3, \u00edzletes gy\u00fcm\u00f6lcs\u00f6t garant\u00e1l hat\u00e9konys\u00e1g: a n\u00f6v\u00e9nyek\u00a0","robots":{"index":"index","follow":"follow","max-snippet":"max-snippet:-1","max-image-preview":"max-image-preview:large","max-video-preview":"max-video-preview:-1"},"canonical":"https:\/\/tajkertesz.com\/en_US\/product\/agrecol-mutragya-bogyos-gyumolcsokhoz-12-kg\/","og_locale":"en_US","og_type":"article","og_title":"Agrecol m\u0171tr\u00e1gya bogy\u00f3s gy\u00fcm\u00f6lcs\u00f6kh\u00f6z 1,2 kg - T\u00e1jkert\u00e9sz","og_description":"Agrecol m\u0171tr\u00e1gya bogy\u00f3s gy\u00fcm\u00f6lcs\u00f6kh\u00f6z 1,2 kg sz\u0151l\u0151, valamint m\u00e1lna, ribizli \u00e9s szeder t\u00e1poz\u00e1s\u00e1ra j\u00f3, \u00edzletes gy\u00fcm\u00f6lcs\u00f6t garant\u00e1l hat\u00e9konys\u00e1g: a n\u00f6v\u00e9nyek\u00a0","og_url":"https:\/\/tajkertesz.com\/en_US\/product\/agrecol-mutragya-bogyos-gyumolcsokhoz-12-kg\/","og_site_name":"T\u00e1jkert\u00e9sz","article_publisher":"https:\/\/www.facebook.com\/Tajkertesz\/","article_modified_time":"2024-02-03T13:10:28+00:00","og_image":[{"width":370,"height":481,"url":"https:\/\/tajkertesz.com\/wp-content\/uploads\/2021\/05\/bogyos.png","type":"image\/png"}],"twitter_card":"summary_large_image","twitter_misc":{"Est. reading time":"3 minutes"},"schema":{"@context":"https:\/\/schema.org","@graph":[{"@type":"WebPage","@id":"https:\/\/tajkertesz.com\/termek\/agrecol-mutragya-bogyos-gyumolcsokhoz-12-kg\/","url":"https:\/\/tajkertesz.com\/termek\/agrecol-mutragya-bogyos-gyumolcsokhoz-12-kg\/","name":"Agrecol m\u0171tr\u00e1gya bogy\u00f3s gy\u00fcm\u00f6lcs\u00f6kh\u00f6z 1,2 kg - T\u00e1jkert\u00e9sz","isPartOf":{"@id":"https:\/\/tajkertesz.com\/#website"},"primaryImageOfPage":{"@id":"https:\/\/tajkertesz.com\/termek\/agrecol-mutragya-bogyos-gyumolcsokhoz-12-kg\/#primaryimage"},"image":{"@id":"https:\/\/tajkertesz.com\/termek\/agrecol-mutragya-bogyos-gyumolcsokhoz-12-kg\/#primaryimage"},"thumbnailUrl":"https:\/\/tajkertesz.com\/wp-content\/uploads\/2021\/05\/bogyos.png","datePublished":"2021-05-04T10:45:50+00:00","dateModified":"2024-02-03T13:10:28+00:00","description":"Agrecol m\u0171tr\u00e1gya bogy\u00f3s gy\u00fcm\u00f6lcs\u00f6kh\u00f6z 1,2 kg sz\u0151l\u0151, valamint m\u00e1lna, ribizli \u00e9s szeder t\u00e1poz\u00e1s\u00e1ra j\u00f3, \u00edzletes gy\u00fcm\u00f6lcs\u00f6t garant\u00e1l hat\u00e9konys\u00e1g: a n\u00f6v\u00e9nyek\u00a0","breadcrumb":{"@id":"https:\/\/tajkertesz.com\/termek\/agrecol-mutragya-bogyos-gyumolcsokhoz-12-kg\/#breadcrumb"},"inLanguage":"en-US","potentialAction":[{"@type":"ReadAction","target":["https:\/\/tajkertesz.com\/termek\/agrecol-mutragya-bogyos-gyumolcsokhoz-12-kg\/"]}]},{"@type":"ImageObject","inLanguage":"en-US","@id":"https:\/\/tajkertesz.com\/termek\/agrecol-mutragya-bogyos-gyumolcsokhoz-12-kg\/#primaryimage","url":"https:\/\/tajkertesz.com\/wp-content\/uploads\/2021\/05\/bogyos.png","contentUrl":"https:\/\/tajkertesz.com\/wp-content\/uploads\/2021\/05\/bogyos.png","width":370,"height":481},{"@type":"BreadcrumbList","@id":"https:\/\/tajkertesz.com\/termek\/agrecol-mutragya-bogyos-gyumolcsokhoz-12-kg\/#breadcrumb","itemListElement":[{"@type":"ListItem","position":1,"name":"Home","item":"https:\/\/tajkertesz.com\/"},{"@type":"ListItem","position":2,"name":"Kezd\u0151lap","item":"https:\/\/tajkertesz.com\/"},{"@type":"ListItem","position":3,"name":"Agrecol m\u0171tr\u00e1gya bogy\u00f3s gy\u00fcm\u00f6lcs\u00f6kh\u00f6z 1,2 kg"}]},{"@type":"WebSite","@id":"https:\/\/tajkertesz.com\/#website","url":"https:\/\/tajkertesz.com\/","name":"T\u00e1j-Kert\u00e9sz 84 Kft.","description":"Kert\u00e9szeti kis- \u00e9s nagykeresked\u00e9s, D\u00edszn\u00f6v\u00e9ny web\u00e1ruh\u00e1z orsz\u00e1gos h\u00e1zhozsz\u00e1ll\u00edt\u00e1ssal!","publisher":{"@id":"https:\/\/tajkertesz.com\/#organization"},"potentialAction":[{"@type":"SearchAction","target":{"@type":"EntryPoint","urlTemplate":"https:\/\/tajkertesz.com\/?s={search_term_string}"},"query-input":{"@type":"PropertyValueSpecification","valueRequired":true,"valueName":"search_term_string"}}],"inLanguage":"en-US"},{"@type":"Organization","@id":"https:\/\/tajkertesz.com\/#organization","name":"T\u00e1j-Kert\u00e9sz 84 Kft.","url":"https:\/\/tajkertesz.com\/","logo":{"@type":"ImageObject","inLanguage":"en-US","@id":"https:\/\/tajkertesz.com\/#\/schema\/logo\/image\/","url":"https:\/\/tajkertesz.com\/wp-content\/uploads\/2018\/02\/logo-2-e1518678052539.png","contentUrl":"https:\/\/tajkertesz.com\/wp-content\/uploads\/2018\/02\/logo-2-e1518678052539.png","width":81,"height":140,"caption":"T\u00e1j-Kert\u00e9sz 84 Kft."},"image":{"@id":"https:\/\/tajkertesz.com\/#\/schema\/logo\/image\/"},"sameAs":["https:\/\/www.facebook.com\/Tajkertesz\/"]}]}},"_links":{"self":[{"href":"https:\/\/tajkertesz.com\/en_US\/wp-json\/wp\/v2\/product\/4022","targetHints":{"allow":["GET"]}}],"collection":[{"href":"https:\/\/tajkertesz.com\/en_US\/wp-json\/wp\/v2\/product"}],"about":[{"href":"https:\/\/tajkertesz.com\/en_US\/wp-json\/wp\/v2\/types\/product"}],"wp:featuredmedia":[{"embeddable":true,"href":"https:\/\/tajkertesz.com\/en_US\/wp-json\/wp\/v2\/media\/4023"}],"wp:attachment":[{"href":"https:\/\/tajkertesz.com\/en_US\/wp-json\/wp\/v2\/media?parent=4022"}],"wp:term":[{"taxonomy":"product_brand","embeddable":true,"href":"https:\/\/tajkertesz.com\/en_US\/wp-json\/wp\/v2\/product_brand?post=4022"},{"taxonomy":"product_cat","embeddable":true,"href":"https:\/\/tajkertesz.com\/en_US\/wp-json\/wp\/v2\/product_cat?post=4022"},{"taxonomy":"product_tag","embeddable":true,"href":"https:\/\/tajkertesz.com\/en_US\/wp-json\/wp\/v2\/product_tag?post=4022"}],"curies":[{"name":"wp","href":"https:\/\/api.w.org\/{rel}","templated":true}]}}