{"id":4046,"date":"2021-05-04T12:16:53","date_gmt":"2021-05-04T12:16:53","guid":{"rendered":"https:\/\/tajkertesz.com\/?post_type=product&#038;p=4046"},"modified":"2024-07-12T11:07:49","modified_gmt":"2024-07-12T11:07:49","slug":"agrecol-hortifoska-mutragya-gyomos-gyepfeluletre-1-kg","status":"publish","type":"product","link":"https:\/\/tajkertesz.com\/en_US\/product\/agrecol-hortifoska-mutragya-gyomos-gyepfeluletre-1-kg\/","title":{"rendered":"Agrecol\u00a0Hortifoska m\u0171tr\u00e1gya gyomos gyepfel\u00fcletre 1 kg (612)"},"content":{"rendered":"<div class=\"artdet__name-rating d-none d-lg-block\">\n<div class=\"row gutters-5\">\n<div class=\"col\">\n<h2 class=\"artdet__name line-clamp--3-12\">Agrecol Hortifoska m\u0171tr\u00e1gya gyomos gyepfel\u00fcletre 1 kg<\/h2>\n<p>Az Agrecol Hortifoska m\u0171tr\u00e1gya gyomos gyepfel\u00fcletre 1 kg gyomn\u00f6v\u00e9nyekre sz\u00e1nt m\u0171tr\u00e1gya amely k\u00f6zben\u00a0 \u00f6szt\u00f6nzi a f\u0171 intenz\u00edv n\u00f6veked\u00e9s\u00e9t Ez a m\u0171tr\u00e1gya cs\u00f6kkenti a gyomok n\u00f6veked\u00e9s\u00e9t \u00e9s 1 kg elegend\u0151 kb:30 m 2-re.<\/p>\n<p>&nbsp;<\/p>\n<\/div>\n<\/div>\n<\/div>\n<div id=\"artdet__short-descrition\" class=\"artdet__short-descripton artdet-block border-block\">\n<div class=\"artdet__short-descripton-content text-justify font-s font-sm-m\">\n<div class=\"main-info\">\n<div class=\"oneoftwo\">\n<div class=\"inner\">\n<h2>Tartalom:<\/h2>\n<p>EC m\u0171tr\u00e1gya<br \/>\nnitrog\u00e9n (N) &#8211; 15%<br \/>\nfoszfor (P\u00a0<sub>2<\/sub>\u00a0O\u00a0<sub>5<\/sub>\u00a0) &#8211; 5%<br \/>\nk\u00e1lium (K\u00a0<sub>2<\/sub>\u00a0O) &#8211; 5%<br \/>\nmagn\u00e9zium (MgO) &#8211; 2%<\/p>\n<p>Mikroelemek:<br \/>\nb\u00f3r (B) 0,04%, r\u00e9z (Cu) 0,1%, vas (Fe) 0,2%, mang\u00e1n (Mn) 0,17%, molibd\u00e9n (Mo) 0,01%, cink (Zn) 0,035%<\/p>\n<\/div>\n<\/div>\n<\/div>\n<div class=\"description\">\n<div class=\"inner\">\n<div class=\"description\">\n<div class=\"inner\">\n<div class=\"description\">\n<div class=\"inner\">\n<div class=\"description\">\n<div class=\"inner\">\n<div class=\"description\">\n<div class=\"inner\">\n<p><strong>A Hortifoska a gyomos gyepek tr\u00e1gy\u00e1ja<\/strong>\u00a0 szemcs\u00e9s \u00e1sv\u00e1nyi m\u0171tr\u00e1gya.\u00a0Szemcs\u00e9s form\u00e1j\u00e1nak k\u00f6sz\u00f6nhet\u0151en hat\u00e9konyan m\u0171k\u00f6dik a t\u00e1panyagok egyenletes kibocs\u00e1t\u00e1sa r\u00e9v\u00e9n.\u00a0Az egyed\u00fcl\u00e1ll\u00f3 \u00f6sszet\u00e9tel, nitrog\u00e9nben gazdag, megfelel\u0151en kiv\u00e1lasztott konfigur\u00e1ci\u00f3ban m\u00e1s t\u00e1panyagokkal, felgyors\u00edtja a gyep fejl\u0151d\u00e9s\u00e9t, g\u00e1tolja a gyomok n\u00f6veked\u00e9s\u00e9t.\u00a0A m\u0171tr\u00e1gya szisztematikus haszn\u00e1lata biztos\u00edtja a buja z\u00f6ld gyepet, el\u0151k\u00e9sz\u00edtve azt az intenz\u00edv haszn\u00e1latra.<\/p>\n<p>A m\u0171tr\u00e1gya \u00f6sszetev\u0151inek k\u00f6sz\u00f6nhet\u0151en a f\u0171 gyorsan j\u00f3 \u00e1llapotba ker\u00fcl \u00e9s versenyk\u00e9pess\u00e9 v\u00e1lik a gyomokkal szemben. Az eg\u00e9szs\u00e9ges \u00e9s er\u0151s f\u0171 kiszor\u00edtja a gyomokat. A m\u0171tr\u00e1gya minim\u00e1lisra cs\u00f6kkenti a gyomn\u00f6v\u00e9nyek vir\u00e1gz\u00e1s\u00e1t \u00e9s magvet\u00e9s\u00e9t, ami g\u00e1tolja a gyomok terjed\u00e9s\u00e9t a gyepen.<\/p>\n<\/div>\n<\/div>\n<div class=\"description\">\n<div class=\"inner\">\n<h2>Alkalmaz\u00e1si m\u00f3dszer<\/h2>\n<p>Haszn\u00e1lja a m\u0171tr\u00e1gy\u00e1t m\u00e1rciust\u00f3l augusztusig.\u00a0Tr\u00e1gy\u00e1zza a gyepet 30 naponta az aj\u00e1nlott id\u0151szakban.\u00a01 m\u00b2-enk\u00e9nt 30-40 g-ot haszn\u00e1ljon.\u00a0Sz\u00f3rja a m\u0171tr\u00e1gy\u00e1t egyenletesen egy sz\u00e1raz gyepre.\u00a0A m\u0171tr\u00e1gya kisz\u00f3r\u00e1sa ut\u00e1n a gyepet b\u0151 v\u00edzzel kell \u00f6nt\u00f6zni.<\/p>\n<\/div>\n<\/div>\n<\/div>\n<\/div>\n<\/div>\n<\/div>\n<\/div>\n<\/div>\n<\/div>\n<\/div>\n<\/div>\n<\/div>\n<div><a href=\"https:\/\/www.facebook.com\/tajkertesz\">https:\/\/www.facebook.com\/tajkertesz<\/a><\/div>\n<div><a href=\"https:\/\/tajkertesz.com\/\">https:\/\/tajkertesz.com\/<\/a><\/div>\n<div><a href=\"https:\/\/tajkertesz.com\/wp-content\/uploads\/2021\/05\/Agrecol-bizt.adatl_..pdf\">Agrecol bizt.adatl.<\/a><\/div>\n<div>Bels\u0151 k\u00f3d: 612<\/div>\n<div><strong>Kiszerel\u00e9s : 1 kg<\/strong><\/div>\n<p><strong>K\u00e9szlet\u00fcnk napi szinten v\u00e1ltozik, ez\u00e9rt k\u00e9rj\u00fck, \u00e9rdekl\u0151dj\u00f6n szem\u00e9lyesen, telefonon vagy email-en.<br \/>\nA v\u00e1ltoztat\u00e1s jog\u00e1t fenntartjuk!\u00a0<\/strong><\/p>\n<p>Kisz\u00e1ll\u00edt\u00e1s: 200cm-ig \u00a0\u00e9s 40 kg-ig a sz\u00e1ll\u00edt\u00e1s fut\u00e1rszolg\u00e1lattal \u00a0t\u00f6rt\u00e9nik.<\/p>\n<p>Szem\u00e9lyes \u00e1tv\u00e9tel nyitvatart\u00e1si id\u0151ben a 17. ker\u00fclet Bakancsos utca 7. sz\u00e1m alatti Kert\u00e9szeti \u00e1rud\u00e1nkban.<\/p>\n<div class=\"main-info\">\n<div class=\"oneoftwo\">\n<div class=\"inner\">\n<h2>Tartalom:<\/h2>\n<p>EC m\u0171tr\u00e1gya<br \/>\nnitrog\u00e9n (N) &#8211; 15%<br \/>\nfoszfor (P\u00a0<sub>2<\/sub>\u00a0O\u00a0<sub>5<\/sub>\u00a0) &#8211; 5%<br \/>\nk\u00e1lium (K\u00a0<sub>2<\/sub>\u00a0O) &#8211; 5%<br \/>\nmagn\u00e9zium (MgO) &#8211; 2%<\/p>\n<p>Mikroelemek:<br \/>\nb\u00f3r (B) 0,04%, r\u00e9z (Cu) 0,1%, vas (Fe) 0,2%, mang\u00e1n (Mn) 0,17%, molibd\u00e9n (Mo) 0,01%, cink (Zn) 0,035%<\/p>\n<\/div>\n<\/div>\n<\/div>\n<div class=\"description\">\n<div class=\"inner\">\n<div class=\"description\">\n<div class=\"inner\">\n<div class=\"description\">\n<div class=\"inner\">\n<div class=\"description\">\n<div class=\"inner\">\n<div class=\"description\">\n<div class=\"inner\">\n<p><strong>A Hortifoska a gyomos gyepek tr\u00e1gy\u00e1ja<\/strong>\u00a0 szemcs\u00e9s \u00e1sv\u00e1nyi m\u0171tr\u00e1gya.\u00a0Szemcs\u00e9s form\u00e1j\u00e1nak k\u00f6sz\u00f6nhet\u0151en hat\u00e9konyan m\u0171k\u00f6dik a t\u00e1panyagok egyenletes kibocs\u00e1t\u00e1sa r\u00e9v\u00e9n.\u00a0Az egyed\u00fcl\u00e1ll\u00f3 \u00f6sszet\u00e9tel, nitrog\u00e9nben gazdag, megfelel\u0151en kiv\u00e1lasztott konfigur\u00e1ci\u00f3ban m\u00e1s t\u00e1panyagokkal, felgyors\u00edtja a gyep fejl\u0151d\u00e9s\u00e9t, g\u00e1tolja a gyomok n\u00f6veked\u00e9s\u00e9t.\u00a0A m\u0171tr\u00e1gya szisztematikus haszn\u00e1lata biztos\u00edtja a buja z\u00f6ld gyepet, el\u0151k\u00e9sz\u00edtve azt az intenz\u00edv haszn\u00e1latra.<\/p>\n<div class=\"main-info\">\n<div class=\"oneoftwo\">\n<div class=\"inner\"><\/div>\n<\/div>\n<\/div>\n<\/div>\n<\/div>\n<\/div>\n<\/div>\n<\/div>\n<\/div>\n<\/div>\n<\/div>\n<\/div>\n<\/div>\n<div class=\"description\">\n<div class=\"inner\">\n<p>&nbsp;<\/p>\n<\/div>\n<\/div>","protected":false},"excerpt":{"rendered":"<div class=\"artdet__name-rating d-none d-lg-block\">\n<div class=\"row gutters-5\">\n<div class=\"col\">\n<div class=\"artdet__name-rating d-none d-lg-block\">\n<div class=\"row gutters-5\">\n<div class=\"col\">\n<div class=\"artdet__name-rating d-none d-lg-block\">\n<div class=\"row gutters-5\">\n<div class=\"col\">\n<div class=\"artdet__name-rating d-none d-lg-block\">\n<div class=\"row gutters-5\">\n<div class=\"col\">\n<div class=\"artdet__name-rating d-none d-lg-block\">\n<div class=\"row gutters-5\">\n<div class=\"col\">\n<h2 class=\"artdet__name line-clamp--3-12\">Agrecol Hortifoska m\u0171tr\u00e1gya gyomos gyepfel\u00fcletre 1 kg<\/h2>\n<\/div>\n<\/div>\n<\/div>\n<div id=\"artdet__short-descrition\" class=\"artdet__short-descripton artdet-block border-block\">\n<div class=\"artdet__short-descripton-content text-justify font-s font-sm-m\">\n<ul>\n<li>gyomn\u00f6v\u00e9nyekre sz\u00e1nt m\u0171tr\u00e1gya<\/li>\n<li>az \u00f6sszetev\u0151k \u00f6szt\u00f6nzik a f\u0171 intenz\u00edv n\u00f6veked\u00e9s\u00e9t<\/li>\n<li>a m\u0171tr\u00e1gya cs\u00f6kkenti a gyomok n\u00f6veked\u00e9s\u00e9t<\/li>\n<li>elegend\u0151: 1 kg \/ 30 m <sup>2<\/sup><\/li>\n<\/ul>\n<\/div>\n<\/div>\n<\/div>\n<\/div>\n<\/div>\n<\/div>\n<\/div>\n<\/div>\n<\/div>\n<\/div>\n<\/div>\n<\/div>\n<\/div>\n<\/div>","protected":false},"featured_media":20675,"template":"","meta":{"_et_pb_use_builder":"","_et_pb_old_content":"","_et_gb_content_width":""},"product_brand":[],"product_cat":[1426],"product_tag":[537,1285,5206,5208,5207,971,1470,36],"class_list":{"0":"post-4046","1":"product","2":"type-product","3":"status-publish","4":"has-post-thumbnail","6":"product_cat-agrecol-gyepmutragya","7":"product_tag-agrecol","8":"product_tag-gyep","9":"product_tag-gyepre","10":"product_tag-gyom-gyep","11":"product_tag-gyomos","12":"product_tag-kerti","13":"product_tag-pazsit","14":"product_tag-tragya","16":"first","17":"instock","18":"shipping-taxable","19":"purchasable","20":"product-type-simple"},"yoast_head":"<!-- This site is optimized with the Yoast SEO plugin v27.3 - https:\/\/yoast.com\/product\/yoast-seo-wordpress\/ -->\n<title>Agrecol\u00a0Hortifoska m\u0171tr\u00e1gya gyomos gyepfel\u00fcletre 1 kg (612) - T\u00e1jkert\u00e9sz<\/title>\n<meta name=\"description\" content=\"Agrecol Hortifoska m\u0171tr\u00e1gya gyomos gyepfel\u00fcletre 1 kg gyomn\u00f6v\u00e9nyekre sz\u00e1nt m\u0171tr\u00e1gya az \u00f6sszetev\u0151k \u00f6szt\u00f6nzik a f\u0171 intenz\u00edv n\u00f6veked\u00e9s\u00e9t.\" \/>\n<meta name=\"robots\" content=\"index, follow, max-snippet:-1, max-image-preview:large, max-video-preview:-1\" \/>\n<link rel=\"canonical\" href=\"https:\/\/tajkertesz.com\/en_US\/product\/agrecol-hortifoska-mutragya-gyomos-gyepfeluletre-1-kg\/\" \/>\n<meta property=\"og:locale\" content=\"en_US\" \/>\n<meta property=\"og:type\" content=\"article\" \/>\n<meta property=\"og:title\" content=\"Agrecol\u00a0Hortifoska m\u0171tr\u00e1gya gyomos gyepfel\u00fcletre 1 kg (612) - T\u00e1jkert\u00e9sz\" \/>\n<meta property=\"og:description\" content=\"Agrecol Hortifoska m\u0171tr\u00e1gya gyomos gyepfel\u00fcletre 1 kg gyomn\u00f6v\u00e9nyekre sz\u00e1nt m\u0171tr\u00e1gya az \u00f6sszetev\u0151k \u00f6szt\u00f6nzik a f\u0171 intenz\u00edv n\u00f6veked\u00e9s\u00e9t.\" \/>\n<meta property=\"og:url\" content=\"https:\/\/tajkertesz.com\/en_US\/product\/agrecol-hortifoska-mutragya-gyomos-gyepfeluletre-1-kg\/\" \/>\n<meta property=\"og:site_name\" content=\"T\u00e1jkert\u00e9sz\" \/>\n<meta property=\"article:publisher\" content=\"https:\/\/www.facebook.com\/Tajkertesz\/\" \/>\n<meta property=\"article:modified_time\" content=\"2024-07-12T11:07:49+00:00\" \/>\n<meta property=\"og:image\" content=\"https:\/\/tajkertesz.com\/wp-content\/uploads\/2021\/05\/612.png\" \/>\n\t<meta property=\"og:image:width\" content=\"576\" \/>\n\t<meta property=\"og:image:height\" content=\"807\" \/>\n\t<meta property=\"og:image:type\" content=\"image\/png\" \/>\n<meta name=\"twitter:card\" content=\"summary_large_image\" \/>\n<meta name=\"twitter:label1\" content=\"Est. reading time\" \/>\n\t<meta name=\"twitter:data1\" content=\"3 minutes\" \/>\n<script type=\"application\/ld+json\" class=\"yoast-schema-graph\">{\"@context\":\"https:\\\/\\\/schema.org\",\"@graph\":[{\"@type\":\"WebPage\",\"@id\":\"https:\\\/\\\/tajkertesz.com\\\/termek\\\/agrecol-hortifoska-mutragya-gyomos-gyepfeluletre-1-kg\\\/\",\"url\":\"https:\\\/\\\/tajkertesz.com\\\/termek\\\/agrecol-hortifoska-mutragya-gyomos-gyepfeluletre-1-kg\\\/\",\"name\":\"Agrecol\u00a0Hortifoska m\u0171tr\u00e1gya gyomos gyepfel\u00fcletre 1 kg (612) - T\u00e1jkert\u00e9sz\",\"isPartOf\":{\"@id\":\"https:\\\/\\\/tajkertesz.com\\\/#website\"},\"primaryImageOfPage\":{\"@id\":\"https:\\\/\\\/tajkertesz.com\\\/termek\\\/agrecol-hortifoska-mutragya-gyomos-gyepfeluletre-1-kg\\\/#primaryimage\"},\"image\":{\"@id\":\"https:\\\/\\\/tajkertesz.com\\\/termek\\\/agrecol-hortifoska-mutragya-gyomos-gyepfeluletre-1-kg\\\/#primaryimage\"},\"thumbnailUrl\":\"https:\\\/\\\/tajkertesz.com\\\/wp-content\\\/uploads\\\/2021\\\/05\\\/612.png\",\"datePublished\":\"2021-05-04T12:16:53+00:00\",\"dateModified\":\"2024-07-12T11:07:49+00:00\",\"description\":\"Agrecol Hortifoska m\u0171tr\u00e1gya gyomos gyepfel\u00fcletre 1 kg gyomn\u00f6v\u00e9nyekre sz\u00e1nt m\u0171tr\u00e1gya az \u00f6sszetev\u0151k \u00f6szt\u00f6nzik a f\u0171 intenz\u00edv n\u00f6veked\u00e9s\u00e9t.\",\"breadcrumb\":{\"@id\":\"https:\\\/\\\/tajkertesz.com\\\/termek\\\/agrecol-hortifoska-mutragya-gyomos-gyepfeluletre-1-kg\\\/#breadcrumb\"},\"inLanguage\":\"en-US\",\"potentialAction\":[{\"@type\":\"ReadAction\",\"target\":[\"https:\\\/\\\/tajkertesz.com\\\/termek\\\/agrecol-hortifoska-mutragya-gyomos-gyepfeluletre-1-kg\\\/\"]}]},{\"@type\":\"ImageObject\",\"inLanguage\":\"en-US\",\"@id\":\"https:\\\/\\\/tajkertesz.com\\\/termek\\\/agrecol-hortifoska-mutragya-gyomos-gyepfeluletre-1-kg\\\/#primaryimage\",\"url\":\"https:\\\/\\\/tajkertesz.com\\\/wp-content\\\/uploads\\\/2021\\\/05\\\/612.png\",\"contentUrl\":\"https:\\\/\\\/tajkertesz.com\\\/wp-content\\\/uploads\\\/2021\\\/05\\\/612.png\",\"width\":576,\"height\":807},{\"@type\":\"BreadcrumbList\",\"@id\":\"https:\\\/\\\/tajkertesz.com\\\/termek\\\/agrecol-hortifoska-mutragya-gyomos-gyepfeluletre-1-kg\\\/#breadcrumb\",\"itemListElement\":[{\"@type\":\"ListItem\",\"position\":1,\"name\":\"Home\",\"item\":\"https:\\\/\\\/tajkertesz.com\\\/\"},{\"@type\":\"ListItem\",\"position\":2,\"name\":\"Kezd\u0151lap\",\"item\":\"https:\\\/\\\/tajkertesz.com\\\/\"},{\"@type\":\"ListItem\",\"position\":3,\"name\":\"Agrecol\u00a0Hortifoska m\u0171tr\u00e1gya gyomos gyepfel\u00fcletre 1 kg (612)\"}]},{\"@type\":\"WebSite\",\"@id\":\"https:\\\/\\\/tajkertesz.com\\\/#website\",\"url\":\"https:\\\/\\\/tajkertesz.com\\\/\",\"name\":\"T\u00e1j-Kert\u00e9sz 84 Kft.\",\"description\":\"Kert\u00e9szeti kis- \u00e9s nagykeresked\u00e9s, D\u00edszn\u00f6v\u00e9ny web\u00e1ruh\u00e1z orsz\u00e1gos h\u00e1zhozsz\u00e1ll\u00edt\u00e1ssal!\",\"publisher\":{\"@id\":\"https:\\\/\\\/tajkertesz.com\\\/#organization\"},\"potentialAction\":[{\"@type\":\"SearchAction\",\"target\":{\"@type\":\"EntryPoint\",\"urlTemplate\":\"https:\\\/\\\/tajkertesz.com\\\/?s={search_term_string}\"},\"query-input\":{\"@type\":\"PropertyValueSpecification\",\"valueRequired\":true,\"valueName\":\"search_term_string\"}}],\"inLanguage\":\"en-US\"},{\"@type\":\"Organization\",\"@id\":\"https:\\\/\\\/tajkertesz.com\\\/#organization\",\"name\":\"T\u00e1j-Kert\u00e9sz 84 Kft.\",\"url\":\"https:\\\/\\\/tajkertesz.com\\\/\",\"logo\":{\"@type\":\"ImageObject\",\"inLanguage\":\"en-US\",\"@id\":\"https:\\\/\\\/tajkertesz.com\\\/#\\\/schema\\\/logo\\\/image\\\/\",\"url\":\"https:\\\/\\\/tajkertesz.com\\\/wp-content\\\/uploads\\\/2018\\\/02\\\/logo-2-e1518678052539.png\",\"contentUrl\":\"https:\\\/\\\/tajkertesz.com\\\/wp-content\\\/uploads\\\/2018\\\/02\\\/logo-2-e1518678052539.png\",\"width\":81,\"height\":140,\"caption\":\"T\u00e1j-Kert\u00e9sz 84 Kft.\"},\"image\":{\"@id\":\"https:\\\/\\\/tajkertesz.com\\\/#\\\/schema\\\/logo\\\/image\\\/\"},\"sameAs\":[\"https:\\\/\\\/www.facebook.com\\\/Tajkertesz\\\/\"]}]}<\/script>\n<!-- \/ Yoast SEO plugin. -->","yoast_head_json":{"title":"Agrecol\u00a0Hortifoska m\u0171tr\u00e1gya gyomos gyepfel\u00fcletre 1 kg (612) - T\u00e1jkert\u00e9sz","description":"Agrecol Hortifoska m\u0171tr\u00e1gya gyomos gyepfel\u00fcletre 1 kg gyomn\u00f6v\u00e9nyekre sz\u00e1nt m\u0171tr\u00e1gya az \u00f6sszetev\u0151k \u00f6szt\u00f6nzik a f\u0171 intenz\u00edv n\u00f6veked\u00e9s\u00e9t.","robots":{"index":"index","follow":"follow","max-snippet":"max-snippet:-1","max-image-preview":"max-image-preview:large","max-video-preview":"max-video-preview:-1"},"canonical":"https:\/\/tajkertesz.com\/en_US\/product\/agrecol-hortifoska-mutragya-gyomos-gyepfeluletre-1-kg\/","og_locale":"en_US","og_type":"article","og_title":"Agrecol\u00a0Hortifoska m\u0171tr\u00e1gya gyomos gyepfel\u00fcletre 1 kg (612) - T\u00e1jkert\u00e9sz","og_description":"Agrecol Hortifoska m\u0171tr\u00e1gya gyomos gyepfel\u00fcletre 1 kg gyomn\u00f6v\u00e9nyekre sz\u00e1nt m\u0171tr\u00e1gya az \u00f6sszetev\u0151k \u00f6szt\u00f6nzik a f\u0171 intenz\u00edv n\u00f6veked\u00e9s\u00e9t.","og_url":"https:\/\/tajkertesz.com\/en_US\/product\/agrecol-hortifoska-mutragya-gyomos-gyepfeluletre-1-kg\/","og_site_name":"T\u00e1jkert\u00e9sz","article_publisher":"https:\/\/www.facebook.com\/Tajkertesz\/","article_modified_time":"2024-07-12T11:07:49+00:00","og_image":[{"width":576,"height":807,"url":"https:\/\/tajkertesz.com\/wp-content\/uploads\/2021\/05\/612.png","type":"image\/png"}],"twitter_card":"summary_large_image","twitter_misc":{"Est. reading time":"3 minutes"},"schema":{"@context":"https:\/\/schema.org","@graph":[{"@type":"WebPage","@id":"https:\/\/tajkertesz.com\/termek\/agrecol-hortifoska-mutragya-gyomos-gyepfeluletre-1-kg\/","url":"https:\/\/tajkertesz.com\/termek\/agrecol-hortifoska-mutragya-gyomos-gyepfeluletre-1-kg\/","name":"Agrecol\u00a0Hortifoska m\u0171tr\u00e1gya gyomos gyepfel\u00fcletre 1 kg (612) - T\u00e1jkert\u00e9sz","isPartOf":{"@id":"https:\/\/tajkertesz.com\/#website"},"primaryImageOfPage":{"@id":"https:\/\/tajkertesz.com\/termek\/agrecol-hortifoska-mutragya-gyomos-gyepfeluletre-1-kg\/#primaryimage"},"image":{"@id":"https:\/\/tajkertesz.com\/termek\/agrecol-hortifoska-mutragya-gyomos-gyepfeluletre-1-kg\/#primaryimage"},"thumbnailUrl":"https:\/\/tajkertesz.com\/wp-content\/uploads\/2021\/05\/612.png","datePublished":"2021-05-04T12:16:53+00:00","dateModified":"2024-07-12T11:07:49+00:00","description":"Agrecol Hortifoska m\u0171tr\u00e1gya gyomos gyepfel\u00fcletre 1 kg gyomn\u00f6v\u00e9nyekre sz\u00e1nt m\u0171tr\u00e1gya az \u00f6sszetev\u0151k \u00f6szt\u00f6nzik a f\u0171 intenz\u00edv n\u00f6veked\u00e9s\u00e9t.","breadcrumb":{"@id":"https:\/\/tajkertesz.com\/termek\/agrecol-hortifoska-mutragya-gyomos-gyepfeluletre-1-kg\/#breadcrumb"},"inLanguage":"en-US","potentialAction":[{"@type":"ReadAction","target":["https:\/\/tajkertesz.com\/termek\/agrecol-hortifoska-mutragya-gyomos-gyepfeluletre-1-kg\/"]}]},{"@type":"ImageObject","inLanguage":"en-US","@id":"https:\/\/tajkertesz.com\/termek\/agrecol-hortifoska-mutragya-gyomos-gyepfeluletre-1-kg\/#primaryimage","url":"https:\/\/tajkertesz.com\/wp-content\/uploads\/2021\/05\/612.png","contentUrl":"https:\/\/tajkertesz.com\/wp-content\/uploads\/2021\/05\/612.png","width":576,"height":807},{"@type":"BreadcrumbList","@id":"https:\/\/tajkertesz.com\/termek\/agrecol-hortifoska-mutragya-gyomos-gyepfeluletre-1-kg\/#breadcrumb","itemListElement":[{"@type":"ListItem","position":1,"name":"Home","item":"https:\/\/tajkertesz.com\/"},{"@type":"ListItem","position":2,"name":"Kezd\u0151lap","item":"https:\/\/tajkertesz.com\/"},{"@type":"ListItem","position":3,"name":"Agrecol\u00a0Hortifoska m\u0171tr\u00e1gya gyomos gyepfel\u00fcletre 1 kg (612)"}]},{"@type":"WebSite","@id":"https:\/\/tajkertesz.com\/#website","url":"https:\/\/tajkertesz.com\/","name":"T\u00e1j-Kert\u00e9sz 84 Kft.","description":"Kert\u00e9szeti kis- \u00e9s nagykeresked\u00e9s, D\u00edszn\u00f6v\u00e9ny web\u00e1ruh\u00e1z orsz\u00e1gos h\u00e1zhozsz\u00e1ll\u00edt\u00e1ssal!","publisher":{"@id":"https:\/\/tajkertesz.com\/#organization"},"potentialAction":[{"@type":"SearchAction","target":{"@type":"EntryPoint","urlTemplate":"https:\/\/tajkertesz.com\/?s={search_term_string}"},"query-input":{"@type":"PropertyValueSpecification","valueRequired":true,"valueName":"search_term_string"}}],"inLanguage":"en-US"},{"@type":"Organization","@id":"https:\/\/tajkertesz.com\/#organization","name":"T\u00e1j-Kert\u00e9sz 84 Kft.","url":"https:\/\/tajkertesz.com\/","logo":{"@type":"ImageObject","inLanguage":"en-US","@id":"https:\/\/tajkertesz.com\/#\/schema\/logo\/image\/","url":"https:\/\/tajkertesz.com\/wp-content\/uploads\/2018\/02\/logo-2-e1518678052539.png","contentUrl":"https:\/\/tajkertesz.com\/wp-content\/uploads\/2018\/02\/logo-2-e1518678052539.png","width":81,"height":140,"caption":"T\u00e1j-Kert\u00e9sz 84 Kft."},"image":{"@id":"https:\/\/tajkertesz.com\/#\/schema\/logo\/image\/"},"sameAs":["https:\/\/www.facebook.com\/Tajkertesz\/"]}]}},"_links":{"self":[{"href":"https:\/\/tajkertesz.com\/en_US\/wp-json\/wp\/v2\/product\/4046","targetHints":{"allow":["GET"]}}],"collection":[{"href":"https:\/\/tajkertesz.com\/en_US\/wp-json\/wp\/v2\/product"}],"about":[{"href":"https:\/\/tajkertesz.com\/en_US\/wp-json\/wp\/v2\/types\/product"}],"wp:featuredmedia":[{"embeddable":true,"href":"https:\/\/tajkertesz.com\/en_US\/wp-json\/wp\/v2\/media\/20675"}],"wp:attachment":[{"href":"https:\/\/tajkertesz.com\/en_US\/wp-json\/wp\/v2\/media?parent=4046"}],"wp:term":[{"taxonomy":"product_brand","embeddable":true,"href":"https:\/\/tajkertesz.com\/en_US\/wp-json\/wp\/v2\/product_brand?post=4046"},{"taxonomy":"product_cat","embeddable":true,"href":"https:\/\/tajkertesz.com\/en_US\/wp-json\/wp\/v2\/product_cat?post=4046"},{"taxonomy":"product_tag","embeddable":true,"href":"https:\/\/tajkertesz.com\/en_US\/wp-json\/wp\/v2\/product_tag?post=4046"}],"curies":[{"name":"wp","href":"https:\/\/api.w.org\/{rel}","templated":true}]}}