{"id":4048,"date":"2021-05-04T12:22:29","date_gmt":"2021-05-04T12:22:29","guid":{"rendered":"https:\/\/tajkertesz.com\/?post_type=product&#038;p=4048"},"modified":"2024-07-12T10:40:51","modified_gmt":"2024-07-12T10:40:51","slug":"agrecol-hortifoska-univerzalis-kerti-mutragya-1-kg","status":"publish","type":"product","link":"https:\/\/tajkertesz.com\/en_US\/product\/agrecol-hortifoska-univerzalis-kerti-mutragya-1-kg\/","title":{"rendered":"Agrecol Hortifoska univerz\u00e1lis kerti m\u0171tr\u00e1gya 1 kg (213)"},"content":{"rendered":"<div class=\"artdet__name-rating d-none d-lg-block\">\n<div class=\"row gutters-5\">\n<div class=\"col\">\n<h2 class=\"artdet__name line-clamp--3-12\">Agrecol Hortifoska univerz\u00e1lis kerti m\u0171tr\u00e1gya 1 kg<\/h2>\n<h5>Az Agrecol Hortifoska univerz\u00e1lis kerti m\u0171tr\u00e1gya 1 kg\u00a0 m\u0171tr\u00e1gya \u00f6sszet\u00e9tele optim\u00e1lis a n\u00f6v\u00e9nyek, k\u00fcl\u00f6n\u00f6sen a z\u00f6lds\u00e9gek t\u00e1poz\u00e1s\u00e1hoz, de a\u00a0 d\u00edszn\u00f6v\u00e9nyek \u00e1pol\u00e1s\u00e1ban is t\u00f6k\u00e9letesen felhaszn\u00e1lhat\u00f3.<\/h5>\n<p>&nbsp;<\/p>\n<\/div>\n<\/div>\n<\/div>\n<div id=\"artdet__short-descrition\" class=\"artdet__short-descripton artdet-block border-block\">\n<div class=\"artdet__short-descripton-content text-justify font-s font-sm-m\">\n<div class=\"main-info\">\n<div class=\"oneoftwo\">\n<div class=\"inner\">\n<h2>Tartalom:<\/h2>\n<ul>\n<li>EC m\u0171tr\u00e1gya<br \/>\nnitrog\u00e9n (N) &#8211; 14%<br \/>\nfoszfor (P\u00a0<sub>2<\/sub>\u00a0O\u00a0<sub>5<\/sub>\u00a0) &#8211; 6%<br \/>\nk\u00e1lium (K\u00a0<sub>2<\/sub>\u00a0O) &#8211; 19%<br \/>\nmagn\u00e9zium (MgO) &#8211; 3,2%Mikroelemek:<br \/>\nb\u00f3r (B) 0,04%, r\u00e9z (Cu) 0,1%, vas (Fe) 0,2%, mang\u00e1n (Mn) 0,17%, molibd\u00e9n (Mo) 0,01%, cink (Zn) 0,035%<\/li>\n<\/ul>\n<\/div>\n<\/div>\n<\/div>\n<div class=\"description\">\n<div class=\"inner\">\n<div class=\"description\">\n<div class=\"inner\">\n<div class=\"description\">\n<div class=\"inner\">\n<div class=\"description\">\n<div class=\"inner\">\n<div class=\"description\">\n<div class=\"inner\">\n<div class=\"description\">\n<div class=\"inner\">\n<p><strong>A Hortifoska univerz\u00e1lis kerti<\/strong>\u00a0m\u0171tr\u00e1gya granul\u00e1lt \u00e1sv\u00e1nyi m\u0171tr\u00e1gya.\u00a0Minden kertben termesztett n\u00f6v\u00e9ny t\u00e1poz\u00e1s\u00e1ra tervezt\u00e9k. Akt\u00edv t\u00e1panyagokat tartalmaz makro- \u00e9s mikroelemek form\u00e1j\u00e1ban, amelyek sz\u00fcks\u00e9gesek a n\u00f6v\u00e9nyek megfelel\u0151 n\u00f6veked\u00e9s\u00e9hez \u00e9s fejl\u0151d\u00e9s\u00e9hez.\u00a0Az egyes elemek kiegyens\u00falyozott \u00f6sszet\u00e9tele a m\u0171tr\u00e1gy\u00e1t univerz\u00e1liss\u00e1 teszi.\u00a0Minden kert\u00e9szeti n\u00f6v\u00e9ny t\u00e1poz\u00e1s\u00e1ra szolg\u00e1l, mind a talajban, mind a fed\u00e9s alatt.<\/p>\n<\/div>\n<\/div>\n<div class=\"description\">\n<div class=\"inner\">\n<h2>Alkalmaz\u00e1si m\u00f3dszer<\/h2>\n<p>A m\u0171tr\u00e1gy\u00e1t az al\u00e1bb megadott d\u00f3zisokban haszn\u00e1lja.<br \/>\nVet\u00e9s el\u0151tt: egyenletesen ter\u00edtse el a m\u0171tr\u00e1gy\u00e1t a m\u0171tr\u00e1gy\u00e1zand\u00f3 teljes fel\u00fcleten, \u00e9s keverje \u00f6ssze a talaj fels\u0151 r\u00e9teg\u00e9vel.<br \/>\nEgyny\u00e1ri n\u00f6v\u00e9nyekn\u00e9l: a m\u0171tr\u00e1gy\u00e1t egyenletesen ter\u00edtse el a n\u00f6v\u00e9nyek k\u00f6r\u00fcl, legfeljebb 50 g \/ m <sup>2<\/sup>\u00a0d\u00f3zisban\u00a0.<br \/>\n\u00c9vel\u0151 n\u00f6v\u00e9nyek: a m\u0171tr\u00e1gy\u00e1t egyenletesen ter\u00edtse a n\u00f6v\u00e9nyek k\u00f6r\u00e9. Ha lehets\u00e9ges, keverje \u00f6ssze a m\u0171tr\u00e1gy\u00e1t a talaj fels\u0151 r\u00e9teg\u00e9vel.<\/p>\n<p>Ker\u00fclni kell a m\u0171tr\u00e1gya nedves n\u00f6v\u00e9nyekre juttat\u00e1s\u00e1t.<\/p>\n<p><strong>\u00a0<\/strong><strong>Z\u00f6lds\u00e9gek<\/strong><\/p>\n<ul>\n<li>paradicsom, uborka, k\u00e1poszta, karfiol, p\u00f3r\u00e9hagyma, zeller &#8211; adag 80-100 g \/ 10 m\u00a0<sup>2<\/sup><\/li>\n<li>c\u00e9kla, s\u00e1rgar\u00e9pa, petrezselyem, sal\u00e1ta, spen\u00f3t &#8211; adag 50-80 g \/ 10 m\u00a0<sup>2<\/sup><\/li>\n<\/ul>\n<p><strong>D\u00edszn\u00f6v\u00e9nyek (pl.<\/strong>\u00a0\u00c1rv\u00e1csk\u00e1k, krizant\u00e9mok, n\u00e1rciszok, tulip\u00e1nok) &#8211; adag 50-80 g \/ 10 m\u00a0<sup>2<\/sup><\/p>\n<p><strong>\u00a0<\/strong><strong>Gy\u00fcm\u00f6lcsf\u00e1k \u00e9s cserj\u00e9k<\/strong><\/p>\n<ul>\n<li>f\u00e1k \u00e9s cserj\u00e9k a term\u00e9s el\u0151tt, eper, m\u00e1lna, erdei szam\u00f3ca &#8211; 30-60 g \/ 10 m\u00a0<sup>2<\/sup>\u00a0adag<\/li>\n<li>term\u0151f\u00e1k, egres, ribizli &#8211; 80-100 g adag 10 m\u00a0<sup>2<\/sup>\u00a0-re<\/li>\n<\/ul>\n<p><strong>\u00a0<\/strong><strong>T\u0171level\u0171ek<\/strong><\/p>\n<ul>\n<li>fiatal \u00e9s \u00fajonnan telep\u00edtett t\u0171level\u0171ek &#8211; 30-60 g adag 10 m\u00a0<sup>2<\/sup>\u00a0-re<\/li>\n<li>id\u0151sebb t\u0171level\u0171ek &#8211; 100-120 g adag 10 m\u00a0<sup>2<\/sup>\u00a0-re<\/li>\n<\/ul>\n<p><strong>P\u00e1zsit<\/strong><\/p>\n<ul>\n<li>a talaj el\u0151k\u00e9sz\u00edt\u00e9se egy \u00faj gyep sz\u00e1m\u00e1ra &#8211; 40-60 g adag 10 m\u00a0<sup>2<\/sup>\u00a0-re<\/li>\n<li>megl\u00e9v\u0151 gyepek- 30-50 g adag 10 m <sup>2<\/sup>\u00a0-re<\/li>\n<\/ul>\n<\/div>\n<\/div>\n<\/div>\n<\/div>\n<div class=\"description\">\n<div class=\"inner\">\n<h2>Alkalmaz\u00e1si m\u00f3dszer<\/h2>\n<p>Haszn\u00e1lja a m\u0171tr\u00e1gy\u00e1t m\u00e1rciust\u00f3l augusztusig.\u00a0Tr\u00e1gy\u00e1zza a gyepet 30 naponta az aj\u00e1nlott id\u0151szakban.\u00a01 m\u00b2-enk\u00e9nt 30-40 g-ot haszn\u00e1ljon.\u00a0Sz\u00f3rja a m\u0171tr\u00e1gy\u00e1t egyenletesen egy sz\u00e1raz gyepre.\u00a0A m\u0171tr\u00e1gya kisz\u00f3r\u00e1sa ut\u00e1n a gyepet b\u0151 v\u00edzzel kell \u00f6nt\u00f6zni.<\/p>\n<\/div>\n<\/div>\n<\/div>\n<\/div>\n<\/div>\n<\/div>\n<\/div>\n<\/div>\n<\/div>\n<\/div>\n<\/div>\n<\/div>\n<div><a href=\"https:\/\/www.facebook.com\/tajkertesz\">https:\/\/www.facebook.com\/tajkertesz<\/a><\/div>\n<div><a href=\"https:\/\/tajkertesz.com\/\">https:\/\/tajkertesz.com\/<\/a><\/div>\n<div><a href=\"https:\/\/tajkertesz.com\/wp-content\/uploads\/2021\/05\/Agrecol-bizt.adatl_..pdf\">Agrecol bizt.adatl.<\/a><\/div>\n<div>Bels\u0151 k\u00f3d: 213<\/div>\n<div><strong>Kiszerel\u00e9s : 1 kg<\/strong><\/div>\n<div>\n<p><strong>K\u00e9szlet\u00fcnk napi szinten v\u00e1ltozik, ez\u00e9rt k\u00e9rj\u00fck, \u00e9rdekl\u0151dj\u00f6n szem\u00e9lyesen, telefonon vagy email-en.<br \/>\nA v\u00e1ltoztat\u00e1s jog\u00e1t fenntartjuk!\u00a0<\/strong><\/p>\n<p>&nbsp;<\/p>\n<p><a href=\"https:\/\/tajkertesz.com\/\">https:\/\/tajkertesz.com\/<\/a><\/p>\n<p><a href=\"https:\/\/www.facebook.com\/tajkertesz\/\">https:\/\/www.facebook.com\/tajkertesz\/<\/a><\/p>\n<p>Kisz\u00e1ll\u00edt\u00e1s: 200cm-ig \u00a0\u00e9s 40 kg-ig a sz\u00e1ll\u00edt\u00e1s fut\u00e1rszolg\u00e1lattal \u00a0t\u00f6rt\u00e9nik.<\/p>\n<p>Szem\u00e9lyes \u00e1tv\u00e9tel nyitvatart\u00e1si id\u0151ben a 17. ker\u00fclet Bakancsos utca 7. sz\u00e1m alatti Kert\u00e9szeti \u00e1rud\u00e1nkban.<\/p>\n<\/div>\n<p><span style=\"color: #ffffff;\">m\u00e9szetesen el\u0151fordul\u00f3, illetve kijuttatott t\u00e1panyagokat is jobban hasznos\u00edtja, <\/span><\/p>","protected":false},"excerpt":{"rendered":"<div class=\"artdet__name-rating d-none d-lg-block\">\n<div class=\"row gutters-5\">\n<div class=\"col\">\n<div class=\"artdet__name-rating d-none d-lg-block\">\n<div class=\"row gutters-5\">\n<div class=\"col\">\n<div class=\"artdet__name-rating d-none d-lg-block\">\n<div class=\"row gutters-5\">\n<div class=\"col\">\n<div class=\"artdet__name-rating d-none d-lg-block\">\n<div class=\"row gutters-5\">\n<div class=\"col\">\n<div class=\"artdet__name-rating d-none d-lg-block\">\n<div class=\"row gutters-5\">\n<div class=\"col\">\n<div class=\"artdet__name-rating d-none d-lg-block\">\n<div class=\"row gutters-5\">\n<div class=\"col\">\n<h2 class=\"artdet__name line-clamp--3-12\">Agrecol Hortifoska univerz\u00e1lis kerti m\u0171tr\u00e1gya 1 kg<\/h2>\n<\/div>\n<\/div>\n<\/div>\n<div id=\"artdet__short-descrition\" class=\"artdet__short-descripton artdet-block border-block\">\n<div class=\"artdet__short-descripton-content text-justify font-s font-sm-m\">\n<ul>\n<li>a m\u0171tr\u00e1gya \u00f6sszet\u00e9tele sok n\u00f6v\u00e9ny sz\u00e1m\u00e1ra optim\u00e1lis<\/li>\n<li>a n\u00f6v\u00e9nyek, k\u00fcl\u00f6n\u00f6sen a z\u00f6lds\u00e9gek t\u00e1poz\u00e1s\u00e1hoz<\/li>\n<li>A d\u00edszn\u00f6v\u00e9nyek \u00e1pol\u00e1s\u00e1ban is j\u00f3l m\u0171k\u00f6dik<\/li>\n<\/ul>\n<\/div>\n<\/div>\n<\/div>\n<\/div>\n<\/div>\n<\/div>\n<\/div>\n<\/div>\n<\/div>\n<\/div>\n<\/div>\n<\/div>\n<\/div>\n<\/div>\n<\/div>\n<\/div>\n<\/div>","protected":false},"featured_media":4049,"template":"","meta":{"_et_pb_use_builder":"","_et_pb_old_content":"","_et_gb_content_width":""},"product_brand":[],"product_cat":[1423],"product_tag":[537,971,36],"class_list":{"0":"post-4048","1":"product","2":"type-product","3":"status-publish","4":"has-post-thumbnail","6":"product_cat-egyeb-kerti-novenyekhez","7":"product_tag-agrecol","8":"product_tag-kerti","9":"product_tag-tragya","11":"first","12":"instock","13":"shipping-taxable","14":"purchasable","15":"product-type-simple"},"yoast_head":"<!-- This site is optimized with the Yoast SEO plugin v27.3 - https:\/\/yoast.com\/product\/yoast-seo-wordpress\/ -->\n<title>Agrecol Hortifoska univerz\u00e1lis kerti m\u0171tr\u00e1gya 1 kg (213) - T\u00e1jkert\u00e9sz<\/title>\n<meta name=\"description\" content=\"Az Agrecol Hortifoska univerz\u00e1lis kerti m\u0171tr\u00e1gya 1 kg\u00a0 m\u0171tr\u00e1gya \u00f6sszet\u00e9tele optim\u00e1lis a n\u00f6v\u00e9nyek, k\u00fcl\u00f6n\u00f6sen a z\u00f6lds\u00e9gek t\u00e1poz\u00e1s\u00e1hoz.\" \/>\n<meta name=\"robots\" content=\"index, follow, max-snippet:-1, max-image-preview:large, max-video-preview:-1\" \/>\n<link rel=\"canonical\" href=\"https:\/\/tajkertesz.com\/en_US\/product\/agrecol-hortifoska-univerzalis-kerti-mutragya-1-kg\/\" \/>\n<meta property=\"og:locale\" content=\"en_US\" \/>\n<meta property=\"og:type\" content=\"article\" \/>\n<meta property=\"og:title\" content=\"Agrecol Hortifoska univerz\u00e1lis kerti m\u0171tr\u00e1gya 1 kg (213) - T\u00e1jkert\u00e9sz\" \/>\n<meta property=\"og:description\" content=\"Az Agrecol Hortifoska univerz\u00e1lis kerti m\u0171tr\u00e1gya 1 kg\u00a0 m\u0171tr\u00e1gya \u00f6sszet\u00e9tele optim\u00e1lis a n\u00f6v\u00e9nyek, k\u00fcl\u00f6n\u00f6sen a z\u00f6lds\u00e9gek t\u00e1poz\u00e1s\u00e1hoz.\" \/>\n<meta property=\"og:url\" content=\"https:\/\/tajkertesz.com\/en_US\/product\/agrecol-hortifoska-univerzalis-kerti-mutragya-1-kg\/\" \/>\n<meta property=\"og:site_name\" content=\"T\u00e1jkert\u00e9sz\" \/>\n<meta property=\"article:publisher\" content=\"https:\/\/www.facebook.com\/Tajkertesz\/\" \/>\n<meta property=\"article:modified_time\" content=\"2024-07-12T10:40:51+00:00\" \/>\n<meta property=\"og:image\" content=\"https:\/\/tajkertesz.com\/wp-content\/uploads\/2021\/05\/univerzalis-1kg.png\" \/>\n\t<meta property=\"og:image:width\" content=\"370\" \/>\n\t<meta property=\"og:image:height\" content=\"556\" \/>\n\t<meta property=\"og:image:type\" content=\"image\/png\" \/>\n<meta name=\"twitter:card\" content=\"summary_large_image\" \/>\n<meta name=\"twitter:label1\" content=\"Est. reading time\" \/>\n\t<meta name=\"twitter:data1\" content=\"3 minutes\" \/>\n<script type=\"application\/ld+json\" class=\"yoast-schema-graph\">{\"@context\":\"https:\\\/\\\/schema.org\",\"@graph\":[{\"@type\":\"WebPage\",\"@id\":\"https:\\\/\\\/tajkertesz.com\\\/termek\\\/agrecol-hortifoska-univerzalis-kerti-mutragya-1-kg\\\/\",\"url\":\"https:\\\/\\\/tajkertesz.com\\\/termek\\\/agrecol-hortifoska-univerzalis-kerti-mutragya-1-kg\\\/\",\"name\":\"Agrecol Hortifoska univerz\u00e1lis kerti m\u0171tr\u00e1gya 1 kg (213) - T\u00e1jkert\u00e9sz\",\"isPartOf\":{\"@id\":\"https:\\\/\\\/tajkertesz.com\\\/#website\"},\"primaryImageOfPage\":{\"@id\":\"https:\\\/\\\/tajkertesz.com\\\/termek\\\/agrecol-hortifoska-univerzalis-kerti-mutragya-1-kg\\\/#primaryimage\"},\"image\":{\"@id\":\"https:\\\/\\\/tajkertesz.com\\\/termek\\\/agrecol-hortifoska-univerzalis-kerti-mutragya-1-kg\\\/#primaryimage\"},\"thumbnailUrl\":\"https:\\\/\\\/tajkertesz.com\\\/wp-content\\\/uploads\\\/2021\\\/05\\\/univerzalis-1kg.png\",\"datePublished\":\"2021-05-04T12:22:29+00:00\",\"dateModified\":\"2024-07-12T10:40:51+00:00\",\"description\":\"Az Agrecol Hortifoska univerz\u00e1lis kerti m\u0171tr\u00e1gya 1 kg\u00a0 m\u0171tr\u00e1gya \u00f6sszet\u00e9tele optim\u00e1lis a n\u00f6v\u00e9nyek, k\u00fcl\u00f6n\u00f6sen a z\u00f6lds\u00e9gek t\u00e1poz\u00e1s\u00e1hoz.\",\"breadcrumb\":{\"@id\":\"https:\\\/\\\/tajkertesz.com\\\/termek\\\/agrecol-hortifoska-univerzalis-kerti-mutragya-1-kg\\\/#breadcrumb\"},\"inLanguage\":\"en-US\",\"potentialAction\":[{\"@type\":\"ReadAction\",\"target\":[\"https:\\\/\\\/tajkertesz.com\\\/termek\\\/agrecol-hortifoska-univerzalis-kerti-mutragya-1-kg\\\/\"]}]},{\"@type\":\"ImageObject\",\"inLanguage\":\"en-US\",\"@id\":\"https:\\\/\\\/tajkertesz.com\\\/termek\\\/agrecol-hortifoska-univerzalis-kerti-mutragya-1-kg\\\/#primaryimage\",\"url\":\"https:\\\/\\\/tajkertesz.com\\\/wp-content\\\/uploads\\\/2021\\\/05\\\/univerzalis-1kg.png\",\"contentUrl\":\"https:\\\/\\\/tajkertesz.com\\\/wp-content\\\/uploads\\\/2021\\\/05\\\/univerzalis-1kg.png\",\"width\":370,\"height\":556},{\"@type\":\"BreadcrumbList\",\"@id\":\"https:\\\/\\\/tajkertesz.com\\\/termek\\\/agrecol-hortifoska-univerzalis-kerti-mutragya-1-kg\\\/#breadcrumb\",\"itemListElement\":[{\"@type\":\"ListItem\",\"position\":1,\"name\":\"Home\",\"item\":\"https:\\\/\\\/tajkertesz.com\\\/\"},{\"@type\":\"ListItem\",\"position\":2,\"name\":\"Kezd\u0151lap\",\"item\":\"https:\\\/\\\/tajkertesz.com\\\/\"},{\"@type\":\"ListItem\",\"position\":3,\"name\":\"Agrecol Hortifoska univerz\u00e1lis kerti m\u0171tr\u00e1gya 1 kg (213)\"}]},{\"@type\":\"WebSite\",\"@id\":\"https:\\\/\\\/tajkertesz.com\\\/#website\",\"url\":\"https:\\\/\\\/tajkertesz.com\\\/\",\"name\":\"T\u00e1j-Kert\u00e9sz 84 Kft.\",\"description\":\"Kert\u00e9szeti kis- \u00e9s nagykeresked\u00e9s, D\u00edszn\u00f6v\u00e9ny web\u00e1ruh\u00e1z orsz\u00e1gos h\u00e1zhozsz\u00e1ll\u00edt\u00e1ssal!\",\"publisher\":{\"@id\":\"https:\\\/\\\/tajkertesz.com\\\/#organization\"},\"potentialAction\":[{\"@type\":\"SearchAction\",\"target\":{\"@type\":\"EntryPoint\",\"urlTemplate\":\"https:\\\/\\\/tajkertesz.com\\\/?s={search_term_string}\"},\"query-input\":{\"@type\":\"PropertyValueSpecification\",\"valueRequired\":true,\"valueName\":\"search_term_string\"}}],\"inLanguage\":\"en-US\"},{\"@type\":\"Organization\",\"@id\":\"https:\\\/\\\/tajkertesz.com\\\/#organization\",\"name\":\"T\u00e1j-Kert\u00e9sz 84 Kft.\",\"url\":\"https:\\\/\\\/tajkertesz.com\\\/\",\"logo\":{\"@type\":\"ImageObject\",\"inLanguage\":\"en-US\",\"@id\":\"https:\\\/\\\/tajkertesz.com\\\/#\\\/schema\\\/logo\\\/image\\\/\",\"url\":\"https:\\\/\\\/tajkertesz.com\\\/wp-content\\\/uploads\\\/2018\\\/02\\\/logo-2-e1518678052539.png\",\"contentUrl\":\"https:\\\/\\\/tajkertesz.com\\\/wp-content\\\/uploads\\\/2018\\\/02\\\/logo-2-e1518678052539.png\",\"width\":81,\"height\":140,\"caption\":\"T\u00e1j-Kert\u00e9sz 84 Kft.\"},\"image\":{\"@id\":\"https:\\\/\\\/tajkertesz.com\\\/#\\\/schema\\\/logo\\\/image\\\/\"},\"sameAs\":[\"https:\\\/\\\/www.facebook.com\\\/Tajkertesz\\\/\"]}]}<\/script>\n<!-- \/ Yoast SEO plugin. -->","yoast_head_json":{"title":"Agrecol Hortifoska univerz\u00e1lis kerti m\u0171tr\u00e1gya 1 kg (213) - T\u00e1jkert\u00e9sz","description":"Az Agrecol Hortifoska univerz\u00e1lis kerti m\u0171tr\u00e1gya 1 kg\u00a0 m\u0171tr\u00e1gya \u00f6sszet\u00e9tele optim\u00e1lis a n\u00f6v\u00e9nyek, k\u00fcl\u00f6n\u00f6sen a z\u00f6lds\u00e9gek t\u00e1poz\u00e1s\u00e1hoz.","robots":{"index":"index","follow":"follow","max-snippet":"max-snippet:-1","max-image-preview":"max-image-preview:large","max-video-preview":"max-video-preview:-1"},"canonical":"https:\/\/tajkertesz.com\/en_US\/product\/agrecol-hortifoska-univerzalis-kerti-mutragya-1-kg\/","og_locale":"en_US","og_type":"article","og_title":"Agrecol Hortifoska univerz\u00e1lis kerti m\u0171tr\u00e1gya 1 kg (213) - T\u00e1jkert\u00e9sz","og_description":"Az Agrecol Hortifoska univerz\u00e1lis kerti m\u0171tr\u00e1gya 1 kg\u00a0 m\u0171tr\u00e1gya \u00f6sszet\u00e9tele optim\u00e1lis a n\u00f6v\u00e9nyek, k\u00fcl\u00f6n\u00f6sen a z\u00f6lds\u00e9gek t\u00e1poz\u00e1s\u00e1hoz.","og_url":"https:\/\/tajkertesz.com\/en_US\/product\/agrecol-hortifoska-univerzalis-kerti-mutragya-1-kg\/","og_site_name":"T\u00e1jkert\u00e9sz","article_publisher":"https:\/\/www.facebook.com\/Tajkertesz\/","article_modified_time":"2024-07-12T10:40:51+00:00","og_image":[{"width":370,"height":556,"url":"https:\/\/tajkertesz.com\/wp-content\/uploads\/2021\/05\/univerzalis-1kg.png","type":"image\/png"}],"twitter_card":"summary_large_image","twitter_misc":{"Est. reading time":"3 minutes"},"schema":{"@context":"https:\/\/schema.org","@graph":[{"@type":"WebPage","@id":"https:\/\/tajkertesz.com\/termek\/agrecol-hortifoska-univerzalis-kerti-mutragya-1-kg\/","url":"https:\/\/tajkertesz.com\/termek\/agrecol-hortifoska-univerzalis-kerti-mutragya-1-kg\/","name":"Agrecol Hortifoska univerz\u00e1lis kerti m\u0171tr\u00e1gya 1 kg (213) - T\u00e1jkert\u00e9sz","isPartOf":{"@id":"https:\/\/tajkertesz.com\/#website"},"primaryImageOfPage":{"@id":"https:\/\/tajkertesz.com\/termek\/agrecol-hortifoska-univerzalis-kerti-mutragya-1-kg\/#primaryimage"},"image":{"@id":"https:\/\/tajkertesz.com\/termek\/agrecol-hortifoska-univerzalis-kerti-mutragya-1-kg\/#primaryimage"},"thumbnailUrl":"https:\/\/tajkertesz.com\/wp-content\/uploads\/2021\/05\/univerzalis-1kg.png","datePublished":"2021-05-04T12:22:29+00:00","dateModified":"2024-07-12T10:40:51+00:00","description":"Az Agrecol Hortifoska univerz\u00e1lis kerti m\u0171tr\u00e1gya 1 kg\u00a0 m\u0171tr\u00e1gya \u00f6sszet\u00e9tele optim\u00e1lis a n\u00f6v\u00e9nyek, k\u00fcl\u00f6n\u00f6sen a z\u00f6lds\u00e9gek t\u00e1poz\u00e1s\u00e1hoz.","breadcrumb":{"@id":"https:\/\/tajkertesz.com\/termek\/agrecol-hortifoska-univerzalis-kerti-mutragya-1-kg\/#breadcrumb"},"inLanguage":"en-US","potentialAction":[{"@type":"ReadAction","target":["https:\/\/tajkertesz.com\/termek\/agrecol-hortifoska-univerzalis-kerti-mutragya-1-kg\/"]}]},{"@type":"ImageObject","inLanguage":"en-US","@id":"https:\/\/tajkertesz.com\/termek\/agrecol-hortifoska-univerzalis-kerti-mutragya-1-kg\/#primaryimage","url":"https:\/\/tajkertesz.com\/wp-content\/uploads\/2021\/05\/univerzalis-1kg.png","contentUrl":"https:\/\/tajkertesz.com\/wp-content\/uploads\/2021\/05\/univerzalis-1kg.png","width":370,"height":556},{"@type":"BreadcrumbList","@id":"https:\/\/tajkertesz.com\/termek\/agrecol-hortifoska-univerzalis-kerti-mutragya-1-kg\/#breadcrumb","itemListElement":[{"@type":"ListItem","position":1,"name":"Home","item":"https:\/\/tajkertesz.com\/"},{"@type":"ListItem","position":2,"name":"Kezd\u0151lap","item":"https:\/\/tajkertesz.com\/"},{"@type":"ListItem","position":3,"name":"Agrecol Hortifoska univerz\u00e1lis kerti m\u0171tr\u00e1gya 1 kg (213)"}]},{"@type":"WebSite","@id":"https:\/\/tajkertesz.com\/#website","url":"https:\/\/tajkertesz.com\/","name":"T\u00e1j-Kert\u00e9sz 84 Kft.","description":"Kert\u00e9szeti kis- \u00e9s nagykeresked\u00e9s, D\u00edszn\u00f6v\u00e9ny web\u00e1ruh\u00e1z orsz\u00e1gos h\u00e1zhozsz\u00e1ll\u00edt\u00e1ssal!","publisher":{"@id":"https:\/\/tajkertesz.com\/#organization"},"potentialAction":[{"@type":"SearchAction","target":{"@type":"EntryPoint","urlTemplate":"https:\/\/tajkertesz.com\/?s={search_term_string}"},"query-input":{"@type":"PropertyValueSpecification","valueRequired":true,"valueName":"search_term_string"}}],"inLanguage":"en-US"},{"@type":"Organization","@id":"https:\/\/tajkertesz.com\/#organization","name":"T\u00e1j-Kert\u00e9sz 84 Kft.","url":"https:\/\/tajkertesz.com\/","logo":{"@type":"ImageObject","inLanguage":"en-US","@id":"https:\/\/tajkertesz.com\/#\/schema\/logo\/image\/","url":"https:\/\/tajkertesz.com\/wp-content\/uploads\/2018\/02\/logo-2-e1518678052539.png","contentUrl":"https:\/\/tajkertesz.com\/wp-content\/uploads\/2018\/02\/logo-2-e1518678052539.png","width":81,"height":140,"caption":"T\u00e1j-Kert\u00e9sz 84 Kft."},"image":{"@id":"https:\/\/tajkertesz.com\/#\/schema\/logo\/image\/"},"sameAs":["https:\/\/www.facebook.com\/Tajkertesz\/"]}]}},"_links":{"self":[{"href":"https:\/\/tajkertesz.com\/en_US\/wp-json\/wp\/v2\/product\/4048","targetHints":{"allow":["GET"]}}],"collection":[{"href":"https:\/\/tajkertesz.com\/en_US\/wp-json\/wp\/v2\/product"}],"about":[{"href":"https:\/\/tajkertesz.com\/en_US\/wp-json\/wp\/v2\/types\/product"}],"wp:featuredmedia":[{"embeddable":true,"href":"https:\/\/tajkertesz.com\/en_US\/wp-json\/wp\/v2\/media\/4049"}],"wp:attachment":[{"href":"https:\/\/tajkertesz.com\/en_US\/wp-json\/wp\/v2\/media?parent=4048"}],"wp:term":[{"taxonomy":"product_brand","embeddable":true,"href":"https:\/\/tajkertesz.com\/en_US\/wp-json\/wp\/v2\/product_brand?post=4048"},{"taxonomy":"product_cat","embeddable":true,"href":"https:\/\/tajkertesz.com\/en_US\/wp-json\/wp\/v2\/product_cat?post=4048"},{"taxonomy":"product_tag","embeddable":true,"href":"https:\/\/tajkertesz.com\/en_US\/wp-json\/wp\/v2\/product_tag?post=4048"}],"curies":[{"name":"wp","href":"https:\/\/api.w.org\/{rel}","templated":true}]}}