{"id":4052,"date":"2021-05-04T12:37:02","date_gmt":"2021-05-04T12:37:02","guid":{"rendered":"https:\/\/tajkertesz.com\/?post_type=product&#038;p=4052"},"modified":"2024-07-12T11:02:39","modified_gmt":"2024-07-12T11:02:39","slug":"agrecol-hortifoska-szuper-tobb-osszetevos-mutragya-pazsithoz-20-kg","status":"publish","type":"product","link":"https:\/\/tajkertesz.com\/en_US\/product\/agrecol-hortifoska-szuper-tobb-osszetevos-mutragya-pazsithoz-20-kg\/","title":{"rendered":"Agrecol Hortifoska szuper m\u0171tr\u00e1gya p\u00e1zsithoz 20 kg"},"content":{"rendered":"<div class=\"artdet__name-rating d-none d-lg-block\">\n<div class=\"row gutters-5\">\n<div class=\"col\">\n<h2 class=\"artdet__name line-clamp--3-12\">Agrecol Hortifoska szuper, t\u00f6bb \u00f6sszetev\u0151s m\u0171tr\u00e1gya p\u00e1zsithoz 20 kg<\/h2>\n<\/div>\n<\/div>\n<\/div>\n<div id=\"artdet__short-descrition\" class=\"artdet__short-descripton artdet-block border-block\">\n<div class=\"artdet__short-descripton-content text-justify font-s font-sm-m\">\n<ul>\n<li>t\u00f6bbkomponens\u0171 m\u0171tr\u00e1gya p\u00e1zsithoz<\/li>\n<li>d\u00edszf\u00fcvek tr\u00e1gy\u00e1z\u00e1s\u00e1ra is aj\u00e1nlott<\/li>\n<li>elegend\u0151: 20 kg \/ 1000 m <sup>2<\/sup><\/li>\n<\/ul>\n<div class=\"main-info\">\n<div class=\"oneoftwo\">\n<div class=\"inner\">\n<h2>Tartalom:<\/h2>\n<p>EC m\u0171tr\u00e1gya<br \/>\nnitrog\u00e9n (N) &#8211; 15%<br \/>\nfoszfor (P\u00a0<sub>2<\/sub>\u00a0O\u00a0<sub>5<\/sub>\u00a0) &#8211; 5%<br \/>\nk\u00e1lium (K\u00a0<sub>2<\/sub>\u00a0O) &#8211; 10%<br \/>\nmagn\u00e9zium (MgO) &#8211; 2%<\/p>\n<p>Mikroelemek:<br \/>\nb\u00f3r (B) 0,04%, r\u00e9z (Cu) 0,1%, vas (Fe) 0,2%, mang\u00e1n (Mn) 0,17%, molibd\u00e9n (Mo) 0,01%, cink (Zn) 0,035%<\/p>\n<\/div>\n<\/div>\n<\/div>\n<div class=\"description\">\n<div class=\"inner\">\n<div class=\"description\">\n<div class=\"inner\">\n<div class=\"description\">\n<div class=\"inner\">\n<p><strong>A Hortifoska super t\u00f6bbkomponens\u0171 gyeptr\u00e1gya<\/strong>\u00a0granul\u00e1lt \u00e1sv\u00e1nyi m\u0171tr\u00e1gya.\u00a0Minden gyept\u00edpus t\u00e1pl\u00e1l\u00e1s\u00e1ra szolg\u00e1l: gyep, szabadid\u0151s, sportp\u00e1zsit, valamint mindenf\u00e9le d\u00edszf\u0171 (pl. Miscanthus, pampas f\u0171, cs\u00e1sz\u00e1r, rozplenice stb.).<\/p>\n<p>A m\u0171tr\u00e1gya \u00f6sszetev\u0151i, p\u00e9ld\u00e1ul nitrog\u00e9n, magn\u00e9zium \u00e9s vas hozz\u00e1j\u00e1rulnak a f\u0171 z\u00f6ld sz\u00edn\u00e9hez. A rendszeresen t\u00e1pozott, \u00e9s az elhanyagolt gyep gyorsan visszanyeri \u00e1llapot\u00e1t \u00e9s eg\u00e9szs\u00e9ges megjelen\u00e9s\u00e9t. A foszforral \u00e9s k\u00e1liummal val\u00f3 megfelel\u0151 t\u00e1pl\u00e1l\u00e1s eset\u00e9n a f\u00fcvek ellen\u00e1llnak a kedvez\u0151tlen k\u00f6rnyezeti felt\u00e9teleknek , \u00e9s jobban ellen\u00e1llnak a betegs\u00e9geknek. A m\u0171tr\u00e1gya a gyep kialak\u00edt\u00e1sakor is felhaszn\u00e1lhat\u00f3, ide\u00e1lis kezd\u0151 adagot biztos\u00edtva a fiatal n\u00f6v\u00e9nyek sz\u00e1m\u00e1ra.<\/p>\n<\/div>\n<\/div>\n<div class=\"description\">\n<div class=\"inner\">\n<h2>Alkalmaz\u00e1si m\u00f3dszer<\/h2>\n<p>M\u00e1rciust\u00f3l augusztus v\u00e9g\u00e9ig 4-6 hetente haszn\u00e1lja a m\u0171tr\u00e1gy\u00e1t.\u00a0Haszn\u00e1lja a k\u00f6vetkez\u0151 adagokat:<\/p>\n<ul>\n<li><strong>p\u00e1zsit telep\u00edt\u00e9sekor<\/strong>\u00a0&#8211; adjon 20-30 g m\u0171tr\u00e1gy\u00e1t minden 1 m\u00b2 alapter\u00fcletre.\u00a0Sz\u00f3rja egyenletesen a m\u0171tr\u00e1gy\u00e1t arra a fel\u00fcletre, amelyen a gyep alapul, majd gerebly\u00e9zze \/ keverje \u00f6ssze a talaj fels\u0151 r\u00e9teg\u00e9vel.\u00a0Miut\u00e1n \u00f6sszekeverte a m\u0171tr\u00e1gy\u00e1t a talajjal, vesse be a f\u0171magokat \u00e9s b\u0151ven \u00f6nt\u00f6zze meg.<\/li>\n<li><strong>rendszeres szezon\u00e1lis tr\u00e1gy\u00e1z\u00e1s<\/strong>\u00a0&#8211; 40-80 g m\u0171tr\u00e1gy\u00e1t haszn\u00e1ljon minden p\u00e1zsit m2-re.\u00a0A m\u0171tr\u00e1gy\u00e1t egyenletesen ossza el a gyepen, majd \u00f6ntse le a gyepet b\u0151 v\u00edzzel. A rendszeres \u00f6nt\u00f6z\u00e9s n\u00f6veli a n\u00f6v\u00e9nyek t\u00e1panyagok hat\u00e9kony felhaszn\u00e1l\u00e1s\u00e1t.A gyep tr\u00e1gy\u00e1z\u00e1sa a v\u00e1g\u00e1sa ut\u00e1n 2-3 nappal a legjobb, mert akkor a m\u0171tr\u00e1gyaszemcs\u00e9k gyorsabban behatolnak a talajba.<\/li>\n<\/ul>\n<\/div>\n<\/div>\n<\/div>\n<\/div>\n<\/div>\n<\/div>\n<\/div>\n<\/div>\n<div><\/div>\n<div><a href=\"https:\/\/www.facebook.com\/tajkertesz\">https:\/\/www.facebook.com\/tajkertesz<\/a><\/div>\n<div><a href=\"https:\/\/tajkertesz.com\/\">https:\/\/tajkertesz.com\/<\/a><\/div>\n<div><a href=\"https:\/\/tajkertesz.com\/wp-content\/uploads\/2021\/05\/Agrecol-bizt.adatl_..pdf\">Agrecol bizt.adatl.<\/a><\/div>\n<p><strong>Kiszerel\u00e9s : 20 kg<\/strong><\/p>\n<p>&nbsp;<\/p>\n<p><strong>K\u00e9szlet\u00fcnk napi szinten v\u00e1ltozik, ez\u00e9rt k\u00e9rj\u00fck, \u00e9rdekl\u0151dj\u00f6n szem\u00e9lyesen, telefonon vagy email-en.<br \/>\nA v\u00e1ltoztat\u00e1s jog\u00e1t fenntartjuk!\u00a0<\/strong><\/p>\n<p>&nbsp;<\/p>\n<p><a href=\"https:\/\/tajkertesz.com\/\">https:\/\/tajkertesz.com\/<\/a><\/p>\n<p><a href=\"https:\/\/www.facebook.com\/tajkertesz\/\">https:\/\/www.facebook.com\/tajkertesz\/<\/a><\/p>\n<p>Kisz\u00e1ll\u00edt\u00e1s: 200cm-ig \u00a0\u00e9s 40 kg-ig a sz\u00e1ll\u00edt\u00e1s fut\u00e1rszolg\u00e1lattal \u00a0t\u00f6rt\u00e9nik.<\/p>\n<p>Szem\u00e9lyes \u00e1tv\u00e9tel nyitvatart\u00e1si id\u0151ben a 17. ker\u00fclet Bakancsos utca 7. sz\u00e1m alatti Kert\u00e9szeti \u00e1rud\u00e1nkban.<\/p>","protected":false},"excerpt":{"rendered":"<div class=\"artdet__name-rating d-none d-lg-block\">\n<div class=\"row gutters-5\">\n<div class=\"col\">\n<div class=\"artdet__name-rating d-none d-lg-block\">\n<div class=\"row gutters-5\">\n<div class=\"col\">\n<div class=\"artdet__name-rating d-none d-lg-block\">\n<div class=\"row gutters-5\">\n<div class=\"col\">\n<h2 class=\"artdet__name line-clamp--3-12\">Agrecol Hortifoska szuper, t\u00f6bb \u00f6sszetev\u0151s m\u0171tr\u00e1gya p\u00e1zsithoz 20 kg<\/h2>\n<\/div>\n<\/div>\n<\/div>\n<div id=\"artdet__short-descrition\" class=\"artdet__short-descripton artdet-block border-block\">\n<div class=\"artdet__short-descripton-content text-justify font-s font-sm-m\">\n<ul>\n<li>t\u00f6bbkomponens\u0171 m\u0171tr\u00e1gya p\u00e1zsithoz<\/li>\n<li>d\u00edszf\u00fcvek tr\u00e1gy\u00e1z\u00e1s\u00e1ra is aj\u00e1nlott<\/li>\n<li>elegend\u0151: 20 kg \/ 1000 m <sup>2<\/sup><\/li>\n<\/ul>\n<\/div>\n<\/div>\n<\/div>\n<\/div>\n<\/div>\n<\/div>\n<\/div>\n<\/div>","protected":false},"featured_media":4043,"template":"","meta":{"_et_pb_use_builder":"","_et_pb_old_content":"","_et_gb_content_width":""},"product_brand":[],"product_cat":[1426],"product_tag":[537,971,1470,36],"class_list":{"0":"post-4052","1":"product","2":"type-product","3":"status-publish","4":"has-post-thumbnail","6":"product_cat-agrecol-gyepmutragya","7":"product_tag-agrecol","8":"product_tag-kerti","9":"product_tag-pazsit","10":"product_tag-tragya","12":"first","13":"outofstock","14":"shipping-taxable","15":"purchasable","16":"product-type-simple"},"yoast_head":"<!-- This site is optimized with the Yoast SEO plugin v27.3 - https:\/\/yoast.com\/product\/yoast-seo-wordpress\/ -->\n<title>Agrecol Hortifoska szuper m\u0171tr\u00e1gya p\u00e1zsithoz 20 kg - T\u00e1jkert\u00e9sz<\/title>\n<meta name=\"description\" content=\"Agrecol Hortifoska szuper, t\u00f6bb \u00f6sszetev\u0151s m\u0171tr\u00e1gya p\u00e1zsithoz 20 kg t\u00f6bbkomponens\u0171 m\u0171tr\u00e1gya p\u00e1zsithoz. Elegend\u0151: 20 kg \/ 1000 m 2\" \/>\n<meta name=\"robots\" content=\"index, follow, max-snippet:-1, max-image-preview:large, max-video-preview:-1\" \/>\n<link rel=\"canonical\" href=\"https:\/\/tajkertesz.com\/en_US\/product\/agrecol-hortifoska-szuper-tobb-osszetevos-mutragya-pazsithoz-20-kg\/\" \/>\n<meta property=\"og:locale\" content=\"en_US\" \/>\n<meta property=\"og:type\" content=\"article\" \/>\n<meta property=\"og:title\" content=\"Agrecol Hortifoska szuper m\u0171tr\u00e1gya p\u00e1zsithoz 20 kg - T\u00e1jkert\u00e9sz\" \/>\n<meta property=\"og:description\" content=\"Agrecol Hortifoska szuper, t\u00f6bb \u00f6sszetev\u0151s m\u0171tr\u00e1gya p\u00e1zsithoz 20 kg t\u00f6bbkomponens\u0171 m\u0171tr\u00e1gya p\u00e1zsithoz. Elegend\u0151: 20 kg \/ 1000 m 2\" \/>\n<meta property=\"og:url\" content=\"https:\/\/tajkertesz.com\/en_US\/product\/agrecol-hortifoska-szuper-tobb-osszetevos-mutragya-pazsithoz-20-kg\/\" \/>\n<meta property=\"og:site_name\" content=\"T\u00e1jkert\u00e9sz\" \/>\n<meta property=\"article:publisher\" content=\"https:\/\/www.facebook.com\/Tajkertesz\/\" \/>\n<meta property=\"article:modified_time\" content=\"2024-07-12T11:02:39+00:00\" \/>\n<meta property=\"og:image\" content=\"https:\/\/tajkertesz.com\/wp-content\/uploads\/2021\/05\/szuper-1-kg.png\" \/>\n\t<meta property=\"og:image:width\" content=\"370\" \/>\n\t<meta property=\"og:image:height\" content=\"586\" \/>\n\t<meta property=\"og:image:type\" content=\"image\/png\" \/>\n<meta name=\"twitter:card\" content=\"summary_large_image\" \/>\n<meta name=\"twitter:label1\" content=\"Est. reading time\" \/>\n\t<meta name=\"twitter:data1\" content=\"2 minutes\" \/>\n<script type=\"application\/ld+json\" class=\"yoast-schema-graph\">{\"@context\":\"https:\\\/\\\/schema.org\",\"@graph\":[{\"@type\":\"WebPage\",\"@id\":\"https:\\\/\\\/tajkertesz.com\\\/termek\\\/agrecol-hortifoska-szuper-tobb-osszetevos-mutragya-pazsithoz-20-kg\\\/\",\"url\":\"https:\\\/\\\/tajkertesz.com\\\/termek\\\/agrecol-hortifoska-szuper-tobb-osszetevos-mutragya-pazsithoz-20-kg\\\/\",\"name\":\"Agrecol Hortifoska szuper m\u0171tr\u00e1gya p\u00e1zsithoz 20 kg - T\u00e1jkert\u00e9sz\",\"isPartOf\":{\"@id\":\"https:\\\/\\\/tajkertesz.com\\\/#website\"},\"primaryImageOfPage\":{\"@id\":\"https:\\\/\\\/tajkertesz.com\\\/termek\\\/agrecol-hortifoska-szuper-tobb-osszetevos-mutragya-pazsithoz-20-kg\\\/#primaryimage\"},\"image\":{\"@id\":\"https:\\\/\\\/tajkertesz.com\\\/termek\\\/agrecol-hortifoska-szuper-tobb-osszetevos-mutragya-pazsithoz-20-kg\\\/#primaryimage\"},\"thumbnailUrl\":\"https:\\\/\\\/tajkertesz.com\\\/wp-content\\\/uploads\\\/2021\\\/05\\\/szuper-1-kg.png\",\"datePublished\":\"2021-05-04T12:37:02+00:00\",\"dateModified\":\"2024-07-12T11:02:39+00:00\",\"description\":\"Agrecol Hortifoska szuper, t\u00f6bb \u00f6sszetev\u0151s m\u0171tr\u00e1gya p\u00e1zsithoz 20 kg t\u00f6bbkomponens\u0171 m\u0171tr\u00e1gya p\u00e1zsithoz. Elegend\u0151: 20 kg \\\/ 1000 m 2\",\"breadcrumb\":{\"@id\":\"https:\\\/\\\/tajkertesz.com\\\/termek\\\/agrecol-hortifoska-szuper-tobb-osszetevos-mutragya-pazsithoz-20-kg\\\/#breadcrumb\"},\"inLanguage\":\"en-US\",\"potentialAction\":[{\"@type\":\"ReadAction\",\"target\":[\"https:\\\/\\\/tajkertesz.com\\\/termek\\\/agrecol-hortifoska-szuper-tobb-osszetevos-mutragya-pazsithoz-20-kg\\\/\"]}]},{\"@type\":\"ImageObject\",\"inLanguage\":\"en-US\",\"@id\":\"https:\\\/\\\/tajkertesz.com\\\/termek\\\/agrecol-hortifoska-szuper-tobb-osszetevos-mutragya-pazsithoz-20-kg\\\/#primaryimage\",\"url\":\"https:\\\/\\\/tajkertesz.com\\\/wp-content\\\/uploads\\\/2021\\\/05\\\/szuper-1-kg.png\",\"contentUrl\":\"https:\\\/\\\/tajkertesz.com\\\/wp-content\\\/uploads\\\/2021\\\/05\\\/szuper-1-kg.png\",\"width\":370,\"height\":586},{\"@type\":\"BreadcrumbList\",\"@id\":\"https:\\\/\\\/tajkertesz.com\\\/termek\\\/agrecol-hortifoska-szuper-tobb-osszetevos-mutragya-pazsithoz-20-kg\\\/#breadcrumb\",\"itemListElement\":[{\"@type\":\"ListItem\",\"position\":1,\"name\":\"Home\",\"item\":\"https:\\\/\\\/tajkertesz.com\\\/\"},{\"@type\":\"ListItem\",\"position\":2,\"name\":\"Kezd\u0151lap\",\"item\":\"https:\\\/\\\/tajkertesz.com\\\/\"},{\"@type\":\"ListItem\",\"position\":3,\"name\":\"Agrecol Hortifoska szuper m\u0171tr\u00e1gya p\u00e1zsithoz 20 kg\"}]},{\"@type\":\"WebSite\",\"@id\":\"https:\\\/\\\/tajkertesz.com\\\/#website\",\"url\":\"https:\\\/\\\/tajkertesz.com\\\/\",\"name\":\"T\u00e1j-Kert\u00e9sz 84 Kft.\",\"description\":\"Kert\u00e9szeti kis- \u00e9s nagykeresked\u00e9s, D\u00edszn\u00f6v\u00e9ny web\u00e1ruh\u00e1z orsz\u00e1gos h\u00e1zhozsz\u00e1ll\u00edt\u00e1ssal!\",\"publisher\":{\"@id\":\"https:\\\/\\\/tajkertesz.com\\\/#organization\"},\"potentialAction\":[{\"@type\":\"SearchAction\",\"target\":{\"@type\":\"EntryPoint\",\"urlTemplate\":\"https:\\\/\\\/tajkertesz.com\\\/?s={search_term_string}\"},\"query-input\":{\"@type\":\"PropertyValueSpecification\",\"valueRequired\":true,\"valueName\":\"search_term_string\"}}],\"inLanguage\":\"en-US\"},{\"@type\":\"Organization\",\"@id\":\"https:\\\/\\\/tajkertesz.com\\\/#organization\",\"name\":\"T\u00e1j-Kert\u00e9sz 84 Kft.\",\"url\":\"https:\\\/\\\/tajkertesz.com\\\/\",\"logo\":{\"@type\":\"ImageObject\",\"inLanguage\":\"en-US\",\"@id\":\"https:\\\/\\\/tajkertesz.com\\\/#\\\/schema\\\/logo\\\/image\\\/\",\"url\":\"https:\\\/\\\/tajkertesz.com\\\/wp-content\\\/uploads\\\/2018\\\/02\\\/logo-2-e1518678052539.png\",\"contentUrl\":\"https:\\\/\\\/tajkertesz.com\\\/wp-content\\\/uploads\\\/2018\\\/02\\\/logo-2-e1518678052539.png\",\"width\":81,\"height\":140,\"caption\":\"T\u00e1j-Kert\u00e9sz 84 Kft.\"},\"image\":{\"@id\":\"https:\\\/\\\/tajkertesz.com\\\/#\\\/schema\\\/logo\\\/image\\\/\"},\"sameAs\":[\"https:\\\/\\\/www.facebook.com\\\/Tajkertesz\\\/\"]}]}<\/script>\n<!-- \/ Yoast SEO plugin. -->","yoast_head_json":{"title":"Agrecol Hortifoska szuper m\u0171tr\u00e1gya p\u00e1zsithoz 20 kg - T\u00e1jkert\u00e9sz","description":"Agrecol Hortifoska szuper, t\u00f6bb \u00f6sszetev\u0151s m\u0171tr\u00e1gya p\u00e1zsithoz 20 kg t\u00f6bbkomponens\u0171 m\u0171tr\u00e1gya p\u00e1zsithoz. Elegend\u0151: 20 kg \/ 1000 m 2","robots":{"index":"index","follow":"follow","max-snippet":"max-snippet:-1","max-image-preview":"max-image-preview:large","max-video-preview":"max-video-preview:-1"},"canonical":"https:\/\/tajkertesz.com\/en_US\/product\/agrecol-hortifoska-szuper-tobb-osszetevos-mutragya-pazsithoz-20-kg\/","og_locale":"en_US","og_type":"article","og_title":"Agrecol Hortifoska szuper m\u0171tr\u00e1gya p\u00e1zsithoz 20 kg - T\u00e1jkert\u00e9sz","og_description":"Agrecol Hortifoska szuper, t\u00f6bb \u00f6sszetev\u0151s m\u0171tr\u00e1gya p\u00e1zsithoz 20 kg t\u00f6bbkomponens\u0171 m\u0171tr\u00e1gya p\u00e1zsithoz. Elegend\u0151: 20 kg \/ 1000 m 2","og_url":"https:\/\/tajkertesz.com\/en_US\/product\/agrecol-hortifoska-szuper-tobb-osszetevos-mutragya-pazsithoz-20-kg\/","og_site_name":"T\u00e1jkert\u00e9sz","article_publisher":"https:\/\/www.facebook.com\/Tajkertesz\/","article_modified_time":"2024-07-12T11:02:39+00:00","og_image":[{"width":370,"height":586,"url":"https:\/\/tajkertesz.com\/wp-content\/uploads\/2021\/05\/szuper-1-kg.png","type":"image\/png"}],"twitter_card":"summary_large_image","twitter_misc":{"Est. reading time":"2 minutes"},"schema":{"@context":"https:\/\/schema.org","@graph":[{"@type":"WebPage","@id":"https:\/\/tajkertesz.com\/termek\/agrecol-hortifoska-szuper-tobb-osszetevos-mutragya-pazsithoz-20-kg\/","url":"https:\/\/tajkertesz.com\/termek\/agrecol-hortifoska-szuper-tobb-osszetevos-mutragya-pazsithoz-20-kg\/","name":"Agrecol Hortifoska szuper m\u0171tr\u00e1gya p\u00e1zsithoz 20 kg - T\u00e1jkert\u00e9sz","isPartOf":{"@id":"https:\/\/tajkertesz.com\/#website"},"primaryImageOfPage":{"@id":"https:\/\/tajkertesz.com\/termek\/agrecol-hortifoska-szuper-tobb-osszetevos-mutragya-pazsithoz-20-kg\/#primaryimage"},"image":{"@id":"https:\/\/tajkertesz.com\/termek\/agrecol-hortifoska-szuper-tobb-osszetevos-mutragya-pazsithoz-20-kg\/#primaryimage"},"thumbnailUrl":"https:\/\/tajkertesz.com\/wp-content\/uploads\/2021\/05\/szuper-1-kg.png","datePublished":"2021-05-04T12:37:02+00:00","dateModified":"2024-07-12T11:02:39+00:00","description":"Agrecol Hortifoska szuper, t\u00f6bb \u00f6sszetev\u0151s m\u0171tr\u00e1gya p\u00e1zsithoz 20 kg t\u00f6bbkomponens\u0171 m\u0171tr\u00e1gya p\u00e1zsithoz. Elegend\u0151: 20 kg \/ 1000 m 2","breadcrumb":{"@id":"https:\/\/tajkertesz.com\/termek\/agrecol-hortifoska-szuper-tobb-osszetevos-mutragya-pazsithoz-20-kg\/#breadcrumb"},"inLanguage":"en-US","potentialAction":[{"@type":"ReadAction","target":["https:\/\/tajkertesz.com\/termek\/agrecol-hortifoska-szuper-tobb-osszetevos-mutragya-pazsithoz-20-kg\/"]}]},{"@type":"ImageObject","inLanguage":"en-US","@id":"https:\/\/tajkertesz.com\/termek\/agrecol-hortifoska-szuper-tobb-osszetevos-mutragya-pazsithoz-20-kg\/#primaryimage","url":"https:\/\/tajkertesz.com\/wp-content\/uploads\/2021\/05\/szuper-1-kg.png","contentUrl":"https:\/\/tajkertesz.com\/wp-content\/uploads\/2021\/05\/szuper-1-kg.png","width":370,"height":586},{"@type":"BreadcrumbList","@id":"https:\/\/tajkertesz.com\/termek\/agrecol-hortifoska-szuper-tobb-osszetevos-mutragya-pazsithoz-20-kg\/#breadcrumb","itemListElement":[{"@type":"ListItem","position":1,"name":"Home","item":"https:\/\/tajkertesz.com\/"},{"@type":"ListItem","position":2,"name":"Kezd\u0151lap","item":"https:\/\/tajkertesz.com\/"},{"@type":"ListItem","position":3,"name":"Agrecol Hortifoska szuper m\u0171tr\u00e1gya p\u00e1zsithoz 20 kg"}]},{"@type":"WebSite","@id":"https:\/\/tajkertesz.com\/#website","url":"https:\/\/tajkertesz.com\/","name":"T\u00e1j-Kert\u00e9sz 84 Kft.","description":"Kert\u00e9szeti kis- \u00e9s nagykeresked\u00e9s, D\u00edszn\u00f6v\u00e9ny web\u00e1ruh\u00e1z orsz\u00e1gos h\u00e1zhozsz\u00e1ll\u00edt\u00e1ssal!","publisher":{"@id":"https:\/\/tajkertesz.com\/#organization"},"potentialAction":[{"@type":"SearchAction","target":{"@type":"EntryPoint","urlTemplate":"https:\/\/tajkertesz.com\/?s={search_term_string}"},"query-input":{"@type":"PropertyValueSpecification","valueRequired":true,"valueName":"search_term_string"}}],"inLanguage":"en-US"},{"@type":"Organization","@id":"https:\/\/tajkertesz.com\/#organization","name":"T\u00e1j-Kert\u00e9sz 84 Kft.","url":"https:\/\/tajkertesz.com\/","logo":{"@type":"ImageObject","inLanguage":"en-US","@id":"https:\/\/tajkertesz.com\/#\/schema\/logo\/image\/","url":"https:\/\/tajkertesz.com\/wp-content\/uploads\/2018\/02\/logo-2-e1518678052539.png","contentUrl":"https:\/\/tajkertesz.com\/wp-content\/uploads\/2018\/02\/logo-2-e1518678052539.png","width":81,"height":140,"caption":"T\u00e1j-Kert\u00e9sz 84 Kft."},"image":{"@id":"https:\/\/tajkertesz.com\/#\/schema\/logo\/image\/"},"sameAs":["https:\/\/www.facebook.com\/Tajkertesz\/"]}]}},"_links":{"self":[{"href":"https:\/\/tajkertesz.com\/en_US\/wp-json\/wp\/v2\/product\/4052","targetHints":{"allow":["GET"]}}],"collection":[{"href":"https:\/\/tajkertesz.com\/en_US\/wp-json\/wp\/v2\/product"}],"about":[{"href":"https:\/\/tajkertesz.com\/en_US\/wp-json\/wp\/v2\/types\/product"}],"wp:featuredmedia":[{"embeddable":true,"href":"https:\/\/tajkertesz.com\/en_US\/wp-json\/wp\/v2\/media\/4043"}],"wp:attachment":[{"href":"https:\/\/tajkertesz.com\/en_US\/wp-json\/wp\/v2\/media?parent=4052"}],"wp:term":[{"taxonomy":"product_brand","embeddable":true,"href":"https:\/\/tajkertesz.com\/en_US\/wp-json\/wp\/v2\/product_brand?post=4052"},{"taxonomy":"product_cat","embeddable":true,"href":"https:\/\/tajkertesz.com\/en_US\/wp-json\/wp\/v2\/product_cat?post=4052"},{"taxonomy":"product_tag","embeddable":true,"href":"https:\/\/tajkertesz.com\/en_US\/wp-json\/wp\/v2\/product_tag?post=4052"}],"curies":[{"name":"wp","href":"https:\/\/api.w.org\/{rel}","templated":true}]}}