{"id":4054,"date":"2021-05-04T12:40:10","date_gmt":"2021-05-04T12:40:10","guid":{"rendered":"https:\/\/tajkertesz.com\/?post_type=product&#038;p=4054"},"modified":"2024-02-03T12:50:40","modified_gmt":"2024-02-03T12:50:40","slug":"agrecol-hortifoska-mutragya-orokzoldek-szamara-15-kg","status":"publish","type":"product","link":"https:\/\/tajkertesz.com\/en_US\/product\/agrecol-hortifoska-mutragya-orokzoldek-szamara-15-kg\/","title":{"rendered":"Agrecol Hortifoska m\u0171tr\u00e1gya \u00f6r\u00f6kz\u00f6ldek sz\u00e1m\u00e1ra 15 kg"},"content":{"rendered":"<div class=\"artdet__name-rating d-none d-lg-block\">\n<div class=\"row gutters-5\">\n<div class=\"col\">\n<h2 class=\"artdet__name line-clamp--3-12\">Agrecol Hortifoska m\u0171tr\u00e1gya \u00f6r\u00f6kz\u00f6ldek sz\u00e1m\u00e1ra 15 kg<\/h2>\n<\/div>\n<\/div>\n<\/div>\n<div id=\"artdet__short-descrition\" class=\"artdet__short-descripton artdet-block border-block\">\n<div class=\"artdet__short-descripton-content text-justify font-s font-sm-m\">\n<h2 class=\"artdet__name line-clamp--3-12\"><\/h2>\n<p>Agrecol Hortifoska m\u0171tr\u00e1gya \u00f6r\u00f6kz\u00f6ldek sz\u00e1m\u00e1ra 15 kg<\/p>\n<ul>\n<li>az \u00f6r\u00f6kz\u00f6ldek t\u00e1poz\u00e1s\u00e1ra l\u00e9trehozott m\u0171tr\u00e1gya<\/li>\n<li>j\u00f3l m\u0171k\u00f6dik m\u00e1s d\u00edszf\u00e1k \u00e9s cserj\u00e9k t\u00e1pl\u00e1l\u00e1s\u00e1ban<\/li>\n<li>Elegend\u0151: 1 kg kb. 65 n\u00f6v\u00e9ny eset\u00e9ben<\/li>\n<li>\n<h2>Tartalom<\/h2>\n<p>EC m\u0171tr\u00e1gya<br \/>\nnitrog\u00e9n (N) &#8211; 10%<br \/>\nfoszfor (P\u00a0<sub>2<\/sub>\u00a0O\u00a0<sub>5<\/sub>\u00a0) &#8211; 6%<br \/>\nk\u00e1lium (K\u00a0<sub>2<\/sub>\u00a0O) &#8211; 23%<br \/>\nmagn\u00e9zium (MgO) &#8211; 2%<\/p>\n<p>Mikroelemek:<br \/>\nb\u00f3r (B) 0,04%, r\u00e9z (Cu) 0,1%, vas (Fe) 0,2%, mang\u00e1n (Mn) 0,17%, molibd\u00e9n (Mo) 0,01%, cink (Zn) 0,035%<\/li>\n<\/ul>\n<div class=\"description\">\n<div class=\"inner\">\n<p><strong>A t\u0171level\u0171ek \u00e9s m\u00e1s d\u00edszf\u00e1k \u00e9s cserj\u00e9k sz\u00e1m\u00e1ra sz\u00e1nt Hortifoska m\u0171tr\u00e1gya<\/strong>\u00a0granul\u00e1lt \u00e1sv\u00e1nyi m\u0171tr\u00e1gya.\u00a0Minden t\u0171level\u0171 faj &#8211; p\u00e9ld\u00e1ul luc, feny\u0151, tuja, ciprus, tiszafa, v\u00f6r\u00f6sfeny\u0151, bor\u00f3ka &#8211; t\u00e1pl\u00e1l\u00e1s\u00e1ra tervezt\u00e9k. A t\u0171level\u0171ek Hortifoska m\u0171tr\u00e1gy\u00e1ja sikeresen felhaszn\u00e1lhat\u00f3 az \u00f6sszes t\u00f6bbi d\u00edszfa \u00e9s cserje &#8211; p\u00e9ld\u00e1ul juhar, b\u00fckk, t\u00f6lgy, borbolya, magn\u00f3lia \u00e9s m\u00e9g sok m\u00e1s &#8211; n\u00f6v\u00e9ny t\u00e1pl\u00e1l\u00e1s\u00e1ra is. A m\u0171tr\u00e1gy\u00e1ban tal\u00e1lhat\u00f3 \u00f6sszetev\u0151k t\u00edpusa \u00e9s mennyis\u00e9ge megfelel a fent eml\u00edtett n\u00f6v\u00e9nyek t\u00e1pl\u00e1l\u00e1si sz\u00fcks\u00e9gleteinek, ennek k\u00f6sz\u00f6nhet\u0151en ez a m\u0171tr\u00e1gya befoly\u00e1solja az optim\u00e1lis n\u00f6veked\u00e9s\u00fcket, megfelel\u0151 sz\u00ednezet\u00fcket \u00e9s nagy fagy\u00e1ll\u00f3s\u00e1gukat.<\/p>\n<\/div>\n<\/div>\n<div class=\"description\">\n<div class=\"inner\">\n<h2>Alkalmaz\u00e1si m\u00f3dszer<\/h2>\n<p>K\u00e9thavonta haszn\u00e1lja m\u00e1rciust\u00f3l augusztus k\u00f6zep\u00e9ig.\u00a0A d\u00f3zis f\u00fcgg a n\u00f6v\u00e9nyek m\u00e9ret\u00e9t\u0151l, eloszt\u00e1s\u00e1nak 30-50 g m\u0171tr\u00e1gya minden 1 m\u00e9ter n\u00f6v\u00e9ny magass\u00e1ga, p\u00e9ld\u00e1ul.:<br \/>\n&#8211;\u00a0<strong>fiatal n\u00f6v\u00e9nyeket legfeljebb<\/strong>\u00a00,5 m magas &#8211; 15-25 g per 1 n\u00f6v\u00e9ny,<br \/>\n&#8211;\u00a0<strong>id\u0151sebb n\u00f6v\u00e9nyek ak\u00e1r<\/strong>\u00a0a 1 m magas &#8211; 30-50 g \/ n\u00f6v\u00e9ny.<br \/>\nK\u00fasz\u00f3 n\u00f6v\u00e9nyek eset\u00e9ben a d\u00f3zist a bokor feszt\u00e1vols\u00e1g\u00e1nak (azaz magass\u00e1g = \u00e1tm\u00e9r\u0151) szerint kell meghat\u00e1rozni. \u00a0A rendszeres \u00f6nt\u00f6z\u00e9s n\u00f6veli a n\u00f6v\u00e9nyek t\u00e1panyagok hat\u00e9kony felhaszn\u00e1l\u00e1s\u00e1t.<\/p>\n<\/div>\n<\/div>\n<\/div>\n<\/div>\n<div><\/div>\n<div><a href=\"https:\/\/www.facebook.com\/tajkertesz\">https:\/\/www.facebook.com\/tajkertesz<\/a><\/div>\n<div><a href=\"https:\/\/tajkertesz.com\/\">https:\/\/tajkertesz.com\/<\/a><\/div>\n<div><a href=\"https:\/\/tajkertesz.com\/wp-content\/uploads\/2021\/05\/Agrecol-bizt.adatl_..pdf\">Agrecol bizt.adatl.<\/a><\/div>\n<div><\/div>\n<h4><span id=\"A_m\u0171tr\u00e1gy\u00e1z\u00e1s_hat\u00e1sai\" class=\"mw-headline\" style=\"color: #ffffff;\">A m\u0171tr\u00e1gy\u00e1z\u00e1s hat\u00e1sai<\/span><\/h4>\n<p><span style=\"color: #ffffff;\">A k\u00f6znyelvben gyakran keverik a m\u0171tr\u00e1gy\u00e1kat a n\u00f6v\u00e9nyv\u00e9d\u0151 szerekkel. Azonban a m\u0171tr\u00e1gya nem term\u00e9szetidegen anyag. A m\u0171tr\u00e1gy\u00e1z\u00e1ssal olyan vegyi anyagok nem ker\u00fclnek a talajba, amik m\u00e1r eleve nem lenn\u00e9nek jelen. Ugyanazon fontos t\u00e1pionokat tartalmazza, melyeket a talaj- \u00e9s a szerves tr\u00e1gy\u00e1k is szolg\u00e1ltatnak. Teh\u00e1t megfelel\u0151en alkalmazva a m\u0171tr\u00e1gy\u00e1k csak minim\u00e1lis k\u00e1ros hat\u00e1ssal vannak a k\u00f6rnyezetre n\u00e9zve. S\u0151t, amennyiben t\u00e9nylegesen a talaj hi\u00e1nyoss\u00e1gait p\u00f3tolj\u00e1k, illetve a talajhib\u00e1kat orvosolj\u00e1k (t\u00e1pelem-ar\u00e1nyok \u00e9s ar\u00e1nytalans\u00e1gok megsz\u00fcntet\u00e9se, t\u00falzott savass\u00e1g vagy l\u00fagoss\u00e1g tomp\u00edt\u00e1sa stb.), \u00fagy alkalmaz\u00e1sukkal eg\u00e9szs\u00e9gesebb talaj, talaj\u00e9let, n\u00f6v\u00e9nyzet, \u00e1llati \u00e9s emberi k\u00f6z\u00f6ss\u00e9gek j\u00f6hetnek l\u00e9tre az addig term\u00e9ketlen f\u00f6ldeken.<\/span><\/p>\n<p><span style=\"color: #ffffff;\">A megm\u0171velt ter\u00fcletek megn\u00f6vekedett termel\u00e9kenys\u00e9ge lehet\u0151v\u00e9 teszi az erd\u0151k \u00e9s r\u00e9tek term\u00e9szetes \u00e1llapotban val\u00f3 meg\u0151rz\u00e9s\u00e9t, nem kell \u00fajabb sz\u0171z ter\u00fcleteket bevonni a mez\u0151gazdas\u00e1gba. Teh\u00e1t a helyes elveken nyugv\u00f3 m\u0171tr\u00e1gy\u00e1z\u00e1s j\u00f3t\u00e9kony hat\u00e1ssal lehet a k\u00f6rnyezetre, ugyanis <i>v\u00e9di \u00e9s jav\u00edtja<\/i> azt, hiszen a n\u00f6v\u00e9nyzet oxig\u00e9ntermel\u00e9s\u00e9vel hozz\u00e1j\u00e1rul a l\u00e9gk\u00f6r fenntart\u00e1s\u00e1hoz, \u00edgy cs\u00f6kkentve az \u00fcvegh\u00e1zhat\u00e1st. A talaj szervesanyag-tartalma is megn\u00f6vekszik a nagyobb mennyis\u00e9g\u0171 tarl\u00f3- \u00e9s sz\u00e1rmaradv\u00e1ny talajba jut\u00e1sa r\u00e9v\u00e9n. A talajer\u00f3zi\u00f3t cs\u00f6kkenti az eg\u00e9szs\u00e9ges n\u00f6v\u00e9nyzet akt\u00edv gy\u00f6k\u00e9rzete r\u00e9v\u00e9n, \u00e9s a talajban term\u00e9szetesen el\u0151fordul\u00f3, illetve kijuttatott t\u00e1panyagokat is jobban hasznos\u00edtja, korl\u00e1tozva a t\u00e1panyagok talajmenti vizekbe jut\u00e1s\u00e1t.<\/span><\/p>\n<h4><span id=\"A_m\u0171tr\u00e1gy\u00e1z\u00e1s_szezonja\" class=\"mw-headline\" style=\"color: #ffffff;\">A m\u0171tr\u00e1gy\u00e1z\u00e1s szezonja<\/span><\/h4>\n<p><span style=\"color: #ffffff;\">A nitrog\u00e9n tartalm\u00fa m\u0171tr\u00e1gy\u00e1k f\u0151 szezonja a tavaszi id\u0151szak. Hiszen kisebb mennyis\u00e9get haszn\u00e1lnak \u0151sszel a vet\u00e9sek al\u00e1 alaptr\u00e1gyak\u00e9nt, azonban a gondos gazd\u00e1k a komposzt \u00e9rlel\u00e9s\u00e9hez eg\u00e9sz \u00e9vben, \u0151sszel pedig szalm\u00e1s ist\u00e1ll\u00f3tr\u00e1gya, z\u00f6ldtr\u00e1gya illetve egy\u00e9b szerves anyag bedolgoz\u00e1s\u00e1val egyidej\u0171leg is alkalmazz\u00e1k a humifik\u00e1l\u00f3d\u00e1s el\u0151seg\u00edt\u00e9s\u00e9re.<\/span><\/p>\n<p><strong>Kiszerel\u00e9s : 15 kg<\/strong><\/p>","protected":false},"excerpt":{"rendered":"<div class=\"artdet__name-rating d-none d-lg-block\">\n<div class=\"row gutters-5\">\n<div class=\"col\">\n<h2 class=\"artdet__name line-clamp--3-12\"><span style=\"font-size: 16px;\">Agrecol Hortifoska m\u0171tr\u00e1gya \u00f6r\u00f6kz\u00f6ldek sz\u00e1m\u00e1ra 15 kg<\/span><\/h2>\n<\/div>\n<\/div>\n<\/div>\n<div id=\"artdet__short-descrition\" class=\"artdet__short-descripton artdet-block border-block\">\n<div class=\"artdet__short-descripton-content text-justify font-s font-sm-m\">\n<ul>\n<li>az \u00f6r\u00f6kz\u00f6ldek t\u00e1poz\u00e1s\u00e1ra l\u00e9trehozott m\u0171tr\u00e1gya<\/li>\n<li>j\u00f3l m\u0171k\u00f6dik m\u00e1s d\u00edszf\u00e1k \u00e9s cserj\u00e9k t\u00e1pl\u00e1l\u00e1s\u00e1ban<\/li>\n<li>Elegend\u0151: 1 kg kb. 65 n\u00f6v\u00e9ny eset\u00e9ben<\/li>\n<\/ul>\n<\/div>\n<\/div>","protected":false},"featured_media":4041,"template":"","meta":{"_et_pb_use_builder":"","_et_pb_old_content":"","_et_gb_content_width":""},"product_brand":[],"product_cat":[1417],"product_tag":[537,24,36],"class_list":{"0":"post-4054","1":"product","2":"type-product","3":"status-publish","4":"has-post-thumbnail","6":"product_cat-agrecol-mutragyak-tulevelu-es-orokzold-novenyekre","7":"product_tag-agrecol","8":"product_tag-orokzold","9":"product_tag-tragya","11":"first","12":"outofstock","13":"shipping-taxable","14":"purchasable","15":"product-type-simple"},"yoast_head":"<!-- This site is optimized with the Yoast SEO plugin v27.3 - https:\/\/yoast.com\/product\/yoast-seo-wordpress\/ -->\n<title>Agrecol Hortifoska m\u0171tr\u00e1gya \u00f6r\u00f6kz\u00f6ldek sz\u00e1m\u00e1ra 15 kg - T\u00e1jkert\u00e9sz<\/title>\n<meta name=\"description\" content=\"Agrecol Hortifoska m\u0171tr\u00e1gya \u00f6r\u00f6kz\u00f6ldek sz\u00e1m\u00e1ra 15 kg az \u00f6r\u00f6kz\u00f6ldek t\u00e1poz\u00e1s\u00e1ra l\u00e9trehozott m\u0171tr\u00e1gya j\u00f3l m\u0171k\u00f6dik m\u00e1s d\u00edszf\u00e1k \u00e9s cserj\u00e9k\" \/>\n<meta name=\"robots\" content=\"index, follow, max-snippet:-1, max-image-preview:large, max-video-preview:-1\" \/>\n<link rel=\"canonical\" href=\"https:\/\/tajkertesz.com\/en_US\/product\/agrecol-hortifoska-mutragya-orokzoldek-szamara-15-kg\/\" \/>\n<meta property=\"og:locale\" content=\"en_US\" \/>\n<meta property=\"og:type\" content=\"article\" \/>\n<meta property=\"og:title\" content=\"Agrecol Hortifoska m\u0171tr\u00e1gya \u00f6r\u00f6kz\u00f6ldek sz\u00e1m\u00e1ra 15 kg - T\u00e1jkert\u00e9sz\" \/>\n<meta property=\"og:description\" content=\"Agrecol Hortifoska m\u0171tr\u00e1gya \u00f6r\u00f6kz\u00f6ldek sz\u00e1m\u00e1ra 15 kg az \u00f6r\u00f6kz\u00f6ldek t\u00e1poz\u00e1s\u00e1ra l\u00e9trehozott m\u0171tr\u00e1gya j\u00f3l m\u0171k\u00f6dik m\u00e1s d\u00edszf\u00e1k \u00e9s cserj\u00e9k\" \/>\n<meta property=\"og:url\" content=\"https:\/\/tajkertesz.com\/en_US\/product\/agrecol-hortifoska-mutragya-orokzoldek-szamara-15-kg\/\" \/>\n<meta property=\"og:site_name\" content=\"T\u00e1jkert\u00e9sz\" \/>\n<meta property=\"article:publisher\" content=\"https:\/\/www.facebook.com\/Tajkertesz\/\" \/>\n<meta property=\"article:modified_time\" content=\"2024-02-03T12:50:40+00:00\" \/>\n<meta property=\"og:image\" content=\"https:\/\/tajkertesz.com\/wp-content\/uploads\/2021\/05\/mutragya-orokzold-1-kg.png\" \/>\n\t<meta property=\"og:image:width\" content=\"370\" \/>\n\t<meta property=\"og:image:height\" content=\"586\" \/>\n\t<meta property=\"og:image:type\" content=\"image\/png\" \/>\n<meta name=\"twitter:card\" content=\"summary_large_image\" \/>\n<meta name=\"twitter:label1\" content=\"Est. reading time\" \/>\n\t<meta name=\"twitter:data1\" content=\"3 minutes\" \/>\n<script type=\"application\/ld+json\" class=\"yoast-schema-graph\">{\"@context\":\"https:\\\/\\\/schema.org\",\"@graph\":[{\"@type\":\"WebPage\",\"@id\":\"https:\\\/\\\/tajkertesz.com\\\/termek\\\/agrecol-hortifoska-mutragya-orokzoldek-szamara-15-kg\\\/\",\"url\":\"https:\\\/\\\/tajkertesz.com\\\/termek\\\/agrecol-hortifoska-mutragya-orokzoldek-szamara-15-kg\\\/\",\"name\":\"Agrecol Hortifoska m\u0171tr\u00e1gya \u00f6r\u00f6kz\u00f6ldek sz\u00e1m\u00e1ra 15 kg - T\u00e1jkert\u00e9sz\",\"isPartOf\":{\"@id\":\"https:\\\/\\\/tajkertesz.com\\\/#website\"},\"primaryImageOfPage\":{\"@id\":\"https:\\\/\\\/tajkertesz.com\\\/termek\\\/agrecol-hortifoska-mutragya-orokzoldek-szamara-15-kg\\\/#primaryimage\"},\"image\":{\"@id\":\"https:\\\/\\\/tajkertesz.com\\\/termek\\\/agrecol-hortifoska-mutragya-orokzoldek-szamara-15-kg\\\/#primaryimage\"},\"thumbnailUrl\":\"https:\\\/\\\/tajkertesz.com\\\/wp-content\\\/uploads\\\/2021\\\/05\\\/mutragya-orokzold-1-kg.png\",\"datePublished\":\"2021-05-04T12:40:10+00:00\",\"dateModified\":\"2024-02-03T12:50:40+00:00\",\"description\":\"Agrecol Hortifoska m\u0171tr\u00e1gya \u00f6r\u00f6kz\u00f6ldek sz\u00e1m\u00e1ra 15 kg az \u00f6r\u00f6kz\u00f6ldek t\u00e1poz\u00e1s\u00e1ra l\u00e9trehozott m\u0171tr\u00e1gya j\u00f3l m\u0171k\u00f6dik m\u00e1s d\u00edszf\u00e1k \u00e9s cserj\u00e9k\",\"breadcrumb\":{\"@id\":\"https:\\\/\\\/tajkertesz.com\\\/termek\\\/agrecol-hortifoska-mutragya-orokzoldek-szamara-15-kg\\\/#breadcrumb\"},\"inLanguage\":\"en-US\",\"potentialAction\":[{\"@type\":\"ReadAction\",\"target\":[\"https:\\\/\\\/tajkertesz.com\\\/termek\\\/agrecol-hortifoska-mutragya-orokzoldek-szamara-15-kg\\\/\"]}]},{\"@type\":\"ImageObject\",\"inLanguage\":\"en-US\",\"@id\":\"https:\\\/\\\/tajkertesz.com\\\/termek\\\/agrecol-hortifoska-mutragya-orokzoldek-szamara-15-kg\\\/#primaryimage\",\"url\":\"https:\\\/\\\/tajkertesz.com\\\/wp-content\\\/uploads\\\/2021\\\/05\\\/mutragya-orokzold-1-kg.png\",\"contentUrl\":\"https:\\\/\\\/tajkertesz.com\\\/wp-content\\\/uploads\\\/2021\\\/05\\\/mutragya-orokzold-1-kg.png\",\"width\":370,\"height\":586},{\"@type\":\"BreadcrumbList\",\"@id\":\"https:\\\/\\\/tajkertesz.com\\\/termek\\\/agrecol-hortifoska-mutragya-orokzoldek-szamara-15-kg\\\/#breadcrumb\",\"itemListElement\":[{\"@type\":\"ListItem\",\"position\":1,\"name\":\"Home\",\"item\":\"https:\\\/\\\/tajkertesz.com\\\/\"},{\"@type\":\"ListItem\",\"position\":2,\"name\":\"Kezd\u0151lap\",\"item\":\"https:\\\/\\\/tajkertesz.com\\\/\"},{\"@type\":\"ListItem\",\"position\":3,\"name\":\"Agrecol Hortifoska m\u0171tr\u00e1gya \u00f6r\u00f6kz\u00f6ldek sz\u00e1m\u00e1ra 15 kg\"}]},{\"@type\":\"WebSite\",\"@id\":\"https:\\\/\\\/tajkertesz.com\\\/#website\",\"url\":\"https:\\\/\\\/tajkertesz.com\\\/\",\"name\":\"T\u00e1j-Kert\u00e9sz 84 Kft.\",\"description\":\"Kert\u00e9szeti kis- \u00e9s nagykeresked\u00e9s, D\u00edszn\u00f6v\u00e9ny web\u00e1ruh\u00e1z orsz\u00e1gos h\u00e1zhozsz\u00e1ll\u00edt\u00e1ssal!\",\"publisher\":{\"@id\":\"https:\\\/\\\/tajkertesz.com\\\/#organization\"},\"potentialAction\":[{\"@type\":\"SearchAction\",\"target\":{\"@type\":\"EntryPoint\",\"urlTemplate\":\"https:\\\/\\\/tajkertesz.com\\\/?s={search_term_string}\"},\"query-input\":{\"@type\":\"PropertyValueSpecification\",\"valueRequired\":true,\"valueName\":\"search_term_string\"}}],\"inLanguage\":\"en-US\"},{\"@type\":\"Organization\",\"@id\":\"https:\\\/\\\/tajkertesz.com\\\/#organization\",\"name\":\"T\u00e1j-Kert\u00e9sz 84 Kft.\",\"url\":\"https:\\\/\\\/tajkertesz.com\\\/\",\"logo\":{\"@type\":\"ImageObject\",\"inLanguage\":\"en-US\",\"@id\":\"https:\\\/\\\/tajkertesz.com\\\/#\\\/schema\\\/logo\\\/image\\\/\",\"url\":\"https:\\\/\\\/tajkertesz.com\\\/wp-content\\\/uploads\\\/2018\\\/02\\\/logo-2-e1518678052539.png\",\"contentUrl\":\"https:\\\/\\\/tajkertesz.com\\\/wp-content\\\/uploads\\\/2018\\\/02\\\/logo-2-e1518678052539.png\",\"width\":81,\"height\":140,\"caption\":\"T\u00e1j-Kert\u00e9sz 84 Kft.\"},\"image\":{\"@id\":\"https:\\\/\\\/tajkertesz.com\\\/#\\\/schema\\\/logo\\\/image\\\/\"},\"sameAs\":[\"https:\\\/\\\/www.facebook.com\\\/Tajkertesz\\\/\"]}]}<\/script>\n<!-- \/ Yoast SEO plugin. -->","yoast_head_json":{"title":"Agrecol Hortifoska m\u0171tr\u00e1gya \u00f6r\u00f6kz\u00f6ldek sz\u00e1m\u00e1ra 15 kg - T\u00e1jkert\u00e9sz","description":"Agrecol Hortifoska m\u0171tr\u00e1gya \u00f6r\u00f6kz\u00f6ldek sz\u00e1m\u00e1ra 15 kg az \u00f6r\u00f6kz\u00f6ldek t\u00e1poz\u00e1s\u00e1ra l\u00e9trehozott m\u0171tr\u00e1gya j\u00f3l m\u0171k\u00f6dik m\u00e1s d\u00edszf\u00e1k \u00e9s cserj\u00e9k","robots":{"index":"index","follow":"follow","max-snippet":"max-snippet:-1","max-image-preview":"max-image-preview:large","max-video-preview":"max-video-preview:-1"},"canonical":"https:\/\/tajkertesz.com\/en_US\/product\/agrecol-hortifoska-mutragya-orokzoldek-szamara-15-kg\/","og_locale":"en_US","og_type":"article","og_title":"Agrecol Hortifoska m\u0171tr\u00e1gya \u00f6r\u00f6kz\u00f6ldek sz\u00e1m\u00e1ra 15 kg - T\u00e1jkert\u00e9sz","og_description":"Agrecol Hortifoska m\u0171tr\u00e1gya \u00f6r\u00f6kz\u00f6ldek sz\u00e1m\u00e1ra 15 kg az \u00f6r\u00f6kz\u00f6ldek t\u00e1poz\u00e1s\u00e1ra l\u00e9trehozott m\u0171tr\u00e1gya j\u00f3l m\u0171k\u00f6dik m\u00e1s d\u00edszf\u00e1k \u00e9s cserj\u00e9k","og_url":"https:\/\/tajkertesz.com\/en_US\/product\/agrecol-hortifoska-mutragya-orokzoldek-szamara-15-kg\/","og_site_name":"T\u00e1jkert\u00e9sz","article_publisher":"https:\/\/www.facebook.com\/Tajkertesz\/","article_modified_time":"2024-02-03T12:50:40+00:00","og_image":[{"width":370,"height":586,"url":"https:\/\/tajkertesz.com\/wp-content\/uploads\/2021\/05\/mutragya-orokzold-1-kg.png","type":"image\/png"}],"twitter_card":"summary_large_image","twitter_misc":{"Est. reading time":"3 minutes"},"schema":{"@context":"https:\/\/schema.org","@graph":[{"@type":"WebPage","@id":"https:\/\/tajkertesz.com\/termek\/agrecol-hortifoska-mutragya-orokzoldek-szamara-15-kg\/","url":"https:\/\/tajkertesz.com\/termek\/agrecol-hortifoska-mutragya-orokzoldek-szamara-15-kg\/","name":"Agrecol Hortifoska m\u0171tr\u00e1gya \u00f6r\u00f6kz\u00f6ldek sz\u00e1m\u00e1ra 15 kg - T\u00e1jkert\u00e9sz","isPartOf":{"@id":"https:\/\/tajkertesz.com\/#website"},"primaryImageOfPage":{"@id":"https:\/\/tajkertesz.com\/termek\/agrecol-hortifoska-mutragya-orokzoldek-szamara-15-kg\/#primaryimage"},"image":{"@id":"https:\/\/tajkertesz.com\/termek\/agrecol-hortifoska-mutragya-orokzoldek-szamara-15-kg\/#primaryimage"},"thumbnailUrl":"https:\/\/tajkertesz.com\/wp-content\/uploads\/2021\/05\/mutragya-orokzold-1-kg.png","datePublished":"2021-05-04T12:40:10+00:00","dateModified":"2024-02-03T12:50:40+00:00","description":"Agrecol Hortifoska m\u0171tr\u00e1gya \u00f6r\u00f6kz\u00f6ldek sz\u00e1m\u00e1ra 15 kg az \u00f6r\u00f6kz\u00f6ldek t\u00e1poz\u00e1s\u00e1ra l\u00e9trehozott m\u0171tr\u00e1gya j\u00f3l m\u0171k\u00f6dik m\u00e1s d\u00edszf\u00e1k \u00e9s cserj\u00e9k","breadcrumb":{"@id":"https:\/\/tajkertesz.com\/termek\/agrecol-hortifoska-mutragya-orokzoldek-szamara-15-kg\/#breadcrumb"},"inLanguage":"en-US","potentialAction":[{"@type":"ReadAction","target":["https:\/\/tajkertesz.com\/termek\/agrecol-hortifoska-mutragya-orokzoldek-szamara-15-kg\/"]}]},{"@type":"ImageObject","inLanguage":"en-US","@id":"https:\/\/tajkertesz.com\/termek\/agrecol-hortifoska-mutragya-orokzoldek-szamara-15-kg\/#primaryimage","url":"https:\/\/tajkertesz.com\/wp-content\/uploads\/2021\/05\/mutragya-orokzold-1-kg.png","contentUrl":"https:\/\/tajkertesz.com\/wp-content\/uploads\/2021\/05\/mutragya-orokzold-1-kg.png","width":370,"height":586},{"@type":"BreadcrumbList","@id":"https:\/\/tajkertesz.com\/termek\/agrecol-hortifoska-mutragya-orokzoldek-szamara-15-kg\/#breadcrumb","itemListElement":[{"@type":"ListItem","position":1,"name":"Home","item":"https:\/\/tajkertesz.com\/"},{"@type":"ListItem","position":2,"name":"Kezd\u0151lap","item":"https:\/\/tajkertesz.com\/"},{"@type":"ListItem","position":3,"name":"Agrecol Hortifoska m\u0171tr\u00e1gya \u00f6r\u00f6kz\u00f6ldek sz\u00e1m\u00e1ra 15 kg"}]},{"@type":"WebSite","@id":"https:\/\/tajkertesz.com\/#website","url":"https:\/\/tajkertesz.com\/","name":"T\u00e1j-Kert\u00e9sz 84 Kft.","description":"Kert\u00e9szeti kis- \u00e9s nagykeresked\u00e9s, D\u00edszn\u00f6v\u00e9ny web\u00e1ruh\u00e1z orsz\u00e1gos h\u00e1zhozsz\u00e1ll\u00edt\u00e1ssal!","publisher":{"@id":"https:\/\/tajkertesz.com\/#organization"},"potentialAction":[{"@type":"SearchAction","target":{"@type":"EntryPoint","urlTemplate":"https:\/\/tajkertesz.com\/?s={search_term_string}"},"query-input":{"@type":"PropertyValueSpecification","valueRequired":true,"valueName":"search_term_string"}}],"inLanguage":"en-US"},{"@type":"Organization","@id":"https:\/\/tajkertesz.com\/#organization","name":"T\u00e1j-Kert\u00e9sz 84 Kft.","url":"https:\/\/tajkertesz.com\/","logo":{"@type":"ImageObject","inLanguage":"en-US","@id":"https:\/\/tajkertesz.com\/#\/schema\/logo\/image\/","url":"https:\/\/tajkertesz.com\/wp-content\/uploads\/2018\/02\/logo-2-e1518678052539.png","contentUrl":"https:\/\/tajkertesz.com\/wp-content\/uploads\/2018\/02\/logo-2-e1518678052539.png","width":81,"height":140,"caption":"T\u00e1j-Kert\u00e9sz 84 Kft."},"image":{"@id":"https:\/\/tajkertesz.com\/#\/schema\/logo\/image\/"},"sameAs":["https:\/\/www.facebook.com\/Tajkertesz\/"]}]}},"_links":{"self":[{"href":"https:\/\/tajkertesz.com\/en_US\/wp-json\/wp\/v2\/product\/4054","targetHints":{"allow":["GET"]}}],"collection":[{"href":"https:\/\/tajkertesz.com\/en_US\/wp-json\/wp\/v2\/product"}],"about":[{"href":"https:\/\/tajkertesz.com\/en_US\/wp-json\/wp\/v2\/types\/product"}],"wp:featuredmedia":[{"embeddable":true,"href":"https:\/\/tajkertesz.com\/en_US\/wp-json\/wp\/v2\/media\/4041"}],"wp:attachment":[{"href":"https:\/\/tajkertesz.com\/en_US\/wp-json\/wp\/v2\/media?parent=4054"}],"wp:term":[{"taxonomy":"product_brand","embeddable":true,"href":"https:\/\/tajkertesz.com\/en_US\/wp-json\/wp\/v2\/product_brand?post=4054"},{"taxonomy":"product_cat","embeddable":true,"href":"https:\/\/tajkertesz.com\/en_US\/wp-json\/wp\/v2\/product_cat?post=4054"},{"taxonomy":"product_tag","embeddable":true,"href":"https:\/\/tajkertesz.com\/en_US\/wp-json\/wp\/v2\/product_tag?post=4054"}],"curies":[{"name":"wp","href":"https:\/\/api.w.org\/{rel}","templated":true}]}}