{"id":4069,"date":"2021-05-05T06:48:50","date_gmt":"2021-05-05T06:48:50","guid":{"rendered":"https:\/\/tajkertesz.com\/?post_type=product&#038;p=4069"},"modified":"2024-02-03T11:46:38","modified_gmt":"2024-02-03T11:46:38","slug":"agrecol-gel-rozsakhoz-1-l","status":"publish","type":"product","link":"https:\/\/tajkertesz.com\/en_US\/product\/agrecol-gel-rozsakhoz-1-l\/","title":{"rendered":"Agrecol g\u00e9l r\u00f3zs\u00e1khoz 1 L"},"content":{"rendered":"<div class=\"artdet__name-rating d-none d-lg-block\">\n<div class=\"row gutters-5\">\n<div class=\"col\">\n<h2 class=\"artdet__name line-clamp--3-12\">Agrecol g\u00e9l r\u00f3zs\u00e1khoz 1 L<\/h2>\n<\/div>\n<\/div>\n<\/div>\n<div id=\"artdet__short-descrition\" class=\"artdet__short-descripton artdet-block border-block\">\n<div class=\"artdet__short-descripton-content text-justify font-s font-sm-m\">\n<ul>\n<li style=\"list-style-type: none;\">\n<ul>\n<li>minden fajta r\u00f3zsa t\u00e1poz\u00e1s\u00e1ra<\/li>\n<li>m\u00e1s n\u00f6v\u00e9nyekkel val\u00f3 kompoz\u00edci\u00f3kban is aj\u00e1nlott<\/li>\n<li>t\u00f6k\u00e9letes a kerti, a teraszon tartott \u00e9s a szobai r\u00f3zs\u00e1khoz<\/li>\n<li>el\u0151seg\u00edti a vir\u00e1gr\u00fcgyek kialakul\u00e1s\u00e1t<\/li>\n<\/ul>\n<\/li>\n<\/ul>\n<\/div>\n<\/div>\n<h2>Tartalom<\/h2>\n<p>EC m\u0171tr\u00e1gya<br \/>\nnitrog\u00e9n (N) &#8211; 7%<br \/>\nfoszfor (P\u00a0<sub>2<\/sub>\u00a0O\u00a0<sub>5<\/sub>\u00a0) &#8211; 4%<br \/>\nk\u00e1lium (K\u00a0<sub>2<\/sub>\u00a0O) &#8211; 7%<\/p>\n<p>Mikroelemek:<br \/>\nb\u00f3r (B) 0,02%, r\u00e9z (Cu) * 0,002%, vas (Fe) * 0,02%, mang\u00e1n (Mn) * 0,015%, molibd\u00e9n (Mo) 0,002%, cink (Zn) * 0,015%<br \/>\n* kel\u00e1t EDTA<\/p>\n<div id=\"artdet__short-descrition\" class=\"artdet__short-descripton artdet-block border-block\">\n<div class=\"artdet__short-descripton-content text-justify font-s font-sm-m\">\n<div class=\"description\">\n<div class=\"inner\">\n<div class=\"description\">\n<div class=\"inner\">\n<div class=\"description\">\n<div class=\"inner\">\n<div class=\"description\">\n<div class=\"inner\">\n<div class=\"description\">\n<div class=\"inner\">\n<h2 class=\"artdet__name line-clamp--3-12\">Agrecol g\u00e9l r\u00f3zs\u00e1khoz 1 L<\/h2>\n<div class=\"description\">\n<div class=\"inner\">\n<div class=\"description\">\n<div class=\"inner\">\n<p><strong>Az \u00e1sv\u00e1nyi g\u00e9l sorozat<\/strong> r\u00f3zs\u00e1inak g\u00e9lje v\u00edzben nagyon k\u00f6nnyen felold\u00f3dik. \u00a0A r\u00f3zsa nevel\u00e9s\u00e9nek legfontosabb \u00f6sszetev\u0151je a k\u00e1lium, amely jelent\u0151s hat\u00e1ssal van a vir\u00e1gz\u00e1sra. A foszfor t\u00e1mogatja a vir\u00e1gk\u00e9pz\u0151d\u00e9st, de felel\u0151s az er\u0151s gy\u00f6k\u00e9rzet fel\u00e9p\u00edt\u00e9s\u00e9\u00e9rt is.\u00a0Ez\u00e1ltal a n\u00f6v\u00e9ny jobban ellen\u00e1ll a fagynak. A nitrog\u00e9n szint\u00e9n nagyon fontos szerepet j\u00e1tszik, mivel ez a n\u00f6v\u00e9ny f\u0151 \u00e9p\u00edt\u0151eleme.\u00a0A r\u00f3zsabokrokb\u00f3l el\u0151sz\u00f6r egy fiatal hajt\u00e1s keletkezik, amelyen k\u00e9s\u0151bb \u00faj vir\u00e1gr\u00fcgyek k\u00e9pz\u0151dnek, ez\u00e9rt a r\u00f3zs\u00e1kban nagy a nitrog\u00e9nig\u00e9ny.\u00a0Nitrog\u00e9nnel t\u00e1pl\u00e1lt levelek s\u00f6t\u00e9tz\u00f6ldek \u00e9s kl\u00f3r\u00f3zismentesek.\u00a0A b\u00f3rhi\u00e1ny k\u00f6vetkezt\u00e9ben a vir\u00e1gok elhullanak \u00e9s elsz\u00ednez\u0151dnek.\u00a0Az \u00e1sv\u00e1nyi g\u00e9l sorozat r\u00f3zs\u00e1inak m\u0171tr\u00e1gy\u00e1ja kiegyens\u00falyozott adag b\u00f3rt tartalmaz. Megfelel\u0151 adag molibd\u00e9nt is tartalmaz, amely er\u0151sebb\u00e9 teszi a r\u00f3zsa hajt\u00e1sokat. Rosszul t\u00e1pl\u00e1lt r\u00f3zsabokrokon l\u00e1that\u00f3 er\u0151sen megs\u00e1rgult, v\u00f6r\u00f6ses elsz\u00ednez\u0151d\u00e9s\u0171 levelek a molibd\u00e9nhi\u00e1ny k\u00f6vetkezm\u00e9nyei, mivel a talajban tal\u00e1lhat\u00f3 t\u00fal kev\u00e9s molibd\u00e9n megzavarja a n\u00f6v\u00e9ny nitrog\u00e9nfelv\u00e9tel\u00e9t.<\/p>\n<\/div>\n<\/div>\n<div class=\"description\">\n<div class=\"inner\">\n<h2>Alkalmaz\u00e1si m\u00f3dszer<\/h2>\n<p>A kupak h\u00e1rom adagol\u00e1si szintet mutat, az \u00f6nt\u00f6z\u00e9shez haszn\u00e1lt v\u00edz mennyis\u00e9g\u00e9t\u0151l f\u00fcgg\u0151en:<\/p>\n<ul>\n<li>I. szint &#8211; 7 ml m\u0171tr\u00e1gya adag, amelyet fel kell oldani 2 liter v\u00edzben<\/li>\n<li>II. Szint &#8211; 14 ml m\u0171tr\u00e1gya adag, amelyet fel kell oldani 4 liter v\u00edzben<\/li>\n<li>III. Szint &#8211; 21 ml m\u0171tr\u00e1gya, amelyet fel kell oldani 6 liter v\u00edzben<\/li>\n<\/ul>\n<p>A m\u0171tr\u00e1gy\u00e1t intenz\u00edv \u00e9s vir\u00e1gz\u00e1si id\u0151szakokban kell haszn\u00e1lni, valamint a vir\u00e1gz\u00e1st megel\u0151z\u0151 id\u0151szakban hetente egyszer K\u00e9s\u0151bb havonta egyszer,nNe l\u00e9pje t\u00fal az aj\u00e1nlott adagokat, mert ez k\u00e1ros\u00edthatja vagy elpuszt\u00edthatja a n\u00f6v\u00e9nyeket.<\/p>\n<\/div>\n<\/div>\n<\/div>\n<\/div>\n<\/div>\n<\/div>\n<\/div>\n<\/div>\n<\/div>\n<\/div>\n<\/div>\n<\/div>\n<\/div>\n<\/div>\n<\/div>\n<\/div>\n<div><a href=\"https:\/\/www.facebook.com\/tajkertesz\">https:\/\/www.facebook.com\/tajkertesz<\/a><\/div>\n<div><a href=\"https:\/\/tajkertesz.com\/\">https:\/\/tajkertesz.com\/<\/a><\/div>\n<div><a href=\"https:\/\/tajkertesz.com\/wp-content\/uploads\/2021\/05\/Agrecol-bizt.adatl_..pdf\">Agrecol bizt.adatl.<\/a><\/div>\n<div><\/div>\n<h4><span id=\"A_m\u0171tr\u00e1gy\u00e1z\u00e1s_hat\u00e1sai\" class=\"mw-headline\" style=\"color: #ffffff;\">A m\u0171tr\u00e1gy\u00e1z\u00e1s hat\u00e1sai<\/span><\/h4>\n<p><span style=\"color: #ffffff;\">A k\u00f6znyelvben gyakran keverik a m\u0171tr\u00e1gy\u00e1kat a n\u00f6v\u00e9nyv\u00e9d\u0151 szerekkel. Azonban a m\u0171tr\u00e1gya nem term\u00e9szetidegen anyag. A m\u0171tr\u00e1gy\u00e1z\u00e1ssal olyan vegyi anyagok nem ker\u00fclnek a talajba, amik m\u00e1r eleve nem lenn\u00e9nek jelen. Ugyanazon fontos t\u00e1pionokat tartalmazza, melyeket a talaj- \u00e9s a szerves tr\u00e1gy\u00e1k is szolg\u00e1ltatnak. Teh\u00e1t megfelel\u0151en alkalmazva a m\u0171tr\u00e1gy\u00e1k csak minim\u00e1lis k\u00e1ros hat\u00e1ssal vannak a k\u00f6rnyezetre n\u00e9zve. S\u0151t, amennyiben t\u00e9nylegesen a talaj hi\u00e1nyoss\u00e1gait p\u00f3tolj\u00e1k, illetve a talajhib\u00e1kat orvosolj\u00e1k (t\u00e1pelem-ar\u00e1nyok \u00e9s ar\u00e1nytalans\u00e1gok megsz\u00fcntet\u00e9se, t\u00falzott savass\u00e1g vagy l\u00fagoss\u00e1g tomp\u00edt\u00e1sa stb.), \u00fagy alkalmaz\u00e1sukkal eg\u00e9szs\u00e9gesebb talaj, talaj\u00e9let, n\u00f6v\u00e9nyzet, \u00e1llati \u00e9s emberi k\u00f6z\u00f6ss\u00e9gek j\u00f6hetnek l\u00e9tre az addig term\u00e9ketlen f\u00f6ldeken.<\/span><\/p>\n<p><span style=\"color: #ffffff;\">A megm\u0171velt ter\u00fcletek megn\u00f6vekedett termel\u00e9kenys\u00e9ge lehet\u0151v\u00e9 teszi az erd\u0151k \u00e9s r\u00e9tek term\u00e9szetes \u00e1llapotban val\u00f3 meg\u0151rz\u00e9s\u00e9t, nem kell \u00fajabb sz\u0171z ter\u00fcleteket bevonni a mez\u0151gazdas\u00e1gba. Teh\u00e1t a helyes elveken nyugv\u00f3 m\u0171tr\u00e1gy\u00e1z\u00e1s j\u00f3t\u00e9kony hat\u00e1ssal lehet a k\u00f6rnyezetre, ugyanis <i>v\u00e9di \u00e9s jav\u00edtja<\/i> azt, hiszen a n\u00f6v\u00e9nyzet oxig\u00e9ntermel\u00e9s\u00e9vel hozz\u00e1j\u00e1rul a l\u00e9gk\u00f6r fenntart\u00e1s\u00e1hoz, \u00edgy cs\u00f6kkentve az \u00fcvegh\u00e1zhat\u00e1st. A talaj szervesanyag-tartalma is megn\u00f6vekszik a nagyobb mennyis\u00e9g\u0171 tarl\u00f3- \u00e9s sz\u00e1rmaradv\u00e1ny talajba jut\u00e1sa r\u00e9v\u00e9n. A talajer\u00f3zi\u00f3t cs\u00f6kkenti az eg\u00e9szs\u00e9ges n\u00f6v\u00e9nyzet akt\u00edv gy\u00f6k\u00e9rzete r\u00e9v\u00e9n, \u00e9s a talajban term\u00e9szetesen el\u0151fordul\u00f3, illetve kijuttatott t\u00e1panyagokat is jobban hasznos\u00edtja, korl\u00e1tozva a t\u00e1panyagok talajmenti vizekbe jut\u00e1s\u00e1t.<\/span><\/p>\n<h4><span id=\"A_m\u0171tr\u00e1gy\u00e1z\u00e1s_szezonja\" class=\"mw-headline\" style=\"color: #ffffff;\">A m\u0171tr\u00e1gy\u00e1z\u00e1s szezonja<\/span><\/h4>\n<p><span style=\"color: #ffffff;\">A nitrog\u00e9n tartalm\u00fa m\u0171tr\u00e1gy\u00e1k f\u0151 szezonja a tavaszi id\u0151szak. Hiszen kisebb mennyis\u00e9get haszn\u00e1lnak \u0151sszel a vet\u00e9sek al\u00e1 alaptr\u00e1gyak\u00e9nt, azonban a gondos gazd\u00e1k a komposzt \u00e9rlel\u00e9s\u00e9hez eg\u00e9sz \u00e9vben, \u0151sszel pedig szalm\u00e1s ist\u00e1ll\u00f3tr\u00e1gya, z\u00f6ldtr\u00e1gya illetve egy\u00e9b szerves anyag bedolgoz\u00e1s\u00e1val egyidej\u0171leg is alkalmazz\u00e1k a humifik\u00e1l\u00f3d\u00e1s el\u0151seg\u00edt\u00e9s\u00e9re.<\/span><\/p>\n<p><strong>Kiszerel\u00e9s : 1 L<\/strong><\/p>","protected":false},"excerpt":{"rendered":"<div class=\"artdet__name-rating d-none d-lg-block\">\n<div class=\"row gutters-5\">\n<div class=\"col\">\n<div class=\"artdet__name-rating d-none d-lg-block\">\n<div class=\"row gutters-5\">\n<div class=\"col\">\n<div class=\"artdet__name-rating d-none d-lg-block\">\n<div class=\"row gutters-5\">\n<div class=\"col\">\n<div class=\"artdet__name-rating d-none d-lg-block\">\n<div class=\"row gutters-5\">\n<div class=\"col\">\n<div class=\"artdet__name-rating d-none d-lg-block\">\n<div class=\"row gutters-5\">\n<div class=\"col\">\n<div class=\"artdet__name-rating d-none d-lg-block\">\n<div class=\"row gutters-5\">\n<div class=\"col\">\n<div class=\"artdet__name-rating d-none d-lg-block\">\n<div class=\"row gutters-5\">\n<div class=\"col\">\n<h2 class=\"artdet__name line-clamp--3-12\">Agrecol g\u00e9l r\u00f3zs\u00e1khoz 1 L<\/h2>\n<div id=\"bodyContent\" class=\"mw-body-content\">\n<div id=\"mw-content-text\" class=\"mw-content-ltr\" dir=\"ltr\" lang=\"hu\">\n<div id=\"bodyContent\" class=\"mw-body-content\">\n<div id=\"mw-content-text\" class=\"mw-content-ltr\" dir=\"ltr\" lang=\"hu\">\n<p><b>K\u00e9szlet\u00fcnk napi szinten v\u00e1ltozik, ez\u00e9rt k\u00e9rj\u00fck, \u00e9rdekl\u0151dj\u00f6n szem\u00e9lyesen, telefonon vagy email-en.<\/b><\/p>\n<p>Term\u00e9keinket szem\u00e9lyesen is \u00e1tveheti a h\u00e9t minden napj\u00e1n nyitvatart\u00e1si id\u0151ben!<\/p>\n<p>Kisz\u00e1ll\u00edt\u00e1s: 200 cm \u00e9s 40 kg-ig a sz\u00e1ll\u00edt\u00e1s fut\u00e1rszolg\u00e1lattal t\u00f6rt\u00e9nik.<\/p>\n<\/div>\n<\/div>\n<\/div>\n<\/div>\n<p><b>A v\u00e1ltoztat\u00e1s jog\u00e1t fenntartjuk!\u00a0<\/b><\/p>\n<\/div>\n<\/div>\n<\/div>\n<div id=\"artdet__short-descrition\" class=\"artdet__short-descripton artdet-block border-block\">\n<div class=\"artdet__short-descripton-content text-justify font-s font-sm-m\">\n<ul>\n<li style=\"list-style-type: none;\">\n<ul>\n<li>minden fajta r\u00f3zsa t\u00e1poz\u00e1s\u00e1ra<\/li>\n<li>m\u00e1s n\u00f6v\u00e9nyekkel val\u00f3 kompoz\u00edci\u00f3kban is aj\u00e1nlott<\/li>\n<li>t\u00f6k\u00e9letes a kerti, a teraszon tartott \u00e9s a szobai r\u00f3zs\u00e1khoz<\/li>\n<li>el\u0151seg\u00edti a vir\u00e1gr\u00fcgyek kialakul\u00e1s\u00e1t<\/li>\n<\/ul>\n<\/li>\n<\/ul>\n<\/div>\n<\/div>\n<\/div>\n<\/div>\n<\/div>\n<\/div>\n<\/div>\n<\/div>\n<\/div>\n<\/div>\n<\/div>\n<\/div>\n<\/div>\n<\/div>\n<\/div>\n<\/div>\n<\/div>\n<\/div>\n<\/div>\n<\/div>","protected":false},"featured_media":4070,"template":"","meta":{"_et_pb_use_builder":"","_et_pb_old_content":"","_et_gb_content_width":""},"product_brand":[],"product_cat":[1420],"product_tag":[537,1440,483,36],"class_list":{"0":"post-4069","1":"product","2":"type-product","3":"status-publish","4":"has-post-thumbnail","6":"product_cat-agrecol-tapoldatok","7":"product_tag-agrecol","8":"product_tag-gel","9":"product_tag-rozsa","10":"product_tag-tragya","12":"first","13":"instock","14":"shipping-taxable","15":"purchasable","16":"product-type-simple"},"yoast_head":"<!-- This site is optimized with the Yoast SEO plugin v27.3 - https:\/\/yoast.com\/product\/yoast-seo-wordpress\/ -->\n<title>Agrecol g\u00e9l r\u00f3zs\u00e1khoz 1 L - T\u00e1jkert\u00e9sz<\/title>\n<meta name=\"description\" content=\"Agrecol g\u00e9l r\u00f3zs\u00e1khoz 1 L minden fajta r\u00f3zsa t\u00e1poz\u00e1s\u00e1ra m\u00e1s n\u00f6v\u00e9nyekkel val\u00f3 kompoz\u00edci\u00f3kban is aj\u00e1nlott t\u00f6k\u00e9letes a kerti, a teraszon tartott\" \/>\n<meta name=\"robots\" content=\"index, follow, max-snippet:-1, max-image-preview:large, max-video-preview:-1\" \/>\n<link rel=\"canonical\" href=\"https:\/\/tajkertesz.com\/en_US\/product\/agrecol-gel-rozsakhoz-1-l\/\" \/>\n<meta property=\"og:locale\" content=\"en_US\" \/>\n<meta property=\"og:type\" content=\"article\" \/>\n<meta property=\"og:title\" content=\"Agrecol g\u00e9l r\u00f3zs\u00e1khoz 1 L - T\u00e1jkert\u00e9sz\" \/>\n<meta property=\"og:description\" content=\"Agrecol g\u00e9l r\u00f3zs\u00e1khoz 1 L minden fajta r\u00f3zsa t\u00e1poz\u00e1s\u00e1ra m\u00e1s n\u00f6v\u00e9nyekkel val\u00f3 kompoz\u00edci\u00f3kban is aj\u00e1nlott t\u00f6k\u00e9letes a kerti, a teraszon tartott\" \/>\n<meta property=\"og:url\" content=\"https:\/\/tajkertesz.com\/en_US\/product\/agrecol-gel-rozsakhoz-1-l\/\" \/>\n<meta property=\"og:site_name\" content=\"T\u00e1jkert\u00e9sz\" \/>\n<meta property=\"article:publisher\" content=\"https:\/\/www.facebook.com\/Tajkertesz\/\" \/>\n<meta property=\"article:modified_time\" content=\"2024-02-03T11:46:38+00:00\" \/>\n<meta property=\"og:image\" content=\"https:\/\/tajkertesz.com\/wp-content\/uploads\/2021\/05\/rozsa-gel.png\" \/>\n\t<meta property=\"og:image:width\" content=\"370\" \/>\n\t<meta property=\"og:image:height\" content=\"937\" \/>\n\t<meta property=\"og:image:type\" content=\"image\/png\" \/>\n<meta name=\"twitter:card\" content=\"summary_large_image\" \/>\n<meta name=\"twitter:label1\" content=\"Est. reading time\" \/>\n\t<meta name=\"twitter:data1\" content=\"3 minutes\" \/>\n<script type=\"application\/ld+json\" class=\"yoast-schema-graph\">{\"@context\":\"https:\\\/\\\/schema.org\",\"@graph\":[{\"@type\":\"WebPage\",\"@id\":\"https:\\\/\\\/tajkertesz.com\\\/termek\\\/agrecol-gel-rozsakhoz-1-l\\\/\",\"url\":\"https:\\\/\\\/tajkertesz.com\\\/termek\\\/agrecol-gel-rozsakhoz-1-l\\\/\",\"name\":\"Agrecol g\u00e9l r\u00f3zs\u00e1khoz 1 L - T\u00e1jkert\u00e9sz\",\"isPartOf\":{\"@id\":\"https:\\\/\\\/tajkertesz.com\\\/#website\"},\"primaryImageOfPage\":{\"@id\":\"https:\\\/\\\/tajkertesz.com\\\/termek\\\/agrecol-gel-rozsakhoz-1-l\\\/#primaryimage\"},\"image\":{\"@id\":\"https:\\\/\\\/tajkertesz.com\\\/termek\\\/agrecol-gel-rozsakhoz-1-l\\\/#primaryimage\"},\"thumbnailUrl\":\"https:\\\/\\\/tajkertesz.com\\\/wp-content\\\/uploads\\\/2021\\\/05\\\/rozsa-gel.png\",\"datePublished\":\"2021-05-05T06:48:50+00:00\",\"dateModified\":\"2024-02-03T11:46:38+00:00\",\"description\":\"Agrecol g\u00e9l r\u00f3zs\u00e1khoz 1 L minden fajta r\u00f3zsa t\u00e1poz\u00e1s\u00e1ra m\u00e1s n\u00f6v\u00e9nyekkel val\u00f3 kompoz\u00edci\u00f3kban is aj\u00e1nlott t\u00f6k\u00e9letes a kerti, a teraszon tartott\",\"breadcrumb\":{\"@id\":\"https:\\\/\\\/tajkertesz.com\\\/termek\\\/agrecol-gel-rozsakhoz-1-l\\\/#breadcrumb\"},\"inLanguage\":\"en-US\",\"potentialAction\":[{\"@type\":\"ReadAction\",\"target\":[\"https:\\\/\\\/tajkertesz.com\\\/termek\\\/agrecol-gel-rozsakhoz-1-l\\\/\"]}]},{\"@type\":\"ImageObject\",\"inLanguage\":\"en-US\",\"@id\":\"https:\\\/\\\/tajkertesz.com\\\/termek\\\/agrecol-gel-rozsakhoz-1-l\\\/#primaryimage\",\"url\":\"https:\\\/\\\/tajkertesz.com\\\/wp-content\\\/uploads\\\/2021\\\/05\\\/rozsa-gel.png\",\"contentUrl\":\"https:\\\/\\\/tajkertesz.com\\\/wp-content\\\/uploads\\\/2021\\\/05\\\/rozsa-gel.png\",\"width\":370,\"height\":937},{\"@type\":\"BreadcrumbList\",\"@id\":\"https:\\\/\\\/tajkertesz.com\\\/termek\\\/agrecol-gel-rozsakhoz-1-l\\\/#breadcrumb\",\"itemListElement\":[{\"@type\":\"ListItem\",\"position\":1,\"name\":\"Home\",\"item\":\"https:\\\/\\\/tajkertesz.com\\\/\"},{\"@type\":\"ListItem\",\"position\":2,\"name\":\"Kezd\u0151lap\",\"item\":\"https:\\\/\\\/tajkertesz.com\\\/\"},{\"@type\":\"ListItem\",\"position\":3,\"name\":\"Agrecol g\u00e9l r\u00f3zs\u00e1khoz 1 L\"}]},{\"@type\":\"WebSite\",\"@id\":\"https:\\\/\\\/tajkertesz.com\\\/#website\",\"url\":\"https:\\\/\\\/tajkertesz.com\\\/\",\"name\":\"T\u00e1j-Kert\u00e9sz 84 Kft.\",\"description\":\"Kert\u00e9szeti kis- \u00e9s nagykeresked\u00e9s, D\u00edszn\u00f6v\u00e9ny web\u00e1ruh\u00e1z orsz\u00e1gos h\u00e1zhozsz\u00e1ll\u00edt\u00e1ssal!\",\"publisher\":{\"@id\":\"https:\\\/\\\/tajkertesz.com\\\/#organization\"},\"potentialAction\":[{\"@type\":\"SearchAction\",\"target\":{\"@type\":\"EntryPoint\",\"urlTemplate\":\"https:\\\/\\\/tajkertesz.com\\\/?s={search_term_string}\"},\"query-input\":{\"@type\":\"PropertyValueSpecification\",\"valueRequired\":true,\"valueName\":\"search_term_string\"}}],\"inLanguage\":\"en-US\"},{\"@type\":\"Organization\",\"@id\":\"https:\\\/\\\/tajkertesz.com\\\/#organization\",\"name\":\"T\u00e1j-Kert\u00e9sz 84 Kft.\",\"url\":\"https:\\\/\\\/tajkertesz.com\\\/\",\"logo\":{\"@type\":\"ImageObject\",\"inLanguage\":\"en-US\",\"@id\":\"https:\\\/\\\/tajkertesz.com\\\/#\\\/schema\\\/logo\\\/image\\\/\",\"url\":\"https:\\\/\\\/tajkertesz.com\\\/wp-content\\\/uploads\\\/2018\\\/02\\\/logo-2-e1518678052539.png\",\"contentUrl\":\"https:\\\/\\\/tajkertesz.com\\\/wp-content\\\/uploads\\\/2018\\\/02\\\/logo-2-e1518678052539.png\",\"width\":81,\"height\":140,\"caption\":\"T\u00e1j-Kert\u00e9sz 84 Kft.\"},\"image\":{\"@id\":\"https:\\\/\\\/tajkertesz.com\\\/#\\\/schema\\\/logo\\\/image\\\/\"},\"sameAs\":[\"https:\\\/\\\/www.facebook.com\\\/Tajkertesz\\\/\"]}]}<\/script>\n<!-- \/ Yoast SEO plugin. -->","yoast_head_json":{"title":"Agrecol g\u00e9l r\u00f3zs\u00e1khoz 1 L - T\u00e1jkert\u00e9sz","description":"Agrecol g\u00e9l r\u00f3zs\u00e1khoz 1 L minden fajta r\u00f3zsa t\u00e1poz\u00e1s\u00e1ra m\u00e1s n\u00f6v\u00e9nyekkel val\u00f3 kompoz\u00edci\u00f3kban is aj\u00e1nlott t\u00f6k\u00e9letes a kerti, a teraszon tartott","robots":{"index":"index","follow":"follow","max-snippet":"max-snippet:-1","max-image-preview":"max-image-preview:large","max-video-preview":"max-video-preview:-1"},"canonical":"https:\/\/tajkertesz.com\/en_US\/product\/agrecol-gel-rozsakhoz-1-l\/","og_locale":"en_US","og_type":"article","og_title":"Agrecol g\u00e9l r\u00f3zs\u00e1khoz 1 L - T\u00e1jkert\u00e9sz","og_description":"Agrecol g\u00e9l r\u00f3zs\u00e1khoz 1 L minden fajta r\u00f3zsa t\u00e1poz\u00e1s\u00e1ra m\u00e1s n\u00f6v\u00e9nyekkel val\u00f3 kompoz\u00edci\u00f3kban is aj\u00e1nlott t\u00f6k\u00e9letes a kerti, a teraszon tartott","og_url":"https:\/\/tajkertesz.com\/en_US\/product\/agrecol-gel-rozsakhoz-1-l\/","og_site_name":"T\u00e1jkert\u00e9sz","article_publisher":"https:\/\/www.facebook.com\/Tajkertesz\/","article_modified_time":"2024-02-03T11:46:38+00:00","og_image":[{"width":370,"height":937,"url":"https:\/\/tajkertesz.com\/wp-content\/uploads\/2021\/05\/rozsa-gel.png","type":"image\/png"}],"twitter_card":"summary_large_image","twitter_misc":{"Est. reading time":"3 minutes"},"schema":{"@context":"https:\/\/schema.org","@graph":[{"@type":"WebPage","@id":"https:\/\/tajkertesz.com\/termek\/agrecol-gel-rozsakhoz-1-l\/","url":"https:\/\/tajkertesz.com\/termek\/agrecol-gel-rozsakhoz-1-l\/","name":"Agrecol g\u00e9l r\u00f3zs\u00e1khoz 1 L - T\u00e1jkert\u00e9sz","isPartOf":{"@id":"https:\/\/tajkertesz.com\/#website"},"primaryImageOfPage":{"@id":"https:\/\/tajkertesz.com\/termek\/agrecol-gel-rozsakhoz-1-l\/#primaryimage"},"image":{"@id":"https:\/\/tajkertesz.com\/termek\/agrecol-gel-rozsakhoz-1-l\/#primaryimage"},"thumbnailUrl":"https:\/\/tajkertesz.com\/wp-content\/uploads\/2021\/05\/rozsa-gel.png","datePublished":"2021-05-05T06:48:50+00:00","dateModified":"2024-02-03T11:46:38+00:00","description":"Agrecol g\u00e9l r\u00f3zs\u00e1khoz 1 L minden fajta r\u00f3zsa t\u00e1poz\u00e1s\u00e1ra m\u00e1s n\u00f6v\u00e9nyekkel val\u00f3 kompoz\u00edci\u00f3kban is aj\u00e1nlott t\u00f6k\u00e9letes a kerti, a teraszon tartott","breadcrumb":{"@id":"https:\/\/tajkertesz.com\/termek\/agrecol-gel-rozsakhoz-1-l\/#breadcrumb"},"inLanguage":"en-US","potentialAction":[{"@type":"ReadAction","target":["https:\/\/tajkertesz.com\/termek\/agrecol-gel-rozsakhoz-1-l\/"]}]},{"@type":"ImageObject","inLanguage":"en-US","@id":"https:\/\/tajkertesz.com\/termek\/agrecol-gel-rozsakhoz-1-l\/#primaryimage","url":"https:\/\/tajkertesz.com\/wp-content\/uploads\/2021\/05\/rozsa-gel.png","contentUrl":"https:\/\/tajkertesz.com\/wp-content\/uploads\/2021\/05\/rozsa-gel.png","width":370,"height":937},{"@type":"BreadcrumbList","@id":"https:\/\/tajkertesz.com\/termek\/agrecol-gel-rozsakhoz-1-l\/#breadcrumb","itemListElement":[{"@type":"ListItem","position":1,"name":"Home","item":"https:\/\/tajkertesz.com\/"},{"@type":"ListItem","position":2,"name":"Kezd\u0151lap","item":"https:\/\/tajkertesz.com\/"},{"@type":"ListItem","position":3,"name":"Agrecol g\u00e9l r\u00f3zs\u00e1khoz 1 L"}]},{"@type":"WebSite","@id":"https:\/\/tajkertesz.com\/#website","url":"https:\/\/tajkertesz.com\/","name":"T\u00e1j-Kert\u00e9sz 84 Kft.","description":"Kert\u00e9szeti kis- \u00e9s nagykeresked\u00e9s, D\u00edszn\u00f6v\u00e9ny web\u00e1ruh\u00e1z orsz\u00e1gos h\u00e1zhozsz\u00e1ll\u00edt\u00e1ssal!","publisher":{"@id":"https:\/\/tajkertesz.com\/#organization"},"potentialAction":[{"@type":"SearchAction","target":{"@type":"EntryPoint","urlTemplate":"https:\/\/tajkertesz.com\/?s={search_term_string}"},"query-input":{"@type":"PropertyValueSpecification","valueRequired":true,"valueName":"search_term_string"}}],"inLanguage":"en-US"},{"@type":"Organization","@id":"https:\/\/tajkertesz.com\/#organization","name":"T\u00e1j-Kert\u00e9sz 84 Kft.","url":"https:\/\/tajkertesz.com\/","logo":{"@type":"ImageObject","inLanguage":"en-US","@id":"https:\/\/tajkertesz.com\/#\/schema\/logo\/image\/","url":"https:\/\/tajkertesz.com\/wp-content\/uploads\/2018\/02\/logo-2-e1518678052539.png","contentUrl":"https:\/\/tajkertesz.com\/wp-content\/uploads\/2018\/02\/logo-2-e1518678052539.png","width":81,"height":140,"caption":"T\u00e1j-Kert\u00e9sz 84 Kft."},"image":{"@id":"https:\/\/tajkertesz.com\/#\/schema\/logo\/image\/"},"sameAs":["https:\/\/www.facebook.com\/Tajkertesz\/"]}]}},"_links":{"self":[{"href":"https:\/\/tajkertesz.com\/en_US\/wp-json\/wp\/v2\/product\/4069","targetHints":{"allow":["GET"]}}],"collection":[{"href":"https:\/\/tajkertesz.com\/en_US\/wp-json\/wp\/v2\/product"}],"about":[{"href":"https:\/\/tajkertesz.com\/en_US\/wp-json\/wp\/v2\/types\/product"}],"wp:featuredmedia":[{"embeddable":true,"href":"https:\/\/tajkertesz.com\/en_US\/wp-json\/wp\/v2\/media\/4070"}],"wp:attachment":[{"href":"https:\/\/tajkertesz.com\/en_US\/wp-json\/wp\/v2\/media?parent=4069"}],"wp:term":[{"taxonomy":"product_brand","embeddable":true,"href":"https:\/\/tajkertesz.com\/en_US\/wp-json\/wp\/v2\/product_brand?post=4069"},{"taxonomy":"product_cat","embeddable":true,"href":"https:\/\/tajkertesz.com\/en_US\/wp-json\/wp\/v2\/product_cat?post=4069"},{"taxonomy":"product_tag","embeddable":true,"href":"https:\/\/tajkertesz.com\/en_US\/wp-json\/wp\/v2\/product_tag?post=4069"}],"curies":[{"name":"wp","href":"https:\/\/api.w.org\/{rel}","templated":true}]}}