{"id":4075,"date":"2021-05-05T07:10:47","date_gmt":"2021-05-05T07:10:47","guid":{"rendered":"https:\/\/tajkertesz.com\/?post_type=product&#038;p=4075"},"modified":"2024-02-03T11:37:17","modified_gmt":"2024-02-03T11:37:17","slug":"agrecol-plantacote-univerzalis-mutragya-6-honapos-hatasu-1-kg","status":"publish","type":"product","link":"https:\/\/tajkertesz.com\/en_US\/product\/agrecol-plantacote-univerzalis-mutragya-6-honapos-hatasu-1-kg\/","title":{"rendered":"Agrecol Plantacote univerz\u00e1lis m\u0171tr\u00e1gya 6 h\u00f3napos hat\u00e1s\u00fa 1 kg"},"content":{"rendered":"<div class=\"artdet__name-rating d-none d-lg-block\">\n<div class=\"row gutters-5\">\n<div class=\"col\">\n<h2 class=\"artdet__name line-clamp--3-12\">Agrecol Plantacote univerz\u00e1lis m\u0171tr\u00e1gya 6 h\u00f3napos hat\u00e1s\u00fa 1 kg<\/h2>\n<\/div>\n<\/div>\n<\/div>\n<div id=\"artdet__short-descrition\" class=\"artdet__short-descripton artdet-block border-block\">\n<div class=\"artdet__short-descripton-content text-justify font-s font-sm-m\">\n<ul>\n<li style=\"list-style-type: none;\">\n<ul>\n<li>m\u0171tr\u00e1gya d\u00edszn\u00f6v\u00e9nyekhez, z\u00f6lds\u00e9gekhez \u00e9s gy\u00fcm\u00f6lcs\u00f6kh\u00f6z<\/li>\n<li>a m\u0171tr\u00e1gya \u00f6sszet\u00e9tele sok n\u00f6v\u00e9ny sz\u00e1m\u00e1ra is optim\u00e1lis<\/li>\n<li>pozit\u00edv hat\u00e1ssal van a termesztett n\u00f6v\u00e9nyek n\u00f6veked\u00e9s\u00e9re, vir\u00e1gz\u00e1s\u00e1ra \u00e9s hozam\u00e1ra<\/li>\n<li>t\u00e1panyagok 5-6 h\u00f3napig szabadulnak fel a t\u00e1ptalajba<\/li>\n<li>\u00fcltet\u00e9skor haszn\u00e1lhat\u00f3<\/li>\n<\/ul>\n<\/li>\n<\/ul>\n<\/div>\n<\/div>\n<h2>Tartalom<\/h2>\n<p>EC m\u0171tr\u00e1gya<\/p>\n<p>Tartalmaz:<br \/>\nnitrog\u00e9n (N) &#8211; 14%<br \/>\nfoszfor (P\u00a0<sub>2<\/sub>\u00a0O\u00a0<sub>5<\/sub>\u00a0) &#8211; 9%<br \/>\nk\u00e1lium (K\u00a0<sub>2<\/sub>\u00a0O) &#8211; 15%<br \/>\nmagn\u00e9zium (MgO) &#8211; 2%<\/p>\n<p>Mikroelemek:<br \/>\nb\u00f3r (B) 0,03%, r\u00e9z (Cu) 0,02%, vas (Fe) 0,4% (ezen bel\u00fcl 0,2% az EDTA kel\u00e1tja), mang\u00e1n (Mn) 0,1%, molibd\u00e9n (Mo) 0,02%, cink (Zn) 0,05 %<\/p>\n<div id=\"artdet__short-descrition\" class=\"artdet__short-descripton artdet-block border-block\">\n<div class=\"artdet__short-descripton-content text-justify font-s font-sm-m\">\n<div class=\"description\">\n<div class=\"inner\">\n<div class=\"description\">\n<div class=\"inner\">\n<div class=\"description\">\n<div class=\"inner\">\n<div class=\"description\">\n<div class=\"inner\">\n<div class=\"description\">\n<div class=\"inner\">\n<div class=\"description\">\n<div class=\"inner\">\n<div class=\"artdet__name-rating d-none d-lg-block\">\n<div class=\"row gutters-5\">\n<div class=\"col\">\n<h2 class=\"artdet__name line-clamp--3-12\">Agrecol Plantacote univerz\u00e1lis m\u0171tr\u00e1gya 6 h\u00f3napos hat\u00e1s\u00fa 1 kg<\/h2>\n<\/div>\n<\/div>\n<\/div>\n<p><strong>A Plantacote univerz\u00e1lis m\u0171tr\u00e1gya<\/strong> \u00a0egy modern, teljes \u00e9rt\u00e9k\u0171 m\u0171tr\u00e1gya, amelyet d\u00edsz-, z\u00f6lds\u00e9g- \u00e9s gy\u00fcm\u00f6lcsn\u00f6v\u00e9nyek, valamint <strong>belt\u00e9ri<\/strong> \u00e9s erk\u00e9lyes n\u00f6v\u00e9nyek t\u00e1poz\u00e1s\u00e1ra sz\u00e1nnak. A bevont szemcs\u00e9k megakad\u00e1lyozz\u00e1k a m\u0171tr\u00e1gya lemos\u00f3d\u00e1s\u00e1t a szubsztr\u00e1tum m\u00e9lyebb r\u00e9tegeibe, amelyekhez a n\u00f6v\u00e9nyi gy\u00f6kerek nem f\u00e9rnek hozz\u00e1.\u00a0Ily m\u00f3don t\u00f6bb t\u00e1panyagot haszn\u00e1lnak fel a n\u00f6v\u00e9nyek (ak\u00e1r 80-90%).\u00a0A bevont m\u0171tr\u00e1gya haszn\u00e1lata cs\u00f6kkenti a t\u00faltr\u00e1gy\u00e1z\u00e1s kock\u00e1zat\u00e1t, ugyanakkor v\u00e9di a term\u00e9szetes k\u00f6rnyezetet.\u00a0A Plantacote egy teljes, t\u00f6bbkomponens\u0171 m\u0171tr\u00e1gya, amelynek hat\u00e1s\u00e1t a k\u00f6rnyezeti t\u00e9nyez\u0151k, azaz a p\u00e1ratartalom \u00e9s a k\u00f6rnyezeti h\u0151m\u00e9rs\u00e9klet hat\u00e1rozz\u00e1k meg.<\/p>\n<\/div>\n<\/div>\n<div class=\"description\">\n<div class=\"inner\">\n<h2>Alkalmaz\u00e1si m\u00f3dszer<\/h2>\n<p>Haszn\u00e1lja \u00e9vente egyszer az \u00fcltet\u00e9s elej\u00e9n (m\u00e1rcius, \u00e1prilis vagy m\u00e1jus).<\/p>\n<p>\u00c9vel\u0151 n\u00f6v\u00e9nyek \u00dcltet\u00e9s k\u00f6zben sz\u00f3rja meg a m\u0171tr\u00e1gy\u00e1val a gy\u00f6k\u00e9rg\u00f6mb k\u00f6r\u00fcl egy k\u00f6rben. \u00dcltet\u00e9s ut\u00e1n a n\u00f6v\u00e9nyeket b\u0151s\u00e9gesen \u00f6nt\u00f6zz\u00fck. \u00c1ll\u00edtsa be a m\u0171tr\u00e1gya adagj\u00e1t a n\u00f6v\u00e9ny magass\u00e1g\u00e1hoz:<br \/>\n&#8211; fa vagy cserje 0,4 &#8211; 1 m magas &#8211; 25 g m\u0171tr\u00e1gya n\u00f6v\u00e9nyenk\u00e9nt<br \/>\n&#8211; fa vagy cserje 1 m-n\u00e9l magasabb fa &#8211; vagy cserje &#8211; n\u00f6v\u00e9nyenk\u00e9nt 50 g m\u0171tr\u00e1gya<br \/>\n&#8211; eper, \u00e9vel\u0151 n\u00f6v\u00e9nyek \u00e9s m\u00e1s kisebb n\u00f6v\u00e9nyek &#8211; 5 g n\u00f6v\u00e9nyenk\u00e9nt A f\u00e1k eset\u00e9ben ter\u00edts\u00e9k el a szemcs\u00e9ket a koron\u00e1juk alatt. Ha lehets\u00e9ges, keverje \u00f6ssze a m\u0171tr\u00e1gy\u00e1t a talaj fels\u0151 r\u00e9teg\u00e9vel, \u00e9s b\u0151ven \u00f6ntse meg.<\/p>\n<p>&#8211; gy\u00fcm\u00f6lcs- \u00e9s d\u00edszcserj\u00e9k, r\u00f3zs\u00e1k eset\u00e9ben- 50 g m\u0171tr\u00e1gya 1 m <sup>2<\/sup>\u00a0ter\u00fcletre<br \/>\n&#8211; \u00e9vel\u0151k, eper, alacsony cserj\u00e9k &#8211; 40 g m\u0171tr\u00e1gya 1 m <sup>2<\/sup>\u00a0ter\u00fcletre<br \/>\n&#8211; gy\u00fcm\u00f6lcs- \u00e9s d\u00edszf\u00e1k &#8211; 50 g m\u0171tr\u00e1gya 1 m n\u00f6v\u00e9nymagass\u00e1g<\/p>\n<\/div>\n<\/div>\n<\/div>\n<\/div>\n<\/div>\n<\/div>\n<\/div>\n<\/div>\n<\/div>\n<\/div>\n<\/div>\n<\/div>\n<\/div>\n<\/div>\n<div><a href=\"https:\/\/www.facebook.com\/tajkertesz\">https:\/\/www.facebook.com\/tajkertesz<\/a><\/div>\n<div><a href=\"https:\/\/tajkertesz.com\/\">https:\/\/tajkertesz.com\/<\/a><\/div>\n<div><a href=\"https:\/\/tajkertesz.com\/wp-content\/uploads\/2021\/05\/Agrecol-bizt.adatl_..pdf\">Agrecol bizt.adatl.<\/a><\/div>\n<p><strong>Kiszerel\u00e9s : 1 L<\/strong><\/p>","protected":false},"excerpt":{"rendered":"<div class=\"artdet__name-rating d-none d-lg-block\">\n<div class=\"row gutters-5\">\n<div class=\"col\">\n<div class=\"artdet__name-rating d-none d-lg-block\">\n<div class=\"row gutters-5\">\n<div class=\"col\">\n<div class=\"artdet__name-rating d-none d-lg-block\">\n<div class=\"row gutters-5\">\n<div class=\"col\">\n<div class=\"artdet__name-rating d-none d-lg-block\">\n<div class=\"row gutters-5\">\n<div class=\"col\">\n<div class=\"artdet__name-rating d-none d-lg-block\">\n<div class=\"row gutters-5\">\n<div class=\"col\">\n<div class=\"artdet__name-rating d-none d-lg-block\">\n<div class=\"row gutters-5\">\n<div class=\"col\">\n<div class=\"artdet__name-rating d-none d-lg-block\">\n<div class=\"row gutters-5\">\n<div class=\"col\">\n<div class=\"artdet__name-rating d-none d-lg-block\">\n<div class=\"row gutters-5\">\n<div class=\"col\">\n<div class=\"artdet__name-rating d-none d-lg-block\">\n<div class=\"row gutters-5\">\n<div class=\"col\">\n<div class=\"artdet__name-rating d-none d-lg-block\">\n<div class=\"row gutters-5\">\n<div class=\"col\">\n<h2 class=\"artdet__name line-clamp--3-12\">Agrecol Plantacote univerz\u00e1lis m\u0171tr\u00e1gya 6 h\u00f3napos hat\u00e1s\u00fa 1 kg<\/h2>\n<div id=\"bodyContent\" class=\"mw-body-content\">\n<div id=\"mw-content-text\" class=\"mw-content-ltr\" dir=\"ltr\" lang=\"hu\">\n<div id=\"bodyContent\" class=\"mw-body-content\">\n<div id=\"mw-content-text\" class=\"mw-content-ltr\" dir=\"ltr\" lang=\"hu\">\n<p><b>K\u00e9szlet\u00fcnk napi szinten v\u00e1ltozik, ez\u00e9rt k\u00e9rj\u00fck, \u00e9rdekl\u0151dj\u00f6n szem\u00e9lyesen, telefonon vagy email-en.<\/b><\/p>\n<p>Term\u00e9keinket szem\u00e9lyesen is \u00e1tveheti a h\u00e9t minden napj\u00e1n nyitvatart\u00e1si id\u0151ben!<\/p>\n<p>Kisz\u00e1ll\u00edt\u00e1s: 200 cm \u00e9s 40 kg is a sz\u00e1ll\u00edt\u00e1s fut\u00e1rszolg\u00e1lattal t\u00f6rt\u00e9nik.<\/p>\n<\/div>\n<\/div>\n<\/div>\n<\/div>\n<p><b>A v\u00e1ltoztat\u00e1s jog\u00e1t fenntartjuk!\u00a0<\/b><\/p>\n<\/div>\n<\/div>\n<\/div>\n<div id=\"artdet__short-descrition\" class=\"artdet__short-descripton artdet-block border-block\">\n<div class=\"artdet__short-descripton-content text-justify font-s font-sm-m\">\n<ul>\n<li style=\"list-style-type: none;\">\n<ul>\n<li>m\u0171tr\u00e1gya d\u00edszn\u00f6v\u00e9nyekhez, z\u00f6lds\u00e9gekhez \u00e9s gy\u00fcm\u00f6lcs\u00f6kh\u00f6z<\/li>\n<li>a m\u0171tr\u00e1gya \u00f6sszet\u00e9tele sok n\u00f6v\u00e9ny sz\u00e1m\u00e1ra is optim\u00e1lis<\/li>\n<li>pozit\u00edv hat\u00e1ssal van a termesztett n\u00f6v\u00e9nyek n\u00f6veked\u00e9s\u00e9re, vir\u00e1gz\u00e1s\u00e1ra \u00e9s hozam\u00e1ra<\/li>\n<li>t\u00e1panyagok 5-6 h\u00f3napig szabadulnak fel a t\u00e1ptalajba<\/li>\n<li>\u00fcltet\u00e9skor haszn\u00e1lhat\u00f3<\/li>\n<\/ul>\n<\/li>\n<\/ul>\n<\/div>\n<\/div>\n<\/div>\n<\/div>\n<\/div>\n<\/div>\n<\/div>\n<\/div>\n<\/div>\n<\/div>\n<\/div>\n<\/div>\n<\/div>\n<\/div>\n<\/div>\n<\/div>\n<\/div>\n<\/div>\n<\/div>\n<\/div>\n<\/div>\n<\/div>\n<\/div>\n<\/div>\n<\/div>\n<\/div>\n<\/div>\n<\/div>\n<\/div>","protected":false},"featured_media":4076,"template":"","meta":{"_et_pb_use_builder":"","_et_pb_old_content":"","_et_gb_content_width":""},"product_brand":[],"product_cat":[1423],"product_tag":[537,36,707],"class_list":{"0":"post-4075","1":"product","2":"type-product","3":"status-publish","4":"has-post-thumbnail","6":"product_cat-egyeb-kerti-novenyekhez","7":"product_tag-agrecol","8":"product_tag-tragya","9":"product_tag-univerzalis","11":"first","12":"outofstock","13":"shipping-taxable","14":"purchasable","15":"product-type-simple"},"yoast_head":"<!-- This site is optimized with the Yoast SEO plugin v27.4 - https:\/\/yoast.com\/product\/yoast-seo-wordpress\/ -->\n<title>Agrecol Plantacote univerz\u00e1lis m\u0171tr\u00e1gya 6 h\u00f3napos hat\u00e1s\u00fa 1 kg - T\u00e1jkert\u00e9sz<\/title>\n<meta name=\"description\" content=\"Agrecol Plantacote univerz\u00e1lis m\u0171tr\u00e1gya 6 h\u00f3napos hat\u00e1s\u00fa 1 kg m\u0171tr\u00e1gya d\u00edszn\u00f6v\u00e9nyekhez, z\u00f6lds\u00e9gekhez \u00e9s gy\u00fcm\u00f6lcs\u00f6kh\u00f6z a m\u0171tr\u00e1gya\" \/>\n<meta name=\"robots\" content=\"index, follow, max-snippet:-1, max-image-preview:large, max-video-preview:-1\" \/>\n<link rel=\"canonical\" href=\"https:\/\/tajkertesz.com\/en_US\/product\/agrecol-plantacote-univerzalis-mutragya-6-honapos-hatasu-1-kg\/\" \/>\n<meta property=\"og:locale\" content=\"en_US\" \/>\n<meta property=\"og:type\" content=\"article\" \/>\n<meta property=\"og:title\" content=\"Agrecol Plantacote univerz\u00e1lis m\u0171tr\u00e1gya 6 h\u00f3napos hat\u00e1s\u00fa 1 kg - T\u00e1jkert\u00e9sz\" \/>\n<meta property=\"og:description\" content=\"Agrecol Plantacote univerz\u00e1lis m\u0171tr\u00e1gya 6 h\u00f3napos hat\u00e1s\u00fa 1 kg m\u0171tr\u00e1gya d\u00edszn\u00f6v\u00e9nyekhez, z\u00f6lds\u00e9gekhez \u00e9s gy\u00fcm\u00f6lcs\u00f6kh\u00f6z a m\u0171tr\u00e1gya\" \/>\n<meta property=\"og:url\" content=\"https:\/\/tajkertesz.com\/en_US\/product\/agrecol-plantacote-univerzalis-mutragya-6-honapos-hatasu-1-kg\/\" \/>\n<meta property=\"og:site_name\" content=\"T\u00e1jkert\u00e9sz\" \/>\n<meta property=\"article:publisher\" content=\"https:\/\/www.facebook.com\/Tajkertesz\/\" \/>\n<meta property=\"article:modified_time\" content=\"2024-02-03T11:37:17+00:00\" \/>\n<meta property=\"og:image\" content=\"https:\/\/tajkertesz.com\/wp-content\/uploads\/2021\/05\/6-honapos-univerzalis.png\" \/>\n\t<meta property=\"og:image:width\" content=\"370\" \/>\n\t<meta property=\"og:image:height\" content=\"578\" \/>\n\t<meta property=\"og:image:type\" content=\"image\/png\" \/>\n<meta name=\"twitter:card\" content=\"summary_large_image\" \/>\n<meta name=\"twitter:label1\" content=\"Est. reading time\" \/>\n\t<meta name=\"twitter:data1\" content=\"2 minutes\" \/>\n<script type=\"application\/ld+json\" class=\"yoast-schema-graph\">{\"@context\":\"https:\\\/\\\/schema.org\",\"@graph\":[{\"@type\":\"WebPage\",\"@id\":\"https:\\\/\\\/tajkertesz.com\\\/termek\\\/agrecol-plantacote-univerzalis-mutragya-6-honapos-hatasu-1-kg\\\/\",\"url\":\"https:\\\/\\\/tajkertesz.com\\\/termek\\\/agrecol-plantacote-univerzalis-mutragya-6-honapos-hatasu-1-kg\\\/\",\"name\":\"Agrecol Plantacote univerz\u00e1lis m\u0171tr\u00e1gya 6 h\u00f3napos hat\u00e1s\u00fa 1 kg - T\u00e1jkert\u00e9sz\",\"isPartOf\":{\"@id\":\"https:\\\/\\\/tajkertesz.com\\\/#website\"},\"primaryImageOfPage\":{\"@id\":\"https:\\\/\\\/tajkertesz.com\\\/termek\\\/agrecol-plantacote-univerzalis-mutragya-6-honapos-hatasu-1-kg\\\/#primaryimage\"},\"image\":{\"@id\":\"https:\\\/\\\/tajkertesz.com\\\/termek\\\/agrecol-plantacote-univerzalis-mutragya-6-honapos-hatasu-1-kg\\\/#primaryimage\"},\"thumbnailUrl\":\"https:\\\/\\\/tajkertesz.com\\\/wp-content\\\/uploads\\\/2021\\\/05\\\/6-honapos-univerzalis.png\",\"datePublished\":\"2021-05-05T07:10:47+00:00\",\"dateModified\":\"2024-02-03T11:37:17+00:00\",\"description\":\"Agrecol Plantacote univerz\u00e1lis m\u0171tr\u00e1gya 6 h\u00f3napos hat\u00e1s\u00fa 1 kg m\u0171tr\u00e1gya d\u00edszn\u00f6v\u00e9nyekhez, z\u00f6lds\u00e9gekhez \u00e9s gy\u00fcm\u00f6lcs\u00f6kh\u00f6z a m\u0171tr\u00e1gya\",\"breadcrumb\":{\"@id\":\"https:\\\/\\\/tajkertesz.com\\\/termek\\\/agrecol-plantacote-univerzalis-mutragya-6-honapos-hatasu-1-kg\\\/#breadcrumb\"},\"inLanguage\":\"en-US\",\"potentialAction\":[{\"@type\":\"ReadAction\",\"target\":[\"https:\\\/\\\/tajkertesz.com\\\/termek\\\/agrecol-plantacote-univerzalis-mutragya-6-honapos-hatasu-1-kg\\\/\"]}]},{\"@type\":\"ImageObject\",\"inLanguage\":\"en-US\",\"@id\":\"https:\\\/\\\/tajkertesz.com\\\/termek\\\/agrecol-plantacote-univerzalis-mutragya-6-honapos-hatasu-1-kg\\\/#primaryimage\",\"url\":\"https:\\\/\\\/tajkertesz.com\\\/wp-content\\\/uploads\\\/2021\\\/05\\\/6-honapos-univerzalis.png\",\"contentUrl\":\"https:\\\/\\\/tajkertesz.com\\\/wp-content\\\/uploads\\\/2021\\\/05\\\/6-honapos-univerzalis.png\",\"width\":370,\"height\":578},{\"@type\":\"BreadcrumbList\",\"@id\":\"https:\\\/\\\/tajkertesz.com\\\/termek\\\/agrecol-plantacote-univerzalis-mutragya-6-honapos-hatasu-1-kg\\\/#breadcrumb\",\"itemListElement\":[{\"@type\":\"ListItem\",\"position\":1,\"name\":\"Home\",\"item\":\"https:\\\/\\\/tajkertesz.com\\\/\"},{\"@type\":\"ListItem\",\"position\":2,\"name\":\"Kezd\u0151lap\",\"item\":\"https:\\\/\\\/tajkertesz.com\\\/\"},{\"@type\":\"ListItem\",\"position\":3,\"name\":\"Agrecol Plantacote univerz\u00e1lis m\u0171tr\u00e1gya 6 h\u00f3napos hat\u00e1s\u00fa 1 kg\"}]},{\"@type\":\"WebSite\",\"@id\":\"https:\\\/\\\/tajkertesz.com\\\/#website\",\"url\":\"https:\\\/\\\/tajkertesz.com\\\/\",\"name\":\"T\u00e1j-Kert\u00e9sz 84 Kft.\",\"description\":\"Kert\u00e9szeti kis- \u00e9s nagykeresked\u00e9s, D\u00edszn\u00f6v\u00e9ny web\u00e1ruh\u00e1z orsz\u00e1gos h\u00e1zhozsz\u00e1ll\u00edt\u00e1ssal!\",\"publisher\":{\"@id\":\"https:\\\/\\\/tajkertesz.com\\\/#organization\"},\"potentialAction\":[{\"@type\":\"SearchAction\",\"target\":{\"@type\":\"EntryPoint\",\"urlTemplate\":\"https:\\\/\\\/tajkertesz.com\\\/?s={search_term_string}\"},\"query-input\":{\"@type\":\"PropertyValueSpecification\",\"valueRequired\":true,\"valueName\":\"search_term_string\"}}],\"inLanguage\":\"en-US\"},{\"@type\":\"Organization\",\"@id\":\"https:\\\/\\\/tajkertesz.com\\\/#organization\",\"name\":\"T\u00e1j-Kert\u00e9sz 84 Kft.\",\"url\":\"https:\\\/\\\/tajkertesz.com\\\/\",\"logo\":{\"@type\":\"ImageObject\",\"inLanguage\":\"en-US\",\"@id\":\"https:\\\/\\\/tajkertesz.com\\\/#\\\/schema\\\/logo\\\/image\\\/\",\"url\":\"https:\\\/\\\/tajkertesz.com\\\/wp-content\\\/uploads\\\/2018\\\/02\\\/logo-2-e1518678052539.png\",\"contentUrl\":\"https:\\\/\\\/tajkertesz.com\\\/wp-content\\\/uploads\\\/2018\\\/02\\\/logo-2-e1518678052539.png\",\"width\":81,\"height\":140,\"caption\":\"T\u00e1j-Kert\u00e9sz 84 Kft.\"},\"image\":{\"@id\":\"https:\\\/\\\/tajkertesz.com\\\/#\\\/schema\\\/logo\\\/image\\\/\"},\"sameAs\":[\"https:\\\/\\\/www.facebook.com\\\/Tajkertesz\\\/\"]}]}<\/script>\n<!-- \/ Yoast SEO plugin. -->","yoast_head_json":{"title":"Agrecol Plantacote univerz\u00e1lis m\u0171tr\u00e1gya 6 h\u00f3napos hat\u00e1s\u00fa 1 kg - T\u00e1jkert\u00e9sz","description":"Agrecol Plantacote univerz\u00e1lis m\u0171tr\u00e1gya 6 h\u00f3napos hat\u00e1s\u00fa 1 kg m\u0171tr\u00e1gya d\u00edszn\u00f6v\u00e9nyekhez, z\u00f6lds\u00e9gekhez \u00e9s gy\u00fcm\u00f6lcs\u00f6kh\u00f6z a m\u0171tr\u00e1gya","robots":{"index":"index","follow":"follow","max-snippet":"max-snippet:-1","max-image-preview":"max-image-preview:large","max-video-preview":"max-video-preview:-1"},"canonical":"https:\/\/tajkertesz.com\/en_US\/product\/agrecol-plantacote-univerzalis-mutragya-6-honapos-hatasu-1-kg\/","og_locale":"en_US","og_type":"article","og_title":"Agrecol Plantacote univerz\u00e1lis m\u0171tr\u00e1gya 6 h\u00f3napos hat\u00e1s\u00fa 1 kg - T\u00e1jkert\u00e9sz","og_description":"Agrecol Plantacote univerz\u00e1lis m\u0171tr\u00e1gya 6 h\u00f3napos hat\u00e1s\u00fa 1 kg m\u0171tr\u00e1gya d\u00edszn\u00f6v\u00e9nyekhez, z\u00f6lds\u00e9gekhez \u00e9s gy\u00fcm\u00f6lcs\u00f6kh\u00f6z a m\u0171tr\u00e1gya","og_url":"https:\/\/tajkertesz.com\/en_US\/product\/agrecol-plantacote-univerzalis-mutragya-6-honapos-hatasu-1-kg\/","og_site_name":"T\u00e1jkert\u00e9sz","article_publisher":"https:\/\/www.facebook.com\/Tajkertesz\/","article_modified_time":"2024-02-03T11:37:17+00:00","og_image":[{"width":370,"height":578,"url":"https:\/\/tajkertesz.com\/wp-content\/uploads\/2021\/05\/6-honapos-univerzalis.png","type":"image\/png"}],"twitter_card":"summary_large_image","twitter_misc":{"Est. reading time":"2 minutes"},"schema":{"@context":"https:\/\/schema.org","@graph":[{"@type":"WebPage","@id":"https:\/\/tajkertesz.com\/termek\/agrecol-plantacote-univerzalis-mutragya-6-honapos-hatasu-1-kg\/","url":"https:\/\/tajkertesz.com\/termek\/agrecol-plantacote-univerzalis-mutragya-6-honapos-hatasu-1-kg\/","name":"Agrecol Plantacote univerz\u00e1lis m\u0171tr\u00e1gya 6 h\u00f3napos hat\u00e1s\u00fa 1 kg - T\u00e1jkert\u00e9sz","isPartOf":{"@id":"https:\/\/tajkertesz.com\/#website"},"primaryImageOfPage":{"@id":"https:\/\/tajkertesz.com\/termek\/agrecol-plantacote-univerzalis-mutragya-6-honapos-hatasu-1-kg\/#primaryimage"},"image":{"@id":"https:\/\/tajkertesz.com\/termek\/agrecol-plantacote-univerzalis-mutragya-6-honapos-hatasu-1-kg\/#primaryimage"},"thumbnailUrl":"https:\/\/tajkertesz.com\/wp-content\/uploads\/2021\/05\/6-honapos-univerzalis.png","datePublished":"2021-05-05T07:10:47+00:00","dateModified":"2024-02-03T11:37:17+00:00","description":"Agrecol Plantacote univerz\u00e1lis m\u0171tr\u00e1gya 6 h\u00f3napos hat\u00e1s\u00fa 1 kg m\u0171tr\u00e1gya d\u00edszn\u00f6v\u00e9nyekhez, z\u00f6lds\u00e9gekhez \u00e9s gy\u00fcm\u00f6lcs\u00f6kh\u00f6z a m\u0171tr\u00e1gya","breadcrumb":{"@id":"https:\/\/tajkertesz.com\/termek\/agrecol-plantacote-univerzalis-mutragya-6-honapos-hatasu-1-kg\/#breadcrumb"},"inLanguage":"en-US","potentialAction":[{"@type":"ReadAction","target":["https:\/\/tajkertesz.com\/termek\/agrecol-plantacote-univerzalis-mutragya-6-honapos-hatasu-1-kg\/"]}]},{"@type":"ImageObject","inLanguage":"en-US","@id":"https:\/\/tajkertesz.com\/termek\/agrecol-plantacote-univerzalis-mutragya-6-honapos-hatasu-1-kg\/#primaryimage","url":"https:\/\/tajkertesz.com\/wp-content\/uploads\/2021\/05\/6-honapos-univerzalis.png","contentUrl":"https:\/\/tajkertesz.com\/wp-content\/uploads\/2021\/05\/6-honapos-univerzalis.png","width":370,"height":578},{"@type":"BreadcrumbList","@id":"https:\/\/tajkertesz.com\/termek\/agrecol-plantacote-univerzalis-mutragya-6-honapos-hatasu-1-kg\/#breadcrumb","itemListElement":[{"@type":"ListItem","position":1,"name":"Home","item":"https:\/\/tajkertesz.com\/"},{"@type":"ListItem","position":2,"name":"Kezd\u0151lap","item":"https:\/\/tajkertesz.com\/"},{"@type":"ListItem","position":3,"name":"Agrecol Plantacote univerz\u00e1lis m\u0171tr\u00e1gya 6 h\u00f3napos hat\u00e1s\u00fa 1 kg"}]},{"@type":"WebSite","@id":"https:\/\/tajkertesz.com\/#website","url":"https:\/\/tajkertesz.com\/","name":"T\u00e1j-Kert\u00e9sz 84 Kft.","description":"Kert\u00e9szeti kis- \u00e9s nagykeresked\u00e9s, D\u00edszn\u00f6v\u00e9ny web\u00e1ruh\u00e1z orsz\u00e1gos h\u00e1zhozsz\u00e1ll\u00edt\u00e1ssal!","publisher":{"@id":"https:\/\/tajkertesz.com\/#organization"},"potentialAction":[{"@type":"SearchAction","target":{"@type":"EntryPoint","urlTemplate":"https:\/\/tajkertesz.com\/?s={search_term_string}"},"query-input":{"@type":"PropertyValueSpecification","valueRequired":true,"valueName":"search_term_string"}}],"inLanguage":"en-US"},{"@type":"Organization","@id":"https:\/\/tajkertesz.com\/#organization","name":"T\u00e1j-Kert\u00e9sz 84 Kft.","url":"https:\/\/tajkertesz.com\/","logo":{"@type":"ImageObject","inLanguage":"en-US","@id":"https:\/\/tajkertesz.com\/#\/schema\/logo\/image\/","url":"https:\/\/tajkertesz.com\/wp-content\/uploads\/2018\/02\/logo-2-e1518678052539.png","contentUrl":"https:\/\/tajkertesz.com\/wp-content\/uploads\/2018\/02\/logo-2-e1518678052539.png","width":81,"height":140,"caption":"T\u00e1j-Kert\u00e9sz 84 Kft."},"image":{"@id":"https:\/\/tajkertesz.com\/#\/schema\/logo\/image\/"},"sameAs":["https:\/\/www.facebook.com\/Tajkertesz\/"]}]}},"_links":{"self":[{"href":"https:\/\/tajkertesz.com\/en_US\/wp-json\/wp\/v2\/product\/4075","targetHints":{"allow":["GET"]}}],"collection":[{"href":"https:\/\/tajkertesz.com\/en_US\/wp-json\/wp\/v2\/product"}],"about":[{"href":"https:\/\/tajkertesz.com\/en_US\/wp-json\/wp\/v2\/types\/product"}],"wp:featuredmedia":[{"embeddable":true,"href":"https:\/\/tajkertesz.com\/en_US\/wp-json\/wp\/v2\/media\/4076"}],"wp:attachment":[{"href":"https:\/\/tajkertesz.com\/en_US\/wp-json\/wp\/v2\/media?parent=4075"}],"wp:term":[{"taxonomy":"product_brand","embeddable":true,"href":"https:\/\/tajkertesz.com\/en_US\/wp-json\/wp\/v2\/product_brand?post=4075"},{"taxonomy":"product_cat","embeddable":true,"href":"https:\/\/tajkertesz.com\/en_US\/wp-json\/wp\/v2\/product_cat?post=4075"},{"taxonomy":"product_tag","embeddable":true,"href":"https:\/\/tajkertesz.com\/en_US\/wp-json\/wp\/v2\/product_tag?post=4075"}],"curies":[{"name":"wp","href":"https:\/\/api.w.org\/{rel}","templated":true}]}}