{"id":4080,"date":"2021-05-05T07:42:42","date_gmt":"2021-05-05T07:42:42","guid":{"rendered":"https:\/\/tajkertesz.com\/?post_type=product&#038;p=4080"},"modified":"2024-02-03T11:31:35","modified_gmt":"2024-02-03T11:31:35","slug":"agrecol-plantacote-mutragya-hortenziahoz-es-rododendronhoz-6-honapos-hatasu-300-g","status":"publish","type":"product","link":"https:\/\/tajkertesz.com\/en_US\/product\/agrecol-plantacote-mutragya-hortenziahoz-es-rododendronhoz-6-honapos-hatasu-300-g\/","title":{"rendered":"Agrecol Plantacote m\u0171tr\u00e1gya hortenzi\u00e1hoz \u00e9s rododendronhoz 6 h\u00f3napos hat\u00e1s\u00fa 300 g"},"content":{"rendered":"<div class=\"artdet__name-rating d-none d-lg-block\">\n<div class=\"row gutters-5\">\n<div class=\"col\">\n<h2 class=\"artdet__name line-clamp--3-12\">Agrecol Plantacote m\u0171tr\u00e1gya hortenzi\u00e1hoz \u00e9s rododendronhoz 6 h\u00f3napos hat\u00e1s\u00fa 300 g<\/h2>\n<\/div>\n<\/div>\n<\/div>\n<div id=\"artdet__short-descrition\" class=\"artdet__short-descripton artdet-block border-block\">\n<div class=\"artdet__short-descripton-content text-justify font-s font-sm-m\">\n<ul>\n<li style=\"list-style-type: none;\">\n<ul>\n<li>Rododendronoknak, az\u00e1le\u00e1knak \u00e9s hortenzi\u00e1knak<\/li>\n<li>megakad\u00e1lyozza a rododendronok fiziol\u00f3giai betegs\u00e9geit<\/li>\n<li>5-6 h\u00f3napig m\u0171k\u00f6dik<\/li>\n<\/ul>\n<\/li>\n<\/ul>\n<\/div>\n<\/div>\n<h2>Tartalom<\/h2>\n<p>EC m\u0171tr\u00e1gya<\/p>\n<p>Tartalmaz:<br \/>\nnitrog\u00e9n (N) &#8211; 14%<br \/>\nfoszfor (P\u00a0<sub>2<\/sub>\u00a0O\u00a0<sub>5<\/sub>\u00a0) &#8211; 9%<br \/>\nk\u00e1lium (K\u00a0<sub>2<\/sub>\u00a0O) &#8211; 15%<br \/>\nmagn\u00e9zium (MgO) &#8211; 2%<\/p>\n<p>Mikroelemek:<br \/>\nb\u00f3r (B) 0,03%, r\u00e9z (Cu) 0,02%, vas (Fe) 0,4% (ezen bel\u00fcl 0,2% az EDTA kel\u00e1tja), mang\u00e1n (Mn) 0,1%, molibd\u00e9n (Mo) 0,02%, cink (Zn) 0,05 %<\/p>\n<div id=\"artdet__short-descrition\" class=\"artdet__short-descripton artdet-block border-block\">\n<div class=\"artdet__short-descripton-content text-justify font-s font-sm-m\">\n<div class=\"description\">\n<div class=\"inner\">\n<div class=\"description\">\n<div class=\"inner\">\n<div class=\"description\">\n<div class=\"inner\">\n<div class=\"description\">\n<div class=\"inner\">\n<div class=\"description\">\n<div class=\"inner\">\n<div class=\"description\">\n<div class=\"inner\">\n<div class=\"artdet__name-rating d-none d-lg-block\">\n<div class=\"row gutters-5\">\n<div class=\"col\">\n<h2 class=\"artdet__name line-clamp--3-12\">Agrecol Plantacote m\u0171tr\u00e1gya hortenzi\u00e1hoz \u00e9s rododendronhoz 6 h\u00f3napos hat\u00e1s\u00fa 300 g<\/h2>\n<\/div>\n<\/div>\n<\/div>\n<div class=\"description\">\n<div class=\"inner\">\n<div class=\"description\">\n<div class=\"inner\">\n<p><strong>Plantacote m\u0171tr\u00e1gya hortenzia \u00e9s rododendron sz\u00e1m\u00e1ra\u00a0<\/strong>egy modern, teljes, tart\u00f3s m\u0171tr\u00e1gya, amely a rododendronok, az\u00e1le\u00e1k \u00e9s hortenzi\u00e1k t\u00e1poz\u00e1s\u00e1ra szolg\u00e1l. A speci\u00e1lis savany\u00edt\u00f3 formul\u00e1nak k\u00f6sz\u00f6nhet\u0151en a m\u0171tr\u00e1gya sikeresen felhaszn\u00e1lhat\u00f3 m\u00e1s acidofil n\u00f6v\u00e9nyekn\u00e9l is, mint pl. \u00e1fonya. A rododendronok \u00e9s a hortenzia n\u00f6v\u00e9nyi m\u0171tr\u00e1gy\u00e1ja ide\u00e1lis felt\u00e9teleket teremt az acidofil n\u00f6v\u00e9nyek fejl\u0151d\u00e9s\u00e9hez, ennek k\u00f6sz\u00f6nhet\u0151en a n\u00f6v\u00e9nyek a m\u0171tr\u00e1gya t\u00e1panyag\u00e1t megfelel\u0151en felsz\u00edvj\u00e1k.\u00a0A helyesen t\u00e1pl\u00e1lt n\u00f6v\u00e9nyek nem mutatj\u00e1k a t\u00e1pl\u00e1l\u00e9khi\u00e1ny t\u00fcneteit.\u00a0A bevont szemcs\u00e9k megakad\u00e1lyozz\u00e1k a m\u0171tr\u00e1gya lemos\u00f3d\u00e1s\u00e1t a szubsztr\u00e1tum m\u00e9lyebb r\u00e9tegeibe, amelyekhez a n\u00f6v\u00e9nyi gy\u00f6kerek nem f\u00e9rnek hozz\u00e1.\u00a0Ily m\u00f3don t\u00f6bb t\u00e1panyagot haszn\u00e1lnak fel a n\u00f6v\u00e9nyek (ak\u00e1r 80-90%).\u00a0A bevont m\u0171tr\u00e1gya haszn\u00e1lata cs\u00f6kkenti a t\u00faltr\u00e1gy\u00e1z\u00e1s kock\u00e1zat\u00e1t, ugyanakkor v\u00e9di a term\u00e9szetes k\u00f6rnyezetet.<\/p>\n<p>A Plantacote egy teljes, t\u00f6bbkomponens\u0171 m\u0171tr\u00e1gya, amelynek hat\u00e1s\u00e1t a k\u00f6rnyezeti t\u00e9nyez\u0151k, azaz a p\u00e1ratartalom \u00e9s a k\u00f6rnyezeti h\u0151m\u00e9rs\u00e9klet hat\u00e1rozz\u00e1k meg.<\/p>\n<\/div>\n<\/div>\n<div class=\"description\">\n<div class=\"inner\">\n<h2>Alkalmaz\u00e1si m\u00f3dszer<\/h2>\n<p>\u00c9vente egyszer haszn\u00e1lja (m\u00e1rcius, \u00e1prilis vagy m\u00e1jus). A m\u0171tr\u00e1gya \u00fcltet\u00e9s k\u00f6zben is felhaszn\u00e1lhat\u00f3.<\/p>\n<p><strong>\u00dcltet\u00e9s k\u00f6zben: <\/strong>\u00a0Sz\u00f3rja meg a m\u0171tr\u00e1gy\u00e1val a gy\u00f6k\u00e9rg\u00f6mb k\u00f6r\u00fcl egy k\u00f6rben. \u00dcltet\u00e9s ut\u00e1n a n\u00f6v\u00e9nyeket b\u0151s\u00e9gesen \u00f6nt\u00f6zz\u00fck.\u00a0Hat\u00e1rozza meg a m\u0171tr\u00e1gya adagj\u00e1t a n\u00f6v\u00e9ny magass\u00e1g\u00e1hoz:<\/p>\n<ul>\n<li>bokor legfeljebb 40 cm magas &#8211; bokronk\u00e9nt 25 g m\u0171tr\u00e1gya<\/li>\n<li>legfeljebb 1 m magas bokor &#8211; bokronk\u00e9nt 50 g m\u0171tr\u00e1gya<\/li>\n<li>cserje t\u00f6bb mint 1 m magas &#8211; bokronk\u00e9nt 75 g m\u0171tr\u00e1gya<\/li>\n<\/ul>\n<p>AZ ID\u0150SEBB N\u00d6V\u00c9NYEKN\u00c9L: Sz\u00f3rja meg a m\u0171tr\u00e1gy\u00e1val a gy\u00f6k\u00e9rg\u00f6mb k\u00f6r\u00fcl egy k\u00f6rben.\u00a0\u00dcltet\u00e9s ut\u00e1n a n\u00f6v\u00e9nyeket b\u0151s\u00e9gesen \u00f6nt\u00f6zz\u00fck.\u00a0Hat\u00e1rozza meg a m\u0171tr\u00e1gya adagj\u00e1t a n\u00f6v\u00e9ny magass\u00e1g\u00e1hoz:<\/p>\n<ul>\n<li>bokrok alacsonyak, 1 m magass\u00e1gig &#8211; bokronk\u00e9nt 25 g m\u0171tr\u00e1gya<\/li>\n<li>1 m magas magass\u00e1g\u00fa bokrok &#8211; bokronk\u00e9nt 50 g m\u0171tr\u00e1gya<\/li>\n<li>csoportosan n\u00f6vekv\u0151 n\u00f6v\u00e9nyek &#8211; 50 &#8211; 75 g per 1 m\u00a0<sup>2\u00a0<\/sup>\u00a0ter\u00fclet, a n\u00f6v\u00e9nyek magass\u00e1g\u00e1t\u00f3l f\u00fcgg\u0151en<\/li>\n<\/ul>\n<\/div>\n<\/div>\n<\/div>\n<\/div>\n<\/div>\n<\/div>\n<\/div>\n<\/div>\n<\/div>\n<\/div>\n<\/div>\n<\/div>\n<\/div>\n<\/div>\n<\/div>\n<\/div>\n<\/div>\n<\/div>\n<div><a href=\"https:\/\/www.facebook.com\/tajkertesz\">https:\/\/www.facebook.com\/tajkertesz<\/a><\/div>\n<div><a href=\"https:\/\/tajkertesz.com\/\">https:\/\/tajkertesz.com\/<\/a><\/div>\n<div><a href=\"https:\/\/tajkertesz.com\/wp-content\/uploads\/2021\/05\/Agrecol-bizt.adatl_..pdf\">Agrecol bizt.adatl.<\/a><\/div>\n<div><\/div>\n<h4><span id=\"A_m\u0171tr\u00e1gy\u00e1z\u00e1s_hat\u00e1sai\" class=\"mw-headline\" style=\"color: #ffffff;\">A m\u0171tr\u00e1gy\u00e1z\u00e1s hat\u00e1sai<\/span><\/h4>\n<p><span style=\"color: #ffffff;\">A k\u00f6znyelvben gyakran keverik a m\u0171tr\u00e1gy\u00e1kat a n\u00f6v\u00e9nyv\u00e9d\u0151 szerekkel. Azonban a m\u0171tr\u00e1gya nem term\u00e9szetidegen anyag. A m\u0171tr\u00e1gy\u00e1z\u00e1ssal olyan vegyi anyagok nem ker\u00fclnek a talajba, amik m\u00e1r eleve nem lenn\u00e9nek jelen. Ugyanazon fontos t\u00e1pionokat tartalmazza, melyeket a talaj- \u00e9s a szerves tr\u00e1gy\u00e1k is szolg\u00e1ltatnak. Teh\u00e1t megfelel\u0151en alkalmazva a m\u0171tr\u00e1gy\u00e1k csak minim\u00e1lis k\u00e1ros hat\u00e1ssal vannak a k\u00f6rnyezetre n\u00e9zve. S\u0151t, amennyiben t\u00e9nylegesen a talaj hi\u00e1nyoss\u00e1gait p\u00f3tolj\u00e1k, illetve a talajhib\u00e1kat orvosolj\u00e1k (t\u00e1pelem-ar\u00e1nyok \u00e9s ar\u00e1nytalans\u00e1gok megsz\u00fcntet\u00e9se, t\u00falzott savass\u00e1g vagy l\u00fagoss\u00e1g tomp\u00edt\u00e1sa stb.), \u00fagy alkalmaz\u00e1sukkal eg\u00e9szs\u00e9gesebb talaj, talaj\u00e9let, n\u00f6v\u00e9nyzet, \u00e1llati \u00e9s emberi k\u00f6z\u00f6ss\u00e9gek j\u00f6hetnek l\u00e9tre az addig term\u00e9ketlen f\u00f6ldeken.<\/span><\/p>\n<p><span style=\"color: #ffffff;\">A megm\u0171velt ter\u00fcletek megn\u00f6vekedett termel\u00e9kenys\u00e9ge lehet\u0151v\u00e9 teszi az erd\u0151k \u00e9s r\u00e9tek term\u00e9szetes \u00e1llapotban val\u00f3 meg\u0151rz\u00e9s\u00e9t, nem kell \u00fajabb sz\u0171z ter\u00fcleteket bevonni a mez\u0151gazdas\u00e1gba. Teh\u00e1t a helyes elveken nyugv\u00f3 m\u0171tr\u00e1gy\u00e1z\u00e1s j\u00f3t\u00e9kony hat\u00e1ssal lehet a k\u00f6rnyezetre, ugyanis <i>v\u00e9di \u00e9s jav\u00edtja<\/i> azt, hiszen a n\u00f6v\u00e9nyzet oxig\u00e9ntermel\u00e9s\u00e9vel hozz\u00e1j\u00e1rul a l\u00e9gk\u00f6r fenntart\u00e1s\u00e1hoz, \u00edgy cs\u00f6kkentve az \u00fcvegh\u00e1zhat\u00e1st. A talaj szervesanyag-tartalma is megn\u00f6vekszik a nagyobb mennyis\u00e9g\u0171 tarl\u00f3- \u00e9s sz\u00e1rmaradv\u00e1ny talajba jut\u00e1sa r\u00e9v\u00e9n. A talajer\u00f3zi\u00f3t cs\u00f6kkenti az eg\u00e9szs\u00e9ges n\u00f6v\u00e9nyzet akt\u00edv gy\u00f6k\u00e9rzete r\u00e9v\u00e9n, \u00e9s a talajban term\u00e9szetesen el\u0151fordul\u00f3, illetve kijuttatott t\u00e1panyagokat is jobban hasznos\u00edtja, korl\u00e1tozva a t\u00e1panyagok talajmenti vizekbe jut\u00e1s\u00e1t.<\/span><\/p>\n<h4><span id=\"A_m\u0171tr\u00e1gy\u00e1z\u00e1s_szezonja\" class=\"mw-headline\" style=\"color: #ffffff;\">A m\u0171tr\u00e1gy\u00e1z\u00e1s szezonja<\/span><\/h4>\n<p><span style=\"color: #ffffff;\">A nitrog\u00e9n tartalm\u00fa m\u0171tr\u00e1gy\u00e1k f\u0151 szezonja a tavaszi id\u0151szak. Hiszen kisebb mennyis\u00e9get haszn\u00e1lnak \u0151sszel a vet\u00e9sek al\u00e1 alaptr\u00e1gyak\u00e9nt, azonban a gondos gazd\u00e1k a komposzt \u00e9rlel\u00e9s\u00e9hez eg\u00e9sz \u00e9vben, \u0151sszel pedig szalm\u00e1s ist\u00e1ll\u00f3tr\u00e1gya, z\u00f6ldtr\u00e1gya illetve egy\u00e9b szerves anyag bedolgoz\u00e1s\u00e1val egyidej\u0171leg is alkalmazz\u00e1k a humifik\u00e1l\u00f3d\u00e1s el\u0151seg\u00edt\u00e9s\u00e9re.<\/span><\/p>\n<p><strong>Kiszerel\u00e9s : 300 g<\/strong><\/p>","protected":false},"excerpt":{"rendered":"<div class=\"artdet__name-rating d-none d-lg-block\">\n<div class=\"row gutters-5\">\n<div class=\"col\">\n<div class=\"artdet__name-rating d-none d-lg-block\">\n<div class=\"row gutters-5\">\n<div class=\"col\">\n<div class=\"artdet__name-rating d-none d-lg-block\">\n<div class=\"row gutters-5\">\n<div class=\"col\">\n<div class=\"artdet__name-rating d-none d-lg-block\">\n<div class=\"row gutters-5\">\n<div class=\"col\">\n<div class=\"artdet__name-rating d-none d-lg-block\">\n<div class=\"row gutters-5\">\n<div class=\"col\">\n<div class=\"artdet__name-rating d-none d-lg-block\">\n<div class=\"row gutters-5\">\n<div class=\"col\">\n<div class=\"artdet__name-rating d-none d-lg-block\">\n<div class=\"row gutters-5\">\n<div class=\"col\">\n<div class=\"artdet__name-rating d-none d-lg-block\">\n<div class=\"row gutters-5\">\n<div class=\"col\">\n<div class=\"artdet__name-rating d-none d-lg-block\">\n<div class=\"row gutters-5\">\n<div class=\"col\">\n<div class=\"artdet__name-rating d-none d-lg-block\">\n<div class=\"row gutters-5\">\n<div class=\"col\">\n<div class=\"artdet__name-rating d-none d-lg-block\">\n<div class=\"row gutters-5\">\n<div class=\"col\">\n<h2 class=\"artdet__name line-clamp--3-12\">Agrecol Plantacote m\u0171tr\u00e1gya \u00f6r\u00f6kz\u00f6ldekhez 6 h\u00f3napos hat\u00e1s\u00fa 5 kg<\/h2>\n<div id=\"bodyContent\" class=\"mw-body-content\">\n<div id=\"mw-content-text\" class=\"mw-content-ltr\" dir=\"ltr\" lang=\"hu\">\n<div id=\"bodyContent\" class=\"mw-body-content\">\n<div id=\"mw-content-text\" class=\"mw-content-ltr\" dir=\"ltr\" lang=\"hu\">\n<p><b>K\u00e9szlet\u00fcnk napi szinten v\u00e1ltozik, ez\u00e9rt k\u00e9rj\u00fck, \u00e9rdekl\u0151dj\u00f6n szem\u00e9lyesen, telefonon vagy email-en.<\/b><\/p>\n<p>Term\u00e9keinket szem\u00e9lyesen is \u00e1tveheti a h\u00e9t minden napj\u00e1n nyitvatart\u00e1si id\u0151ben!<\/p>\n<p>Kisz\u00e1ll\u00edt\u00e1s: 200 cm \u00e9s 40 kg-ig a sz\u00e1ll\u00edt\u00e1s fut\u00e1rszolg\u00e1lattal t\u00f6rt\u00e9nik.<\/p>\n<\/div>\n<\/div>\n<\/div>\n<\/div>\n<p><b>A v\u00e1ltoztat\u00e1s jog\u00e1t fenntartjuk!\u00a0<\/b><\/p>\n<\/div>\n<\/div>\n<\/div>\n<div id=\"artdet__short-descrition\" class=\"artdet__short-descripton artdet-block border-block\">\n<div class=\"artdet__short-descripton-content text-justify font-s font-sm-m\">\n<ul>\n<li style=\"list-style-type: none;\">\n<ul>\n<li>t\u0171level\u0171 f\u00e1knak \u00e9s cserj\u00e9knek sz\u00e1nt m\u0171tr\u00e1gya<\/li>\n<li>A lombhullat\u00f3 fajok \u00e1pol\u00e1s\u00e1ban is j\u00f3l m\u0171k\u00f6dik<\/li>\n<li>a m\u0171tr\u00e1gya ezeknek a n\u00f6v\u00e9nyeknek az ig\u00e9nyeihez igazodik<\/li>\n<li>5-6 h\u00f3napig m\u0171k\u00f6dik<\/li>\n<\/ul>\n<\/li>\n<\/ul>\n<\/div>\n<\/div>\n<\/div>\n<\/div>\n<\/div>\n<\/div>\n<\/div>\n<\/div>\n<\/div>\n<\/div>\n<\/div>\n<\/div>\n<\/div>\n<\/div>\n<\/div>\n<\/div>\n<\/div>\n<\/div>\n<\/div>\n<\/div>\n<\/div>\n<\/div>\n<\/div>\n<\/div>\n<\/div>\n<\/div>\n<\/div>\n<\/div>\n<\/div>\n<\/div>\n<\/div>\n<\/div>","protected":false},"featured_media":4081,"template":"","meta":{"_et_pb_use_builder":"","_et_pb_old_content":"","_et_gb_content_width":""},"product_brand":[],"product_cat":[1423],"product_tag":[1443,537,315,1331,36],"class_list":{"0":"post-4080","1":"product","2":"type-product","3":"status-publish","4":"has-post-thumbnail","6":"product_cat-egyeb-kerti-novenyekhez","7":"product_tag-6-honap","8":"product_tag-agrecol","9":"product_tag-hortenzia","10":"product_tag-rhododendron","11":"product_tag-tragya","13":"first","14":"instock","15":"shipping-taxable","16":"purchasable","17":"product-type-simple"},"yoast_head":"<!-- This site is optimized with the Yoast SEO plugin v27.3 - https:\/\/yoast.com\/product\/yoast-seo-wordpress\/ -->\n<title>Agrecol Plantacote m\u0171tr\u00e1gya hortenzi\u00e1hoz \u00e9s rododendronhoz 6 h\u00f3napos hat\u00e1s\u00fa 300 g - T\u00e1jkert\u00e9sz<\/title>\n<meta name=\"description\" content=\"Agrecol Plantacote m\u0171tr\u00e1gya hortenzi\u00e1hoz \u00e9s rododendronhoz 6 h\u00f3napos hat\u00e1s\u00fa 300 g Rododendronoknak, az\u00e1le\u00e1knak \u00e9s hortenzi\u00e1knak\" \/>\n<meta name=\"robots\" content=\"index, follow, max-snippet:-1, max-image-preview:large, max-video-preview:-1\" \/>\n<link rel=\"canonical\" href=\"https:\/\/tajkertesz.com\/en_US\/product\/agrecol-plantacote-mutragya-hortenziahoz-es-rododendronhoz-6-honapos-hatasu-300-g\/\" \/>\n<meta property=\"og:locale\" content=\"en_US\" \/>\n<meta property=\"og:type\" content=\"article\" \/>\n<meta property=\"og:title\" content=\"Agrecol Plantacote m\u0171tr\u00e1gya hortenzi\u00e1hoz \u00e9s rododendronhoz 6 h\u00f3napos hat\u00e1s\u00fa 300 g - T\u00e1jkert\u00e9sz\" \/>\n<meta property=\"og:description\" content=\"Agrecol Plantacote m\u0171tr\u00e1gya hortenzi\u00e1hoz \u00e9s rododendronhoz 6 h\u00f3napos hat\u00e1s\u00fa 300 g Rododendronoknak, az\u00e1le\u00e1knak \u00e9s hortenzi\u00e1knak\" \/>\n<meta property=\"og:url\" content=\"https:\/\/tajkertesz.com\/en_US\/product\/agrecol-plantacote-mutragya-hortenziahoz-es-rododendronhoz-6-honapos-hatasu-300-g\/\" \/>\n<meta property=\"og:site_name\" content=\"T\u00e1jkert\u00e9sz\" \/>\n<meta property=\"article:publisher\" content=\"https:\/\/www.facebook.com\/Tajkertesz\/\" \/>\n<meta property=\"article:modified_time\" content=\"2024-02-03T11:31:35+00:00\" \/>\n<meta property=\"og:image\" content=\"https:\/\/tajkertesz.com\/wp-content\/uploads\/2021\/05\/hortenzia-6-honapos.png\" \/>\n\t<meta property=\"og:image:width\" content=\"260\" \/>\n\t<meta property=\"og:image:height\" content=\"370\" \/>\n\t<meta property=\"og:image:type\" content=\"image\/png\" \/>\n<meta name=\"twitter:card\" content=\"summary_large_image\" \/>\n<meta name=\"twitter:label1\" content=\"Est. reading time\" \/>\n\t<meta name=\"twitter:data1\" content=\"4 minutes\" \/>\n<script type=\"application\/ld+json\" class=\"yoast-schema-graph\">{\"@context\":\"https:\\\/\\\/schema.org\",\"@graph\":[{\"@type\":\"WebPage\",\"@id\":\"https:\\\/\\\/tajkertesz.com\\\/termek\\\/agrecol-plantacote-mutragya-hortenziahoz-es-rododendronhoz-6-honapos-hatasu-300-g\\\/\",\"url\":\"https:\\\/\\\/tajkertesz.com\\\/termek\\\/agrecol-plantacote-mutragya-hortenziahoz-es-rododendronhoz-6-honapos-hatasu-300-g\\\/\",\"name\":\"Agrecol Plantacote m\u0171tr\u00e1gya hortenzi\u00e1hoz \u00e9s rododendronhoz 6 h\u00f3napos hat\u00e1s\u00fa 300 g - T\u00e1jkert\u00e9sz\",\"isPartOf\":{\"@id\":\"https:\\\/\\\/tajkertesz.com\\\/#website\"},\"primaryImageOfPage\":{\"@id\":\"https:\\\/\\\/tajkertesz.com\\\/termek\\\/agrecol-plantacote-mutragya-hortenziahoz-es-rododendronhoz-6-honapos-hatasu-300-g\\\/#primaryimage\"},\"image\":{\"@id\":\"https:\\\/\\\/tajkertesz.com\\\/termek\\\/agrecol-plantacote-mutragya-hortenziahoz-es-rododendronhoz-6-honapos-hatasu-300-g\\\/#primaryimage\"},\"thumbnailUrl\":\"https:\\\/\\\/tajkertesz.com\\\/wp-content\\\/uploads\\\/2021\\\/05\\\/hortenzia-6-honapos.png\",\"datePublished\":\"2021-05-05T07:42:42+00:00\",\"dateModified\":\"2024-02-03T11:31:35+00:00\",\"description\":\"Agrecol Plantacote m\u0171tr\u00e1gya hortenzi\u00e1hoz \u00e9s rododendronhoz 6 h\u00f3napos hat\u00e1s\u00fa 300 g Rododendronoknak, az\u00e1le\u00e1knak \u00e9s hortenzi\u00e1knak\",\"breadcrumb\":{\"@id\":\"https:\\\/\\\/tajkertesz.com\\\/termek\\\/agrecol-plantacote-mutragya-hortenziahoz-es-rododendronhoz-6-honapos-hatasu-300-g\\\/#breadcrumb\"},\"inLanguage\":\"en-US\",\"potentialAction\":[{\"@type\":\"ReadAction\",\"target\":[\"https:\\\/\\\/tajkertesz.com\\\/termek\\\/agrecol-plantacote-mutragya-hortenziahoz-es-rododendronhoz-6-honapos-hatasu-300-g\\\/\"]}]},{\"@type\":\"ImageObject\",\"inLanguage\":\"en-US\",\"@id\":\"https:\\\/\\\/tajkertesz.com\\\/termek\\\/agrecol-plantacote-mutragya-hortenziahoz-es-rododendronhoz-6-honapos-hatasu-300-g\\\/#primaryimage\",\"url\":\"https:\\\/\\\/tajkertesz.com\\\/wp-content\\\/uploads\\\/2021\\\/05\\\/hortenzia-6-honapos.png\",\"contentUrl\":\"https:\\\/\\\/tajkertesz.com\\\/wp-content\\\/uploads\\\/2021\\\/05\\\/hortenzia-6-honapos.png\",\"width\":260,\"height\":370},{\"@type\":\"BreadcrumbList\",\"@id\":\"https:\\\/\\\/tajkertesz.com\\\/termek\\\/agrecol-plantacote-mutragya-hortenziahoz-es-rododendronhoz-6-honapos-hatasu-300-g\\\/#breadcrumb\",\"itemListElement\":[{\"@type\":\"ListItem\",\"position\":1,\"name\":\"Home\",\"item\":\"https:\\\/\\\/tajkertesz.com\\\/\"},{\"@type\":\"ListItem\",\"position\":2,\"name\":\"Kezd\u0151lap\",\"item\":\"https:\\\/\\\/tajkertesz.com\\\/\"},{\"@type\":\"ListItem\",\"position\":3,\"name\":\"Agrecol Plantacote m\u0171tr\u00e1gya hortenzi\u00e1hoz \u00e9s rododendronhoz 6 h\u00f3napos hat\u00e1s\u00fa 300 g\"}]},{\"@type\":\"WebSite\",\"@id\":\"https:\\\/\\\/tajkertesz.com\\\/#website\",\"url\":\"https:\\\/\\\/tajkertesz.com\\\/\",\"name\":\"T\u00e1j-Kert\u00e9sz 84 Kft.\",\"description\":\"Kert\u00e9szeti kis- \u00e9s nagykeresked\u00e9s, D\u00edszn\u00f6v\u00e9ny web\u00e1ruh\u00e1z orsz\u00e1gos h\u00e1zhozsz\u00e1ll\u00edt\u00e1ssal!\",\"publisher\":{\"@id\":\"https:\\\/\\\/tajkertesz.com\\\/#organization\"},\"potentialAction\":[{\"@type\":\"SearchAction\",\"target\":{\"@type\":\"EntryPoint\",\"urlTemplate\":\"https:\\\/\\\/tajkertesz.com\\\/?s={search_term_string}\"},\"query-input\":{\"@type\":\"PropertyValueSpecification\",\"valueRequired\":true,\"valueName\":\"search_term_string\"}}],\"inLanguage\":\"en-US\"},{\"@type\":\"Organization\",\"@id\":\"https:\\\/\\\/tajkertesz.com\\\/#organization\",\"name\":\"T\u00e1j-Kert\u00e9sz 84 Kft.\",\"url\":\"https:\\\/\\\/tajkertesz.com\\\/\",\"logo\":{\"@type\":\"ImageObject\",\"inLanguage\":\"en-US\",\"@id\":\"https:\\\/\\\/tajkertesz.com\\\/#\\\/schema\\\/logo\\\/image\\\/\",\"url\":\"https:\\\/\\\/tajkertesz.com\\\/wp-content\\\/uploads\\\/2018\\\/02\\\/logo-2-e1518678052539.png\",\"contentUrl\":\"https:\\\/\\\/tajkertesz.com\\\/wp-content\\\/uploads\\\/2018\\\/02\\\/logo-2-e1518678052539.png\",\"width\":81,\"height\":140,\"caption\":\"T\u00e1j-Kert\u00e9sz 84 Kft.\"},\"image\":{\"@id\":\"https:\\\/\\\/tajkertesz.com\\\/#\\\/schema\\\/logo\\\/image\\\/\"},\"sameAs\":[\"https:\\\/\\\/www.facebook.com\\\/Tajkertesz\\\/\"]}]}<\/script>\n<!-- \/ Yoast SEO plugin. -->","yoast_head_json":{"title":"Agrecol Plantacote m\u0171tr\u00e1gya hortenzi\u00e1hoz \u00e9s rododendronhoz 6 h\u00f3napos hat\u00e1s\u00fa 300 g - T\u00e1jkert\u00e9sz","description":"Agrecol Plantacote m\u0171tr\u00e1gya hortenzi\u00e1hoz \u00e9s rododendronhoz 6 h\u00f3napos hat\u00e1s\u00fa 300 g Rododendronoknak, az\u00e1le\u00e1knak \u00e9s hortenzi\u00e1knak","robots":{"index":"index","follow":"follow","max-snippet":"max-snippet:-1","max-image-preview":"max-image-preview:large","max-video-preview":"max-video-preview:-1"},"canonical":"https:\/\/tajkertesz.com\/en_US\/product\/agrecol-plantacote-mutragya-hortenziahoz-es-rododendronhoz-6-honapos-hatasu-300-g\/","og_locale":"en_US","og_type":"article","og_title":"Agrecol Plantacote m\u0171tr\u00e1gya hortenzi\u00e1hoz \u00e9s rododendronhoz 6 h\u00f3napos hat\u00e1s\u00fa 300 g - T\u00e1jkert\u00e9sz","og_description":"Agrecol Plantacote m\u0171tr\u00e1gya hortenzi\u00e1hoz \u00e9s rododendronhoz 6 h\u00f3napos hat\u00e1s\u00fa 300 g Rododendronoknak, az\u00e1le\u00e1knak \u00e9s hortenzi\u00e1knak","og_url":"https:\/\/tajkertesz.com\/en_US\/product\/agrecol-plantacote-mutragya-hortenziahoz-es-rododendronhoz-6-honapos-hatasu-300-g\/","og_site_name":"T\u00e1jkert\u00e9sz","article_publisher":"https:\/\/www.facebook.com\/Tajkertesz\/","article_modified_time":"2024-02-03T11:31:35+00:00","og_image":[{"width":260,"height":370,"url":"https:\/\/tajkertesz.com\/wp-content\/uploads\/2021\/05\/hortenzia-6-honapos.png","type":"image\/png"}],"twitter_card":"summary_large_image","twitter_misc":{"Est. reading time":"4 minutes"},"schema":{"@context":"https:\/\/schema.org","@graph":[{"@type":"WebPage","@id":"https:\/\/tajkertesz.com\/termek\/agrecol-plantacote-mutragya-hortenziahoz-es-rododendronhoz-6-honapos-hatasu-300-g\/","url":"https:\/\/tajkertesz.com\/termek\/agrecol-plantacote-mutragya-hortenziahoz-es-rododendronhoz-6-honapos-hatasu-300-g\/","name":"Agrecol Plantacote m\u0171tr\u00e1gya hortenzi\u00e1hoz \u00e9s rododendronhoz 6 h\u00f3napos hat\u00e1s\u00fa 300 g - T\u00e1jkert\u00e9sz","isPartOf":{"@id":"https:\/\/tajkertesz.com\/#website"},"primaryImageOfPage":{"@id":"https:\/\/tajkertesz.com\/termek\/agrecol-plantacote-mutragya-hortenziahoz-es-rododendronhoz-6-honapos-hatasu-300-g\/#primaryimage"},"image":{"@id":"https:\/\/tajkertesz.com\/termek\/agrecol-plantacote-mutragya-hortenziahoz-es-rododendronhoz-6-honapos-hatasu-300-g\/#primaryimage"},"thumbnailUrl":"https:\/\/tajkertesz.com\/wp-content\/uploads\/2021\/05\/hortenzia-6-honapos.png","datePublished":"2021-05-05T07:42:42+00:00","dateModified":"2024-02-03T11:31:35+00:00","description":"Agrecol Plantacote m\u0171tr\u00e1gya hortenzi\u00e1hoz \u00e9s rododendronhoz 6 h\u00f3napos hat\u00e1s\u00fa 300 g Rododendronoknak, az\u00e1le\u00e1knak \u00e9s hortenzi\u00e1knak","breadcrumb":{"@id":"https:\/\/tajkertesz.com\/termek\/agrecol-plantacote-mutragya-hortenziahoz-es-rododendronhoz-6-honapos-hatasu-300-g\/#breadcrumb"},"inLanguage":"en-US","potentialAction":[{"@type":"ReadAction","target":["https:\/\/tajkertesz.com\/termek\/agrecol-plantacote-mutragya-hortenziahoz-es-rododendronhoz-6-honapos-hatasu-300-g\/"]}]},{"@type":"ImageObject","inLanguage":"en-US","@id":"https:\/\/tajkertesz.com\/termek\/agrecol-plantacote-mutragya-hortenziahoz-es-rododendronhoz-6-honapos-hatasu-300-g\/#primaryimage","url":"https:\/\/tajkertesz.com\/wp-content\/uploads\/2021\/05\/hortenzia-6-honapos.png","contentUrl":"https:\/\/tajkertesz.com\/wp-content\/uploads\/2021\/05\/hortenzia-6-honapos.png","width":260,"height":370},{"@type":"BreadcrumbList","@id":"https:\/\/tajkertesz.com\/termek\/agrecol-plantacote-mutragya-hortenziahoz-es-rododendronhoz-6-honapos-hatasu-300-g\/#breadcrumb","itemListElement":[{"@type":"ListItem","position":1,"name":"Home","item":"https:\/\/tajkertesz.com\/"},{"@type":"ListItem","position":2,"name":"Kezd\u0151lap","item":"https:\/\/tajkertesz.com\/"},{"@type":"ListItem","position":3,"name":"Agrecol Plantacote m\u0171tr\u00e1gya hortenzi\u00e1hoz \u00e9s rododendronhoz 6 h\u00f3napos hat\u00e1s\u00fa 300 g"}]},{"@type":"WebSite","@id":"https:\/\/tajkertesz.com\/#website","url":"https:\/\/tajkertesz.com\/","name":"T\u00e1j-Kert\u00e9sz 84 Kft.","description":"Kert\u00e9szeti kis- \u00e9s nagykeresked\u00e9s, D\u00edszn\u00f6v\u00e9ny web\u00e1ruh\u00e1z orsz\u00e1gos h\u00e1zhozsz\u00e1ll\u00edt\u00e1ssal!","publisher":{"@id":"https:\/\/tajkertesz.com\/#organization"},"potentialAction":[{"@type":"SearchAction","target":{"@type":"EntryPoint","urlTemplate":"https:\/\/tajkertesz.com\/?s={search_term_string}"},"query-input":{"@type":"PropertyValueSpecification","valueRequired":true,"valueName":"search_term_string"}}],"inLanguage":"en-US"},{"@type":"Organization","@id":"https:\/\/tajkertesz.com\/#organization","name":"T\u00e1j-Kert\u00e9sz 84 Kft.","url":"https:\/\/tajkertesz.com\/","logo":{"@type":"ImageObject","inLanguage":"en-US","@id":"https:\/\/tajkertesz.com\/#\/schema\/logo\/image\/","url":"https:\/\/tajkertesz.com\/wp-content\/uploads\/2018\/02\/logo-2-e1518678052539.png","contentUrl":"https:\/\/tajkertesz.com\/wp-content\/uploads\/2018\/02\/logo-2-e1518678052539.png","width":81,"height":140,"caption":"T\u00e1j-Kert\u00e9sz 84 Kft."},"image":{"@id":"https:\/\/tajkertesz.com\/#\/schema\/logo\/image\/"},"sameAs":["https:\/\/www.facebook.com\/Tajkertesz\/"]}]}},"_links":{"self":[{"href":"https:\/\/tajkertesz.com\/en_US\/wp-json\/wp\/v2\/product\/4080","targetHints":{"allow":["GET"]}}],"collection":[{"href":"https:\/\/tajkertesz.com\/en_US\/wp-json\/wp\/v2\/product"}],"about":[{"href":"https:\/\/tajkertesz.com\/en_US\/wp-json\/wp\/v2\/types\/product"}],"wp:featuredmedia":[{"embeddable":true,"href":"https:\/\/tajkertesz.com\/en_US\/wp-json\/wp\/v2\/media\/4081"}],"wp:attachment":[{"href":"https:\/\/tajkertesz.com\/en_US\/wp-json\/wp\/v2\/media?parent=4080"}],"wp:term":[{"taxonomy":"product_brand","embeddable":true,"href":"https:\/\/tajkertesz.com\/en_US\/wp-json\/wp\/v2\/product_brand?post=4080"},{"taxonomy":"product_cat","embeddable":true,"href":"https:\/\/tajkertesz.com\/en_US\/wp-json\/wp\/v2\/product_cat?post=4080"},{"taxonomy":"product_tag","embeddable":true,"href":"https:\/\/tajkertesz.com\/en_US\/wp-json\/wp\/v2\/product_tag?post=4080"}],"curies":[{"name":"wp","href":"https:\/\/api.w.org\/{rel}","templated":true}]}}