{"id":4095,"date":"2021-05-05T09:10:40","date_gmt":"2021-05-05T09:10:40","guid":{"rendered":"https:\/\/tajkertesz.com\/?post_type=product&#038;p=4095"},"modified":"2025-04-23T07:23:30","modified_gmt":"2025-04-23T07:23:30","slug":"agrecol-100-ban-oldodo-univerzalis-mutragya-035-kg","status":"publish","type":"product","link":"https:\/\/tajkertesz.com\/en_US\/product\/agrecol-100-ban-oldodo-univerzalis-mutragya-035-kg\/","title":{"rendered":"Agrecol 100 %-ban old\u00f3d\u00f3 univerz\u00e1lis m\u0171tr\u00e1gya 0,35 kg"},"content":{"rendered":"<div class=\"artdet__name-rating d-none d-lg-block\">\n<div class=\"row gutters-5\">\n<div class=\"col\">\n<h2 class=\"artdet__name line-clamp--3-12\">Agrecol 100 %-ban old\u00f3d\u00f3 univerz\u00e1lis m\u0171tr\u00e1gya 0,35 kg<\/h2>\n<\/div>\n<\/div>\n<\/div>\n<div id=\"artdet__short-descrition\" class=\"artdet__short-descripton artdet-block border-block\">\n<div class=\"artdet__short-descripton-content text-justify font-s font-sm-m\">\n<p class=\"artdet__name line-clamp--3-12\">Agrecol 100 %-ban old\u00f3d\u00f3 univerz\u00e1lis m\u0171tr\u00e1gya 0,35 kg<\/p>\n<ul>\n<li>univerz\u00e1lis m\u0171tr\u00e1gya a t\u00e1panyagok teljes k\u00e9szlet\u00e9t tartalmazza, amelyek sz\u00fcks\u00e9gesek a z\u00f6ld \u00e9s vir\u00e1gos n\u00f6v\u00e9nyek megfelel\u0151 n\u00f6veked\u00e9s\u00e9hez \u00e9s fejl\u0151d\u00e9s\u00e9hez.<\/li>\n<li>t\u00f6k\u00e9letes z\u00f6lds\u00e9gek, gy\u00fcm\u00f6lcs\u00f6k \u00e9s d\u00edszn\u00f6v\u00e9nyek t\u00e1panyag-ut\u00e1np\u00f3tl\u00e1s\u00e1ra<\/li>\n<li>el\u00e9g 350 liter oldathoz<\/li>\n<\/ul>\n<h2>Tartalom:<\/h2>\n<p>Ek m\u0171tr\u00e1gya<br \/>\nnitrog\u00e9n (N) &#8211; 21%<br \/>\nfoszfor (P\u00a0<sub>2<\/sub>\u00a0O\u00a0<sub>5<\/sub>\u00a0) &#8211; 10%<br \/>\nk\u00e1lium (K\u00a0<sub>2<\/sub>\u00a0O) &#8211; 18%<\/p>\n<p>Mikroelemek:<br \/>\nb\u00f3r (B) 0,02%, r\u00e9z (Cu) * 0,02%, vas (Fe) * 0,07%, mang\u00e1n (Mn) * 0,04%, molibd\u00e9n (Mo) 0,004%, cink (Zn) * 0,015%<br \/>\n* kel\u00e1t EDTA<\/p>\n<\/div>\n<div class=\"artdet__short-descripton-content text-justify font-s font-sm-m\">\n<div class=\"description\">\n<div class=\"inner\">\n<div class=\"description\">\n<div class=\"inner\">\n<div class=\"description\">\n<div class=\"inner\">\n<div class=\"description\">\n<div class=\"inner\">\n<div class=\"description\">\n<div class=\"inner\">\n<div class=\"description\">\n<div class=\"inner\">\n<h4><strong>Univerz\u00e1lis m\u0171tr\u00e1gya<\/strong><\/h4>\n<p>&#8211; szemcs\u00e9s\u00a0 m\u0171tr\u00e1gya, amely v\u00edzben t\u00f6k\u00e9letesen old\u00f3dik. Az Agrecol univerz\u00e1lis m\u0171tr\u00e1gya az \u00f6sszes kerti, balkon \u00e9s szoban\u00f6v\u00e9ny sz\u00e1m\u00e1ra aj\u00e1nlott.\u00a0 Hat\u00e1s\u00e1t azonnal kifejti.<\/p>\n<p>El\u0151seg\u00edti a n\u00f6v\u00e9nyek fejl\u0151d\u00e9s\u00e9t, vir\u00e1gz\u00e1s\u00e1t, ellen\u00e1ll\u00f3 k\u00e9pess\u00e9g\u00e9t.<\/p>\n<\/div>\n<\/div>\n<div class=\"description\">\n<div class=\"inner\">\n<h4>Haszn\u00e1lati utas\u00edt\u00e1s:<\/h4>\n<p>A n\u00f6v\u00e9nyeket m\u00e1rciust\u00f3l augusztus v\u00e9g\u00e9ig 7-14 naponta \u00f6nt\u00f6zz\u00fck vizes oldat form\u00e1j\u00e1ban. V\u00edzben 1 te\u00e1skan\u00e1l m\u0171tr\u00e1gya \/ 5 liter v\u00edz (1 g m\u0171tr\u00e1gya \/ 1 liter v\u00edz). Az aj\u00e1nlott adagot ne l\u00e9pje t\u00fal.<\/p>\n<\/div>\n<\/div>\n<\/div>\n<\/div>\n<\/div>\n<\/div>\n<\/div>\n<\/div>\n<\/div>\n<\/div>\n<\/div>\n<\/div>\n<\/div>\n<\/div>\n<div><\/div>\n<div><a href=\"https:\/\/tajkertesz.com\/wp-content\/uploads\/2021\/05\/Agrecol-bizt.adatl_..pdf\">Agrecol bizt.adatl.<\/a><\/div>\n<div><\/div>\n<p style=\"line-height: 18.0pt; background: white; margin: 0cm 0cm 15.0pt 0cm;\"><b><span style=\"font-family: 'Ubuntu',sans-serif; color: black;\">K\u00e9szlet\u00fcnk napi szinten v\u00e1ltozik, ez\u00e9rt k\u00e9rj\u00fck, \u00e9rdekl\u0151dj\u00f6n szem\u00e9lyesen, telefonon vagy email-en.<br \/>\nA v\u00e1ltoztat\u00e1s jog\u00e1t fenntartjuk!\u00a0<\/span><\/b><\/p>\n<p><a href=\"https:\/\/tajkertesz.com\/\">https:\/\/tajkertesz.com\/<\/a><\/p>\n<p><a href=\"https:\/\/www.facebook.com\/tajkertesz\/\">https:\/\/www.facebook.com\/tajkertesz\/<\/a><\/p>\n<p>Kisz\u00e1ll\u00edt\u00e1s: 200cm-ig \u00e9s 40 kg-ig a sz\u00e1ll\u00edt\u00e1s fut\u00e1rszolg\u00e1lattal t\u00f6rt\u00e9nik.<\/p>\n<p>Szem\u00e9lyes \u00e1tv\u00e9tel nyitvatart\u00e1si id\u0151ben a 17. ker\u00fclet Bakancsos utca 7. sz\u00e1m alatti Kert\u00e9szeti \u00e1rud\u00e1nkban.<\/p>\n<p><b><u>Kert\u00e9p\u00edt\u0151k \u00e9s viszontelad\u00f3k regisztr\u00e1l\u00e1s ut\u00e1n egyedi kedvezm\u00e9nnyel v\u00e1s\u00e1rolhatnak kert\u00e9szeti kis-\u00e9s nagykeresked\u00e9s\u00fcnkben.<\/u><\/b><\/p>\n<p>A logisztikai c\u00e9ggel t\u00f6rt\u00e9n\u0151 sz\u00e1ll\u00edt\u00e1s eset\u00e9n a partnereink\u00a0esetleges a\u00a0cs\u00fasz\u00e1sai\u00e9rt nem v\u00e1llalunk felel\u0151ss\u00e9get!<\/p>\n<p><strong>Az \u00e1rak egy darab term\u00e9kre vonatkoznak.<\/strong><\/p>","protected":false},"excerpt":{"rendered":"<div class=\"artdet__name-rating d-none d-lg-block\">\n<div class=\"row gutters-5\">\n<div class=\"col\">\n<div class=\"artdet__name-rating d-none d-lg-block\">\n<div class=\"row gutters-5\">\n<div class=\"col\">\n<p><strong>Univerz\u00e1lis m\u0171tr\u00e1gya<\/strong> &#8211; szemcs\u00e9s\u00a0 m\u0171tr\u00e1gya, amely v\u00edzben t\u00f6k\u00e9letesen old\u00f3dik. Az Agrecol univerz\u00e1lis m\u0171tr\u00e1gya az \u00f6sszes kerti, balkon \u00e9s szoban\u00f6v\u00e9ny sz\u00e1m\u00e1ra aj\u00e1nlott.\u00a0 Hat\u00e1s\u00e1t azonnal kifejti.<\/p>\n<h2 class=\"artdet__name line-clamp--3-12\"><b style=\"color: #666666; font-size: 14px;\">K\u00e9szlet\u00fcnk napi szinten v\u00e1ltozik, ez\u00e9rt k\u00e9rj\u00fck, \u00e9rdekl\u0151dj\u00f6n szem\u00e9lyesen, telefonon vagy email-en.<\/b><\/h2>\n<\/div>\n<\/div>\n<\/div>\n<div id=\"artdet__short-descrition\" class=\"artdet__short-descripton artdet-block border-block\">\n<div class=\"artdet__short-descripton-content text-justify font-s font-sm-m\">\n<div id=\"bodyContent\" class=\"mw-body-content\">\n<div id=\"mw-content-text\" class=\"mw-content-ltr\" dir=\"ltr\" lang=\"hu\">\n<div id=\"bodyContent\" class=\"mw-body-content\">\n<div id=\"mw-content-text\" class=\"mw-content-ltr\" dir=\"ltr\" lang=\"hu\">\n<p>Term\u00e9keinket szem\u00e9lyesen is \u00e1tveheti a h\u00e9t minden napj\u00e1n nyitvatart\u00e1si id\u0151ben!<\/p>\n<p>Kisz\u00e1ll\u00edt\u00e1s: 200 cm \u00e9s 40 kg is a sz\u00e1ll\u00edt\u00e1s fut\u00e1rszolg\u00e1lattal t\u00f6rt\u00e9nik.<\/p>\n<\/div>\n<\/div>\n<\/div>\n<\/div>\n<p><b>A v\u00e1ltoztat\u00e1s jog\u00e1t fenntartjuk!\u00a0<\/b><\/p>\n<ul>\n<li>Gondosan meghat\u00e1rozott \u00e9s kiegyens\u00falyozott \u00f6sszet\u00e9tel\u0171 m\u0171tr\u00e1gya<\/li>\n<li>kerti n\u00f6v\u00e9nyek, z\u00f6lds\u00e9gek, vir\u00e1gok, gy\u00fcm\u00f6lcsf\u00e1k \u00e9s cserj\u00e9k sz\u00e1m\u00e1ra<\/li>\n<li>\u00a0350 liter \u00f6nt\u00f6z\u0151v\u00edzhez elegend\u0151<\/li>\n<\/ul>\n<\/div>\n<\/div>\n<\/div>\n<\/div>\n<\/div>","protected":false},"featured_media":4096,"template":"","meta":{"_et_pb_use_builder":"","_et_pb_old_content":"","_et_gb_content_width":""},"product_brand":[],"product_cat":[1423],"product_tag":[537,705,36,707],"class_list":{"0":"post-4095","1":"product","2":"type-product","3":"status-publish","4":"has-post-thumbnail","6":"product_cat-egyeb-kerti-novenyekhez","7":"product_tag-agrecol","8":"product_tag-mutragya","9":"product_tag-tragya","10":"product_tag-univerzalis","12":"first","13":"instock","14":"shipping-taxable","15":"purchasable","16":"product-type-simple"},"yoast_head":"<!-- This site is optimized with the Yoast SEO plugin v27.5 - https:\/\/yoast.com\/product\/yoast-seo-wordpress\/ -->\n<title>Agrecol 100 %-ban old\u00f3d\u00f3 univerz\u00e1lis m\u0171tr\u00e1gya 0,35 kg - T\u00e1jkert\u00e9sz<\/title>\n<meta name=\"description\" content=\"Agrecol 100 %-ban old\u00f3d\u00f3 univerz\u00e1lis m\u0171tr\u00e1gya 0,35 kg gondosan meghat\u00e1rozott \u00e9s kiegyens\u00falyozott \u00f6sszet\u00e9tel\u0171 m\u0171tr\u00e1gya\" \/>\n<meta name=\"robots\" content=\"index, follow, max-snippet:-1, max-image-preview:large, max-video-preview:-1\" \/>\n<link rel=\"canonical\" href=\"https:\/\/tajkertesz.com\/en_US\/product\/agrecol-100-ban-oldodo-univerzalis-mutragya-035-kg\/\" \/>\n<meta property=\"og:locale\" content=\"en_US\" \/>\n<meta property=\"og:type\" content=\"article\" \/>\n<meta property=\"og:title\" content=\"Agrecol 100 %-ban old\u00f3d\u00f3 univerz\u00e1lis m\u0171tr\u00e1gya 0,35 kg - T\u00e1jkert\u00e9sz\" \/>\n<meta property=\"og:description\" content=\"Agrecol 100 %-ban old\u00f3d\u00f3 univerz\u00e1lis m\u0171tr\u00e1gya 0,35 kg gondosan meghat\u00e1rozott \u00e9s kiegyens\u00falyozott \u00f6sszet\u00e9tel\u0171 m\u0171tr\u00e1gya\" \/>\n<meta property=\"og:url\" content=\"https:\/\/tajkertesz.com\/en_US\/product\/agrecol-100-ban-oldodo-univerzalis-mutragya-035-kg\/\" \/>\n<meta property=\"og:site_name\" content=\"T\u00e1jkert\u00e9sz\" \/>\n<meta property=\"article:publisher\" content=\"https:\/\/www.facebook.com\/Tajkertesz\/\" \/>\n<meta property=\"article:modified_time\" content=\"2025-04-23T07:23:30+00:00\" \/>\n<meta property=\"og:image\" content=\"https:\/\/tajkertesz.com\/wp-content\/uploads\/2021\/05\/univerzalis-100.jpg\" \/>\n\t<meta property=\"og:image:width\" content=\"370\" \/>\n\t<meta property=\"og:image:height\" content=\"532\" \/>\n\t<meta property=\"og:image:type\" content=\"image\/jpeg\" \/>\n<meta name=\"twitter:card\" content=\"summary_large_image\" \/>\n<meta name=\"twitter:label1\" content=\"Est. reading time\" \/>\n\t<meta name=\"twitter:data1\" content=\"2 minutes\" \/>\n<script type=\"application\/ld+json\" class=\"yoast-schema-graph\">{\"@context\":\"https:\\\/\\\/schema.org\",\"@graph\":[{\"@type\":\"WebPage\",\"@id\":\"https:\\\/\\\/tajkertesz.com\\\/termek\\\/agrecol-100-ban-oldodo-univerzalis-mutragya-035-kg\\\/\",\"url\":\"https:\\\/\\\/tajkertesz.com\\\/termek\\\/agrecol-100-ban-oldodo-univerzalis-mutragya-035-kg\\\/\",\"name\":\"Agrecol 100 %-ban old\u00f3d\u00f3 univerz\u00e1lis m\u0171tr\u00e1gya 0,35 kg - T\u00e1jkert\u00e9sz\",\"isPartOf\":{\"@id\":\"https:\\\/\\\/tajkertesz.com\\\/#website\"},\"primaryImageOfPage\":{\"@id\":\"https:\\\/\\\/tajkertesz.com\\\/termek\\\/agrecol-100-ban-oldodo-univerzalis-mutragya-035-kg\\\/#primaryimage\"},\"image\":{\"@id\":\"https:\\\/\\\/tajkertesz.com\\\/termek\\\/agrecol-100-ban-oldodo-univerzalis-mutragya-035-kg\\\/#primaryimage\"},\"thumbnailUrl\":\"https:\\\/\\\/tajkertesz.com\\\/wp-content\\\/uploads\\\/2021\\\/05\\\/univerzalis-100.jpg\",\"datePublished\":\"2021-05-05T09:10:40+00:00\",\"dateModified\":\"2025-04-23T07:23:30+00:00\",\"description\":\"Agrecol 100 %-ban old\u00f3d\u00f3 univerz\u00e1lis m\u0171tr\u00e1gya 0,35 kg gondosan meghat\u00e1rozott \u00e9s kiegyens\u00falyozott \u00f6sszet\u00e9tel\u0171 m\u0171tr\u00e1gya\",\"breadcrumb\":{\"@id\":\"https:\\\/\\\/tajkertesz.com\\\/termek\\\/agrecol-100-ban-oldodo-univerzalis-mutragya-035-kg\\\/#breadcrumb\"},\"inLanguage\":\"en-US\",\"potentialAction\":[{\"@type\":\"ReadAction\",\"target\":[\"https:\\\/\\\/tajkertesz.com\\\/termek\\\/agrecol-100-ban-oldodo-univerzalis-mutragya-035-kg\\\/\"]}]},{\"@type\":\"ImageObject\",\"inLanguage\":\"en-US\",\"@id\":\"https:\\\/\\\/tajkertesz.com\\\/termek\\\/agrecol-100-ban-oldodo-univerzalis-mutragya-035-kg\\\/#primaryimage\",\"url\":\"https:\\\/\\\/tajkertesz.com\\\/wp-content\\\/uploads\\\/2021\\\/05\\\/univerzalis-100.jpg\",\"contentUrl\":\"https:\\\/\\\/tajkertesz.com\\\/wp-content\\\/uploads\\\/2021\\\/05\\\/univerzalis-100.jpg\",\"width\":370,\"height\":532,\"caption\":\"Agrecol 100 %-ban old\u00f3d\u00f3 univerz\u00e1lis m\u0171tr\u00e1gya 0,35 kg\"},{\"@type\":\"BreadcrumbList\",\"@id\":\"https:\\\/\\\/tajkertesz.com\\\/termek\\\/agrecol-100-ban-oldodo-univerzalis-mutragya-035-kg\\\/#breadcrumb\",\"itemListElement\":[{\"@type\":\"ListItem\",\"position\":1,\"name\":\"Home\",\"item\":\"https:\\\/\\\/tajkertesz.com\\\/\"},{\"@type\":\"ListItem\",\"position\":2,\"name\":\"Kezd\u0151lap\",\"item\":\"https:\\\/\\\/tajkertesz.com\\\/\"},{\"@type\":\"ListItem\",\"position\":3,\"name\":\"Agrecol 100 %-ban old\u00f3d\u00f3 univerz\u00e1lis m\u0171tr\u00e1gya 0,35 kg\"}]},{\"@type\":\"WebSite\",\"@id\":\"https:\\\/\\\/tajkertesz.com\\\/#website\",\"url\":\"https:\\\/\\\/tajkertesz.com\\\/\",\"name\":\"T\u00e1j-Kert\u00e9sz 84 Kft.\",\"description\":\"Kert\u00e9szeti kis- \u00e9s nagykeresked\u00e9s, D\u00edszn\u00f6v\u00e9ny web\u00e1ruh\u00e1z orsz\u00e1gos h\u00e1zhozsz\u00e1ll\u00edt\u00e1ssal!\",\"publisher\":{\"@id\":\"https:\\\/\\\/tajkertesz.com\\\/#organization\"},\"potentialAction\":[{\"@type\":\"SearchAction\",\"target\":{\"@type\":\"EntryPoint\",\"urlTemplate\":\"https:\\\/\\\/tajkertesz.com\\\/?s={search_term_string}\"},\"query-input\":{\"@type\":\"PropertyValueSpecification\",\"valueRequired\":true,\"valueName\":\"search_term_string\"}}],\"inLanguage\":\"en-US\"},{\"@type\":\"Organization\",\"@id\":\"https:\\\/\\\/tajkertesz.com\\\/#organization\",\"name\":\"T\u00e1j-Kert\u00e9sz 84 Kft.\",\"url\":\"https:\\\/\\\/tajkertesz.com\\\/\",\"logo\":{\"@type\":\"ImageObject\",\"inLanguage\":\"en-US\",\"@id\":\"https:\\\/\\\/tajkertesz.com\\\/#\\\/schema\\\/logo\\\/image\\\/\",\"url\":\"https:\\\/\\\/tajkertesz.com\\\/wp-content\\\/uploads\\\/2018\\\/02\\\/logo-2-e1518678052539.png\",\"contentUrl\":\"https:\\\/\\\/tajkertesz.com\\\/wp-content\\\/uploads\\\/2018\\\/02\\\/logo-2-e1518678052539.png\",\"width\":81,\"height\":140,\"caption\":\"T\u00e1j-Kert\u00e9sz 84 Kft.\"},\"image\":{\"@id\":\"https:\\\/\\\/tajkertesz.com\\\/#\\\/schema\\\/logo\\\/image\\\/\"},\"sameAs\":[\"https:\\\/\\\/www.facebook.com\\\/Tajkertesz\\\/\"]}]}<\/script>\n<!-- \/ Yoast SEO plugin. -->","yoast_head_json":{"title":"Agrecol 100 %-ban old\u00f3d\u00f3 univerz\u00e1lis m\u0171tr\u00e1gya 0,35 kg - T\u00e1jkert\u00e9sz","description":"Agrecol 100 %-ban old\u00f3d\u00f3 univerz\u00e1lis m\u0171tr\u00e1gya 0,35 kg gondosan meghat\u00e1rozott \u00e9s kiegyens\u00falyozott \u00f6sszet\u00e9tel\u0171 m\u0171tr\u00e1gya","robots":{"index":"index","follow":"follow","max-snippet":"max-snippet:-1","max-image-preview":"max-image-preview:large","max-video-preview":"max-video-preview:-1"},"canonical":"https:\/\/tajkertesz.com\/en_US\/product\/agrecol-100-ban-oldodo-univerzalis-mutragya-035-kg\/","og_locale":"en_US","og_type":"article","og_title":"Agrecol 100 %-ban old\u00f3d\u00f3 univerz\u00e1lis m\u0171tr\u00e1gya 0,35 kg - T\u00e1jkert\u00e9sz","og_description":"Agrecol 100 %-ban old\u00f3d\u00f3 univerz\u00e1lis m\u0171tr\u00e1gya 0,35 kg gondosan meghat\u00e1rozott \u00e9s kiegyens\u00falyozott \u00f6sszet\u00e9tel\u0171 m\u0171tr\u00e1gya","og_url":"https:\/\/tajkertesz.com\/en_US\/product\/agrecol-100-ban-oldodo-univerzalis-mutragya-035-kg\/","og_site_name":"T\u00e1jkert\u00e9sz","article_publisher":"https:\/\/www.facebook.com\/Tajkertesz\/","article_modified_time":"2025-04-23T07:23:30+00:00","og_image":[{"width":370,"height":532,"url":"https:\/\/tajkertesz.com\/wp-content\/uploads\/2021\/05\/univerzalis-100.jpg","type":"image\/jpeg"}],"twitter_card":"summary_large_image","twitter_misc":{"Est. reading time":"2 minutes"},"schema":{"@context":"https:\/\/schema.org","@graph":[{"@type":"WebPage","@id":"https:\/\/tajkertesz.com\/termek\/agrecol-100-ban-oldodo-univerzalis-mutragya-035-kg\/","url":"https:\/\/tajkertesz.com\/termek\/agrecol-100-ban-oldodo-univerzalis-mutragya-035-kg\/","name":"Agrecol 100 %-ban old\u00f3d\u00f3 univerz\u00e1lis m\u0171tr\u00e1gya 0,35 kg - T\u00e1jkert\u00e9sz","isPartOf":{"@id":"https:\/\/tajkertesz.com\/#website"},"primaryImageOfPage":{"@id":"https:\/\/tajkertesz.com\/termek\/agrecol-100-ban-oldodo-univerzalis-mutragya-035-kg\/#primaryimage"},"image":{"@id":"https:\/\/tajkertesz.com\/termek\/agrecol-100-ban-oldodo-univerzalis-mutragya-035-kg\/#primaryimage"},"thumbnailUrl":"https:\/\/tajkertesz.com\/wp-content\/uploads\/2021\/05\/univerzalis-100.jpg","datePublished":"2021-05-05T09:10:40+00:00","dateModified":"2025-04-23T07:23:30+00:00","description":"Agrecol 100 %-ban old\u00f3d\u00f3 univerz\u00e1lis m\u0171tr\u00e1gya 0,35 kg gondosan meghat\u00e1rozott \u00e9s kiegyens\u00falyozott \u00f6sszet\u00e9tel\u0171 m\u0171tr\u00e1gya","breadcrumb":{"@id":"https:\/\/tajkertesz.com\/termek\/agrecol-100-ban-oldodo-univerzalis-mutragya-035-kg\/#breadcrumb"},"inLanguage":"en-US","potentialAction":[{"@type":"ReadAction","target":["https:\/\/tajkertesz.com\/termek\/agrecol-100-ban-oldodo-univerzalis-mutragya-035-kg\/"]}]},{"@type":"ImageObject","inLanguage":"en-US","@id":"https:\/\/tajkertesz.com\/termek\/agrecol-100-ban-oldodo-univerzalis-mutragya-035-kg\/#primaryimage","url":"https:\/\/tajkertesz.com\/wp-content\/uploads\/2021\/05\/univerzalis-100.jpg","contentUrl":"https:\/\/tajkertesz.com\/wp-content\/uploads\/2021\/05\/univerzalis-100.jpg","width":370,"height":532,"caption":"Agrecol 100 %-ban old\u00f3d\u00f3 univerz\u00e1lis m\u0171tr\u00e1gya 0,35 kg"},{"@type":"BreadcrumbList","@id":"https:\/\/tajkertesz.com\/termek\/agrecol-100-ban-oldodo-univerzalis-mutragya-035-kg\/#breadcrumb","itemListElement":[{"@type":"ListItem","position":1,"name":"Home","item":"https:\/\/tajkertesz.com\/"},{"@type":"ListItem","position":2,"name":"Kezd\u0151lap","item":"https:\/\/tajkertesz.com\/"},{"@type":"ListItem","position":3,"name":"Agrecol 100 %-ban old\u00f3d\u00f3 univerz\u00e1lis m\u0171tr\u00e1gya 0,35 kg"}]},{"@type":"WebSite","@id":"https:\/\/tajkertesz.com\/#website","url":"https:\/\/tajkertesz.com\/","name":"T\u00e1j-Kert\u00e9sz 84 Kft.","description":"Kert\u00e9szeti kis- \u00e9s nagykeresked\u00e9s, D\u00edszn\u00f6v\u00e9ny web\u00e1ruh\u00e1z orsz\u00e1gos h\u00e1zhozsz\u00e1ll\u00edt\u00e1ssal!","publisher":{"@id":"https:\/\/tajkertesz.com\/#organization"},"potentialAction":[{"@type":"SearchAction","target":{"@type":"EntryPoint","urlTemplate":"https:\/\/tajkertesz.com\/?s={search_term_string}"},"query-input":{"@type":"PropertyValueSpecification","valueRequired":true,"valueName":"search_term_string"}}],"inLanguage":"en-US"},{"@type":"Organization","@id":"https:\/\/tajkertesz.com\/#organization","name":"T\u00e1j-Kert\u00e9sz 84 Kft.","url":"https:\/\/tajkertesz.com\/","logo":{"@type":"ImageObject","inLanguage":"en-US","@id":"https:\/\/tajkertesz.com\/#\/schema\/logo\/image\/","url":"https:\/\/tajkertesz.com\/wp-content\/uploads\/2018\/02\/logo-2-e1518678052539.png","contentUrl":"https:\/\/tajkertesz.com\/wp-content\/uploads\/2018\/02\/logo-2-e1518678052539.png","width":81,"height":140,"caption":"T\u00e1j-Kert\u00e9sz 84 Kft."},"image":{"@id":"https:\/\/tajkertesz.com\/#\/schema\/logo\/image\/"},"sameAs":["https:\/\/www.facebook.com\/Tajkertesz\/"]}]}},"_links":{"self":[{"href":"https:\/\/tajkertesz.com\/en_US\/wp-json\/wp\/v2\/product\/4095","targetHints":{"allow":["GET"]}}],"collection":[{"href":"https:\/\/tajkertesz.com\/en_US\/wp-json\/wp\/v2\/product"}],"about":[{"href":"https:\/\/tajkertesz.com\/en_US\/wp-json\/wp\/v2\/types\/product"}],"wp:featuredmedia":[{"embeddable":true,"href":"https:\/\/tajkertesz.com\/en_US\/wp-json\/wp\/v2\/media\/4096"}],"wp:attachment":[{"href":"https:\/\/tajkertesz.com\/en_US\/wp-json\/wp\/v2\/media?parent=4095"}],"wp:term":[{"taxonomy":"product_brand","embeddable":true,"href":"https:\/\/tajkertesz.com\/en_US\/wp-json\/wp\/v2\/product_brand?post=4095"},{"taxonomy":"product_cat","embeddable":true,"href":"https:\/\/tajkertesz.com\/en_US\/wp-json\/wp\/v2\/product_cat?post=4095"},{"taxonomy":"product_tag","embeddable":true,"href":"https:\/\/tajkertesz.com\/en_US\/wp-json\/wp\/v2\/product_tag?post=4095"}],"curies":[{"name":"wp","href":"https:\/\/api.w.org\/{rel}","templated":true}]}}