{"id":4099,"date":"2021-05-05T10:51:05","date_gmt":"2021-05-05T10:51:05","guid":{"rendered":"https:\/\/tajkertesz.com\/?post_type=product&#038;p=4099"},"modified":"2026-01-14T13:15:16","modified_gmt":"2026-01-14T13:15:16","slug":"agrecol-orokzold-gel-tapoldat-1-l","status":"publish","type":"product","link":"https:\/\/tajkertesz.com\/en_US\/product\/agrecol-orokzold-gel-tapoldat-1-l\/","title":{"rendered":"Agrecol \u00f6r\u00f6kz\u00f6ld  g\u00e9l t\u00e1poldat 1 L"},"content":{"rendered":"<div class=\"artdet__name-rating d-none d-lg-block\">\n<div class=\"row gutters-5\">\n<div class=\"col\">\n<h2 class=\"artdet__name line-clamp--3-12\">Agrecol \u00f6r\u00f6kz\u00f6ld g\u00e9l t\u00e1poldat 1 L<\/h2>\n<p>Agrecol \u00f6r\u00f6kz\u00f6ld g\u00e9l t\u00e1poldat 1 L<\/p>\n<\/div>\n<\/div>\n<\/div>\n<div id=\"artdet__short-descrition\" class=\"artdet__short-descripton artdet-block border-block\">\n<div class=\"artdet__short-descripton-content text-justify font-s font-sm-m\">\n<ul>\n<li style=\"list-style-type: none;\">\n<ul>\n<li>Biztos\u00edtja a n\u00f6v\u00e9ny er\u0151teljes, eg\u00e9szs\u00e9ges fejl\u0151d\u00e9s\u00e9hez sz\u00fcks\u00e9ges t\u00e1panyagokat.<\/li>\n<li>a magas k\u00e1liumtartalom pozit\u00edvan befoly\u00e1solja a gy\u00f6k\u00e9rzet fejl\u0151d\u00e9s\u00e9t, n\u00f6veli az asz\u00e1ly- \u00e9s fagy\u00e1ll\u00f3s\u00e1got.<\/li>\n<\/ul>\n<\/li>\n<\/ul>\n<\/div>\n<\/div>\n<h2>Tartalom<\/h2>\n<p>EK m\u0171tr\u00e1gya<br \/>\nnitrog\u00e9n (N) &#8211; 6%<br \/>\nfoszfor (P\u00a0<sub>2<\/sub>\u00a0O\u00a0<sub>5<\/sub>\u00a0) &#8211; 3%<br \/>\nk\u00e1lium (K\u00a0<sub>2<\/sub>\u00a0O) &#8211; 10%<\/p>\n<p>Mikroelemek:<br \/>\nb\u00f3r (B) 0,02%, r\u00e9z (Cu) * 0,002%, vas (Fe) * 0,02%, mang\u00e1n (Mn) * 0,015%, molibd\u00e9n (Mo) 0,002%, cink (Zn) * 0,015%<br \/>\n* kel\u00e1t EDTA<\/p>\n<div id=\"artdet__short-descrition\" class=\"artdet__short-descripton artdet-block border-block\">\n<div class=\"artdet__short-descripton-content text-justify font-s font-sm-m\">\n<div class=\"description\">\n<div class=\"inner\">\n<div class=\"description\">\n<div class=\"inner\">\n<div class=\"description\">\n<div class=\"inner\">\n<div class=\"description\">\n<div class=\"inner\">\n<div class=\"description\">\n<div class=\"inner\">\n<h2 class=\"artdet__name line-clamp--3-12\">Agrecol \u00f6r\u00f6kz\u00f6ld t\u00e1poldat 1 L<\/h2>\n<div class=\"description\">\n<div class=\"inner\">\n<div class=\"description\">\n<div class=\"inner\">\n<div class=\"description\">\n<div class=\"inner\">\n<div class=\"description\">\n<div class=\"inner\">\n<div class=\"description\">\n<div class=\"inner\">\n<p><strong>Az Agrecol \u00f6r\u00f6kz\u00f6ld g\u00e9l t\u00e1poldat magas \u00e1sv\u00e1nyianyag tartalommal, kifejezetten \u00f6r\u00f6kz\u00f6ld n\u00f6v\u00e9nyek t\u00e1panyag-ut\u00e1np\u00f3tl\u00e1s\u00e1ra aj\u00e1nlott. <\/strong>K\u00f6nnyen old\u00f3dik v\u00edzben.\u00a0 Felhaszn\u00e1lhat\u00f3: feny\u0151f\u00e9l\u00e9k, tiszaf\u00e1k, tujaf\u00e9l\u00e9k, bor\u00f3kaf\u00e9l\u00e9k, fagyalf\u00e9l\u00e9k, rhododendronok, az\u00e1le\u00e1k t\u00e1panyag ut\u00e1np\u00f3tl\u00e1s\u00e1ra. Kertbe vagy cser\u00e9pbe \u00fcltetett \u00f6r\u00f6kz\u00f6ldek t\u00e1panyag-p\u00f3tl\u00e1s\u00e1ra egyar\u00e1nt haszn\u00e1lhat\u00f3. <strong>Hat\u00e1s\u00e1t azonnal kifejti.<\/strong> A t\u00e1panyaghi\u00e1nyt\u00a0 megsz\u00fcntetve meg\u00f3vja az \u00f6r\u00f6kz\u00f6ldeket a barnul\u00e1st\u00f3l \u00e9s megakad\u00e1lyozza a lev\u00e9lritkul\u00e1st, a lev\u00e9lhull\u00e1st. B\u00e1rmilyen \u00f6r\u00f6kz\u00f6ld t\u00e1panyagut\u00e1np\u00f3tl\u00e1s\u00e1ra alkalmas. Rendszeres haszn\u00e1lat\u00e1val ellen\u00e1ll\u00f3bbak \u00e9s eg\u00e9szs\u00e9gesebbek lesznek, amit sz\u00e9ps\u00e9g\u00fckkel h\u00e1l\u00e1lnak meg.<\/p>\n<p>&nbsp;<\/p>\n<\/div>\n<\/div>\n<div class=\"description\">\n<div class=\"inner\">\n<h2>Alkalmaz\u00e1si m\u00f3dszer<\/h2>\n<h3>Haszn\u00e1lat<\/h3>\n<p>A kupak h\u00e1rom adagol\u00e1si szintet mutat, az \u00f6nt\u00f6z\u00e9shez haszn\u00e1lt v\u00edz mennyis\u00e9g\u00e9t\u0151l f\u00fcgg\u0151en:<\/p>\n<ul>\n<li>I. szint &#8211; 7 ml m\u0171tr\u00e1gya adag, amelyet fel kell oldani 1 liter v\u00edzben<\/li>\n<li>II. Szint &#8211; 14 ml m\u0171tr\u00e1gya adag, amelyet fel kell oldani 2 liter v\u00edzben<\/li>\n<li>III. Szint &#8211; 21 ml m\u0171tr\u00e1gya adag, amelyet fel kell oldani 3 liter v\u00edzben<\/li>\n<\/ul>\n<\/div>\n<p>Egy z\u00e1r\u00f3kupak 6 L \u00f6nt\u00f6z\u0151v\u00edzhez elegend\u0151.<\/p>\n<p>1 L t\u00e1poldat 300 L \u00f6nt\u00f6z\u0151 v\u00edz k\u00e9sz\u00edt\u00e9s\u00e9hez elegend\u0151.<\/p>\n<div class=\"inner\">\n<p>M\u00e9ret szerint az adagol\u00e1s:<\/p>\n<ul>\n<li>0,5 m magas vagy sz\u00e9les n\u00f6v\u00e9nyek: 0,5 &#8211; 1,0 l oldat,<\/li>\n<li>0,5\u20131 m magass\u00e1g\u00fa vagy sz\u00e9less\u00e9g\u0171 n\u00f6v\u00e9nyek &#8211; 2 liter oldat,<\/li>\n<li>nagyobb n\u00f6v\u00e9nyek &#8211; ennek megfelel\u0151en t\u00f6bb.<\/li>\n<\/ul>\n<p>A n\u00f6v\u00e9nyeket kora tavaszt\u00f3l augusztus v\u00e9g\u00e9ig 2-4 hetente \u00f6nt\u00f6zz\u00fck meg t\u00e1poldattal.<\/p>\n<\/div>\n<\/div>\n<\/div>\n<\/div>\n<\/div>\n<\/div>\n<\/div>\n<\/div>\n<\/div>\n<\/div>\n<\/div>\n<\/div>\n<\/div>\n<\/div>\n<\/div>\n<\/div>\n<\/div>\n<\/div>\n<\/div>\n<\/div>\n<\/div>\n<\/div>\n<div><a href=\"https:\/\/tajkertesz.com\/wp-content\/uploads\/2021\/05\/Agrecol-bizt.adatl_..pdf\">Agrecol bizt.adatl.<\/a><\/div>\n<div>\n<p><strong>\ud83d\udd04 K\u00e9szletinform\u00e1ci\u00f3<\/strong><\/p>\n<p><strong>K\u00e9szlet\u00fcnk napi szinten v\u00e1ltozik, \u00edgy a webshopban szerepl<\/strong><strong>\u0151<\/strong><strong> term\u00e9kek el\u00e9rhet<\/strong><strong>\u0151<\/strong><strong>s\u00e9ge nem garant\u00e1lt.<br \/>\n\ud83d\udcde A megrendel\u00e9s el<\/strong><strong>\u0151<\/strong><strong>tt k\u00e9rj\u00fck, \u00e9rdekl<\/strong><strong>\u0151<\/strong><strong>dj\u00f6n szem\u00e9lyesen, telefonon vagy e-mailben!<\/strong><\/p>\n<p><strong>\u27a1\ufe0f Kapcsolat:<\/strong><\/p>\n<ul>\n<li><strong>Weboldal: <\/strong><a href=\"https:\/\/tajkertesz.com\"><strong>tajkertesz.com<\/strong><\/a><\/li>\n<li><strong>Facebook: <\/strong><a href=\"https:\/\/www.facebook.com\/tajkertesz\/\"><strong>facebook.com\/tajkertesz<\/strong><\/a><\/li>\n<li><strong>Telefonsz\u00e1m, e-mail: +36\/20-319-3770 <\/strong><a href=\"mailto:info@tajkertesz.hu\"><strong>info@tajkertesz.hu<\/strong><\/a><\/li>\n<\/ul>\n<p><strong>\ud83d\ude9a Sz\u00e1ll\u00edt\u00e1si inform\u00e1ci\u00f3k<\/strong><\/p>\n<p><strong>A megrendelt n\u00f6v\u00e9nyek kisz\u00e1ll\u00edt\u00e1sa az al\u00e1bbi felt\u00e9telek mellett t\u00f6rt\u00e9nik:<\/strong><\/p>\n<p><strong>\ud83d\udce6 Fut\u00e1rszolg\u00e1latos sz\u00e1ll\u00edt\u00e1s<\/strong><\/p>\n<ul>\n<li><strong>Maxim\u00e1lis m\u00e9ret: 200 cm (hossz\u00fas\u00e1g)<\/strong><\/li>\n<li><strong>Maxim\u00e1lis s\u00faly: 40 kg<\/strong><\/li>\n<li><strong>Az enn\u00e9l kisebb \u00e9s k\u00f6nnyebb csomagokat fut\u00e1rszolg\u00e1lattal k\u00e9zbes\u00edtj\u00fck a lehet<\/strong><strong>\u0151<\/strong><strong> legbiztons\u00e1gosabb csomagol\u00e1sban.<\/strong><\/li>\n<\/ul>\n<p><strong>\ud83d\udefb Szem\u00e9lyes \u00e1tv\u00e9tel<\/strong><\/p>\n<ul>\n<li><strong>1173 Budapest, Bakancsos utca 7. sz\u00e1m alatt nyitvatart\u00e1si id<\/strong><strong>\u0151<\/strong><strong>ben szem\u00e9lyesen \u00e1tvehet<\/strong><strong>\u0151<\/strong><strong> kert\u00e9szeti \u00e1rud\u00e1nkban.<\/strong><\/li>\n<li><strong>K\u00f6lts\u00e9ghat\u00e9kony megold\u00e1s nagyobb, t\u00f6r\u00e9kenyebb vagy t\u00falm\u00e9retes n\u00f6v\u00e9nyek eset\u00e9n.<\/strong><\/li>\n<\/ul>\n<p><strong>\ud83d\udcde Nagy m\u00e9ret<\/strong><strong>\u0171<\/strong><strong> vagy s\u00faly\u00fa n\u00f6v\u00e9nyek eset\u00e9n<\/strong><\/p>\n<p><strong>Ha a term\u00e9k:<\/strong><\/p>\n<ul>\n<li><strong>meghaladja a 200 cm hossz\u00fas\u00e1got vagy<\/strong><\/li>\n<li><strong>meghaladja a 40 kg s\u00falyt,<\/strong><\/li>\n<\/ul>\n<p><strong>akkor szem\u00e9lyes \u00e1tv\u00e9tellel vagy egyedi, el<\/strong><strong>\u0151<\/strong><strong>re egyeztetett sz\u00e1ll\u00edt\u00e1si felt\u00e9telek mellett t\u00f6rt\u00e9nik.<br \/>\nK\u00e9rj\u00fck, ilyen esetben rendel\u00e9s el<\/strong><strong>\u0151<\/strong><strong>tt vegye fel vel\u00fcnk a kapcsolatot, hogy a lehet<\/strong><strong>\u0151<\/strong><strong> legmegfelel<\/strong><strong>\u0151<\/strong><strong>bb sz\u00e1ll\u00edt\u00e1si megold\u00e1st k\u00edn\u00e1lhassuk.<\/strong><\/p>\n<p>&nbsp;<\/p>\n<\/div>\n<p>&nbsp;<\/p>","protected":false},"excerpt":{"rendered":"<p><strong>Az Agrecol \u00f6r\u00f6kz\u00f6ld g\u00e9l t\u00e1poldat magas \u00e1sv\u00e1nyianyag tartalommal, kifejezetten \u00f6r\u00f6kz\u00f6ld n\u00f6v\u00e9nyek t\u00e1panyag-ut\u00e1np\u00f3tl\u00e1s\u00e1ra aj\u00e1nlott. <\/strong>K\u00f6nnyen old\u00f3dik v\u00edzben.\u00a0 Felhaszn\u00e1lhat\u00f3: feny\u0151f\u00e9l\u00e9k, tiszaf\u00e1k, tujaf\u00e9l\u00e9k, bor\u00f3kaf\u00e9l\u00e9k, fagyalf\u00e9l\u00e9k, rhododendronok, az\u00e1le\u00e1k t\u00e1panyag ut\u00e1np\u00f3tl\u00e1s\u00e1ra. Kertbe vagy cser\u00e9pbe \u00fcltetett \u00f6r\u00f6kz\u00f6ldek t\u00e1panyag-p\u00f3tl\u00e1s\u00e1ra egyar\u00e1nt haszn\u00e1lhat\u00f3. <strong>Hat\u00e1s\u00e1t azonnal kifejti.<\/strong><\/p>","protected":false},"featured_media":4100,"template":"","meta":{"_et_pb_use_builder":"","_et_pb_old_content":"","_et_gb_content_width":""},"product_brand":[],"product_cat":[1417],"product_tag":[537,1447,1440,36],"class_list":{"0":"post-4099","1":"product","2":"type-product","3":"status-publish","4":"has-post-thumbnail","6":"product_cat-agrecol-mutragyak-tulevelu-es-orokzold-novenyekre","7":"product_tag-agrecol","8":"product_tag-fenyo","9":"product_tag-gel","10":"product_tag-tragya","12":"first","13":"instock","14":"shipping-taxable","15":"purchasable","16":"product-type-simple"},"yoast_head":"<!-- This site is optimized with the Yoast SEO plugin v27.4 - https:\/\/yoast.com\/product\/yoast-seo-wordpress\/ -->\n<title>Agrecol \u00f6r\u00f6kz\u00f6ld g\u00e9l t\u00e1poldat 1 L - T\u00e1jkert\u00e9sz<\/title>\n<meta name=\"description\" content=\"Agrecol \u00f6r\u00f6kz\u00f6ld g\u00e9l t\u00e1poldat 1 L Biztos\u00edtja a n\u00f6v\u00e9ny er\u0151teljes, eg\u00e9szs\u00e9ges fejl\u0151d\u00e9s\u00e9hez sz\u00fcks\u00e9ges t\u00e1panyagokat. www.tajkertesz.com\" \/>\n<meta name=\"robots\" content=\"index, follow, max-snippet:-1, max-image-preview:large, max-video-preview:-1\" \/>\n<link rel=\"canonical\" href=\"https:\/\/tajkertesz.com\/en_US\/product\/agrecol-orokzold-gel-tapoldat-1-l\/\" \/>\n<meta property=\"og:locale\" content=\"en_US\" \/>\n<meta property=\"og:type\" content=\"article\" \/>\n<meta property=\"og:title\" content=\"Agrecol \u00f6r\u00f6kz\u00f6ld g\u00e9l t\u00e1poldat 1 L - T\u00e1jkert\u00e9sz\" \/>\n<meta property=\"og:description\" content=\"Agrecol \u00f6r\u00f6kz\u00f6ld g\u00e9l t\u00e1poldat 1 L Biztos\u00edtja a n\u00f6v\u00e9ny er\u0151teljes, eg\u00e9szs\u00e9ges fejl\u0151d\u00e9s\u00e9hez sz\u00fcks\u00e9ges t\u00e1panyagokat. www.tajkertesz.com\" \/>\n<meta property=\"og:url\" content=\"https:\/\/tajkertesz.com\/en_US\/product\/agrecol-orokzold-gel-tapoldat-1-l\/\" \/>\n<meta property=\"og:site_name\" content=\"T\u00e1jkert\u00e9sz\" \/>\n<meta property=\"article:publisher\" content=\"https:\/\/www.facebook.com\/Tajkertesz\/\" \/>\n<meta property=\"article:modified_time\" content=\"2026-01-14T13:15:16+00:00\" \/>\n<meta property=\"og:image\" content=\"https:\/\/tajkertesz.com\/wp-content\/uploads\/2021\/05\/fenyo-gel.png\" \/>\n\t<meta property=\"og:image:width\" content=\"370\" \/>\n\t<meta property=\"og:image:height\" content=\"937\" \/>\n\t<meta property=\"og:image:type\" content=\"image\/png\" \/>\n<meta name=\"twitter:card\" content=\"summary_large_image\" \/>\n<meta name=\"twitter:label1\" content=\"Est. reading time\" \/>\n\t<meta name=\"twitter:data1\" content=\"3 minutes\" \/>\n<script type=\"application\/ld+json\" class=\"yoast-schema-graph\">{\"@context\":\"https:\\\/\\\/schema.org\",\"@graph\":[{\"@type\":\"WebPage\",\"@id\":\"https:\\\/\\\/tajkertesz.com\\\/termek\\\/agrecol-orokzold-gel-tapoldat-1-l\\\/\",\"url\":\"https:\\\/\\\/tajkertesz.com\\\/termek\\\/agrecol-orokzold-gel-tapoldat-1-l\\\/\",\"name\":\"Agrecol \u00f6r\u00f6kz\u00f6ld g\u00e9l t\u00e1poldat 1 L - T\u00e1jkert\u00e9sz\",\"isPartOf\":{\"@id\":\"https:\\\/\\\/tajkertesz.com\\\/#website\"},\"primaryImageOfPage\":{\"@id\":\"https:\\\/\\\/tajkertesz.com\\\/termek\\\/agrecol-orokzold-gel-tapoldat-1-l\\\/#primaryimage\"},\"image\":{\"@id\":\"https:\\\/\\\/tajkertesz.com\\\/termek\\\/agrecol-orokzold-gel-tapoldat-1-l\\\/#primaryimage\"},\"thumbnailUrl\":\"https:\\\/\\\/tajkertesz.com\\\/wp-content\\\/uploads\\\/2021\\\/05\\\/fenyo-gel.png\",\"datePublished\":\"2021-05-05T10:51:05+00:00\",\"dateModified\":\"2026-01-14T13:15:16+00:00\",\"description\":\"Agrecol \u00f6r\u00f6kz\u00f6ld g\u00e9l t\u00e1poldat 1 L Biztos\u00edtja a n\u00f6v\u00e9ny er\u0151teljes, eg\u00e9szs\u00e9ges fejl\u0151d\u00e9s\u00e9hez sz\u00fcks\u00e9ges t\u00e1panyagokat. www.tajkertesz.com\",\"breadcrumb\":{\"@id\":\"https:\\\/\\\/tajkertesz.com\\\/termek\\\/agrecol-orokzold-gel-tapoldat-1-l\\\/#breadcrumb\"},\"inLanguage\":\"en-US\",\"potentialAction\":[{\"@type\":\"ReadAction\",\"target\":[\"https:\\\/\\\/tajkertesz.com\\\/termek\\\/agrecol-orokzold-gel-tapoldat-1-l\\\/\"]}]},{\"@type\":\"ImageObject\",\"inLanguage\":\"en-US\",\"@id\":\"https:\\\/\\\/tajkertesz.com\\\/termek\\\/agrecol-orokzold-gel-tapoldat-1-l\\\/#primaryimage\",\"url\":\"https:\\\/\\\/tajkertesz.com\\\/wp-content\\\/uploads\\\/2021\\\/05\\\/fenyo-gel.png\",\"contentUrl\":\"https:\\\/\\\/tajkertesz.com\\\/wp-content\\\/uploads\\\/2021\\\/05\\\/fenyo-gel.png\",\"width\":370,\"height\":937,\"caption\":\"Agrecol \u00f6r\u00f6kz\u00f6ld g\u00e9l t\u00e1poldat 1 L\"},{\"@type\":\"BreadcrumbList\",\"@id\":\"https:\\\/\\\/tajkertesz.com\\\/termek\\\/agrecol-orokzold-gel-tapoldat-1-l\\\/#breadcrumb\",\"itemListElement\":[{\"@type\":\"ListItem\",\"position\":1,\"name\":\"Home\",\"item\":\"https:\\\/\\\/tajkertesz.com\\\/\"},{\"@type\":\"ListItem\",\"position\":2,\"name\":\"Kezd\u0151lap\",\"item\":\"https:\\\/\\\/tajkertesz.com\\\/\"},{\"@type\":\"ListItem\",\"position\":3,\"name\":\"Agrecol \u00f6r\u00f6kz\u00f6ld g\u00e9l t\u00e1poldat 1 L\"}]},{\"@type\":\"WebSite\",\"@id\":\"https:\\\/\\\/tajkertesz.com\\\/#website\",\"url\":\"https:\\\/\\\/tajkertesz.com\\\/\",\"name\":\"T\u00e1j-Kert\u00e9sz 84 Kft.\",\"description\":\"Kert\u00e9szeti kis- \u00e9s nagykeresked\u00e9s, D\u00edszn\u00f6v\u00e9ny web\u00e1ruh\u00e1z orsz\u00e1gos h\u00e1zhozsz\u00e1ll\u00edt\u00e1ssal!\",\"publisher\":{\"@id\":\"https:\\\/\\\/tajkertesz.com\\\/#organization\"},\"potentialAction\":[{\"@type\":\"SearchAction\",\"target\":{\"@type\":\"EntryPoint\",\"urlTemplate\":\"https:\\\/\\\/tajkertesz.com\\\/?s={search_term_string}\"},\"query-input\":{\"@type\":\"PropertyValueSpecification\",\"valueRequired\":true,\"valueName\":\"search_term_string\"}}],\"inLanguage\":\"en-US\"},{\"@type\":\"Organization\",\"@id\":\"https:\\\/\\\/tajkertesz.com\\\/#organization\",\"name\":\"T\u00e1j-Kert\u00e9sz 84 Kft.\",\"url\":\"https:\\\/\\\/tajkertesz.com\\\/\",\"logo\":{\"@type\":\"ImageObject\",\"inLanguage\":\"en-US\",\"@id\":\"https:\\\/\\\/tajkertesz.com\\\/#\\\/schema\\\/logo\\\/image\\\/\",\"url\":\"https:\\\/\\\/tajkertesz.com\\\/wp-content\\\/uploads\\\/2018\\\/02\\\/logo-2-e1518678052539.png\",\"contentUrl\":\"https:\\\/\\\/tajkertesz.com\\\/wp-content\\\/uploads\\\/2018\\\/02\\\/logo-2-e1518678052539.png\",\"width\":81,\"height\":140,\"caption\":\"T\u00e1j-Kert\u00e9sz 84 Kft.\"},\"image\":{\"@id\":\"https:\\\/\\\/tajkertesz.com\\\/#\\\/schema\\\/logo\\\/image\\\/\"},\"sameAs\":[\"https:\\\/\\\/www.facebook.com\\\/Tajkertesz\\\/\"]}]}<\/script>\n<!-- \/ Yoast SEO plugin. -->","yoast_head_json":{"title":"Agrecol \u00f6r\u00f6kz\u00f6ld g\u00e9l t\u00e1poldat 1 L - T\u00e1jkert\u00e9sz","description":"Agrecol \u00f6r\u00f6kz\u00f6ld g\u00e9l t\u00e1poldat 1 L Biztos\u00edtja a n\u00f6v\u00e9ny er\u0151teljes, eg\u00e9szs\u00e9ges fejl\u0151d\u00e9s\u00e9hez sz\u00fcks\u00e9ges t\u00e1panyagokat. www.tajkertesz.com","robots":{"index":"index","follow":"follow","max-snippet":"max-snippet:-1","max-image-preview":"max-image-preview:large","max-video-preview":"max-video-preview:-1"},"canonical":"https:\/\/tajkertesz.com\/en_US\/product\/agrecol-orokzold-gel-tapoldat-1-l\/","og_locale":"en_US","og_type":"article","og_title":"Agrecol \u00f6r\u00f6kz\u00f6ld g\u00e9l t\u00e1poldat 1 L - T\u00e1jkert\u00e9sz","og_description":"Agrecol \u00f6r\u00f6kz\u00f6ld g\u00e9l t\u00e1poldat 1 L Biztos\u00edtja a n\u00f6v\u00e9ny er\u0151teljes, eg\u00e9szs\u00e9ges fejl\u0151d\u00e9s\u00e9hez sz\u00fcks\u00e9ges t\u00e1panyagokat. www.tajkertesz.com","og_url":"https:\/\/tajkertesz.com\/en_US\/product\/agrecol-orokzold-gel-tapoldat-1-l\/","og_site_name":"T\u00e1jkert\u00e9sz","article_publisher":"https:\/\/www.facebook.com\/Tajkertesz\/","article_modified_time":"2026-01-14T13:15:16+00:00","og_image":[{"width":370,"height":937,"url":"https:\/\/tajkertesz.com\/wp-content\/uploads\/2021\/05\/fenyo-gel.png","type":"image\/png"}],"twitter_card":"summary_large_image","twitter_misc":{"Est. reading time":"3 minutes"},"schema":{"@context":"https:\/\/schema.org","@graph":[{"@type":"WebPage","@id":"https:\/\/tajkertesz.com\/termek\/agrecol-orokzold-gel-tapoldat-1-l\/","url":"https:\/\/tajkertesz.com\/termek\/agrecol-orokzold-gel-tapoldat-1-l\/","name":"Agrecol \u00f6r\u00f6kz\u00f6ld g\u00e9l t\u00e1poldat 1 L - T\u00e1jkert\u00e9sz","isPartOf":{"@id":"https:\/\/tajkertesz.com\/#website"},"primaryImageOfPage":{"@id":"https:\/\/tajkertesz.com\/termek\/agrecol-orokzold-gel-tapoldat-1-l\/#primaryimage"},"image":{"@id":"https:\/\/tajkertesz.com\/termek\/agrecol-orokzold-gel-tapoldat-1-l\/#primaryimage"},"thumbnailUrl":"https:\/\/tajkertesz.com\/wp-content\/uploads\/2021\/05\/fenyo-gel.png","datePublished":"2021-05-05T10:51:05+00:00","dateModified":"2026-01-14T13:15:16+00:00","description":"Agrecol \u00f6r\u00f6kz\u00f6ld g\u00e9l t\u00e1poldat 1 L Biztos\u00edtja a n\u00f6v\u00e9ny er\u0151teljes, eg\u00e9szs\u00e9ges fejl\u0151d\u00e9s\u00e9hez sz\u00fcks\u00e9ges t\u00e1panyagokat. www.tajkertesz.com","breadcrumb":{"@id":"https:\/\/tajkertesz.com\/termek\/agrecol-orokzold-gel-tapoldat-1-l\/#breadcrumb"},"inLanguage":"en-US","potentialAction":[{"@type":"ReadAction","target":["https:\/\/tajkertesz.com\/termek\/agrecol-orokzold-gel-tapoldat-1-l\/"]}]},{"@type":"ImageObject","inLanguage":"en-US","@id":"https:\/\/tajkertesz.com\/termek\/agrecol-orokzold-gel-tapoldat-1-l\/#primaryimage","url":"https:\/\/tajkertesz.com\/wp-content\/uploads\/2021\/05\/fenyo-gel.png","contentUrl":"https:\/\/tajkertesz.com\/wp-content\/uploads\/2021\/05\/fenyo-gel.png","width":370,"height":937,"caption":"Agrecol \u00f6r\u00f6kz\u00f6ld g\u00e9l t\u00e1poldat 1 L"},{"@type":"BreadcrumbList","@id":"https:\/\/tajkertesz.com\/termek\/agrecol-orokzold-gel-tapoldat-1-l\/#breadcrumb","itemListElement":[{"@type":"ListItem","position":1,"name":"Home","item":"https:\/\/tajkertesz.com\/"},{"@type":"ListItem","position":2,"name":"Kezd\u0151lap","item":"https:\/\/tajkertesz.com\/"},{"@type":"ListItem","position":3,"name":"Agrecol \u00f6r\u00f6kz\u00f6ld g\u00e9l t\u00e1poldat 1 L"}]},{"@type":"WebSite","@id":"https:\/\/tajkertesz.com\/#website","url":"https:\/\/tajkertesz.com\/","name":"T\u00e1j-Kert\u00e9sz 84 Kft.","description":"Kert\u00e9szeti kis- \u00e9s nagykeresked\u00e9s, D\u00edszn\u00f6v\u00e9ny web\u00e1ruh\u00e1z orsz\u00e1gos h\u00e1zhozsz\u00e1ll\u00edt\u00e1ssal!","publisher":{"@id":"https:\/\/tajkertesz.com\/#organization"},"potentialAction":[{"@type":"SearchAction","target":{"@type":"EntryPoint","urlTemplate":"https:\/\/tajkertesz.com\/?s={search_term_string}"},"query-input":{"@type":"PropertyValueSpecification","valueRequired":true,"valueName":"search_term_string"}}],"inLanguage":"en-US"},{"@type":"Organization","@id":"https:\/\/tajkertesz.com\/#organization","name":"T\u00e1j-Kert\u00e9sz 84 Kft.","url":"https:\/\/tajkertesz.com\/","logo":{"@type":"ImageObject","inLanguage":"en-US","@id":"https:\/\/tajkertesz.com\/#\/schema\/logo\/image\/","url":"https:\/\/tajkertesz.com\/wp-content\/uploads\/2018\/02\/logo-2-e1518678052539.png","contentUrl":"https:\/\/tajkertesz.com\/wp-content\/uploads\/2018\/02\/logo-2-e1518678052539.png","width":81,"height":140,"caption":"T\u00e1j-Kert\u00e9sz 84 Kft."},"image":{"@id":"https:\/\/tajkertesz.com\/#\/schema\/logo\/image\/"},"sameAs":["https:\/\/www.facebook.com\/Tajkertesz\/"]}]}},"_links":{"self":[{"href":"https:\/\/tajkertesz.com\/en_US\/wp-json\/wp\/v2\/product\/4099","targetHints":{"allow":["GET"]}}],"collection":[{"href":"https:\/\/tajkertesz.com\/en_US\/wp-json\/wp\/v2\/product"}],"about":[{"href":"https:\/\/tajkertesz.com\/en_US\/wp-json\/wp\/v2\/types\/product"}],"wp:featuredmedia":[{"embeddable":true,"href":"https:\/\/tajkertesz.com\/en_US\/wp-json\/wp\/v2\/media\/4100"}],"wp:attachment":[{"href":"https:\/\/tajkertesz.com\/en_US\/wp-json\/wp\/v2\/media?parent=4099"}],"wp:term":[{"taxonomy":"product_brand","embeddable":true,"href":"https:\/\/tajkertesz.com\/en_US\/wp-json\/wp\/v2\/product_brand?post=4099"},{"taxonomy":"product_cat","embeddable":true,"href":"https:\/\/tajkertesz.com\/en_US\/wp-json\/wp\/v2\/product_cat?post=4099"},{"taxonomy":"product_tag","embeddable":true,"href":"https:\/\/tajkertesz.com\/en_US\/wp-json\/wp\/v2\/product_tag?post=4099"}],"curies":[{"name":"wp","href":"https:\/\/api.w.org\/{rel}","templated":true}]}}