{"id":4101,"date":"2021-05-05T11:11:05","date_gmt":"2021-05-05T11:11:05","guid":{"rendered":"https:\/\/tajkertesz.com\/?post_type=product&#038;p=4101"},"modified":"2026-02-26T15:32:18","modified_gmt":"2026-02-26T15:32:18","slug":"agrecol-gel-kaktusz-025-l","status":"publish","type":"product","link":"https:\/\/tajkertesz.com\/en_US\/product\/agrecol-gel-kaktusz-025-l\/","title":{"rendered":"Agrecol g\u00e9l kaktusz 0,25 L"},"content":{"rendered":"<div class=\"artdet__name-rating d-none d-lg-block\">\n<div class=\"row gutters-5\">\n<div class=\"col\">\n<h2 class=\"artdet__name line-clamp--3-12\">Agrecol g\u00e9l kaktusz 0,25 L<\/h2>\n<\/div>\n<\/div>\n<\/div>\n<div id=\"artdet__short-descrition\" class=\"artdet__short-descripton artdet-block border-block\">\n<div class=\"artdet__short-descripton-content text-justify font-s font-sm-m\">\n<ul>\n<li style=\"list-style-type: none;\">\n<ul>\n<li>magas \u00e1sv\u00e1nyianyag tartalommal kaktuszok \u00e9s pozsg\u00e1s n\u00f6v\u00e9nyek sz\u00e1m\u00e1ra.<\/li>\n<li>t\u00f6k\u00e9letesen alkalmas kaktuszok \u00e9s pozsg\u00e1s n\u00f6v\u00e9nyek t\u00e1panyag ut\u00e1np\u00f3tl\u00e1s\u00e1ra.<\/li>\n<\/ul>\n<\/li>\n<\/ul>\n<\/div>\n<\/div>\n<h2>Tartalom<\/h2>\n<p>EK m\u0171tr\u00e1gya<br \/>\nnitrog\u00e9n (N) &#8211; 5%<br \/>\nfoszfor (P\u00a0<sub>2<\/sub>\u00a0O\u00a0<sub>5<\/sub>\u00a0) &#8211; 4%<br \/>\nk\u00e1lium (K\u00a0<sub>2<\/sub>\u00a0O) &#8211; 9%<\/p>\n<p>Mikroelemek:<br \/>\nb\u00f3r (B) 0,02%, r\u00e9z (Cu) * 0,002%, vas (Fe) * 0,02%, mang\u00e1n (Mn) * 0,015%, molibd\u00e9n (Mo) 0,002%, cink (Zn) * 0,015%<br \/>\n* kel\u00e1t EDTA<\/p>\n<div id=\"artdet__short-descrition\" class=\"artdet__short-descripton artdet-block border-block\">\n<div class=\"artdet__short-descripton-content text-justify font-s font-sm-m\">\n<div class=\"description\">\n<div class=\"inner\">\n<div class=\"description\">\n<div class=\"inner\">\n<div class=\"description\">\n<div class=\"inner\">\n<div class=\"description\">\n<div class=\"inner\">\n<div class=\"description\">\n<div class=\"inner\">\n<div class=\"description\">\n<div class=\"inner\">\n<p><b>Az Agrecol kaktusz g\u00e9l t\u00e1poldat magas \u00e1sv\u00e1nyianyag tartalommal <\/b>kifejezetten kaktusz \u00e9s pozsg\u00e1s n\u00f6v\u00e9nyek t\u00e1panyag-ut\u00e1np\u00f3tl\u00e1s\u00e1ra aj\u00e1nlott. Az otthonunkban, cser\u00e9pben nevelt kaktuszoknak \u00e9s pozsg\u00e1soknak is sz\u00fcks\u00e9ge van a rendszeres \u00e1pol\u00e1sra, t\u00e1panyag-ut\u00e1np\u00f3tl\u00e1sra. A kaktuszok kiegyens\u00falyozott fejl\u0151d\u00e9s\u00e9hez elengedhetetlenek \u00a0a mikroelemek, mint pl. a r\u00e9z, magn\u00e9zium,\u00a0 vas, cink.\u00a0 A kaktuszoknak nem aj\u00e1nlott a sok nitrog\u00e9n, mert az t\u00falzott n\u00f6veked\u00e9st okoz, \u00e9s a sejtek fellazul\u00e1sa miatt a k\u00e1rtev\u0151k nagyobb es\u00e9llyel puszt\u00edthatj\u00e1k el a n\u00f6v\u00e9nyt. \u00a0A kaktusz t\u00e1poldat nem helyettes\u00edthet\u0151 az \u00e1ltal\u00e1nos t\u00e1poldattal, mert az ilyen t\u00e1poldatok t\u00f6bb nitrog\u00e9nt tartalmaznak, mint amire a ezeknek a n\u00f6v\u00e9nyeknek sz\u00fcks\u00e9ge van.<\/p>\n<p>A t\u00e1poldat k\u00f6nnyen old\u00f3dik v\u00edzben. Minden kaktusz,\u00a0 pozsg\u00e1s n\u00f6v\u00e9nyn\u00e9l haszn\u00e1lhat\u00f3.<\/p>\n<p>A t\u00e1poldat alacsony nitrog\u00e9n-, magas foszfor- \u00e9s k\u00e1liumtartalma miatt a kaktuszok er\u0151teljesen vir\u00e1goznak, fejl\u0151d\u00e9s\u00fck kiegyens\u00falyozott marad, kond\u00edci\u00f3juk javul.<\/p>\n<p>A kaktusz \u00e9s pozsg\u00e1s n\u00f6v\u00e9nyeket tavaszt\u00f3l \u0151szig k\u00e9thetente, nyugalmi id\u0151szakban havonta egyszer t\u00e1poldatozzuk.<\/p>\n<\/div>\n<\/div>\n<div class=\"description\">\n<div class=\"inner\">\n<h2>Alkalmaz\u00e1si m\u00f3dszer<\/h2>\n<p>A kupak h\u00e1rom adagol\u00e1si szintet mutat, az \u00f6nt\u00f6z\u00e9shez haszn\u00e1lt v\u00edz mennyis\u00e9g\u00e9t\u0151l f\u00fcgg\u0151en:<\/p>\n<ul>\n<li>I. szint &#8211; 7 ml m\u0171tr\u00e1gya adag, amelyet fel kell oldani 3 liter v\u00edzben<\/li>\n<li>II. Szint &#8211; 14 ml m\u0171tr\u00e1gya adag, amelyet fel kell oldani 6 liter v\u00edzben<\/li>\n<li>III. Szint &#8211; 21 ml m\u0171tr\u00e1gya adag, amelyet fel kell oldani 9 liter v\u00edzben<\/li>\n<\/ul>\n<p>Ne l\u00e9pje t\u00fal az aj\u00e1nlott adagot, mert ez k\u00e1ros\u00edthatja vagy elpuszt\u00edthatja a n\u00f6v\u00e9nyt!<\/p>\n<\/div>\n<\/div>\n<\/div>\n<\/div>\n<\/div>\n<\/div>\n<\/div>\n<\/div>\n<\/div>\n<\/div>\n<\/div>\n<\/div>\n<\/div>\n<\/div>\n<div><a href=\"https:\/\/www.facebook.com\/tajkertesz\">https:\/\/www.facebook.com\/tajkertesz<\/a><\/div>\n<div><a href=\"https:\/\/tajkertesz.com\/\">https:\/\/tajkertesz.com\/<\/a><\/div>\n<div><a href=\"https:\/\/tajkertesz.com\/wp-content\/uploads\/2021\/05\/Agrecol-bizt.adatl_..pdf\">Agrecol bizt.adatl.<\/a><\/div>\n<div><\/div>\n<p>&nbsp;<\/p>\n<p><strong>Kiszerel\u00e9s : 0,25 L<\/strong><\/p>","protected":false},"excerpt":{"rendered":"<div class=\"artdet__name-rating d-none d-lg-block\">\n<div class=\"row gutters-5\">\n<div class=\"col\">\n<div class=\"artdet__name-rating d-none d-lg-block\">\n<div class=\"row gutters-5\">\n<div class=\"col\">\n<div class=\"artdet__name-rating d-none d-lg-block\">\n<div class=\"row gutters-5\">\n<div class=\"col\">\n<div class=\"artdet__name-rating d-none d-lg-block\">\n<div class=\"row gutters-5\">\n<div class=\"col\">\n<div class=\"artdet__name-rating d-none d-lg-block\">\n<div class=\"row gutters-5\">\n<div class=\"col\">\n<div class=\"artdet__name-rating d-none d-lg-block\">\n<div class=\"row gutters-5\">\n<div class=\"col\">\n<div class=\"artdet__name-rating d-none d-lg-block\">\n<div class=\"row gutters-5\">\n<div class=\"col\">\n<div class=\"artdet__name-rating d-none d-lg-block\">\n<div class=\"row gutters-5\">\n<div class=\"col\">\n<div class=\"artdet__name-rating d-none d-lg-block\">\n<div class=\"row gutters-5\">\n<div class=\"col\">\n<div class=\"artdet__name-rating d-none d-lg-block\">\n<div class=\"row gutters-5\">\n<div class=\"col\">\n<div class=\"artdet__name-rating d-none d-lg-block\">\n<div class=\"row gutters-5\">\n<div class=\"col\">\n<div id=\"bodyContent\" class=\"mw-body-content\">\n<div id=\"mw-content-text\" class=\"mw-content-ltr\" dir=\"ltr\" lang=\"hu\">\n<div id=\"bodyContent\" class=\"mw-body-content\">\n<div id=\"mw-content-text\" class=\"mw-content-ltr\" dir=\"ltr\" lang=\"hu\">\n<p>&nbsp;<\/p>\n<\/div>\n<\/div>\n<\/div>\n<\/div>\n<h2 class=\"artdet__name line-clamp--3-12\">Agrecol g\u00e9l kaktusz 0,25 L<\/h2>\n<div id=\"bodyContent\" class=\"mw-body-content\">\n<div id=\"mw-content-text\" class=\"mw-content-ltr\" dir=\"ltr\" lang=\"hu\">\n<div id=\"bodyContent\" class=\"mw-body-content\">\n<div id=\"mw-content-text\" class=\"mw-content-ltr\" dir=\"ltr\" lang=\"hu\">\n<p><b>K\u00e9szlet\u00fcnk napi szinten v\u00e1ltozik, ez\u00e9rt k\u00e9rj\u00fck, \u00e9rdekl\u0151dj\u00f6n szem\u00e9lyesen, telefonon vagy email-en.<\/b><\/p>\n<p>Term\u00e9keinket szem\u00e9lyesen is \u00e1tveheti a h\u00e9t minden napj\u00e1n nyitvatart\u00e1si id\u0151ben!<\/p>\n<p>Kisz\u00e1ll\u00edt\u00e1s: 200 cm \u00e9s 40 kg -ig a sz\u00e1ll\u00edt\u00e1s fut\u00e1rszolg\u00e1lattal t\u00f6rt\u00e9nik.<\/p>\n<\/div>\n<\/div>\n<\/div>\n<\/div>\n<p><b>A v\u00e1ltoztat\u00e1s jog\u00e1t fenntartjuk!\u00a0<\/b><\/p>\n<\/div>\n<\/div>\n<\/div>\n<div id=\"artdet__short-descrition\" class=\"artdet__short-descripton artdet-block border-block\">\n<div class=\"artdet__short-descripton-content text-justify font-s font-sm-m\">\n<ul>\n<li style=\"list-style-type: none;\">\n<ul>\n<li>magas \u00e1sv\u00e1nyianyag tartalommal kaktuszok \u00e9s pozsg\u00e1s n\u00f6v\u00e9nyek sz\u00e1m\u00e1ra.<\/li>\n<li>t\u00f6k\u00e9letesen alkalmas kaktuszok \u00e9s pozsg\u00e1s n\u00f6v\u00e9nyek t\u00e1panyag ut\u00e1np\u00f3tl\u00e1s\u00e1ra.<\/li>\n<\/ul>\n<\/li>\n<\/ul>\n<\/div>\n<\/div>\n<\/div>\n<\/div>\n<\/div>\n<\/div>\n<\/div>\n<\/div>\n<\/div>\n<\/div>\n<\/div>\n<\/div>\n<\/div>\n<\/div>\n<\/div>\n<\/div>\n<\/div>\n<\/div>\n<\/div>\n<\/div>\n<\/div>\n<\/div>\n<\/div>\n<\/div>\n<\/div>\n<\/div>\n<\/div>\n<\/div>\n<\/div>\n<\/div>\n<\/div>\n<\/div>","protected":false},"featured_media":4102,"template":"","meta":{"_et_pb_use_builder":"","_et_pb_old_content":"","_et_gb_content_width":""},"product_brand":[],"product_cat":[1420],"product_tag":[537,1440,1448,1449,36],"class_list":{"0":"post-4101","1":"product","2":"type-product","3":"status-publish","4":"has-post-thumbnail","6":"product_cat-agrecol-tapoldatok","7":"product_tag-agrecol","8":"product_tag-gel","9":"product_tag-kaktusz","10":"product_tag-pozsgas","11":"product_tag-tragya","13":"first","14":"instock","15":"shipping-taxable","16":"purchasable","17":"product-type-simple"},"yoast_head":"<!-- This site is optimized with the Yoast SEO plugin v27.5 - https:\/\/yoast.com\/product\/yoast-seo-wordpress\/ -->\n<title>Agrecol g\u00e9l kaktusz 0,25 L - T\u00e1jkert\u00e9sz<\/title>\n<meta name=\"description\" content=\"Agrecol g\u00e9l kaktusz 0,25 L t\u00f6k\u00e9letesen alkalmas kaktuszok \u00e9s pozsg\u00e1s n\u00f6v\u00e9nyek t\u00e1panyag ut\u00e1np\u00f3tl\u00e1s\u00e1ra. Magas \u00e1sv\u00e1nyianyag tartalommal.\" \/>\n<meta name=\"robots\" content=\"index, follow, max-snippet:-1, max-image-preview:large, max-video-preview:-1\" \/>\n<link rel=\"canonical\" href=\"https:\/\/tajkertesz.com\/en_US\/product\/agrecol-gel-kaktusz-025-l\/\" \/>\n<meta property=\"og:locale\" content=\"en_US\" \/>\n<meta property=\"og:type\" content=\"article\" \/>\n<meta property=\"og:title\" content=\"Agrecol g\u00e9l kaktusz 0,25 L - T\u00e1jkert\u00e9sz\" \/>\n<meta property=\"og:description\" content=\"Agrecol g\u00e9l kaktusz 0,25 L t\u00f6k\u00e9letesen alkalmas kaktuszok \u00e9s pozsg\u00e1s n\u00f6v\u00e9nyek t\u00e1panyag ut\u00e1np\u00f3tl\u00e1s\u00e1ra. Magas \u00e1sv\u00e1nyianyag tartalommal.\" \/>\n<meta property=\"og:url\" content=\"https:\/\/tajkertesz.com\/en_US\/product\/agrecol-gel-kaktusz-025-l\/\" \/>\n<meta property=\"og:site_name\" content=\"T\u00e1jkert\u00e9sz\" \/>\n<meta property=\"article:publisher\" content=\"https:\/\/www.facebook.com\/Tajkertesz\/\" \/>\n<meta property=\"article:modified_time\" content=\"2026-02-26T15:32:18+00:00\" \/>\n<meta property=\"og:image\" content=\"https:\/\/tajkertesz.com\/wp-content\/uploads\/2021\/05\/kaktusz-gel.png\" \/>\n\t<meta property=\"og:image:width\" content=\"370\" \/>\n\t<meta property=\"og:image:height\" content=\"897\" \/>\n\t<meta property=\"og:image:type\" content=\"image\/png\" \/>\n<meta name=\"twitter:card\" content=\"summary_large_image\" \/>\n<meta name=\"twitter:label1\" content=\"Est. reading time\" \/>\n\t<meta name=\"twitter:data1\" content=\"2 minutes\" \/>\n<script type=\"application\/ld+json\" class=\"yoast-schema-graph\">{\"@context\":\"https:\\\/\\\/schema.org\",\"@graph\":[{\"@type\":\"WebPage\",\"@id\":\"https:\\\/\\\/tajkertesz.com\\\/termek\\\/agrecol-gel-kaktusz-025-l\\\/\",\"url\":\"https:\\\/\\\/tajkertesz.com\\\/termek\\\/agrecol-gel-kaktusz-025-l\\\/\",\"name\":\"Agrecol g\u00e9l kaktusz 0,25 L - T\u00e1jkert\u00e9sz\",\"isPartOf\":{\"@id\":\"https:\\\/\\\/tajkertesz.com\\\/#website\"},\"primaryImageOfPage\":{\"@id\":\"https:\\\/\\\/tajkertesz.com\\\/termek\\\/agrecol-gel-kaktusz-025-l\\\/#primaryimage\"},\"image\":{\"@id\":\"https:\\\/\\\/tajkertesz.com\\\/termek\\\/agrecol-gel-kaktusz-025-l\\\/#primaryimage\"},\"thumbnailUrl\":\"https:\\\/\\\/tajkertesz.com\\\/wp-content\\\/uploads\\\/2021\\\/05\\\/kaktusz-gel.png\",\"datePublished\":\"2021-05-05T11:11:05+00:00\",\"dateModified\":\"2026-02-26T15:32:18+00:00\",\"description\":\"Agrecol g\u00e9l kaktusz 0,25 L t\u00f6k\u00e9letesen alkalmas kaktuszok \u00e9s pozsg\u00e1s n\u00f6v\u00e9nyek t\u00e1panyag ut\u00e1np\u00f3tl\u00e1s\u00e1ra. Magas \u00e1sv\u00e1nyianyag tartalommal.\",\"breadcrumb\":{\"@id\":\"https:\\\/\\\/tajkertesz.com\\\/termek\\\/agrecol-gel-kaktusz-025-l\\\/#breadcrumb\"},\"inLanguage\":\"en-US\",\"potentialAction\":[{\"@type\":\"ReadAction\",\"target\":[\"https:\\\/\\\/tajkertesz.com\\\/termek\\\/agrecol-gel-kaktusz-025-l\\\/\"]}]},{\"@type\":\"ImageObject\",\"inLanguage\":\"en-US\",\"@id\":\"https:\\\/\\\/tajkertesz.com\\\/termek\\\/agrecol-gel-kaktusz-025-l\\\/#primaryimage\",\"url\":\"https:\\\/\\\/tajkertesz.com\\\/wp-content\\\/uploads\\\/2021\\\/05\\\/kaktusz-gel.png\",\"contentUrl\":\"https:\\\/\\\/tajkertesz.com\\\/wp-content\\\/uploads\\\/2021\\\/05\\\/kaktusz-gel.png\",\"width\":370,\"height\":897},{\"@type\":\"BreadcrumbList\",\"@id\":\"https:\\\/\\\/tajkertesz.com\\\/termek\\\/agrecol-gel-kaktusz-025-l\\\/#breadcrumb\",\"itemListElement\":[{\"@type\":\"ListItem\",\"position\":1,\"name\":\"Home\",\"item\":\"https:\\\/\\\/tajkertesz.com\\\/\"},{\"@type\":\"ListItem\",\"position\":2,\"name\":\"Kezd\u0151lap\",\"item\":\"https:\\\/\\\/tajkertesz.com\\\/\"},{\"@type\":\"ListItem\",\"position\":3,\"name\":\"Agrecol g\u00e9l kaktusz 0,25 L\"}]},{\"@type\":\"WebSite\",\"@id\":\"https:\\\/\\\/tajkertesz.com\\\/#website\",\"url\":\"https:\\\/\\\/tajkertesz.com\\\/\",\"name\":\"T\u00e1j-Kert\u00e9sz 84 Kft.\",\"description\":\"Kert\u00e9szeti kis- \u00e9s nagykeresked\u00e9s, D\u00edszn\u00f6v\u00e9ny web\u00e1ruh\u00e1z orsz\u00e1gos h\u00e1zhozsz\u00e1ll\u00edt\u00e1ssal!\",\"publisher\":{\"@id\":\"https:\\\/\\\/tajkertesz.com\\\/#organization\"},\"potentialAction\":[{\"@type\":\"SearchAction\",\"target\":{\"@type\":\"EntryPoint\",\"urlTemplate\":\"https:\\\/\\\/tajkertesz.com\\\/?s={search_term_string}\"},\"query-input\":{\"@type\":\"PropertyValueSpecification\",\"valueRequired\":true,\"valueName\":\"search_term_string\"}}],\"inLanguage\":\"en-US\"},{\"@type\":\"Organization\",\"@id\":\"https:\\\/\\\/tajkertesz.com\\\/#organization\",\"name\":\"T\u00e1j-Kert\u00e9sz 84 Kft.\",\"url\":\"https:\\\/\\\/tajkertesz.com\\\/\",\"logo\":{\"@type\":\"ImageObject\",\"inLanguage\":\"en-US\",\"@id\":\"https:\\\/\\\/tajkertesz.com\\\/#\\\/schema\\\/logo\\\/image\\\/\",\"url\":\"https:\\\/\\\/tajkertesz.com\\\/wp-content\\\/uploads\\\/2018\\\/02\\\/logo-2-e1518678052539.png\",\"contentUrl\":\"https:\\\/\\\/tajkertesz.com\\\/wp-content\\\/uploads\\\/2018\\\/02\\\/logo-2-e1518678052539.png\",\"width\":81,\"height\":140,\"caption\":\"T\u00e1j-Kert\u00e9sz 84 Kft.\"},\"image\":{\"@id\":\"https:\\\/\\\/tajkertesz.com\\\/#\\\/schema\\\/logo\\\/image\\\/\"},\"sameAs\":[\"https:\\\/\\\/www.facebook.com\\\/Tajkertesz\\\/\"]}]}<\/script>\n<!-- \/ Yoast SEO plugin. -->","yoast_head_json":{"title":"Agrecol g\u00e9l kaktusz 0,25 L - T\u00e1jkert\u00e9sz","description":"Agrecol g\u00e9l kaktusz 0,25 L t\u00f6k\u00e9letesen alkalmas kaktuszok \u00e9s pozsg\u00e1s n\u00f6v\u00e9nyek t\u00e1panyag ut\u00e1np\u00f3tl\u00e1s\u00e1ra. Magas \u00e1sv\u00e1nyianyag tartalommal.","robots":{"index":"index","follow":"follow","max-snippet":"max-snippet:-1","max-image-preview":"max-image-preview:large","max-video-preview":"max-video-preview:-1"},"canonical":"https:\/\/tajkertesz.com\/en_US\/product\/agrecol-gel-kaktusz-025-l\/","og_locale":"en_US","og_type":"article","og_title":"Agrecol g\u00e9l kaktusz 0,25 L - T\u00e1jkert\u00e9sz","og_description":"Agrecol g\u00e9l kaktusz 0,25 L t\u00f6k\u00e9letesen alkalmas kaktuszok \u00e9s pozsg\u00e1s n\u00f6v\u00e9nyek t\u00e1panyag ut\u00e1np\u00f3tl\u00e1s\u00e1ra. Magas \u00e1sv\u00e1nyianyag tartalommal.","og_url":"https:\/\/tajkertesz.com\/en_US\/product\/agrecol-gel-kaktusz-025-l\/","og_site_name":"T\u00e1jkert\u00e9sz","article_publisher":"https:\/\/www.facebook.com\/Tajkertesz\/","article_modified_time":"2026-02-26T15:32:18+00:00","og_image":[{"width":370,"height":897,"url":"https:\/\/tajkertesz.com\/wp-content\/uploads\/2021\/05\/kaktusz-gel.png","type":"image\/png"}],"twitter_card":"summary_large_image","twitter_misc":{"Est. reading time":"2 minutes"},"schema":{"@context":"https:\/\/schema.org","@graph":[{"@type":"WebPage","@id":"https:\/\/tajkertesz.com\/termek\/agrecol-gel-kaktusz-025-l\/","url":"https:\/\/tajkertesz.com\/termek\/agrecol-gel-kaktusz-025-l\/","name":"Agrecol g\u00e9l kaktusz 0,25 L - T\u00e1jkert\u00e9sz","isPartOf":{"@id":"https:\/\/tajkertesz.com\/#website"},"primaryImageOfPage":{"@id":"https:\/\/tajkertesz.com\/termek\/agrecol-gel-kaktusz-025-l\/#primaryimage"},"image":{"@id":"https:\/\/tajkertesz.com\/termek\/agrecol-gel-kaktusz-025-l\/#primaryimage"},"thumbnailUrl":"https:\/\/tajkertesz.com\/wp-content\/uploads\/2021\/05\/kaktusz-gel.png","datePublished":"2021-05-05T11:11:05+00:00","dateModified":"2026-02-26T15:32:18+00:00","description":"Agrecol g\u00e9l kaktusz 0,25 L t\u00f6k\u00e9letesen alkalmas kaktuszok \u00e9s pozsg\u00e1s n\u00f6v\u00e9nyek t\u00e1panyag ut\u00e1np\u00f3tl\u00e1s\u00e1ra. Magas \u00e1sv\u00e1nyianyag tartalommal.","breadcrumb":{"@id":"https:\/\/tajkertesz.com\/termek\/agrecol-gel-kaktusz-025-l\/#breadcrumb"},"inLanguage":"en-US","potentialAction":[{"@type":"ReadAction","target":["https:\/\/tajkertesz.com\/termek\/agrecol-gel-kaktusz-025-l\/"]}]},{"@type":"ImageObject","inLanguage":"en-US","@id":"https:\/\/tajkertesz.com\/termek\/agrecol-gel-kaktusz-025-l\/#primaryimage","url":"https:\/\/tajkertesz.com\/wp-content\/uploads\/2021\/05\/kaktusz-gel.png","contentUrl":"https:\/\/tajkertesz.com\/wp-content\/uploads\/2021\/05\/kaktusz-gel.png","width":370,"height":897},{"@type":"BreadcrumbList","@id":"https:\/\/tajkertesz.com\/termek\/agrecol-gel-kaktusz-025-l\/#breadcrumb","itemListElement":[{"@type":"ListItem","position":1,"name":"Home","item":"https:\/\/tajkertesz.com\/"},{"@type":"ListItem","position":2,"name":"Kezd\u0151lap","item":"https:\/\/tajkertesz.com\/"},{"@type":"ListItem","position":3,"name":"Agrecol g\u00e9l kaktusz 0,25 L"}]},{"@type":"WebSite","@id":"https:\/\/tajkertesz.com\/#website","url":"https:\/\/tajkertesz.com\/","name":"T\u00e1j-Kert\u00e9sz 84 Kft.","description":"Kert\u00e9szeti kis- \u00e9s nagykeresked\u00e9s, D\u00edszn\u00f6v\u00e9ny web\u00e1ruh\u00e1z orsz\u00e1gos h\u00e1zhozsz\u00e1ll\u00edt\u00e1ssal!","publisher":{"@id":"https:\/\/tajkertesz.com\/#organization"},"potentialAction":[{"@type":"SearchAction","target":{"@type":"EntryPoint","urlTemplate":"https:\/\/tajkertesz.com\/?s={search_term_string}"},"query-input":{"@type":"PropertyValueSpecification","valueRequired":true,"valueName":"search_term_string"}}],"inLanguage":"en-US"},{"@type":"Organization","@id":"https:\/\/tajkertesz.com\/#organization","name":"T\u00e1j-Kert\u00e9sz 84 Kft.","url":"https:\/\/tajkertesz.com\/","logo":{"@type":"ImageObject","inLanguage":"en-US","@id":"https:\/\/tajkertesz.com\/#\/schema\/logo\/image\/","url":"https:\/\/tajkertesz.com\/wp-content\/uploads\/2018\/02\/logo-2-e1518678052539.png","contentUrl":"https:\/\/tajkertesz.com\/wp-content\/uploads\/2018\/02\/logo-2-e1518678052539.png","width":81,"height":140,"caption":"T\u00e1j-Kert\u00e9sz 84 Kft."},"image":{"@id":"https:\/\/tajkertesz.com\/#\/schema\/logo\/image\/"},"sameAs":["https:\/\/www.facebook.com\/Tajkertesz\/"]}]}},"_links":{"self":[{"href":"https:\/\/tajkertesz.com\/en_US\/wp-json\/wp\/v2\/product\/4101","targetHints":{"allow":["GET"]}}],"collection":[{"href":"https:\/\/tajkertesz.com\/en_US\/wp-json\/wp\/v2\/product"}],"about":[{"href":"https:\/\/tajkertesz.com\/en_US\/wp-json\/wp\/v2\/types\/product"}],"wp:featuredmedia":[{"embeddable":true,"href":"https:\/\/tajkertesz.com\/en_US\/wp-json\/wp\/v2\/media\/4102"}],"wp:attachment":[{"href":"https:\/\/tajkertesz.com\/en_US\/wp-json\/wp\/v2\/media?parent=4101"}],"wp:term":[{"taxonomy":"product_brand","embeddable":true,"href":"https:\/\/tajkertesz.com\/en_US\/wp-json\/wp\/v2\/product_brand?post=4101"},{"taxonomy":"product_cat","embeddable":true,"href":"https:\/\/tajkertesz.com\/en_US\/wp-json\/wp\/v2\/product_cat?post=4101"},{"taxonomy":"product_tag","embeddable":true,"href":"https:\/\/tajkertesz.com\/en_US\/wp-json\/wp\/v2\/product_tag?post=4101"}],"curies":[{"name":"wp","href":"https:\/\/api.w.org\/{rel}","templated":true}]}}