{"id":4129,"date":"2021-05-06T06:35:10","date_gmt":"2021-05-06T06:35:10","guid":{"rendered":"https:\/\/tajkertesz.com\/?post_type=product&#038;p=4129"},"modified":"2023-04-11T07:05:28","modified_gmt":"2023-04-11T07:05:28","slug":"bradas-perfect-grip-red-vedokesztyu-meret-10","status":"publish","type":"product","link":"https:\/\/tajkertesz.com\/en_US\/product\/bradas-perfect-grip-red-vedokesztyu-meret-10\/","title":{"rendered":"Bradas Perfect grip red v\u00e9d\u0151keszty\u0171 m\u00e9ret 10"},"content":{"rendered":"<h3>Bradas Perfect grip red v\u00e9d\u0151keszty\u0171 m\u00e9ret 10<\/h3>\n<p>&nbsp;<\/p>\n<p>Bradas Perfect grip red v\u00e9d\u0151keszty\u0171 m\u00e9ret 10 latexel bevont v\u00e9d\u0151keszty\u0171 , poli\u00e9szter anyagb\u00f3l amely nagy v\u00e1g\u00e1si \u00e9s szakad\u00e1si ellen\u00e1ll\u00e1ssal rendelkezik. Kiv\u00e1l\u00f3 kert munk\u00e1khoz, szerel\u00e9shez, bark\u00e1csol\u00e1shoz.<\/p>\n<p>&nbsp;<\/p>\n<p><a href=\"https:\/\/tajkertesz.com\/\">https:\/\/tajkertesz.com\/<\/a><\/p>\n<p><a href=\"https:\/\/www.facebook.com\/tajkertesz\">https:\/\/www.facebook.com\/tajkertesz<\/a><\/p>\n<p><span style=\"color: #ffffff;\">A meleg \u00e1gy\u00e1s val\u00f3j\u00e1ban nem m\u00e1s mint egy vastag tr\u00e1gyar\u00e9teg besz\u00f3rva valamennyi f\u00f6lddel. A meleg\u00e1gy tr\u00e1gyakever\u00e9ke att\u00f3l f\u00fcgg milyen id\u0151tartamra k\u00e9ri a meleget a rajta termeszteni k\u00edv\u00e1nt n\u00f6v\u00e9nykult\u00fara. A l\u00f3tr\u00e1gya hirtelen ad sok meleget. Ez\u00e9rt ezt t\u00e9l v\u00e9ge fel\u00e9 alkalmazt\u00e1k. A marhatr\u00e1gya lassan ad kevesebb meleget, de huzamosabb ideig. A l\u00f3 \u00e9s szarvasmarha tr\u00e1gya kever\u00e9k\u00e9t annak megfelel\u0151en kevert\u00e9k be hogy t\u00f6bb meleg kellett hirtelen, vagy kevesebb meleg hosszabb t\u00e1von. Ha kev\u00e9s a szerves tr\u00e1gya a meleg\u00e1gy al\u00e1, akkor p\u00f3tolhat\u00f3 szalm\u00e1val, \u00e9s m\u0171tr\u00e1gy\u00e1val. A meleg\u00e1gy minden esetben fedhet\u0151 az \u00e9jjeli leh\u0171l\u00e9s megakad\u00e1lyoz\u00e1s\u00e1ra.A meleg \u00e1gy\u00e1s val\u00f3j\u00e1ban nem m\u00e1s mint egy vastag tr\u00e1gyar\u00e9teg besz\u00f3rva valamennyi f\u00f6lddel. A meleg\u00e1gy tr\u00e1gyakever\u00e9ke att\u00f3l f\u00fcgg milyen id\u0151tartamra k\u00e9ri a meleget a rajta termeszteni k\u00edv\u00e1nt n\u00f6v\u00e9nykult\u00fara. A l\u00f3tr\u00e1gya hirtelen ad sok meleget. Ez\u00e9rt ezt t\u00e9l v\u00e9ge fel\u00e9 alkalmazt\u00e1k. A marhatr\u00e1gya lassan ad kevesebb meleget, de huzamosabb ideig. A l\u00f3 \u00e9s szarvasmarha tr\u00e1gya kever\u00e9k\u00e9t annak megfelel\u0151en kevert\u00e9k be hogy t\u00f6bb meleg kellett hirtelen, vagy kevesebb meleg hosszabb t\u00e1von. Ha kev\u00e9s a szerves tr\u00e1gya a meleg\u00e1gy al\u00e1, akkor p\u00f3tolhat\u00f3 szalm\u00e1val, \u00e9s m\u0171tr\u00e1gy\u00e1val. A meleg\u00e1gy minden esetben fedhet\u0151 az \u00e9jjeli leh\u0171l\u00e9s megakad\u00e1lyoz\u00e1s\u00e1ra.<\/span><\/p>\n<p>&nbsp;<\/p>\n<p>A keszty\u0171k\u00a0<b>m\u00e9ret\u00e9t<\/b>\u00a0\u00e1ltal\u00e1ban a teny\u00e9r sz\u00e9less\u00e9ge szerint sz\u00e1mozz\u00e1k: a m\u00e9retet az a sz\u00e1m jelenti, ah\u00e1ny centim\u00e9ter sz\u00e9les a teny\u00e9r. Vannak olyan gy\u00e1rt\u00f3k, akik a keszty\u0171kn\u00e9l is az S, M, L, XL, XXL nagys\u00e1gjel\u00f6l\u00e9st alkalmazz\u00e1k.<\/p>\n<p>&nbsp;<\/p>\n<h3>Jelen term\u00e9k\u00fcnk m\u00e9rete: 10-es<\/h3>\n<p><b>K\u00e9szlet\u00fcnk napi szinten v\u00e1ltozik, ez\u00e9rt k\u00e9rj\u00fck, \u00e9rdekl\u0151dj\u00f6n szem\u00e9lyesen, telefonon vagy email-en.<br \/>\nA v\u00e1ltoztat\u00e1s jog\u00e1t fenntartjuk!\u00a0<\/b><\/p>","protected":false},"excerpt":{"rendered":"<h3>Bradas Perfect grip red v\u00e9d\u0151keszty\u0171 m\u00e9ret 10<\/h3>\n<p>&nbsp;<\/p>\n<p>Bradas Perfect grip red v\u00e9d\u0151keszty\u0171 m\u00e9ret 10 latexel bevont v\u00e9d\u0151keszty\u0171 , poli\u00e9szter anyagb\u00f3l amely nagy v\u00e1g\u00e1si \u00e9s szakad\u00e1si ellen\u00e1ll\u00e1ssal rendelkezik. Kiv\u00e1l\u00f3 kert munk\u00e1khoz, szerel\u00e9shez, bark\u00e1csol\u00e1shoz.<\/p>","protected":false},"featured_media":3970,"template":"","meta":{"_et_pb_use_builder":"","_et_pb_old_content":"","_et_gb_content_width":""},"product_brand":[],"product_cat":[1413],"product_tag":[1412,1411,971,1410],"class_list":{"0":"post-4129","1":"product","2":"type-product","3":"status-publish","4":"has-post-thumbnail","6":"product_cat-kesztyuk","7":"product_tag-bradas","8":"product_tag-kertesz","9":"product_tag-kerti","10":"product_tag-kesztyu","12":"first","13":"outofstock","14":"shipping-taxable","15":"product-type-simple"},"yoast_head":"<!-- This site is optimized with the Yoast SEO plugin v27.3 - https:\/\/yoast.com\/product\/yoast-seo-wordpress\/ -->\n<title>Bradas Perfect grip red v\u00e9d\u0151keszty\u0171 m\u00e9ret 10 - T\u00e1jkert\u00e9sz<\/title>\n<meta name=\"description\" content=\"Bradas Perfect grip red v\u00e9d\u0151keszty\u0171 m\u00e9ret 10 latexel bevont v\u00e9d\u0151keszty\u0171 , poli\u00e9szter anyagb\u00f3l amely nagy v\u00e1g\u00e1si \u00e9s szakad\u00e1si ellen\u00e1ll\u00e1ssal rendelkezik.\" \/>\n<meta name=\"robots\" content=\"index, follow, max-snippet:-1, max-image-preview:large, max-video-preview:-1\" \/>\n<link rel=\"canonical\" href=\"https:\/\/tajkertesz.com\/en_US\/product\/bradas-perfect-grip-red-vedokesztyu-meret-10\/\" \/>\n<meta property=\"og:locale\" content=\"en_US\" \/>\n<meta property=\"og:type\" content=\"article\" \/>\n<meta property=\"og:title\" content=\"Bradas Perfect grip red v\u00e9d\u0151keszty\u0171 m\u00e9ret 10 - T\u00e1jkert\u00e9sz\" \/>\n<meta property=\"og:description\" content=\"Bradas Perfect grip red v\u00e9d\u0151keszty\u0171 m\u00e9ret 10 latexel bevont v\u00e9d\u0151keszty\u0171 , poli\u00e9szter anyagb\u00f3l amely nagy v\u00e1g\u00e1si \u00e9s szakad\u00e1si ellen\u00e1ll\u00e1ssal rendelkezik.\" \/>\n<meta property=\"og:url\" content=\"https:\/\/tajkertesz.com\/en_US\/product\/bradas-perfect-grip-red-vedokesztyu-meret-10\/\" \/>\n<meta property=\"og:site_name\" content=\"T\u00e1jkert\u00e9sz\" \/>\n<meta property=\"article:publisher\" content=\"https:\/\/www.facebook.com\/Tajkertesz\/\" \/>\n<meta property=\"article:modified_time\" content=\"2023-04-11T07:05:28+00:00\" \/>\n<meta property=\"og:image\" content=\"https:\/\/tajkertesz.com\/wp-content\/uploads\/2021\/05\/IMG_20210503_134648-cut-adjust-contrast_yue2wimj_1-596x1024.png\" \/>\n\t<meta property=\"og:image:width\" content=\"596\" \/>\n\t<meta property=\"og:image:height\" content=\"1024\" \/>\n\t<meta property=\"og:image:type\" content=\"image\/png\" \/>\n<meta name=\"twitter:card\" content=\"summary_large_image\" \/>\n<meta name=\"twitter:label1\" content=\"Est. reading time\" \/>\n\t<meta name=\"twitter:data1\" content=\"2 minutes\" \/>\n<script type=\"application\/ld+json\" class=\"yoast-schema-graph\">{\"@context\":\"https:\\\/\\\/schema.org\",\"@graph\":[{\"@type\":\"WebPage\",\"@id\":\"https:\\\/\\\/tajkertesz.com\\\/termek\\\/bradas-perfect-grip-red-vedokesztyu-meret-10\\\/\",\"url\":\"https:\\\/\\\/tajkertesz.com\\\/termek\\\/bradas-perfect-grip-red-vedokesztyu-meret-10\\\/\",\"name\":\"Bradas Perfect grip red v\u00e9d\u0151keszty\u0171 m\u00e9ret 10 - T\u00e1jkert\u00e9sz\",\"isPartOf\":{\"@id\":\"https:\\\/\\\/tajkertesz.com\\\/#website\"},\"primaryImageOfPage\":{\"@id\":\"https:\\\/\\\/tajkertesz.com\\\/termek\\\/bradas-perfect-grip-red-vedokesztyu-meret-10\\\/#primaryimage\"},\"image\":{\"@id\":\"https:\\\/\\\/tajkertesz.com\\\/termek\\\/bradas-perfect-grip-red-vedokesztyu-meret-10\\\/#primaryimage\"},\"thumbnailUrl\":\"https:\\\/\\\/tajkertesz.com\\\/wp-content\\\/uploads\\\/2021\\\/05\\\/IMG_20210503_134648-cut-adjust-contrast_yue2wimj_1.png\",\"datePublished\":\"2021-05-06T06:35:10+00:00\",\"dateModified\":\"2023-04-11T07:05:28+00:00\",\"description\":\"Bradas Perfect grip red v\u00e9d\u0151keszty\u0171 m\u00e9ret 10 latexel bevont v\u00e9d\u0151keszty\u0171 , poli\u00e9szter anyagb\u00f3l amely nagy v\u00e1g\u00e1si \u00e9s szakad\u00e1si ellen\u00e1ll\u00e1ssal rendelkezik.\",\"breadcrumb\":{\"@id\":\"https:\\\/\\\/tajkertesz.com\\\/termek\\\/bradas-perfect-grip-red-vedokesztyu-meret-10\\\/#breadcrumb\"},\"inLanguage\":\"en-US\",\"potentialAction\":[{\"@type\":\"ReadAction\",\"target\":[\"https:\\\/\\\/tajkertesz.com\\\/termek\\\/bradas-perfect-grip-red-vedokesztyu-meret-10\\\/\"]}]},{\"@type\":\"ImageObject\",\"inLanguage\":\"en-US\",\"@id\":\"https:\\\/\\\/tajkertesz.com\\\/termek\\\/bradas-perfect-grip-red-vedokesztyu-meret-10\\\/#primaryimage\",\"url\":\"https:\\\/\\\/tajkertesz.com\\\/wp-content\\\/uploads\\\/2021\\\/05\\\/IMG_20210503_134648-cut-adjust-contrast_yue2wimj_1.png\",\"contentUrl\":\"https:\\\/\\\/tajkertesz.com\\\/wp-content\\\/uploads\\\/2021\\\/05\\\/IMG_20210503_134648-cut-adjust-contrast_yue2wimj_1.png\",\"width\":2147,\"height\":3690},{\"@type\":\"BreadcrumbList\",\"@id\":\"https:\\\/\\\/tajkertesz.com\\\/termek\\\/bradas-perfect-grip-red-vedokesztyu-meret-10\\\/#breadcrumb\",\"itemListElement\":[{\"@type\":\"ListItem\",\"position\":1,\"name\":\"Home\",\"item\":\"https:\\\/\\\/tajkertesz.com\\\/\"},{\"@type\":\"ListItem\",\"position\":2,\"name\":\"Kezd\u0151lap\",\"item\":\"https:\\\/\\\/tajkertesz.com\\\/\"},{\"@type\":\"ListItem\",\"position\":3,\"name\":\"Bradas Perfect grip red v\u00e9d\u0151keszty\u0171 m\u00e9ret 10\"}]},{\"@type\":\"WebSite\",\"@id\":\"https:\\\/\\\/tajkertesz.com\\\/#website\",\"url\":\"https:\\\/\\\/tajkertesz.com\\\/\",\"name\":\"T\u00e1j-Kert\u00e9sz 84 Kft.\",\"description\":\"Kert\u00e9szeti kis- \u00e9s nagykeresked\u00e9s, D\u00edszn\u00f6v\u00e9ny web\u00e1ruh\u00e1z orsz\u00e1gos h\u00e1zhozsz\u00e1ll\u00edt\u00e1ssal!\",\"publisher\":{\"@id\":\"https:\\\/\\\/tajkertesz.com\\\/#organization\"},\"potentialAction\":[{\"@type\":\"SearchAction\",\"target\":{\"@type\":\"EntryPoint\",\"urlTemplate\":\"https:\\\/\\\/tajkertesz.com\\\/?s={search_term_string}\"},\"query-input\":{\"@type\":\"PropertyValueSpecification\",\"valueRequired\":true,\"valueName\":\"search_term_string\"}}],\"inLanguage\":\"en-US\"},{\"@type\":\"Organization\",\"@id\":\"https:\\\/\\\/tajkertesz.com\\\/#organization\",\"name\":\"T\u00e1j-Kert\u00e9sz 84 Kft.\",\"url\":\"https:\\\/\\\/tajkertesz.com\\\/\",\"logo\":{\"@type\":\"ImageObject\",\"inLanguage\":\"en-US\",\"@id\":\"https:\\\/\\\/tajkertesz.com\\\/#\\\/schema\\\/logo\\\/image\\\/\",\"url\":\"https:\\\/\\\/tajkertesz.com\\\/wp-content\\\/uploads\\\/2018\\\/02\\\/logo-2-e1518678052539.png\",\"contentUrl\":\"https:\\\/\\\/tajkertesz.com\\\/wp-content\\\/uploads\\\/2018\\\/02\\\/logo-2-e1518678052539.png\",\"width\":81,\"height\":140,\"caption\":\"T\u00e1j-Kert\u00e9sz 84 Kft.\"},\"image\":{\"@id\":\"https:\\\/\\\/tajkertesz.com\\\/#\\\/schema\\\/logo\\\/image\\\/\"},\"sameAs\":[\"https:\\\/\\\/www.facebook.com\\\/Tajkertesz\\\/\"]}]}<\/script>\n<!-- \/ Yoast SEO plugin. -->","yoast_head_json":{"title":"Bradas Perfect grip red v\u00e9d\u0151keszty\u0171 m\u00e9ret 10 - T\u00e1jkert\u00e9sz","description":"Bradas Perfect grip red v\u00e9d\u0151keszty\u0171 m\u00e9ret 10 latexel bevont v\u00e9d\u0151keszty\u0171 , poli\u00e9szter anyagb\u00f3l amely nagy v\u00e1g\u00e1si \u00e9s szakad\u00e1si ellen\u00e1ll\u00e1ssal rendelkezik.","robots":{"index":"index","follow":"follow","max-snippet":"max-snippet:-1","max-image-preview":"max-image-preview:large","max-video-preview":"max-video-preview:-1"},"canonical":"https:\/\/tajkertesz.com\/en_US\/product\/bradas-perfect-grip-red-vedokesztyu-meret-10\/","og_locale":"en_US","og_type":"article","og_title":"Bradas Perfect grip red v\u00e9d\u0151keszty\u0171 m\u00e9ret 10 - T\u00e1jkert\u00e9sz","og_description":"Bradas Perfect grip red v\u00e9d\u0151keszty\u0171 m\u00e9ret 10 latexel bevont v\u00e9d\u0151keszty\u0171 , poli\u00e9szter anyagb\u00f3l amely nagy v\u00e1g\u00e1si \u00e9s szakad\u00e1si ellen\u00e1ll\u00e1ssal rendelkezik.","og_url":"https:\/\/tajkertesz.com\/en_US\/product\/bradas-perfect-grip-red-vedokesztyu-meret-10\/","og_site_name":"T\u00e1jkert\u00e9sz","article_publisher":"https:\/\/www.facebook.com\/Tajkertesz\/","article_modified_time":"2023-04-11T07:05:28+00:00","og_image":[{"width":596,"height":1024,"url":"https:\/\/tajkertesz.com\/wp-content\/uploads\/2021\/05\/IMG_20210503_134648-cut-adjust-contrast_yue2wimj_1-596x1024.png","type":"image\/png"}],"twitter_card":"summary_large_image","twitter_misc":{"Est. reading time":"2 minutes"},"schema":{"@context":"https:\/\/schema.org","@graph":[{"@type":"WebPage","@id":"https:\/\/tajkertesz.com\/termek\/bradas-perfect-grip-red-vedokesztyu-meret-10\/","url":"https:\/\/tajkertesz.com\/termek\/bradas-perfect-grip-red-vedokesztyu-meret-10\/","name":"Bradas Perfect grip red v\u00e9d\u0151keszty\u0171 m\u00e9ret 10 - T\u00e1jkert\u00e9sz","isPartOf":{"@id":"https:\/\/tajkertesz.com\/#website"},"primaryImageOfPage":{"@id":"https:\/\/tajkertesz.com\/termek\/bradas-perfect-grip-red-vedokesztyu-meret-10\/#primaryimage"},"image":{"@id":"https:\/\/tajkertesz.com\/termek\/bradas-perfect-grip-red-vedokesztyu-meret-10\/#primaryimage"},"thumbnailUrl":"https:\/\/tajkertesz.com\/wp-content\/uploads\/2021\/05\/IMG_20210503_134648-cut-adjust-contrast_yue2wimj_1.png","datePublished":"2021-05-06T06:35:10+00:00","dateModified":"2023-04-11T07:05:28+00:00","description":"Bradas Perfect grip red v\u00e9d\u0151keszty\u0171 m\u00e9ret 10 latexel bevont v\u00e9d\u0151keszty\u0171 , poli\u00e9szter anyagb\u00f3l amely nagy v\u00e1g\u00e1si \u00e9s szakad\u00e1si ellen\u00e1ll\u00e1ssal rendelkezik.","breadcrumb":{"@id":"https:\/\/tajkertesz.com\/termek\/bradas-perfect-grip-red-vedokesztyu-meret-10\/#breadcrumb"},"inLanguage":"en-US","potentialAction":[{"@type":"ReadAction","target":["https:\/\/tajkertesz.com\/termek\/bradas-perfect-grip-red-vedokesztyu-meret-10\/"]}]},{"@type":"ImageObject","inLanguage":"en-US","@id":"https:\/\/tajkertesz.com\/termek\/bradas-perfect-grip-red-vedokesztyu-meret-10\/#primaryimage","url":"https:\/\/tajkertesz.com\/wp-content\/uploads\/2021\/05\/IMG_20210503_134648-cut-adjust-contrast_yue2wimj_1.png","contentUrl":"https:\/\/tajkertesz.com\/wp-content\/uploads\/2021\/05\/IMG_20210503_134648-cut-adjust-contrast_yue2wimj_1.png","width":2147,"height":3690},{"@type":"BreadcrumbList","@id":"https:\/\/tajkertesz.com\/termek\/bradas-perfect-grip-red-vedokesztyu-meret-10\/#breadcrumb","itemListElement":[{"@type":"ListItem","position":1,"name":"Home","item":"https:\/\/tajkertesz.com\/"},{"@type":"ListItem","position":2,"name":"Kezd\u0151lap","item":"https:\/\/tajkertesz.com\/"},{"@type":"ListItem","position":3,"name":"Bradas Perfect grip red v\u00e9d\u0151keszty\u0171 m\u00e9ret 10"}]},{"@type":"WebSite","@id":"https:\/\/tajkertesz.com\/#website","url":"https:\/\/tajkertesz.com\/","name":"T\u00e1j-Kert\u00e9sz 84 Kft.","description":"Kert\u00e9szeti kis- \u00e9s nagykeresked\u00e9s, D\u00edszn\u00f6v\u00e9ny web\u00e1ruh\u00e1z orsz\u00e1gos h\u00e1zhozsz\u00e1ll\u00edt\u00e1ssal!","publisher":{"@id":"https:\/\/tajkertesz.com\/#organization"},"potentialAction":[{"@type":"SearchAction","target":{"@type":"EntryPoint","urlTemplate":"https:\/\/tajkertesz.com\/?s={search_term_string}"},"query-input":{"@type":"PropertyValueSpecification","valueRequired":true,"valueName":"search_term_string"}}],"inLanguage":"en-US"},{"@type":"Organization","@id":"https:\/\/tajkertesz.com\/#organization","name":"T\u00e1j-Kert\u00e9sz 84 Kft.","url":"https:\/\/tajkertesz.com\/","logo":{"@type":"ImageObject","inLanguage":"en-US","@id":"https:\/\/tajkertesz.com\/#\/schema\/logo\/image\/","url":"https:\/\/tajkertesz.com\/wp-content\/uploads\/2018\/02\/logo-2-e1518678052539.png","contentUrl":"https:\/\/tajkertesz.com\/wp-content\/uploads\/2018\/02\/logo-2-e1518678052539.png","width":81,"height":140,"caption":"T\u00e1j-Kert\u00e9sz 84 Kft."},"image":{"@id":"https:\/\/tajkertesz.com\/#\/schema\/logo\/image\/"},"sameAs":["https:\/\/www.facebook.com\/Tajkertesz\/"]}]}},"_links":{"self":[{"href":"https:\/\/tajkertesz.com\/en_US\/wp-json\/wp\/v2\/product\/4129","targetHints":{"allow":["GET"]}}],"collection":[{"href":"https:\/\/tajkertesz.com\/en_US\/wp-json\/wp\/v2\/product"}],"about":[{"href":"https:\/\/tajkertesz.com\/en_US\/wp-json\/wp\/v2\/types\/product"}],"wp:featuredmedia":[{"embeddable":true,"href":"https:\/\/tajkertesz.com\/en_US\/wp-json\/wp\/v2\/media\/3970"}],"wp:attachment":[{"href":"https:\/\/tajkertesz.com\/en_US\/wp-json\/wp\/v2\/media?parent=4129"}],"wp:term":[{"taxonomy":"product_brand","embeddable":true,"href":"https:\/\/tajkertesz.com\/en_US\/wp-json\/wp\/v2\/product_brand?post=4129"},{"taxonomy":"product_cat","embeddable":true,"href":"https:\/\/tajkertesz.com\/en_US\/wp-json\/wp\/v2\/product_cat?post=4129"},{"taxonomy":"product_tag","embeddable":true,"href":"https:\/\/tajkertesz.com\/en_US\/wp-json\/wp\/v2\/product_tag?post=4129"}],"curies":[{"name":"wp","href":"https:\/\/api.w.org\/{rel}","templated":true}]}}