{"id":4173,"date":"2025-05-06T08:26:20","date_gmt":"2025-05-06T08:26:20","guid":{"rendered":"https:\/\/tajkertesz.com\/?post_type=product&#038;p=4173"},"modified":"2026-02-19T10:32:28","modified_gmt":"2026-02-19T10:32:28","slug":"florimo-altalanos-viragfold-50-l","status":"publish","type":"product","link":"https:\/\/tajkertesz.com\/en_US\/product\/florimo-altalanos-viragfold-50-l\/","title":{"rendered":"Florimo \u00e1ltal\u00e1nos vir\u00e1gf\u00f6ld 50 L"},"content":{"rendered":"<h1>Florimo \u00e1ltal\u00e1nos vir\u00e1gf\u00f6ld 50 L<\/h1>\n<p data-start=\"40\" data-end=\"405\">A Florimo \u00e1ltal\u00e1nos vir\u00e1gf\u00f6ld 50 liter egy kiv\u00e1l\u00f3 min\u0151s\u00e9g\u0171, magyar gy\u00e1rt\u00e1s\u00fa \u00fcltet\u0151k\u00f6zeg, amely ide\u00e1lis v\u00e1laszt\u00e1s a legt\u00f6bb d\u00edszn\u00f6v\u00e9ny sz\u00e1m\u00e1ra. Legyen sz\u00f3 cserepes n\u00f6v\u00e9nyekr\u0151l, balkonl\u00e1d\u00e1s \u00fcltetv\u00e9nyekr\u0151l vagy d\u00edszkerti f\u00e1k \u00e9s cserj\u00e9k \u00fcltet\u00e9s\u00e9r\u0151l, ez a vir\u00e1gf\u00f6ld biztos\u00edtja a megfelel\u0151 t\u00e1panyagell\u00e1totts\u00e1got \u00e9s leveg\u0151h\u00e1ztart\u00e1st a n\u00f6v\u00e9nyek eg\u00e9szs\u00e9ges fejl\u0151d\u00e9s\u00e9hez.<\/p>\n<ul>\n<li data-start=\"439\" data-end=\"492\">\n<p data-start=\"441\" data-end=\"492\"><strong data-start=\"441\" data-end=\"453\">pH-\u00e9rt\u00e9k<\/strong>: <span class=\"relative -mx-px my-[-0.2rem] rounded px-px py-[0.2rem] transition-colors duration-100 ease-in-out\">6,53 \u00b1 0,5 \u2013 enyh\u00e9n savany\u00fa, ami sz\u00e9lesk\u00f6r\u0171 n\u00f6v\u00e9nyek sz\u00e1m\u00e1ra megfelel\u0151.<\/span><\/p>\n<\/li>\n<li data-start=\"493\" data-end=\"771\">\n<p data-start=\"495\" data-end=\"511\"><strong data-start=\"495\" data-end=\"510\">Alapanyagok<\/strong>:<\/p>\n<ul data-start=\"514\" data-end=\"771\">\n<li data-start=\"514\" data-end=\"553\">\n<p data-start=\"516\" data-end=\"553\"><span class=\"relative -mx-px my-[-0.2rem] rounded px-px py-[0.2rem] transition-colors duration-100 ease-in-out\">Sphagnum moha t\u0151zeg<\/span><\/p>\n<\/li>\n<li data-start=\"556\" data-end=\"595\">\n<p data-start=\"558\" data-end=\"595\"><span class=\"relative -mx-px my-[-0.2rem] rounded px-px py-[0.2rem] transition-colors duration-100 ease-in-out\">S\u00edkl\u00e1p t\u0151zeg<\/span><\/p>\n<\/li>\n<li data-start=\"598\" data-end=\"639\">\n<p data-start=\"600\" data-end=\"639\"><span class=\"relative -mx-px my-[-0.2rem] rounded px-px py-[0.2rem] transition-colors duration-100 ease-in-out\">Komposzt\u00e1lt marhatr\u00e1gya<\/span><\/p>\n<\/li>\n<li data-start=\"642\" data-end=\"683\">\n<p data-start=\"644\" data-end=\"683\"><span class=\"relative -mx-px my-[-0.2rem] rounded px-px py-[0.2rem] transition-colors duration-100 ease-in-out\">Biohumusz<\/span><\/p>\n<\/li>\n<li data-start=\"686\" data-end=\"727\">\n<p data-start=\"688\" data-end=\"727\"><span class=\"relative -mx-px my-[-0.2rem] rounded px-px py-[0.2rem] transition-colors duration-100 ease-in-out\">Agyag<\/span><\/p>\n<\/li>\n<li data-start=\"730\" data-end=\"771\">\n<p data-start=\"732\" data-end=\"771\"><span class=\"relative -mx-px my-[-0.2rem] rounded px-px py-[0.2rem] transition-colors duration-100 ease-in-out\">M\u0171tr\u00e1gya kever\u00e9k<\/span><\/p>\n<\/li>\n<\/ul>\n<\/li>\n<li data-start=\"772\" data-end=\"831\">\n<p data-start=\"774\" data-end=\"831\"><strong data-start=\"774\" data-end=\"790\">Felhaszn\u00e1l\u00e1s<\/strong>: <span class=\"relative -mx-px my-[-0.2rem] rounded px-px py-[0.2rem] transition-colors duration-100 ease-in-out\">Cserepes \u00e9s balkon n\u00f6v\u00e9nyek, d\u00edszkerti f\u00e1k, bokrok, cserj\u00e9k, stb. termeszt\u0151 k\u00f6zegek\u00e9nt.<\/span><\/p>\n<\/li>\n<li data-start=\"832\" data-end=\"928\">\n<p data-start=\"834\" data-end=\"928\"><strong data-start=\"834\" data-end=\"848\">Kiszerel\u00e9s<\/strong>: <span class=\"relative -mx-px my-[-0.2rem] rounded px-px py-[0.2rem] transition-colors duration-100 ease-in-out\">50 liter\u00a0<\/span><\/p>\n<\/li>\n<li data-start=\"832\" data-end=\"928\">\n<p data-start=\"834\" data-end=\"928\"><strong>S\u00faly:<\/strong> Kb. 15-20kg.<\/p>\n<\/li>\n<li data-start=\"984\" data-end=\"1058\">\n<p data-start=\"986\" data-end=\"1058\"><strong data-start=\"986\" data-end=\"1017\">Magas szervesanyag-tartalom<\/strong>: <span class=\"relative -mx-px my-[-0.2rem] rounded px-px py-[0.2rem] transition-colors duration-100 ease-in-out\">Seg\u00edti a t\u00e1panyagok felsz\u00edv\u00f3d\u00e1s\u00e1t \u00e9s el\u0151seg\u00edti a n\u00f6v\u00e9nyek eg\u00e9szs\u00e9ges n\u00f6veked\u00e9s\u00e9t.<\/span><\/p>\n<\/li>\n<li data-start=\"1059\" data-end=\"1132\">\n<p data-start=\"1061\" data-end=\"1132\"><strong data-start=\"1061\" data-end=\"1091\">J\u00f3 v\u00edz- \u00e9s leveg\u0151h\u00e1ztart\u00e1s<\/strong>: <span class=\"relative -mx-px my-[-0.2rem] rounded px-px py-[0.2rem] transition-colors duration-100 ease-in-out\">A megfelel\u0151 szerkezet biztos\u00edtja a gy\u00f6kerek sz\u00e1m\u00e1ra sz\u00fcks\u00e9ges oxig\u00e9nell\u00e1totts\u00e1got \u00e9s v\u00edzelvezet\u00e9st.<\/span><\/p>\n<\/li>\n<li data-start=\"1133\" data-end=\"1206\">\n<p data-start=\"1135\" data-end=\"1206\"><strong data-start=\"1135\" data-end=\"1165\">Sz\u00e9lesk\u00f6r\u0171 alkalmazhat\u00f3s\u00e1g<\/strong>: <span class=\"relative -mx-px my-[-0.2rem] rounded px-px py-[0.2rem] transition-colors duration-100 ease-in-out\">Szinte minden n\u00f6v\u00e9nyhez alkalmas, kiv\u00e9ve a nagyon savany\u00fa talajt ig\u00e9nyl\u0151ket.<\/span><\/p>\n<\/li>\n<li data-start=\"1207\" data-end=\"1312\">\n<p data-start=\"1209\" data-end=\"1312\"><strong data-start=\"1209\" data-end=\"1232\">K\u00f6rnyezettudatoss\u00e1g<\/strong>: <span class=\"relative -mx-px my-[-0.2rem] rounded px-px py-[0.2rem] transition-colors duration-100 ease-in-out\">A term\u00e9kek fenntarthat\u00f3 m\u00f3don k\u00e9sz\u00fclnek, \u00e9s a gy\u00e1rt\u00e1s sor\u00e1n figyelembe veszik a k\u00f6rnyezetv\u00e9delmi szempontokat.<\/span><\/p>\n<\/li>\n<\/ul>\n<p>&nbsp;<\/p>\n<h4><span style=\"color: #ff0000;\">Sz\u00e1ll\u00edt\u00e1s fut\u00e1rszolg\u00e1lattal 200 cm-ig, \u00e9s 40 kg-ig lehets\u00e9ges. E felett szem\u00e9lyes \u00e1tv\u00e9tellel vagy egyeztetett sz\u00e1ll\u00edt\u00e1si felt\u00e9tellel lehet.<\/span><\/h4>\n<p><b>K\u00e9szlet\u00fcnk napi szinten v\u00e1ltozik, ez\u00e9rt k\u00e9rj\u00fck, \u00e9rdekl\u0151dj\u00f6n szem\u00e9lyesen, telefonon vagy email-en.<br \/>\nA v\u00e1ltoztat\u00e1s jog\u00e1t fenntartjuk!<\/b><b>\u00a0<\/b><\/p>\n<p><a href=\"https:\/\/tajkertesz.com\/\">https:\/\/tajkertesz.com\/<\/a><\/p>\n<p><a href=\"https:\/\/www.facebook.com\/tajkertesz\/\">https:\/\/www.facebook.com\/tajkertesz\/<\/a><\/p>\n<p>Kisz\u00e1ll\u00edt\u00e1s: 200cm-ig \u00e9s 40 kg-ig a sz\u00e1ll\u00edt\u00e1s fut\u00e1rszolg\u00e1lattal t\u00f6rt\u00e9nik.<\/p>\n<p>Szem\u00e9lyes \u00e1tv\u00e9tel nyitvatart\u00e1si id\u0151ben a 17. ker\u00fclet Bakancsos utca 7. sz\u00e1m alatti Kert\u00e9szeti \u00e1rud\u00e1nkban.<\/p>\n<p>Kert\u00e9p\u00edt\u0151k \u00e9s viszontelad\u00f3k regisztr\u00e1l\u00e1s ut\u00e1n egyedi kedvezm\u00e9nnyel v\u00e1s\u00e1rolhatnak kert\u00e9szeti kis-\u00e9s nagykeresked\u00e9s\u00fcnkben.<\/p>\n<p><strong>Az \u00e1rak egy darab term\u00e9kre vonatkoznak.<\/strong><\/p>\n<p><strong>J\u00f3 tudni!<\/strong><\/p>\n<p>K\u00e9pek-elt\u00e9r\u00e9sek:<\/p>\n<p>A n\u00f6v\u00e9nyekr\u0151l felt\u00f6lt\u00f6tt k\u00e9pek illusztr\u00e1ci\u00f3k. N\u00f6v\u00e9nyekn\u00e9l el\u0151fordulhatnak minim\u00e1lis elt\u00e9r\u00e9sek a k\u00e9peken szerepl\u0151 n\u00f6v\u00e9nyek \u00e9s az \u00e1tvett n\u00f6v\u00e9nyek k\u00f6z\u00f6tt, mivel minden n\u00f6v\u00e9ny egyedi.<\/p>\n<h4>N\u00f6v\u00e9nyek sz\u00e1ll\u00edt\u00e1sa:<\/h4>\n<p>A megrendelt n\u00f6v\u00e9nyeket igyeksz\u00fcnk a lehet\u0151 legbiztons\u00e1gosabban egyes\u00e9vel csomagolni, azonban a sz\u00e1ll\u00edt\u00e1s sor\u00e1n m\u00e9g ennek ellen\u00e9re is\u00a0bek\u00f6vetkezhetnek apr\u00f3bb s\u00e9r\u00fcl\u00e9sek (lev\u00e9l- vagy vir\u00e1ghull\u00e1s).<br \/>\nN\u00f6v\u00e9ny rendel\u00e9s eset\u00e9n k\u00e9rj\u00fck a k\u00e9zbes\u00edt\u00e9st k\u00f6vet\u0151en a lehet\u0151 leghamarabb bonts\u00e1k ki a csomagot.<\/p>\n<p>Abban az esetben, ha a megrendelt n\u00f6v\u00e9ny\u00a0a sz\u00e1ll\u00edt\u00e1st k\u00f6vet\u0151en\u00a0nem megfelel\u0151 gondoz\u00e1sban r\u00e9szes\u00fcl \u00e9s ebb\u0151l kifoly\u00f3lag\u00a0k\u00e1rosodik,\u00a0elpusztul, felel\u0151ss\u00e9get sajnos nem tudunk v\u00e1llalni.<\/p>\n<p>V\u00e1s\u00e1rl\u00e1st\u00f3l val\u00f3 el\u00e1ll\u00e1s \u00e9l\u0151 n\u00f6v\u00e9ny v\u00e1s\u00e1rl\u00e1sa eset\u00e9n:<\/p>\n<p>Az \u00e1ltal\u00e1nos 14 napos el\u00e1ll\u00e1s lehet\u0151s\u00e9ge \u00e9l\u0151 n\u00f6v\u00e9nyekre nem vonatkozik. V\u00e1s\u00e1rl\u00e1st\u00f3l val\u00f3 el\u00e1ll\u00e1sra, visszak\u00fcld\u00e9sre nincs lehet\u0151s\u00e9g.\u00a0(17\/1999. (II. 5.) Korm. rendelet 5c pontja)<\/p>\n<p><strong>K\u00e9rj\u00fck fentiek figyelembev\u00e9tel\u00e9t n\u00f6v\u00e9ny rendel\u00e9se sor\u00e1n!<\/strong><\/p>\n","protected":false},"excerpt":{"rendered":"<h4><span style=\"color: #ff0000;\">Sz\u00e1ll\u00edt\u00e1s fut\u00e1rszolg\u00e1lattal 200 cm-ig, \u00e9s 40 kg-ig lehets\u00e9ges. E felett szem\u00e9lyes \u00e1tv\u00e9tellel vagy egyeztetett sz\u00e1ll\u00edt\u00e1si felt\u00e9tellel lehet.<\/span><\/h4>\n<p>&nbsp;<\/p>","protected":false},"featured_media":23564,"template":"","meta":{"_et_pb_use_builder":"","_et_pb_old_content":"","_et_gb_content_width":""},"product_brand":[],"product_cat":[4129],"product_tag":[5814,1459,1461,1460],"class_list":{"0":"post-4173","1":"product","2":"type-product","3":"status-publish","4":"has-post-thumbnail","6":"product_cat-florimo-viragfoldek","7":"product_tag-altalanos-viragfold","8":"product_tag-florimo","9":"product_tag-fold","10":"product_tag-viragfold","12":"first","13":"instock","14":"shipping-taxable","15":"purchasable","16":"product-type-simple"},"yoast_head":"<!-- This site is optimized with the Yoast SEO plugin v27.3 - https:\/\/yoast.com\/product\/yoast-seo-wordpress\/ -->\n<title>Florimo \u00e1ltal\u00e1nos vir\u00e1gf\u00f6ld 50 L - T\u00e1jkert\u00e9sz<\/title>\n<meta name=\"description\" content=\"Florimo \u00e1ltal\u00e1nos vir\u00e1gf\u00f6ld 50 L Laza szerkezet\u0171, barna sz\u00edn\u0171, idegen szagt\u00f3l mentes termeszt\u0151 k\u00f6zeg. Az \u00e1ltal\u00e1nos vir\u00e1gf\u00f6ld t\u00e1panyag\" \/>\n<meta name=\"robots\" content=\"index, follow, max-snippet:-1, max-image-preview:large, max-video-preview:-1\" \/>\n<link rel=\"canonical\" href=\"https:\/\/tajkertesz.com\/en_US\/product\/florimo-altalanos-viragfold-50-l\/\" \/>\n<meta property=\"og:locale\" content=\"en_US\" \/>\n<meta property=\"og:type\" content=\"article\" \/>\n<meta property=\"og:title\" content=\"Florimo \u00e1ltal\u00e1nos vir\u00e1gf\u00f6ld 50 L - T\u00e1jkert\u00e9sz\" \/>\n<meta property=\"og:description\" content=\"Florimo \u00e1ltal\u00e1nos vir\u00e1gf\u00f6ld 50 L Laza szerkezet\u0171, barna sz\u00edn\u0171, idegen szagt\u00f3l mentes termeszt\u0151 k\u00f6zeg. Az \u00e1ltal\u00e1nos vir\u00e1gf\u00f6ld t\u00e1panyag\" \/>\n<meta property=\"og:url\" content=\"https:\/\/tajkertesz.com\/en_US\/product\/florimo-altalanos-viragfold-50-l\/\" \/>\n<meta property=\"og:site_name\" content=\"T\u00e1jkert\u00e9sz\" \/>\n<meta property=\"article:publisher\" content=\"https:\/\/www.facebook.com\/Tajkertesz\/\" \/>\n<meta property=\"article:modified_time\" content=\"2026-02-19T10:32:28+00:00\" \/>\n<meta property=\"og:image\" content=\"https:\/\/tajkertesz.com\/wp-content\/uploads\/2021\/05\/Florimo-altalanos-viragfold-50L-661x1024.png\" \/>\n\t<meta property=\"og:image:width\" content=\"661\" \/>\n\t<meta property=\"og:image:height\" content=\"1024\" \/>\n\t<meta property=\"og:image:type\" content=\"image\/png\" \/>\n<meta name=\"twitter:card\" content=\"summary_large_image\" \/>\n<meta name=\"twitter:label1\" content=\"Est. reading time\" \/>\n\t<meta name=\"twitter:data1\" content=\"3 minutes\" \/>\n<script type=\"application\/ld+json\" class=\"yoast-schema-graph\">{\"@context\":\"https:\\\/\\\/schema.org\",\"@graph\":[{\"@type\":\"WebPage\",\"@id\":\"https:\\\/\\\/tajkertesz.com\\\/termek\\\/florimo-altalanos-viragfold-50-l\\\/\",\"url\":\"https:\\\/\\\/tajkertesz.com\\\/termek\\\/florimo-altalanos-viragfold-50-l\\\/\",\"name\":\"Florimo \u00e1ltal\u00e1nos vir\u00e1gf\u00f6ld 50 L - T\u00e1jkert\u00e9sz\",\"isPartOf\":{\"@id\":\"https:\\\/\\\/tajkertesz.com\\\/#website\"},\"primaryImageOfPage\":{\"@id\":\"https:\\\/\\\/tajkertesz.com\\\/termek\\\/florimo-altalanos-viragfold-50-l\\\/#primaryimage\"},\"image\":{\"@id\":\"https:\\\/\\\/tajkertesz.com\\\/termek\\\/florimo-altalanos-viragfold-50-l\\\/#primaryimage\"},\"thumbnailUrl\":\"https:\\\/\\\/tajkertesz.com\\\/wp-content\\\/uploads\\\/2021\\\/05\\\/Florimo-altalanos-viragfold-50L.png\",\"datePublished\":\"2025-05-06T08:26:20+00:00\",\"dateModified\":\"2026-02-19T10:32:28+00:00\",\"description\":\"Florimo \u00e1ltal\u00e1nos vir\u00e1gf\u00f6ld 50 L Laza szerkezet\u0171, barna sz\u00edn\u0171, idegen szagt\u00f3l mentes termeszt\u0151 k\u00f6zeg. Az \u00e1ltal\u00e1nos vir\u00e1gf\u00f6ld t\u00e1panyag\",\"breadcrumb\":{\"@id\":\"https:\\\/\\\/tajkertesz.com\\\/termek\\\/florimo-altalanos-viragfold-50-l\\\/#breadcrumb\"},\"inLanguage\":\"en-US\",\"potentialAction\":[{\"@type\":\"ReadAction\",\"target\":[\"https:\\\/\\\/tajkertesz.com\\\/termek\\\/florimo-altalanos-viragfold-50-l\\\/\"]}]},{\"@type\":\"ImageObject\",\"inLanguage\":\"en-US\",\"@id\":\"https:\\\/\\\/tajkertesz.com\\\/termek\\\/florimo-altalanos-viragfold-50-l\\\/#primaryimage\",\"url\":\"https:\\\/\\\/tajkertesz.com\\\/wp-content\\\/uploads\\\/2021\\\/05\\\/Florimo-altalanos-viragfold-50L.png\",\"contentUrl\":\"https:\\\/\\\/tajkertesz.com\\\/wp-content\\\/uploads\\\/2021\\\/05\\\/Florimo-altalanos-viragfold-50L.png\",\"width\":1600,\"height\":2477,\"caption\":\"Florimo \u00e1ltal\u00e1nos vir\u00e1gf\u00f6ld 50 L\"},{\"@type\":\"BreadcrumbList\",\"@id\":\"https:\\\/\\\/tajkertesz.com\\\/termek\\\/florimo-altalanos-viragfold-50-l\\\/#breadcrumb\",\"itemListElement\":[{\"@type\":\"ListItem\",\"position\":1,\"name\":\"Home\",\"item\":\"https:\\\/\\\/tajkertesz.com\\\/\"},{\"@type\":\"ListItem\",\"position\":2,\"name\":\"Kezd\u0151lap\",\"item\":\"https:\\\/\\\/tajkertesz.com\\\/\"},{\"@type\":\"ListItem\",\"position\":3,\"name\":\"Florimo \u00e1ltal\u00e1nos vir\u00e1gf\u00f6ld 50 L\"}]},{\"@type\":\"WebSite\",\"@id\":\"https:\\\/\\\/tajkertesz.com\\\/#website\",\"url\":\"https:\\\/\\\/tajkertesz.com\\\/\",\"name\":\"T\u00e1j-Kert\u00e9sz 84 Kft.\",\"description\":\"Kert\u00e9szeti kis- \u00e9s nagykeresked\u00e9s, D\u00edszn\u00f6v\u00e9ny web\u00e1ruh\u00e1z orsz\u00e1gos h\u00e1zhozsz\u00e1ll\u00edt\u00e1ssal!\",\"publisher\":{\"@id\":\"https:\\\/\\\/tajkertesz.com\\\/#organization\"},\"potentialAction\":[{\"@type\":\"SearchAction\",\"target\":{\"@type\":\"EntryPoint\",\"urlTemplate\":\"https:\\\/\\\/tajkertesz.com\\\/?s={search_term_string}\"},\"query-input\":{\"@type\":\"PropertyValueSpecification\",\"valueRequired\":true,\"valueName\":\"search_term_string\"}}],\"inLanguage\":\"en-US\"},{\"@type\":\"Organization\",\"@id\":\"https:\\\/\\\/tajkertesz.com\\\/#organization\",\"name\":\"T\u00e1j-Kert\u00e9sz 84 Kft.\",\"url\":\"https:\\\/\\\/tajkertesz.com\\\/\",\"logo\":{\"@type\":\"ImageObject\",\"inLanguage\":\"en-US\",\"@id\":\"https:\\\/\\\/tajkertesz.com\\\/#\\\/schema\\\/logo\\\/image\\\/\",\"url\":\"https:\\\/\\\/tajkertesz.com\\\/wp-content\\\/uploads\\\/2018\\\/02\\\/logo-2-e1518678052539.png\",\"contentUrl\":\"https:\\\/\\\/tajkertesz.com\\\/wp-content\\\/uploads\\\/2018\\\/02\\\/logo-2-e1518678052539.png\",\"width\":81,\"height\":140,\"caption\":\"T\u00e1j-Kert\u00e9sz 84 Kft.\"},\"image\":{\"@id\":\"https:\\\/\\\/tajkertesz.com\\\/#\\\/schema\\\/logo\\\/image\\\/\"},\"sameAs\":[\"https:\\\/\\\/www.facebook.com\\\/Tajkertesz\\\/\"]}]}<\/script>\n<!-- \/ Yoast SEO plugin. -->","yoast_head_json":{"title":"Florimo \u00e1ltal\u00e1nos vir\u00e1gf\u00f6ld 50 L - T\u00e1jkert\u00e9sz","description":"Florimo \u00e1ltal\u00e1nos vir\u00e1gf\u00f6ld 50 L Laza szerkezet\u0171, barna sz\u00edn\u0171, idegen szagt\u00f3l mentes termeszt\u0151 k\u00f6zeg. Az \u00e1ltal\u00e1nos vir\u00e1gf\u00f6ld t\u00e1panyag","robots":{"index":"index","follow":"follow","max-snippet":"max-snippet:-1","max-image-preview":"max-image-preview:large","max-video-preview":"max-video-preview:-1"},"canonical":"https:\/\/tajkertesz.com\/en_US\/product\/florimo-altalanos-viragfold-50-l\/","og_locale":"en_US","og_type":"article","og_title":"Florimo \u00e1ltal\u00e1nos vir\u00e1gf\u00f6ld 50 L - T\u00e1jkert\u00e9sz","og_description":"Florimo \u00e1ltal\u00e1nos vir\u00e1gf\u00f6ld 50 L Laza szerkezet\u0171, barna sz\u00edn\u0171, idegen szagt\u00f3l mentes termeszt\u0151 k\u00f6zeg. Az \u00e1ltal\u00e1nos vir\u00e1gf\u00f6ld t\u00e1panyag","og_url":"https:\/\/tajkertesz.com\/en_US\/product\/florimo-altalanos-viragfold-50-l\/","og_site_name":"T\u00e1jkert\u00e9sz","article_publisher":"https:\/\/www.facebook.com\/Tajkertesz\/","article_modified_time":"2026-02-19T10:32:28+00:00","og_image":[{"width":661,"height":1024,"url":"https:\/\/tajkertesz.com\/wp-content\/uploads\/2021\/05\/Florimo-altalanos-viragfold-50L-661x1024.png","type":"image\/png"}],"twitter_card":"summary_large_image","twitter_misc":{"Est. reading time":"3 minutes"},"schema":{"@context":"https:\/\/schema.org","@graph":[{"@type":"WebPage","@id":"https:\/\/tajkertesz.com\/termek\/florimo-altalanos-viragfold-50-l\/","url":"https:\/\/tajkertesz.com\/termek\/florimo-altalanos-viragfold-50-l\/","name":"Florimo \u00e1ltal\u00e1nos vir\u00e1gf\u00f6ld 50 L - T\u00e1jkert\u00e9sz","isPartOf":{"@id":"https:\/\/tajkertesz.com\/#website"},"primaryImageOfPage":{"@id":"https:\/\/tajkertesz.com\/termek\/florimo-altalanos-viragfold-50-l\/#primaryimage"},"image":{"@id":"https:\/\/tajkertesz.com\/termek\/florimo-altalanos-viragfold-50-l\/#primaryimage"},"thumbnailUrl":"https:\/\/tajkertesz.com\/wp-content\/uploads\/2021\/05\/Florimo-altalanos-viragfold-50L.png","datePublished":"2025-05-06T08:26:20+00:00","dateModified":"2026-02-19T10:32:28+00:00","description":"Florimo \u00e1ltal\u00e1nos vir\u00e1gf\u00f6ld 50 L Laza szerkezet\u0171, barna sz\u00edn\u0171, idegen szagt\u00f3l mentes termeszt\u0151 k\u00f6zeg. Az \u00e1ltal\u00e1nos vir\u00e1gf\u00f6ld t\u00e1panyag","breadcrumb":{"@id":"https:\/\/tajkertesz.com\/termek\/florimo-altalanos-viragfold-50-l\/#breadcrumb"},"inLanguage":"en-US","potentialAction":[{"@type":"ReadAction","target":["https:\/\/tajkertesz.com\/termek\/florimo-altalanos-viragfold-50-l\/"]}]},{"@type":"ImageObject","inLanguage":"en-US","@id":"https:\/\/tajkertesz.com\/termek\/florimo-altalanos-viragfold-50-l\/#primaryimage","url":"https:\/\/tajkertesz.com\/wp-content\/uploads\/2021\/05\/Florimo-altalanos-viragfold-50L.png","contentUrl":"https:\/\/tajkertesz.com\/wp-content\/uploads\/2021\/05\/Florimo-altalanos-viragfold-50L.png","width":1600,"height":2477,"caption":"Florimo \u00e1ltal\u00e1nos vir\u00e1gf\u00f6ld 50 L"},{"@type":"BreadcrumbList","@id":"https:\/\/tajkertesz.com\/termek\/florimo-altalanos-viragfold-50-l\/#breadcrumb","itemListElement":[{"@type":"ListItem","position":1,"name":"Home","item":"https:\/\/tajkertesz.com\/"},{"@type":"ListItem","position":2,"name":"Kezd\u0151lap","item":"https:\/\/tajkertesz.com\/"},{"@type":"ListItem","position":3,"name":"Florimo \u00e1ltal\u00e1nos vir\u00e1gf\u00f6ld 50 L"}]},{"@type":"WebSite","@id":"https:\/\/tajkertesz.com\/#website","url":"https:\/\/tajkertesz.com\/","name":"T\u00e1j-Kert\u00e9sz 84 Kft.","description":"Kert\u00e9szeti kis- \u00e9s nagykeresked\u00e9s, D\u00edszn\u00f6v\u00e9ny web\u00e1ruh\u00e1z orsz\u00e1gos h\u00e1zhozsz\u00e1ll\u00edt\u00e1ssal!","publisher":{"@id":"https:\/\/tajkertesz.com\/#organization"},"potentialAction":[{"@type":"SearchAction","target":{"@type":"EntryPoint","urlTemplate":"https:\/\/tajkertesz.com\/?s={search_term_string}"},"query-input":{"@type":"PropertyValueSpecification","valueRequired":true,"valueName":"search_term_string"}}],"inLanguage":"en-US"},{"@type":"Organization","@id":"https:\/\/tajkertesz.com\/#organization","name":"T\u00e1j-Kert\u00e9sz 84 Kft.","url":"https:\/\/tajkertesz.com\/","logo":{"@type":"ImageObject","inLanguage":"en-US","@id":"https:\/\/tajkertesz.com\/#\/schema\/logo\/image\/","url":"https:\/\/tajkertesz.com\/wp-content\/uploads\/2018\/02\/logo-2-e1518678052539.png","contentUrl":"https:\/\/tajkertesz.com\/wp-content\/uploads\/2018\/02\/logo-2-e1518678052539.png","width":81,"height":140,"caption":"T\u00e1j-Kert\u00e9sz 84 Kft."},"image":{"@id":"https:\/\/tajkertesz.com\/#\/schema\/logo\/image\/"},"sameAs":["https:\/\/www.facebook.com\/Tajkertesz\/"]}]}},"_links":{"self":[{"href":"https:\/\/tajkertesz.com\/en_US\/wp-json\/wp\/v2\/product\/4173","targetHints":{"allow":["GET"]}}],"collection":[{"href":"https:\/\/tajkertesz.com\/en_US\/wp-json\/wp\/v2\/product"}],"about":[{"href":"https:\/\/tajkertesz.com\/en_US\/wp-json\/wp\/v2\/types\/product"}],"wp:featuredmedia":[{"embeddable":true,"href":"https:\/\/tajkertesz.com\/en_US\/wp-json\/wp\/v2\/media\/23564"}],"wp:attachment":[{"href":"https:\/\/tajkertesz.com\/en_US\/wp-json\/wp\/v2\/media?parent=4173"}],"wp:term":[{"taxonomy":"product_brand","embeddable":true,"href":"https:\/\/tajkertesz.com\/en_US\/wp-json\/wp\/v2\/product_brand?post=4173"},{"taxonomy":"product_cat","embeddable":true,"href":"https:\/\/tajkertesz.com\/en_US\/wp-json\/wp\/v2\/product_cat?post=4173"},{"taxonomy":"product_tag","embeddable":true,"href":"https:\/\/tajkertesz.com\/en_US\/wp-json\/wp\/v2\/product_tag?post=4173"}],"curies":[{"name":"wp","href":"https:\/\/api.w.org\/{rel}","templated":true}]}}