{"id":4197,"date":"2021-05-06T09:41:02","date_gmt":"2021-05-06T09:41:02","guid":{"rendered":"https:\/\/tajkertesz.com\/?post_type=product&#038;p=4197"},"modified":"2026-02-19T10:44:26","modified_gmt":"2026-02-19T10:44:26","slug":"florimo-rhododendron-es-azalea-viragfold-20-l","status":"publish","type":"product","link":"https:\/\/tajkertesz.com\/en_US\/product\/florimo-rhododendron-es-azalea-viragfold-20-l\/","title":{"rendered":"Florimo Rhododendron \u00e9s Az\u00e1lea vir\u00e1gf\u00f6ld 20 L"},"content":{"rendered":"<h3>Florimo Rhododendron \u00e9s Az\u00e1lea vir\u00e1gf\u00f6ld 20 L<\/h3>\n<p>&nbsp;<\/p>\n<p class=\"elementor-heading-title elementor-size-default\">Florimo Rhododendron \u00e9s Az\u00e1lea vir\u00e1gf\u00f6ld 20 L Barna sz\u00edn\u0171, laza szerkezet\u0171 termeszt\u0151k\u00f6zeg.<\/p>\n<div class=\"elementor-element elementor-element-35ed0af1 elementor-widget elementor-widget-heading\" data-id=\"35ed0af1\" data-element_type=\"widget\" data-widget_type=\"heading.default\">\n<div class=\"elementor-widget-container\">\n<p class=\"elementor-heading-title elementor-size-default\"><b>Kiszerel\u00e9s:<\/b> 20 liter<\/p>\n<p>S\u00falya kb:6 KG<\/p>\n<\/div>\n<\/div>\n<div class=\"elementor-element elementor-element-4e7f5d5e elementor-share-buttons--view-icon-text elementor-share-buttons--skin-gradient elementor-share-buttons--shape-square elementor-grid-0 elementor-share-buttons--color-official elementor-widget elementor-widget-global elementor-global-1650 elementor-widget-share-buttons\" data-id=\"4e7f5d5e\" data-element_type=\"widget\" data-widget_type=\"share-buttons.default\">\n<div class=\"elementor-widget-container\">\n<div class=\"elementor-grid\">\n<div class=\"elementor-grid-item\">\n<div class=\"elementor-share-btn elementor-share-btn_facebook\">\n<h3 class=\"elementor-image-box-title\">Felhaszn\u00e1l\u00e1s<\/h3>\n<p class=\"elementor-image-box-description\">Rhododendron, Azalea, Erica, Calluna, Hortenzia \u00e9s m\u00e1s er\u0151sen savany\u00fa talajt ig\u00e9nyl\u0151 vir\u00e1gok \u00e9s n\u00f6v\u00e9nyfajt\u00e1k sz\u00e1m\u00e1ra \u00f6n\u00e1ll\u00f3 termeszt\u0151k\u00f6zegk\u00e9nt.<\/p>\n<\/div>\n<\/div>\n<\/div>\n<\/div>\n<\/div>\n<h3 class=\"elementor-image-box-title\">Alapanyagok<\/h3>\n<p class=\"elementor-image-box-description\">Sphagnum moha t\u0151zeg, s\u00e1volyi t\u0151zeg, agyag, m\u0171tr\u00e1gya kever\u00e9k<\/p>\n<p>&nbsp;<\/p>\n<p><a href=\"https:\/\/tajkertesz.com\/\">https:\/\/tajkertesz.com\/<\/a><\/p>\n<p><a href=\"https:\/\/www.facebook.com\/tajkertesz\">https:\/\/www.facebook.com\/tajkertesz<\/a><\/p>\n<p><b>K\u00e9szlet\u00fcnk napi szinten v\u00e1ltozik, ez\u00e9rt k\u00e9rj\u00fck, \u00e9rdekl\u0151dj\u00f6n szem\u00e9lyesen, telefonon vagy email-en.<br \/>\nA v\u00e1ltoztat\u00e1s jog\u00e1t fenntartjuk!\u00a0<\/b><\/p>\n<p>Sz\u00e1ll\u00edt\u00e1s fut\u00e1rszolg\u00e1lattal 200 cm-is, \u00e9s 40 kg-ig lehets\u00e9ges. E felett szem\u00e9lyes \u00e1tv\u00e9tellel vagy egyeztetett sz\u00e1ll\u00edt\u00e1si felt\u00e9tellel lehet.<\/p>\n<p>Term\u00e9k m\u00e9rete: 20 L<\/p>\n<p><span style=\"color: #ffffff;\">A<\/span><\/p>","protected":false},"excerpt":{"rendered":"<h3 class=\"elementor-heading-title elementor-size-default\">Florimo Rhododendron \u00e9s Az\u00e1lea vir\u00e1gf\u00f6ld 20 L<\/h3>\n<p class=\"elementor-heading-title elementor-size-default\">Barna sz\u00edn\u0171, laza szerkezet\u0171 termeszt\u0151k\u00f6zeg<\/p>","protected":false},"featured_media":4198,"template":"","meta":{"_et_pb_use_builder":"","_et_pb_old_content":"","_et_gb_content_width":""},"product_brand":[],"product_cat":[4129],"product_tag":[1321,1459,1461,971,1331],"class_list":{"0":"post-4197","1":"product","2":"type-product","3":"status-publish","4":"has-post-thumbnail","6":"product_cat-florimo-viragfoldek","7":"product_tag-azalea","8":"product_tag-florimo","9":"product_tag-fold","10":"product_tag-kerti","11":"product_tag-rhododendron","13":"first","14":"instock","15":"shipping-taxable","16":"purchasable","17":"product-type-simple"},"yoast_head":"<!-- This site is optimized with the Yoast SEO plugin v27.3 - https:\/\/yoast.com\/product\/yoast-seo-wordpress\/ -->\n<title>Florimo Rhododendron \u00e9s Az\u00e1lea vir\u00e1gf\u00f6ld 20 L - T\u00e1jkert\u00e9sz<\/title>\n<meta name=\"description\" content=\"Florimo Rhododendron \u00e9s Az\u00e1lea vir\u00e1gf\u00f6ld 20 L Barna sz\u00edn\u0171, laza szerkezet\u0171 termeszt\u0151k\u00f6zeg\" \/>\n<meta name=\"robots\" content=\"index, follow, max-snippet:-1, max-image-preview:large, max-video-preview:-1\" \/>\n<link rel=\"canonical\" href=\"https:\/\/tajkertesz.com\/en_US\/product\/florimo-rhododendron-es-azalea-viragfold-20-l\/\" \/>\n<meta property=\"og:locale\" content=\"en_US\" \/>\n<meta property=\"og:type\" content=\"article\" \/>\n<meta property=\"og:title\" content=\"Florimo Rhododendron \u00e9s Az\u00e1lea vir\u00e1gf\u00f6ld 20 L - T\u00e1jkert\u00e9sz\" \/>\n<meta property=\"og:description\" content=\"Florimo Rhododendron \u00e9s Az\u00e1lea vir\u00e1gf\u00f6ld 20 L Barna sz\u00edn\u0171, laza szerkezet\u0171 termeszt\u0151k\u00f6zeg\" \/>\n<meta property=\"og:url\" content=\"https:\/\/tajkertesz.com\/en_US\/product\/florimo-rhododendron-es-azalea-viragfold-20-l\/\" \/>\n<meta property=\"og:site_name\" content=\"T\u00e1jkert\u00e9sz\" \/>\n<meta property=\"article:publisher\" content=\"https:\/\/www.facebook.com\/Tajkertesz\/\" \/>\n<meta property=\"article:modified_time\" content=\"2026-02-19T10:44:26+00:00\" \/>\n<meta property=\"og:image\" content=\"https:\/\/tajkertesz.com\/wp-content\/uploads\/2021\/05\/rhododendron_es_azalea_viragfold.png\" \/>\n\t<meta property=\"og:image:width\" content=\"600\" \/>\n\t<meta property=\"og:image:height\" content=\"800\" \/>\n\t<meta property=\"og:image:type\" content=\"image\/png\" \/>\n<meta name=\"twitter:card\" content=\"summary_large_image\" \/>\n<meta name=\"twitter:label1\" content=\"Est. reading time\" \/>\n\t<meta name=\"twitter:data1\" content=\"1 minute\" \/>\n<script type=\"application\/ld+json\" class=\"yoast-schema-graph\">{\"@context\":\"https:\\\/\\\/schema.org\",\"@graph\":[{\"@type\":\"WebPage\",\"@id\":\"https:\\\/\\\/tajkertesz.com\\\/termek\\\/florimo-rhododendron-es-azalea-viragfold-20-l\\\/\",\"url\":\"https:\\\/\\\/tajkertesz.com\\\/termek\\\/florimo-rhododendron-es-azalea-viragfold-20-l\\\/\",\"name\":\"Florimo Rhododendron \u00e9s Az\u00e1lea vir\u00e1gf\u00f6ld 20 L - T\u00e1jkert\u00e9sz\",\"isPartOf\":{\"@id\":\"https:\\\/\\\/tajkertesz.com\\\/#website\"},\"primaryImageOfPage\":{\"@id\":\"https:\\\/\\\/tajkertesz.com\\\/termek\\\/florimo-rhododendron-es-azalea-viragfold-20-l\\\/#primaryimage\"},\"image\":{\"@id\":\"https:\\\/\\\/tajkertesz.com\\\/termek\\\/florimo-rhododendron-es-azalea-viragfold-20-l\\\/#primaryimage\"},\"thumbnailUrl\":\"https:\\\/\\\/tajkertesz.com\\\/wp-content\\\/uploads\\\/2021\\\/05\\\/rhododendron_es_azalea_viragfold.png\",\"datePublished\":\"2021-05-06T09:41:02+00:00\",\"dateModified\":\"2026-02-19T10:44:26+00:00\",\"description\":\"Florimo Rhododendron \u00e9s Az\u00e1lea vir\u00e1gf\u00f6ld 20 L Barna sz\u00edn\u0171, laza szerkezet\u0171 termeszt\u0151k\u00f6zeg\",\"breadcrumb\":{\"@id\":\"https:\\\/\\\/tajkertesz.com\\\/termek\\\/florimo-rhododendron-es-azalea-viragfold-20-l\\\/#breadcrumb\"},\"inLanguage\":\"en-US\",\"potentialAction\":[{\"@type\":\"ReadAction\",\"target\":[\"https:\\\/\\\/tajkertesz.com\\\/termek\\\/florimo-rhododendron-es-azalea-viragfold-20-l\\\/\"]}]},{\"@type\":\"ImageObject\",\"inLanguage\":\"en-US\",\"@id\":\"https:\\\/\\\/tajkertesz.com\\\/termek\\\/florimo-rhododendron-es-azalea-viragfold-20-l\\\/#primaryimage\",\"url\":\"https:\\\/\\\/tajkertesz.com\\\/wp-content\\\/uploads\\\/2021\\\/05\\\/rhododendron_es_azalea_viragfold.png\",\"contentUrl\":\"https:\\\/\\\/tajkertesz.com\\\/wp-content\\\/uploads\\\/2021\\\/05\\\/rhododendron_es_azalea_viragfold.png\",\"width\":600,\"height\":800,\"caption\":\"Florimo Rhododendron \u00e9s Az\u00e1lea vir\u00e1gf\u00f6ld 50 L\"},{\"@type\":\"BreadcrumbList\",\"@id\":\"https:\\\/\\\/tajkertesz.com\\\/termek\\\/florimo-rhododendron-es-azalea-viragfold-20-l\\\/#breadcrumb\",\"itemListElement\":[{\"@type\":\"ListItem\",\"position\":1,\"name\":\"Home\",\"item\":\"https:\\\/\\\/tajkertesz.com\\\/\"},{\"@type\":\"ListItem\",\"position\":2,\"name\":\"Kezd\u0151lap\",\"item\":\"https:\\\/\\\/tajkertesz.com\\\/\"},{\"@type\":\"ListItem\",\"position\":3,\"name\":\"Florimo Rhododendron \u00e9s Az\u00e1lea vir\u00e1gf\u00f6ld 20 L\"}]},{\"@type\":\"WebSite\",\"@id\":\"https:\\\/\\\/tajkertesz.com\\\/#website\",\"url\":\"https:\\\/\\\/tajkertesz.com\\\/\",\"name\":\"T\u00e1j-Kert\u00e9sz 84 Kft.\",\"description\":\"Kert\u00e9szeti kis- \u00e9s nagykeresked\u00e9s, D\u00edszn\u00f6v\u00e9ny web\u00e1ruh\u00e1z orsz\u00e1gos h\u00e1zhozsz\u00e1ll\u00edt\u00e1ssal!\",\"publisher\":{\"@id\":\"https:\\\/\\\/tajkertesz.com\\\/#organization\"},\"potentialAction\":[{\"@type\":\"SearchAction\",\"target\":{\"@type\":\"EntryPoint\",\"urlTemplate\":\"https:\\\/\\\/tajkertesz.com\\\/?s={search_term_string}\"},\"query-input\":{\"@type\":\"PropertyValueSpecification\",\"valueRequired\":true,\"valueName\":\"search_term_string\"}}],\"inLanguage\":\"en-US\"},{\"@type\":\"Organization\",\"@id\":\"https:\\\/\\\/tajkertesz.com\\\/#organization\",\"name\":\"T\u00e1j-Kert\u00e9sz 84 Kft.\",\"url\":\"https:\\\/\\\/tajkertesz.com\\\/\",\"logo\":{\"@type\":\"ImageObject\",\"inLanguage\":\"en-US\",\"@id\":\"https:\\\/\\\/tajkertesz.com\\\/#\\\/schema\\\/logo\\\/image\\\/\",\"url\":\"https:\\\/\\\/tajkertesz.com\\\/wp-content\\\/uploads\\\/2018\\\/02\\\/logo-2-e1518678052539.png\",\"contentUrl\":\"https:\\\/\\\/tajkertesz.com\\\/wp-content\\\/uploads\\\/2018\\\/02\\\/logo-2-e1518678052539.png\",\"width\":81,\"height\":140,\"caption\":\"T\u00e1j-Kert\u00e9sz 84 Kft.\"},\"image\":{\"@id\":\"https:\\\/\\\/tajkertesz.com\\\/#\\\/schema\\\/logo\\\/image\\\/\"},\"sameAs\":[\"https:\\\/\\\/www.facebook.com\\\/Tajkertesz\\\/\"]}]}<\/script>\n<!-- \/ Yoast SEO plugin. -->","yoast_head_json":{"title":"Florimo Rhododendron \u00e9s Az\u00e1lea vir\u00e1gf\u00f6ld 20 L - T\u00e1jkert\u00e9sz","description":"Florimo Rhododendron \u00e9s Az\u00e1lea vir\u00e1gf\u00f6ld 20 L Barna sz\u00edn\u0171, laza szerkezet\u0171 termeszt\u0151k\u00f6zeg","robots":{"index":"index","follow":"follow","max-snippet":"max-snippet:-1","max-image-preview":"max-image-preview:large","max-video-preview":"max-video-preview:-1"},"canonical":"https:\/\/tajkertesz.com\/en_US\/product\/florimo-rhododendron-es-azalea-viragfold-20-l\/","og_locale":"en_US","og_type":"article","og_title":"Florimo Rhododendron \u00e9s Az\u00e1lea vir\u00e1gf\u00f6ld 20 L - T\u00e1jkert\u00e9sz","og_description":"Florimo Rhododendron \u00e9s Az\u00e1lea vir\u00e1gf\u00f6ld 20 L Barna sz\u00edn\u0171, laza szerkezet\u0171 termeszt\u0151k\u00f6zeg","og_url":"https:\/\/tajkertesz.com\/en_US\/product\/florimo-rhododendron-es-azalea-viragfold-20-l\/","og_site_name":"T\u00e1jkert\u00e9sz","article_publisher":"https:\/\/www.facebook.com\/Tajkertesz\/","article_modified_time":"2026-02-19T10:44:26+00:00","og_image":[{"width":600,"height":800,"url":"https:\/\/tajkertesz.com\/wp-content\/uploads\/2021\/05\/rhododendron_es_azalea_viragfold.png","type":"image\/png"}],"twitter_card":"summary_large_image","twitter_misc":{"Est. reading time":"1 minute"},"schema":{"@context":"https:\/\/schema.org","@graph":[{"@type":"WebPage","@id":"https:\/\/tajkertesz.com\/termek\/florimo-rhododendron-es-azalea-viragfold-20-l\/","url":"https:\/\/tajkertesz.com\/termek\/florimo-rhododendron-es-azalea-viragfold-20-l\/","name":"Florimo Rhododendron \u00e9s Az\u00e1lea vir\u00e1gf\u00f6ld 20 L - T\u00e1jkert\u00e9sz","isPartOf":{"@id":"https:\/\/tajkertesz.com\/#website"},"primaryImageOfPage":{"@id":"https:\/\/tajkertesz.com\/termek\/florimo-rhododendron-es-azalea-viragfold-20-l\/#primaryimage"},"image":{"@id":"https:\/\/tajkertesz.com\/termek\/florimo-rhododendron-es-azalea-viragfold-20-l\/#primaryimage"},"thumbnailUrl":"https:\/\/tajkertesz.com\/wp-content\/uploads\/2021\/05\/rhododendron_es_azalea_viragfold.png","datePublished":"2021-05-06T09:41:02+00:00","dateModified":"2026-02-19T10:44:26+00:00","description":"Florimo Rhododendron \u00e9s Az\u00e1lea vir\u00e1gf\u00f6ld 20 L Barna sz\u00edn\u0171, laza szerkezet\u0171 termeszt\u0151k\u00f6zeg","breadcrumb":{"@id":"https:\/\/tajkertesz.com\/termek\/florimo-rhododendron-es-azalea-viragfold-20-l\/#breadcrumb"},"inLanguage":"en-US","potentialAction":[{"@type":"ReadAction","target":["https:\/\/tajkertesz.com\/termek\/florimo-rhododendron-es-azalea-viragfold-20-l\/"]}]},{"@type":"ImageObject","inLanguage":"en-US","@id":"https:\/\/tajkertesz.com\/termek\/florimo-rhododendron-es-azalea-viragfold-20-l\/#primaryimage","url":"https:\/\/tajkertesz.com\/wp-content\/uploads\/2021\/05\/rhododendron_es_azalea_viragfold.png","contentUrl":"https:\/\/tajkertesz.com\/wp-content\/uploads\/2021\/05\/rhododendron_es_azalea_viragfold.png","width":600,"height":800,"caption":"Florimo Rhododendron \u00e9s Az\u00e1lea vir\u00e1gf\u00f6ld 50 L"},{"@type":"BreadcrumbList","@id":"https:\/\/tajkertesz.com\/termek\/florimo-rhododendron-es-azalea-viragfold-20-l\/#breadcrumb","itemListElement":[{"@type":"ListItem","position":1,"name":"Home","item":"https:\/\/tajkertesz.com\/"},{"@type":"ListItem","position":2,"name":"Kezd\u0151lap","item":"https:\/\/tajkertesz.com\/"},{"@type":"ListItem","position":3,"name":"Florimo Rhododendron \u00e9s Az\u00e1lea vir\u00e1gf\u00f6ld 20 L"}]},{"@type":"WebSite","@id":"https:\/\/tajkertesz.com\/#website","url":"https:\/\/tajkertesz.com\/","name":"T\u00e1j-Kert\u00e9sz 84 Kft.","description":"Kert\u00e9szeti kis- \u00e9s nagykeresked\u00e9s, D\u00edszn\u00f6v\u00e9ny web\u00e1ruh\u00e1z orsz\u00e1gos h\u00e1zhozsz\u00e1ll\u00edt\u00e1ssal!","publisher":{"@id":"https:\/\/tajkertesz.com\/#organization"},"potentialAction":[{"@type":"SearchAction","target":{"@type":"EntryPoint","urlTemplate":"https:\/\/tajkertesz.com\/?s={search_term_string}"},"query-input":{"@type":"PropertyValueSpecification","valueRequired":true,"valueName":"search_term_string"}}],"inLanguage":"en-US"},{"@type":"Organization","@id":"https:\/\/tajkertesz.com\/#organization","name":"T\u00e1j-Kert\u00e9sz 84 Kft.","url":"https:\/\/tajkertesz.com\/","logo":{"@type":"ImageObject","inLanguage":"en-US","@id":"https:\/\/tajkertesz.com\/#\/schema\/logo\/image\/","url":"https:\/\/tajkertesz.com\/wp-content\/uploads\/2018\/02\/logo-2-e1518678052539.png","contentUrl":"https:\/\/tajkertesz.com\/wp-content\/uploads\/2018\/02\/logo-2-e1518678052539.png","width":81,"height":140,"caption":"T\u00e1j-Kert\u00e9sz 84 Kft."},"image":{"@id":"https:\/\/tajkertesz.com\/#\/schema\/logo\/image\/"},"sameAs":["https:\/\/www.facebook.com\/Tajkertesz\/"]}]}},"_links":{"self":[{"href":"https:\/\/tajkertesz.com\/en_US\/wp-json\/wp\/v2\/product\/4197","targetHints":{"allow":["GET"]}}],"collection":[{"href":"https:\/\/tajkertesz.com\/en_US\/wp-json\/wp\/v2\/product"}],"about":[{"href":"https:\/\/tajkertesz.com\/en_US\/wp-json\/wp\/v2\/types\/product"}],"wp:featuredmedia":[{"embeddable":true,"href":"https:\/\/tajkertesz.com\/en_US\/wp-json\/wp\/v2\/media\/4198"}],"wp:attachment":[{"href":"https:\/\/tajkertesz.com\/en_US\/wp-json\/wp\/v2\/media?parent=4197"}],"wp:term":[{"taxonomy":"product_brand","embeddable":true,"href":"https:\/\/tajkertesz.com\/en_US\/wp-json\/wp\/v2\/product_brand?post=4197"},{"taxonomy":"product_cat","embeddable":true,"href":"https:\/\/tajkertesz.com\/en_US\/wp-json\/wp\/v2\/product_cat?post=4197"},{"taxonomy":"product_tag","embeddable":true,"href":"https:\/\/tajkertesz.com\/en_US\/wp-json\/wp\/v2\/product_tag?post=4197"}],"curies":[{"name":"wp","href":"https:\/\/api.w.org\/{rel}","templated":true}]}}