{"id":4199,"date":"2025-05-06T09:45:04","date_gmt":"2025-05-06T09:45:04","guid":{"rendered":"https:\/\/tajkertesz.com\/?post_type=product&#038;p=4199"},"modified":"2026-02-19T10:30:51","modified_gmt":"2026-02-19T10:30:51","slug":"florimo-rhododendron-es-azalea-viragfold-50-l","status":"publish","type":"product","link":"https:\/\/tajkertesz.com\/en_US\/product\/florimo-rhododendron-es-azalea-viragfold-50-l\/","title":{"rendered":"Florimo Rhododendron \u00e9s Az\u00e1lea vir\u00e1gf\u00f6ld 50 L"},"content":{"rendered":"<h1>Florimo Rhododendron \u00e9s Az\u00e1lea vir\u00e1gf\u00f6ld 50 L<\/h1>\n<p data-start=\"40\" data-end=\"306\">A <strong data-start=\"42\" data-end=\"91\">Florimo Rhododendron \u00e9s Az\u00e1lea vir\u00e1gf\u00f6ld 50 L<\/strong> egy speci\u00e1lisan kialak\u00edtott \u00fcltet\u0151k\u00f6zeg, amely ide\u00e1lis v\u00e1laszt\u00e1s az olyan savany\u00fa talajt ig\u00e9nyl\u0151 n\u00f6v\u00e9nyek sz\u00e1m\u00e1ra, mint a rododendronok, az\u00e1le\u00e1k, erik\u00e1k, hortenzi\u00e1k \u00e9s \u00e1fony\u00e1k.<\/p>\n<ul data-start=\"340\" data-end=\"580\">\n<li data-start=\"340\" data-end=\"416\">\n<p data-start=\"342\" data-end=\"416\"><strong data-start=\"342\" data-end=\"354\">pH \u00e9rt\u00e9k<\/strong>: 4,0 \u00b1 0,5 \u2013 savany\u00fa talajt kedvel\u0151 n\u00f6v\u00e9nyek sz\u00e1m\u00e1ra ide\u00e1lis.<\/p>\n<\/li>\n<li data-start=\"417\" data-end=\"495\">\n<p data-start=\"419\" data-end=\"495\"><strong data-start=\"419\" data-end=\"433\">\u00d6sszet\u00e9tel<\/strong>: Sphagnum moha t\u0151zeg, s\u00e1volyi t\u0151zeg, agyag, m\u0171tr\u00e1gya kever\u00e9k.<\/p>\n<\/li>\n<li data-start=\"496\" data-end=\"523\">\n<p data-start=\"498\" data-end=\"523\"><strong data-start=\"498\" data-end=\"512\">Kiszerel\u00e9s<\/strong>: 50 liter.<\/p>\n<\/li>\n<li data-start=\"524\" data-end=\"580\">\n<p data-start=\"526\" data-end=\"580\"><strong data-start=\"526\" data-end=\"540\">Alkalmaz\u00e1s<\/strong>: \u00d6n\u00e1ll\u00f3 termeszt\u0151k\u00f6zegk\u00e9nt haszn\u00e1lhat\u00f3.<\/p>\n<\/li>\n<\/ul>\n<p class=\"elementor-heading-title elementor-size-default\">\n<div class=\"elementor-element elementor-element-35ed0af1 elementor-widget elementor-widget-heading\" data-id=\"35ed0af1\" data-element_type=\"widget\" data-widget_type=\"heading.default\">\n<div class=\"elementor-widget-container\">\n<h2 class=\"elementor-heading-title elementor-size-default\"><b>Kiszerel\u00e9s:<\/b>\u00a0 50 liter<\/h2>\n<p>&nbsp;<\/p>\n<\/div>\n<\/div>\n<div class=\"elementor-element elementor-element-4e7f5d5e elementor-share-buttons--view-icon-text elementor-share-buttons--skin-gradient elementor-share-buttons--shape-square elementor-grid-0 elementor-share-buttons--color-official elementor-widget elementor-widget-global elementor-global-1650 elementor-widget-share-buttons\" data-id=\"4e7f5d5e\" data-element_type=\"widget\" data-widget_type=\"share-buttons.default\">\n<div class=\"elementor-widget-container\">\n<div class=\"elementor-grid\">\n<div class=\"elementor-grid-item\">\n<h3 class=\"elementor-share-btn elementor-share-btn_facebook\">Florimo Rhododendron \u00e9s Az\u00e1lea vir\u00e1gf\u00f6ld 50 L felhaszn\u00e1l\u00e1sa<\/h3>\n<p class=\"elementor-share-btn elementor-share-btn_facebook\">Rhododendron, Azalea, Erica, Calluna, Hortenzia \u00e9s m\u00e1s er\u0151sen savany\u00fa talajt ig\u00e9nyl\u0151 vir\u00e1gok \u00e9s n\u00f6v\u00e9nyfajt\u00e1k sz\u00e1m\u00e1ra \u00f6n\u00e1ll\u00f3 termeszt\u0151k\u00f6zegk\u00e9nt.<\/p>\n<ul>\n<li data-start=\"619\" data-end=\"668\"><strong data-start=\"621\" data-end=\"638\">\u00dcltet\u00e9s el\u0151tt<\/strong>: Nedves\u00edtse be a vir\u00e1gf\u00f6ldet.<\/li>\n<li data-start=\"669\" data-end=\"753\"><strong data-start=\"671\" data-end=\"691\">Cser\u00e9pbe \u00fcltet\u00e9s<\/strong>: Helyezze a n\u00f6v\u00e9nyt az eredetit\u0151l 2\u20135 cm-rel nagyobb ed\u00e9nybe.<\/li>\n<li data-start=\"754\" data-end=\"998\"><strong data-start=\"756\" data-end=\"774\">F\u00f6ldbe \u00fcltet\u00e9s<\/strong>: K\u00e9sz\u00edtsen 40\u201350 cm m\u00e9ly \u00fcltet\u0151g\u00f6dr\u00f6t, hogy elker\u00fclje a pang\u00f3 vizet. Az alj\u00e1ra helyezzen cser\u00e9pdarabokat vagy agyaggranul\u00e1tumot, majd egy r\u00e9teg vir\u00e1gf\u00f6ldet. Helyezze bele a n\u00f6v\u00e9nyt, k\u00f6r\u00e9 rakja a vir\u00e1gf\u00f6ldet, \u00e9s \u00f6nt\u00f6zze meg.<\/li>\n<li data-start=\"999\" data-end=\"1102\"><strong data-start=\"1001\" data-end=\"1017\">Talajtakar\u00e1s<\/strong>: A talaj tetej\u00e9re feny\u0151k\u00e9reg is helyezhet\u0151, hogy megv\u00e9dje a n\u00f6v\u00e9nyt a kisz\u00e1rad\u00e1st\u00f3l.<\/li>\n<li data-start=\"1103\" data-end=\"1190\"><strong data-start=\"1105\" data-end=\"1123\">T\u00e1panyagp\u00f3tl\u00e1s<\/strong>: 4\u20136 h\u00e9t ut\u00e1n alkalmazzon a n\u00f6v\u00e9ny t\u00edpus\u00e1nak megfelel\u0151 t\u00e1poldatot.<\/li>\n<\/ul>\n<\/div>\n<\/div>\n<\/div>\n<\/div>\n<p>&nbsp;<\/p>\n<h4><span style=\"color: #ff0000;\">Sz\u00e1ll\u00edt\u00e1s fut\u00e1rszolg\u00e1lattal 200 cm-is, \u00e9s 40 kg-ig lehets\u00e9ges. E felett szem\u00e9lyes \u00e1tv\u00e9tellel vagy egyeztetett sz\u00e1ll\u00edt\u00e1si felt\u00e9tellel lehet.<\/span><\/h4>\n<p><b>K\u00e9szlet\u00fcnk napi szinten v\u00e1ltozik, ez\u00e9rt k\u00e9rj\u00fck, \u00e9rdekl\u0151dj\u00f6n szem\u00e9lyesen, telefonon vagy email-en.<br \/>\nA v\u00e1ltoztat\u00e1s jog\u00e1t fenntartjuk!<\/b><b>\u00a0<\/b><\/p>\n<p><a href=\"https:\/\/tajkertesz.com\/\">https:\/\/tajkertesz.com\/<\/a><\/p>\n<p><a href=\"https:\/\/www.facebook.com\/tajkertesz\/\">https:\/\/www.facebook.com\/tajkertesz\/<\/a><\/p>\n<p>Kisz\u00e1ll\u00edt\u00e1s: 200cm-ig \u00e9s 40 kg-ig a sz\u00e1ll\u00edt\u00e1s fut\u00e1rszolg\u00e1lattal t\u00f6rt\u00e9nik.<\/p>\n<p>Szem\u00e9lyes \u00e1tv\u00e9tel nyitvatart\u00e1si id\u0151ben a 17. ker\u00fclet Bakancsos utca 7. sz\u00e1m alatti Kert\u00e9szeti \u00e1rud\u00e1nkban.<\/p>\n<p>Kert\u00e9p\u00edt\u0151k \u00e9s viszontelad\u00f3k regisztr\u00e1l\u00e1s ut\u00e1n egyedi kedvezm\u00e9nnyel v\u00e1s\u00e1rolhatnak kert\u00e9szeti kis-\u00e9s nagykeresked\u00e9s\u00fcnkben.<\/p>\n<p><strong>Az \u00e1rak egy darab term\u00e9kre vonatkoznak.<\/strong><\/p>\n<p><strong>J\u00f3 tudni!<\/strong><\/p>\n<p>K\u00e9pek-elt\u00e9r\u00e9sek:<\/p>\n<p>A n\u00f6v\u00e9nyekr\u0151l felt\u00f6lt\u00f6tt k\u00e9pek illusztr\u00e1ci\u00f3k. N\u00f6v\u00e9nyekn\u00e9l el\u0151fordulhatnak minim\u00e1lis elt\u00e9r\u00e9sek a k\u00e9peken szerepl\u0151 n\u00f6v\u00e9nyek \u00e9s az \u00e1tvett n\u00f6v\u00e9nyek k\u00f6z\u00f6tt, mivel minden n\u00f6v\u00e9ny egyedi.<\/p>\n<h4>N\u00f6v\u00e9nyek sz\u00e1ll\u00edt\u00e1sa:<\/h4>\n<p>A megrendelt n\u00f6v\u00e9nyeket igyeksz\u00fcnk a lehet\u0151 legbiztons\u00e1gosabban egyes\u00e9vel csomagolni, azonban a sz\u00e1ll\u00edt\u00e1s sor\u00e1n m\u00e9g ennek ellen\u00e9re is\u00a0bek\u00f6vetkezhetnek apr\u00f3bb s\u00e9r\u00fcl\u00e9sek (lev\u00e9l- vagy vir\u00e1ghull\u00e1s).<br \/>\nN\u00f6v\u00e9ny rendel\u00e9s eset\u00e9n k\u00e9rj\u00fck a k\u00e9zbes\u00edt\u00e9st k\u00f6vet\u0151en a lehet\u0151 leghamarabb bonts\u00e1k ki a csomagot.<\/p>\n<p>Abban az esetben, ha a megrendelt n\u00f6v\u00e9ny\u00a0a sz\u00e1ll\u00edt\u00e1st k\u00f6vet\u0151en\u00a0nem megfelel\u0151 gondoz\u00e1sban r\u00e9szes\u00fcl \u00e9s ebb\u0151l kifoly\u00f3lag\u00a0k\u00e1rosodik,\u00a0elpusztul, felel\u0151ss\u00e9get sajnos nem tudunk v\u00e1llalni.<\/p>\n<p>V\u00e1s\u00e1rl\u00e1st\u00f3l val\u00f3 el\u00e1ll\u00e1s \u00e9l\u0151 n\u00f6v\u00e9ny v\u00e1s\u00e1rl\u00e1sa eset\u00e9n:<\/p>\n<p>Az \u00e1ltal\u00e1nos 14 napos el\u00e1ll\u00e1s lehet\u0151s\u00e9ge \u00e9l\u0151 n\u00f6v\u00e9nyekre nem vonatkozik. V\u00e1s\u00e1rl\u00e1st\u00f3l val\u00f3 el\u00e1ll\u00e1sra, visszak\u00fcld\u00e9sre nincs lehet\u0151s\u00e9g.\u00a0(17\/1999. (II. 5.) Korm. rendelet 5c pontja)<\/p>\n<p><strong>K\u00e9rj\u00fck fentiek figyelembev\u00e9tel\u00e9t n\u00f6v\u00e9ny rendel\u00e9se sor\u00e1n!<\/strong><\/p>","protected":false},"excerpt":{"rendered":"<h4><span style=\"color: #ff0000;\">Sz\u00e1ll\u00edt\u00e1s fut\u00e1rszolg\u00e1lattal 200 cm-is, \u00e9s 40 kg-ig lehets\u00e9ges. E felett szem\u00e9lyes \u00e1tv\u00e9tellel vagy egyeztetett sz\u00e1ll\u00edt\u00e1si felt\u00e9tellel lehet.<\/span><\/h4>","protected":false},"featured_media":4198,"template":"","meta":{"_et_pb_use_builder":"","_et_pb_old_content":"","_et_gb_content_width":""},"product_brand":[],"product_cat":[4129],"product_tag":[1321,1459,1461,971,1331],"class_list":{"0":"post-4199","1":"product","2":"type-product","3":"status-publish","4":"has-post-thumbnail","6":"product_cat-florimo-viragfoldek","7":"product_tag-azalea","8":"product_tag-florimo","9":"product_tag-fold","10":"product_tag-kerti","11":"product_tag-rhododendron","13":"first","14":"instock","15":"shipping-taxable","16":"purchasable","17":"product-type-simple"},"yoast_head":"<!-- This site is optimized with the Yoast SEO plugin v27.3 - https:\/\/yoast.com\/product\/yoast-seo-wordpress\/ -->\n<title>Florimo Rhododendron \u00e9s Az\u00e1lea vir\u00e1gf\u00f6ld 50 L - T\u00e1jkert\u00e9sz<\/title>\n<meta name=\"description\" content=\"Florimo Rhododendron \u00e9s Az\u00e1lea vir\u00e1gf\u00f6ld 50 L. Rhododendron, Azalea, Erica, Calluna, Hortenzia \u00e9s m\u00e1s er\u0151sen savany\u00fa talajt ig\u00e9nyl\u0151 vir\u00e1gok \u00e9s n\u00f6v\u00e9nyfajt\u00e1k\" \/>\n<meta name=\"robots\" content=\"index, follow, max-snippet:-1, max-image-preview:large, max-video-preview:-1\" \/>\n<link rel=\"canonical\" href=\"https:\/\/tajkertesz.com\/en_US\/product\/florimo-rhododendron-es-azalea-viragfold-50-l\/\" \/>\n<meta property=\"og:locale\" content=\"en_US\" \/>\n<meta property=\"og:type\" content=\"article\" \/>\n<meta property=\"og:title\" content=\"Florimo Rhododendron \u00e9s Az\u00e1lea vir\u00e1gf\u00f6ld 50 L - T\u00e1jkert\u00e9sz\" \/>\n<meta property=\"og:description\" content=\"Florimo Rhododendron \u00e9s Az\u00e1lea vir\u00e1gf\u00f6ld 50 L. Rhododendron, Azalea, Erica, Calluna, Hortenzia \u00e9s m\u00e1s er\u0151sen savany\u00fa talajt ig\u00e9nyl\u0151 vir\u00e1gok \u00e9s n\u00f6v\u00e9nyfajt\u00e1k\" \/>\n<meta property=\"og:url\" content=\"https:\/\/tajkertesz.com\/en_US\/product\/florimo-rhododendron-es-azalea-viragfold-50-l\/\" \/>\n<meta property=\"og:site_name\" content=\"T\u00e1jkert\u00e9sz\" \/>\n<meta property=\"article:publisher\" content=\"https:\/\/www.facebook.com\/Tajkertesz\/\" \/>\n<meta property=\"article:modified_time\" content=\"2026-02-19T10:30:51+00:00\" \/>\n<meta property=\"og:image\" content=\"https:\/\/tajkertesz.com\/wp-content\/uploads\/2021\/05\/rhododendron_es_azalea_viragfold.png\" \/>\n\t<meta property=\"og:image:width\" content=\"600\" \/>\n\t<meta property=\"og:image:height\" content=\"800\" \/>\n\t<meta property=\"og:image:type\" content=\"image\/png\" \/>\n<meta name=\"twitter:card\" content=\"summary_large_image\" \/>\n<meta name=\"twitter:label1\" content=\"Est. reading time\" \/>\n\t<meta name=\"twitter:data1\" content=\"3 minutes\" \/>\n<script type=\"application\/ld+json\" class=\"yoast-schema-graph\">{\"@context\":\"https:\\\/\\\/schema.org\",\"@graph\":[{\"@type\":\"WebPage\",\"@id\":\"https:\\\/\\\/tajkertesz.com\\\/termek\\\/florimo-rhododendron-es-azalea-viragfold-50-l\\\/\",\"url\":\"https:\\\/\\\/tajkertesz.com\\\/termek\\\/florimo-rhododendron-es-azalea-viragfold-50-l\\\/\",\"name\":\"Florimo Rhododendron \u00e9s Az\u00e1lea vir\u00e1gf\u00f6ld 50 L - T\u00e1jkert\u00e9sz\",\"isPartOf\":{\"@id\":\"https:\\\/\\\/tajkertesz.com\\\/#website\"},\"primaryImageOfPage\":{\"@id\":\"https:\\\/\\\/tajkertesz.com\\\/termek\\\/florimo-rhododendron-es-azalea-viragfold-50-l\\\/#primaryimage\"},\"image\":{\"@id\":\"https:\\\/\\\/tajkertesz.com\\\/termek\\\/florimo-rhododendron-es-azalea-viragfold-50-l\\\/#primaryimage\"},\"thumbnailUrl\":\"https:\\\/\\\/tajkertesz.com\\\/wp-content\\\/uploads\\\/2021\\\/05\\\/rhododendron_es_azalea_viragfold.png\",\"datePublished\":\"2025-05-06T09:45:04+00:00\",\"dateModified\":\"2026-02-19T10:30:51+00:00\",\"description\":\"Florimo Rhododendron \u00e9s Az\u00e1lea vir\u00e1gf\u00f6ld 50 L. Rhododendron, Azalea, Erica, Calluna, Hortenzia \u00e9s m\u00e1s er\u0151sen savany\u00fa talajt ig\u00e9nyl\u0151 vir\u00e1gok \u00e9s n\u00f6v\u00e9nyfajt\u00e1k\",\"breadcrumb\":{\"@id\":\"https:\\\/\\\/tajkertesz.com\\\/termek\\\/florimo-rhododendron-es-azalea-viragfold-50-l\\\/#breadcrumb\"},\"inLanguage\":\"en-US\",\"potentialAction\":[{\"@type\":\"ReadAction\",\"target\":[\"https:\\\/\\\/tajkertesz.com\\\/termek\\\/florimo-rhododendron-es-azalea-viragfold-50-l\\\/\"]}]},{\"@type\":\"ImageObject\",\"inLanguage\":\"en-US\",\"@id\":\"https:\\\/\\\/tajkertesz.com\\\/termek\\\/florimo-rhododendron-es-azalea-viragfold-50-l\\\/#primaryimage\",\"url\":\"https:\\\/\\\/tajkertesz.com\\\/wp-content\\\/uploads\\\/2021\\\/05\\\/rhododendron_es_azalea_viragfold.png\",\"contentUrl\":\"https:\\\/\\\/tajkertesz.com\\\/wp-content\\\/uploads\\\/2021\\\/05\\\/rhododendron_es_azalea_viragfold.png\",\"width\":600,\"height\":800,\"caption\":\"Florimo Rhododendron \u00e9s Az\u00e1lea vir\u00e1gf\u00f6ld 50 L\"},{\"@type\":\"BreadcrumbList\",\"@id\":\"https:\\\/\\\/tajkertesz.com\\\/termek\\\/florimo-rhododendron-es-azalea-viragfold-50-l\\\/#breadcrumb\",\"itemListElement\":[{\"@type\":\"ListItem\",\"position\":1,\"name\":\"Home\",\"item\":\"https:\\\/\\\/tajkertesz.com\\\/\"},{\"@type\":\"ListItem\",\"position\":2,\"name\":\"Kezd\u0151lap\",\"item\":\"https:\\\/\\\/tajkertesz.com\\\/\"},{\"@type\":\"ListItem\",\"position\":3,\"name\":\"Florimo Rhododendron \u00e9s Az\u00e1lea vir\u00e1gf\u00f6ld 50 L\"}]},{\"@type\":\"WebSite\",\"@id\":\"https:\\\/\\\/tajkertesz.com\\\/#website\",\"url\":\"https:\\\/\\\/tajkertesz.com\\\/\",\"name\":\"T\u00e1j-Kert\u00e9sz 84 Kft.\",\"description\":\"Kert\u00e9szeti kis- \u00e9s nagykeresked\u00e9s, D\u00edszn\u00f6v\u00e9ny web\u00e1ruh\u00e1z orsz\u00e1gos h\u00e1zhozsz\u00e1ll\u00edt\u00e1ssal!\",\"publisher\":{\"@id\":\"https:\\\/\\\/tajkertesz.com\\\/#organization\"},\"potentialAction\":[{\"@type\":\"SearchAction\",\"target\":{\"@type\":\"EntryPoint\",\"urlTemplate\":\"https:\\\/\\\/tajkertesz.com\\\/?s={search_term_string}\"},\"query-input\":{\"@type\":\"PropertyValueSpecification\",\"valueRequired\":true,\"valueName\":\"search_term_string\"}}],\"inLanguage\":\"en-US\"},{\"@type\":\"Organization\",\"@id\":\"https:\\\/\\\/tajkertesz.com\\\/#organization\",\"name\":\"T\u00e1j-Kert\u00e9sz 84 Kft.\",\"url\":\"https:\\\/\\\/tajkertesz.com\\\/\",\"logo\":{\"@type\":\"ImageObject\",\"inLanguage\":\"en-US\",\"@id\":\"https:\\\/\\\/tajkertesz.com\\\/#\\\/schema\\\/logo\\\/image\\\/\",\"url\":\"https:\\\/\\\/tajkertesz.com\\\/wp-content\\\/uploads\\\/2018\\\/02\\\/logo-2-e1518678052539.png\",\"contentUrl\":\"https:\\\/\\\/tajkertesz.com\\\/wp-content\\\/uploads\\\/2018\\\/02\\\/logo-2-e1518678052539.png\",\"width\":81,\"height\":140,\"caption\":\"T\u00e1j-Kert\u00e9sz 84 Kft.\"},\"image\":{\"@id\":\"https:\\\/\\\/tajkertesz.com\\\/#\\\/schema\\\/logo\\\/image\\\/\"},\"sameAs\":[\"https:\\\/\\\/www.facebook.com\\\/Tajkertesz\\\/\"]}]}<\/script>\n<!-- \/ Yoast SEO plugin. -->","yoast_head_json":{"title":"Florimo Rhododendron \u00e9s Az\u00e1lea vir\u00e1gf\u00f6ld 50 L - T\u00e1jkert\u00e9sz","description":"Florimo Rhododendron \u00e9s Az\u00e1lea vir\u00e1gf\u00f6ld 50 L. Rhododendron, Azalea, Erica, Calluna, Hortenzia \u00e9s m\u00e1s er\u0151sen savany\u00fa talajt ig\u00e9nyl\u0151 vir\u00e1gok \u00e9s n\u00f6v\u00e9nyfajt\u00e1k","robots":{"index":"index","follow":"follow","max-snippet":"max-snippet:-1","max-image-preview":"max-image-preview:large","max-video-preview":"max-video-preview:-1"},"canonical":"https:\/\/tajkertesz.com\/en_US\/product\/florimo-rhododendron-es-azalea-viragfold-50-l\/","og_locale":"en_US","og_type":"article","og_title":"Florimo Rhododendron \u00e9s Az\u00e1lea vir\u00e1gf\u00f6ld 50 L - T\u00e1jkert\u00e9sz","og_description":"Florimo Rhododendron \u00e9s Az\u00e1lea vir\u00e1gf\u00f6ld 50 L. Rhododendron, Azalea, Erica, Calluna, Hortenzia \u00e9s m\u00e1s er\u0151sen savany\u00fa talajt ig\u00e9nyl\u0151 vir\u00e1gok \u00e9s n\u00f6v\u00e9nyfajt\u00e1k","og_url":"https:\/\/tajkertesz.com\/en_US\/product\/florimo-rhododendron-es-azalea-viragfold-50-l\/","og_site_name":"T\u00e1jkert\u00e9sz","article_publisher":"https:\/\/www.facebook.com\/Tajkertesz\/","article_modified_time":"2026-02-19T10:30:51+00:00","og_image":[{"width":600,"height":800,"url":"https:\/\/tajkertesz.com\/wp-content\/uploads\/2021\/05\/rhododendron_es_azalea_viragfold.png","type":"image\/png"}],"twitter_card":"summary_large_image","twitter_misc":{"Est. reading time":"3 minutes"},"schema":{"@context":"https:\/\/schema.org","@graph":[{"@type":"WebPage","@id":"https:\/\/tajkertesz.com\/termek\/florimo-rhododendron-es-azalea-viragfold-50-l\/","url":"https:\/\/tajkertesz.com\/termek\/florimo-rhododendron-es-azalea-viragfold-50-l\/","name":"Florimo Rhododendron \u00e9s Az\u00e1lea vir\u00e1gf\u00f6ld 50 L - T\u00e1jkert\u00e9sz","isPartOf":{"@id":"https:\/\/tajkertesz.com\/#website"},"primaryImageOfPage":{"@id":"https:\/\/tajkertesz.com\/termek\/florimo-rhododendron-es-azalea-viragfold-50-l\/#primaryimage"},"image":{"@id":"https:\/\/tajkertesz.com\/termek\/florimo-rhododendron-es-azalea-viragfold-50-l\/#primaryimage"},"thumbnailUrl":"https:\/\/tajkertesz.com\/wp-content\/uploads\/2021\/05\/rhododendron_es_azalea_viragfold.png","datePublished":"2025-05-06T09:45:04+00:00","dateModified":"2026-02-19T10:30:51+00:00","description":"Florimo Rhododendron \u00e9s Az\u00e1lea vir\u00e1gf\u00f6ld 50 L. Rhododendron, Azalea, Erica, Calluna, Hortenzia \u00e9s m\u00e1s er\u0151sen savany\u00fa talajt ig\u00e9nyl\u0151 vir\u00e1gok \u00e9s n\u00f6v\u00e9nyfajt\u00e1k","breadcrumb":{"@id":"https:\/\/tajkertesz.com\/termek\/florimo-rhododendron-es-azalea-viragfold-50-l\/#breadcrumb"},"inLanguage":"en-US","potentialAction":[{"@type":"ReadAction","target":["https:\/\/tajkertesz.com\/termek\/florimo-rhododendron-es-azalea-viragfold-50-l\/"]}]},{"@type":"ImageObject","inLanguage":"en-US","@id":"https:\/\/tajkertesz.com\/termek\/florimo-rhododendron-es-azalea-viragfold-50-l\/#primaryimage","url":"https:\/\/tajkertesz.com\/wp-content\/uploads\/2021\/05\/rhododendron_es_azalea_viragfold.png","contentUrl":"https:\/\/tajkertesz.com\/wp-content\/uploads\/2021\/05\/rhododendron_es_azalea_viragfold.png","width":600,"height":800,"caption":"Florimo Rhododendron \u00e9s Az\u00e1lea vir\u00e1gf\u00f6ld 50 L"},{"@type":"BreadcrumbList","@id":"https:\/\/tajkertesz.com\/termek\/florimo-rhododendron-es-azalea-viragfold-50-l\/#breadcrumb","itemListElement":[{"@type":"ListItem","position":1,"name":"Home","item":"https:\/\/tajkertesz.com\/"},{"@type":"ListItem","position":2,"name":"Kezd\u0151lap","item":"https:\/\/tajkertesz.com\/"},{"@type":"ListItem","position":3,"name":"Florimo Rhododendron \u00e9s Az\u00e1lea vir\u00e1gf\u00f6ld 50 L"}]},{"@type":"WebSite","@id":"https:\/\/tajkertesz.com\/#website","url":"https:\/\/tajkertesz.com\/","name":"T\u00e1j-Kert\u00e9sz 84 Kft.","description":"Kert\u00e9szeti kis- \u00e9s nagykeresked\u00e9s, D\u00edszn\u00f6v\u00e9ny web\u00e1ruh\u00e1z orsz\u00e1gos h\u00e1zhozsz\u00e1ll\u00edt\u00e1ssal!","publisher":{"@id":"https:\/\/tajkertesz.com\/#organization"},"potentialAction":[{"@type":"SearchAction","target":{"@type":"EntryPoint","urlTemplate":"https:\/\/tajkertesz.com\/?s={search_term_string}"},"query-input":{"@type":"PropertyValueSpecification","valueRequired":true,"valueName":"search_term_string"}}],"inLanguage":"en-US"},{"@type":"Organization","@id":"https:\/\/tajkertesz.com\/#organization","name":"T\u00e1j-Kert\u00e9sz 84 Kft.","url":"https:\/\/tajkertesz.com\/","logo":{"@type":"ImageObject","inLanguage":"en-US","@id":"https:\/\/tajkertesz.com\/#\/schema\/logo\/image\/","url":"https:\/\/tajkertesz.com\/wp-content\/uploads\/2018\/02\/logo-2-e1518678052539.png","contentUrl":"https:\/\/tajkertesz.com\/wp-content\/uploads\/2018\/02\/logo-2-e1518678052539.png","width":81,"height":140,"caption":"T\u00e1j-Kert\u00e9sz 84 Kft."},"image":{"@id":"https:\/\/tajkertesz.com\/#\/schema\/logo\/image\/"},"sameAs":["https:\/\/www.facebook.com\/Tajkertesz\/"]}]}},"_links":{"self":[{"href":"https:\/\/tajkertesz.com\/en_US\/wp-json\/wp\/v2\/product\/4199","targetHints":{"allow":["GET"]}}],"collection":[{"href":"https:\/\/tajkertesz.com\/en_US\/wp-json\/wp\/v2\/product"}],"about":[{"href":"https:\/\/tajkertesz.com\/en_US\/wp-json\/wp\/v2\/types\/product"}],"wp:featuredmedia":[{"embeddable":true,"href":"https:\/\/tajkertesz.com\/en_US\/wp-json\/wp\/v2\/media\/4198"}],"wp:attachment":[{"href":"https:\/\/tajkertesz.com\/en_US\/wp-json\/wp\/v2\/media?parent=4199"}],"wp:term":[{"taxonomy":"product_brand","embeddable":true,"href":"https:\/\/tajkertesz.com\/en_US\/wp-json\/wp\/v2\/product_brand?post=4199"},{"taxonomy":"product_cat","embeddable":true,"href":"https:\/\/tajkertesz.com\/en_US\/wp-json\/wp\/v2\/product_cat?post=4199"},{"taxonomy":"product_tag","embeddable":true,"href":"https:\/\/tajkertesz.com\/en_US\/wp-json\/wp\/v2\/product_tag?post=4199"}],"curies":[{"name":"wp","href":"https:\/\/api.w.org\/{rel}","templated":true}]}}