{"id":4206,"date":"2021-05-06T10:00:59","date_gmt":"2021-05-06T10:00:59","guid":{"rendered":"https:\/\/tajkertesz.com\/?post_type=product&#038;p=4206"},"modified":"2026-02-19T10:43:04","modified_gmt":"2026-02-19T10:43:04","slug":"florimo-tozegkocka-25-l","status":"publish","type":"product","link":"https:\/\/tajkertesz.com\/en_US\/product\/florimo-tozegkocka-25-l\/","title":{"rendered":"Florimo t\u0151zegkocka 25 L"},"content":{"rendered":"<h3>Florimo t\u0151zegkocka 25 L<\/h3>\n<p>&nbsp;<\/p>\n<p>Florimo t\u0151zegkocka 25 L Magas rost- \u00e9s szervesanyag-tartalommal, nagyfok\u00fa v\u00edzfelvev\u0151 k\u00e9pess\u00e9ggel, optim\u00e1lis leveg\u0151z\u00f6tts\u00e9ggel, alacsony s\u00f3tartalommal rendelkez\u0151 t\u0151zeg.<br \/>\nKiszerel\u00e9s: 25 liter<\/p>\n<p>&nbsp;<\/p>\n<p><a href=\"https:\/\/tajkertesz.com\/\">https:\/\/tajkertesz.com\/<\/a><\/p>\n<p><a href=\"https:\/\/www.facebook.com\/tajkertesz\">https:\/\/www.facebook.com\/tajkertesz<\/a><\/p>\n<p><b>K\u00e9szlet\u00fcnk napi szinten v\u00e1ltozik, ez\u00e9rt k\u00e9rj\u00fck, \u00e9rdekl\u0151dj\u00f6n szem\u00e9lyesen, telefonon vagy email-en.<br \/>\nA v\u00e1ltoztat\u00e1s jog\u00e1t fenntartjuk!\u00a0<\/b><\/p>\n<p>Sz\u00e1ll\u00edt\u00e1s fut\u00e1rszolg\u00e1lattal 200 cm-is, \u00e9s 40 kg-ig lehets\u00e9ges. E felett szem\u00e9lyes \u00e1tv\u00e9tellel vagy egyeztetett sz\u00e1ll\u00edt\u00e1si felt\u00e9tellel lehet.<\/p>\n<p>Term\u00e9k m\u00e9rete: 25 L<\/p>","protected":false},"excerpt":{"rendered":"<h3>Florimo t\u0151zegkocka 25 L<\/h3>\n<p>Magas rost- \u00e9s szervesanyag-tartalommal, nagyfok\u00fa v\u00edzfelvev\u0151 k\u00e9pess\u00e9ggel, optim\u00e1lis leveg\u0151z\u00f6tts\u00e9ggel, alacsony s\u00f3tartalommal rendelkez\u0151 t\u0151zeg.<\/p>","protected":false},"featured_media":4208,"template":"","meta":{"_et_pb_use_builder":"","_et_pb_old_content":"","_et_gb_content_width":""},"product_brand":[],"product_cat":[3652,4130],"product_tag":[1461,971,1473],"class_list":{"0":"post-4206","1":"product","2":"type-product","3":"status-publish","4":"has-post-thumbnail","6":"product_cat-magvetes-palantazas","7":"product_cat-tozeg-kokuszrost-perlit","8":"product_tag-fold","9":"product_tag-kerti","10":"product_tag-tozeg","12":"first","13":"instock","14":"shipping-taxable","15":"purchasable","16":"product-type-simple"},"yoast_head":"<!-- This site is optimized with the Yoast SEO plugin v27.4 - https:\/\/yoast.com\/product\/yoast-seo-wordpress\/ -->\n<title>Florimo t\u0151zegkocka 25 L - T\u00e1jkert\u00e9sz<\/title>\n<meta name=\"description\" content=\"Florimo Rostos t\u0151zegkocka 25 L Magas rost- \u00e9s szervesanyag-tartalommal, nagyfok\u00fa v\u00edzfelvev\u0151 k\u00e9pess\u00e9ggel, optim\u00e1lis leveg\u0151z\u00f6tts\u00e9ggel,\" \/>\n<meta name=\"robots\" content=\"index, follow, max-snippet:-1, max-image-preview:large, max-video-preview:-1\" \/>\n<link rel=\"canonical\" href=\"https:\/\/tajkertesz.com\/en_US\/product\/florimo-tozegkocka-25-l\/\" \/>\n<meta property=\"og:locale\" content=\"en_US\" \/>\n<meta property=\"og:type\" content=\"article\" \/>\n<meta property=\"og:title\" content=\"Florimo t\u0151zegkocka 25 L - T\u00e1jkert\u00e9sz\" \/>\n<meta property=\"og:description\" content=\"Florimo Rostos t\u0151zegkocka 25 L Magas rost- \u00e9s szervesanyag-tartalommal, nagyfok\u00fa v\u00edzfelvev\u0151 k\u00e9pess\u00e9ggel, optim\u00e1lis leveg\u0151z\u00f6tts\u00e9ggel,\" \/>\n<meta property=\"og:url\" content=\"https:\/\/tajkertesz.com\/en_US\/product\/florimo-tozegkocka-25-l\/\" \/>\n<meta property=\"og:site_name\" content=\"T\u00e1jkert\u00e9sz\" \/>\n<meta property=\"article:publisher\" content=\"https:\/\/www.facebook.com\/Tajkertesz\/\" \/>\n<meta property=\"article:modified_time\" content=\"2026-02-19T10:43:04+00:00\" \/>\n<meta property=\"og:image\" content=\"https:\/\/tajkertesz.com\/wp-content\/uploads\/2021\/05\/florimotozegkocka-cut-adjust-contrast_ymtyb60b_1.png\" \/>\n\t<meta property=\"og:image:width\" content=\"254\" \/>\n\t<meta property=\"og:image:height\" content=\"472\" \/>\n\t<meta property=\"og:image:type\" content=\"image\/png\" \/>\n<meta name=\"twitter:card\" content=\"summary_large_image\" \/>\n<meta name=\"twitter:label1\" content=\"Est. reading time\" \/>\n\t<meta name=\"twitter:data1\" content=\"1 minute\" \/>\n<script type=\"application\/ld+json\" class=\"yoast-schema-graph\">{\"@context\":\"https:\\\/\\\/schema.org\",\"@graph\":[{\"@type\":\"WebPage\",\"@id\":\"https:\\\/\\\/tajkertesz.com\\\/termek\\\/florimo-tozegkocka-25-l\\\/\",\"url\":\"https:\\\/\\\/tajkertesz.com\\\/termek\\\/florimo-tozegkocka-25-l\\\/\",\"name\":\"Florimo t\u0151zegkocka 25 L - T\u00e1jkert\u00e9sz\",\"isPartOf\":{\"@id\":\"https:\\\/\\\/tajkertesz.com\\\/#website\"},\"primaryImageOfPage\":{\"@id\":\"https:\\\/\\\/tajkertesz.com\\\/termek\\\/florimo-tozegkocka-25-l\\\/#primaryimage\"},\"image\":{\"@id\":\"https:\\\/\\\/tajkertesz.com\\\/termek\\\/florimo-tozegkocka-25-l\\\/#primaryimage\"},\"thumbnailUrl\":\"https:\\\/\\\/tajkertesz.com\\\/wp-content\\\/uploads\\\/2021\\\/05\\\/florimotozegkocka-cut-adjust-contrast_ymtyb60b_1.png\",\"datePublished\":\"2021-05-06T10:00:59+00:00\",\"dateModified\":\"2026-02-19T10:43:04+00:00\",\"description\":\"Florimo Rostos t\u0151zegkocka 25 L Magas rost- \u00e9s szervesanyag-tartalommal, nagyfok\u00fa v\u00edzfelvev\u0151 k\u00e9pess\u00e9ggel, optim\u00e1lis leveg\u0151z\u00f6tts\u00e9ggel,\",\"breadcrumb\":{\"@id\":\"https:\\\/\\\/tajkertesz.com\\\/termek\\\/florimo-tozegkocka-25-l\\\/#breadcrumb\"},\"inLanguage\":\"en-US\",\"potentialAction\":[{\"@type\":\"ReadAction\",\"target\":[\"https:\\\/\\\/tajkertesz.com\\\/termek\\\/florimo-tozegkocka-25-l\\\/\"]}]},{\"@type\":\"ImageObject\",\"inLanguage\":\"en-US\",\"@id\":\"https:\\\/\\\/tajkertesz.com\\\/termek\\\/florimo-tozegkocka-25-l\\\/#primaryimage\",\"url\":\"https:\\\/\\\/tajkertesz.com\\\/wp-content\\\/uploads\\\/2021\\\/05\\\/florimotozegkocka-cut-adjust-contrast_ymtyb60b_1.png\",\"contentUrl\":\"https:\\\/\\\/tajkertesz.com\\\/wp-content\\\/uploads\\\/2021\\\/05\\\/florimotozegkocka-cut-adjust-contrast_ymtyb60b_1.png\",\"width\":254,\"height\":472},{\"@type\":\"BreadcrumbList\",\"@id\":\"https:\\\/\\\/tajkertesz.com\\\/termek\\\/florimo-tozegkocka-25-l\\\/#breadcrumb\",\"itemListElement\":[{\"@type\":\"ListItem\",\"position\":1,\"name\":\"Home\",\"item\":\"https:\\\/\\\/tajkertesz.com\\\/\"},{\"@type\":\"ListItem\",\"position\":2,\"name\":\"Kezd\u0151lap\",\"item\":\"https:\\\/\\\/tajkertesz.com\\\/\"},{\"@type\":\"ListItem\",\"position\":3,\"name\":\"Florimo t\u0151zegkocka 25 L\"}]},{\"@type\":\"WebSite\",\"@id\":\"https:\\\/\\\/tajkertesz.com\\\/#website\",\"url\":\"https:\\\/\\\/tajkertesz.com\\\/\",\"name\":\"T\u00e1j-Kert\u00e9sz 84 Kft.\",\"description\":\"Kert\u00e9szeti kis- \u00e9s nagykeresked\u00e9s, D\u00edszn\u00f6v\u00e9ny web\u00e1ruh\u00e1z orsz\u00e1gos h\u00e1zhozsz\u00e1ll\u00edt\u00e1ssal!\",\"publisher\":{\"@id\":\"https:\\\/\\\/tajkertesz.com\\\/#organization\"},\"potentialAction\":[{\"@type\":\"SearchAction\",\"target\":{\"@type\":\"EntryPoint\",\"urlTemplate\":\"https:\\\/\\\/tajkertesz.com\\\/?s={search_term_string}\"},\"query-input\":{\"@type\":\"PropertyValueSpecification\",\"valueRequired\":true,\"valueName\":\"search_term_string\"}}],\"inLanguage\":\"en-US\"},{\"@type\":\"Organization\",\"@id\":\"https:\\\/\\\/tajkertesz.com\\\/#organization\",\"name\":\"T\u00e1j-Kert\u00e9sz 84 Kft.\",\"url\":\"https:\\\/\\\/tajkertesz.com\\\/\",\"logo\":{\"@type\":\"ImageObject\",\"inLanguage\":\"en-US\",\"@id\":\"https:\\\/\\\/tajkertesz.com\\\/#\\\/schema\\\/logo\\\/image\\\/\",\"url\":\"https:\\\/\\\/tajkertesz.com\\\/wp-content\\\/uploads\\\/2018\\\/02\\\/logo-2-e1518678052539.png\",\"contentUrl\":\"https:\\\/\\\/tajkertesz.com\\\/wp-content\\\/uploads\\\/2018\\\/02\\\/logo-2-e1518678052539.png\",\"width\":81,\"height\":140,\"caption\":\"T\u00e1j-Kert\u00e9sz 84 Kft.\"},\"image\":{\"@id\":\"https:\\\/\\\/tajkertesz.com\\\/#\\\/schema\\\/logo\\\/image\\\/\"},\"sameAs\":[\"https:\\\/\\\/www.facebook.com\\\/Tajkertesz\\\/\"]}]}<\/script>\n<!-- \/ Yoast SEO plugin. -->","yoast_head_json":{"title":"Florimo t\u0151zegkocka 25 L - T\u00e1jkert\u00e9sz","description":"Florimo Rostos t\u0151zegkocka 25 L Magas rost- \u00e9s szervesanyag-tartalommal, nagyfok\u00fa v\u00edzfelvev\u0151 k\u00e9pess\u00e9ggel, optim\u00e1lis leveg\u0151z\u00f6tts\u00e9ggel,","robots":{"index":"index","follow":"follow","max-snippet":"max-snippet:-1","max-image-preview":"max-image-preview:large","max-video-preview":"max-video-preview:-1"},"canonical":"https:\/\/tajkertesz.com\/en_US\/product\/florimo-tozegkocka-25-l\/","og_locale":"en_US","og_type":"article","og_title":"Florimo t\u0151zegkocka 25 L - T\u00e1jkert\u00e9sz","og_description":"Florimo Rostos t\u0151zegkocka 25 L Magas rost- \u00e9s szervesanyag-tartalommal, nagyfok\u00fa v\u00edzfelvev\u0151 k\u00e9pess\u00e9ggel, optim\u00e1lis leveg\u0151z\u00f6tts\u00e9ggel,","og_url":"https:\/\/tajkertesz.com\/en_US\/product\/florimo-tozegkocka-25-l\/","og_site_name":"T\u00e1jkert\u00e9sz","article_publisher":"https:\/\/www.facebook.com\/Tajkertesz\/","article_modified_time":"2026-02-19T10:43:04+00:00","og_image":[{"width":254,"height":472,"url":"https:\/\/tajkertesz.com\/wp-content\/uploads\/2021\/05\/florimotozegkocka-cut-adjust-contrast_ymtyb60b_1.png","type":"image\/png"}],"twitter_card":"summary_large_image","twitter_misc":{"Est. reading time":"1 minute"},"schema":{"@context":"https:\/\/schema.org","@graph":[{"@type":"WebPage","@id":"https:\/\/tajkertesz.com\/termek\/florimo-tozegkocka-25-l\/","url":"https:\/\/tajkertesz.com\/termek\/florimo-tozegkocka-25-l\/","name":"Florimo t\u0151zegkocka 25 L - T\u00e1jkert\u00e9sz","isPartOf":{"@id":"https:\/\/tajkertesz.com\/#website"},"primaryImageOfPage":{"@id":"https:\/\/tajkertesz.com\/termek\/florimo-tozegkocka-25-l\/#primaryimage"},"image":{"@id":"https:\/\/tajkertesz.com\/termek\/florimo-tozegkocka-25-l\/#primaryimage"},"thumbnailUrl":"https:\/\/tajkertesz.com\/wp-content\/uploads\/2021\/05\/florimotozegkocka-cut-adjust-contrast_ymtyb60b_1.png","datePublished":"2021-05-06T10:00:59+00:00","dateModified":"2026-02-19T10:43:04+00:00","description":"Florimo Rostos t\u0151zegkocka 25 L Magas rost- \u00e9s szervesanyag-tartalommal, nagyfok\u00fa v\u00edzfelvev\u0151 k\u00e9pess\u00e9ggel, optim\u00e1lis leveg\u0151z\u00f6tts\u00e9ggel,","breadcrumb":{"@id":"https:\/\/tajkertesz.com\/termek\/florimo-tozegkocka-25-l\/#breadcrumb"},"inLanguage":"en-US","potentialAction":[{"@type":"ReadAction","target":["https:\/\/tajkertesz.com\/termek\/florimo-tozegkocka-25-l\/"]}]},{"@type":"ImageObject","inLanguage":"en-US","@id":"https:\/\/tajkertesz.com\/termek\/florimo-tozegkocka-25-l\/#primaryimage","url":"https:\/\/tajkertesz.com\/wp-content\/uploads\/2021\/05\/florimotozegkocka-cut-adjust-contrast_ymtyb60b_1.png","contentUrl":"https:\/\/tajkertesz.com\/wp-content\/uploads\/2021\/05\/florimotozegkocka-cut-adjust-contrast_ymtyb60b_1.png","width":254,"height":472},{"@type":"BreadcrumbList","@id":"https:\/\/tajkertesz.com\/termek\/florimo-tozegkocka-25-l\/#breadcrumb","itemListElement":[{"@type":"ListItem","position":1,"name":"Home","item":"https:\/\/tajkertesz.com\/"},{"@type":"ListItem","position":2,"name":"Kezd\u0151lap","item":"https:\/\/tajkertesz.com\/"},{"@type":"ListItem","position":3,"name":"Florimo t\u0151zegkocka 25 L"}]},{"@type":"WebSite","@id":"https:\/\/tajkertesz.com\/#website","url":"https:\/\/tajkertesz.com\/","name":"T\u00e1j-Kert\u00e9sz 84 Kft.","description":"Kert\u00e9szeti kis- \u00e9s nagykeresked\u00e9s, D\u00edszn\u00f6v\u00e9ny web\u00e1ruh\u00e1z orsz\u00e1gos h\u00e1zhozsz\u00e1ll\u00edt\u00e1ssal!","publisher":{"@id":"https:\/\/tajkertesz.com\/#organization"},"potentialAction":[{"@type":"SearchAction","target":{"@type":"EntryPoint","urlTemplate":"https:\/\/tajkertesz.com\/?s={search_term_string}"},"query-input":{"@type":"PropertyValueSpecification","valueRequired":true,"valueName":"search_term_string"}}],"inLanguage":"en-US"},{"@type":"Organization","@id":"https:\/\/tajkertesz.com\/#organization","name":"T\u00e1j-Kert\u00e9sz 84 Kft.","url":"https:\/\/tajkertesz.com\/","logo":{"@type":"ImageObject","inLanguage":"en-US","@id":"https:\/\/tajkertesz.com\/#\/schema\/logo\/image\/","url":"https:\/\/tajkertesz.com\/wp-content\/uploads\/2018\/02\/logo-2-e1518678052539.png","contentUrl":"https:\/\/tajkertesz.com\/wp-content\/uploads\/2018\/02\/logo-2-e1518678052539.png","width":81,"height":140,"caption":"T\u00e1j-Kert\u00e9sz 84 Kft."},"image":{"@id":"https:\/\/tajkertesz.com\/#\/schema\/logo\/image\/"},"sameAs":["https:\/\/www.facebook.com\/Tajkertesz\/"]}]}},"_links":{"self":[{"href":"https:\/\/tajkertesz.com\/en_US\/wp-json\/wp\/v2\/product\/4206","targetHints":{"allow":["GET"]}}],"collection":[{"href":"https:\/\/tajkertesz.com\/en_US\/wp-json\/wp\/v2\/product"}],"about":[{"href":"https:\/\/tajkertesz.com\/en_US\/wp-json\/wp\/v2\/types\/product"}],"wp:featuredmedia":[{"embeddable":true,"href":"https:\/\/tajkertesz.com\/en_US\/wp-json\/wp\/v2\/media\/4208"}],"wp:attachment":[{"href":"https:\/\/tajkertesz.com\/en_US\/wp-json\/wp\/v2\/media?parent=4206"}],"wp:term":[{"taxonomy":"product_brand","embeddable":true,"href":"https:\/\/tajkertesz.com\/en_US\/wp-json\/wp\/v2\/product_brand?post=4206"},{"taxonomy":"product_cat","embeddable":true,"href":"https:\/\/tajkertesz.com\/en_US\/wp-json\/wp\/v2\/product_cat?post=4206"},{"taxonomy":"product_tag","embeddable":true,"href":"https:\/\/tajkertesz.com\/en_US\/wp-json\/wp\/v2\/product_tag?post=4206"}],"curies":[{"name":"wp","href":"https:\/\/api.w.org\/{rel}","templated":true}]}}