{"id":4213,"date":"2021-05-06T10:19:18","date_gmt":"2021-05-06T10:19:18","guid":{"rendered":"https:\/\/tajkertesz.com\/?post_type=product&#038;p=4213"},"modified":"2026-02-19T10:41:31","modified_gmt":"2026-02-19T10:41:31","slug":"florimo-agyaggranulatum-natur-5-l","status":"publish","type":"product","link":"https:\/\/tajkertesz.com\/en_US\/product\/florimo-agyaggranulatum-natur-5-l\/","title":{"rendered":"Florimo Agyaggranul\u00e1tum nat\u00far 5 L"},"content":{"rendered":"<h3>Florimo Agyaggranul\u00e1tum nat\u00far 5 L<\/h3>\n<p>Florimo Agyaggranul\u00e1tum nat\u00far 5 L Els\u0151sorban az \u00fcltet\u0151ed\u00e9ny alj\u00e1ra v\u00edzelvezet\u00e9s c\u00e9lj\u00e1b\u00f3l, de keverhetj\u00fck a vir\u00e1gf\u00f6ldh\u00f6z is a leveg\u0151z\u00f6tts\u00e9g fokoz\u00e1s\u00e1ra \u00e9s a v\u00edz megtart\u00e1s\u00e1ra.Megfelel\u0151 v\u00e1laszt\u00e1s b\u00e1rmely v\u00edzkult\u00far\u00e1t kedvel\u0151 n\u00f6v\u00e9ny eset\u00e9n.<\/p>\n<p>A granul\u00e1tum dekor\u00e1ci\u00f3s c\u00e9lt szolg\u00e1l, ha talajtakar\u00f3k\u00e9nt szoba- vagy balkonn\u00f6v\u00e9nyek cserep\u00e9be tessz\u00fck. Cs\u00f6kkenti a kisz\u00e1rad\u00e1st \u00e9s a p\u00e1rolg\u00e1st, korl\u00e1tozza a gyomok kin\u00f6v\u00e9s\u00e9t.<\/p>\n<p>Magas h\u0151fokon ki\u00e9getett agyagb\u00f3l k\u00e9sz\u00fclt kis goly\u00f3k.Teljesen term\u00e9szetes anyagb\u00f3l k\u00e9sz\u00fcl, nem tartalmaz vegyi anyagokat. Tov\u00e1bb\u00e1 Ph- semleges, vagyis gyakorlatilag b\u00e1rmennyit sz\u00f3rhatunk a n\u00f6v\u00e9ny k\u00f6r\u00e9, a talaj tulajdons\u00e1g\u00e1ra ez nem lesz befoly\u00e1ssal.\u00a0\u00c1tmoshat\u00f3 foly\u00f3\u00edzzel, nem m\u00e1llik sz\u00e9t. Vagy forral\u00e1ssal, s\u00fct\u0151ben \u00e9get\u00e9ssel fert\u0151tlen\u00edthet\u0151.<br \/>\nA magas v\u00edzmegk\u00f6t\u0151k\u00e9pees\u00e9g\u00e9nek k\u00f6sz\u00f6nhet\u0151en nem pen\u00e9szedik.<\/p>\n<p>&nbsp;<\/p>\n<p><a href=\"https:\/\/tajkertesz.com\/\">https:\/\/tajkertesz.com\/<\/a><\/p>\n<p><a href=\"https:\/\/www.facebook.com\/tajkertesz\">https:\/\/www.facebook.com\/tajkertesz<\/a><\/p>\n<p>&nbsp;<\/p>\n<h3><span id=\"Agyaggranul\u00e1tum\" class=\"mw-headline\">Agyaggranul\u00e1tum<\/span><\/h3>\n<p>Az agyaggranul\u00e1tumok kis agyagg\u00f6mb\u00f6csk\u00e9k 1200 \u00b0C-on t\u00f6rt\u00e9n\u0151 ki\u00e9get\u00e9s\u00e9vel k\u00e9sz\u00fclnek. A ki\u00e9get\u00e9s hat\u00e1s\u00e1ra kit\u00e1gul \u00e9s por\u00f3zuss\u00e1 v\u00e1lik, hasonl\u00f3an a pattogatott kukoric\u00e1hoz. PH-semleges, \u00f6nmag\u00e1ban nem tartalmaz t\u00e1panyagokat \u00e9s nem t\u00f6m\u00f6r\u00f6dik a haszn\u00e1lattal. Az \u00fajrafelhaszn\u00e1l\u00e1s mellett gazdas\u00e1goss\u00e1gi \u00e9s k\u00f6rnyezetv\u00e9delmi \u00e9rvek sz\u00f3lnak, ugyanakkor a gy\u00f6kerek belen\u0151hetnek az agyagg\u00f6mb\u00f6csk\u00e9be, ami annak sz\u00e9tt\u00f6r\u00e9s\u00e9vel k\u00f6zvetlen\u00fcl megvizsg\u00e1lhat\u00f3. Az agyaggranul\u00e1tum el\u0151\u00e1ll\u00edt\u00e1sa a magas ki\u00e9get\u00e9si h\u0151m\u00e9rs\u00e9klet miatt jelent\u0151s energiaig\u00e9nnyel j\u00e1r egy\u00fctt, ugyanakkor az agyag igen gyakran helyileg hozz\u00e1f\u00e9rhet\u0151, \u00edgy nem ig\u00e9nyel nagy energiaig\u00e9ny\u0171 sz\u00e1ll\u00edt\u00e1st.<\/p>\n<p><b>K\u00e9szlet\u00fcnk napi szinten v\u00e1ltozik, ez\u00e9rt k\u00e9rj\u00fck, \u00e9rdekl\u0151dj\u00f6n szem\u00e9lyesen, telefonon vagy email-en.<br \/>\nA v\u00e1ltoztat\u00e1s jog\u00e1t fenntartjuk!\u00a0<\/b><\/p>\n<p>Sz\u00e1ll\u00edt\u00e1s fut\u00e1rszolg\u00e1lattal 200 cm-is, \u00e9s 40 kg-ig lehets\u00e9ges. E felett szem\u00e9lyes \u00e1tv\u00e9tellel vagy egyeztetett sz\u00e1ll\u00edt\u00e1si felt\u00e9tellel lehet.<\/p>\n<p>Term\u00e9k m\u00e9rete: 5 L<\/p>","protected":false},"excerpt":{"rendered":"<h3>Florimo Agyaggranul\u00e1tum nat\u00far 5 L<\/h3>\n<p>Els\u0151sorban az \u00fcltet\u0151ed\u00e9ny alj\u00e1ra v\u00edzelvezet\u00e9s c\u00e9lj\u00e1b\u00f3l, de keverhetj\u00fck a vir\u00e1gf\u00f6ldh\u00f6z is a leveg\u0151z\u00f6tts\u00e9g fokoz\u00e1s\u00e1ra \u00e9s a v\u00edz megtart\u00e1s\u00e1ra.Megfelel\u0151 v\u00e1laszt\u00e1s b\u00e1rmely v\u00edzkult\u00far\u00e1t kedvel\u0151 n\u00f6v\u00e9ny eset\u00e9n.<\/p>","protected":false},"featured_media":4214,"template":"","meta":{"_et_pb_use_builder":"","_et_pb_old_content":"","_et_gb_content_width":""},"product_brand":[],"product_cat":[3571],"product_tag":[1475,1461,971],"class_list":{"0":"post-4213","1":"product","2":"type-product","3":"status-publish","4":"has-post-thumbnail","6":"product_cat-agyaggranulatum","7":"product_tag-agyaggranulatum","8":"product_tag-fold","9":"product_tag-kerti","11":"first","12":"instock","13":"shipping-taxable","14":"purchasable","15":"product-type-simple"},"yoast_head":"<!-- This site is optimized with the Yoast SEO plugin v27.3 - https:\/\/yoast.com\/product\/yoast-seo-wordpress\/ -->\n<title>Florimo Agyaggranul\u00e1tum nat\u00far 5 L - T\u00e1jkert\u00e9sz<\/title>\n<meta name=\"description\" content=\"Florimo Agyaggranul\u00e1tum nat\u00far 5 L Els\u0151sorban az \u00fcltet\u0151ed\u00e9ny alj\u00e1ra v\u00edzelvezet\u00e9s c\u00e9lj\u00e1b\u00f3l, de keverhetj\u00fck a vir\u00e1gf\u00f6ldh\u00f6z is a\" \/>\n<meta name=\"robots\" content=\"index, follow, max-snippet:-1, max-image-preview:large, max-video-preview:-1\" \/>\n<link rel=\"canonical\" href=\"https:\/\/tajkertesz.com\/en_US\/product\/florimo-agyaggranulatum-natur-5-l\/\" \/>\n<meta property=\"og:locale\" content=\"en_US\" \/>\n<meta property=\"og:type\" content=\"article\" \/>\n<meta property=\"og:title\" content=\"https:\/\/www.facebook.com\/tajkertesz\/\" \/>\n<meta property=\"og:description\" content=\"Florimo Agyaggranul\u00e1tum nat\u00far 5 L Els\u0151sorban az \u00fcltet\u0151ed\u00e9ny alj\u00e1ra v\u00edzelvezet\u00e9s c\u00e9lj\u00e1b\u00f3l, de keverhetj\u00fck a vir\u00e1gf\u00f6ldh\u00f6z is a leveg\u0151z\u00f6tts\u00e9g fokoz\u00e1s\u00e1ra \u00e9s a v\u00edz megtart\u00e1s\u00e1ra.Megfelel\u0151 v\u00e1laszt\u00e1s b\u00e1rmely v\u00edzkult\u00far\u00e1t kedvel\u0151 n\u00f6v\u00e9ny eset\u00e9n.\" \/>\n<meta property=\"og:url\" content=\"https:\/\/tajkertesz.com\/en_US\/product\/florimo-agyaggranulatum-natur-5-l\/\" \/>\n<meta property=\"og:site_name\" content=\"T\u00e1jkert\u00e9sz\" \/>\n<meta property=\"article:publisher\" content=\"https:\/\/www.facebook.com\/Tajkertesz\/\" \/>\n<meta property=\"article:modified_time\" content=\"2026-02-19T10:41:31+00:00\" \/>\n<meta property=\"og:image\" content=\"https:\/\/tajkertesz.com\/wp-content\/uploads\/2023\/01\/5l_dekor_agyaggranulatum.png\" \/>\n\t<meta property=\"og:image:width\" content=\"600\" \/>\n\t<meta property=\"og:image:height\" content=\"800\" \/>\n\t<meta property=\"og:image:type\" content=\"image\/png\" \/>\n<meta name=\"twitter:card\" content=\"summary_large_image\" \/>\n<meta name=\"twitter:label1\" content=\"Est. reading time\" \/>\n\t<meta name=\"twitter:data1\" content=\"2 minutes\" \/>\n<script type=\"application\/ld+json\" class=\"yoast-schema-graph\">{\"@context\":\"https:\\\/\\\/schema.org\",\"@graph\":[{\"@type\":\"WebPage\",\"@id\":\"https:\\\/\\\/tajkertesz.com\\\/termek\\\/florimo-agyaggranulatum-natur-5-l\\\/\",\"url\":\"https:\\\/\\\/tajkertesz.com\\\/termek\\\/florimo-agyaggranulatum-natur-5-l\\\/\",\"name\":\"Florimo Agyaggranul\u00e1tum nat\u00far 5 L - T\u00e1jkert\u00e9sz\",\"isPartOf\":{\"@id\":\"https:\\\/\\\/tajkertesz.com\\\/#website\"},\"primaryImageOfPage\":{\"@id\":\"https:\\\/\\\/tajkertesz.com\\\/termek\\\/florimo-agyaggranulatum-natur-5-l\\\/#primaryimage\"},\"image\":{\"@id\":\"https:\\\/\\\/tajkertesz.com\\\/termek\\\/florimo-agyaggranulatum-natur-5-l\\\/#primaryimage\"},\"thumbnailUrl\":\"https:\\\/\\\/tajkertesz.com\\\/wp-content\\\/uploads\\\/2021\\\/05\\\/natur_agyaggranulatum.png\",\"datePublished\":\"2021-05-06T10:19:18+00:00\",\"dateModified\":\"2026-02-19T10:41:31+00:00\",\"description\":\"Florimo Agyaggranul\u00e1tum nat\u00far 5 L Els\u0151sorban az \u00fcltet\u0151ed\u00e9ny alj\u00e1ra v\u00edzelvezet\u00e9s c\u00e9lj\u00e1b\u00f3l, de keverhetj\u00fck a vir\u00e1gf\u00f6ldh\u00f6z is a\",\"breadcrumb\":{\"@id\":\"https:\\\/\\\/tajkertesz.com\\\/termek\\\/florimo-agyaggranulatum-natur-5-l\\\/#breadcrumb\"},\"inLanguage\":\"en-US\",\"potentialAction\":[{\"@type\":\"ReadAction\",\"target\":[\"https:\\\/\\\/tajkertesz.com\\\/termek\\\/florimo-agyaggranulatum-natur-5-l\\\/\"]}]},{\"@type\":\"ImageObject\",\"inLanguage\":\"en-US\",\"@id\":\"https:\\\/\\\/tajkertesz.com\\\/termek\\\/florimo-agyaggranulatum-natur-5-l\\\/#primaryimage\",\"url\":\"https:\\\/\\\/tajkertesz.com\\\/wp-content\\\/uploads\\\/2021\\\/05\\\/natur_agyaggranulatum.png\",\"contentUrl\":\"https:\\\/\\\/tajkertesz.com\\\/wp-content\\\/uploads\\\/2021\\\/05\\\/natur_agyaggranulatum.png\",\"width\":600,\"height\":800},{\"@type\":\"BreadcrumbList\",\"@id\":\"https:\\\/\\\/tajkertesz.com\\\/termek\\\/florimo-agyaggranulatum-natur-5-l\\\/#breadcrumb\",\"itemListElement\":[{\"@type\":\"ListItem\",\"position\":1,\"name\":\"Home\",\"item\":\"https:\\\/\\\/tajkertesz.com\\\/\"},{\"@type\":\"ListItem\",\"position\":2,\"name\":\"Kezd\u0151lap\",\"item\":\"https:\\\/\\\/tajkertesz.com\\\/\"},{\"@type\":\"ListItem\",\"position\":3,\"name\":\"Florimo Agyaggranul\u00e1tum nat\u00far 5 L\"}]},{\"@type\":\"WebSite\",\"@id\":\"https:\\\/\\\/tajkertesz.com\\\/#website\",\"url\":\"https:\\\/\\\/tajkertesz.com\\\/\",\"name\":\"T\u00e1j-Kert\u00e9sz 84 Kft.\",\"description\":\"Kert\u00e9szeti kis- \u00e9s nagykeresked\u00e9s, D\u00edszn\u00f6v\u00e9ny web\u00e1ruh\u00e1z orsz\u00e1gos h\u00e1zhozsz\u00e1ll\u00edt\u00e1ssal!\",\"publisher\":{\"@id\":\"https:\\\/\\\/tajkertesz.com\\\/#organization\"},\"potentialAction\":[{\"@type\":\"SearchAction\",\"target\":{\"@type\":\"EntryPoint\",\"urlTemplate\":\"https:\\\/\\\/tajkertesz.com\\\/?s={search_term_string}\"},\"query-input\":{\"@type\":\"PropertyValueSpecification\",\"valueRequired\":true,\"valueName\":\"search_term_string\"}}],\"inLanguage\":\"en-US\"},{\"@type\":\"Organization\",\"@id\":\"https:\\\/\\\/tajkertesz.com\\\/#organization\",\"name\":\"T\u00e1j-Kert\u00e9sz 84 Kft.\",\"url\":\"https:\\\/\\\/tajkertesz.com\\\/\",\"logo\":{\"@type\":\"ImageObject\",\"inLanguage\":\"en-US\",\"@id\":\"https:\\\/\\\/tajkertesz.com\\\/#\\\/schema\\\/logo\\\/image\\\/\",\"url\":\"https:\\\/\\\/tajkertesz.com\\\/wp-content\\\/uploads\\\/2018\\\/02\\\/logo-2-e1518678052539.png\",\"contentUrl\":\"https:\\\/\\\/tajkertesz.com\\\/wp-content\\\/uploads\\\/2018\\\/02\\\/logo-2-e1518678052539.png\",\"width\":81,\"height\":140,\"caption\":\"T\u00e1j-Kert\u00e9sz 84 Kft.\"},\"image\":{\"@id\":\"https:\\\/\\\/tajkertesz.com\\\/#\\\/schema\\\/logo\\\/image\\\/\"},\"sameAs\":[\"https:\\\/\\\/www.facebook.com\\\/Tajkertesz\\\/\"]}]}<\/script>\n<!-- \/ Yoast SEO plugin. -->","yoast_head_json":{"title":"Florimo Agyaggranul\u00e1tum nat\u00far 5 L - T\u00e1jkert\u00e9sz","description":"Florimo Agyaggranul\u00e1tum nat\u00far 5 L Els\u0151sorban az \u00fcltet\u0151ed\u00e9ny alj\u00e1ra v\u00edzelvezet\u00e9s c\u00e9lj\u00e1b\u00f3l, de keverhetj\u00fck a vir\u00e1gf\u00f6ldh\u00f6z is a","robots":{"index":"index","follow":"follow","max-snippet":"max-snippet:-1","max-image-preview":"max-image-preview:large","max-video-preview":"max-video-preview:-1"},"canonical":"https:\/\/tajkertesz.com\/en_US\/product\/florimo-agyaggranulatum-natur-5-l\/","og_locale":"en_US","og_type":"article","og_title":"https:\/\/www.facebook.com\/tajkertesz\/","og_description":"Florimo Agyaggranul\u00e1tum nat\u00far 5 L Els\u0151sorban az \u00fcltet\u0151ed\u00e9ny alj\u00e1ra v\u00edzelvezet\u00e9s c\u00e9lj\u00e1b\u00f3l, de keverhetj\u00fck a vir\u00e1gf\u00f6ldh\u00f6z is a leveg\u0151z\u00f6tts\u00e9g fokoz\u00e1s\u00e1ra \u00e9s a v\u00edz megtart\u00e1s\u00e1ra.Megfelel\u0151 v\u00e1laszt\u00e1s b\u00e1rmely v\u00edzkult\u00far\u00e1t kedvel\u0151 n\u00f6v\u00e9ny eset\u00e9n.","og_url":"https:\/\/tajkertesz.com\/en_US\/product\/florimo-agyaggranulatum-natur-5-l\/","og_site_name":"T\u00e1jkert\u00e9sz","article_publisher":"https:\/\/www.facebook.com\/Tajkertesz\/","article_modified_time":"2026-02-19T10:41:31+00:00","og_image":[{"width":600,"height":800,"url":"https:\/\/tajkertesz.com\/wp-content\/uploads\/2023\/01\/5l_dekor_agyaggranulatum.png","type":"image\/png"}],"twitter_card":"summary_large_image","twitter_misc":{"Est. reading time":"2 minutes"},"schema":{"@context":"https:\/\/schema.org","@graph":[{"@type":"WebPage","@id":"https:\/\/tajkertesz.com\/termek\/florimo-agyaggranulatum-natur-5-l\/","url":"https:\/\/tajkertesz.com\/termek\/florimo-agyaggranulatum-natur-5-l\/","name":"Florimo Agyaggranul\u00e1tum nat\u00far 5 L - T\u00e1jkert\u00e9sz","isPartOf":{"@id":"https:\/\/tajkertesz.com\/#website"},"primaryImageOfPage":{"@id":"https:\/\/tajkertesz.com\/termek\/florimo-agyaggranulatum-natur-5-l\/#primaryimage"},"image":{"@id":"https:\/\/tajkertesz.com\/termek\/florimo-agyaggranulatum-natur-5-l\/#primaryimage"},"thumbnailUrl":"https:\/\/tajkertesz.com\/wp-content\/uploads\/2021\/05\/natur_agyaggranulatum.png","datePublished":"2021-05-06T10:19:18+00:00","dateModified":"2026-02-19T10:41:31+00:00","description":"Florimo Agyaggranul\u00e1tum nat\u00far 5 L Els\u0151sorban az \u00fcltet\u0151ed\u00e9ny alj\u00e1ra v\u00edzelvezet\u00e9s c\u00e9lj\u00e1b\u00f3l, de keverhetj\u00fck a vir\u00e1gf\u00f6ldh\u00f6z is a","breadcrumb":{"@id":"https:\/\/tajkertesz.com\/termek\/florimo-agyaggranulatum-natur-5-l\/#breadcrumb"},"inLanguage":"en-US","potentialAction":[{"@type":"ReadAction","target":["https:\/\/tajkertesz.com\/termek\/florimo-agyaggranulatum-natur-5-l\/"]}]},{"@type":"ImageObject","inLanguage":"en-US","@id":"https:\/\/tajkertesz.com\/termek\/florimo-agyaggranulatum-natur-5-l\/#primaryimage","url":"https:\/\/tajkertesz.com\/wp-content\/uploads\/2021\/05\/natur_agyaggranulatum.png","contentUrl":"https:\/\/tajkertesz.com\/wp-content\/uploads\/2021\/05\/natur_agyaggranulatum.png","width":600,"height":800},{"@type":"BreadcrumbList","@id":"https:\/\/tajkertesz.com\/termek\/florimo-agyaggranulatum-natur-5-l\/#breadcrumb","itemListElement":[{"@type":"ListItem","position":1,"name":"Home","item":"https:\/\/tajkertesz.com\/"},{"@type":"ListItem","position":2,"name":"Kezd\u0151lap","item":"https:\/\/tajkertesz.com\/"},{"@type":"ListItem","position":3,"name":"Florimo Agyaggranul\u00e1tum nat\u00far 5 L"}]},{"@type":"WebSite","@id":"https:\/\/tajkertesz.com\/#website","url":"https:\/\/tajkertesz.com\/","name":"T\u00e1j-Kert\u00e9sz 84 Kft.","description":"Kert\u00e9szeti kis- \u00e9s nagykeresked\u00e9s, D\u00edszn\u00f6v\u00e9ny web\u00e1ruh\u00e1z orsz\u00e1gos h\u00e1zhozsz\u00e1ll\u00edt\u00e1ssal!","publisher":{"@id":"https:\/\/tajkertesz.com\/#organization"},"potentialAction":[{"@type":"SearchAction","target":{"@type":"EntryPoint","urlTemplate":"https:\/\/tajkertesz.com\/?s={search_term_string}"},"query-input":{"@type":"PropertyValueSpecification","valueRequired":true,"valueName":"search_term_string"}}],"inLanguage":"en-US"},{"@type":"Organization","@id":"https:\/\/tajkertesz.com\/#organization","name":"T\u00e1j-Kert\u00e9sz 84 Kft.","url":"https:\/\/tajkertesz.com\/","logo":{"@type":"ImageObject","inLanguage":"en-US","@id":"https:\/\/tajkertesz.com\/#\/schema\/logo\/image\/","url":"https:\/\/tajkertesz.com\/wp-content\/uploads\/2018\/02\/logo-2-e1518678052539.png","contentUrl":"https:\/\/tajkertesz.com\/wp-content\/uploads\/2018\/02\/logo-2-e1518678052539.png","width":81,"height":140,"caption":"T\u00e1j-Kert\u00e9sz 84 Kft."},"image":{"@id":"https:\/\/tajkertesz.com\/#\/schema\/logo\/image\/"},"sameAs":["https:\/\/www.facebook.com\/Tajkertesz\/"]}]}},"_links":{"self":[{"href":"https:\/\/tajkertesz.com\/en_US\/wp-json\/wp\/v2\/product\/4213","targetHints":{"allow":["GET"]}}],"collection":[{"href":"https:\/\/tajkertesz.com\/en_US\/wp-json\/wp\/v2\/product"}],"about":[{"href":"https:\/\/tajkertesz.com\/en_US\/wp-json\/wp\/v2\/types\/product"}],"wp:featuredmedia":[{"embeddable":true,"href":"https:\/\/tajkertesz.com\/en_US\/wp-json\/wp\/v2\/media\/4214"}],"wp:attachment":[{"href":"https:\/\/tajkertesz.com\/en_US\/wp-json\/wp\/v2\/media?parent=4213"}],"wp:term":[{"taxonomy":"product_brand","embeddable":true,"href":"https:\/\/tajkertesz.com\/en_US\/wp-json\/wp\/v2\/product_brand?post=4213"},{"taxonomy":"product_cat","embeddable":true,"href":"https:\/\/tajkertesz.com\/en_US\/wp-json\/wp\/v2\/product_cat?post=4213"},{"taxonomy":"product_tag","embeddable":true,"href":"https:\/\/tajkertesz.com\/en_US\/wp-json\/wp\/v2\/product_tag?post=4213"}],"curies":[{"name":"wp","href":"https:\/\/api.w.org\/{rel}","templated":true}]}}