{"id":4250,"date":"2021-05-06T12:11:59","date_gmt":"2021-05-06T12:11:59","guid":{"rendered":"https:\/\/tajkertesz.com\/?post_type=product&#038;p=4250"},"modified":"2026-02-18T14:36:44","modified_gmt":"2026-02-18T14:36:44","slug":"substral-naturen-bio-kerti-tragya-1-7-kg","status":"publish","type":"product","link":"https:\/\/tajkertesz.com\/en_US\/product\/substral-naturen-bio-kerti-tragya-1-7-kg\/","title":{"rendered":"SUBSTRAL NATUREN Bio kerti tr\u00e1gya 1,7 kg"},"content":{"rendered":"<div class=\"artdet__name-rating d-none d-lg-block\">\n<div class=\"row gutters-5\">\n<div class=\"col\">\n<h2 class=\"artdet__name line-clamp--3-12\">SUBSTRAL NATUREN Bio kerti tr\u00e1gya 1,7 kg<\/h2>\n<\/div>\n<\/div>\n<\/div>\n<div id=\"artdet__short-descrition\" class=\"artdet__short-descripton artdet-block border-block\">\n<div class=\"artdet__short-descripton-content text-justify font-s font-sm-m\">\n<p>SUBSTRAL NATUREN Bio kerti tr\u00e1gya 1,7 kg.Szerves- \u00e1sv\u00e1nyi tr\u00e1gya valamennyi kerti n\u00f6v\u00e9nynek. (pl. vir\u00e1gok, bokrok, d\u00edszf\u00e1k, s\u00f6v\u00e9nyek, vadr\u00f3zsa, z\u00f6lds\u00e9gek, eper, gy\u00fcm\u00f6lcsf\u00e1k).100%-ban term\u00e9szetes \u00f6sszetev\u0151kb\u0151l \u00e1ll. Term\u00e9szetes \u00e9s k\u00edm\u00e9letes, ak\u00e1r 3 h\u00f3napig tart\u00f3 hat\u00e1s.Felhaszn\u00e1l\u00f3bar\u00e1t mini granul\u00e1tum, pormentes.\u00d6kol\u00f3giai gazd\u00e1lkod\u00e1sokban is haszn\u00e1lhat\u00f3.A term\u00e9k magn\u00e9ziumtartalma hozz\u00e1j\u00e1rul a n\u00f6v\u00e9nyek er\u0151s, z\u00f6ld lev\u00e9lzet\u00e9nek kialakul\u00e1s\u00e1hoz.El\u0151seg\u00edti a talaj term\u00e9kenys\u00e9g\u00e9t a szerves \u00f6sszetev\u0151k \u00e1ltal.NPK 6-3-3 + kalcium \u00e9s magn\u00e9zium<\/p>\n<p style=\"font-weight: 400;\"><b><span style=\"font-style: inherit;\">Felhaszn\u00e1lhat\u00f3:<\/span><\/b><\/p>\n<p style=\"font-weight: 400;\">Kert\u00e9szeti kult\u00far\u00e1k t\u00e1panyag ut\u00e1np\u00f3tl\u00e1s\u00e1ra a m\u00e1rcius \u00e9s okt\u00f3ber k\u00f6z\u00f6tti id\u0151szakban<\/p>\n<p style=\"font-weight: 400;\">\u00a0\u00a0&#8211; z\u00f6lds\u00e9gtermeszt\u00e9sben<\/p>\n<p style=\"font-weight: 400;\">\u00a0\u00a0&#8211; sal\u00e1ta, hagyma, z\u00f6ldbors\u00f3, retek, z\u00f6ldbab termeszt\u00e9s\u00e9ben<\/p>\n<p style=\"font-weight: 400;\">\u00a0\u00a0&#8211; spen\u00f3t, karal\u00e1b\u00e9, \u00e9desk\u00f6m\u00e9ny, zeller, p\u00f3r\u00e9hagyma, s\u00e1rgar\u00e9pa, burgonya<\/p>\n<p style=\"font-weight: 400;\">\u00a0\u00a0&#8211; brokkoli, karfiol, kelbimb\u00f3, paradicsom termeszt\u00e9s\u00e9ben<\/p>\n<p style=\"font-weight: 400;\">\u00a0\u00a0&#8211; gy\u00fcm\u00f6lcsf\u00e1k telep\u00edt\u00e9sekor (75-175 g\/\u00fcltet\u0151 g\u00f6d\u00f6r) a talajjal \u00f6sszekeverve, a gy\u00f6k\u00e9rzet al\u00e1 legal\u00e1bb 8-10 cm-re bedolgozva,<\/p>\n<p style=\"font-weight: 400;\">\u00a0\u00a0&#8211; term\u0151 gy\u00fcm\u00f6lcsf\u00e9l\u00e9kben tavasszal \u00e9s \u0151sszel kisz\u00f3rva, \u00e9s 15-20 cm m\u00e9lys\u00e9gben a talajba bedolgozva,<\/p>\n<p style=\"font-weight: 400;\">\u00a0\u00a0&#8211; szam\u00f3ca telep\u00edt\u00e9sekor \u00fcltet\u00e9s el\u0151tt kisz\u00f3rva \u00e9s a talajba bedolgozva,<\/p>\n<p style=\"font-weight: 400;\">\u00a0\u00a0&#8211; term\u0151 szam\u00f3ca \u00fcltetv\u00e9nyen betakar\u00edt\u00e1s ut\u00e1n kisz\u00f3rva \u00e9s a talajba bedolgozva<\/p>\n<p style=\"font-weight: 400;\">\u00a0\u00a0&#8211; d\u00edszcserj\u00e9k, d\u00edszf\u00e1k telep\u00edt\u00e9sekor, \u00e9s fenntart\u00f3 tr\u00e1gy\u00e1z\u00e1sukra tavasszal \u00e9s \u0151sszel<\/p>\n<p style=\"font-weight: 400;\">\u00a0\u00a0\u00a0-\u00e9vel\u0151 d\u00edszn\u00f6v\u00e9nyek, k\u00fasz\u00f3n\u00f6v\u00e9nyek telep\u00edt\u00e9sekor, \u00e9s fenntart\u00f3 tr\u00e1gy\u00e1z\u00e1sukra tavasszal \u00e9s \u0151sszel<\/p>\n<p style=\"font-weight: 400;\">\u00a0 &#8211; balkonl\u00e1d\u00e1s \u00e9s cserepes n\u00f6v\u00e9nyek termeszt\u0151 k\u00f6zeg\u00e9hez bekeverve \u00e9s be\u00f6nt\u00f6zve.<\/p>\n<p style=\"font-weight: 400;\"><b><strong>T\u00e1rol\u00e1s:<\/strong><\/b> sz\u00e1raz, h\u0171v\u00f6s, napf\u00e9nyt\u0151l v\u00e9dett, fedett helyen.<\/p>\n<p style=\"font-weight: 400;\"><b><strong>Eltarthat\u00f3s\u00e1g ideje:<\/strong><\/b>\u00a0eredeti, z\u00e1rt csomagol\u00e1sban korl\u00e1tlan ideig<\/p>\n<\/div>\n<\/div>\n<div><a href=\"https:\/\/www.facebook.com\/tajkertesz\">https:\/\/www.facebook.com\/tajkertesz<\/a><\/div>\n<div><a href=\"https:\/\/tajkertesz.com\/\">https:\/\/tajkertesz.com\/<\/a><\/div>\n<div><\/div>\n<h4><span id=\"A_m\u0171tr\u00e1gy\u00e1z\u00e1s_hat\u00e1sai\" class=\"mw-headline\" style=\"color: #ffffff;\">A m\u0171tr\u00e1gy\u00e1z\u00e1s hat\u00e1sai<\/span><\/h4>\n<p><span style=\"color: #ffffff;\">A k\u00f6znyelvben gyakran keverik a m\u0171tr\u00e1gy\u00e1kat a n\u00f6v\u00e9nyv\u00e9d\u0151 szerekkel. Azonban a m\u0171tr\u00e1gya nem term\u00e9szetidegen anyag. A m\u0171tr\u00e1gy\u00e1z\u00e1ssal olyan vegyi anyagok nem ker\u00fclnek a talajba, amik m\u00e1r eleve nem lenn\u00e9nek jelen. Ugyanazon fontos t\u00e1pionokat tartalmazza, melyeket a talaj- \u00e9s a szerves tr\u00e1gy\u00e1k is szolg\u00e1ltatnak. Teh\u00e1t megfelel\u0151en alkalmazva a m\u0171tr\u00e1gy\u00e1k csak minim\u00e1lis k\u00e1ros hat\u00e1ssal vannak a k\u00f6rnyezetre n\u00e9zve. S\u0151t, amennyiben t\u00e9nylegesen a talaj hi\u00e1nyoss\u00e1gait p\u00f3tolj\u00e1k, illetve a talajhib\u00e1kat orvosolj\u00e1k (t\u00e1pelem-ar\u00e1nyok \u00e9s ar\u00e1nytalans\u00e1gok megsz\u00fcntet\u00e9se, t\u00falzott savass\u00e1g vagy l\u00fagoss\u00e1g tomp\u00edt\u00e1sa stb.), \u00fagy alkalmaz\u00e1sukkal eg\u00e9szs\u00e9gesebb talaj, talaj\u00e9let, n\u00f6v\u00e9nyzet, \u00e1llati \u00e9s emberi k\u00f6z\u00f6ss\u00e9gek j\u00f6hetnek l\u00e9tre az addig term\u00e9ketlen f\u00f6ldeken.<\/span><\/p>\n<p><span style=\"color: #ffffff;\">A megm\u0171velt ter\u00fcletek megn\u00f6vekedett termel\u00e9kenys\u00e9ge lehet\u0151v\u00e9 teszi az erd\u0151k \u00e9s r\u00e9tek term\u00e9szetes \u00e1llapotban val\u00f3 meg\u0151rz\u00e9s\u00e9t, nem kell \u00fajabb sz\u0171z ter\u00fcleteket bevonni a mez\u0151gazdas\u00e1gba. Teh\u00e1t a helyes elveken nyugv\u00f3 m\u0171tr\u00e1gy\u00e1z\u00e1s j\u00f3t\u00e9kony hat\u00e1ssal lehet a k\u00f6rnyezetre, ugyanis <i>v\u00e9di \u00e9s jav\u00edtja<\/i> azt, hiszen a n\u00f6v\u00e9nyzet oxig\u00e9ntermel\u00e9s\u00e9vel hozz\u00e1j\u00e1rul a l\u00e9gk\u00f6r fenntart\u00e1s\u00e1hoz, \u00edgy cs\u00f6kkentve az \u00fcvegh\u00e1zhat\u00e1st. A talaj szervesanyag-tartalma is megn\u00f6vekszik a nagyobb mennyis\u00e9g\u0171 tarl\u00f3- \u00e9s sz\u00e1rmaradv\u00e1ny talajba jut\u00e1sa r\u00e9v\u00e9n. A talajer\u00f3zi\u00f3t cs\u00f6kkenti az eg\u00e9szs\u00e9ges n\u00f6v\u00e9nyzet akt\u00edv gy\u00f6k\u00e9rzete r\u00e9v\u00e9n, \u00e9s a talajban term\u00e9szetesen el\u0151fordul\u00f3, illetve kijuttatott t\u00e1panyagokat is jobban hasznos\u00edtja, korl\u00e1tozva a t\u00e1panyagok talajmenti vizekbe jut\u00e1s\u00e1t.<\/span><\/p>\n<h4><span id=\"A_m\u0171tr\u00e1gy\u00e1z\u00e1s_szezonja\" class=\"mw-headline\" style=\"color: #ffffff;\">A m\u0171tr\u00e1gy\u00e1z\u00e1s szezonja<\/span><\/h4>\n<p><span style=\"color: #ffffff;\">A nitrog\u00e9n tartalm\u00fa m\u0171tr\u00e1gy\u00e1k f\u0151 szezonja a tavaszi id\u0151szak. Hiszen kisebb mennyis\u00e9get haszn\u00e1lnak \u0151sszel a vet\u00e9sek al\u00e1 alaptr\u00e1gyak\u00e9nt, azonban a gondos gazd\u00e1k a komposzt \u00e9rlel\u00e9s\u00e9hez eg\u00e9sz \u00e9vben, \u0151sszel pedig szalm\u00e1s ist\u00e1ll\u00f3tr\u00e1gya, z\u00f6ldtr\u00e1gya illetve egy\u00e9b szerves anyag bedolgoz\u00e1s\u00e1val egyidej\u0171leg is alkalmazz\u00e1k a humifik\u00e1l\u00f3d\u00e1s el\u0151seg\u00edt\u00e9s\u00e9re.<\/span><\/p>\n<p><strong>Kiszerel\u00e9s : 1,7 kg<\/strong><\/p>","protected":false},"excerpt":{"rendered":"<div class=\"artdet__name-rating d-none d-lg-block\">\n<div class=\"row gutters-5\">\n<div class=\"col\">\n<div class=\"artdet__name-rating d-none d-lg-block\">\n<div class=\"row gutters-5\">\n<div class=\"col\">\n<div class=\"artdet__name-rating d-none d-lg-block\">\n<div class=\"row gutters-5\">\n<div class=\"col\">\n<div class=\"artdet__name-rating d-none d-lg-block\">\n<div class=\"row gutters-5\">\n<div class=\"col\">\n<div class=\"artdet__name-rating d-none d-lg-block\">\n<div class=\"row gutters-5\">\n<div class=\"col\">\n<div class=\"artdet__name-rating d-none d-lg-block\">\n<div class=\"row gutters-5\">\n<div class=\"col\">\n<div class=\"artdet__name-rating d-none d-lg-block\">\n<div class=\"row gutters-5\">\n<div class=\"col\">\n<div class=\"artdet__name-rating d-none d-lg-block\">\n<div class=\"row gutters-5\">\n<div class=\"col\">\n<div class=\"artdet__name-rating d-none d-lg-block\">\n<div class=\"row gutters-5\">\n<div class=\"col\">\n<div class=\"artdet__name-rating d-none d-lg-block\">\n<div class=\"row gutters-5\">\n<div class=\"col\">\n<div class=\"artdet__name-rating d-none d-lg-block\">\n<div class=\"row gutters-5\">\n<div class=\"col\">\n<div class=\"artdet__name-rating d-none d-lg-block\">\n<div class=\"row gutters-5\">\n<div class=\"col\">\n<h2 class=\"artdet__name line-clamp--3-12\">SUBSTRAL NATUREN Bio kerti tr\u00e1gya 1,7 kg<\/h2>\n<\/div>\n<\/div>\n<\/div>\n<div id=\"artdet__short-descrition\" class=\"artdet__short-descripton artdet-block border-block\">\n<div class=\"artdet__short-descripton-content text-justify font-s font-sm-m\">\n<p>SUBSTRAL NATUREN Bio kerti tr\u00e1gya 1,7 kg.Szerves- \u00e1sv\u00e1nyi tr\u00e1gya valamennyi kerti n\u00f6v\u00e9nynek. (pl. vir\u00e1gok, bokrok, d\u00edszf\u00e1k, s\u00f6v\u00e9nyek, vadr\u00f3zsa, z\u00f6lds\u00e9gek, eper, gy\u00fcm\u00f6lcsf\u00e1k).100%-ban term\u00e9szetes \u00f6sszetev\u0151kb\u0151l \u00e1ll. Term\u00e9szetes \u00e9s k\u00edm\u00e9letes, ak\u00e1r 3 h\u00f3napig tart\u00f3 hat\u00e1s.Felhaszn\u00e1l\u00f3bar\u00e1t mini granul\u00e1tum, pormentes.\u00d6kol\u00f3giai gazd\u00e1lkod\u00e1sokban is haszn\u00e1lhat\u00f3.A term\u00e9k magn\u00e9ziumtartalma hozz\u00e1j\u00e1rul a n\u00f6v\u00e9nyek er\u0151s, z\u00f6ld lev\u00e9lzet\u00e9nek kialakul\u00e1s\u00e1hoz.El\u0151seg\u00edti a talaj term\u00e9kenys\u00e9g\u00e9t a szerves \u00f6sszetev\u0151k \u00e1ltal.NPK 6-3-3 + kalcium \u00e9s magn\u00e9zium<\/p>\n<\/div>\n<\/div>\n<\/div>\n<\/div>\n<\/div>\n<\/div>\n<\/div>\n<\/div>\n<\/div>\n<\/div>\n<\/div>\n<\/div>\n<\/div>\n<\/div>\n<\/div>\n<\/div>\n<\/div>\n<\/div>\n<\/div>\n<\/div>\n<\/div>\n<\/div>\n<\/div>\n<\/div>\n<\/div>\n<\/div>\n<\/div>\n<\/div>\n<\/div>\n<\/div>\n<\/div>\n<\/div>\n<\/div>\n<\/div>\n<\/div>","protected":false},"featured_media":4251,"template":"","meta":{"_et_pb_use_builder":"","_et_pb_old_content":"","_et_gb_content_width":""},"product_brand":[],"product_cat":[1455,35],"product_tag":[1486,971,1476,36,1466],"class_list":{"0":"post-4250","1":"product","2":"type-product","3":"status-publish","4":"has-post-thumbnail","6":"product_cat-substral-mutragyak-tapoldatok","7":"product_cat-tragyak","8":"product_tag-bio","9":"product_tag-kerti","10":"product_tag-substral","11":"product_tag-tragya","12":"product_tag-zoldseg","14":"first","15":"instock","16":"shipping-taxable","17":"purchasable","18":"product-type-simple"},"yoast_head":"<!-- This site is optimized with the Yoast SEO plugin v27.3 - https:\/\/yoast.com\/product\/yoast-seo-wordpress\/ -->\n<title>SUBSTRAL NATUREN Bio kerti tr\u00e1gya 1,7 kg - T\u00e1jkert\u00e9sz<\/title>\n<meta name=\"description\" content=\"SUBSTRAL NATUREN Bio kerti tr\u00e1gya 1,7 kg.Szerves- \u00e1sv\u00e1nyi tr\u00e1gya valamennyi kerti n\u00f6v\u00e9nynek. (pl. vir\u00e1gok, bokrok, d\u00edszf\u00e1k, s\u00f6v\u00e9nyek, vadr\u00f3zsa,\" \/>\n<meta name=\"robots\" content=\"index, follow, max-snippet:-1, max-image-preview:large, max-video-preview:-1\" \/>\n<link rel=\"canonical\" href=\"https:\/\/tajkertesz.com\/en_US\/product\/substral-naturen-bio-kerti-tragya-1-7-kg\/\" \/>\n<meta property=\"og:locale\" content=\"en_US\" \/>\n<meta property=\"og:type\" content=\"article\" \/>\n<meta property=\"og:title\" content=\"SUBSTRAL NATUREN Bio kerti tr\u00e1gya 1,7 kg - T\u00e1jkert\u00e9sz\" \/>\n<meta property=\"og:description\" content=\"SUBSTRAL NATUREN Bio kerti tr\u00e1gya 1,7 kg.Szerves- \u00e1sv\u00e1nyi tr\u00e1gya valamennyi kerti n\u00f6v\u00e9nynek. (pl. vir\u00e1gok, bokrok, d\u00edszf\u00e1k, s\u00f6v\u00e9nyek, vadr\u00f3zsa,\" \/>\n<meta property=\"og:url\" content=\"https:\/\/tajkertesz.com\/en_US\/product\/substral-naturen-bio-kerti-tragya-1-7-kg\/\" \/>\n<meta property=\"og:site_name\" content=\"T\u00e1jkert\u00e9sz\" \/>\n<meta property=\"article:publisher\" content=\"https:\/\/www.facebook.com\/Tajkertesz\/\" \/>\n<meta property=\"article:modified_time\" content=\"2026-02-18T14:36:44+00:00\" \/>\n<meta property=\"og:image\" content=\"https:\/\/tajkertesz.com\/wp-content\/uploads\/2021\/05\/607fd1d218a164077.jpeg\" \/>\n\t<meta property=\"og:image:width\" content=\"290\" \/>\n\t<meta property=\"og:image:height\" content=\"462\" \/>\n\t<meta property=\"og:image:type\" content=\"image\/jpeg\" \/>\n<meta name=\"twitter:card\" content=\"summary_large_image\" \/>\n<meta name=\"twitter:label1\" content=\"Est. reading time\" \/>\n\t<meta name=\"twitter:data1\" content=\"3 minutes\" \/>\n<script type=\"application\/ld+json\" class=\"yoast-schema-graph\">{\"@context\":\"https:\\\/\\\/schema.org\",\"@graph\":[{\"@type\":\"WebPage\",\"@id\":\"https:\\\/\\\/tajkertesz.com\\\/termek\\\/substral-naturen-bio-kerti-tragya-1-7-kg\\\/\",\"url\":\"https:\\\/\\\/tajkertesz.com\\\/termek\\\/substral-naturen-bio-kerti-tragya-1-7-kg\\\/\",\"name\":\"SUBSTRAL NATUREN Bio kerti tr\u00e1gya 1,7 kg - T\u00e1jkert\u00e9sz\",\"isPartOf\":{\"@id\":\"https:\\\/\\\/tajkertesz.com\\\/#website\"},\"primaryImageOfPage\":{\"@id\":\"https:\\\/\\\/tajkertesz.com\\\/termek\\\/substral-naturen-bio-kerti-tragya-1-7-kg\\\/#primaryimage\"},\"image\":{\"@id\":\"https:\\\/\\\/tajkertesz.com\\\/termek\\\/substral-naturen-bio-kerti-tragya-1-7-kg\\\/#primaryimage\"},\"thumbnailUrl\":\"https:\\\/\\\/tajkertesz.com\\\/wp-content\\\/uploads\\\/2021\\\/05\\\/607fd1d218a164077.jpeg\",\"datePublished\":\"2021-05-06T12:11:59+00:00\",\"dateModified\":\"2026-02-18T14:36:44+00:00\",\"description\":\"SUBSTRAL NATUREN Bio kerti tr\u00e1gya 1,7 kg.Szerves- \u00e1sv\u00e1nyi tr\u00e1gya valamennyi kerti n\u00f6v\u00e9nynek. (pl. vir\u00e1gok, bokrok, d\u00edszf\u00e1k, s\u00f6v\u00e9nyek, vadr\u00f3zsa,\",\"breadcrumb\":{\"@id\":\"https:\\\/\\\/tajkertesz.com\\\/termek\\\/substral-naturen-bio-kerti-tragya-1-7-kg\\\/#breadcrumb\"},\"inLanguage\":\"en-US\",\"potentialAction\":[{\"@type\":\"ReadAction\",\"target\":[\"https:\\\/\\\/tajkertesz.com\\\/termek\\\/substral-naturen-bio-kerti-tragya-1-7-kg\\\/\"]}]},{\"@type\":\"ImageObject\",\"inLanguage\":\"en-US\",\"@id\":\"https:\\\/\\\/tajkertesz.com\\\/termek\\\/substral-naturen-bio-kerti-tragya-1-7-kg\\\/#primaryimage\",\"url\":\"https:\\\/\\\/tajkertesz.com\\\/wp-content\\\/uploads\\\/2021\\\/05\\\/607fd1d218a164077.jpeg\",\"contentUrl\":\"https:\\\/\\\/tajkertesz.com\\\/wp-content\\\/uploads\\\/2021\\\/05\\\/607fd1d218a164077.jpeg\",\"width\":290,\"height\":462},{\"@type\":\"BreadcrumbList\",\"@id\":\"https:\\\/\\\/tajkertesz.com\\\/termek\\\/substral-naturen-bio-kerti-tragya-1-7-kg\\\/#breadcrumb\",\"itemListElement\":[{\"@type\":\"ListItem\",\"position\":1,\"name\":\"Home\",\"item\":\"https:\\\/\\\/tajkertesz.com\\\/\"},{\"@type\":\"ListItem\",\"position\":2,\"name\":\"Kezd\u0151lap\",\"item\":\"https:\\\/\\\/tajkertesz.com\\\/\"},{\"@type\":\"ListItem\",\"position\":3,\"name\":\"SUBSTRAL NATUREN Bio kerti tr\u00e1gya 1,7 kg\"}]},{\"@type\":\"WebSite\",\"@id\":\"https:\\\/\\\/tajkertesz.com\\\/#website\",\"url\":\"https:\\\/\\\/tajkertesz.com\\\/\",\"name\":\"T\u00e1j-Kert\u00e9sz 84 Kft.\",\"description\":\"Kert\u00e9szeti kis- \u00e9s nagykeresked\u00e9s, D\u00edszn\u00f6v\u00e9ny web\u00e1ruh\u00e1z orsz\u00e1gos h\u00e1zhozsz\u00e1ll\u00edt\u00e1ssal!\",\"publisher\":{\"@id\":\"https:\\\/\\\/tajkertesz.com\\\/#organization\"},\"potentialAction\":[{\"@type\":\"SearchAction\",\"target\":{\"@type\":\"EntryPoint\",\"urlTemplate\":\"https:\\\/\\\/tajkertesz.com\\\/?s={search_term_string}\"},\"query-input\":{\"@type\":\"PropertyValueSpecification\",\"valueRequired\":true,\"valueName\":\"search_term_string\"}}],\"inLanguage\":\"en-US\"},{\"@type\":\"Organization\",\"@id\":\"https:\\\/\\\/tajkertesz.com\\\/#organization\",\"name\":\"T\u00e1j-Kert\u00e9sz 84 Kft.\",\"url\":\"https:\\\/\\\/tajkertesz.com\\\/\",\"logo\":{\"@type\":\"ImageObject\",\"inLanguage\":\"en-US\",\"@id\":\"https:\\\/\\\/tajkertesz.com\\\/#\\\/schema\\\/logo\\\/image\\\/\",\"url\":\"https:\\\/\\\/tajkertesz.com\\\/wp-content\\\/uploads\\\/2018\\\/02\\\/logo-2-e1518678052539.png\",\"contentUrl\":\"https:\\\/\\\/tajkertesz.com\\\/wp-content\\\/uploads\\\/2018\\\/02\\\/logo-2-e1518678052539.png\",\"width\":81,\"height\":140,\"caption\":\"T\u00e1j-Kert\u00e9sz 84 Kft.\"},\"image\":{\"@id\":\"https:\\\/\\\/tajkertesz.com\\\/#\\\/schema\\\/logo\\\/image\\\/\"},\"sameAs\":[\"https:\\\/\\\/www.facebook.com\\\/Tajkertesz\\\/\"]}]}<\/script>\n<!-- \/ Yoast SEO plugin. -->","yoast_head_json":{"title":"SUBSTRAL NATUREN Bio kerti tr\u00e1gya 1,7 kg - T\u00e1jkert\u00e9sz","description":"SUBSTRAL NATUREN Bio kerti tr\u00e1gya 1,7 kg.Szerves- \u00e1sv\u00e1nyi tr\u00e1gya valamennyi kerti n\u00f6v\u00e9nynek. (pl. vir\u00e1gok, bokrok, d\u00edszf\u00e1k, s\u00f6v\u00e9nyek, vadr\u00f3zsa,","robots":{"index":"index","follow":"follow","max-snippet":"max-snippet:-1","max-image-preview":"max-image-preview:large","max-video-preview":"max-video-preview:-1"},"canonical":"https:\/\/tajkertesz.com\/en_US\/product\/substral-naturen-bio-kerti-tragya-1-7-kg\/","og_locale":"en_US","og_type":"article","og_title":"SUBSTRAL NATUREN Bio kerti tr\u00e1gya 1,7 kg - T\u00e1jkert\u00e9sz","og_description":"SUBSTRAL NATUREN Bio kerti tr\u00e1gya 1,7 kg.Szerves- \u00e1sv\u00e1nyi tr\u00e1gya valamennyi kerti n\u00f6v\u00e9nynek. (pl. vir\u00e1gok, bokrok, d\u00edszf\u00e1k, s\u00f6v\u00e9nyek, vadr\u00f3zsa,","og_url":"https:\/\/tajkertesz.com\/en_US\/product\/substral-naturen-bio-kerti-tragya-1-7-kg\/","og_site_name":"T\u00e1jkert\u00e9sz","article_publisher":"https:\/\/www.facebook.com\/Tajkertesz\/","article_modified_time":"2026-02-18T14:36:44+00:00","og_image":[{"width":290,"height":462,"url":"https:\/\/tajkertesz.com\/wp-content\/uploads\/2021\/05\/607fd1d218a164077.jpeg","type":"image\/jpeg"}],"twitter_card":"summary_large_image","twitter_misc":{"Est. reading time":"3 minutes"},"schema":{"@context":"https:\/\/schema.org","@graph":[{"@type":"WebPage","@id":"https:\/\/tajkertesz.com\/termek\/substral-naturen-bio-kerti-tragya-1-7-kg\/","url":"https:\/\/tajkertesz.com\/termek\/substral-naturen-bio-kerti-tragya-1-7-kg\/","name":"SUBSTRAL NATUREN Bio kerti tr\u00e1gya 1,7 kg - T\u00e1jkert\u00e9sz","isPartOf":{"@id":"https:\/\/tajkertesz.com\/#website"},"primaryImageOfPage":{"@id":"https:\/\/tajkertesz.com\/termek\/substral-naturen-bio-kerti-tragya-1-7-kg\/#primaryimage"},"image":{"@id":"https:\/\/tajkertesz.com\/termek\/substral-naturen-bio-kerti-tragya-1-7-kg\/#primaryimage"},"thumbnailUrl":"https:\/\/tajkertesz.com\/wp-content\/uploads\/2021\/05\/607fd1d218a164077.jpeg","datePublished":"2021-05-06T12:11:59+00:00","dateModified":"2026-02-18T14:36:44+00:00","description":"SUBSTRAL NATUREN Bio kerti tr\u00e1gya 1,7 kg.Szerves- \u00e1sv\u00e1nyi tr\u00e1gya valamennyi kerti n\u00f6v\u00e9nynek. (pl. vir\u00e1gok, bokrok, d\u00edszf\u00e1k, s\u00f6v\u00e9nyek, vadr\u00f3zsa,","breadcrumb":{"@id":"https:\/\/tajkertesz.com\/termek\/substral-naturen-bio-kerti-tragya-1-7-kg\/#breadcrumb"},"inLanguage":"en-US","potentialAction":[{"@type":"ReadAction","target":["https:\/\/tajkertesz.com\/termek\/substral-naturen-bio-kerti-tragya-1-7-kg\/"]}]},{"@type":"ImageObject","inLanguage":"en-US","@id":"https:\/\/tajkertesz.com\/termek\/substral-naturen-bio-kerti-tragya-1-7-kg\/#primaryimage","url":"https:\/\/tajkertesz.com\/wp-content\/uploads\/2021\/05\/607fd1d218a164077.jpeg","contentUrl":"https:\/\/tajkertesz.com\/wp-content\/uploads\/2021\/05\/607fd1d218a164077.jpeg","width":290,"height":462},{"@type":"BreadcrumbList","@id":"https:\/\/tajkertesz.com\/termek\/substral-naturen-bio-kerti-tragya-1-7-kg\/#breadcrumb","itemListElement":[{"@type":"ListItem","position":1,"name":"Home","item":"https:\/\/tajkertesz.com\/"},{"@type":"ListItem","position":2,"name":"Kezd\u0151lap","item":"https:\/\/tajkertesz.com\/"},{"@type":"ListItem","position":3,"name":"SUBSTRAL NATUREN Bio kerti tr\u00e1gya 1,7 kg"}]},{"@type":"WebSite","@id":"https:\/\/tajkertesz.com\/#website","url":"https:\/\/tajkertesz.com\/","name":"T\u00e1j-Kert\u00e9sz 84 Kft.","description":"Kert\u00e9szeti kis- \u00e9s nagykeresked\u00e9s, D\u00edszn\u00f6v\u00e9ny web\u00e1ruh\u00e1z orsz\u00e1gos h\u00e1zhozsz\u00e1ll\u00edt\u00e1ssal!","publisher":{"@id":"https:\/\/tajkertesz.com\/#organization"},"potentialAction":[{"@type":"SearchAction","target":{"@type":"EntryPoint","urlTemplate":"https:\/\/tajkertesz.com\/?s={search_term_string}"},"query-input":{"@type":"PropertyValueSpecification","valueRequired":true,"valueName":"search_term_string"}}],"inLanguage":"en-US"},{"@type":"Organization","@id":"https:\/\/tajkertesz.com\/#organization","name":"T\u00e1j-Kert\u00e9sz 84 Kft.","url":"https:\/\/tajkertesz.com\/","logo":{"@type":"ImageObject","inLanguage":"en-US","@id":"https:\/\/tajkertesz.com\/#\/schema\/logo\/image\/","url":"https:\/\/tajkertesz.com\/wp-content\/uploads\/2018\/02\/logo-2-e1518678052539.png","contentUrl":"https:\/\/tajkertesz.com\/wp-content\/uploads\/2018\/02\/logo-2-e1518678052539.png","width":81,"height":140,"caption":"T\u00e1j-Kert\u00e9sz 84 Kft."},"image":{"@id":"https:\/\/tajkertesz.com\/#\/schema\/logo\/image\/"},"sameAs":["https:\/\/www.facebook.com\/Tajkertesz\/"]}]}},"_links":{"self":[{"href":"https:\/\/tajkertesz.com\/en_US\/wp-json\/wp\/v2\/product\/4250","targetHints":{"allow":["GET"]}}],"collection":[{"href":"https:\/\/tajkertesz.com\/en_US\/wp-json\/wp\/v2\/product"}],"about":[{"href":"https:\/\/tajkertesz.com\/en_US\/wp-json\/wp\/v2\/types\/product"}],"wp:featuredmedia":[{"embeddable":true,"href":"https:\/\/tajkertesz.com\/en_US\/wp-json\/wp\/v2\/media\/4251"}],"wp:attachment":[{"href":"https:\/\/tajkertesz.com\/en_US\/wp-json\/wp\/v2\/media?parent=4250"}],"wp:term":[{"taxonomy":"product_brand","embeddable":true,"href":"https:\/\/tajkertesz.com\/en_US\/wp-json\/wp\/v2\/product_brand?post=4250"},{"taxonomy":"product_cat","embeddable":true,"href":"https:\/\/tajkertesz.com\/en_US\/wp-json\/wp\/v2\/product_cat?post=4250"},{"taxonomy":"product_tag","embeddable":true,"href":"https:\/\/tajkertesz.com\/en_US\/wp-json\/wp\/v2\/product_tag?post=4250"}],"curies":[{"name":"wp","href":"https:\/\/api.w.org\/{rel}","templated":true}]}}