{"id":4278,"date":"2021-05-07T07:10:44","date_gmt":"2021-05-07T07:10:44","guid":{"rendered":"https:\/\/tajkertesz.com\/?post_type=product&#038;p=4278"},"modified":"2025-03-04T08:05:48","modified_gmt":"2025-03-04T08:05:48","slug":"land-p-shade-special","status":"publish","type":"product","link":"https:\/\/tajkertesz.com\/en_US\/product\/land-p-shade-special\/","title":{"rendered":"ICL. Shade Special 11+05+05+8Fe\/15kg\/30g-m2\/750m2"},"content":{"rendered":"<div class=\"artdet__name-rating d-none d-lg-block\">\n<div class=\"row gutters-5\">\n<div class=\"col\">\n<h2>Land P. Shade Special 11+05+05+8Fe\/15kg\/30g-m2\/750m2<\/h2>\n<p>&nbsp;<\/p>\n<p>Land P. Shade Special<\/p>\n<p>Tart\u00f3s hat\u00e1s\u00fa, granul\u00e1lt m\u0171tr\u00e1gya, amely kifejezetten moh\u00e1s, \u00e1rny\u00e9kos gyepfel\u00fcletekre aj\u00e1nlott.<\/p>\n<ul>\n<li>A nitrog\u00e9n seg\u00edti a vas felv\u00e9tel\u00e9t \u00e9s z\u00f6ldebb\u00e9 teszi a gyepet<\/li>\n<li>Magas vastartalma kedvez\u0151tlen k\u00f6rnyezetet teremt a moha sz\u00e1m\u00e1ra<\/li>\n<li>Vastartalma intenz\u00edv z\u00f6ld sz\u00ednt ad a gyepnek, m\u00e9g alacsony h\u0151m\u00e9rs\u00e9kleten is<\/li>\n<li>Magas nitrog\u00e9ntartalm\u00e1nak k\u00f6sz\u00f6nhet\u0151en a gyep gyorsan bes\u0171r\u0171s\u00f6dik<\/li>\n<li>Seg\u00edti a kiritkult gyepr\u00e9szek gyors regener\u00e1l\u00f3d\u00e1s\u00e1t<\/li>\n<li>A kijuttat\u00e1s ut\u00e1n m\u00e1r n\u00e9h\u00e1ny nappal l\u00e1tv\u00e1nyos hat\u00e1s<\/li>\n<\/ul>\n<\/div>\n<\/div>\n<\/div>\n<div><a href=\"https:\/\/www.facebook.com\/tajkertesz\">https:\/\/www.facebook.com\/tajkertesz<\/a><\/div>\n<div><a href=\"https:\/\/tajkertesz.com\/\">https:\/\/tajkertesz.com\/<\/a><\/div>\n<div><a href=\"https:\/\/tajkertesz.com\/wp-content\/uploads\/2021\/05\/shade.pdf\">shade<\/a><\/div>\n<p>&nbsp;<\/p>\n<p><strong>ICL. Shade Special 11+05+05+8Fe\/15kg\/30g-m2\/750m2 Kiszerel\u00e9s : 15 kg<\/strong><\/p>","protected":false},"excerpt":{"rendered":"<div class=\"artdet__name-rating d-none d-lg-block\">\n<div class=\"row gutters-5\">\n<div class=\"col\">\n<div class=\"artdet__name-rating d-none d-lg-block\">\n<div class=\"row gutters-5\">\n<div class=\"col\">\n<div class=\"artdet__name-rating d-none d-lg-block\">\n<div class=\"row gutters-5\">\n<div class=\"col\">\n<div class=\"artdet__name-rating d-none d-lg-block\">\n<div class=\"row gutters-5\">\n<div class=\"col\">\n<div class=\"artdet__name-rating d-none d-lg-block\">\n<div class=\"row gutters-5\">\n<div class=\"col\">\n<div class=\"artdet__name-rating d-none d-lg-block\">\n<div class=\"row gutters-5\">\n<div class=\"col\">\n<div class=\"artdet__name-rating d-none d-lg-block\">\n<div class=\"row gutters-5\">\n<div class=\"col\">\n<div class=\"artdet__name-rating d-none d-lg-block\">\n<div class=\"row gutters-5\">\n<div class=\"col\">\n<div class=\"artdet__name-rating d-none d-lg-block\">\n<div class=\"row gutters-5\">\n<div class=\"col\">\n<div class=\"artdet__name-rating d-none d-lg-block\">\n<div class=\"row gutters-5\">\n<div class=\"col\">\n<div class=\"artdet__name-rating d-none d-lg-block\">\n<div class=\"row gutters-5\">\n<div class=\"col\">\n<div class=\"artdet__name-rating d-none d-lg-block\">\n<div class=\"row gutters-5\">\n<div class=\"col\">\n<h3>ICL. Shade Special 11+05+05+8Fe\/15kg\/30g-m2\/750m2<\/h3>\n<div id=\"bodyContent\" class=\"mw-body-content\">\n<div id=\"mw-content-text\" class=\"mw-content-ltr\" dir=\"ltr\" lang=\"hu\">\n<div id=\"bodyContent\" class=\"mw-body-content\">\n<div id=\"mw-content-text\" class=\"mw-content-ltr\" dir=\"ltr\" lang=\"hu\">\n<p><b>K\u00e9szlet\u00fcnk napi szinten v\u00e1ltozik, ez\u00e9rt k\u00e9rj\u00fck, \u00e9rdekl\u0151dj\u00f6n szem\u00e9lyesen, telefonon vagy email-en.<\/b><\/p>\n<p>Term\u00e9keinket szem\u00e9lyesen is \u00e1tveheti a h\u00e9t minden napj\u00e1n nyitvatart\u00e1si id\u0151ben!<\/p>\n<p>Kisz\u00e1ll\u00edt\u00e1s: 200 cm \u00e9s 40 kg-ig a sz\u00e1ll\u00edt\u00e1s fut\u00e1rszolg\u00e1lattal t\u00f6rt\u00e9nik.<\/p>\n<\/div>\n<\/div>\n<\/div>\n<\/div>\n<p><b>A v\u00e1ltoztat\u00e1s jog\u00e1t fenntartjuk!\u00a0<\/b><\/p>\n<p>Tart\u00f3s hat\u00e1s\u00fa, granul\u00e1lt m\u0171tr\u00e1gya, amely kifejezetten moh\u00e1s, \u00e1rny\u00e9kos gyepfel\u00fcletekre aj\u00e1nlott.<\/p>\n<\/div>\n<\/div>\n<\/div>\n<\/div>\n<\/div>\n<\/div>\n<\/div>\n<\/div>\n<\/div>\n<\/div>\n<\/div>\n<\/div>\n<\/div>\n<\/div>\n<\/div>\n<\/div>\n<\/div>\n<\/div>\n<\/div>\n<\/div>\n<\/div>\n<\/div>\n<\/div>\n<\/div>\n<\/div>\n<\/div>\n<\/div>\n<\/div>\n<\/div>\n<\/div>\n<\/div>\n<\/div>\n<\/div>\n<\/div>\n<\/div>\n<\/div>","protected":false},"featured_media":4279,"template":"","meta":{"_et_pb_use_builder":"","_et_pb_old_content":"","_et_gb_content_width":""},"product_brand":[],"product_cat":[1456],"product_tag":[1200,1489,36],"class_list":{"0":"post-4278","1":"product","2":"type-product","3":"status-publish","4":"has-post-thumbnail","6":"product_cat-icl-everris-scotts-mutragyak","7":"product_tag-landscaper","8":"product_tag-scotta-everris","9":"product_tag-tragya","11":"first","12":"instock","13":"shipping-taxable","14":"purchasable","15":"product-type-simple"},"yoast_head":"<!-- This site is optimized with the Yoast SEO plugin v27.4 - https:\/\/yoast.com\/product\/yoast-seo-wordpress\/ -->\n<title>ICL. Shade Special 11+05+05+8Fe\/15kg\/30g-m2\/750m2 - T\u00e1jkert\u00e9sz<\/title>\n<meta name=\"description\" content=\"ICL. Shade Special 11+05+05+8Fe\/15kg\/30g-m2\/750m2Tart\u00f3s hat\u00e1s\u00fa, granul\u00e1lt m\u0171tr\u00e1gya, amely kifejezetten moh\u00e1s, \u00e1rny\u00e9kos gyepfel\u00fcletekre\" \/>\n<meta name=\"robots\" content=\"index, follow, max-snippet:-1, max-image-preview:large, max-video-preview:-1\" \/>\n<link rel=\"canonical\" href=\"https:\/\/tajkertesz.com\/en_US\/product\/land-p-shade-special\/\" \/>\n<meta property=\"og:locale\" content=\"en_US\" \/>\n<meta property=\"og:type\" content=\"article\" \/>\n<meta property=\"og:title\" content=\"ICL. Shade Special 11+05+05+8Fe\/15kg\/30g-m2\/750m2 - T\u00e1jkert\u00e9sz\" \/>\n<meta property=\"og:description\" content=\"ICL. Shade Special 11+05+05+8Fe\/15kg\/30g-m2\/750m2Tart\u00f3s hat\u00e1s\u00fa, granul\u00e1lt m\u0171tr\u00e1gya, amely kifejezetten moh\u00e1s, \u00e1rny\u00e9kos gyepfel\u00fcletekre\" \/>\n<meta property=\"og:url\" content=\"https:\/\/tajkertesz.com\/en_US\/product\/land-p-shade-special\/\" \/>\n<meta property=\"og:site_name\" content=\"T\u00e1jkert\u00e9sz\" \/>\n<meta property=\"article:publisher\" content=\"https:\/\/www.facebook.com\/Tajkertesz\/\" \/>\n<meta property=\"article:modified_time\" content=\"2025-03-04T08:05:48+00:00\" \/>\n<meta property=\"og:image\" content=\"https:\/\/tajkertesz.com\/wp-content\/uploads\/2021\/05\/Landscaper-Pro-Shade-Special.png\" \/>\n\t<meta property=\"og:image:width\" content=\"550\" \/>\n\t<meta property=\"og:image:height\" content=\"550\" \/>\n\t<meta property=\"og:image:type\" content=\"image\/png\" \/>\n<meta name=\"twitter:card\" content=\"summary_large_image\" \/>\n<meta name=\"twitter:label1\" content=\"Est. reading time\" \/>\n\t<meta name=\"twitter:data1\" content=\"1 minute\" \/>\n<script type=\"application\/ld+json\" class=\"yoast-schema-graph\">{\"@context\":\"https:\\\/\\\/schema.org\",\"@graph\":[{\"@type\":\"WebPage\",\"@id\":\"https:\\\/\\\/tajkertesz.com\\\/termek\\\/land-p-shade-special\\\/\",\"url\":\"https:\\\/\\\/tajkertesz.com\\\/termek\\\/land-p-shade-special\\\/\",\"name\":\"ICL. Shade Special 11+05+05+8Fe\\\/15kg\\\/30g-m2\\\/750m2 - T\u00e1jkert\u00e9sz\",\"isPartOf\":{\"@id\":\"https:\\\/\\\/tajkertesz.com\\\/#website\"},\"primaryImageOfPage\":{\"@id\":\"https:\\\/\\\/tajkertesz.com\\\/termek\\\/land-p-shade-special\\\/#primaryimage\"},\"image\":{\"@id\":\"https:\\\/\\\/tajkertesz.com\\\/termek\\\/land-p-shade-special\\\/#primaryimage\"},\"thumbnailUrl\":\"https:\\\/\\\/tajkertesz.com\\\/wp-content\\\/uploads\\\/2021\\\/05\\\/Landscaper-Pro-Shade-Special.png\",\"datePublished\":\"2021-05-07T07:10:44+00:00\",\"dateModified\":\"2025-03-04T08:05:48+00:00\",\"description\":\"ICL. Shade Special 11+05+05+8Fe\\\/15kg\\\/30g-m2\\\/750m2Tart\u00f3s hat\u00e1s\u00fa, granul\u00e1lt m\u0171tr\u00e1gya, amely kifejezetten moh\u00e1s, \u00e1rny\u00e9kos gyepfel\u00fcletekre\",\"breadcrumb\":{\"@id\":\"https:\\\/\\\/tajkertesz.com\\\/termek\\\/land-p-shade-special\\\/#breadcrumb\"},\"inLanguage\":\"en-US\",\"potentialAction\":[{\"@type\":\"ReadAction\",\"target\":[\"https:\\\/\\\/tajkertesz.com\\\/termek\\\/land-p-shade-special\\\/\"]}]},{\"@type\":\"ImageObject\",\"inLanguage\":\"en-US\",\"@id\":\"https:\\\/\\\/tajkertesz.com\\\/termek\\\/land-p-shade-special\\\/#primaryimage\",\"url\":\"https:\\\/\\\/tajkertesz.com\\\/wp-content\\\/uploads\\\/2021\\\/05\\\/Landscaper-Pro-Shade-Special.png\",\"contentUrl\":\"https:\\\/\\\/tajkertesz.com\\\/wp-content\\\/uploads\\\/2021\\\/05\\\/Landscaper-Pro-Shade-Special.png\",\"width\":550,\"height\":550},{\"@type\":\"BreadcrumbList\",\"@id\":\"https:\\\/\\\/tajkertesz.com\\\/termek\\\/land-p-shade-special\\\/#breadcrumb\",\"itemListElement\":[{\"@type\":\"ListItem\",\"position\":1,\"name\":\"Home\",\"item\":\"https:\\\/\\\/tajkertesz.com\\\/\"},{\"@type\":\"ListItem\",\"position\":2,\"name\":\"Kezd\u0151lap\",\"item\":\"https:\\\/\\\/tajkertesz.com\\\/\"},{\"@type\":\"ListItem\",\"position\":3,\"name\":\"ICL. Shade Special 11+05+05+8Fe\\\/15kg\\\/30g-m2\\\/750m2\"}]},{\"@type\":\"WebSite\",\"@id\":\"https:\\\/\\\/tajkertesz.com\\\/#website\",\"url\":\"https:\\\/\\\/tajkertesz.com\\\/\",\"name\":\"T\u00e1j-Kert\u00e9sz 84 Kft.\",\"description\":\"Kert\u00e9szeti kis- \u00e9s nagykeresked\u00e9s, D\u00edszn\u00f6v\u00e9ny web\u00e1ruh\u00e1z orsz\u00e1gos h\u00e1zhozsz\u00e1ll\u00edt\u00e1ssal!\",\"publisher\":{\"@id\":\"https:\\\/\\\/tajkertesz.com\\\/#organization\"},\"potentialAction\":[{\"@type\":\"SearchAction\",\"target\":{\"@type\":\"EntryPoint\",\"urlTemplate\":\"https:\\\/\\\/tajkertesz.com\\\/?s={search_term_string}\"},\"query-input\":{\"@type\":\"PropertyValueSpecification\",\"valueRequired\":true,\"valueName\":\"search_term_string\"}}],\"inLanguage\":\"en-US\"},{\"@type\":\"Organization\",\"@id\":\"https:\\\/\\\/tajkertesz.com\\\/#organization\",\"name\":\"T\u00e1j-Kert\u00e9sz 84 Kft.\",\"url\":\"https:\\\/\\\/tajkertesz.com\\\/\",\"logo\":{\"@type\":\"ImageObject\",\"inLanguage\":\"en-US\",\"@id\":\"https:\\\/\\\/tajkertesz.com\\\/#\\\/schema\\\/logo\\\/image\\\/\",\"url\":\"https:\\\/\\\/tajkertesz.com\\\/wp-content\\\/uploads\\\/2018\\\/02\\\/logo-2-e1518678052539.png\",\"contentUrl\":\"https:\\\/\\\/tajkertesz.com\\\/wp-content\\\/uploads\\\/2018\\\/02\\\/logo-2-e1518678052539.png\",\"width\":81,\"height\":140,\"caption\":\"T\u00e1j-Kert\u00e9sz 84 Kft.\"},\"image\":{\"@id\":\"https:\\\/\\\/tajkertesz.com\\\/#\\\/schema\\\/logo\\\/image\\\/\"},\"sameAs\":[\"https:\\\/\\\/www.facebook.com\\\/Tajkertesz\\\/\"]}]}<\/script>\n<!-- \/ Yoast SEO plugin. -->","yoast_head_json":{"title":"ICL. Shade Special 11+05+05+8Fe\/15kg\/30g-m2\/750m2 - T\u00e1jkert\u00e9sz","description":"ICL. Shade Special 11+05+05+8Fe\/15kg\/30g-m2\/750m2Tart\u00f3s hat\u00e1s\u00fa, granul\u00e1lt m\u0171tr\u00e1gya, amely kifejezetten moh\u00e1s, \u00e1rny\u00e9kos gyepfel\u00fcletekre","robots":{"index":"index","follow":"follow","max-snippet":"max-snippet:-1","max-image-preview":"max-image-preview:large","max-video-preview":"max-video-preview:-1"},"canonical":"https:\/\/tajkertesz.com\/en_US\/product\/land-p-shade-special\/","og_locale":"en_US","og_type":"article","og_title":"ICL. Shade Special 11+05+05+8Fe\/15kg\/30g-m2\/750m2 - T\u00e1jkert\u00e9sz","og_description":"ICL. Shade Special 11+05+05+8Fe\/15kg\/30g-m2\/750m2Tart\u00f3s hat\u00e1s\u00fa, granul\u00e1lt m\u0171tr\u00e1gya, amely kifejezetten moh\u00e1s, \u00e1rny\u00e9kos gyepfel\u00fcletekre","og_url":"https:\/\/tajkertesz.com\/en_US\/product\/land-p-shade-special\/","og_site_name":"T\u00e1jkert\u00e9sz","article_publisher":"https:\/\/www.facebook.com\/Tajkertesz\/","article_modified_time":"2025-03-04T08:05:48+00:00","og_image":[{"width":550,"height":550,"url":"https:\/\/tajkertesz.com\/wp-content\/uploads\/2021\/05\/Landscaper-Pro-Shade-Special.png","type":"image\/png"}],"twitter_card":"summary_large_image","twitter_misc":{"Est. reading time":"1 minute"},"schema":{"@context":"https:\/\/schema.org","@graph":[{"@type":"WebPage","@id":"https:\/\/tajkertesz.com\/termek\/land-p-shade-special\/","url":"https:\/\/tajkertesz.com\/termek\/land-p-shade-special\/","name":"ICL. Shade Special 11+05+05+8Fe\/15kg\/30g-m2\/750m2 - T\u00e1jkert\u00e9sz","isPartOf":{"@id":"https:\/\/tajkertesz.com\/#website"},"primaryImageOfPage":{"@id":"https:\/\/tajkertesz.com\/termek\/land-p-shade-special\/#primaryimage"},"image":{"@id":"https:\/\/tajkertesz.com\/termek\/land-p-shade-special\/#primaryimage"},"thumbnailUrl":"https:\/\/tajkertesz.com\/wp-content\/uploads\/2021\/05\/Landscaper-Pro-Shade-Special.png","datePublished":"2021-05-07T07:10:44+00:00","dateModified":"2025-03-04T08:05:48+00:00","description":"ICL. Shade Special 11+05+05+8Fe\/15kg\/30g-m2\/750m2Tart\u00f3s hat\u00e1s\u00fa, granul\u00e1lt m\u0171tr\u00e1gya, amely kifejezetten moh\u00e1s, \u00e1rny\u00e9kos gyepfel\u00fcletekre","breadcrumb":{"@id":"https:\/\/tajkertesz.com\/termek\/land-p-shade-special\/#breadcrumb"},"inLanguage":"en-US","potentialAction":[{"@type":"ReadAction","target":["https:\/\/tajkertesz.com\/termek\/land-p-shade-special\/"]}]},{"@type":"ImageObject","inLanguage":"en-US","@id":"https:\/\/tajkertesz.com\/termek\/land-p-shade-special\/#primaryimage","url":"https:\/\/tajkertesz.com\/wp-content\/uploads\/2021\/05\/Landscaper-Pro-Shade-Special.png","contentUrl":"https:\/\/tajkertesz.com\/wp-content\/uploads\/2021\/05\/Landscaper-Pro-Shade-Special.png","width":550,"height":550},{"@type":"BreadcrumbList","@id":"https:\/\/tajkertesz.com\/termek\/land-p-shade-special\/#breadcrumb","itemListElement":[{"@type":"ListItem","position":1,"name":"Home","item":"https:\/\/tajkertesz.com\/"},{"@type":"ListItem","position":2,"name":"Kezd\u0151lap","item":"https:\/\/tajkertesz.com\/"},{"@type":"ListItem","position":3,"name":"ICL. Shade Special 11+05+05+8Fe\/15kg\/30g-m2\/750m2"}]},{"@type":"WebSite","@id":"https:\/\/tajkertesz.com\/#website","url":"https:\/\/tajkertesz.com\/","name":"T\u00e1j-Kert\u00e9sz 84 Kft.","description":"Kert\u00e9szeti kis- \u00e9s nagykeresked\u00e9s, D\u00edszn\u00f6v\u00e9ny web\u00e1ruh\u00e1z orsz\u00e1gos h\u00e1zhozsz\u00e1ll\u00edt\u00e1ssal!","publisher":{"@id":"https:\/\/tajkertesz.com\/#organization"},"potentialAction":[{"@type":"SearchAction","target":{"@type":"EntryPoint","urlTemplate":"https:\/\/tajkertesz.com\/?s={search_term_string}"},"query-input":{"@type":"PropertyValueSpecification","valueRequired":true,"valueName":"search_term_string"}}],"inLanguage":"en-US"},{"@type":"Organization","@id":"https:\/\/tajkertesz.com\/#organization","name":"T\u00e1j-Kert\u00e9sz 84 Kft.","url":"https:\/\/tajkertesz.com\/","logo":{"@type":"ImageObject","inLanguage":"en-US","@id":"https:\/\/tajkertesz.com\/#\/schema\/logo\/image\/","url":"https:\/\/tajkertesz.com\/wp-content\/uploads\/2018\/02\/logo-2-e1518678052539.png","contentUrl":"https:\/\/tajkertesz.com\/wp-content\/uploads\/2018\/02\/logo-2-e1518678052539.png","width":81,"height":140,"caption":"T\u00e1j-Kert\u00e9sz 84 Kft."},"image":{"@id":"https:\/\/tajkertesz.com\/#\/schema\/logo\/image\/"},"sameAs":["https:\/\/www.facebook.com\/Tajkertesz\/"]}]}},"_links":{"self":[{"href":"https:\/\/tajkertesz.com\/en_US\/wp-json\/wp\/v2\/product\/4278","targetHints":{"allow":["GET"]}}],"collection":[{"href":"https:\/\/tajkertesz.com\/en_US\/wp-json\/wp\/v2\/product"}],"about":[{"href":"https:\/\/tajkertesz.com\/en_US\/wp-json\/wp\/v2\/types\/product"}],"wp:featuredmedia":[{"embeddable":true,"href":"https:\/\/tajkertesz.com\/en_US\/wp-json\/wp\/v2\/media\/4279"}],"wp:attachment":[{"href":"https:\/\/tajkertesz.com\/en_US\/wp-json\/wp\/v2\/media?parent=4278"}],"wp:term":[{"taxonomy":"product_brand","embeddable":true,"href":"https:\/\/tajkertesz.com\/en_US\/wp-json\/wp\/v2\/product_brand?post=4278"},{"taxonomy":"product_cat","embeddable":true,"href":"https:\/\/tajkertesz.com\/en_US\/wp-json\/wp\/v2\/product_cat?post=4278"},{"taxonomy":"product_tag","embeddable":true,"href":"https:\/\/tajkertesz.com\/en_US\/wp-json\/wp\/v2\/product_tag?post=4278"}],"curies":[{"name":"wp","href":"https:\/\/api.w.org\/{rel}","templated":true}]}}