{"id":4290,"date":"2021-05-07T08:24:05","date_gmt":"2021-05-07T08:24:05","guid":{"rendered":"https:\/\/tajkertesz.com\/?post_type=product&#038;p=4290"},"modified":"2023-08-01T14:04:53","modified_gmt":"2023-08-01T14:04:53","slug":"white-line-wl-2161-gyorscsatlakozo-1-colos-power-jet-wl","status":"publish","type":"product","link":"https:\/\/tajkertesz.com\/en_US\/product\/white-line-wl-2161-gyorscsatlakozo-1-colos-power-jet-wl\/","title":{"rendered":"WHITE LINE WL-2161 gyorscsatlakoz\u00f3 1 colos POWER JET"},"content":{"rendered":"<div class=\"artdet__name-rating d-none d-lg-block\">\n<div class=\"row gutters-5\">\n<div class=\"col\">\n<h2>WHITE LINE WL-2161 gyorscsatlakoz\u00f3 1 colos POWER JET<\/h2>\n<p>WHITE LINE WL-2161 gyorscsatlakoz\u00f3 1 colos POWER JET WL Kiv\u00e1l\u00f3 min\u0151s\u00e9g\u0171 POWER JET gyorscsatlakoz\u00f3 1 &#8222;t\u00f6ml\u0151h\u00f6z<\/p>\n<p>Kiv\u00e1l\u00f3 min\u0151s\u00e9g\u0171 POWER JET gyorscsatlakoz\u00f3 1 &#8222;t\u00f6ml\u0151h\u00f6z. Megn\u00f6velt v\u00edz\u00e1tbocs\u00e1t\u00e1si \u00e1tm\u00e9r\u0151. A t\u00f6ml\u0151 k\u00e9t v\u00e9g\u00e9re felszerelhet\u0151, amely lehet\u0151v\u00e9 teszi a POWER JET sorozat m\u00e1s \u00f6nt\u00f6z\u0151rendszer-alkatr\u00e9szeinek gyors csatlakoztat\u00e1s\u00e1t. csatol\u00f3 megfelel\u0151en profilozott fogaz\u00e1sokkal van ell\u00e1tva, amelyek biztos\u00edtj\u00e1k a t\u00f6ml\u0151k megb\u00edzhat\u00f3 felszerel\u00e9s\u00e9t A POWER JET sorozat nem kompatibilis a szabv\u00e1nyos csatlakoz\u00f3kkal<\/p>\n<\/div>\n<\/div>\n<\/div>\n<div><a href=\"https:\/\/www.facebook.com\/tajkertesz\">https:\/\/www.facebook.com\/tajkertesz<\/a><\/div>\n<div><a href=\"https:\/\/tajkertesz.com\/\">https:\/\/tajkertesz.com\/<\/a><\/div>\n<p><span style=\"color: #ffffff;\">manaps\u00e1g m\u00e1r elterjedt a m\u0171anyagb\u00f3l k\u00e9sz\u00fclt v\u00e1ltozat is. Kert\u00e9szetekben \u00e9s nagyobb \u00e1ruh\u00e1zakban kaphat\u00f3, ak\u00e1rcsak az \u00e1s\u00f3, a lap\u00e1t, a kapa vagy ritk\u00e1bban a kaszahanem a h\u00e1z k\u00f6r\u00fcl is fontos eszk\u00f6z, a lehullott faleveleket (avart) vagy egy\u00e9b lombokat is \u00f6ssze lehet vele szedni (a speci\u00e1lisan lombgy\u0171jt\u00e9sre szakosodott verzi\u00f3ja a lombsepr\u0171). Nyele \u00e1ltal\u00e1ban f\u00e1b\u00f3l, feje pedig vasb\u00f3l k\u00e9sz\u00fcl, de manaps\u00e1g m\u00e1r elterjedt a m\u0171anyagb\u00f3l k\u00e9sz\u00fclt v\u00e1ltozat is. Kert\u00e9szetekben \u00e9s nagyobb \u00e1ruh\u00e1zakban kaphat\u00f3, ak\u00e1rcsak az \u00e1s\u00f3, a lap\u00e1t, a kapa vagy ritkmanaps\u00e1g m\u00e1r elterjedt a m\u0171anyagb\u00f3l k\u00e9sz\u00fclt v\u00e1ltozat is. <\/span><\/p>\n<p><span style=\"color: #ffffff;\">Kert\u00e9szetekben \u00e9s nagyobb \u00e1ruh\u00e1zakban kaphat\u00f3, ak\u00e1rcsak az \u00e1s\u00f3, a lap\u00e1t, a kapa vagy ritk\u00e1bban a kaszahanem a h\u00e1z k\u00f6r\u00fcl is fontos eszk\u00f6z, a lehullott faleveleket (avart) vagy egy\u00e9b lombokat is \u00f6ssze lehet vele szedni (a speci\u00e1lisan lombgy\u0171jt\u00e9sre szakosodott verzi\u00f3ja a lombsepr\u0171). Nyele \u00e1ltal\u00e1ban f\u00e1b\u00f3l, feje pedig vasb\u00f3l k\u00e9sz\u00fcl, de manaps\u00e1g m\u00e1r elterjedt a m\u0171anyagb\u00f3l k\u00e9sz\u00fclt v\u00e1ltozat is. Kert\u00e9szetekben \u00e9s nagyobb \u00e1ruh\u00e1zakban kaphat\u00f3, ak\u00e1rcsak az \u00e1s\u00f3, a lap\u00e1t, a kapa vagy ritk\u00e1bban a kasza..\u00c1tm\u00e9r\u0151: 6 mm\u00e1bban a kasza.<\/span><\/p>\n<p><span style=\"color: #ffffff;\">.\u00c1tm\u00e9r\u0151: 6 mmmanaps\u00e1g m\u00e1r elterjedt a m\u0171anyagb\u00f3l k\u00e9sz\u00fclt v\u00e1ltozat is. Kert\u00e9szetekben \u00e9s nagyobb \u00e1ruh\u00e1zakban kaphat\u00f3, ak\u00e1rcsak az \u00e1s\u00f3, a lap\u00e1t, a kapa vagy ritk\u00e1bban a kaszahanem a h\u00e1z k\u00f6r\u00fcl is fontos eszk\u00f6z, a lehullott faleveleket (avart) vagy egy\u00e9b lombokat is \u00f6ssze lehet vele szedni (a speci\u00e1lisan lombgy\u0171jt\u00e9sre szakosodott verzi\u00f3ja a lombsepr\u0171). Nyele \u00e1ltal\u00e1ban f\u00e1b\u00f3l, feje pedig vasb\u00f3l k\u00e9sz\u00fcl, de manaps\u00e1g m\u00e1r elterjedt a m\u0171anyagb\u00f3l k\u00e9sz\u00fclt v\u00e1ltozat is. Kert\u00e9szetekben \u00e9s nagyobb \u00e1ruh\u00e1zakban kaphat\u00f3, ak\u00e1rcsak az \u00e1s\u00f3, a lap\u00e1t, a kapa vagy ritk\u00e1bban a kasza..\u00c1tm\u00e9r\u0151: 6 mm<\/span><\/p>","protected":false},"excerpt":{"rendered":"<div class=\"artdet__name-rating d-none d-lg-block\">\n<div class=\"row gutters-5\">\n<div class=\"col\">\n<div class=\"artdet__name-rating d-none d-lg-block\">\n<div class=\"row gutters-5\">\n<div class=\"col\">\n<div class=\"artdet__name-rating d-none d-lg-block\">\n<div class=\"row gutters-5\">\n<div class=\"col\">\n<div class=\"artdet__name-rating d-none d-lg-block\">\n<div class=\"row gutters-5\">\n<div class=\"col\">\n<div class=\"artdet__name-rating d-none d-lg-block\">\n<div class=\"row gutters-5\">\n<div class=\"col\">\n<div class=\"artdet__name-rating d-none d-lg-block\">\n<div class=\"row gutters-5\">\n<div class=\"col\">\n<div class=\"artdet__name-rating d-none d-lg-block\">\n<div class=\"row gutters-5\">\n<div class=\"col\">\n<div class=\"artdet__name-rating d-none d-lg-block\">\n<div class=\"row gutters-5\">\n<div class=\"col\">\n<div class=\"artdet__name-rating d-none d-lg-block\">\n<div class=\"row gutters-5\">\n<div class=\"col\">\n<div class=\"artdet__name-rating d-none d-lg-block\">\n<div class=\"row gutters-5\">\n<div class=\"col\">\n<div class=\"artdet__name-rating d-none d-lg-block\">\n<div class=\"row gutters-5\">\n<div class=\"col\">\n<div class=\"artdet__name-rating d-none d-lg-block\">\n<div class=\"row gutters-5\">\n<div class=\"col\">\n<p>WHITE LINE WL-2161 gyorscsatlakoz\u00f3 1 colos POWER JET WL Kiv\u00e1l\u00f3 min\u0151s\u00e9g\u0171 POWER JET gyorscsatlakoz\u00f3 1 &#8222;t\u00f6ml\u0151h\u00f6z<\/p>\n<p>Kiv\u00e1l\u00f3 min\u0151s\u00e9g\u0171 POWER JET gyorscsatlakoz\u00f3 1 &#8222;t\u00f6ml\u0151h\u00f6z. Megn\u00f6velt v\u00edz\u00e1tbocs\u00e1t\u00e1si \u00e1tm\u00e9r\u0151. A t\u00f6ml\u0151 k\u00e9t v\u00e9g\u00e9re felszerelhet\u0151, amely lehet\u0151v\u00e9 teszi a POWER JET sorozat m\u00e1s \u00f6nt\u00f6z\u0151rendszer-alkatr\u00e9szeinek gyors csatlakoztat\u00e1s\u00e1t. csatol\u00f3 megfelel\u0151en profilozott fogaz\u00e1sokkal van ell\u00e1tva, amelyek biztos\u00edtj\u00e1k a t\u00f6ml\u0151k megb\u00edzhat\u00f3 felszerel\u00e9s\u00e9t A POWER JET sorozat nem kompatibilis a szabv\u00e1nyos csatlakoz\u00f3kkal<\/p>\n<\/div>\n<\/div>\n<\/div>\n<\/div>\n<\/div>\n<\/div>\n<\/div>\n<\/div>\n<\/div>\n<\/div>\n<\/div>\n<\/div>\n<\/div>\n<\/div>\n<\/div>\n<\/div>\n<\/div>\n<\/div>\n<\/div>\n<\/div>\n<\/div>\n<\/div>\n<\/div>\n<\/div>\n<\/div>\n<\/div>\n<\/div>\n<\/div>\n<\/div>\n<\/div>\n<\/div>\n<\/div>\n<\/div>\n<\/div>\n<\/div>\n<\/div>","protected":false},"featured_media":4291,"template":"","meta":{"_et_pb_use_builder":"","_et_pb_old_content":"","_et_gb_content_width":""},"product_brand":[],"product_cat":[1522],"product_tag":[1412,1490],"class_list":{"0":"post-4290","1":"product","2":"type-product","3":"status-publish","4":"has-post-thumbnail","6":"product_cat-whitw-line-bradas-termekeklocsolo-pisztolyok-szorofejek-kuplungok-tomlocsatlakozok","7":"product_tag-bradas","8":"product_tag-locsolo","10":"first","11":"instock","12":"shipping-taxable","13":"purchasable","14":"product-type-simple"},"yoast_head":"<!-- This site is optimized with the Yoast SEO plugin v27.3 - https:\/\/yoast.com\/product\/yoast-seo-wordpress\/ -->\n<title>WHITE LINE WL-2161 gyorscsatlakoz\u00f3 1 colos POWER JET - T\u00e1jkert\u00e9sz<\/title>\n<meta name=\"description\" content=\"WHITE LINE WL-2161 gyorscsatlakoz\u00f3 1 colos POWER JET WL Kiv\u00e1l\u00f3 min\u0151s\u00e9g\u0171 POWER JET gyorscsatlakoz\u00f3 1 &quot;t\u00f6ml\u0151h\u00f6zKiv\u00e1l\u00f3 min\u0151s\u00e9g\u0171 POWER JET\" \/>\n<meta name=\"robots\" content=\"index, follow, max-snippet:-1, max-image-preview:large, max-video-preview:-1\" \/>\n<link rel=\"canonical\" href=\"https:\/\/tajkertesz.com\/en_US\/product\/white-line-wl-2161-gyorscsatlakozo-1-colos-power-jet-wl\/\" \/>\n<meta property=\"og:locale\" content=\"en_US\" \/>\n<meta property=\"og:type\" content=\"article\" \/>\n<meta property=\"og:title\" content=\"WHITE LINE WL-2161 gyorscsatlakoz\u00f3 1 colos POWER JET - T\u00e1jkert\u00e9sz\" \/>\n<meta property=\"og:description\" content=\"WHITE LINE WL-2161 gyorscsatlakoz\u00f3 1 colos POWER JET WL Kiv\u00e1l\u00f3 min\u0151s\u00e9g\u0171 POWER JET gyorscsatlakoz\u00f3 1 &quot;t\u00f6ml\u0151h\u00f6zKiv\u00e1l\u00f3 min\u0151s\u00e9g\u0171 POWER JET\" \/>\n<meta property=\"og:url\" content=\"https:\/\/tajkertesz.com\/en_US\/product\/white-line-wl-2161-gyorscsatlakozo-1-colos-power-jet-wl\/\" \/>\n<meta property=\"og:site_name\" content=\"T\u00e1jkert\u00e9sz\" \/>\n<meta property=\"article:publisher\" content=\"https:\/\/www.facebook.com\/Tajkertesz\/\" \/>\n<meta property=\"article:modified_time\" content=\"2023-08-01T14:04:53+00:00\" \/>\n<meta property=\"og:image\" content=\"https:\/\/tajkertesz.com\/wp-content\/uploads\/2021\/05\/1960f23392400d0bcafaf855b2c108d0.png\" \/>\n\t<meta property=\"og:image:width\" content=\"600\" \/>\n\t<meta property=\"og:image:height\" content=\"600\" \/>\n\t<meta property=\"og:image:type\" content=\"image\/png\" \/>\n<meta name=\"twitter:card\" content=\"summary_large_image\" \/>\n<meta name=\"twitter:label1\" content=\"Est. reading time\" \/>\n\t<meta name=\"twitter:data1\" content=\"2 minutes\" \/>\n<script type=\"application\/ld+json\" class=\"yoast-schema-graph\">{\"@context\":\"https:\\\/\\\/schema.org\",\"@graph\":[{\"@type\":\"WebPage\",\"@id\":\"https:\\\/\\\/tajkertesz.com\\\/termek\\\/white-line-wl-2161-gyorscsatlakozo-1-colos-power-jet-wl\\\/\",\"url\":\"https:\\\/\\\/tajkertesz.com\\\/termek\\\/white-line-wl-2161-gyorscsatlakozo-1-colos-power-jet-wl\\\/\",\"name\":\"WHITE LINE WL-2161 gyorscsatlakoz\u00f3 1 colos POWER JET - T\u00e1jkert\u00e9sz\",\"isPartOf\":{\"@id\":\"https:\\\/\\\/tajkertesz.com\\\/#website\"},\"primaryImageOfPage\":{\"@id\":\"https:\\\/\\\/tajkertesz.com\\\/termek\\\/white-line-wl-2161-gyorscsatlakozo-1-colos-power-jet-wl\\\/#primaryimage\"},\"image\":{\"@id\":\"https:\\\/\\\/tajkertesz.com\\\/termek\\\/white-line-wl-2161-gyorscsatlakozo-1-colos-power-jet-wl\\\/#primaryimage\"},\"thumbnailUrl\":\"https:\\\/\\\/tajkertesz.com\\\/wp-content\\\/uploads\\\/2021\\\/05\\\/1960f23392400d0bcafaf855b2c108d0.png\",\"datePublished\":\"2021-05-07T08:24:05+00:00\",\"dateModified\":\"2023-08-01T14:04:53+00:00\",\"description\":\"WHITE LINE WL-2161 gyorscsatlakoz\u00f3 1 colos POWER JET WL Kiv\u00e1l\u00f3 min\u0151s\u00e9g\u0171 POWER JET gyorscsatlakoz\u00f3 1 \\\"t\u00f6ml\u0151h\u00f6zKiv\u00e1l\u00f3 min\u0151s\u00e9g\u0171 POWER JET\",\"breadcrumb\":{\"@id\":\"https:\\\/\\\/tajkertesz.com\\\/termek\\\/white-line-wl-2161-gyorscsatlakozo-1-colos-power-jet-wl\\\/#breadcrumb\"},\"inLanguage\":\"en-US\",\"potentialAction\":[{\"@type\":\"ReadAction\",\"target\":[\"https:\\\/\\\/tajkertesz.com\\\/termek\\\/white-line-wl-2161-gyorscsatlakozo-1-colos-power-jet-wl\\\/\"]}]},{\"@type\":\"ImageObject\",\"inLanguage\":\"en-US\",\"@id\":\"https:\\\/\\\/tajkertesz.com\\\/termek\\\/white-line-wl-2161-gyorscsatlakozo-1-colos-power-jet-wl\\\/#primaryimage\",\"url\":\"https:\\\/\\\/tajkertesz.com\\\/wp-content\\\/uploads\\\/2021\\\/05\\\/1960f23392400d0bcafaf855b2c108d0.png\",\"contentUrl\":\"https:\\\/\\\/tajkertesz.com\\\/wp-content\\\/uploads\\\/2021\\\/05\\\/1960f23392400d0bcafaf855b2c108d0.png\",\"width\":600,\"height\":600},{\"@type\":\"BreadcrumbList\",\"@id\":\"https:\\\/\\\/tajkertesz.com\\\/termek\\\/white-line-wl-2161-gyorscsatlakozo-1-colos-power-jet-wl\\\/#breadcrumb\",\"itemListElement\":[{\"@type\":\"ListItem\",\"position\":1,\"name\":\"Home\",\"item\":\"https:\\\/\\\/tajkertesz.com\\\/\"},{\"@type\":\"ListItem\",\"position\":2,\"name\":\"Kezd\u0151lap\",\"item\":\"https:\\\/\\\/tajkertesz.com\\\/\"},{\"@type\":\"ListItem\",\"position\":3,\"name\":\"WHITE LINE WL-2161 gyorscsatlakoz\u00f3 1 colos POWER JET\"}]},{\"@type\":\"WebSite\",\"@id\":\"https:\\\/\\\/tajkertesz.com\\\/#website\",\"url\":\"https:\\\/\\\/tajkertesz.com\\\/\",\"name\":\"T\u00e1j-Kert\u00e9sz 84 Kft.\",\"description\":\"Kert\u00e9szeti kis- \u00e9s nagykeresked\u00e9s, D\u00edszn\u00f6v\u00e9ny web\u00e1ruh\u00e1z orsz\u00e1gos h\u00e1zhozsz\u00e1ll\u00edt\u00e1ssal!\",\"publisher\":{\"@id\":\"https:\\\/\\\/tajkertesz.com\\\/#organization\"},\"potentialAction\":[{\"@type\":\"SearchAction\",\"target\":{\"@type\":\"EntryPoint\",\"urlTemplate\":\"https:\\\/\\\/tajkertesz.com\\\/?s={search_term_string}\"},\"query-input\":{\"@type\":\"PropertyValueSpecification\",\"valueRequired\":true,\"valueName\":\"search_term_string\"}}],\"inLanguage\":\"en-US\"},{\"@type\":\"Organization\",\"@id\":\"https:\\\/\\\/tajkertesz.com\\\/#organization\",\"name\":\"T\u00e1j-Kert\u00e9sz 84 Kft.\",\"url\":\"https:\\\/\\\/tajkertesz.com\\\/\",\"logo\":{\"@type\":\"ImageObject\",\"inLanguage\":\"en-US\",\"@id\":\"https:\\\/\\\/tajkertesz.com\\\/#\\\/schema\\\/logo\\\/image\\\/\",\"url\":\"https:\\\/\\\/tajkertesz.com\\\/wp-content\\\/uploads\\\/2018\\\/02\\\/logo-2-e1518678052539.png\",\"contentUrl\":\"https:\\\/\\\/tajkertesz.com\\\/wp-content\\\/uploads\\\/2018\\\/02\\\/logo-2-e1518678052539.png\",\"width\":81,\"height\":140,\"caption\":\"T\u00e1j-Kert\u00e9sz 84 Kft.\"},\"image\":{\"@id\":\"https:\\\/\\\/tajkertesz.com\\\/#\\\/schema\\\/logo\\\/image\\\/\"},\"sameAs\":[\"https:\\\/\\\/www.facebook.com\\\/Tajkertesz\\\/\"]}]}<\/script>\n<!-- \/ Yoast SEO plugin. -->","yoast_head_json":{"title":"WHITE LINE WL-2161 gyorscsatlakoz\u00f3 1 colos POWER JET - T\u00e1jkert\u00e9sz","description":"WHITE LINE WL-2161 gyorscsatlakoz\u00f3 1 colos POWER JET WL Kiv\u00e1l\u00f3 min\u0151s\u00e9g\u0171 POWER JET gyorscsatlakoz\u00f3 1 \"t\u00f6ml\u0151h\u00f6zKiv\u00e1l\u00f3 min\u0151s\u00e9g\u0171 POWER JET","robots":{"index":"index","follow":"follow","max-snippet":"max-snippet:-1","max-image-preview":"max-image-preview:large","max-video-preview":"max-video-preview:-1"},"canonical":"https:\/\/tajkertesz.com\/en_US\/product\/white-line-wl-2161-gyorscsatlakozo-1-colos-power-jet-wl\/","og_locale":"en_US","og_type":"article","og_title":"WHITE LINE WL-2161 gyorscsatlakoz\u00f3 1 colos POWER JET - T\u00e1jkert\u00e9sz","og_description":"WHITE LINE WL-2161 gyorscsatlakoz\u00f3 1 colos POWER JET WL Kiv\u00e1l\u00f3 min\u0151s\u00e9g\u0171 POWER JET gyorscsatlakoz\u00f3 1 \"t\u00f6ml\u0151h\u00f6zKiv\u00e1l\u00f3 min\u0151s\u00e9g\u0171 POWER JET","og_url":"https:\/\/tajkertesz.com\/en_US\/product\/white-line-wl-2161-gyorscsatlakozo-1-colos-power-jet-wl\/","og_site_name":"T\u00e1jkert\u00e9sz","article_publisher":"https:\/\/www.facebook.com\/Tajkertesz\/","article_modified_time":"2023-08-01T14:04:53+00:00","og_image":[{"width":600,"height":600,"url":"https:\/\/tajkertesz.com\/wp-content\/uploads\/2021\/05\/1960f23392400d0bcafaf855b2c108d0.png","type":"image\/png"}],"twitter_card":"summary_large_image","twitter_misc":{"Est. reading time":"2 minutes"},"schema":{"@context":"https:\/\/schema.org","@graph":[{"@type":"WebPage","@id":"https:\/\/tajkertesz.com\/termek\/white-line-wl-2161-gyorscsatlakozo-1-colos-power-jet-wl\/","url":"https:\/\/tajkertesz.com\/termek\/white-line-wl-2161-gyorscsatlakozo-1-colos-power-jet-wl\/","name":"WHITE LINE WL-2161 gyorscsatlakoz\u00f3 1 colos POWER JET - T\u00e1jkert\u00e9sz","isPartOf":{"@id":"https:\/\/tajkertesz.com\/#website"},"primaryImageOfPage":{"@id":"https:\/\/tajkertesz.com\/termek\/white-line-wl-2161-gyorscsatlakozo-1-colos-power-jet-wl\/#primaryimage"},"image":{"@id":"https:\/\/tajkertesz.com\/termek\/white-line-wl-2161-gyorscsatlakozo-1-colos-power-jet-wl\/#primaryimage"},"thumbnailUrl":"https:\/\/tajkertesz.com\/wp-content\/uploads\/2021\/05\/1960f23392400d0bcafaf855b2c108d0.png","datePublished":"2021-05-07T08:24:05+00:00","dateModified":"2023-08-01T14:04:53+00:00","description":"WHITE LINE WL-2161 gyorscsatlakoz\u00f3 1 colos POWER JET WL Kiv\u00e1l\u00f3 min\u0151s\u00e9g\u0171 POWER JET gyorscsatlakoz\u00f3 1 \"t\u00f6ml\u0151h\u00f6zKiv\u00e1l\u00f3 min\u0151s\u00e9g\u0171 POWER JET","breadcrumb":{"@id":"https:\/\/tajkertesz.com\/termek\/white-line-wl-2161-gyorscsatlakozo-1-colos-power-jet-wl\/#breadcrumb"},"inLanguage":"en-US","potentialAction":[{"@type":"ReadAction","target":["https:\/\/tajkertesz.com\/termek\/white-line-wl-2161-gyorscsatlakozo-1-colos-power-jet-wl\/"]}]},{"@type":"ImageObject","inLanguage":"en-US","@id":"https:\/\/tajkertesz.com\/termek\/white-line-wl-2161-gyorscsatlakozo-1-colos-power-jet-wl\/#primaryimage","url":"https:\/\/tajkertesz.com\/wp-content\/uploads\/2021\/05\/1960f23392400d0bcafaf855b2c108d0.png","contentUrl":"https:\/\/tajkertesz.com\/wp-content\/uploads\/2021\/05\/1960f23392400d0bcafaf855b2c108d0.png","width":600,"height":600},{"@type":"BreadcrumbList","@id":"https:\/\/tajkertesz.com\/termek\/white-line-wl-2161-gyorscsatlakozo-1-colos-power-jet-wl\/#breadcrumb","itemListElement":[{"@type":"ListItem","position":1,"name":"Home","item":"https:\/\/tajkertesz.com\/"},{"@type":"ListItem","position":2,"name":"Kezd\u0151lap","item":"https:\/\/tajkertesz.com\/"},{"@type":"ListItem","position":3,"name":"WHITE LINE WL-2161 gyorscsatlakoz\u00f3 1 colos POWER JET"}]},{"@type":"WebSite","@id":"https:\/\/tajkertesz.com\/#website","url":"https:\/\/tajkertesz.com\/","name":"T\u00e1j-Kert\u00e9sz 84 Kft.","description":"Kert\u00e9szeti kis- \u00e9s nagykeresked\u00e9s, D\u00edszn\u00f6v\u00e9ny web\u00e1ruh\u00e1z orsz\u00e1gos h\u00e1zhozsz\u00e1ll\u00edt\u00e1ssal!","publisher":{"@id":"https:\/\/tajkertesz.com\/#organization"},"potentialAction":[{"@type":"SearchAction","target":{"@type":"EntryPoint","urlTemplate":"https:\/\/tajkertesz.com\/?s={search_term_string}"},"query-input":{"@type":"PropertyValueSpecification","valueRequired":true,"valueName":"search_term_string"}}],"inLanguage":"en-US"},{"@type":"Organization","@id":"https:\/\/tajkertesz.com\/#organization","name":"T\u00e1j-Kert\u00e9sz 84 Kft.","url":"https:\/\/tajkertesz.com\/","logo":{"@type":"ImageObject","inLanguage":"en-US","@id":"https:\/\/tajkertesz.com\/#\/schema\/logo\/image\/","url":"https:\/\/tajkertesz.com\/wp-content\/uploads\/2018\/02\/logo-2-e1518678052539.png","contentUrl":"https:\/\/tajkertesz.com\/wp-content\/uploads\/2018\/02\/logo-2-e1518678052539.png","width":81,"height":140,"caption":"T\u00e1j-Kert\u00e9sz 84 Kft."},"image":{"@id":"https:\/\/tajkertesz.com\/#\/schema\/logo\/image\/"},"sameAs":["https:\/\/www.facebook.com\/Tajkertesz\/"]}]}},"_links":{"self":[{"href":"https:\/\/tajkertesz.com\/en_US\/wp-json\/wp\/v2\/product\/4290","targetHints":{"allow":["GET"]}}],"collection":[{"href":"https:\/\/tajkertesz.com\/en_US\/wp-json\/wp\/v2\/product"}],"about":[{"href":"https:\/\/tajkertesz.com\/en_US\/wp-json\/wp\/v2\/types\/product"}],"wp:featuredmedia":[{"embeddable":true,"href":"https:\/\/tajkertesz.com\/en_US\/wp-json\/wp\/v2\/media\/4291"}],"wp:attachment":[{"href":"https:\/\/tajkertesz.com\/en_US\/wp-json\/wp\/v2\/media?parent=4290"}],"wp:term":[{"taxonomy":"product_brand","embeddable":true,"href":"https:\/\/tajkertesz.com\/en_US\/wp-json\/wp\/v2\/product_brand?post=4290"},{"taxonomy":"product_cat","embeddable":true,"href":"https:\/\/tajkertesz.com\/en_US\/wp-json\/wp\/v2\/product_cat?post=4290"},{"taxonomy":"product_tag","embeddable":true,"href":"https:\/\/tajkertesz.com\/en_US\/wp-json\/wp\/v2\/product_tag?post=4290"}],"curies":[{"name":"wp","href":"https:\/\/api.w.org\/{rel}","templated":true}]}}