{"id":4382,"date":"2021-05-10T06:08:37","date_gmt":"2021-05-10T06:08:37","guid":{"rendered":"https:\/\/tajkertesz.com\/?post_type=product&#038;p=4382"},"modified":"2023-01-17T12:18:04","modified_gmt":"2023-01-17T12:18:04","slug":"ontozokanna-spring-25-l","status":"publish","type":"product","link":"https:\/\/tajkertesz.com\/en_US\/product\/ontozokanna-spring-25-l\/","title":{"rendered":"\u00d6nt\u00f6z\u0151kanna Spring 2,5 l"},"content":{"rendered":"<div class=\"artdet__name-rating d-none d-lg-block\">\n<div class=\"row gutters-5\">\n<div class=\"col\">\n<h2>\u00d6nt\u00f6z\u0151kanna Spring 2,5 l<\/h2>\n<p>\u00d6nt\u00f6z\u0151kanna Spring 2,5 l<\/p>\n<p>A spring locsol\u00f3kann\u00e1k egyedi tervez\u00e9s\u0171 ig\u00e9nyesen kivitelezett term\u00e9kek.J\u00f3l ellen\u00e1lnak az id\u0151j\u00e1r\u00e1snak.T\u00f6bb sz\u00ednben \u00e9s m\u00e9retben kaphat\u00f3.<\/p>\n<\/div>\n<\/div>\n<\/div>\n<div><a href=\"https:\/\/www.facebook.com\/tajkertesz\">https:\/\/www.facebook.com\/tajkertesz<\/a><\/div>\n<div>\n<p><a href=\"https:\/\/tajkertesz.com\/\">https:\/\/tajkertesz.com\/<\/a><\/p>\n<\/div>\n<h4><span style=\"color: #ffffff;\">A meleg \u00e1gy\u00e1s val\u00f3j\u00e1ban nem m\u00e1s mint egy vastag tr\u00e1gyar\u00e9teg besz\u00f3rva valamennyi f\u00f6lddel. A meleg\u00e1gy tr\u00e1gyakever\u00e9ke att\u00f3l f\u00fcgg milyen id\u0151tartamra k\u00e9ri a meleget a rajta termeszteni k\u00edv\u00e1nt n\u00f6v\u00e9nykult\u00fara. A l\u00f3tr\u00e1gya hirtelen ad sok meleget. Ez\u00e9rt ezt t\u00e9l v\u00e9ge fel\u00e9 alkalmazt\u00e1k. A marhatr\u00e1gya lassan ad kevesebb meleget, de huzamosabb ideig. A l\u00f3 \u00e9s szarvasmarha tr\u00e1gya kever\u00e9k\u00e9t annak megfelel\u0151en kevert\u00e9k be hogy t\u00f6bb meleg kellett hirtelen, vagy kevesebb meleg hosszabb t\u00e1von. Ha kev\u00e9s a szerves tr\u00e1gya a meleg\u00e1gy al\u00e1, akkor p\u00f3tolhat\u00f3 szalm\u00e1val, \u00e9s m\u0171tr\u00e1gy\u00e1val. A meleg\u00e1gy minden esetben fedhet\u0151 az \u00e9jjeli leh\u0171l\u00e9s megakad\u00e1lyoz\u00e1s\u00e1ra.A meleg \u00e1gy\u00e1s val\u00f3j\u00e1ban nem m\u00e1s mint egy vastag tr\u00e1gyar\u00e9teg besz\u00f3rva valamennyi f\u00f6lddel. A meleg\u00e1gy tr\u00e1gyakever\u00e9ke att\u00f3l f\u00fcgg milyen id\u0151tartamra k\u00e9ri a meleget a rajta termeszteni k\u00edv\u00e1nt n\u00f6v\u00e9nykult\u00fara. A l\u00f3tr\u00e1gya hirtelen ad sok meleget. Ez\u00e9rt ezt t\u00e9l v\u00e9ge fel\u00e9 alkalmazt\u00e1k. A marhatr\u00e1gya lassan ad kevesebb meleget, de huzamosabb ideig. A l\u00f3 \u00e9s szarvasmarha tr\u00e1gya kever\u00e9k\u00e9t annak megfelel\u0151en kevert\u00e9k be hogy t\u00f6bb meleg kellett hirtelen, vagy kevesebb meleg hosszabb t\u00e1von. Ha kev\u00e9s a szerves tr\u00e1gya a meleg\u00e1gy al\u00e1, akkor p\u00f3tolhat\u00f3 szalm\u00e1val, \u00e9s m\u0171tr\u00e1gy\u00e1val. A meleg\u00e1gy minden esetben fedhet\u0151 az \u00e9jjeli leh\u0171l\u00e9s megakad\u00e1lyoz\u00e1s\u00e1ra.<\/span><\/h4>","protected":false},"excerpt":{"rendered":"<div class=\"artdet__name-rating d-none d-lg-block\">\n<div class=\"row gutters-5\">\n<div class=\"col\">\n<div class=\"artdet__name-rating d-none d-lg-block\">\n<div class=\"row gutters-5\">\n<div class=\"col\">\n<div class=\"artdet__name-rating d-none d-lg-block\">\n<div class=\"row gutters-5\">\n<div class=\"col\">\n<div class=\"artdet__name-rating d-none d-lg-block\">\n<div class=\"row gutters-5\">\n<div class=\"col\">\n<div class=\"artdet__name-rating d-none d-lg-block\">\n<div class=\"row gutters-5\">\n<div class=\"col\">\n<div class=\"artdet__name-rating d-none d-lg-block\">\n<div class=\"row gutters-5\">\n<div class=\"col\">\n<div class=\"artdet__name-rating d-none d-lg-block\">\n<div class=\"row gutters-5\">\n<div class=\"col\">\n<div class=\"artdet__name-rating d-none d-lg-block\">\n<div class=\"row gutters-5\">\n<div class=\"col\">\n<div class=\"artdet__name-rating d-none d-lg-block\">\n<div class=\"row gutters-5\">\n<div class=\"col\">\n<div class=\"artdet__name-rating d-none d-lg-block\">\n<div class=\"row gutters-5\">\n<div class=\"col\">\n<div class=\"artdet__name-rating d-none d-lg-block\">\n<div class=\"row gutters-5\">\n<div class=\"col\">\n<div class=\"artdet__name-rating d-none d-lg-block\">\n<div class=\"row gutters-5\">\n<div class=\"col\">\n<h2>\u00d6nt\u00f6z\u0151kanna Spring 2,5 l<\/h2>\n<p>A spring locsol\u00f3kann\u00e1k egyedi tervez\u00e9s\u0171 ig\u00e9nyesen kivitelezett term\u00e9kek.<br \/>\nJ\u00f3l ellen\u00e1lnak az id\u0151j\u00e1r\u00e1snak.<br \/>\nT\u00f6bb sz\u00ednben \u00e9s m\u00e9retben kaphat\u00f3.<\/p>\n<\/div>\n<\/div>\n<\/div>\n<\/div>\n<\/div>\n<\/div>\n<\/div>\n<\/div>\n<\/div>\n<\/div>\n<\/div>\n<\/div>\n<\/div>\n<\/div>\n<\/div>\n<\/div>\n<\/div>\n<\/div>\n<\/div>\n<\/div>\n<\/div>\n<\/div>\n<\/div>\n<\/div>\n<\/div>\n<\/div>\n<\/div>\n<\/div>\n<\/div>\n<\/div>\n<\/div>\n<\/div>\n<\/div>\n<\/div>\n<\/div>\n<\/div>","protected":false},"featured_media":4381,"template":"","meta":{"_et_pb_use_builder":"","_et_pb_old_content":"","_et_gb_content_width":""},"product_brand":[],"product_cat":[1641],"product_tag":[1493,1490,1494,1492],"class_list":{"0":"post-4382","1":"product","2":"type-product","3":"status-publish","4":"has-post-thumbnail","6":"product_cat-csapok-locsolokannak-tomlok-ontozestechnika","7":"product_tag-kanna","8":"product_tag-locsolo","9":"product_tag-locsolokanna","10":"product_tag-ontozokanna","12":"first","13":"outofstock","14":"shipping-taxable","15":"product-type-simple"},"yoast_head":"<!-- This site is optimized with the Yoast SEO plugin v27.3 - https:\/\/yoast.com\/product\/yoast-seo-wordpress\/ -->\n<title>\u00d6nt\u00f6z\u0151kanna Spring 2,5 l - T\u00e1jkert\u00e9sz<\/title>\n<meta name=\"description\" content=\"\u00d6nt\u00f6z\u0151kanna Spring 2,5 l, A spring locsol\u00f3kann\u00e1k egyedi tervez\u00e9s\u0171 ig\u00e9nyesen kivitelezett term\u00e9kek.J\u00f3l ellen\u00e1lnak az id\u0151j\u00e1r\u00e1snak.T\u00f6bb sz\u00ednben\" \/>\n<meta name=\"robots\" content=\"index, follow, max-snippet:-1, max-image-preview:large, max-video-preview:-1\" \/>\n<link rel=\"canonical\" href=\"https:\/\/tajkertesz.com\/en_US\/product\/ontozokanna-spring-25-l\/\" \/>\n<meta property=\"og:locale\" content=\"en_US\" \/>\n<meta property=\"og:type\" content=\"article\" \/>\n<meta property=\"og:title\" content=\"\u00d6nt\u00f6z\u0151kanna Spring 2,5 l - T\u00e1jkert\u00e9sz\" \/>\n<meta property=\"og:description\" content=\"\u00d6nt\u00f6z\u0151kanna Spring 2,5 l, A spring locsol\u00f3kann\u00e1k egyedi tervez\u00e9s\u0171 ig\u00e9nyesen kivitelezett term\u00e9kek.J\u00f3l ellen\u00e1lnak az id\u0151j\u00e1r\u00e1snak.T\u00f6bb sz\u00ednben\" \/>\n<meta property=\"og:url\" content=\"https:\/\/tajkertesz.com\/en_US\/product\/ontozokanna-spring-25-l\/\" \/>\n<meta property=\"og:site_name\" content=\"T\u00e1jkert\u00e9sz\" \/>\n<meta property=\"article:publisher\" content=\"https:\/\/www.facebook.com\/Tajkertesz\/\" \/>\n<meta property=\"article:modified_time\" content=\"2023-01-17T12:18:04+00:00\" \/>\n<meta property=\"og:image\" content=\"https:\/\/tajkertesz.com\/wp-content\/uploads\/2021\/05\/44b1454ef9eb922c8ade7a9ce688cb43-scaled.jpg\" \/>\n\t<meta property=\"og:image:width\" content=\"2560\" \/>\n\t<meta property=\"og:image:height\" content=\"951\" \/>\n\t<meta property=\"og:image:type\" content=\"image\/jpeg\" \/>\n<meta name=\"twitter:card\" content=\"summary_large_image\" \/>\n<meta name=\"twitter:label1\" content=\"Est. reading time\" \/>\n\t<meta name=\"twitter:data1\" content=\"1 minute\" \/>\n<script type=\"application\/ld+json\" class=\"yoast-schema-graph\">{\"@context\":\"https:\\\/\\\/schema.org\",\"@graph\":[{\"@type\":\"WebPage\",\"@id\":\"https:\\\/\\\/tajkertesz.com\\\/termek\\\/ontozokanna-spring-25-l\\\/\",\"url\":\"https:\\\/\\\/tajkertesz.com\\\/termek\\\/ontozokanna-spring-25-l\\\/\",\"name\":\"\u00d6nt\u00f6z\u0151kanna Spring 2,5 l - T\u00e1jkert\u00e9sz\",\"isPartOf\":{\"@id\":\"https:\\\/\\\/tajkertesz.com\\\/#website\"},\"primaryImageOfPage\":{\"@id\":\"https:\\\/\\\/tajkertesz.com\\\/termek\\\/ontozokanna-spring-25-l\\\/#primaryimage\"},\"image\":{\"@id\":\"https:\\\/\\\/tajkertesz.com\\\/termek\\\/ontozokanna-spring-25-l\\\/#primaryimage\"},\"thumbnailUrl\":\"https:\\\/\\\/tajkertesz.com\\\/wp-content\\\/uploads\\\/2021\\\/05\\\/44b1454ef9eb922c8ade7a9ce688cb43-scaled.jpg\",\"datePublished\":\"2021-05-10T06:08:37+00:00\",\"dateModified\":\"2023-01-17T12:18:04+00:00\",\"description\":\"\u00d6nt\u00f6z\u0151kanna Spring 2,5 l, A spring locsol\u00f3kann\u00e1k egyedi tervez\u00e9s\u0171 ig\u00e9nyesen kivitelezett term\u00e9kek.J\u00f3l ellen\u00e1lnak az id\u0151j\u00e1r\u00e1snak.T\u00f6bb sz\u00ednben\",\"breadcrumb\":{\"@id\":\"https:\\\/\\\/tajkertesz.com\\\/termek\\\/ontozokanna-spring-25-l\\\/#breadcrumb\"},\"inLanguage\":\"en-US\",\"potentialAction\":[{\"@type\":\"ReadAction\",\"target\":[\"https:\\\/\\\/tajkertesz.com\\\/termek\\\/ontozokanna-spring-25-l\\\/\"]}]},{\"@type\":\"ImageObject\",\"inLanguage\":\"en-US\",\"@id\":\"https:\\\/\\\/tajkertesz.com\\\/termek\\\/ontozokanna-spring-25-l\\\/#primaryimage\",\"url\":\"https:\\\/\\\/tajkertesz.com\\\/wp-content\\\/uploads\\\/2021\\\/05\\\/44b1454ef9eb922c8ade7a9ce688cb43-scaled.jpg\",\"contentUrl\":\"https:\\\/\\\/tajkertesz.com\\\/wp-content\\\/uploads\\\/2021\\\/05\\\/44b1454ef9eb922c8ade7a9ce688cb43-scaled.jpg\",\"width\":2560,\"height\":951,\"caption\":\"\u00d6nt\u00f6z\u0151kanna Spring 10,5l B040\"},{\"@type\":\"BreadcrumbList\",\"@id\":\"https:\\\/\\\/tajkertesz.com\\\/termek\\\/ontozokanna-spring-25-l\\\/#breadcrumb\",\"itemListElement\":[{\"@type\":\"ListItem\",\"position\":1,\"name\":\"Home\",\"item\":\"https:\\\/\\\/tajkertesz.com\\\/\"},{\"@type\":\"ListItem\",\"position\":2,\"name\":\"Kezd\u0151lap\",\"item\":\"https:\\\/\\\/tajkertesz.com\\\/\"},{\"@type\":\"ListItem\",\"position\":3,\"name\":\"\u00d6nt\u00f6z\u0151kanna Spring 2,5 l\"}]},{\"@type\":\"WebSite\",\"@id\":\"https:\\\/\\\/tajkertesz.com\\\/#website\",\"url\":\"https:\\\/\\\/tajkertesz.com\\\/\",\"name\":\"T\u00e1j-Kert\u00e9sz 84 Kft.\",\"description\":\"Kert\u00e9szeti kis- \u00e9s nagykeresked\u00e9s, D\u00edszn\u00f6v\u00e9ny web\u00e1ruh\u00e1z orsz\u00e1gos h\u00e1zhozsz\u00e1ll\u00edt\u00e1ssal!\",\"publisher\":{\"@id\":\"https:\\\/\\\/tajkertesz.com\\\/#organization\"},\"potentialAction\":[{\"@type\":\"SearchAction\",\"target\":{\"@type\":\"EntryPoint\",\"urlTemplate\":\"https:\\\/\\\/tajkertesz.com\\\/?s={search_term_string}\"},\"query-input\":{\"@type\":\"PropertyValueSpecification\",\"valueRequired\":true,\"valueName\":\"search_term_string\"}}],\"inLanguage\":\"en-US\"},{\"@type\":\"Organization\",\"@id\":\"https:\\\/\\\/tajkertesz.com\\\/#organization\",\"name\":\"T\u00e1j-Kert\u00e9sz 84 Kft.\",\"url\":\"https:\\\/\\\/tajkertesz.com\\\/\",\"logo\":{\"@type\":\"ImageObject\",\"inLanguage\":\"en-US\",\"@id\":\"https:\\\/\\\/tajkertesz.com\\\/#\\\/schema\\\/logo\\\/image\\\/\",\"url\":\"https:\\\/\\\/tajkertesz.com\\\/wp-content\\\/uploads\\\/2018\\\/02\\\/logo-2-e1518678052539.png\",\"contentUrl\":\"https:\\\/\\\/tajkertesz.com\\\/wp-content\\\/uploads\\\/2018\\\/02\\\/logo-2-e1518678052539.png\",\"width\":81,\"height\":140,\"caption\":\"T\u00e1j-Kert\u00e9sz 84 Kft.\"},\"image\":{\"@id\":\"https:\\\/\\\/tajkertesz.com\\\/#\\\/schema\\\/logo\\\/image\\\/\"},\"sameAs\":[\"https:\\\/\\\/www.facebook.com\\\/Tajkertesz\\\/\"]}]}<\/script>\n<!-- \/ Yoast SEO plugin. -->","yoast_head_json":{"title":"\u00d6nt\u00f6z\u0151kanna Spring 2,5 l - T\u00e1jkert\u00e9sz","description":"\u00d6nt\u00f6z\u0151kanna Spring 2,5 l, A spring locsol\u00f3kann\u00e1k egyedi tervez\u00e9s\u0171 ig\u00e9nyesen kivitelezett term\u00e9kek.J\u00f3l ellen\u00e1lnak az id\u0151j\u00e1r\u00e1snak.T\u00f6bb sz\u00ednben","robots":{"index":"index","follow":"follow","max-snippet":"max-snippet:-1","max-image-preview":"max-image-preview:large","max-video-preview":"max-video-preview:-1"},"canonical":"https:\/\/tajkertesz.com\/en_US\/product\/ontozokanna-spring-25-l\/","og_locale":"en_US","og_type":"article","og_title":"\u00d6nt\u00f6z\u0151kanna Spring 2,5 l - T\u00e1jkert\u00e9sz","og_description":"\u00d6nt\u00f6z\u0151kanna Spring 2,5 l, A spring locsol\u00f3kann\u00e1k egyedi tervez\u00e9s\u0171 ig\u00e9nyesen kivitelezett term\u00e9kek.J\u00f3l ellen\u00e1lnak az id\u0151j\u00e1r\u00e1snak.T\u00f6bb sz\u00ednben","og_url":"https:\/\/tajkertesz.com\/en_US\/product\/ontozokanna-spring-25-l\/","og_site_name":"T\u00e1jkert\u00e9sz","article_publisher":"https:\/\/www.facebook.com\/Tajkertesz\/","article_modified_time":"2023-01-17T12:18:04+00:00","og_image":[{"width":2560,"height":951,"url":"https:\/\/tajkertesz.com\/wp-content\/uploads\/2021\/05\/44b1454ef9eb922c8ade7a9ce688cb43-scaled.jpg","type":"image\/jpeg"}],"twitter_card":"summary_large_image","twitter_misc":{"Est. reading time":"1 minute"},"schema":{"@context":"https:\/\/schema.org","@graph":[{"@type":"WebPage","@id":"https:\/\/tajkertesz.com\/termek\/ontozokanna-spring-25-l\/","url":"https:\/\/tajkertesz.com\/termek\/ontozokanna-spring-25-l\/","name":"\u00d6nt\u00f6z\u0151kanna Spring 2,5 l - T\u00e1jkert\u00e9sz","isPartOf":{"@id":"https:\/\/tajkertesz.com\/#website"},"primaryImageOfPage":{"@id":"https:\/\/tajkertesz.com\/termek\/ontozokanna-spring-25-l\/#primaryimage"},"image":{"@id":"https:\/\/tajkertesz.com\/termek\/ontozokanna-spring-25-l\/#primaryimage"},"thumbnailUrl":"https:\/\/tajkertesz.com\/wp-content\/uploads\/2021\/05\/44b1454ef9eb922c8ade7a9ce688cb43-scaled.jpg","datePublished":"2021-05-10T06:08:37+00:00","dateModified":"2023-01-17T12:18:04+00:00","description":"\u00d6nt\u00f6z\u0151kanna Spring 2,5 l, A spring locsol\u00f3kann\u00e1k egyedi tervez\u00e9s\u0171 ig\u00e9nyesen kivitelezett term\u00e9kek.J\u00f3l ellen\u00e1lnak az id\u0151j\u00e1r\u00e1snak.T\u00f6bb sz\u00ednben","breadcrumb":{"@id":"https:\/\/tajkertesz.com\/termek\/ontozokanna-spring-25-l\/#breadcrumb"},"inLanguage":"en-US","potentialAction":[{"@type":"ReadAction","target":["https:\/\/tajkertesz.com\/termek\/ontozokanna-spring-25-l\/"]}]},{"@type":"ImageObject","inLanguage":"en-US","@id":"https:\/\/tajkertesz.com\/termek\/ontozokanna-spring-25-l\/#primaryimage","url":"https:\/\/tajkertesz.com\/wp-content\/uploads\/2021\/05\/44b1454ef9eb922c8ade7a9ce688cb43-scaled.jpg","contentUrl":"https:\/\/tajkertesz.com\/wp-content\/uploads\/2021\/05\/44b1454ef9eb922c8ade7a9ce688cb43-scaled.jpg","width":2560,"height":951,"caption":"\u00d6nt\u00f6z\u0151kanna Spring 10,5l B040"},{"@type":"BreadcrumbList","@id":"https:\/\/tajkertesz.com\/termek\/ontozokanna-spring-25-l\/#breadcrumb","itemListElement":[{"@type":"ListItem","position":1,"name":"Home","item":"https:\/\/tajkertesz.com\/"},{"@type":"ListItem","position":2,"name":"Kezd\u0151lap","item":"https:\/\/tajkertesz.com\/"},{"@type":"ListItem","position":3,"name":"\u00d6nt\u00f6z\u0151kanna Spring 2,5 l"}]},{"@type":"WebSite","@id":"https:\/\/tajkertesz.com\/#website","url":"https:\/\/tajkertesz.com\/","name":"T\u00e1j-Kert\u00e9sz 84 Kft.","description":"Kert\u00e9szeti kis- \u00e9s nagykeresked\u00e9s, D\u00edszn\u00f6v\u00e9ny web\u00e1ruh\u00e1z orsz\u00e1gos h\u00e1zhozsz\u00e1ll\u00edt\u00e1ssal!","publisher":{"@id":"https:\/\/tajkertesz.com\/#organization"},"potentialAction":[{"@type":"SearchAction","target":{"@type":"EntryPoint","urlTemplate":"https:\/\/tajkertesz.com\/?s={search_term_string}"},"query-input":{"@type":"PropertyValueSpecification","valueRequired":true,"valueName":"search_term_string"}}],"inLanguage":"en-US"},{"@type":"Organization","@id":"https:\/\/tajkertesz.com\/#organization","name":"T\u00e1j-Kert\u00e9sz 84 Kft.","url":"https:\/\/tajkertesz.com\/","logo":{"@type":"ImageObject","inLanguage":"en-US","@id":"https:\/\/tajkertesz.com\/#\/schema\/logo\/image\/","url":"https:\/\/tajkertesz.com\/wp-content\/uploads\/2018\/02\/logo-2-e1518678052539.png","contentUrl":"https:\/\/tajkertesz.com\/wp-content\/uploads\/2018\/02\/logo-2-e1518678052539.png","width":81,"height":140,"caption":"T\u00e1j-Kert\u00e9sz 84 Kft."},"image":{"@id":"https:\/\/tajkertesz.com\/#\/schema\/logo\/image\/"},"sameAs":["https:\/\/www.facebook.com\/Tajkertesz\/"]}]}},"_links":{"self":[{"href":"https:\/\/tajkertesz.com\/en_US\/wp-json\/wp\/v2\/product\/4382","targetHints":{"allow":["GET"]}}],"collection":[{"href":"https:\/\/tajkertesz.com\/en_US\/wp-json\/wp\/v2\/product"}],"about":[{"href":"https:\/\/tajkertesz.com\/en_US\/wp-json\/wp\/v2\/types\/product"}],"wp:featuredmedia":[{"embeddable":true,"href":"https:\/\/tajkertesz.com\/en_US\/wp-json\/wp\/v2\/media\/4381"}],"wp:attachment":[{"href":"https:\/\/tajkertesz.com\/en_US\/wp-json\/wp\/v2\/media?parent=4382"}],"wp:term":[{"taxonomy":"product_brand","embeddable":true,"href":"https:\/\/tajkertesz.com\/en_US\/wp-json\/wp\/v2\/product_brand?post=4382"},{"taxonomy":"product_cat","embeddable":true,"href":"https:\/\/tajkertesz.com\/en_US\/wp-json\/wp\/v2\/product_cat?post=4382"},{"taxonomy":"product_tag","embeddable":true,"href":"https:\/\/tajkertesz.com\/en_US\/wp-json\/wp\/v2\/product_tag?post=4382"}],"curies":[{"name":"wp","href":"https:\/\/api.w.org\/{rel}","templated":true}]}}