{"id":4394,"date":"2021-05-10T08:11:47","date_gmt":"2021-05-10T08:11:47","guid":{"rendered":"https:\/\/tajkertesz.com\/?post_type=product&#038;p=4394"},"modified":"2026-02-17T14:22:05","modified_gmt":"2026-02-17T14:22:05","slug":"tozeg-cserep-6x6x6cm-20db-os-szett","status":"publish","type":"product","link":"https:\/\/tajkertesz.com\/en_US\/product\/tozeg-cserep-6x6x6cm-20db-os-szett\/","title":{"rendered":"T\u0151zeg cser\u00e9p 24-200-3 , 6x6x6cm 20db-os szett"},"content":{"rendered":"<h2>T\u0151zeg cser\u00e9p 6x6x6cm 20db-os szett<\/h2>\n<p>&nbsp;<\/p>\n<p>T\u0151zeg cser\u00e9p 6x6x6cm\u00a0 20db-os szett Sz\u00f6gletes, 100%-ban farostb\u00f3l k\u00e9sz\u00fclt termeszt\u0151cserepek.<\/p>\n<p>&nbsp;<\/p>\n<p><a href=\"https:\/\/www.facebook.com\/tajkertesz\">https:\/\/www.facebook.com\/tajkertesz<\/a><\/p>\n<p><a href=\"https:\/\/tajkertesz.com\/\">https:\/\/tajkertesz.com\/<\/a><\/p>\n<p>&nbsp;<\/p>\n<h4><span style=\"color: #ffffff;\">A\u00a0<b>t\u0151zeg:<\/b><\/span><\/h4>\n<p><span style=\"color: #ffffff;\">n\u00f6v\u00e9nyi eredet\u0171 \u00fcled\u00e9kes talajk\u00e9pz\u0151 k\u0151zet \u00e9s talaj, a f\u00e9lig sz\u00e1razf\u00f6ldi humuszk\u00e9pz\u0151d\u00e9s term\u00e9ke. A t\u0151zeg \u00e9rett, alacsonyabb szervesanyag-tartalm\u00fa \u00e9s er\u0151sen \u00e1talakult form\u00e1j\u00e1t kotu<i><\/i>nak is nevezik.<\/span><\/p>\n<p><span style=\"color: #ffffff;\">A t\u0151zeg az er\u0151sen nedves, v\u00edz \u00e1ltal bor\u00edtott \u00e9s leveg\u0151t\u0151l elz\u00e1rt (anaerob) k\u00f6r\u00fclm\u00e9nyek k\u00f6z\u00f6tt, az ott elhalt n\u00f6v\u00e9nyek t\u00f6rmel\u00e9k\u00e9b\u0151l k\u00e9pz\u0151dik\u00a0 biol\u00f3giai, k\u00e9miai \u00e9s fizikai folyamatok r\u00e9v\u00e9n. A t\u0151zegk\u00e9pz\u0151d\u00e9sre alkalmas \u00e9l\u0151helyeket t\u00e1gabb \u00e9rtelemben l\u00e1poknak nevezz\u00fck, de a m\u00e1ra m\u00e1r kisz\u00e1radt l\u00e1pok ter\u00fclet\u00e9n is fellelhet\u0151 a t\u0151zeg. Magyarorsz\u00e1gon valamennyi l\u00e1p v\u00e9dett. A 2013-as ,,l\u00e1pt\u00f6rv\u00e9ny&#8221; \u00e9rtelm\u00e9ben p\u00e1r helyen enged\u00e9lyezett a t\u0151zegb\u00e1ny\u00e1szat.<\/span><\/p>\n<p><span style=\"color: #ffffff;\">T\u0151zegk\u00e9pz\u0151d\u00e9sre alkalmas k\u00f6r\u00fclm\u00e9nyek a tart\u00f3san lefoly\u00e1stalan term\u00e9szeti helyek, lef\u0171z\u0151d\u00f6tt holt\u00e1gak, sek\u00e9ly tavak, patakpartok ter\u00fclet\u00e9n alakultak ki, ahol a v\u00edzfel\u00fcletet r\u00e9szben vagy eg\u00e9szben v\u00edzi n\u00f6v\u00e9nyzet, h\u00edn\u00e1r, s\u00e1s, n\u00e1d, gy\u00e9k\u00e9ny, \u00e9s gyakran moh\u00e1k, p\u00e1fr\u00e1nyok n\u0151tt\u00e9k be.<\/span><\/p>\n<h3><span id=\"F\u0151bb_megjelen\u00e9si_form\u00e1i\" class=\"mw-headline\" style=\"color: #ffffff;\">F\u0151bb megjelen\u00e9si form\u00e1i<\/span><\/h3>\n<p><span style=\"color: #ffffff;\">A t\u0151zegf\u00e9l\u00e9ket a sz\u00edn\u00fck alapj\u00e1n k\u00fcl\u00f6nb\u00f6ztetj\u00fck meg, s nevezz\u00fck el. A vil\u00e1gos feh\u00e9rt\u0151zegn\u00e9l a n\u00f6v\u00e9ny szerkezete m\u00e9g j\u00f3l l\u00e1that\u00f3, tov\u00e1bbi boml\u00e1sn\u00e1l egy homog\u00e9nebb, szemmel alig felismerhet\u0151 szerkezetlen anyag keletkezik, ez a barnat\u0151zeg. A legid\u0151sebb t\u0151zegr\u00e9teg az \u00fagynevezett feketet\u0151zeg.<\/span><\/p>\n<ul>\n<li><span style=\"color: #ffffff;\">A\u00a0<b>s\u00edkvid\u00e9ki f\u00e1tlan l\u00e1pok<\/b> n\u00f6v\u00e9nyzet\u00e9re \u00e9s t\u0151zegk\u00e9pz\u0151 anyag\u00e1ra gyakran egyszik\u0171 n\u00f6v\u00e9nyek dominanci\u00e1ja jellemz\u0151 (r\u00e9tl\u00e1pok, s\u00edkl\u00e1pok, s\u00e1sl\u00e1pok). Ezek jellemz\u0151 habitusa a zsomb\u00e9kos-semly\u00e9kes r\u00e9t.<\/span><\/li>\n<li><span style=\"color: #ffffff;\">A\u00a0<b>l\u00e1perd\u0151k<\/b>\u00a0jellemz\u0151 n\u00f6v\u00e9nyzeti k\u00e9p\u00e9t a f\u00e1s sz\u00e1r\u00fa n\u00f6v\u00e9nyek hat\u00e1rozz\u00e1k meg, jellemz\u0151 t\u0151zegk\u00e9pz\u0151 anyaguk a f\u00e1k lehullott lombja.<\/span><\/li>\n<li><span style=\"color: #ffffff;\">A h\u0171v\u00f6s hegyi \u00e9l\u0151helyekre jellemz\u0151\u00a0<b>mohal\u00e1pok<\/b>\u00a0\u00e1ltal\u00e1ban forr\u00e1sok k\u00f6rny\u00e9k\u00e9n indulnak fejl\u0151d\u00e9snek a t\u0151zegmoh\u00e1k (Sphagnumf\u00e9l\u00e9k) megteleped\u00e9se k\u00f6vetkezt\u00e9ben.<\/span><\/li>\n<\/ul>\n<p>&nbsp;<\/p>\n<p>&nbsp;<\/p>\n<p>Sz\u00e1ll\u00edt\u00e1s fut\u00e1rszolg\u00e1lattal 200 cm-ig, illetve 40 kg-ig lehets\u00e9ges.<\/p>","protected":false},"excerpt":{"rendered":"<h2>T\u0151zeg cser\u00e9p 6x6x6cm\u00a0 20db-os szett<\/h2>\n<p>&nbsp;<\/p>\n<p>T\u0151zeg cser\u00e9p 6x6x6cm\u00a0 20db-os szett Sz\u00f6gletes, 100%-ban farostb\u00f3l k\u00e9sz\u00fclt termeszt\u0151cserepek.<\/p>","protected":false},"featured_media":4395,"template":"","meta":{"_et_pb_use_builder":"","_et_pb_old_content":"","_et_gb_content_width":""},"product_brand":[],"product_cat":[1349],"product_tag":[1396,1473],"class_list":{"0":"post-4394","1":"product","2":"type-product","3":"status-publish","4":"has-post-thumbnail","6":"product_cat-agyag-cserepek-kaspok","7":"product_tag-cserep","8":"product_tag-tozeg","10":"first","11":"instock","12":"shipping-taxable","13":"purchasable","14":"product-type-simple"},"yoast_head":"<!-- This site is optimized with the Yoast SEO plugin v27.4 - https:\/\/yoast.com\/product\/yoast-seo-wordpress\/ -->\n<title>T\u0151zeg cser\u00e9p 24-200-3 , 6x6x6cm 20db-os szett - T\u00e1jkert\u00e9sz<\/title>\n<meta name=\"description\" content=\"T\u0151zeg cser\u00e9p 6x6x6cm 20db-os szett T\u0151zeg cser\u00e9p 6x6x6cm 16db-os szett Sz\u00f6gletes, 100%-ban farostb\u00f3l k\u00e9sz\u00fclt termeszt\u0151cserepek.\" \/>\n<meta name=\"robots\" content=\"index, follow, max-snippet:-1, max-image-preview:large, max-video-preview:-1\" \/>\n<link rel=\"canonical\" href=\"https:\/\/tajkertesz.com\/en_US\/product\/tozeg-cserep-6x6x6cm-20db-os-szett\/\" \/>\n<meta property=\"og:locale\" content=\"en_US\" \/>\n<meta property=\"og:type\" content=\"article\" \/>\n<meta property=\"og:title\" content=\"T\u0151zeg cser\u00e9p 24-200-3 , 6x6x6cm 20db-os szett - T\u00e1jkert\u00e9sz\" \/>\n<meta property=\"og:description\" content=\"T\u0151zeg cser\u00e9p 6x6x6cm 20db-os szett T\u0151zeg cser\u00e9p 6x6x6cm 16db-os szett Sz\u00f6gletes, 100%-ban farostb\u00f3l k\u00e9sz\u00fclt termeszt\u0151cserepek.\" \/>\n<meta property=\"og:url\" content=\"https:\/\/tajkertesz.com\/en_US\/product\/tozeg-cserep-6x6x6cm-20db-os-szett\/\" \/>\n<meta property=\"og:site_name\" content=\"T\u00e1jkert\u00e9sz\" \/>\n<meta property=\"article:publisher\" content=\"https:\/\/www.facebook.com\/Tajkertesz\/\" \/>\n<meta property=\"article:modified_time\" content=\"2026-02-17T14:22:05+00:00\" \/>\n<meta property=\"og:image\" content=\"https:\/\/tajkertesz.com\/wp-content\/uploads\/2021\/05\/6020120-scaled.jpg\" \/>\n\t<meta property=\"og:image:width\" content=\"2560\" \/>\n\t<meta property=\"og:image:height\" content=\"1703\" \/>\n\t<meta property=\"og:image:type\" content=\"image\/jpeg\" \/>\n<meta name=\"twitter:card\" content=\"summary_large_image\" \/>\n<meta name=\"twitter:label1\" content=\"Est. reading time\" \/>\n\t<meta name=\"twitter:data1\" content=\"2 minutes\" \/>\n<script type=\"application\/ld+json\" class=\"yoast-schema-graph\">{\"@context\":\"https:\\\/\\\/schema.org\",\"@graph\":[{\"@type\":\"WebPage\",\"@id\":\"https:\\\/\\\/tajkertesz.com\\\/termek\\\/tozeg-cserep-6x6x6cm-20db-os-szett\\\/\",\"url\":\"https:\\\/\\\/tajkertesz.com\\\/termek\\\/tozeg-cserep-6x6x6cm-20db-os-szett\\\/\",\"name\":\"T\u0151zeg cser\u00e9p 24-200-3 , 6x6x6cm 20db-os szett - T\u00e1jkert\u00e9sz\",\"isPartOf\":{\"@id\":\"https:\\\/\\\/tajkertesz.com\\\/#website\"},\"primaryImageOfPage\":{\"@id\":\"https:\\\/\\\/tajkertesz.com\\\/termek\\\/tozeg-cserep-6x6x6cm-20db-os-szett\\\/#primaryimage\"},\"image\":{\"@id\":\"https:\\\/\\\/tajkertesz.com\\\/termek\\\/tozeg-cserep-6x6x6cm-20db-os-szett\\\/#primaryimage\"},\"thumbnailUrl\":\"https:\\\/\\\/tajkertesz.com\\\/wp-content\\\/uploads\\\/2021\\\/05\\\/6020120-scaled.jpg\",\"datePublished\":\"2021-05-10T08:11:47+00:00\",\"dateModified\":\"2026-02-17T14:22:05+00:00\",\"description\":\"T\u0151zeg cser\u00e9p 6x6x6cm 20db-os szett T\u0151zeg cser\u00e9p 6x6x6cm 16db-os szett Sz\u00f6gletes, 100%-ban farostb\u00f3l k\u00e9sz\u00fclt termeszt\u0151cserepek.\",\"breadcrumb\":{\"@id\":\"https:\\\/\\\/tajkertesz.com\\\/termek\\\/tozeg-cserep-6x6x6cm-20db-os-szett\\\/#breadcrumb\"},\"inLanguage\":\"en-US\",\"potentialAction\":[{\"@type\":\"ReadAction\",\"target\":[\"https:\\\/\\\/tajkertesz.com\\\/termek\\\/tozeg-cserep-6x6x6cm-20db-os-szett\\\/\"]}]},{\"@type\":\"ImageObject\",\"inLanguage\":\"en-US\",\"@id\":\"https:\\\/\\\/tajkertesz.com\\\/termek\\\/tozeg-cserep-6x6x6cm-20db-os-szett\\\/#primaryimage\",\"url\":\"https:\\\/\\\/tajkertesz.com\\\/wp-content\\\/uploads\\\/2021\\\/05\\\/6020120-scaled.jpg\",\"contentUrl\":\"https:\\\/\\\/tajkertesz.com\\\/wp-content\\\/uploads\\\/2021\\\/05\\\/6020120-scaled.jpg\",\"width\":2560,\"height\":1703},{\"@type\":\"BreadcrumbList\",\"@id\":\"https:\\\/\\\/tajkertesz.com\\\/termek\\\/tozeg-cserep-6x6x6cm-20db-os-szett\\\/#breadcrumb\",\"itemListElement\":[{\"@type\":\"ListItem\",\"position\":1,\"name\":\"Home\",\"item\":\"https:\\\/\\\/tajkertesz.com\\\/\"},{\"@type\":\"ListItem\",\"position\":2,\"name\":\"Kezd\u0151lap\",\"item\":\"https:\\\/\\\/tajkertesz.com\\\/\"},{\"@type\":\"ListItem\",\"position\":3,\"name\":\"T\u0151zeg cser\u00e9p 24-200-3 , 6x6x6cm 20db-os szett\"}]},{\"@type\":\"WebSite\",\"@id\":\"https:\\\/\\\/tajkertesz.com\\\/#website\",\"url\":\"https:\\\/\\\/tajkertesz.com\\\/\",\"name\":\"T\u00e1j-Kert\u00e9sz 84 Kft.\",\"description\":\"Kert\u00e9szeti kis- \u00e9s nagykeresked\u00e9s, D\u00edszn\u00f6v\u00e9ny web\u00e1ruh\u00e1z orsz\u00e1gos h\u00e1zhozsz\u00e1ll\u00edt\u00e1ssal!\",\"publisher\":{\"@id\":\"https:\\\/\\\/tajkertesz.com\\\/#organization\"},\"potentialAction\":[{\"@type\":\"SearchAction\",\"target\":{\"@type\":\"EntryPoint\",\"urlTemplate\":\"https:\\\/\\\/tajkertesz.com\\\/?s={search_term_string}\"},\"query-input\":{\"@type\":\"PropertyValueSpecification\",\"valueRequired\":true,\"valueName\":\"search_term_string\"}}],\"inLanguage\":\"en-US\"},{\"@type\":\"Organization\",\"@id\":\"https:\\\/\\\/tajkertesz.com\\\/#organization\",\"name\":\"T\u00e1j-Kert\u00e9sz 84 Kft.\",\"url\":\"https:\\\/\\\/tajkertesz.com\\\/\",\"logo\":{\"@type\":\"ImageObject\",\"inLanguage\":\"en-US\",\"@id\":\"https:\\\/\\\/tajkertesz.com\\\/#\\\/schema\\\/logo\\\/image\\\/\",\"url\":\"https:\\\/\\\/tajkertesz.com\\\/wp-content\\\/uploads\\\/2018\\\/02\\\/logo-2-e1518678052539.png\",\"contentUrl\":\"https:\\\/\\\/tajkertesz.com\\\/wp-content\\\/uploads\\\/2018\\\/02\\\/logo-2-e1518678052539.png\",\"width\":81,\"height\":140,\"caption\":\"T\u00e1j-Kert\u00e9sz 84 Kft.\"},\"image\":{\"@id\":\"https:\\\/\\\/tajkertesz.com\\\/#\\\/schema\\\/logo\\\/image\\\/\"},\"sameAs\":[\"https:\\\/\\\/www.facebook.com\\\/Tajkertesz\\\/\"]}]}<\/script>\n<!-- \/ Yoast SEO plugin. -->","yoast_head_json":{"title":"T\u0151zeg cser\u00e9p 24-200-3 , 6x6x6cm 20db-os szett - T\u00e1jkert\u00e9sz","description":"T\u0151zeg cser\u00e9p 6x6x6cm 20db-os szett T\u0151zeg cser\u00e9p 6x6x6cm 16db-os szett Sz\u00f6gletes, 100%-ban farostb\u00f3l k\u00e9sz\u00fclt termeszt\u0151cserepek.","robots":{"index":"index","follow":"follow","max-snippet":"max-snippet:-1","max-image-preview":"max-image-preview:large","max-video-preview":"max-video-preview:-1"},"canonical":"https:\/\/tajkertesz.com\/en_US\/product\/tozeg-cserep-6x6x6cm-20db-os-szett\/","og_locale":"en_US","og_type":"article","og_title":"T\u0151zeg cser\u00e9p 24-200-3 , 6x6x6cm 20db-os szett - T\u00e1jkert\u00e9sz","og_description":"T\u0151zeg cser\u00e9p 6x6x6cm 20db-os szett T\u0151zeg cser\u00e9p 6x6x6cm 16db-os szett Sz\u00f6gletes, 100%-ban farostb\u00f3l k\u00e9sz\u00fclt termeszt\u0151cserepek.","og_url":"https:\/\/tajkertesz.com\/en_US\/product\/tozeg-cserep-6x6x6cm-20db-os-szett\/","og_site_name":"T\u00e1jkert\u00e9sz","article_publisher":"https:\/\/www.facebook.com\/Tajkertesz\/","article_modified_time":"2026-02-17T14:22:05+00:00","og_image":[{"width":2560,"height":1703,"url":"https:\/\/tajkertesz.com\/wp-content\/uploads\/2021\/05\/6020120-scaled.jpg","type":"image\/jpeg"}],"twitter_card":"summary_large_image","twitter_misc":{"Est. reading time":"2 minutes"},"schema":{"@context":"https:\/\/schema.org","@graph":[{"@type":"WebPage","@id":"https:\/\/tajkertesz.com\/termek\/tozeg-cserep-6x6x6cm-20db-os-szett\/","url":"https:\/\/tajkertesz.com\/termek\/tozeg-cserep-6x6x6cm-20db-os-szett\/","name":"T\u0151zeg cser\u00e9p 24-200-3 , 6x6x6cm 20db-os szett - T\u00e1jkert\u00e9sz","isPartOf":{"@id":"https:\/\/tajkertesz.com\/#website"},"primaryImageOfPage":{"@id":"https:\/\/tajkertesz.com\/termek\/tozeg-cserep-6x6x6cm-20db-os-szett\/#primaryimage"},"image":{"@id":"https:\/\/tajkertesz.com\/termek\/tozeg-cserep-6x6x6cm-20db-os-szett\/#primaryimage"},"thumbnailUrl":"https:\/\/tajkertesz.com\/wp-content\/uploads\/2021\/05\/6020120-scaled.jpg","datePublished":"2021-05-10T08:11:47+00:00","dateModified":"2026-02-17T14:22:05+00:00","description":"T\u0151zeg cser\u00e9p 6x6x6cm 20db-os szett T\u0151zeg cser\u00e9p 6x6x6cm 16db-os szett Sz\u00f6gletes, 100%-ban farostb\u00f3l k\u00e9sz\u00fclt termeszt\u0151cserepek.","breadcrumb":{"@id":"https:\/\/tajkertesz.com\/termek\/tozeg-cserep-6x6x6cm-20db-os-szett\/#breadcrumb"},"inLanguage":"en-US","potentialAction":[{"@type":"ReadAction","target":["https:\/\/tajkertesz.com\/termek\/tozeg-cserep-6x6x6cm-20db-os-szett\/"]}]},{"@type":"ImageObject","inLanguage":"en-US","@id":"https:\/\/tajkertesz.com\/termek\/tozeg-cserep-6x6x6cm-20db-os-szett\/#primaryimage","url":"https:\/\/tajkertesz.com\/wp-content\/uploads\/2021\/05\/6020120-scaled.jpg","contentUrl":"https:\/\/tajkertesz.com\/wp-content\/uploads\/2021\/05\/6020120-scaled.jpg","width":2560,"height":1703},{"@type":"BreadcrumbList","@id":"https:\/\/tajkertesz.com\/termek\/tozeg-cserep-6x6x6cm-20db-os-szett\/#breadcrumb","itemListElement":[{"@type":"ListItem","position":1,"name":"Home","item":"https:\/\/tajkertesz.com\/"},{"@type":"ListItem","position":2,"name":"Kezd\u0151lap","item":"https:\/\/tajkertesz.com\/"},{"@type":"ListItem","position":3,"name":"T\u0151zeg cser\u00e9p 24-200-3 , 6x6x6cm 20db-os szett"}]},{"@type":"WebSite","@id":"https:\/\/tajkertesz.com\/#website","url":"https:\/\/tajkertesz.com\/","name":"T\u00e1j-Kert\u00e9sz 84 Kft.","description":"Kert\u00e9szeti kis- \u00e9s nagykeresked\u00e9s, D\u00edszn\u00f6v\u00e9ny web\u00e1ruh\u00e1z orsz\u00e1gos h\u00e1zhozsz\u00e1ll\u00edt\u00e1ssal!","publisher":{"@id":"https:\/\/tajkertesz.com\/#organization"},"potentialAction":[{"@type":"SearchAction","target":{"@type":"EntryPoint","urlTemplate":"https:\/\/tajkertesz.com\/?s={search_term_string}"},"query-input":{"@type":"PropertyValueSpecification","valueRequired":true,"valueName":"search_term_string"}}],"inLanguage":"en-US"},{"@type":"Organization","@id":"https:\/\/tajkertesz.com\/#organization","name":"T\u00e1j-Kert\u00e9sz 84 Kft.","url":"https:\/\/tajkertesz.com\/","logo":{"@type":"ImageObject","inLanguage":"en-US","@id":"https:\/\/tajkertesz.com\/#\/schema\/logo\/image\/","url":"https:\/\/tajkertesz.com\/wp-content\/uploads\/2018\/02\/logo-2-e1518678052539.png","contentUrl":"https:\/\/tajkertesz.com\/wp-content\/uploads\/2018\/02\/logo-2-e1518678052539.png","width":81,"height":140,"caption":"T\u00e1j-Kert\u00e9sz 84 Kft."},"image":{"@id":"https:\/\/tajkertesz.com\/#\/schema\/logo\/image\/"},"sameAs":["https:\/\/www.facebook.com\/Tajkertesz\/"]}]}},"_links":{"self":[{"href":"https:\/\/tajkertesz.com\/en_US\/wp-json\/wp\/v2\/product\/4394","targetHints":{"allow":["GET"]}}],"collection":[{"href":"https:\/\/tajkertesz.com\/en_US\/wp-json\/wp\/v2\/product"}],"about":[{"href":"https:\/\/tajkertesz.com\/en_US\/wp-json\/wp\/v2\/types\/product"}],"wp:featuredmedia":[{"embeddable":true,"href":"https:\/\/tajkertesz.com\/en_US\/wp-json\/wp\/v2\/media\/4395"}],"wp:attachment":[{"href":"https:\/\/tajkertesz.com\/en_US\/wp-json\/wp\/v2\/media?parent=4394"}],"wp:term":[{"taxonomy":"product_brand","embeddable":true,"href":"https:\/\/tajkertesz.com\/en_US\/wp-json\/wp\/v2\/product_brand?post=4394"},{"taxonomy":"product_cat","embeddable":true,"href":"https:\/\/tajkertesz.com\/en_US\/wp-json\/wp\/v2\/product_cat?post=4394"},{"taxonomy":"product_tag","embeddable":true,"href":"https:\/\/tajkertesz.com\/en_US\/wp-json\/wp\/v2\/product_tag?post=4394"}],"curies":[{"name":"wp","href":"https:\/\/api.w.org\/{rel}","templated":true}]}}