{"id":4403,"date":"2021-05-10T08:31:39","date_gmt":"2021-05-10T08:31:39","guid":{"rendered":"https:\/\/tajkertesz.com\/?post_type=product&#038;p=4403"},"modified":"2026-02-03T15:50:16","modified_gmt":"2026-02-03T15:50:16","slug":"kerekes-lombgyujto","status":"publish","type":"product","link":"https:\/\/tajkertesz.com\/en_US\/product\/kerekes-lombgyujto\/","title":{"rendered":"Kerekes lombgy\u0171jt\u0151"},"content":{"rendered":"<h2>Kerekes lombgy\u0171jt\u0151<\/h2>\n<p>A Kerekes lombgy\u0171jt\u0151 egy er\u0151s merev kivitel\u0171 k\u00f6nnyen \u00fcr\u00edthet\u0151 m\u0171anyag gy\u0171jt\u0151 ed\u00e9ny,<\/p>\n<p>Er\u0151s anyagb\u00f3l k\u00e9sz\u00fclt. Nem kell tartani, mag\u00e1t\u00f3l meg\u00e1ll.\u00a0P\u00e9ld\u00e1ul kasz\u00e1l\u00e1s, s\u00f6v\u00e9ny ny\u00edr\u00e1s ut\u00e1ni z\u00f6ld hullad\u00e9k \u00f6sszegy\u0171jt\u00e9s\u00e9re t\u00f6k\u00e9letesen megfelel.<\/p>\n<p><strong>K\u00e9szlet\u00fcnk napi szinten v\u00e1ltozik, ez\u00e9rt k\u00e9rj\u00fck, \u00e9rdekl\u0151dj\u00f6n szem\u00e9lyesen, telefonon vagy email-en.<br \/>\nA v\u00e1ltoztat\u00e1s jog\u00e1t fenntartjuk!\u00a0<\/strong><\/p>\n<p><a href=\"https:\/\/tajkertesz.com\/\">https:\/\/tajkertesz.com\/<\/a><\/p>\n<p><a href=\"https:\/\/www.facebook.com\/tajkertesz\">https:\/\/www.facebook.com\/tajkertesz<\/a><\/p>\n<h2>A k\u00f6nnyebb munkav\u00e9gz\u00e9shez elengedhetetlen a j\u00f3 min\u0151s\u00e9g\u0171 kerti eszk\u00f6z\u00f6k.<\/h2>\n<p>Az \u0151sszel elv\u00e9gzend\u0151 szezon\u00e1lis munk\u00e1k k\u00f6z\u00e9 tartozik a lombsepr\u00e9s. Ahogy egyre er\u0151sebb\u00e9 v\u00e1lik a levelek hull\u00e1sa, \u00fagy okoz egyre t\u00f6bb gondot a lehullott lomb sepr\u00e9se.<\/p>\n<p>Az \u0151szi lombsepr\u00e9st t\u00f6bb f\u0151 okb\u00f3l c\u00e9lszer\u0171 elv\u00e9gezni.<\/p>\n<p>1. A lehullott levelek nem ny\u00fajtanak kellemes l\u00e1tv\u00e1nyt a kert\u00fcnkben.<\/p>\n<p>2. A lehullott levelek meleg\u00e1gya a kerti k\u00f3rokoz\u00f3knak\u00a0 \u00e9s k\u00e1rtev\u0151knek.<\/p>\n<p>3.\u00a0 A lehullott levelek eltakarj\u00e1k a n\u00f6v\u00e9nyek \u0151szi sz\u00e9ps\u00e9g\u00e9t.<\/p>\n<p>4. A gyep\u00fcnket k\u00e1ros\u00edthatja a felgy\u00fclemlett avar.<\/p>\n<p>5. \u00c9s nem utols\u00f3 sorban a tavaszi id\u0151szakban igen sok a kerti munka , \u00edgy a lombsepr\u00e9st ha \u0151sszel v\u00e9gezz\u00fck el akkor id\u0151t is sp\u00f3rolhatunk tavaszra.<\/p>\n<p><span style=\"color: #ffffff;\">A meleg \u00e1gy\u00e1s val\u00f3j\u00e1ban nem m\u00e1s mint egy vastag tr\u00e1gyar\u00e9teg besz\u00f3rva valamennyi f\u00f6lddel. A meleg\u00e1gy tr\u00e1gyakever\u00e9ke att\u00f3l f\u00fcgg milyen id\u0151tartamra k\u00e9ri a meleget a rajta termeszteni k\u00edv\u00e1nt n\u00f6v\u00e9nykult\u00fara. A l\u00f3tr\u00e1gya hirtelen ad sok meleget. Ez\u00e9rt ezt t\u00e9l v\u00e9ge fel\u00e9 alkalmazt\u00e1k. A marhatr\u00e1gya lassan ad kevesebb meleget, de huzamosabb ideig. A l\u00f3 \u00e9s szarvasmarha tr\u00e1gya kever\u00e9k\u00e9t annak megfelel\u0151en kevert\u00e9k be hogy t\u00f6bb meleg kellett hirtelen, vagy kevesebb meleg hosszabb t\u00e1von. Ha kev\u00e9s a szerves tr\u00e1gya a meleg\u00e1gy al\u00e1, akkor p\u00f3tolhat\u00f3 szalm\u00e1val, \u00e9s m\u0171tr\u00e1gy\u00e1val. A meleg\u00e1gy minden esetben fedhet\u0151 az \u00e9jjeli leh\u0171l\u00e9s megakad\u00e1lyoz\u00e1s\u00e1ra.A meleg \u00e1gy\u00e1s val\u00f3j\u00e1ban nem m\u00e1s mint egy vastag tr\u00e1gyar\u00e9teg besz\u00f3rva valamennyi f\u00f6lddel. A meleg\u00e1gy tr\u00e1gyakever\u00e9ke att\u00f3l f\u00fcgg milyen id\u0151tartamra k\u00e9ri a meleget a rajta termeszteni k\u00edv\u00e1nt n\u00f6v\u00e9nykult\u00fara. A l\u00f3tr\u00e1gya hirtelen ad sok meleget. Ez\u00e9rt ezt t\u00e9l v\u00e9ge fel\u00e9 alkalmazt\u00e1k. A marhatr\u00e1gya lassan ad kevesebb meleget, de huzamosabb ideig. A l\u00f3 \u00e9s szarvasmarha tr\u00e1gya kever\u00e9k\u00e9t annak megfelel\u0151en kevert\u00e9k be hogy t\u00f6bb meleg kellett hirtelen, vagy kevesebb meleg hosszabb t\u00e1von. Ha kev\u00e9s a szerves tr\u00e1gya a meleg\u00e1gy al\u00e1, akkor p\u00f3tolhat\u00f3 szalm\u00e1val, \u00e9s m\u0171tr\u00e1gy\u00e1val. A meleg\u00e1gy minden esetben fedhet\u0151 az \u00e9jjeli leh\u0171l\u00e9s megakad\u00e1lyoz\u00e1s\u00e1ra.<\/span><\/p>\n<p>&nbsp;<\/p>\n<p>&nbsp;<\/p>","protected":false},"excerpt":{"rendered":"<h2>Kerekes lombgy\u0171jt\u0151<\/h2>\n<p>A Kerekes lombgy\u0171jt\u0151 egy er\u0151s merev kivitel\u0171 k\u00f6nnyen \u00fcr\u00edthet\u0151 m\u0171anyag gy\u0171jt\u0151 ed\u00e9ny,<\/p>\n<p>Er\u0151s anyagb\u00f3l k\u00e9sz\u00fclt. Nem kell tartani, mag\u00e1t\u00f3l meg\u00e1ll.\u00a0P\u00e9ld\u00e1ul kasz\u00e1l\u00e1s, s\u00f6v\u00e9ny ny\u00edr\u00e1s ut\u00e1ni z\u00f6ld hullad\u00e9k \u00f6sszegy\u0171jt\u00e9s\u00e9re t\u00f6k\u00e9letesen megfelel.<\/p>","protected":false},"featured_media":4404,"template":"","meta":{"_et_pb_use_builder":"","_et_pb_old_content":"","_et_gb_content_width":""},"product_brand":[],"product_cat":[634],"product_tag":[971,972,978],"class_list":{"0":"post-4403","1":"product","2":"type-product","3":"status-publish","4":"has-post-thumbnail","6":"product_cat-egyeb-kerti-kiegeszitok","7":"product_tag-kerti","8":"product_tag-lombgyujto","9":"product_tag-merev","11":"first","12":"outofstock","13":"shipping-taxable","14":"purchasable","15":"product-type-simple"},"yoast_head":"<!-- This site is optimized with the Yoast SEO plugin v27.3 - https:\/\/yoast.com\/product\/yoast-seo-wordpress\/ -->\n<title>Kerekes lombgy\u0171jt\u0151 - T\u00e1jkert\u00e9sz<\/title>\n<meta name=\"description\" content=\"Kerekes lombgy\u0171jt\u0151 A Kerekes lombgy\u0171jt\u0151 egy er\u0151s merev kivitel\u0171 k\u00f6nnyen \u00fcr\u00edthet\u0151 m\u0171anyag gy\u0171jt\u0151 ed\u00e9ny,Er\u0151s anyagb\u00f3l k\u00e9sz\u00fclt. Nem kell\" \/>\n<meta name=\"robots\" content=\"index, follow, max-snippet:-1, max-image-preview:large, max-video-preview:-1\" \/>\n<link rel=\"canonical\" href=\"https:\/\/tajkertesz.com\/en_US\/product\/kerekes-lombgyujto\/\" \/>\n<meta property=\"og:locale\" content=\"en_US\" \/>\n<meta property=\"og:type\" content=\"article\" \/>\n<meta property=\"og:title\" content=\"Kerekes lombgy\u0171jt\u0151 - T\u00e1jkert\u00e9sz\" \/>\n<meta property=\"og:description\" content=\"Kerekes lombgy\u0171jt\u0151 A Kerekes lombgy\u0171jt\u0151 egy er\u0151s merev kivitel\u0171 k\u00f6nnyen \u00fcr\u00edthet\u0151 m\u0171anyag gy\u0171jt\u0151 ed\u00e9ny,Er\u0151s anyagb\u00f3l k\u00e9sz\u00fclt. Nem kell\" \/>\n<meta property=\"og:url\" content=\"https:\/\/tajkertesz.com\/en_US\/product\/kerekes-lombgyujto\/\" \/>\n<meta property=\"og:site_name\" content=\"T\u00e1jkert\u00e9sz\" \/>\n<meta property=\"article:publisher\" content=\"https:\/\/www.facebook.com\/Tajkertesz\/\" \/>\n<meta property=\"article:modified_time\" content=\"2026-02-03T15:50:16+00:00\" \/>\n<meta property=\"og:image\" content=\"https:\/\/tajkertesz.com\/wp-content\/uploads\/2021\/05\/6070404-scaled.jpg\" \/>\n\t<meta property=\"og:image:width\" content=\"1920\" \/>\n\t<meta property=\"og:image:height\" content=\"2560\" \/>\n\t<meta property=\"og:image:type\" content=\"image\/jpeg\" \/>\n<meta name=\"twitter:card\" content=\"summary_large_image\" \/>\n<meta name=\"twitter:label1\" content=\"Est. reading time\" \/>\n\t<meta name=\"twitter:data1\" content=\"3 minutes\" \/>\n<script type=\"application\/ld+json\" class=\"yoast-schema-graph\">{\"@context\":\"https:\\\/\\\/schema.org\",\"@graph\":[{\"@type\":\"WebPage\",\"@id\":\"https:\\\/\\\/tajkertesz.com\\\/termek\\\/kerekes-lombgyujto\\\/\",\"url\":\"https:\\\/\\\/tajkertesz.com\\\/termek\\\/kerekes-lombgyujto\\\/\",\"name\":\"Kerekes lombgy\u0171jt\u0151 - T\u00e1jkert\u00e9sz\",\"isPartOf\":{\"@id\":\"https:\\\/\\\/tajkertesz.com\\\/#website\"},\"primaryImageOfPage\":{\"@id\":\"https:\\\/\\\/tajkertesz.com\\\/termek\\\/kerekes-lombgyujto\\\/#primaryimage\"},\"image\":{\"@id\":\"https:\\\/\\\/tajkertesz.com\\\/termek\\\/kerekes-lombgyujto\\\/#primaryimage\"},\"thumbnailUrl\":\"https:\\\/\\\/tajkertesz.com\\\/wp-content\\\/uploads\\\/2021\\\/05\\\/6070404-scaled.jpg\",\"datePublished\":\"2021-05-10T08:31:39+00:00\",\"dateModified\":\"2026-02-03T15:50:16+00:00\",\"description\":\"Kerekes lombgy\u0171jt\u0151 A Kerekes lombgy\u0171jt\u0151 egy er\u0151s merev kivitel\u0171 k\u00f6nnyen \u00fcr\u00edthet\u0151 m\u0171anyag gy\u0171jt\u0151 ed\u00e9ny,Er\u0151s anyagb\u00f3l k\u00e9sz\u00fclt. Nem kell\",\"breadcrumb\":{\"@id\":\"https:\\\/\\\/tajkertesz.com\\\/termek\\\/kerekes-lombgyujto\\\/#breadcrumb\"},\"inLanguage\":\"en-US\",\"potentialAction\":[{\"@type\":\"ReadAction\",\"target\":[\"https:\\\/\\\/tajkertesz.com\\\/termek\\\/kerekes-lombgyujto\\\/\"]}]},{\"@type\":\"ImageObject\",\"inLanguage\":\"en-US\",\"@id\":\"https:\\\/\\\/tajkertesz.com\\\/termek\\\/kerekes-lombgyujto\\\/#primaryimage\",\"url\":\"https:\\\/\\\/tajkertesz.com\\\/wp-content\\\/uploads\\\/2021\\\/05\\\/6070404-scaled.jpg\",\"contentUrl\":\"https:\\\/\\\/tajkertesz.com\\\/wp-content\\\/uploads\\\/2021\\\/05\\\/6070404-scaled.jpg\",\"width\":1920,\"height\":2560,\"caption\":\"???????\"},{\"@type\":\"BreadcrumbList\",\"@id\":\"https:\\\/\\\/tajkertesz.com\\\/termek\\\/kerekes-lombgyujto\\\/#breadcrumb\",\"itemListElement\":[{\"@type\":\"ListItem\",\"position\":1,\"name\":\"Home\",\"item\":\"https:\\\/\\\/tajkertesz.com\\\/\"},{\"@type\":\"ListItem\",\"position\":2,\"name\":\"Kezd\u0151lap\",\"item\":\"https:\\\/\\\/tajkertesz.com\\\/\"},{\"@type\":\"ListItem\",\"position\":3,\"name\":\"Kerekes lombgy\u0171jt\u0151\"}]},{\"@type\":\"WebSite\",\"@id\":\"https:\\\/\\\/tajkertesz.com\\\/#website\",\"url\":\"https:\\\/\\\/tajkertesz.com\\\/\",\"name\":\"T\u00e1j-Kert\u00e9sz 84 Kft.\",\"description\":\"Kert\u00e9szeti kis- \u00e9s nagykeresked\u00e9s, D\u00edszn\u00f6v\u00e9ny web\u00e1ruh\u00e1z orsz\u00e1gos h\u00e1zhozsz\u00e1ll\u00edt\u00e1ssal!\",\"publisher\":{\"@id\":\"https:\\\/\\\/tajkertesz.com\\\/#organization\"},\"potentialAction\":[{\"@type\":\"SearchAction\",\"target\":{\"@type\":\"EntryPoint\",\"urlTemplate\":\"https:\\\/\\\/tajkertesz.com\\\/?s={search_term_string}\"},\"query-input\":{\"@type\":\"PropertyValueSpecification\",\"valueRequired\":true,\"valueName\":\"search_term_string\"}}],\"inLanguage\":\"en-US\"},{\"@type\":\"Organization\",\"@id\":\"https:\\\/\\\/tajkertesz.com\\\/#organization\",\"name\":\"T\u00e1j-Kert\u00e9sz 84 Kft.\",\"url\":\"https:\\\/\\\/tajkertesz.com\\\/\",\"logo\":{\"@type\":\"ImageObject\",\"inLanguage\":\"en-US\",\"@id\":\"https:\\\/\\\/tajkertesz.com\\\/#\\\/schema\\\/logo\\\/image\\\/\",\"url\":\"https:\\\/\\\/tajkertesz.com\\\/wp-content\\\/uploads\\\/2018\\\/02\\\/logo-2-e1518678052539.png\",\"contentUrl\":\"https:\\\/\\\/tajkertesz.com\\\/wp-content\\\/uploads\\\/2018\\\/02\\\/logo-2-e1518678052539.png\",\"width\":81,\"height\":140,\"caption\":\"T\u00e1j-Kert\u00e9sz 84 Kft.\"},\"image\":{\"@id\":\"https:\\\/\\\/tajkertesz.com\\\/#\\\/schema\\\/logo\\\/image\\\/\"},\"sameAs\":[\"https:\\\/\\\/www.facebook.com\\\/Tajkertesz\\\/\"]}]}<\/script>\n<!-- \/ Yoast SEO plugin. -->","yoast_head_json":{"title":"Kerekes lombgy\u0171jt\u0151 - T\u00e1jkert\u00e9sz","description":"Kerekes lombgy\u0171jt\u0151 A Kerekes lombgy\u0171jt\u0151 egy er\u0151s merev kivitel\u0171 k\u00f6nnyen \u00fcr\u00edthet\u0151 m\u0171anyag gy\u0171jt\u0151 ed\u00e9ny,Er\u0151s anyagb\u00f3l k\u00e9sz\u00fclt. Nem kell","robots":{"index":"index","follow":"follow","max-snippet":"max-snippet:-1","max-image-preview":"max-image-preview:large","max-video-preview":"max-video-preview:-1"},"canonical":"https:\/\/tajkertesz.com\/en_US\/product\/kerekes-lombgyujto\/","og_locale":"en_US","og_type":"article","og_title":"Kerekes lombgy\u0171jt\u0151 - T\u00e1jkert\u00e9sz","og_description":"Kerekes lombgy\u0171jt\u0151 A Kerekes lombgy\u0171jt\u0151 egy er\u0151s merev kivitel\u0171 k\u00f6nnyen \u00fcr\u00edthet\u0151 m\u0171anyag gy\u0171jt\u0151 ed\u00e9ny,Er\u0151s anyagb\u00f3l k\u00e9sz\u00fclt. Nem kell","og_url":"https:\/\/tajkertesz.com\/en_US\/product\/kerekes-lombgyujto\/","og_site_name":"T\u00e1jkert\u00e9sz","article_publisher":"https:\/\/www.facebook.com\/Tajkertesz\/","article_modified_time":"2026-02-03T15:50:16+00:00","og_image":[{"width":1920,"height":2560,"url":"https:\/\/tajkertesz.com\/wp-content\/uploads\/2021\/05\/6070404-scaled.jpg","type":"image\/jpeg"}],"twitter_card":"summary_large_image","twitter_misc":{"Est. reading time":"3 minutes"},"schema":{"@context":"https:\/\/schema.org","@graph":[{"@type":"WebPage","@id":"https:\/\/tajkertesz.com\/termek\/kerekes-lombgyujto\/","url":"https:\/\/tajkertesz.com\/termek\/kerekes-lombgyujto\/","name":"Kerekes lombgy\u0171jt\u0151 - T\u00e1jkert\u00e9sz","isPartOf":{"@id":"https:\/\/tajkertesz.com\/#website"},"primaryImageOfPage":{"@id":"https:\/\/tajkertesz.com\/termek\/kerekes-lombgyujto\/#primaryimage"},"image":{"@id":"https:\/\/tajkertesz.com\/termek\/kerekes-lombgyujto\/#primaryimage"},"thumbnailUrl":"https:\/\/tajkertesz.com\/wp-content\/uploads\/2021\/05\/6070404-scaled.jpg","datePublished":"2021-05-10T08:31:39+00:00","dateModified":"2026-02-03T15:50:16+00:00","description":"Kerekes lombgy\u0171jt\u0151 A Kerekes lombgy\u0171jt\u0151 egy er\u0151s merev kivitel\u0171 k\u00f6nnyen \u00fcr\u00edthet\u0151 m\u0171anyag gy\u0171jt\u0151 ed\u00e9ny,Er\u0151s anyagb\u00f3l k\u00e9sz\u00fclt. Nem kell","breadcrumb":{"@id":"https:\/\/tajkertesz.com\/termek\/kerekes-lombgyujto\/#breadcrumb"},"inLanguage":"en-US","potentialAction":[{"@type":"ReadAction","target":["https:\/\/tajkertesz.com\/termek\/kerekes-lombgyujto\/"]}]},{"@type":"ImageObject","inLanguage":"en-US","@id":"https:\/\/tajkertesz.com\/termek\/kerekes-lombgyujto\/#primaryimage","url":"https:\/\/tajkertesz.com\/wp-content\/uploads\/2021\/05\/6070404-scaled.jpg","contentUrl":"https:\/\/tajkertesz.com\/wp-content\/uploads\/2021\/05\/6070404-scaled.jpg","width":1920,"height":2560,"caption":"???????"},{"@type":"BreadcrumbList","@id":"https:\/\/tajkertesz.com\/termek\/kerekes-lombgyujto\/#breadcrumb","itemListElement":[{"@type":"ListItem","position":1,"name":"Home","item":"https:\/\/tajkertesz.com\/"},{"@type":"ListItem","position":2,"name":"Kezd\u0151lap","item":"https:\/\/tajkertesz.com\/"},{"@type":"ListItem","position":3,"name":"Kerekes lombgy\u0171jt\u0151"}]},{"@type":"WebSite","@id":"https:\/\/tajkertesz.com\/#website","url":"https:\/\/tajkertesz.com\/","name":"T\u00e1j-Kert\u00e9sz 84 Kft.","description":"Kert\u00e9szeti kis- \u00e9s nagykeresked\u00e9s, D\u00edszn\u00f6v\u00e9ny web\u00e1ruh\u00e1z orsz\u00e1gos h\u00e1zhozsz\u00e1ll\u00edt\u00e1ssal!","publisher":{"@id":"https:\/\/tajkertesz.com\/#organization"},"potentialAction":[{"@type":"SearchAction","target":{"@type":"EntryPoint","urlTemplate":"https:\/\/tajkertesz.com\/?s={search_term_string}"},"query-input":{"@type":"PropertyValueSpecification","valueRequired":true,"valueName":"search_term_string"}}],"inLanguage":"en-US"},{"@type":"Organization","@id":"https:\/\/tajkertesz.com\/#organization","name":"T\u00e1j-Kert\u00e9sz 84 Kft.","url":"https:\/\/tajkertesz.com\/","logo":{"@type":"ImageObject","inLanguage":"en-US","@id":"https:\/\/tajkertesz.com\/#\/schema\/logo\/image\/","url":"https:\/\/tajkertesz.com\/wp-content\/uploads\/2018\/02\/logo-2-e1518678052539.png","contentUrl":"https:\/\/tajkertesz.com\/wp-content\/uploads\/2018\/02\/logo-2-e1518678052539.png","width":81,"height":140,"caption":"T\u00e1j-Kert\u00e9sz 84 Kft."},"image":{"@id":"https:\/\/tajkertesz.com\/#\/schema\/logo\/image\/"},"sameAs":["https:\/\/www.facebook.com\/Tajkertesz\/"]}]}},"_links":{"self":[{"href":"https:\/\/tajkertesz.com\/en_US\/wp-json\/wp\/v2\/product\/4403","targetHints":{"allow":["GET"]}}],"collection":[{"href":"https:\/\/tajkertesz.com\/en_US\/wp-json\/wp\/v2\/product"}],"about":[{"href":"https:\/\/tajkertesz.com\/en_US\/wp-json\/wp\/v2\/types\/product"}],"wp:featuredmedia":[{"embeddable":true,"href":"https:\/\/tajkertesz.com\/en_US\/wp-json\/wp\/v2\/media\/4404"}],"wp:attachment":[{"href":"https:\/\/tajkertesz.com\/en_US\/wp-json\/wp\/v2\/media?parent=4403"}],"wp:term":[{"taxonomy":"product_brand","embeddable":true,"href":"https:\/\/tajkertesz.com\/en_US\/wp-json\/wp\/v2\/product_brand?post=4403"},{"taxonomy":"product_cat","embeddable":true,"href":"https:\/\/tajkertesz.com\/en_US\/wp-json\/wp\/v2\/product_cat?post=4403"},{"taxonomy":"product_tag","embeddable":true,"href":"https:\/\/tajkertesz.com\/en_US\/wp-json\/wp\/v2\/product_tag?post=4403"}],"curies":[{"name":"wp","href":"https:\/\/api.w.org\/{rel}","templated":true}]}}