{"id":4407,"date":"2024-12-10T16:43:32","date_gmt":"2024-12-10T16:43:32","guid":{"rendered":"https:\/\/tajkertesz.com\/?post_type=product&#038;p=4407"},"modified":"2026-03-25T11:17:56","modified_gmt":"2026-03-25T11:17:56","slug":"mutragyaszoro-soszoro-kezi-handy-green-ii-2l","status":"publish","type":"product","link":"https:\/\/tajkertesz.com\/en_US\/product\/mutragyaszoro-soszoro-kezi-handy-green-ii-2l\/","title":{"rendered":"M\u0171tr\u00e1gyasz\u00f3r\u00f3\/s\u00f3sz\u00f3r\u00f3 k\u00e9zi Handy Green II, 2l"},"content":{"rendered":"<h2>M\u0171tr\u00e1gyasz\u00f3r\u00f3\/s\u00f3sz\u00f3r\u00f3 k\u00e9zi Handy Green II, 2l<\/h2>\n<p>M\u0171tr\u00e1gyasz\u00f3r\u00f3\/s\u00f3sz\u00f3r\u00f3 k\u00e9zi Handy Green II, 2l<\/p>\n<p>F\u0171mag sz\u00f3r\u00f3\/s\u00f3sz\u00f3r\u00f3\/m\u0171tr\u00e1gyasz\u00f3r\u00f3<\/p>\n<p>M\u0171tr\u00e1gyasz\u00f3r\u00f3\/s\u00f3sz\u00f3r\u00f3 k\u00e9zi Handy Green II, 2l Scotts Handy Green k\u00e9zi m\u0171tr\u00e1gyasz\u00f3r\u00f3. K\u00f6nny\u0171, m\u0171anyagb\u00f3l k\u00e9sz\u00fclt, k\u00e9zben tarthat\u00f3, ergonomikus kialak\u00edt\u00e1s\u00fa, h\u00e1ztart\u00e1si haszn\u00e1latra kifejlesztett k\u00e9sz\u00fcl\u00e9k. Els\u0151sorban a Substral\/Scotts D\u00edszpark gyepm\u0171tr\u00e1gy\u00e1k egyenletes kisz\u00f3r\u00e1s\u00e1ra aj\u00e1nlott. Azonnal haszn\u00e1latba vehet\u0151.<\/p>\n<p>Sokoldal\u00faan haszn\u00e1lhat\u00f3 sz\u00f3r\u00f3kocsi: eg\u00e9sz \u00e9ven \u00e1t kihaszn\u00e1lhatja: f\u0171mag vet\u00e9sre, m\u0171tr\u00e1gya kisz\u00f3r\u00e1s\u00e1ra, \u00fatsz\u00f3r\u00f3 s\u00f3 kisz\u00f3r\u00e1s\u00e1ra.<\/p>\n<p>A Scotts Handy Green rep\u00edt\u0151t\u00e1rcs\u00e1s kisz\u00f3r\u00f3 egyenletesen juttatja ki a m\u0171tr\u00e1gyaszemcs\u00e9ket vagy a f\u0171magokat, ak\u00e1r 3 m\u00e9teres sz\u00f3r\u00e1s sz\u00e9less\u00e9gre is, a halad\u00e1si temp\u00f3 f\u00fcggv\u00e9ny\u00e9ben. \u00cdgy gyorsabban \u00e9s pontosabban kezelhet\u0151 a teljes gyepfel\u00fclet.<\/p>\n<p><strong>A m\u0171tr\u00e1gyasz\u00f3r\u00f3 haszn\u00e1lata sz\u00e1mos el\u0151nnyel j\u00e1r a mez\u0151gazdas\u00e1gban:<\/strong><\/p>\n<p><strong>Pontoss\u00e1g<\/strong>: A m\u0171tr\u00e1gyasz\u00f3r\u00f3k lehet\u0151v\u00e9 teszik a m\u0171tr\u00e1gya egyenletes \u00e9s pontos kijuttat\u00e1s\u00e1t a f\u00f6ldter\u00fcleten, ami n\u00f6veli a term\u00e9shozamot \u00e9s cs\u00f6kkenti a pazarl\u00e1st.<br \/>\n<strong>Hat\u00e9konys\u00e1g<\/strong>: A modern m\u0171tr\u00e1gyasz\u00f3r\u00f3k (GPS-alap\u00fa technol\u00f3gi\u00e1val) \u00e9s sebess\u00e9gar\u00e1nyos adagol\u00e1ssal m\u0171k\u00f6dnek, ami biztos\u00edtja, hogy a m\u0171tr\u00e1gya mindig a megfelel\u0151 mennyis\u00e9gben \u00e9s helyen ker\u00fclj\u00f6n kijuttat\u00e1sra.<br \/>\n<strong>K\u00f6lts\u00e9gmegtakar\u00edt\u00e1s<\/strong>: A prec\u00edzi\u00f3s m\u0171tr\u00e1gyasz\u00f3r\u00e1s cs\u00f6kkenti a m\u0171tr\u00e1gya felhaszn\u00e1l\u00e1s\u00e1t, ez\u00e1ltal k\u00f6lts\u00e9ghat\u00e9konyabb\u00e1 teszi a gazd\u00e1lkod\u00e1st.<br \/>\n<strong>K\u00f6rnyezetv\u00e9delem<\/strong>: Az egyenletes kijuttat\u00e1s cs\u00f6kkenti a t\u00falzott m\u0171tr\u00e1gyahaszn\u00e1latb\u00f3l ered\u0151 k\u00f6rnyezeti terhel\u00e9st, p\u00e9ld\u00e1ul a talaj \u00e9s a v\u00edz szennyez\u00e9s\u00e9t.<br \/>\nEzek az el\u0151ny\u00f6k mind hozz\u00e1j\u00e1rulnak a fenntarthat\u00f3 \u00e9s hat\u00e9kony mez\u0151gazdas\u00e1gi termel\u00e9shez.<\/p>\n<p>A m\u0171tr\u00e1gyasz\u00f3r\u00f3k t\u00f6bbf\u00e9le t\u00edpusban el\u00e9rhet\u0151k, att\u00f3l f\u00fcgg\u0151en, hogy milyen c\u00e9lra \u00e9s milyen m\u00e9ret\u0171 ter\u00fcleten szeretn\u00e9nk haszn\u00e1lni \u0151ket.<\/p>\n<p>U alak\u00fa foganty\u00fa seg\u00edt az egyszer\u0171 \u00e9s pontos adagol\u00e1sban. A foganty\u00fanak k\u00f6sz\u00f6nhet\u0151en a sz\u00f3r\u00e1s menet k\u00f6zben b\u00e1rmikor megszak\u00edthat\u00f3, mely k\u00fcl\u00f6n\u00f6sen fontos fordul\u00e1sn\u00e1l vagy h\u00faz\u00e1sn\u00e1l.<\/p>\n<p>K\u00e9nyelmesen megt\u00f6lthet\u0151, nem szemerk\u00e9l \u00e1t a tr\u00e1gya.<\/p>\n<p>120-340 centim\u00e9teres sz\u00f3r\u00e1ssz\u00e9less\u00e9g(halad\u00e1si sebess\u00e9g f\u00fcggv\u00e9nye).<\/p>\n<p>\u2022 \u00c1ll\u00edthat\u00f3 sz\u00f3r\u00e1si d\u00f3zisok.<\/p>\n<h3><span style=\"text-decoration: underline;\">Aj\u00e1nljuk az al\u00e1bbi term\u00e9k kisz\u00f3r\u00e1s\u00e1hoz!<\/span><\/h3>\n<p><span style=\"color: #ff0000;\"><a style=\"color: #ff0000;\" href=\"https:\/\/tajkertesz.com\/termek-kategoria\/tapoldatok-mutragyak\/icl-everris-scotts-mutragyak-tapoldatok\/\">Gyepm\u0171tr\u00e1gy\u00e1k<\/a><\/span><\/p>\n<p><span style=\"color: #ff0000;\"><a style=\"color: #ff0000;\" href=\"https:\/\/tajkertesz.com\/termek-kategoria\/fumagok\/\">F\u0171magok<\/a><\/span><\/p>\n<p><span style=\"color: #ff0000;\"><a style=\"color: #ff0000;\" href=\"https:\/\/tajkertesz.com\/termek\/hofalo-jegmentesito\/\">J\u00e9gmentes\u00edt\u0151k<\/a><\/span><\/p>\n<p>&nbsp;<\/p>\n<p style=\"line-height: 18.0pt; background: white; margin: 0cm 0cm 15.0pt 0cm;\"><b><span style=\"font-family: 'Ubuntu',sans-serif; color: black;\">K\u00e9szlet\u00fcnk napi szinten v\u00e1ltozik, ez\u00e9rt k\u00e9rj\u00fck, \u00e9rdekl\u0151dj\u00f6n szem\u00e9lyesen, telefonon vagy email-en.<br \/>\nA v\u00e1ltoztat\u00e1s jog\u00e1t fenntartjuk!\u00a0<\/span><\/b><\/p>\n<p><a href=\"https:\/\/tajkertesz.com\/\">https:\/\/tajkertesz.com\/<\/a><\/p>\n<p><a href=\"https:\/\/www.facebook.com\/tajkertesz\/\">https:\/\/www.facebook.com\/tajkertesz\/<\/a><\/p>\n<p>Kisz\u00e1ll\u00edt\u00e1s: 200cm-ig \u00e9s 40 kg-ig a sz\u00e1ll\u00edt\u00e1s fut\u00e1rszolg\u00e1lattal t\u00f6rt\u00e9nik.<\/p>\n<p>Szem\u00e9lyes \u00e1tv\u00e9tel nyitvatart\u00e1si id\u0151ben a 17. ker\u00fclet Bakancsos utca 7. sz\u00e1m alatti Kert\u00e9szeti \u00e1rud\u00e1nkban.<\/p>\n<p>Kert\u00e9p\u00edt\u0151k \u00e9s viszontelad\u00f3k regisztr\u00e1l\u00e1s ut\u00e1n egyedi kedvezm\u00e9nnyel v\u00e1s\u00e1rolhatnak kert\u00e9szeti kis-\u00e9s nagykeresked\u00e9s\u00fcnkben.<\/p>","protected":false},"excerpt":{"rendered":"<p>Z\u00f6ld vagy k\u00e9k sz\u00ednben kaphat\u00f3<\/p>\n<p>M\u0171tr\u00e1gyakisz\u00f3r\u00f3 k\u00e9zi Handy Green II, 2l\u00a0 Substral\/Scotts Handy Green k\u00e9zi m\u0171tr\u00e1gyasz\u00f3r\u00f3. K\u00f6nny\u0171, m\u0171anyagb\u00f3l k\u00e9sz\u00fclt, k\u00e9zben tarthat\u00f3, ergonomikus kialak\u00edt\u00e1s\u00fa, h\u00e1ztart\u00e1si haszn\u00e1latra kifejlesztett k\u00e9sz\u00fcl\u00e9k. Els\u0151sorban Scotts\/ICL. Substral \u00e9s egy\u00e9b gyepm\u0171tr\u00e1gy\u00e1k egyenletes kisz\u00f3r\u00e1s\u00e1ra aj\u00e1nlott, azonban sz\u00f3rhat\u00f3 vele b\u00e1rmilyen apr\u00f3 szemcsem\u00e9ret\u0171 \u00fatsz\u00f3r\u00f3 s\u00f3, s\u00edkoss\u00e1gmentes\u00edt\u0151 j\u00e9gold\u00f3 granul\u00e1tum is. Azonnal haszn\u00e1latba vehet\u0151.<\/p>","protected":false},"featured_media":21948,"template":"","meta":{"_et_pb_use_builder":"","_et_pb_old_content":"","_et_gb_content_width":""},"product_brand":[],"product_cat":[4274,948,1456,2065],"product_tag":[5116,971,983,1495,705],"class_list":{"0":"post-4407","1":"product","2":"type-product","3":"status-publish","4":"has-post-thumbnail","6":"product_cat-akcios-termekek","7":"product_cat-csuszasmentesites","8":"product_cat-icl-everris-scotts-mutragyak","9":"product_cat-szerszamok-csavarhuzok-blankolok-meroszalagok-stb","10":"product_tag-fumag-szoro","11":"product_tag-kerti","12":"product_tag-kezi","13":"product_tag-kiszoro","14":"product_tag-mutragya","16":"first","17":"instock","18":"shipping-taxable","19":"purchasable","20":"product-type-simple"},"yoast_head":"<!-- This site is optimized with the Yoast SEO plugin v27.4 - https:\/\/yoast.com\/product\/yoast-seo-wordpress\/ -->\n<title>M\u0171tr\u00e1gyasz\u00f3r\u00f3\/s\u00f3sz\u00f3r\u00f3 k\u00e9zi Handy Green II, 2l - T\u00e1jkert\u00e9sz<\/title>\n<meta name=\"description\" content=\"M\u0171tr\u00e1gyasz\u00f3r\u00f3\/s\u00f3sz\u00f3r\u00f3 k\u00e9zi Handy Green II, 2l M\u0171tr\u00e1gyasz\u00f3r\u00f3 k\u00e9zi Handy Green II, 2l\u00a0 Scotts Handy Green k\u00e9zi m\u0171tr\u00e1gyasz\u00f3r\u00f3. K\u00f6nny\u0171, m\u0171anyagb\u00f3l\" \/>\n<meta name=\"robots\" content=\"index, follow, max-snippet:-1, max-image-preview:large, max-video-preview:-1\" \/>\n<link rel=\"canonical\" href=\"https:\/\/tajkertesz.com\/en_US\/product\/mutragyaszoro-soszoro-kezi-handy-green-ii-2l\/\" \/>\n<meta property=\"og:locale\" content=\"en_US\" \/>\n<meta property=\"og:type\" content=\"article\" \/>\n<meta property=\"og:title\" content=\"M\u0171tr\u00e1gyasz\u00f3r\u00f3\/s\u00f3sz\u00f3r\u00f3 k\u00e9zi Handy Green II, 2l - T\u00e1jkert\u00e9sz\" \/>\n<meta property=\"og:description\" content=\"M\u0171tr\u00e1gyasz\u00f3r\u00f3\/s\u00f3sz\u00f3r\u00f3 k\u00e9zi Handy Green II, 2l M\u0171tr\u00e1gyasz\u00f3r\u00f3 k\u00e9zi Handy Green II, 2l\u00a0 Scotts Handy Green k\u00e9zi m\u0171tr\u00e1gyasz\u00f3r\u00f3. K\u00f6nny\u0171, m\u0171anyagb\u00f3l\" \/>\n<meta property=\"og:url\" content=\"https:\/\/tajkertesz.com\/en_US\/product\/mutragyaszoro-soszoro-kezi-handy-green-ii-2l\/\" \/>\n<meta property=\"og:site_name\" content=\"T\u00e1jkert\u00e9sz\" \/>\n<meta property=\"article:publisher\" content=\"https:\/\/www.facebook.com\/Tajkertesz\/\" \/>\n<meta property=\"article:modified_time\" content=\"2026-03-25T11:17:56+00:00\" \/>\n<meta property=\"og:image\" content=\"https:\/\/tajkertesz.com\/wp-content\/uploads\/2021\/05\/Siewnik-nawozow-HANDY-GREEN-reczny-150cm-SUBSTRAL-Zasilanie-reczne.jpg\" \/>\n\t<meta property=\"og:image:width\" content=\"1920\" \/>\n\t<meta property=\"og:image:height\" content=\"1868\" \/>\n\t<meta property=\"og:image:type\" content=\"image\/jpeg\" \/>\n<meta name=\"twitter:card\" content=\"summary_large_image\" \/>\n<meta name=\"twitter:label1\" content=\"Est. reading time\" \/>\n\t<meta name=\"twitter:data1\" content=\"2 minutes\" \/>\n<script type=\"application\/ld+json\" class=\"yoast-schema-graph\">{\"@context\":\"https:\\\/\\\/schema.org\",\"@graph\":[{\"@type\":\"WebPage\",\"@id\":\"https:\\\/\\\/tajkertesz.com\\\/termek\\\/mutragyaszoro-soszoro-kezi-handy-green-ii-2l\\\/\",\"url\":\"https:\\\/\\\/tajkertesz.com\\\/termek\\\/mutragyaszoro-soszoro-kezi-handy-green-ii-2l\\\/\",\"name\":\"M\u0171tr\u00e1gyasz\u00f3r\u00f3\\\/s\u00f3sz\u00f3r\u00f3 k\u00e9zi Handy Green II, 2l - T\u00e1jkert\u00e9sz\",\"isPartOf\":{\"@id\":\"https:\\\/\\\/tajkertesz.com\\\/#website\"},\"primaryImageOfPage\":{\"@id\":\"https:\\\/\\\/tajkertesz.com\\\/termek\\\/mutragyaszoro-soszoro-kezi-handy-green-ii-2l\\\/#primaryimage\"},\"image\":{\"@id\":\"https:\\\/\\\/tajkertesz.com\\\/termek\\\/mutragyaszoro-soszoro-kezi-handy-green-ii-2l\\\/#primaryimage\"},\"thumbnailUrl\":\"https:\\\/\\\/tajkertesz.com\\\/wp-content\\\/uploads\\\/2021\\\/05\\\/Siewnik-nawozow-HANDY-GREEN-reczny-150cm-SUBSTRAL-Zasilanie-reczne.jpg\",\"datePublished\":\"2024-12-10T16:43:32+00:00\",\"dateModified\":\"2026-03-25T11:17:56+00:00\",\"description\":\"M\u0171tr\u00e1gyasz\u00f3r\u00f3\\\/s\u00f3sz\u00f3r\u00f3 k\u00e9zi Handy Green II, 2l M\u0171tr\u00e1gyasz\u00f3r\u00f3 k\u00e9zi Handy Green II, 2l\u00a0 Scotts Handy Green k\u00e9zi m\u0171tr\u00e1gyasz\u00f3r\u00f3. K\u00f6nny\u0171, m\u0171anyagb\u00f3l\",\"breadcrumb\":{\"@id\":\"https:\\\/\\\/tajkertesz.com\\\/termek\\\/mutragyaszoro-soszoro-kezi-handy-green-ii-2l\\\/#breadcrumb\"},\"inLanguage\":\"en-US\",\"potentialAction\":[{\"@type\":\"ReadAction\",\"target\":[\"https:\\\/\\\/tajkertesz.com\\\/termek\\\/mutragyaszoro-soszoro-kezi-handy-green-ii-2l\\\/\"]}]},{\"@type\":\"ImageObject\",\"inLanguage\":\"en-US\",\"@id\":\"https:\\\/\\\/tajkertesz.com\\\/termek\\\/mutragyaszoro-soszoro-kezi-handy-green-ii-2l\\\/#primaryimage\",\"url\":\"https:\\\/\\\/tajkertesz.com\\\/wp-content\\\/uploads\\\/2021\\\/05\\\/Siewnik-nawozow-HANDY-GREEN-reczny-150cm-SUBSTRAL-Zasilanie-reczne.jpg\",\"contentUrl\":\"https:\\\/\\\/tajkertesz.com\\\/wp-content\\\/uploads\\\/2021\\\/05\\\/Siewnik-nawozow-HANDY-GREEN-reczny-150cm-SUBSTRAL-Zasilanie-reczne.jpg\",\"width\":1920,\"height\":1868,\"caption\":\"M\u0171tr\u00e1gyasz\u00f3r\u00f3\\\/s\u00f3sz\u00f3r\u00f3 k\u00e9zi Handy Green II, 2l\"},{\"@type\":\"BreadcrumbList\",\"@id\":\"https:\\\/\\\/tajkertesz.com\\\/termek\\\/mutragyaszoro-soszoro-kezi-handy-green-ii-2l\\\/#breadcrumb\",\"itemListElement\":[{\"@type\":\"ListItem\",\"position\":1,\"name\":\"Home\",\"item\":\"https:\\\/\\\/tajkertesz.com\\\/\"},{\"@type\":\"ListItem\",\"position\":2,\"name\":\"Kezd\u0151lap\",\"item\":\"https:\\\/\\\/tajkertesz.com\\\/\"},{\"@type\":\"ListItem\",\"position\":3,\"name\":\"M\u0171tr\u00e1gyasz\u00f3r\u00f3\\\/s\u00f3sz\u00f3r\u00f3 k\u00e9zi Handy Green II, 2l\"}]},{\"@type\":\"WebSite\",\"@id\":\"https:\\\/\\\/tajkertesz.com\\\/#website\",\"url\":\"https:\\\/\\\/tajkertesz.com\\\/\",\"name\":\"T\u00e1j-Kert\u00e9sz 84 Kft.\",\"description\":\"Kert\u00e9szeti kis- \u00e9s nagykeresked\u00e9s, D\u00edszn\u00f6v\u00e9ny web\u00e1ruh\u00e1z orsz\u00e1gos h\u00e1zhozsz\u00e1ll\u00edt\u00e1ssal!\",\"publisher\":{\"@id\":\"https:\\\/\\\/tajkertesz.com\\\/#organization\"},\"potentialAction\":[{\"@type\":\"SearchAction\",\"target\":{\"@type\":\"EntryPoint\",\"urlTemplate\":\"https:\\\/\\\/tajkertesz.com\\\/?s={search_term_string}\"},\"query-input\":{\"@type\":\"PropertyValueSpecification\",\"valueRequired\":true,\"valueName\":\"search_term_string\"}}],\"inLanguage\":\"en-US\"},{\"@type\":\"Organization\",\"@id\":\"https:\\\/\\\/tajkertesz.com\\\/#organization\",\"name\":\"T\u00e1j-Kert\u00e9sz 84 Kft.\",\"url\":\"https:\\\/\\\/tajkertesz.com\\\/\",\"logo\":{\"@type\":\"ImageObject\",\"inLanguage\":\"en-US\",\"@id\":\"https:\\\/\\\/tajkertesz.com\\\/#\\\/schema\\\/logo\\\/image\\\/\",\"url\":\"https:\\\/\\\/tajkertesz.com\\\/wp-content\\\/uploads\\\/2018\\\/02\\\/logo-2-e1518678052539.png\",\"contentUrl\":\"https:\\\/\\\/tajkertesz.com\\\/wp-content\\\/uploads\\\/2018\\\/02\\\/logo-2-e1518678052539.png\",\"width\":81,\"height\":140,\"caption\":\"T\u00e1j-Kert\u00e9sz 84 Kft.\"},\"image\":{\"@id\":\"https:\\\/\\\/tajkertesz.com\\\/#\\\/schema\\\/logo\\\/image\\\/\"},\"sameAs\":[\"https:\\\/\\\/www.facebook.com\\\/Tajkertesz\\\/\"]}]}<\/script>\n<!-- \/ Yoast SEO plugin. -->","yoast_head_json":{"title":"M\u0171tr\u00e1gyasz\u00f3r\u00f3\/s\u00f3sz\u00f3r\u00f3 k\u00e9zi Handy Green II, 2l - T\u00e1jkert\u00e9sz","description":"M\u0171tr\u00e1gyasz\u00f3r\u00f3\/s\u00f3sz\u00f3r\u00f3 k\u00e9zi Handy Green II, 2l M\u0171tr\u00e1gyasz\u00f3r\u00f3 k\u00e9zi Handy Green II, 2l\u00a0 Scotts Handy Green k\u00e9zi m\u0171tr\u00e1gyasz\u00f3r\u00f3. K\u00f6nny\u0171, m\u0171anyagb\u00f3l","robots":{"index":"index","follow":"follow","max-snippet":"max-snippet:-1","max-image-preview":"max-image-preview:large","max-video-preview":"max-video-preview:-1"},"canonical":"https:\/\/tajkertesz.com\/en_US\/product\/mutragyaszoro-soszoro-kezi-handy-green-ii-2l\/","og_locale":"en_US","og_type":"article","og_title":"M\u0171tr\u00e1gyasz\u00f3r\u00f3\/s\u00f3sz\u00f3r\u00f3 k\u00e9zi Handy Green II, 2l - T\u00e1jkert\u00e9sz","og_description":"M\u0171tr\u00e1gyasz\u00f3r\u00f3\/s\u00f3sz\u00f3r\u00f3 k\u00e9zi Handy Green II, 2l M\u0171tr\u00e1gyasz\u00f3r\u00f3 k\u00e9zi Handy Green II, 2l\u00a0 Scotts Handy Green k\u00e9zi m\u0171tr\u00e1gyasz\u00f3r\u00f3. K\u00f6nny\u0171, m\u0171anyagb\u00f3l","og_url":"https:\/\/tajkertesz.com\/en_US\/product\/mutragyaszoro-soszoro-kezi-handy-green-ii-2l\/","og_site_name":"T\u00e1jkert\u00e9sz","article_publisher":"https:\/\/www.facebook.com\/Tajkertesz\/","article_modified_time":"2026-03-25T11:17:56+00:00","og_image":[{"width":1920,"height":1868,"url":"https:\/\/tajkertesz.com\/wp-content\/uploads\/2021\/05\/Siewnik-nawozow-HANDY-GREEN-reczny-150cm-SUBSTRAL-Zasilanie-reczne.jpg","type":"image\/jpeg"}],"twitter_card":"summary_large_image","twitter_misc":{"Est. reading time":"2 minutes"},"schema":{"@context":"https:\/\/schema.org","@graph":[{"@type":"WebPage","@id":"https:\/\/tajkertesz.com\/termek\/mutragyaszoro-soszoro-kezi-handy-green-ii-2l\/","url":"https:\/\/tajkertesz.com\/termek\/mutragyaszoro-soszoro-kezi-handy-green-ii-2l\/","name":"M\u0171tr\u00e1gyasz\u00f3r\u00f3\/s\u00f3sz\u00f3r\u00f3 k\u00e9zi Handy Green II, 2l - T\u00e1jkert\u00e9sz","isPartOf":{"@id":"https:\/\/tajkertesz.com\/#website"},"primaryImageOfPage":{"@id":"https:\/\/tajkertesz.com\/termek\/mutragyaszoro-soszoro-kezi-handy-green-ii-2l\/#primaryimage"},"image":{"@id":"https:\/\/tajkertesz.com\/termek\/mutragyaszoro-soszoro-kezi-handy-green-ii-2l\/#primaryimage"},"thumbnailUrl":"https:\/\/tajkertesz.com\/wp-content\/uploads\/2021\/05\/Siewnik-nawozow-HANDY-GREEN-reczny-150cm-SUBSTRAL-Zasilanie-reczne.jpg","datePublished":"2024-12-10T16:43:32+00:00","dateModified":"2026-03-25T11:17:56+00:00","description":"M\u0171tr\u00e1gyasz\u00f3r\u00f3\/s\u00f3sz\u00f3r\u00f3 k\u00e9zi Handy Green II, 2l M\u0171tr\u00e1gyasz\u00f3r\u00f3 k\u00e9zi Handy Green II, 2l\u00a0 Scotts Handy Green k\u00e9zi m\u0171tr\u00e1gyasz\u00f3r\u00f3. K\u00f6nny\u0171, m\u0171anyagb\u00f3l","breadcrumb":{"@id":"https:\/\/tajkertesz.com\/termek\/mutragyaszoro-soszoro-kezi-handy-green-ii-2l\/#breadcrumb"},"inLanguage":"en-US","potentialAction":[{"@type":"ReadAction","target":["https:\/\/tajkertesz.com\/termek\/mutragyaszoro-soszoro-kezi-handy-green-ii-2l\/"]}]},{"@type":"ImageObject","inLanguage":"en-US","@id":"https:\/\/tajkertesz.com\/termek\/mutragyaszoro-soszoro-kezi-handy-green-ii-2l\/#primaryimage","url":"https:\/\/tajkertesz.com\/wp-content\/uploads\/2021\/05\/Siewnik-nawozow-HANDY-GREEN-reczny-150cm-SUBSTRAL-Zasilanie-reczne.jpg","contentUrl":"https:\/\/tajkertesz.com\/wp-content\/uploads\/2021\/05\/Siewnik-nawozow-HANDY-GREEN-reczny-150cm-SUBSTRAL-Zasilanie-reczne.jpg","width":1920,"height":1868,"caption":"M\u0171tr\u00e1gyasz\u00f3r\u00f3\/s\u00f3sz\u00f3r\u00f3 k\u00e9zi Handy Green II, 2l"},{"@type":"BreadcrumbList","@id":"https:\/\/tajkertesz.com\/termek\/mutragyaszoro-soszoro-kezi-handy-green-ii-2l\/#breadcrumb","itemListElement":[{"@type":"ListItem","position":1,"name":"Home","item":"https:\/\/tajkertesz.com\/"},{"@type":"ListItem","position":2,"name":"Kezd\u0151lap","item":"https:\/\/tajkertesz.com\/"},{"@type":"ListItem","position":3,"name":"M\u0171tr\u00e1gyasz\u00f3r\u00f3\/s\u00f3sz\u00f3r\u00f3 k\u00e9zi Handy Green II, 2l"}]},{"@type":"WebSite","@id":"https:\/\/tajkertesz.com\/#website","url":"https:\/\/tajkertesz.com\/","name":"T\u00e1j-Kert\u00e9sz 84 Kft.","description":"Kert\u00e9szeti kis- \u00e9s nagykeresked\u00e9s, D\u00edszn\u00f6v\u00e9ny web\u00e1ruh\u00e1z orsz\u00e1gos h\u00e1zhozsz\u00e1ll\u00edt\u00e1ssal!","publisher":{"@id":"https:\/\/tajkertesz.com\/#organization"},"potentialAction":[{"@type":"SearchAction","target":{"@type":"EntryPoint","urlTemplate":"https:\/\/tajkertesz.com\/?s={search_term_string}"},"query-input":{"@type":"PropertyValueSpecification","valueRequired":true,"valueName":"search_term_string"}}],"inLanguage":"en-US"},{"@type":"Organization","@id":"https:\/\/tajkertesz.com\/#organization","name":"T\u00e1j-Kert\u00e9sz 84 Kft.","url":"https:\/\/tajkertesz.com\/","logo":{"@type":"ImageObject","inLanguage":"en-US","@id":"https:\/\/tajkertesz.com\/#\/schema\/logo\/image\/","url":"https:\/\/tajkertesz.com\/wp-content\/uploads\/2018\/02\/logo-2-e1518678052539.png","contentUrl":"https:\/\/tajkertesz.com\/wp-content\/uploads\/2018\/02\/logo-2-e1518678052539.png","width":81,"height":140,"caption":"T\u00e1j-Kert\u00e9sz 84 Kft."},"image":{"@id":"https:\/\/tajkertesz.com\/#\/schema\/logo\/image\/"},"sameAs":["https:\/\/www.facebook.com\/Tajkertesz\/"]}]}},"_links":{"self":[{"href":"https:\/\/tajkertesz.com\/en_US\/wp-json\/wp\/v2\/product\/4407","targetHints":{"allow":["GET"]}}],"collection":[{"href":"https:\/\/tajkertesz.com\/en_US\/wp-json\/wp\/v2\/product"}],"about":[{"href":"https:\/\/tajkertesz.com\/en_US\/wp-json\/wp\/v2\/types\/product"}],"wp:featuredmedia":[{"embeddable":true,"href":"https:\/\/tajkertesz.com\/en_US\/wp-json\/wp\/v2\/media\/21948"}],"wp:attachment":[{"href":"https:\/\/tajkertesz.com\/en_US\/wp-json\/wp\/v2\/media?parent=4407"}],"wp:term":[{"taxonomy":"product_brand","embeddable":true,"href":"https:\/\/tajkertesz.com\/en_US\/wp-json\/wp\/v2\/product_brand?post=4407"},{"taxonomy":"product_cat","embeddable":true,"href":"https:\/\/tajkertesz.com\/en_US\/wp-json\/wp\/v2\/product_cat?post=4407"},{"taxonomy":"product_tag","embeddable":true,"href":"https:\/\/tajkertesz.com\/en_US\/wp-json\/wp\/v2\/product_tag?post=4407"}],"curies":[{"name":"wp","href":"https:\/\/api.w.org\/{rel}","templated":true}]}}