{"id":4426,"date":"2021-05-10T09:30:43","date_gmt":"2021-05-10T09:30:43","guid":{"rendered":"https:\/\/tajkertesz.com\/?post_type=product&#038;p=4426"},"modified":"2025-01-19T08:07:42","modified_gmt":"2025-01-19T08:07:42","slug":"nortene-fixing-cord-tu-es-zsineg-fekete-25-m","status":"publish","type":"product","link":"https:\/\/tajkertesz.com\/en_US\/product\/nortene-fixing-cord-tu-es-zsineg-fekete-25-m\/","title":{"rendered":"Nortene Fixing Cord t\u0171 \u00e9s zsineg fekete 25 m"},"content":{"rendered":"<h3>Nortene Fixing Cord t\u0171 \u00e9s zsineg fekete 25 m<\/h3>\n<p>Nortene Fixing Cord t\u0171 \u00e9s zsineg fekete 25 m t\u0171 \u00e9s zsineg a sz\u0151tt \u00e1rny\u00e9kol\u00f3 h\u00e1l\u00f3k r\u00f6gz\u00edt\u00e9s\u00e9hez.<\/p>\n<p>T\u00f6k\u00e9letes megold\u00e1s az \u00e1rny\u00e9kol\u00f3 h\u00e1l\u00f3k r\u00f6gz\u00edt\u00e9s\u00e9hez. Fekete sz\u00ednben el\u00e9rhet\u0151. Hossza 25 m .<\/p>\n<p>Haszn\u00e1lat\u00e1val eszt\u00e9tikus a r\u00f6gz\u00edt\u00e9s, biztons\u00e1gos a kivitelez\u00e9s. Diszkr\u00e9t megold\u00e1st k\u00edn\u00e1l, k\u00fcl\u00f6n\u00f6sen az erk\u00e9lyek eset\u00e9ben!<\/p>\n<p>Jellemz\u0151i:<\/p>\n<ul class=\"overview__detail-list normal black\">\n<li>T\u0171 \u00e9s zsineg egyben<\/li>\n<li>Eszt\u00e9tikus r\u00f6gz\u00edt\u00e9s<\/li>\n<li>Egyszer\u0171 \u00e9s biztons\u00e1gos kivitelez\u00e9s<\/li>\n<li>HDPE er\u0151s anyag\u00fa zsineg<\/li>\n<li>Feh\u00e9r g\u00f6rb\u00edtett m\u0171anyag t\u0171<\/li>\n<li>Fekete sz\u00edn\u0171<\/li>\n<li>25 m\u00e9ter hossz\u00fa<\/li>\n<\/ul>\n<h2 class=\"justtellmewhat uppercase color-green-2 text-3xl mt-10\">EL\u0150NY\u00d6K<\/h2>\n<div class=\"mt-2 color-brown text-lg\">\n<p>&#8211; A hajl\u00edtott t\u0171 egyszer\u0171 \u00e9s k\u00f6nny\u0171 haszn\u00e1latot tesz lehet\u0151v\u00e9.<br \/>\n&#8211; Eszt\u00e9tikus r\u00f6gz\u00edt\u00e9st biztos\u00edt.<br \/>\n&#8211; Diszkr\u00e9t megjelen\u00e9s\u00e9nek k\u00f6sz\u00f6nhet\u0151en erk\u00e9lyeken is j\u00f3l alkalmazhat\u00f3, nem fogszemet sz\u00farni.<br \/>\n&#8211; Haszn\u00e1lata biztons\u00e1gos.<br \/>\n&#8211; F\u0151k\u00e9nt gomblyukakkal ell\u00e1tott sz\u0151tt \u00e1rny\u00e9kol\u00f3h\u00e1l\u00f3khoz aj\u00e1nlott.<\/p>\n<\/div>\n<h2 class=\"justtellmewhat uppercase color-green-2 text-3xl mt-10\">JELLEMZ\u0150K<\/h2>\n<div class=\"mt-2 color-brown text-lg\">\n<p>&#8211; Anyaga: HDPE zsin\u00f3r \u00e9s m\u0171anyag t\u0171<br \/>\n&#8211; Zsineg hossza: 25 m<br \/>\n&#8211; Zsineg sz\u00edne: fekete<br \/>\n&#8211; T\u0171 sz\u00edne: feh\u00e9r<\/p>\n<\/div>\n<p><span style=\"color: #ffffff;\">M<\/span><\/p>\n<p>&nbsp;<\/p>\n<p><strong>K\u00e9szlet\u00fcnk napi szinten v\u00e1ltozik, ez\u00e9rt k\u00e9rj\u00fck, \u00e9rdekl\u0151dj\u00f6n szem\u00e9lyesen, telefonon vagy email-en.<br \/>\nA v\u00e1ltoztat\u00e1s jog\u00e1t fenntartjuk!\u00a0<\/strong><\/p>\n<p>&nbsp;<\/p>\n<p><a href=\"https:\/\/tajkertesz.com\/\">https:\/\/tajkertesz.com\/<\/a><\/p>\n<p><a href=\"https:\/\/www.facebook.com\/tajkertesz\/\">https:\/\/www.facebook.com\/tajkertesz\/<\/a><\/p>\n<p>Kisz\u00e1ll\u00edt\u00e1s: 200cm-ig \u00a0\u00e9s 40 kg-ig a sz\u00e1ll\u00edt\u00e1s fut\u00e1rszolg\u00e1lattal \u00a0t\u00f6rt\u00e9nik.<\/p>\n<p>Szem\u00e9lyes \u00e1tv\u00e9tel nyitvatart\u00e1si id\u0151ben a 17. ker\u00fclet Bakancsos utca 7. sz\u00e1m alatti Kert\u00e9szeti \u00e1rud\u00e1ban.<\/p>\n<h6><span style=\"color: #ffffff;\">Nortene Fixing Cord t\u0171 \u00e9s zsineg fekete 25 m t\u0171 \u00e9s zsineg a sz\u0151tt \u00e1rny\u00e9kol\u00f3 h\u00e1l\u00f3k r\u00f6gz\u00edt\u00e9s\u00e9hez.<\/span><\/h6>\n<h6><span style=\"color: #ffffff;\">T\u00f6k\u00e9letes megold\u00e1s az \u00e1rny\u00e9kol\u00f3 h\u00e1l\u00f3k r\u00f6gz\u00edt\u00e9s\u00e9hez. Fekete sz\u00ednben el\u00e9rhet\u0151. Hossza 25 m .<\/span><\/h6>\n<h6><span style=\"color: #ffffff;\">\u00a0Haszn\u00e1lat\u00e1val eszt\u00e9tikus a r\u00f6gz\u00edt\u00e9s, biztons\u00e1gos a kivitelez\u00e9s. Diszkr\u00e9t megold\u00e1st k\u00edn\u00e1l, k\u00fcl\u00f6n\u00f6sen az erk\u00e9lyek eset\u00e9ben!<\/span><\/h6>\n<h6><span style=\"color: #ffffff;\">Jellemz\u0151i:<\/span><\/h6>\n<h6><span style=\"color: #ffffff;\">T\u0171 \u00e9s zsineg egyben<\/span><\/h6>\n<h6><span style=\"color: #ffffff;\">Eszt\u00e9tikus r\u00f6gz\u00edt\u00e9s<\/span><\/h6>\n<h6><span style=\"color: #ffffff;\">Egyszer\u0171 \u00e9s biztons\u00e1gos kivitelez\u00e9s<\/span><\/h6>\n<h6><span style=\"color: #ffffff;\">HDPE er\u0151s anyag\u00fa zsineg<\/span><\/h6>\n<h6><span style=\"color: #ffffff;\">Feh\u00e9r g\u00f6rb\u00edtett m\u0171anyag t\u0171<\/span><\/h6>\n<h6><span style=\"color: #ffffff;\">Fekete sz\u00edn\u0171<\/span><\/h6>\n<h6><span style=\"color: #ffffff;\">25 m\u00e9ter hossz\u00fa<\/span><\/h6>\n<h6 class=\"justtellmewhat uppercase color-green-2 text-3xl mt-10\"><span style=\"color: #ffffff;\">EL\u0150NY\u00d6K- A hajl\u00edtott t\u0171 egyszer\u0171 \u00e9s k\u00f6nny\u0171 haszn\u00e1latot tesz lehet\u0151v\u00e9.- Eszt\u00e9tikus r\u00f6gz\u00edt\u00e9st biztos\u00edt.- Diszkr\u00e9t megjelen\u00e9s\u00e9nek k\u00f6sz\u00f6nhet\u0151en erk\u00e9lyeken is j\u00f3l alkalmazhat\u00f3, nem fogszemet sz\u00farni.- Haszn\u00e1lata biztons\u00e1gos.- F\u0151k\u00e9nt gomblyukakkal ell\u00e1tott sz\u0151tt \u00e1rny\u00e9kol\u00f3h\u00e1l\u00f3khoz aj\u00e1nlott.<\/span><\/h6>\n<div class=\"mt-2 color-brown text-lg\">\n<p>&nbsp;<\/p>\n<\/div>\n<p>&nbsp;<\/p>","protected":false},"excerpt":{"rendered":"<h3>Nortene Fixing Cord t\u0171 \u00e9s zsineg fekete 25 m<\/h3>\n<p>Nortene Fixing Cord t\u0171 \u00e9s zsineg fekete 25 m t\u0171 \u00e9s zsineg a sz\u0151tt \u00e1rny\u00e9kol\u00f3 h\u00e1l\u00f3k r\u00f6gz\u00edt\u00e9s\u00e9hez.<\/p>","protected":false},"featured_media":19213,"template":"","meta":{"_et_pb_use_builder":"","_et_pb_old_content":"","_et_gb_content_width":""},"product_brand":[],"product_cat":[1063],"product_tag":[1066,4912,745,4911,1498,1499],"class_list":{"0":"post-4426","1":"product","2":"type-product","3":"status-publish","4":"has-post-thumbnail","6":"product_cat-belatasgatlas-arnyekolohalok","7":"product_tag-belatasgatlas","8":"product_tag-cord","9":"product_tag-fekete","10":"product_tag-fixing","11":"product_tag-tu","12":"product_tag-zsineg","14":"first","15":"instock","16":"shipping-taxable","17":"purchasable","18":"product-type-simple"},"yoast_head":"<!-- This site is optimized with the Yoast SEO plugin v27.4 - https:\/\/yoast.com\/product\/yoast-seo-wordpress\/ -->\n<title>Nortene Fixing Cord t\u0171 \u00e9s zsineg fekete 25 m - T\u00e1jkert\u00e9sz<\/title>\n<meta name=\"description\" content=\"Nortene Fixing Cord t\u0171 \u00e9s zsineg fekete 25 m Nortene Fixing Cord t\u0171 \u00e9s zsineg fekete 25 m t\u0171 \u00e9s zsineg a sz\u0151tt \u00e1rny\u00e9kol\u00f3 h\u00e1l\u00f3k r\u00f6gz\u00edt\u00e9s\u00e9hez.\" \/>\n<meta name=\"robots\" content=\"index, follow, max-snippet:-1, max-image-preview:large, max-video-preview:-1\" \/>\n<link rel=\"canonical\" href=\"https:\/\/tajkertesz.com\/en_US\/product\/nortene-fixing-cord-tu-es-zsineg-fekete-25-m\/\" \/>\n<meta property=\"og:locale\" content=\"en_US\" \/>\n<meta property=\"og:type\" content=\"article\" \/>\n<meta property=\"og:title\" content=\"Nortene Fixing Cord t\u0171 \u00e9s zsineg fekete 25 m - T\u00e1jkert\u00e9sz\" \/>\n<meta property=\"og:description\" content=\"Nortene Fixing Cord t\u0171 \u00e9s zsineg fekete 25 m Nortene Fixing Cord t\u0171 \u00e9s zsineg fekete 25 m t\u0171 \u00e9s zsineg a sz\u0151tt \u00e1rny\u00e9kol\u00f3 h\u00e1l\u00f3k r\u00f6gz\u00edt\u00e9s\u00e9hez.\" \/>\n<meta property=\"og:url\" content=\"https:\/\/tajkertesz.com\/en_US\/product\/nortene-fixing-cord-tu-es-zsineg-fekete-25-m\/\" \/>\n<meta property=\"og:site_name\" content=\"T\u00e1jkert\u00e9sz\" \/>\n<meta property=\"article:publisher\" content=\"https:\/\/www.facebook.com\/Tajkertesz\/\" \/>\n<meta property=\"article:modified_time\" content=\"2025-01-19T08:07:42+00:00\" \/>\n<meta property=\"og:image\" content=\"https:\/\/tajkertesz.com\/wp-content\/uploads\/2021\/05\/FIXING-CORD.jpg\" \/>\n\t<meta property=\"og:image:width\" content=\"800\" \/>\n\t<meta property=\"og:image:height\" content=\"800\" \/>\n\t<meta property=\"og:image:type\" content=\"image\/jpeg\" \/>\n<meta name=\"twitter:card\" content=\"summary_large_image\" \/>\n<meta name=\"twitter:label1\" content=\"Est. reading time\" \/>\n\t<meta name=\"twitter:data1\" content=\"2 minutes\" \/>\n<script type=\"application\/ld+json\" class=\"yoast-schema-graph\">{\"@context\":\"https:\\\/\\\/schema.org\",\"@graph\":[{\"@type\":\"WebPage\",\"@id\":\"https:\\\/\\\/tajkertesz.com\\\/termek\\\/nortene-fixing-cord-tu-es-zsineg-fekete-25-m\\\/\",\"url\":\"https:\\\/\\\/tajkertesz.com\\\/termek\\\/nortene-fixing-cord-tu-es-zsineg-fekete-25-m\\\/\",\"name\":\"Nortene Fixing Cord t\u0171 \u00e9s zsineg fekete 25 m - T\u00e1jkert\u00e9sz\",\"isPartOf\":{\"@id\":\"https:\\\/\\\/tajkertesz.com\\\/#website\"},\"primaryImageOfPage\":{\"@id\":\"https:\\\/\\\/tajkertesz.com\\\/termek\\\/nortene-fixing-cord-tu-es-zsineg-fekete-25-m\\\/#primaryimage\"},\"image\":{\"@id\":\"https:\\\/\\\/tajkertesz.com\\\/termek\\\/nortene-fixing-cord-tu-es-zsineg-fekete-25-m\\\/#primaryimage\"},\"thumbnailUrl\":\"https:\\\/\\\/tajkertesz.com\\\/wp-content\\\/uploads\\\/2021\\\/05\\\/FIXING-CORD.jpg\",\"datePublished\":\"2021-05-10T09:30:43+00:00\",\"dateModified\":\"2025-01-19T08:07:42+00:00\",\"description\":\"Nortene Fixing Cord t\u0171 \u00e9s zsineg fekete 25 m Nortene Fixing Cord t\u0171 \u00e9s zsineg fekete 25 m t\u0171 \u00e9s zsineg a sz\u0151tt \u00e1rny\u00e9kol\u00f3 h\u00e1l\u00f3k r\u00f6gz\u00edt\u00e9s\u00e9hez.\",\"breadcrumb\":{\"@id\":\"https:\\\/\\\/tajkertesz.com\\\/termek\\\/nortene-fixing-cord-tu-es-zsineg-fekete-25-m\\\/#breadcrumb\"},\"inLanguage\":\"en-US\",\"potentialAction\":[{\"@type\":\"ReadAction\",\"target\":[\"https:\\\/\\\/tajkertesz.com\\\/termek\\\/nortene-fixing-cord-tu-es-zsineg-fekete-25-m\\\/\"]}]},{\"@type\":\"ImageObject\",\"inLanguage\":\"en-US\",\"@id\":\"https:\\\/\\\/tajkertesz.com\\\/termek\\\/nortene-fixing-cord-tu-es-zsineg-fekete-25-m\\\/#primaryimage\",\"url\":\"https:\\\/\\\/tajkertesz.com\\\/wp-content\\\/uploads\\\/2021\\\/05\\\/FIXING-CORD.jpg\",\"contentUrl\":\"https:\\\/\\\/tajkertesz.com\\\/wp-content\\\/uploads\\\/2021\\\/05\\\/FIXING-CORD.jpg\",\"width\":800,\"height\":800},{\"@type\":\"BreadcrumbList\",\"@id\":\"https:\\\/\\\/tajkertesz.com\\\/termek\\\/nortene-fixing-cord-tu-es-zsineg-fekete-25-m\\\/#breadcrumb\",\"itemListElement\":[{\"@type\":\"ListItem\",\"position\":1,\"name\":\"Home\",\"item\":\"https:\\\/\\\/tajkertesz.com\\\/\"},{\"@type\":\"ListItem\",\"position\":2,\"name\":\"Kezd\u0151lap\",\"item\":\"https:\\\/\\\/tajkertesz.com\\\/\"},{\"@type\":\"ListItem\",\"position\":3,\"name\":\"Nortene Fixing Cord t\u0171 \u00e9s zsineg fekete 25 m\"}]},{\"@type\":\"WebSite\",\"@id\":\"https:\\\/\\\/tajkertesz.com\\\/#website\",\"url\":\"https:\\\/\\\/tajkertesz.com\\\/\",\"name\":\"T\u00e1j-Kert\u00e9sz 84 Kft.\",\"description\":\"Kert\u00e9szeti kis- \u00e9s nagykeresked\u00e9s, D\u00edszn\u00f6v\u00e9ny web\u00e1ruh\u00e1z orsz\u00e1gos h\u00e1zhozsz\u00e1ll\u00edt\u00e1ssal!\",\"publisher\":{\"@id\":\"https:\\\/\\\/tajkertesz.com\\\/#organization\"},\"potentialAction\":[{\"@type\":\"SearchAction\",\"target\":{\"@type\":\"EntryPoint\",\"urlTemplate\":\"https:\\\/\\\/tajkertesz.com\\\/?s={search_term_string}\"},\"query-input\":{\"@type\":\"PropertyValueSpecification\",\"valueRequired\":true,\"valueName\":\"search_term_string\"}}],\"inLanguage\":\"en-US\"},{\"@type\":\"Organization\",\"@id\":\"https:\\\/\\\/tajkertesz.com\\\/#organization\",\"name\":\"T\u00e1j-Kert\u00e9sz 84 Kft.\",\"url\":\"https:\\\/\\\/tajkertesz.com\\\/\",\"logo\":{\"@type\":\"ImageObject\",\"inLanguage\":\"en-US\",\"@id\":\"https:\\\/\\\/tajkertesz.com\\\/#\\\/schema\\\/logo\\\/image\\\/\",\"url\":\"https:\\\/\\\/tajkertesz.com\\\/wp-content\\\/uploads\\\/2018\\\/02\\\/logo-2-e1518678052539.png\",\"contentUrl\":\"https:\\\/\\\/tajkertesz.com\\\/wp-content\\\/uploads\\\/2018\\\/02\\\/logo-2-e1518678052539.png\",\"width\":81,\"height\":140,\"caption\":\"T\u00e1j-Kert\u00e9sz 84 Kft.\"},\"image\":{\"@id\":\"https:\\\/\\\/tajkertesz.com\\\/#\\\/schema\\\/logo\\\/image\\\/\"},\"sameAs\":[\"https:\\\/\\\/www.facebook.com\\\/Tajkertesz\\\/\"]}]}<\/script>\n<!-- \/ Yoast SEO plugin. -->","yoast_head_json":{"title":"Nortene Fixing Cord t\u0171 \u00e9s zsineg fekete 25 m - T\u00e1jkert\u00e9sz","description":"Nortene Fixing Cord t\u0171 \u00e9s zsineg fekete 25 m Nortene Fixing Cord t\u0171 \u00e9s zsineg fekete 25 m t\u0171 \u00e9s zsineg a sz\u0151tt \u00e1rny\u00e9kol\u00f3 h\u00e1l\u00f3k r\u00f6gz\u00edt\u00e9s\u00e9hez.","robots":{"index":"index","follow":"follow","max-snippet":"max-snippet:-1","max-image-preview":"max-image-preview:large","max-video-preview":"max-video-preview:-1"},"canonical":"https:\/\/tajkertesz.com\/en_US\/product\/nortene-fixing-cord-tu-es-zsineg-fekete-25-m\/","og_locale":"en_US","og_type":"article","og_title":"Nortene Fixing Cord t\u0171 \u00e9s zsineg fekete 25 m - T\u00e1jkert\u00e9sz","og_description":"Nortene Fixing Cord t\u0171 \u00e9s zsineg fekete 25 m Nortene Fixing Cord t\u0171 \u00e9s zsineg fekete 25 m t\u0171 \u00e9s zsineg a sz\u0151tt \u00e1rny\u00e9kol\u00f3 h\u00e1l\u00f3k r\u00f6gz\u00edt\u00e9s\u00e9hez.","og_url":"https:\/\/tajkertesz.com\/en_US\/product\/nortene-fixing-cord-tu-es-zsineg-fekete-25-m\/","og_site_name":"T\u00e1jkert\u00e9sz","article_publisher":"https:\/\/www.facebook.com\/Tajkertesz\/","article_modified_time":"2025-01-19T08:07:42+00:00","og_image":[{"width":800,"height":800,"url":"https:\/\/tajkertesz.com\/wp-content\/uploads\/2021\/05\/FIXING-CORD.jpg","type":"image\/jpeg"}],"twitter_card":"summary_large_image","twitter_misc":{"Est. reading time":"2 minutes"},"schema":{"@context":"https:\/\/schema.org","@graph":[{"@type":"WebPage","@id":"https:\/\/tajkertesz.com\/termek\/nortene-fixing-cord-tu-es-zsineg-fekete-25-m\/","url":"https:\/\/tajkertesz.com\/termek\/nortene-fixing-cord-tu-es-zsineg-fekete-25-m\/","name":"Nortene Fixing Cord t\u0171 \u00e9s zsineg fekete 25 m - T\u00e1jkert\u00e9sz","isPartOf":{"@id":"https:\/\/tajkertesz.com\/#website"},"primaryImageOfPage":{"@id":"https:\/\/tajkertesz.com\/termek\/nortene-fixing-cord-tu-es-zsineg-fekete-25-m\/#primaryimage"},"image":{"@id":"https:\/\/tajkertesz.com\/termek\/nortene-fixing-cord-tu-es-zsineg-fekete-25-m\/#primaryimage"},"thumbnailUrl":"https:\/\/tajkertesz.com\/wp-content\/uploads\/2021\/05\/FIXING-CORD.jpg","datePublished":"2021-05-10T09:30:43+00:00","dateModified":"2025-01-19T08:07:42+00:00","description":"Nortene Fixing Cord t\u0171 \u00e9s zsineg fekete 25 m Nortene Fixing Cord t\u0171 \u00e9s zsineg fekete 25 m t\u0171 \u00e9s zsineg a sz\u0151tt \u00e1rny\u00e9kol\u00f3 h\u00e1l\u00f3k r\u00f6gz\u00edt\u00e9s\u00e9hez.","breadcrumb":{"@id":"https:\/\/tajkertesz.com\/termek\/nortene-fixing-cord-tu-es-zsineg-fekete-25-m\/#breadcrumb"},"inLanguage":"en-US","potentialAction":[{"@type":"ReadAction","target":["https:\/\/tajkertesz.com\/termek\/nortene-fixing-cord-tu-es-zsineg-fekete-25-m\/"]}]},{"@type":"ImageObject","inLanguage":"en-US","@id":"https:\/\/tajkertesz.com\/termek\/nortene-fixing-cord-tu-es-zsineg-fekete-25-m\/#primaryimage","url":"https:\/\/tajkertesz.com\/wp-content\/uploads\/2021\/05\/FIXING-CORD.jpg","contentUrl":"https:\/\/tajkertesz.com\/wp-content\/uploads\/2021\/05\/FIXING-CORD.jpg","width":800,"height":800},{"@type":"BreadcrumbList","@id":"https:\/\/tajkertesz.com\/termek\/nortene-fixing-cord-tu-es-zsineg-fekete-25-m\/#breadcrumb","itemListElement":[{"@type":"ListItem","position":1,"name":"Home","item":"https:\/\/tajkertesz.com\/"},{"@type":"ListItem","position":2,"name":"Kezd\u0151lap","item":"https:\/\/tajkertesz.com\/"},{"@type":"ListItem","position":3,"name":"Nortene Fixing Cord t\u0171 \u00e9s zsineg fekete 25 m"}]},{"@type":"WebSite","@id":"https:\/\/tajkertesz.com\/#website","url":"https:\/\/tajkertesz.com\/","name":"T\u00e1j-Kert\u00e9sz 84 Kft.","description":"Kert\u00e9szeti kis- \u00e9s nagykeresked\u00e9s, D\u00edszn\u00f6v\u00e9ny web\u00e1ruh\u00e1z orsz\u00e1gos h\u00e1zhozsz\u00e1ll\u00edt\u00e1ssal!","publisher":{"@id":"https:\/\/tajkertesz.com\/#organization"},"potentialAction":[{"@type":"SearchAction","target":{"@type":"EntryPoint","urlTemplate":"https:\/\/tajkertesz.com\/?s={search_term_string}"},"query-input":{"@type":"PropertyValueSpecification","valueRequired":true,"valueName":"search_term_string"}}],"inLanguage":"en-US"},{"@type":"Organization","@id":"https:\/\/tajkertesz.com\/#organization","name":"T\u00e1j-Kert\u00e9sz 84 Kft.","url":"https:\/\/tajkertesz.com\/","logo":{"@type":"ImageObject","inLanguage":"en-US","@id":"https:\/\/tajkertesz.com\/#\/schema\/logo\/image\/","url":"https:\/\/tajkertesz.com\/wp-content\/uploads\/2018\/02\/logo-2-e1518678052539.png","contentUrl":"https:\/\/tajkertesz.com\/wp-content\/uploads\/2018\/02\/logo-2-e1518678052539.png","width":81,"height":140,"caption":"T\u00e1j-Kert\u00e9sz 84 Kft."},"image":{"@id":"https:\/\/tajkertesz.com\/#\/schema\/logo\/image\/"},"sameAs":["https:\/\/www.facebook.com\/Tajkertesz\/"]}]}},"_links":{"self":[{"href":"https:\/\/tajkertesz.com\/en_US\/wp-json\/wp\/v2\/product\/4426","targetHints":{"allow":["GET"]}}],"collection":[{"href":"https:\/\/tajkertesz.com\/en_US\/wp-json\/wp\/v2\/product"}],"about":[{"href":"https:\/\/tajkertesz.com\/en_US\/wp-json\/wp\/v2\/types\/product"}],"wp:featuredmedia":[{"embeddable":true,"href":"https:\/\/tajkertesz.com\/en_US\/wp-json\/wp\/v2\/media\/19213"}],"wp:attachment":[{"href":"https:\/\/tajkertesz.com\/en_US\/wp-json\/wp\/v2\/media?parent=4426"}],"wp:term":[{"taxonomy":"product_brand","embeddable":true,"href":"https:\/\/tajkertesz.com\/en_US\/wp-json\/wp\/v2\/product_brand?post=4426"},{"taxonomy":"product_cat","embeddable":true,"href":"https:\/\/tajkertesz.com\/en_US\/wp-json\/wp\/v2\/product_cat?post=4426"},{"taxonomy":"product_tag","embeddable":true,"href":"https:\/\/tajkertesz.com\/en_US\/wp-json\/wp\/v2\/product_tag?post=4426"}],"curies":[{"name":"wp","href":"https:\/\/api.w.org\/{rel}","templated":true}]}}