{"id":4428,"date":"2021-05-10T09:35:52","date_gmt":"2021-05-10T09:35:52","guid":{"rendered":"https:\/\/tajkertesz.com\/?post_type=product&#038;p=4428"},"modified":"2025-01-19T07:15:04","modified_gmt":"2025-01-19T07:15:04","slug":"nortene-fixatex-rogzito-kapocs-20db-zold","status":"publish","type":"product","link":"https:\/\/tajkertesz.com\/en_US\/product\/nortene-fixatex-rogzito-kapocs-20db-zold\/","title":{"rendered":"Nortene Fixatex r\u00f6gz\u00edt\u0151 kapocs (20db), Z\u00f6ld"},"content":{"rendered":"<h1 class=\"page-head-title product-page-head-title position-relative\"><span class=\"product-page-product-name\">Nortene Fixatex r\u00f6gz\u00edt\u0151 kapocs (20db), Z\u00f6ld<\/span><\/h1>\n<p class=\"page-head-title product-page-head-title position-relative\">A Nortene Fixatex r\u00f6gz\u00edt\u0151 kapocs (20db), Z\u00f6ld egy r\u00f6gz\u00edt\u0151 kapocs sz\u0151tt \u00e1rny\u00e9kol\u00f3 h\u00e1l\u00f3khoz. Diszkr\u00e9t, egyszer\u0171 \u00e9s hat\u00e1sos megold\u00e1s. Ezt a kapcsot sz\u0151tt \u00e1rny\u00e9kol\u00f3h\u00e1l\u00f3k r\u00f6gz\u00edt\u00e9s\u00e9re fejlesztett\u00e9k ki. Hat\u00e9kony \u00e9s ellen\u00e1ll\u00f3. Haszn\u00e1lja a fels\u0151 \u00e9s als\u00f3 vezet\u0151 dr\u00f3tra val\u00f3 r\u00f6gz\u00edt\u00e9sre valamint k\u00f6z\u00e9pen. Ez esetben a 2 kapcsot kell \u00f6sszeilleszteni.<\/p>\n<p>Fixatex r\u00f6gz\u00edt\u0151vel (50cm-k\u00e9nt) k\u00f6nnyen \u00e9s gyorsan felhelyezheti az \u00f6n \u00e1ltal megv\u00e1s\u00e1rolt bel\u00e1t\u00e1sg\u00e1tl\u00f3 b\u00e1rmelyik\u00e9t.<\/p>\n<p>Anyaga: PP,<\/p>\n<p>sz\u00edne: z\u00f6ld<\/p>\n<p>UV \u00e1ll\u00f3, \u00edgy a napsug\u00e1rz\u00e1snak \u00e9s az id\u0151j\u00e1r\u00e1s viszontags\u00e1gainak is ellen\u00e1ll.<\/p>\n<p>&nbsp;<\/p>\n<p style=\"line-height: 18.0pt; background: white; margin: 0cm 0cm 15.0pt 0cm;\"><b><span style=\"font-family: 'Ubuntu',serif; color: black;\">K\u00e9szlet\u00fcnk napi szinten v\u00e1ltozik, ez\u00e9rt k\u00e9rj\u00fck, \u00e9rdekl\u0151dj\u00f6n szem\u00e9lyesen, telefonon vagy email-en.<br \/>\nA v\u00e1ltoztat\u00e1s jog\u00e1t fenntartjuk!\u00a0<\/span><\/b><\/p>\n<p><a href=\"https:\/\/tajkertesz.com\/\">https:\/\/tajkertesz.com\/<\/a><\/p>\n<p><a href=\"https:\/\/www.facebook.com\/tajkertesz\/\">https:\/\/www.facebook.com\/tajkertesz\/<\/a><\/p>\n<p>Kisz\u00e1ll\u00edt\u00e1s: 200 cm \u00e9s 40 kg is a sz\u00e1ll\u00edt\u00e1s fut\u00e1rszolg\u00e1lattal t\u00f6rt\u00e9nik.<\/p>\n<p><span style=\"color: #ffffff;\"><a class=\"new\" style=\"color: #ffffff;\" title=\"Kert\u00e9szet (a lap nem l\u00e9tezik)\" href=\"https:\/\/hu.wikipedia.org\/w\/index.php?title=Kert%C3%A9szet&amp;action=edit&amp;redlink=1\">K<\/a><\/span><\/p>\n<p>A Nortene 1961-es megalakul\u00e1sa \u00f3ta a kerttulajdonosok, vir\u00e1gos teraszokkal \u00e9s z\u00f6ld bels\u0151 terekkel rendelkez\u0151k m\u00e1rk\u00e1ja. Alapvet\u0151 c\u00e9lja \u00e9vr\u0151l-\u00e9vre, hogy a<strong>\u00a0kertberendez\u00e9s, a kerti dekor\u00e1ci\u00f3 \u00e9s a hobby kert\u00e9szet\u00a0<\/strong>term\u00e9keivel piacvezet\u0151 legyen. K\u00edn\u00e1lata k\u00f6z\u00f6tt megtal\u00e1lhat\u00f3k az\u00a0<strong>\u00e1rny\u00e9kol\u00f3h\u00e1l\u00f3k, kerti r\u00e1csok, m\u0171f\u00fcvek, sz\u00fanyogh\u00e1l\u00f3k, t\u00e9relv\u00e1laszt\u00f3k, kert\u00e9szeti f\u00f3li\u00e1k, kar\u00f3k \u00e9s kerti dekor\u00e1ci\u00f3k.\u00a0<\/strong><\/p>\n<p class=\"page-head-title product-page-head-title position-relative\">A Nortene Fixatex r\u00f6gz\u00edt\u0151 kapocs (20db), Z\u00f6ld egy r\u00f6gz\u00edt\u0151 kapocs sz\u0151tt \u00e1rny\u00e9kol\u00f3 h\u00e1l\u00f3khoz. Diszkr\u00e9t, egyszer\u0171 \u00e9s hat\u00e1sos megold\u00e1s. Ezt a kapcsot sz\u0151tt \u00e1rny\u00e9kol\u00f3h\u00e1l\u00f3k r\u00f6gz\u00edt\u00e9s\u00e9re fejlesztett\u00e9k ki. Hat\u00e9kony \u00e9s ellen\u00e1ll\u00f3. Haszn\u00e1lja a fels\u0151 \u00e9s als\u00f3 vezet\u0151 dr\u00f3tra val\u00f3 r\u00f6gz\u00edt\u00e9sre valamint k\u00f6z\u00e9pen. Ez esetben a 2 kapcsot kell \u00f6sszeilleszteni.<\/p>\n<p>Fixatex r\u00f6gz\u00edt\u0151vel (50cm-k\u00e9nt) k\u00f6nnyen \u00e9s gyorsan felhelyezheti az \u00f6n \u00e1ltal megv\u00e1s\u00e1rolt bel\u00e1t\u00e1sg\u00e1tl\u00f3 b\u00e1rmelyik\u00e9t.\u00a0 Anyaga: PP,\u00a0sz\u00edne: z\u00f6ld\u00a0UV \u00e1ll\u00f3, \u00edgy a napsug\u00e1rz\u00e1snak \u00e9s az id\u0151j\u00e1r\u00e1s viszontags\u00e1gainak is ellen\u00e1ll.<\/p>\n<p>&nbsp;<\/p>\n<p style=\"line-height: 18.0pt; background: white; margin: 0cm 0cm 15.0pt 0cm;\">","protected":false},"excerpt":{"rendered":"<h1 class=\"page-head-title product-page-head-title position-relative\"><span class=\"product-page-product-name\">Nortene Fixatex r\u00f6gz\u00edt\u0151 kapocs (20db), Z\u00f6ld<\/span><\/h1>\n<p>Ezt a kapcsot sz\u0151tt \u00e1rny\u00e9kol\u00f3h\u00e1l\u00f3k r\u00f6gz\u00edt\u00e9s\u00e9re fejlesztett\u00e9k ki. Hat\u00e9kony \u00e9s ellen\u00e1ll\u00f3. Haszn\u00e1lja a fels\u0151 \u00e9s als\u00f3 vezet\u0151 dr\u00f3tra val\u00f3 r\u00f6gz\u00edt\u00e9sre valamint k\u00f6z\u00e9pen. ez esetben a \u00a02 kapcsot kell \u00f6sszeilleszteni.<\/p>\n<p class=\"page-head-title product-page-head-title position-relative\">","protected":false},"featured_media":13196,"template":"","meta":{"_et_pb_use_builder":"","_et_pb_old_content":"","_et_gb_content_width":""},"product_brand":[],"product_cat":[1063,3785],"product_tag":[1066,3820,1087,1089,1088,3821],"class_list":{"0":"post-4428","1":"product","2":"type-product","3":"status-publish","4":"has-post-thumbnail","6":"product_cat-belatasgatlas-arnyekolohalok","7":"product_cat-uj-termekek","8":"product_tag-belatasgatlas","9":"product_tag-belatasgatlo","10":"product_tag-fixatex","11":"product_tag-kapocs","12":"product_tag-rogzito","13":"product_tag-zold-kapocs","15":"first","16":"instock","17":"shipping-taxable","18":"purchasable","19":"product-type-simple"},"yoast_head":"<!-- This site is optimized with the Yoast SEO plugin v27.4 - https:\/\/yoast.com\/product\/yoast-seo-wordpress\/ -->\n<title>Nortene Fixatex r\u00f6gz\u00edt\u0151 kapocs (20db), Z\u00f6ld - T\u00e1jkert\u00e9sz<\/title>\n<meta name=\"description\" content=\"Nortene Fixatex r\u00f6gz\u00edt\u0151 kapocs z\u00f6ld\u00a0sz\u00edn\u0171 sz\u0151tt \u00e1rny\u00e9kol\u00f3 h\u00e1l\u00f3khoz. Diszkr\u00e9t \u00e9s hat\u00e1sos megold\u00e1s. A csomag tartalma 20darab.\" \/>\n<meta name=\"robots\" content=\"index, follow, max-snippet:-1, max-image-preview:large, max-video-preview:-1\" \/>\n<link rel=\"canonical\" href=\"https:\/\/tajkertesz.com\/en_US\/product\/nortene-fixatex-rogzito-kapocs-20db-zold\/\" \/>\n<meta property=\"og:locale\" content=\"en_US\" \/>\n<meta property=\"og:type\" content=\"article\" \/>\n<meta property=\"og:title\" content=\"Nortene Fixatex r\u00f6gz\u00edt\u0151 kapocs (20db), Z\u00f6ld - T\u00e1jkert\u00e9sz\" \/>\n<meta property=\"og:description\" content=\"Nortene Fixatex r\u00f6gz\u00edt\u0151 kapocs z\u00f6ld\u00a0sz\u00edn\u0171 sz\u0151tt \u00e1rny\u00e9kol\u00f3 h\u00e1l\u00f3khoz. Diszkr\u00e9t \u00e9s hat\u00e1sos megold\u00e1s. A csomag tartalma 20darab.\" \/>\n<meta property=\"og:url\" content=\"https:\/\/tajkertesz.com\/en_US\/product\/nortene-fixatex-rogzito-kapocs-20db-zold\/\" \/>\n<meta property=\"og:site_name\" content=\"T\u00e1jkert\u00e9sz\" \/>\n<meta property=\"article:publisher\" content=\"https:\/\/www.facebook.com\/Tajkertesz\/\" \/>\n<meta property=\"article:modified_time\" content=\"2025-01-19T07:15:04+00:00\" \/>\n<meta property=\"og:image\" content=\"https:\/\/tajkertesz.com\/wp-content\/uploads\/2021\/05\/Fixatex-zold.png\" \/>\n\t<meta property=\"og:image:width\" content=\"511\" \/>\n\t<meta property=\"og:image:height\" content=\"597\" \/>\n\t<meta property=\"og:image:type\" content=\"image\/png\" \/>\n<meta name=\"twitter:card\" content=\"summary_large_image\" \/>\n<meta name=\"twitter:label1\" content=\"Est. reading time\" \/>\n\t<meta name=\"twitter:data1\" content=\"2 minutes\" \/>\n<script type=\"application\/ld+json\" class=\"yoast-schema-graph\">{\"@context\":\"https:\\\/\\\/schema.org\",\"@graph\":[{\"@type\":\"WebPage\",\"@id\":\"https:\\\/\\\/tajkertesz.com\\\/termek\\\/nortene-fixatex-rogzito-kapocs-20db-zold\\\/\",\"url\":\"https:\\\/\\\/tajkertesz.com\\\/termek\\\/nortene-fixatex-rogzito-kapocs-20db-zold\\\/\",\"name\":\"Nortene Fixatex r\u00f6gz\u00edt\u0151 kapocs (20db), Z\u00f6ld - T\u00e1jkert\u00e9sz\",\"isPartOf\":{\"@id\":\"https:\\\/\\\/tajkertesz.com\\\/#website\"},\"primaryImageOfPage\":{\"@id\":\"https:\\\/\\\/tajkertesz.com\\\/termek\\\/nortene-fixatex-rogzito-kapocs-20db-zold\\\/#primaryimage\"},\"image\":{\"@id\":\"https:\\\/\\\/tajkertesz.com\\\/termek\\\/nortene-fixatex-rogzito-kapocs-20db-zold\\\/#primaryimage\"},\"thumbnailUrl\":\"https:\\\/\\\/tajkertesz.com\\\/wp-content\\\/uploads\\\/2021\\\/05\\\/Fixatex-zold.png\",\"datePublished\":\"2021-05-10T09:35:52+00:00\",\"dateModified\":\"2025-01-19T07:15:04+00:00\",\"description\":\"Nortene Fixatex r\u00f6gz\u00edt\u0151 kapocs z\u00f6ld\u00a0sz\u00edn\u0171 sz\u0151tt \u00e1rny\u00e9kol\u00f3 h\u00e1l\u00f3khoz. Diszkr\u00e9t \u00e9s hat\u00e1sos megold\u00e1s. A csomag tartalma 20darab.\",\"breadcrumb\":{\"@id\":\"https:\\\/\\\/tajkertesz.com\\\/termek\\\/nortene-fixatex-rogzito-kapocs-20db-zold\\\/#breadcrumb\"},\"inLanguage\":\"en-US\",\"potentialAction\":[{\"@type\":\"ReadAction\",\"target\":[\"https:\\\/\\\/tajkertesz.com\\\/termek\\\/nortene-fixatex-rogzito-kapocs-20db-zold\\\/\"]}]},{\"@type\":\"ImageObject\",\"inLanguage\":\"en-US\",\"@id\":\"https:\\\/\\\/tajkertesz.com\\\/termek\\\/nortene-fixatex-rogzito-kapocs-20db-zold\\\/#primaryimage\",\"url\":\"https:\\\/\\\/tajkertesz.com\\\/wp-content\\\/uploads\\\/2021\\\/05\\\/Fixatex-zold.png\",\"contentUrl\":\"https:\\\/\\\/tajkertesz.com\\\/wp-content\\\/uploads\\\/2021\\\/05\\\/Fixatex-zold.png\",\"width\":511,\"height\":597},{\"@type\":\"BreadcrumbList\",\"@id\":\"https:\\\/\\\/tajkertesz.com\\\/termek\\\/nortene-fixatex-rogzito-kapocs-20db-zold\\\/#breadcrumb\",\"itemListElement\":[{\"@type\":\"ListItem\",\"position\":1,\"name\":\"Home\",\"item\":\"https:\\\/\\\/tajkertesz.com\\\/\"},{\"@type\":\"ListItem\",\"position\":2,\"name\":\"Kezd\u0151lap\",\"item\":\"https:\\\/\\\/tajkertesz.com\\\/\"},{\"@type\":\"ListItem\",\"position\":3,\"name\":\"Nortene Fixatex r\u00f6gz\u00edt\u0151 kapocs (20db), Z\u00f6ld\"}]},{\"@type\":\"WebSite\",\"@id\":\"https:\\\/\\\/tajkertesz.com\\\/#website\",\"url\":\"https:\\\/\\\/tajkertesz.com\\\/\",\"name\":\"T\u00e1j-Kert\u00e9sz 84 Kft.\",\"description\":\"Kert\u00e9szeti kis- \u00e9s nagykeresked\u00e9s, D\u00edszn\u00f6v\u00e9ny web\u00e1ruh\u00e1z orsz\u00e1gos h\u00e1zhozsz\u00e1ll\u00edt\u00e1ssal!\",\"publisher\":{\"@id\":\"https:\\\/\\\/tajkertesz.com\\\/#organization\"},\"potentialAction\":[{\"@type\":\"SearchAction\",\"target\":{\"@type\":\"EntryPoint\",\"urlTemplate\":\"https:\\\/\\\/tajkertesz.com\\\/?s={search_term_string}\"},\"query-input\":{\"@type\":\"PropertyValueSpecification\",\"valueRequired\":true,\"valueName\":\"search_term_string\"}}],\"inLanguage\":\"en-US\"},{\"@type\":\"Organization\",\"@id\":\"https:\\\/\\\/tajkertesz.com\\\/#organization\",\"name\":\"T\u00e1j-Kert\u00e9sz 84 Kft.\",\"url\":\"https:\\\/\\\/tajkertesz.com\\\/\",\"logo\":{\"@type\":\"ImageObject\",\"inLanguage\":\"en-US\",\"@id\":\"https:\\\/\\\/tajkertesz.com\\\/#\\\/schema\\\/logo\\\/image\\\/\",\"url\":\"https:\\\/\\\/tajkertesz.com\\\/wp-content\\\/uploads\\\/2018\\\/02\\\/logo-2-e1518678052539.png\",\"contentUrl\":\"https:\\\/\\\/tajkertesz.com\\\/wp-content\\\/uploads\\\/2018\\\/02\\\/logo-2-e1518678052539.png\",\"width\":81,\"height\":140,\"caption\":\"T\u00e1j-Kert\u00e9sz 84 Kft.\"},\"image\":{\"@id\":\"https:\\\/\\\/tajkertesz.com\\\/#\\\/schema\\\/logo\\\/image\\\/\"},\"sameAs\":[\"https:\\\/\\\/www.facebook.com\\\/Tajkertesz\\\/\"]}]}<\/script>\n<!-- \/ Yoast SEO plugin. -->","yoast_head_json":{"title":"Nortene Fixatex r\u00f6gz\u00edt\u0151 kapocs (20db), Z\u00f6ld - T\u00e1jkert\u00e9sz","description":"Nortene Fixatex r\u00f6gz\u00edt\u0151 kapocs z\u00f6ld\u00a0sz\u00edn\u0171 sz\u0151tt \u00e1rny\u00e9kol\u00f3 h\u00e1l\u00f3khoz. Diszkr\u00e9t \u00e9s hat\u00e1sos megold\u00e1s. A csomag tartalma 20darab.","robots":{"index":"index","follow":"follow","max-snippet":"max-snippet:-1","max-image-preview":"max-image-preview:large","max-video-preview":"max-video-preview:-1"},"canonical":"https:\/\/tajkertesz.com\/en_US\/product\/nortene-fixatex-rogzito-kapocs-20db-zold\/","og_locale":"en_US","og_type":"article","og_title":"Nortene Fixatex r\u00f6gz\u00edt\u0151 kapocs (20db), Z\u00f6ld - T\u00e1jkert\u00e9sz","og_description":"Nortene Fixatex r\u00f6gz\u00edt\u0151 kapocs z\u00f6ld\u00a0sz\u00edn\u0171 sz\u0151tt \u00e1rny\u00e9kol\u00f3 h\u00e1l\u00f3khoz. Diszkr\u00e9t \u00e9s hat\u00e1sos megold\u00e1s. A csomag tartalma 20darab.","og_url":"https:\/\/tajkertesz.com\/en_US\/product\/nortene-fixatex-rogzito-kapocs-20db-zold\/","og_site_name":"T\u00e1jkert\u00e9sz","article_publisher":"https:\/\/www.facebook.com\/Tajkertesz\/","article_modified_time":"2025-01-19T07:15:04+00:00","og_image":[{"width":511,"height":597,"url":"https:\/\/tajkertesz.com\/wp-content\/uploads\/2021\/05\/Fixatex-zold.png","type":"image\/png"}],"twitter_card":"summary_large_image","twitter_misc":{"Est. reading time":"2 minutes"},"schema":{"@context":"https:\/\/schema.org","@graph":[{"@type":"WebPage","@id":"https:\/\/tajkertesz.com\/termek\/nortene-fixatex-rogzito-kapocs-20db-zold\/","url":"https:\/\/tajkertesz.com\/termek\/nortene-fixatex-rogzito-kapocs-20db-zold\/","name":"Nortene Fixatex r\u00f6gz\u00edt\u0151 kapocs (20db), Z\u00f6ld - T\u00e1jkert\u00e9sz","isPartOf":{"@id":"https:\/\/tajkertesz.com\/#website"},"primaryImageOfPage":{"@id":"https:\/\/tajkertesz.com\/termek\/nortene-fixatex-rogzito-kapocs-20db-zold\/#primaryimage"},"image":{"@id":"https:\/\/tajkertesz.com\/termek\/nortene-fixatex-rogzito-kapocs-20db-zold\/#primaryimage"},"thumbnailUrl":"https:\/\/tajkertesz.com\/wp-content\/uploads\/2021\/05\/Fixatex-zold.png","datePublished":"2021-05-10T09:35:52+00:00","dateModified":"2025-01-19T07:15:04+00:00","description":"Nortene Fixatex r\u00f6gz\u00edt\u0151 kapocs z\u00f6ld\u00a0sz\u00edn\u0171 sz\u0151tt \u00e1rny\u00e9kol\u00f3 h\u00e1l\u00f3khoz. Diszkr\u00e9t \u00e9s hat\u00e1sos megold\u00e1s. A csomag tartalma 20darab.","breadcrumb":{"@id":"https:\/\/tajkertesz.com\/termek\/nortene-fixatex-rogzito-kapocs-20db-zold\/#breadcrumb"},"inLanguage":"en-US","potentialAction":[{"@type":"ReadAction","target":["https:\/\/tajkertesz.com\/termek\/nortene-fixatex-rogzito-kapocs-20db-zold\/"]}]},{"@type":"ImageObject","inLanguage":"en-US","@id":"https:\/\/tajkertesz.com\/termek\/nortene-fixatex-rogzito-kapocs-20db-zold\/#primaryimage","url":"https:\/\/tajkertesz.com\/wp-content\/uploads\/2021\/05\/Fixatex-zold.png","contentUrl":"https:\/\/tajkertesz.com\/wp-content\/uploads\/2021\/05\/Fixatex-zold.png","width":511,"height":597},{"@type":"BreadcrumbList","@id":"https:\/\/tajkertesz.com\/termek\/nortene-fixatex-rogzito-kapocs-20db-zold\/#breadcrumb","itemListElement":[{"@type":"ListItem","position":1,"name":"Home","item":"https:\/\/tajkertesz.com\/"},{"@type":"ListItem","position":2,"name":"Kezd\u0151lap","item":"https:\/\/tajkertesz.com\/"},{"@type":"ListItem","position":3,"name":"Nortene Fixatex r\u00f6gz\u00edt\u0151 kapocs (20db), Z\u00f6ld"}]},{"@type":"WebSite","@id":"https:\/\/tajkertesz.com\/#website","url":"https:\/\/tajkertesz.com\/","name":"T\u00e1j-Kert\u00e9sz 84 Kft.","description":"Kert\u00e9szeti kis- \u00e9s nagykeresked\u00e9s, D\u00edszn\u00f6v\u00e9ny web\u00e1ruh\u00e1z orsz\u00e1gos h\u00e1zhozsz\u00e1ll\u00edt\u00e1ssal!","publisher":{"@id":"https:\/\/tajkertesz.com\/#organization"},"potentialAction":[{"@type":"SearchAction","target":{"@type":"EntryPoint","urlTemplate":"https:\/\/tajkertesz.com\/?s={search_term_string}"},"query-input":{"@type":"PropertyValueSpecification","valueRequired":true,"valueName":"search_term_string"}}],"inLanguage":"en-US"},{"@type":"Organization","@id":"https:\/\/tajkertesz.com\/#organization","name":"T\u00e1j-Kert\u00e9sz 84 Kft.","url":"https:\/\/tajkertesz.com\/","logo":{"@type":"ImageObject","inLanguage":"en-US","@id":"https:\/\/tajkertesz.com\/#\/schema\/logo\/image\/","url":"https:\/\/tajkertesz.com\/wp-content\/uploads\/2018\/02\/logo-2-e1518678052539.png","contentUrl":"https:\/\/tajkertesz.com\/wp-content\/uploads\/2018\/02\/logo-2-e1518678052539.png","width":81,"height":140,"caption":"T\u00e1j-Kert\u00e9sz 84 Kft."},"image":{"@id":"https:\/\/tajkertesz.com\/#\/schema\/logo\/image\/"},"sameAs":["https:\/\/www.facebook.com\/Tajkertesz\/"]}]}},"_links":{"self":[{"href":"https:\/\/tajkertesz.com\/en_US\/wp-json\/wp\/v2\/product\/4428","targetHints":{"allow":["GET"]}}],"collection":[{"href":"https:\/\/tajkertesz.com\/en_US\/wp-json\/wp\/v2\/product"}],"about":[{"href":"https:\/\/tajkertesz.com\/en_US\/wp-json\/wp\/v2\/types\/product"}],"wp:featuredmedia":[{"embeddable":true,"href":"https:\/\/tajkertesz.com\/en_US\/wp-json\/wp\/v2\/media\/13196"}],"wp:attachment":[{"href":"https:\/\/tajkertesz.com\/en_US\/wp-json\/wp\/v2\/media?parent=4428"}],"wp:term":[{"taxonomy":"product_brand","embeddable":true,"href":"https:\/\/tajkertesz.com\/en_US\/wp-json\/wp\/v2\/product_brand?post=4428"},{"taxonomy":"product_cat","embeddable":true,"href":"https:\/\/tajkertesz.com\/en_US\/wp-json\/wp\/v2\/product_cat?post=4428"},{"taxonomy":"product_tag","embeddable":true,"href":"https:\/\/tajkertesz.com\/en_US\/wp-json\/wp\/v2\/product_tag?post=4428"}],"curies":[{"name":"wp","href":"https:\/\/api.w.org\/{rel}","templated":true}]}}