{"id":4430,"date":"2021-05-10T09:39:27","date_gmt":"2021-05-10T09:39:27","guid":{"rendered":"https:\/\/tajkertesz.com\/?post_type=product&#038;p=4430"},"modified":"2026-02-24T11:39:45","modified_gmt":"2026-02-24T11:39:45","slug":"nortene-fixsol-femkapocs-17-cm-10db-csomag","status":"publish","type":"product","link":"https:\/\/tajkertesz.com\/en_US\/product\/nortene-fixsol-femkapocs-17-cm-10db-csomag\/","title":{"rendered":"Nortene Fixsol f\u00e9mkapocs, 17 cm, &#8211; 10db\/csomag"},"content":{"rendered":"<h1 class=\"page-head-title product-page-head-title position-relative\"><span class=\"product-page-product-name\">Nortene Fixsol f\u00e9mkapocs, 17 cm, &#8211; 10db\/csomag<\/span><\/h1>\n<p class=\"page-head-title product-page-head-title position-relative\"><span class=\"product-page-product-name\">Nortene Fixsol f\u00e9mkapocs, 17 cm, &#8211; 10db\/csomag <\/span>10 db kism\u00e9ret\u0171 f\u00e9mkapocs m\u0171f\u00fcvek ler\u00f6gz\u00edt\u00e9s\u00e9hez.<\/p>\n<p>&nbsp;<\/p>\n<p>T\u00f6k\u00e9letes megold\u00e1s az h\u00e1l\u00f3k r\u00f6gz\u00edt\u00e9s\u00e9hez. N\u00e9zze meg a t\u00f6bbi term\u00e9keinket is, bel\u00e1t\u00e1sg\u00e1tl\u00f3kb\u00f3l is sz\u00e9les v\u00e1laszt\u00e9kunk van.<\/p>\n<p style=\"line-height: 18.0pt; background: white; margin: 0cm 0cm 15.0pt 0cm;\"><b><span style=\"font-family: 'Ubuntu',serif; color: black;\">K\u00e9szlet\u00fcnk napi szinten v\u00e1ltozik, ez\u00e9rt k\u00e9rj\u00fck, \u00e9rdekl\u0151dj\u00f6n szem\u00e9lyesen, telefonon vagy email-en.<br \/>\nA v\u00e1ltoztat\u00e1s jog\u00e1t fenntartjuk!\u00a0<\/span><\/b><\/p>\n<p><a href=\"https:\/\/tajkertesz.com\/\">https:\/\/tajkertesz.com\/<\/a><\/p>\n<p><a href=\"https:\/\/www.nortene.hu\/\">https:\/\/www.nortene.hu\/<\/a><\/p>\n<p><span style=\"color: #ffffff;\"><a class=\"new\" style=\"color: #ffffff;\" title=\"Kert\u00e9szet (a lap nem l\u00e9tezik)\" href=\"https:\/\/hu.wikipedia.org\/w\/index.php?title=Kert%C3%A9szet&amp;action=edit&amp;redlink=1\">Kert\u00e9szettel<\/a>\u00a0kapcsolatban az\u00a0<b>\u00e1gy\u00e1s<\/b>\u00a0jelent\u00e9se egy fel\u00e1sott, \u00e1ltal\u00e1ban\u00a0<a style=\"color: #ffffff;\" title=\"T\u00e9glalap\" href=\"https:\/\/hu.wikipedia.org\/wiki\/T%C3%A9glalap\">t\u00e9glalap<\/a>\u00a0alak\u00fa f\u00f6ldter\u00fclet, amibe a\u00a0<a style=\"color: #ffffff;\" title=\"Kert\u00e9sz (foglalkoz\u00e1s)\" href=\"https:\/\/hu.wikipedia.org\/wiki\/Kert%C3%A9sz_(foglalkoz%C3%A1s)\">kert\u00e9sz<\/a>\u00a0a\u00a0<a style=\"color: #ffffff;\" title=\"Mag\" href=\"https:\/\/hu.wikipedia.org\/wiki\/Mag\">magokat<\/a>,\u00a0<a class=\"new\" style=\"color: #ffffff;\" title=\"Pal\u00e1nta (a lap nem l\u00e9tezik)\" href=\"https:\/\/hu.wikipedia.org\/w\/index.php?title=Pal%C3%A1nta&amp;action=edit&amp;redlink=1\">pal\u00e1nt\u00e1kat<\/a>\u00a0\u00fclteti. Egy \u00e1gy\u00e1s el\u0151k\u00e9sz\u00edt\u00e9se \u00e1ltal\u00e1ban a f\u00f6ld felt\u00f6r\u00e9s\u00e9vel kezd\u0151dik, azaz a f\u00f6ldet\u00a0<a class=\"new\" style=\"color: #ffffff;\" title=\"\u00c1s\u00f3val (a lap nem l\u00e9tezik)\" href=\"https:\/\/hu.wikipedia.org\/w\/index.php?title=%C3%81s%C3%B3val&amp;action=edit&amp;redlink=1\">\u00e1s\u00f3val<\/a>\u00a0fel kell \u00e1sni. A\u00a0<a style=\"color: #ffffff;\" title=\"Talaj\" href=\"https:\/\/hu.wikipedia.org\/wiki\/Talaj\">talaj<\/a>\u00a0t\u00edpus\u00e1t\u00f3l f\u00fcgg\u0151en ezut\u00e1n\u00a0<a style=\"color: #ffffff;\" title=\"Kapa\" href=\"https:\/\/hu.wikipedia.org\/wiki\/Kapa\">kap\u00e1val<\/a>,\u00a0<a style=\"color: #ffffff;\" title=\"Gereblye\" href=\"https:\/\/hu.wikipedia.org\/wiki\/Gereblye\">gerebly\u00e9vel<\/a>\u00a0a r\u00f6g\u00f6ket min\u00e9l apr\u00f3bbra kell t\u00f6rni, ez f\u0151leg magvet\u00e9sn\u00e9l fontos. \u00c1gy\u00e1sok,\u00a0<a class=\"new\" style=\"color: #ffffff;\" title=\"Vir\u00e1g\u00e1gy\u00e1s (a lap nem l\u00e9tezik)\" href=\"https:\/\/hu.wikipedia.org\/w\/index.php?title=Vir%C3%A1g%C3%A1gy%C3%A1s&amp;action=edit&amp;redlink=1\">vir\u00e1g\u00e1gy\u00e1sok<\/a>\u00a0tal\u00e1lhat\u00f3k a h\u00e1zikertekben \u00e9s hivat\u00e1sos kert\u00e9szetekben is. Egy \u00e1tlagos \u00e1gy\u00e1s m\u00e9rete 1-1,5 m\u00e9ter sz\u00e9les \u00e9s t\u00f6bb m\u00e9ter hossz\u00fa.<\/span><\/p>\n<p><span style=\"color: #ffffff;\">Az \u00e1gy\u00e1sokban t\u00f6bbf\u00e9le m\u00f3don lehet n\u00f6v\u00e9nyt termeszteni. L\u00e9tezik\u00a0<a class=\"new\" style=\"color: #ffffff;\" title=\"Monokult\u00far\u00e1s n\u00f6v\u00e9nytermeszt\u00e9s (a lap nem l\u00e9tezik)\" href=\"https:\/\/hu.wikipedia.org\/w\/index.php?title=Monokult%C3%BAr%C3%A1s_n%C3%B6v%C3%A9nytermeszt%C3%A9s&amp;action=edit&amp;redlink=1\">monokult\u00far\u00e1s n\u00f6v\u00e9nytermeszt\u00e9s<\/a>, ilyenkor egyf\u00e9le magot\/n\u00f6v\u00e9nyt vetnek egy \u00e1gy\u00e1sba.\u00a0<a class=\"new\" style=\"color: #ffffff;\" title=\"T\u00f6bbkult\u00far\u00e1s n\u00f6v\u00e9nytermeszt\u00e9s (a lap nem l\u00e9tezik)\" href=\"https:\/\/hu.wikipedia.org\/w\/index.php?title=T%C3%B6bbkult%C3%BAr%C3%A1s_n%C3%B6v%C3%A9nytermeszt%C3%A9s&amp;action=edit&amp;redlink=1\">T\u00f6bbkult\u00far\u00e1s n\u00f6v\u00e9nytermeszt\u00e9sr\u0151l<\/a>\u00a0akkor besz\u00e9l\u00fcnk, mikor egy \u00e1gy\u00e1sba t\u00f6bbf\u00e9le magot vetnek. Az egym\u00e1s mell\u00e9 vetett n\u00f6v\u00e9nyek j\u00f3 esetben kieg\u00e9sz\u00edtik egym\u00e1st, p\u00e9ld\u00e1ul a\u00a0<a class=\"mw-redirect mw-disambig\" style=\"color: #ffffff;\" title=\"Szam\u00f3ca\" href=\"https:\/\/hu.wikipedia.org\/wiki\/Szam%C3%B3ca\">szam\u00f3ca<\/a>\u00a0k\u00f6z\u00e9 \u00fcltetett\u00a0<a class=\"mw-redirect\" style=\"color: #ffffff;\" title=\"\" href=\"https:\/\/hu.wikipedia.org\/wiki\/Hagymaf%C3%A9l%C3%A9k\">hagymaf\u00e9l\u00e9k<\/a>\u00a0meg\u00f3vj\u00e1k a szam\u00f3ca gy\u00f6k\u00e9rzet\u00e9t \u00e9s term\u00e9s\u00e9t a pen\u00e9szt\u0151l.<\/span><\/p>\n<p><span style=\"color: #ffffff;\">Az \u00e1gy\u00e1sokn\u00e1l fontos szempont a n\u00f6v\u00e9nyek t\u00e1panyagig\u00e9nye. \u00c9rdemes ut\u00e1nan\u00e9zni, hogy az egyes n\u00f6v\u00e9nyek milyen t\u00e1panyagokat ig\u00e9nyelnek, \u00e9s ennek megfelel\u0151en\u00a0<a style=\"color: #ffffff;\" title=\"Tr\u00e1gya\" href=\"https:\/\/hu.wikipedia.org\/wiki\/Tr%C3%A1gya\">tr\u00e1gy\u00e1zni<\/a>. Egyes n\u00f6v\u00e9nyeknek magas a t\u00e1panyagig\u00e9nye, ezeket nem j\u00f3 egym\u00e1s ut\u00e1n egy \u00e1gy\u00e1sba \u00fcltetni. A\u00a0<a style=\"color: #ffffff;\" title=\"Vet\u00e9sforg\u00f3\" href=\"https:\/\/hu.wikipedia.org\/wiki\/Vet%C3%A9sforg%C3%B3\">vet\u00e9sforg\u00f3s<\/a>\u00a0f\u00f6ldm\u0171vel\u00e9s l\u00e9nyege, hogy figyelembe veszi a f\u00f6ld regener\u00e1l\u00f3d\u00e1s\u00e1t, \u00e9s olyan n\u00f6v\u00e9nyeket \u00fcltet az egym\u00e1st k\u00f6vet\u0151 \u00e9vekben, amelyeknek t\u00e1panyagig\u00e9nye \u00e9s az ut\u00e1nuk marad\u00f3 n\u00f6v\u00e9nymaradv\u00e1nyok kieg\u00e9sz\u00edtik egym\u00e1st.<\/span><\/p>\n<p><span style=\"color: #ffffff;\">B\u00e1r a legt\u00f6bb \u00e1gy\u00e1s t\u00e9glalap alak\u00fa, lehet k\u00f6r alak\u00fa \u00e1gy\u00e1sokat is telep\u00edteni. Mind a t\u00e9glalap mind a k\u00f6r alak\u00fa \u00e1gy\u00e1sok kiemelkedhetnek a s\u00edkb\u00f3l, egyfajta dombokat alkotva, p\u00e9ld\u00e1ul\u00a0<a class=\"mw-redirect\" style=\"color: #ffffff;\" title=\"Krumpli\" href=\"https:\/\/hu.wikipedia.org\/wiki\/Krumpli\">krumplit<\/a>\u00a0vagy\u00a0<a class=\"mw-redirect\" style=\"color: #ffffff;\" title=\"Sp\u00e1rga (n\u00f6v\u00e9ny)\" href=\"https:\/\/hu.wikipedia.org\/wiki\/Sp%C3%A1rga_(n%C3%B6v%C3%A9ny)\">sp\u00e1rg\u00e1t<\/a>\u00a0szoktak \u00edgy termeszteni.<\/span><\/p>","protected":false},"excerpt":{"rendered":"<h1 class=\"page-head-title product-page-head-title position-relative\"><span class=\"product-page-product-name\">Nortene Fixsol f\u00e9mkapocs, 17 cm, &#8211; 10db\/csomag<\/span><\/h1>\n<p class=\"page-head-title product-page-head-title position-relative\"><span class=\"product-page-product-name\">Nortene Fixsol f\u00e9mkapocs, 17 cm, &#8211; 10db\/csomag <\/span>10 db kism\u00e9ret\u0171 f\u00e9mkapocs m\u0171f\u00fcvek ler\u00f6gz\u00edt\u00e9s\u00e9hez.<\/p>","protected":false},"featured_media":4431,"template":"","meta":{"_et_pb_use_builder":"","_et_pb_old_content":"","_et_gb_content_width":""},"product_brand":[],"product_cat":[1574],"product_tag":[1500,1089,1088],"class_list":{"0":"post-4430","1":"product","2":"type-product","3":"status-publish","4":"has-post-thumbnail","6":"product_cat-foliak-geotextiliak-vakondhalok-talajtakaro-anyagok","7":"product_tag-fem","8":"product_tag-kapocs","9":"product_tag-rogzito","11":"first","12":"instock","13":"shipping-taxable","14":"purchasable","15":"product-type-simple"},"yoast_head":"<!-- This site is optimized with the Yoast SEO plugin v27.3 - https:\/\/yoast.com\/product\/yoast-seo-wordpress\/ -->\n<title>Nortene Fixsol f\u00e9mkapocs, 17 cm, - 10db\/csomag - T\u00e1jkert\u00e9sz<\/title>\n<meta name=\"description\" content=\"Nortene Fixsol f\u00e9mkapocs, 17 cm, 10 db kism\u00e9ret\u0171 f\u00e9mkapocs m\u0171f\u0171 ler\u00f6gz\u00edt\u00e9s\u00e9hez.\" \/>\n<meta name=\"robots\" content=\"index, follow, max-snippet:-1, max-image-preview:large, max-video-preview:-1\" \/>\n<link rel=\"canonical\" href=\"https:\/\/tajkertesz.com\/en_US\/product\/nortene-fixsol-femkapocs-17-cm-10db-csomag\/\" \/>\n<meta property=\"og:locale\" content=\"en_US\" \/>\n<meta property=\"og:type\" content=\"article\" \/>\n<meta property=\"og:title\" content=\"Nortene Fixsol f\u00e9mkapocs, 17 cm, - 10db\/csomag - T\u00e1jkert\u00e9sz\" \/>\n<meta property=\"og:description\" content=\"Nortene Fixsol f\u00e9mkapocs, 17 cm, 10 db kism\u00e9ret\u0171 f\u00e9mkapocs m\u0171f\u0171 ler\u00f6gz\u00edt\u00e9s\u00e9hez.\" \/>\n<meta property=\"og:url\" content=\"https:\/\/tajkertesz.com\/en_US\/product\/nortene-fixsol-femkapocs-17-cm-10db-csomag\/\" \/>\n<meta property=\"og:site_name\" content=\"T\u00e1jkert\u00e9sz\" \/>\n<meta property=\"article:publisher\" content=\"https:\/\/www.facebook.com\/Tajkertesz\/\" \/>\n<meta property=\"article:modified_time\" content=\"2026-02-24T11:39:45+00:00\" \/>\n<meta property=\"og:image\" content=\"https:\/\/tajkertesz.com\/wp-content\/uploads\/2021\/05\/agrafes-fixsol-metal-plastifie-vert-3-5-x-17-cm-lot-de-10.jpg\" \/>\n\t<meta property=\"og:image:width\" content=\"900\" \/>\n\t<meta property=\"og:image:height\" content=\"900\" \/>\n\t<meta property=\"og:image:type\" content=\"image\/jpeg\" \/>\n<meta name=\"twitter:card\" content=\"summary_large_image\" \/>\n<meta name=\"twitter:label1\" content=\"Est. reading time\" \/>\n\t<meta name=\"twitter:data1\" content=\"2 minutes\" \/>\n<script type=\"application\/ld+json\" class=\"yoast-schema-graph\">{\"@context\":\"https:\\\/\\\/schema.org\",\"@graph\":[{\"@type\":\"WebPage\",\"@id\":\"https:\\\/\\\/tajkertesz.com\\\/termek\\\/nortene-fixsol-femkapocs-17-cm-10db-csomag\\\/\",\"url\":\"https:\\\/\\\/tajkertesz.com\\\/termek\\\/nortene-fixsol-femkapocs-17-cm-10db-csomag\\\/\",\"name\":\"Nortene Fixsol f\u00e9mkapocs, 17 cm, - 10db\\\/csomag - T\u00e1jkert\u00e9sz\",\"isPartOf\":{\"@id\":\"https:\\\/\\\/tajkertesz.com\\\/#website\"},\"primaryImageOfPage\":{\"@id\":\"https:\\\/\\\/tajkertesz.com\\\/termek\\\/nortene-fixsol-femkapocs-17-cm-10db-csomag\\\/#primaryimage\"},\"image\":{\"@id\":\"https:\\\/\\\/tajkertesz.com\\\/termek\\\/nortene-fixsol-femkapocs-17-cm-10db-csomag\\\/#primaryimage\"},\"thumbnailUrl\":\"https:\\\/\\\/tajkertesz.com\\\/wp-content\\\/uploads\\\/2021\\\/05\\\/agrafes-fixsol-metal-plastifie-vert-3-5-x-17-cm-lot-de-10.jpg\",\"datePublished\":\"2021-05-10T09:39:27+00:00\",\"dateModified\":\"2026-02-24T11:39:45+00:00\",\"description\":\"Nortene Fixsol f\u00e9mkapocs, 17 cm, 10 db kism\u00e9ret\u0171 f\u00e9mkapocs m\u0171f\u0171 ler\u00f6gz\u00edt\u00e9s\u00e9hez.\",\"breadcrumb\":{\"@id\":\"https:\\\/\\\/tajkertesz.com\\\/termek\\\/nortene-fixsol-femkapocs-17-cm-10db-csomag\\\/#breadcrumb\"},\"inLanguage\":\"en-US\",\"potentialAction\":[{\"@type\":\"ReadAction\",\"target\":[\"https:\\\/\\\/tajkertesz.com\\\/termek\\\/nortene-fixsol-femkapocs-17-cm-10db-csomag\\\/\"]}]},{\"@type\":\"ImageObject\",\"inLanguage\":\"en-US\",\"@id\":\"https:\\\/\\\/tajkertesz.com\\\/termek\\\/nortene-fixsol-femkapocs-17-cm-10db-csomag\\\/#primaryimage\",\"url\":\"https:\\\/\\\/tajkertesz.com\\\/wp-content\\\/uploads\\\/2021\\\/05\\\/agrafes-fixsol-metal-plastifie-vert-3-5-x-17-cm-lot-de-10.jpg\",\"contentUrl\":\"https:\\\/\\\/tajkertesz.com\\\/wp-content\\\/uploads\\\/2021\\\/05\\\/agrafes-fixsol-metal-plastifie-vert-3-5-x-17-cm-lot-de-10.jpg\",\"width\":900,\"height\":900},{\"@type\":\"BreadcrumbList\",\"@id\":\"https:\\\/\\\/tajkertesz.com\\\/termek\\\/nortene-fixsol-femkapocs-17-cm-10db-csomag\\\/#breadcrumb\",\"itemListElement\":[{\"@type\":\"ListItem\",\"position\":1,\"name\":\"Home\",\"item\":\"https:\\\/\\\/tajkertesz.com\\\/\"},{\"@type\":\"ListItem\",\"position\":2,\"name\":\"Kezd\u0151lap\",\"item\":\"https:\\\/\\\/tajkertesz.com\\\/\"},{\"@type\":\"ListItem\",\"position\":3,\"name\":\"Nortene Fixsol f\u00e9mkapocs, 17 cm, &#8211; 10db\\\/csomag\"}]},{\"@type\":\"WebSite\",\"@id\":\"https:\\\/\\\/tajkertesz.com\\\/#website\",\"url\":\"https:\\\/\\\/tajkertesz.com\\\/\",\"name\":\"T\u00e1j-Kert\u00e9sz 84 Kft.\",\"description\":\"Kert\u00e9szeti kis- \u00e9s nagykeresked\u00e9s, D\u00edszn\u00f6v\u00e9ny web\u00e1ruh\u00e1z orsz\u00e1gos h\u00e1zhozsz\u00e1ll\u00edt\u00e1ssal!\",\"publisher\":{\"@id\":\"https:\\\/\\\/tajkertesz.com\\\/#organization\"},\"potentialAction\":[{\"@type\":\"SearchAction\",\"target\":{\"@type\":\"EntryPoint\",\"urlTemplate\":\"https:\\\/\\\/tajkertesz.com\\\/?s={search_term_string}\"},\"query-input\":{\"@type\":\"PropertyValueSpecification\",\"valueRequired\":true,\"valueName\":\"search_term_string\"}}],\"inLanguage\":\"en-US\"},{\"@type\":\"Organization\",\"@id\":\"https:\\\/\\\/tajkertesz.com\\\/#organization\",\"name\":\"T\u00e1j-Kert\u00e9sz 84 Kft.\",\"url\":\"https:\\\/\\\/tajkertesz.com\\\/\",\"logo\":{\"@type\":\"ImageObject\",\"inLanguage\":\"en-US\",\"@id\":\"https:\\\/\\\/tajkertesz.com\\\/#\\\/schema\\\/logo\\\/image\\\/\",\"url\":\"https:\\\/\\\/tajkertesz.com\\\/wp-content\\\/uploads\\\/2018\\\/02\\\/logo-2-e1518678052539.png\",\"contentUrl\":\"https:\\\/\\\/tajkertesz.com\\\/wp-content\\\/uploads\\\/2018\\\/02\\\/logo-2-e1518678052539.png\",\"width\":81,\"height\":140,\"caption\":\"T\u00e1j-Kert\u00e9sz 84 Kft.\"},\"image\":{\"@id\":\"https:\\\/\\\/tajkertesz.com\\\/#\\\/schema\\\/logo\\\/image\\\/\"},\"sameAs\":[\"https:\\\/\\\/www.facebook.com\\\/Tajkertesz\\\/\"]}]}<\/script>\n<!-- \/ Yoast SEO plugin. -->","yoast_head_json":{"title":"Nortene Fixsol f\u00e9mkapocs, 17 cm, - 10db\/csomag - T\u00e1jkert\u00e9sz","description":"Nortene Fixsol f\u00e9mkapocs, 17 cm, 10 db kism\u00e9ret\u0171 f\u00e9mkapocs m\u0171f\u0171 ler\u00f6gz\u00edt\u00e9s\u00e9hez.","robots":{"index":"index","follow":"follow","max-snippet":"max-snippet:-1","max-image-preview":"max-image-preview:large","max-video-preview":"max-video-preview:-1"},"canonical":"https:\/\/tajkertesz.com\/en_US\/product\/nortene-fixsol-femkapocs-17-cm-10db-csomag\/","og_locale":"en_US","og_type":"article","og_title":"Nortene Fixsol f\u00e9mkapocs, 17 cm, - 10db\/csomag - T\u00e1jkert\u00e9sz","og_description":"Nortene Fixsol f\u00e9mkapocs, 17 cm, 10 db kism\u00e9ret\u0171 f\u00e9mkapocs m\u0171f\u0171 ler\u00f6gz\u00edt\u00e9s\u00e9hez.","og_url":"https:\/\/tajkertesz.com\/en_US\/product\/nortene-fixsol-femkapocs-17-cm-10db-csomag\/","og_site_name":"T\u00e1jkert\u00e9sz","article_publisher":"https:\/\/www.facebook.com\/Tajkertesz\/","article_modified_time":"2026-02-24T11:39:45+00:00","og_image":[{"width":900,"height":900,"url":"https:\/\/tajkertesz.com\/wp-content\/uploads\/2021\/05\/agrafes-fixsol-metal-plastifie-vert-3-5-x-17-cm-lot-de-10.jpg","type":"image\/jpeg"}],"twitter_card":"summary_large_image","twitter_misc":{"Est. reading time":"2 minutes"},"schema":{"@context":"https:\/\/schema.org","@graph":[{"@type":"WebPage","@id":"https:\/\/tajkertesz.com\/termek\/nortene-fixsol-femkapocs-17-cm-10db-csomag\/","url":"https:\/\/tajkertesz.com\/termek\/nortene-fixsol-femkapocs-17-cm-10db-csomag\/","name":"Nortene Fixsol f\u00e9mkapocs, 17 cm, - 10db\/csomag - T\u00e1jkert\u00e9sz","isPartOf":{"@id":"https:\/\/tajkertesz.com\/#website"},"primaryImageOfPage":{"@id":"https:\/\/tajkertesz.com\/termek\/nortene-fixsol-femkapocs-17-cm-10db-csomag\/#primaryimage"},"image":{"@id":"https:\/\/tajkertesz.com\/termek\/nortene-fixsol-femkapocs-17-cm-10db-csomag\/#primaryimage"},"thumbnailUrl":"https:\/\/tajkertesz.com\/wp-content\/uploads\/2021\/05\/agrafes-fixsol-metal-plastifie-vert-3-5-x-17-cm-lot-de-10.jpg","datePublished":"2021-05-10T09:39:27+00:00","dateModified":"2026-02-24T11:39:45+00:00","description":"Nortene Fixsol f\u00e9mkapocs, 17 cm, 10 db kism\u00e9ret\u0171 f\u00e9mkapocs m\u0171f\u0171 ler\u00f6gz\u00edt\u00e9s\u00e9hez.","breadcrumb":{"@id":"https:\/\/tajkertesz.com\/termek\/nortene-fixsol-femkapocs-17-cm-10db-csomag\/#breadcrumb"},"inLanguage":"en-US","potentialAction":[{"@type":"ReadAction","target":["https:\/\/tajkertesz.com\/termek\/nortene-fixsol-femkapocs-17-cm-10db-csomag\/"]}]},{"@type":"ImageObject","inLanguage":"en-US","@id":"https:\/\/tajkertesz.com\/termek\/nortene-fixsol-femkapocs-17-cm-10db-csomag\/#primaryimage","url":"https:\/\/tajkertesz.com\/wp-content\/uploads\/2021\/05\/agrafes-fixsol-metal-plastifie-vert-3-5-x-17-cm-lot-de-10.jpg","contentUrl":"https:\/\/tajkertesz.com\/wp-content\/uploads\/2021\/05\/agrafes-fixsol-metal-plastifie-vert-3-5-x-17-cm-lot-de-10.jpg","width":900,"height":900},{"@type":"BreadcrumbList","@id":"https:\/\/tajkertesz.com\/termek\/nortene-fixsol-femkapocs-17-cm-10db-csomag\/#breadcrumb","itemListElement":[{"@type":"ListItem","position":1,"name":"Home","item":"https:\/\/tajkertesz.com\/"},{"@type":"ListItem","position":2,"name":"Kezd\u0151lap","item":"https:\/\/tajkertesz.com\/"},{"@type":"ListItem","position":3,"name":"Nortene Fixsol f\u00e9mkapocs, 17 cm, &#8211; 10db\/csomag"}]},{"@type":"WebSite","@id":"https:\/\/tajkertesz.com\/#website","url":"https:\/\/tajkertesz.com\/","name":"T\u00e1j-Kert\u00e9sz 84 Kft.","description":"Kert\u00e9szeti kis- \u00e9s nagykeresked\u00e9s, D\u00edszn\u00f6v\u00e9ny web\u00e1ruh\u00e1z orsz\u00e1gos h\u00e1zhozsz\u00e1ll\u00edt\u00e1ssal!","publisher":{"@id":"https:\/\/tajkertesz.com\/#organization"},"potentialAction":[{"@type":"SearchAction","target":{"@type":"EntryPoint","urlTemplate":"https:\/\/tajkertesz.com\/?s={search_term_string}"},"query-input":{"@type":"PropertyValueSpecification","valueRequired":true,"valueName":"search_term_string"}}],"inLanguage":"en-US"},{"@type":"Organization","@id":"https:\/\/tajkertesz.com\/#organization","name":"T\u00e1j-Kert\u00e9sz 84 Kft.","url":"https:\/\/tajkertesz.com\/","logo":{"@type":"ImageObject","inLanguage":"en-US","@id":"https:\/\/tajkertesz.com\/#\/schema\/logo\/image\/","url":"https:\/\/tajkertesz.com\/wp-content\/uploads\/2018\/02\/logo-2-e1518678052539.png","contentUrl":"https:\/\/tajkertesz.com\/wp-content\/uploads\/2018\/02\/logo-2-e1518678052539.png","width":81,"height":140,"caption":"T\u00e1j-Kert\u00e9sz 84 Kft."},"image":{"@id":"https:\/\/tajkertesz.com\/#\/schema\/logo\/image\/"},"sameAs":["https:\/\/www.facebook.com\/Tajkertesz\/"]}]}},"_links":{"self":[{"href":"https:\/\/tajkertesz.com\/en_US\/wp-json\/wp\/v2\/product\/4430","targetHints":{"allow":["GET"]}}],"collection":[{"href":"https:\/\/tajkertesz.com\/en_US\/wp-json\/wp\/v2\/product"}],"about":[{"href":"https:\/\/tajkertesz.com\/en_US\/wp-json\/wp\/v2\/types\/product"}],"wp:featuredmedia":[{"embeddable":true,"href":"https:\/\/tajkertesz.com\/en_US\/wp-json\/wp\/v2\/media\/4431"}],"wp:attachment":[{"href":"https:\/\/tajkertesz.com\/en_US\/wp-json\/wp\/v2\/media?parent=4430"}],"wp:term":[{"taxonomy":"product_brand","embeddable":true,"href":"https:\/\/tajkertesz.com\/en_US\/wp-json\/wp\/v2\/product_brand?post=4430"},{"taxonomy":"product_cat","embeddable":true,"href":"https:\/\/tajkertesz.com\/en_US\/wp-json\/wp\/v2\/product_cat?post=4430"},{"taxonomy":"product_tag","embeddable":true,"href":"https:\/\/tajkertesz.com\/en_US\/wp-json\/wp\/v2\/product_tag?post=4430"}],"curies":[{"name":"wp","href":"https:\/\/api.w.org\/{rel}","templated":true}]}}