{"id":4445,"date":"2021-05-10T10:10:36","date_gmt":"2021-05-10T10:10:36","guid":{"rendered":"https:\/\/tajkertesz.com\/?post_type=product&#038;p=4445"},"modified":"2025-09-18T07:03:49","modified_gmt":"2025-09-18T07:03:49","slug":"nortene-wintertex-50g-m2-16x10-feher","status":"publish","type":"product","link":"https:\/\/tajkertesz.com\/en_US\/product\/nortene-wintertex-50g-m2-16x10-feher\/","title":{"rendered":"Nortene Wintertex 50g\/m2, 1,6&#215;10, Feh\u00e9r"},"content":{"rendered":"<h1 class=\"page-head-title product-page-head-title position-relative\"><span class=\"product-page-product-name\">Nortene Wintertex 50g\/m2, 1,6&#215;10, Feh\u00e9r<\/span><\/h1>\n<p class=\"page-head-title product-page-head-title position-relative\"><span class=\"product-page-product-name\">Nortene Wintertex 50g\/m2, 1,6&#215;10, Feh\u00e9r 50 g\/m2 PP \u00e1tteleltet\u0151 n\u00f6v\u00e9nytakar\u00f3, nem sz\u0151tt text\u00edlia n\u00f6v\u00e9nyek fagyk\u00e1r elleni v\u00e9delm\u00e9re.<\/span><\/p>\n<h2>T\u00e9li sz\u00f6vetes v\u00e9delem:<\/h2>\n<p>Amint a t\u00e9l els\u0151 jelei megmutatkoznak, a hidegre \u00e9rz\u00e9keny n\u00f6v\u00e9nyeket \u00e9s a k\u00e9nyes f\u00e1kat burkoljuk be \u00e9s tartsuk p\u00e1r fokkal melegebben egy t\u00e9li takar\u00f3 alatt. A k\u00f6nny\u0171 polipropil\u00e9n sz\u00f6vet el\u0151nye, hogy l\u00e9g- \u00e9s v\u00edz\u00e1tereszt\u0151, vagyis az ezzel betakart n\u00f6v\u00e9nyek nem fognak kisz\u00e1radni. Emellett m\u00e9g a f\u00e9nyt is megsz\u0171ri, azaz \u00fcvegh\u00e1zk\u00e9nt viselkedik \u2013 kiv\u00e1l\u00f3 t\u00e9li v\u00e9delem.<\/p>\n<p>A sz\u00f6vettel nem csak a n\u00f6v\u00e9nyeket, de a n\u00f6v\u00e9nyeken fakad\u00f3 r\u00fcgyeket is meg lehet v\u00e9deni a faggyal szemben. A nem fagyt\u0171r\u0151 n\u00f6v\u00e9nyeket (citrusf\u00e9l\u00e9k, r\u00f3zsa\u00e1gyak, olajfaf\u00e9l\u00e9k \u00e9s p\u00e1lm\u00e1k) azonban fagyt\u00f3l v\u00e9dett helyen kell tartani \u2013 m\u00e1s sz\u00f3val belt\u00e9ren kell \u00e1tteleltetni \u0151ket \u2013 mivel m\u00e9g a sz\u00f6vet sem tud el\u00e9g v\u00e9delmet ny\u00fajtani a k\u00e9nyesebb n\u00f6v\u00e9nyeknek. Ha a t\u00e9l m\u00e9gsem annyira zord \u00e9s a hideg id\u0151szak pedig nem olyan hossz\u00fa, az \u00e9rz\u00e9keny n\u00f6v\u00e9nyeket elegend\u0151 lehet csak a h\u00e1zfal ment\u00e9n felsorakoztatni \u00e9s sz\u00f6vettakar\u00f3val v\u00e9delmezni. Ez\u00e1ltal 3-4\u00b0C-kal magasabb h\u0151m\u00e9rs\u00e9klet \u00e9rhet\u0151 el a kert k\u00f6zep\u00e9n \u00e1rny\u00e9kban m\u00e9rthez k\u00e9pest, \u00e9s ezek a t\u00f6bbletfokok l\u00e9nyeges k\u00fcl\u00f6nbs\u00e9get jelenthetnek a k\u00e9nyes fajoknak.<\/p>\n<p>A sz\u00f6vet r\u00e1ad\u00e1sul az olyan sz\u00e9ls\u0151s\u00e9ges id\u0151j\u00e1r\u00e1sban is er\u0151sen ellen\u00e1ll\u00f3, mint p\u00e9ld\u00e1ul a j\u00e9ges\u0151. Javasolt a sz\u00f6vettakar\u00f3t id\u0151r\u0151l-id\u0151re ellen\u0151rizni, \u00e9s ezzel egy id\u0151ben egy kicsit szell\u0151ztetni is. A rothad\u00e1smegakad\u00e1lyoz\u00e1sa \u00e9rdek\u00e9ben gy\u0151z\u0151dj\u00fcnk meg arr\u00f3l, hogy a sz\u00f6vet nem tapad-e e r\u00e1 t\u00falzottan a n\u00f6v\u00e9nyekre.<\/p>\n<p>M\u00e1rcius \u00e9s \u00e1prilis k\u00f6z\u00f6tt ne feledkezz\u00fcnk meg a vir\u00e1gok v\u00e9delm\u00e9r\u0151l, mert n\u00e9mely cserj\u00e9knek komoly vesz\u00e9lyt jelentenek a k\u00e9sei fagyok, amelyek el\u00f6lhetik a fiatal hajt\u00e1sokat \u00e9s a bimb\u00f3kat (t\u0151zegtalajba \u00fcltetett cserj\u00e9k, mint p\u00e9ld\u00e1ul a korai rododendronok \u00e9s kam\u00e9li\u00e1k). Ne feledkezz\u00fcnk el tov\u00e1bb\u00e1 a kont\u00e9nerben nevelt gy\u00fcm\u00f6lcsf\u00e1kr\u00f3l sem, amelyek egyetlen hideg \u00e9jszaka leforg\u00e1sa alatt teljes vir\u00e1g\u00e1llom\u00e1nyukat elvesz\u00edthetik.<\/p>\n<p>\u00c1prilis \u00e9s m\u00e1jus sor\u00e1n \u2013 amikor m\u00e1r elm\u00falik a fagyvesz\u00e9ly \u2013 t\u00e1vol\u00edtsuk el a t\u00e9li takar\u00f3sz\u00f6vetet \u00e9s a t\u00f6bbi t\u00e9li v\u00e9delmet. A term\u00e9szet a nap meleg\u00e9vel hamarosan \u00e1tveszi az ir\u00e1ny\u00edt\u00e1st.<\/p>\n<h2>V\u00e1lasszon a t\u00e9li v\u00e9d\u0151takar\u00f3ink sz\u00e9les v\u00e1laszt\u00e9k\u00e1b\u00f3l!<\/h2>\n<div>\n<p style=\"line-height: 18.0pt; background: white; margin: 0cm 0cm 15.0pt 0cm;\"><span style=\"font-family: 'Ubuntu',serif; color: black;\">El\u00e9rhet\u0151 t\u00f6bbf\u00e9le m\u00e9retben \u00e9s \u00e1rban.<\/span><\/p>\n<p style=\"line-height: 18.0pt; background: white; margin: 0cm 0cm 15.0pt 0cm;\"><b><span style=\"font-family: 'Ubuntu',serif; color: black;\">K\u00e9szlet\u00fcnk napi szinten v\u00e1ltozik, ez\u00e9rt k\u00e9rj\u00fck, \u00e9rdekl\u0151dj\u00f6n szem\u00e9lyesen, telefonon vagy email-en.<br \/>\nA v\u00e1ltoztat\u00e1s jog\u00e1t fenntartjuk!\u00a0<\/span><\/b><\/p>\n<\/div>\n<div><a href=\"https:\/\/tajkertesz.com\/\">https:\/\/tajkertesz.com\/<\/a><\/div>\n<div><a href=\"https:\/\/www.nortene.hu\/\">https:\/\/www.nortene.hu\/<\/a><\/div>","protected":false},"excerpt":{"rendered":"<h1 class=\"page-head-title product-page-head-title position-relative\"><span class=\"product-page-product-name\">Nortene Wintertex 50g\/m2, 1,6&#215;10, Feh\u00e9r<\/span><\/h1>\n<p class=\"page-head-title product-page-head-title position-relative\"><span class=\"product-page-product-name\">Nortene Wintertex 50g\/m2, 1,6&#215;10, Feh\u00e9r <\/span>50 g\/m2 PP \u00e1tteleltet\u0151 n\u00f6v\u00e9nytakar\u00f3, nem sz\u0151tt text\u00edlia n\u00f6v\u00e9nyek fagyk\u00e1r elleni v\u00e9delm\u00e9re.<\/p>","protected":false},"featured_media":4443,"template":"","meta":{"_et_pb_use_builder":"","_et_pb_old_content":"","_et_gb_content_width":""},"product_brand":[],"product_cat":[866],"product_tag":[883,889,876],"class_list":{"0":"post-4445","1":"product","2":"type-product","3":"status-publish","4":"has-post-thumbnail","6":"product_cat-teli-novenyvedelem","7":"product_tag-attelelteto","8":"product_tag-nem-szott-textilia","9":"product_tag-novenytakaro","11":"first","12":"instock","13":"shipping-taxable","14":"purchasable","15":"product-type-simple"},"yoast_head":"<!-- This site is optimized with the Yoast SEO plugin v27.4 - https:\/\/yoast.com\/product\/yoast-seo-wordpress\/ -->\n<title>Nortene Wintertex 50g\/m2, 1,6x10, Feh\u00e9r - T\u00e1jkert\u00e9sz<\/title>\n<meta name=\"description\" content=\"Nortene Wintertex 50g\/m2, 1,6x10, Feh\u00e9r 50 g\/m2 PP \u00e1tteleltet\u0151 n\u00f6v\u00e9nytakar\u00f3, nem sz\u0151tt text\u00edlia n\u00f6v\u00e9nyek fagyk\u00e1r elleni v\u00e9delm\u00e9re.\" \/>\n<meta name=\"robots\" content=\"index, follow, max-snippet:-1, max-image-preview:large, max-video-preview:-1\" \/>\n<link rel=\"canonical\" href=\"https:\/\/tajkertesz.com\/en_US\/product\/nortene-wintertex-50g-m2-16x10-feher\/\" \/>\n<meta property=\"og:locale\" content=\"en_US\" \/>\n<meta property=\"og:type\" content=\"article\" \/>\n<meta property=\"og:title\" content=\"Nortene Wintertex 50g\/m2, 1,6x10, Feh\u00e9r - T\u00e1jkert\u00e9sz\" \/>\n<meta property=\"og:description\" content=\"Nortene Wintertex 50g\/m2, 1,6x10, Feh\u00e9r 50 g\/m2 PP \u00e1tteleltet\u0151 n\u00f6v\u00e9nytakar\u00f3, nem sz\u0151tt text\u00edlia n\u00f6v\u00e9nyek fagyk\u00e1r elleni v\u00e9delm\u00e9re.\" \/>\n<meta property=\"og:url\" content=\"https:\/\/tajkertesz.com\/en_US\/product\/nortene-wintertex-50g-m2-16x10-feher\/\" \/>\n<meta property=\"og:site_name\" content=\"T\u00e1jkert\u00e9sz\" \/>\n<meta property=\"article:publisher\" content=\"https:\/\/www.facebook.com\/Tajkertesz\/\" \/>\n<meta property=\"article:modified_time\" content=\"2025-09-18T07:03:49+00:00\" \/>\n<meta property=\"og:image\" content=\"https:\/\/tajkertesz.com\/wp-content\/uploads\/2021\/05\/2006243a.jpg\" \/>\n\t<meta property=\"og:image:width\" content=\"900\" \/>\n\t<meta property=\"og:image:height\" content=\"900\" \/>\n\t<meta property=\"og:image:type\" content=\"image\/jpeg\" \/>\n<meta name=\"twitter:card\" content=\"summary_large_image\" \/>\n<meta name=\"twitter:label1\" content=\"Est. reading time\" \/>\n\t<meta name=\"twitter:data1\" content=\"3 minutes\" \/>\n<script type=\"application\/ld+json\" class=\"yoast-schema-graph\">{\"@context\":\"https:\\\/\\\/schema.org\",\"@graph\":[{\"@type\":\"WebPage\",\"@id\":\"https:\\\/\\\/tajkertesz.com\\\/termek\\\/nortene-wintertex-50g-m2-16x10-feher\\\/\",\"url\":\"https:\\\/\\\/tajkertesz.com\\\/termek\\\/nortene-wintertex-50g-m2-16x10-feher\\\/\",\"name\":\"Nortene Wintertex 50g\\\/m2, 1,6x10, Feh\u00e9r - T\u00e1jkert\u00e9sz\",\"isPartOf\":{\"@id\":\"https:\\\/\\\/tajkertesz.com\\\/#website\"},\"primaryImageOfPage\":{\"@id\":\"https:\\\/\\\/tajkertesz.com\\\/termek\\\/nortene-wintertex-50g-m2-16x10-feher\\\/#primaryimage\"},\"image\":{\"@id\":\"https:\\\/\\\/tajkertesz.com\\\/termek\\\/nortene-wintertex-50g-m2-16x10-feher\\\/#primaryimage\"},\"thumbnailUrl\":\"https:\\\/\\\/tajkertesz.com\\\/wp-content\\\/uploads\\\/2021\\\/05\\\/2006243a.jpg\",\"datePublished\":\"2021-05-10T10:10:36+00:00\",\"dateModified\":\"2025-09-18T07:03:49+00:00\",\"description\":\"Nortene Wintertex 50g\\\/m2, 1,6x10, Feh\u00e9r 50 g\\\/m2 PP \u00e1tteleltet\u0151 n\u00f6v\u00e9nytakar\u00f3, nem sz\u0151tt text\u00edlia n\u00f6v\u00e9nyek fagyk\u00e1r elleni v\u00e9delm\u00e9re.\",\"breadcrumb\":{\"@id\":\"https:\\\/\\\/tajkertesz.com\\\/termek\\\/nortene-wintertex-50g-m2-16x10-feher\\\/#breadcrumb\"},\"inLanguage\":\"en-US\",\"potentialAction\":[{\"@type\":\"ReadAction\",\"target\":[\"https:\\\/\\\/tajkertesz.com\\\/termek\\\/nortene-wintertex-50g-m2-16x10-feher\\\/\"]}]},{\"@type\":\"ImageObject\",\"inLanguage\":\"en-US\",\"@id\":\"https:\\\/\\\/tajkertesz.com\\\/termek\\\/nortene-wintertex-50g-m2-16x10-feher\\\/#primaryimage\",\"url\":\"https:\\\/\\\/tajkertesz.com\\\/wp-content\\\/uploads\\\/2021\\\/05\\\/2006243a.jpg\",\"contentUrl\":\"https:\\\/\\\/tajkertesz.com\\\/wp-content\\\/uploads\\\/2021\\\/05\\\/2006243a.jpg\",\"width\":900,\"height\":900},{\"@type\":\"BreadcrumbList\",\"@id\":\"https:\\\/\\\/tajkertesz.com\\\/termek\\\/nortene-wintertex-50g-m2-16x10-feher\\\/#breadcrumb\",\"itemListElement\":[{\"@type\":\"ListItem\",\"position\":1,\"name\":\"Home\",\"item\":\"https:\\\/\\\/tajkertesz.com\\\/\"},{\"@type\":\"ListItem\",\"position\":2,\"name\":\"Kezd\u0151lap\",\"item\":\"https:\\\/\\\/tajkertesz.com\\\/\"},{\"@type\":\"ListItem\",\"position\":3,\"name\":\"Nortene Wintertex 50g\\\/m2, 1,6&#215;10, Feh\u00e9r\"}]},{\"@type\":\"WebSite\",\"@id\":\"https:\\\/\\\/tajkertesz.com\\\/#website\",\"url\":\"https:\\\/\\\/tajkertesz.com\\\/\",\"name\":\"T\u00e1j-Kert\u00e9sz 84 Kft.\",\"description\":\"Kert\u00e9szeti kis- \u00e9s nagykeresked\u00e9s, D\u00edszn\u00f6v\u00e9ny web\u00e1ruh\u00e1z orsz\u00e1gos h\u00e1zhozsz\u00e1ll\u00edt\u00e1ssal!\",\"publisher\":{\"@id\":\"https:\\\/\\\/tajkertesz.com\\\/#organization\"},\"potentialAction\":[{\"@type\":\"SearchAction\",\"target\":{\"@type\":\"EntryPoint\",\"urlTemplate\":\"https:\\\/\\\/tajkertesz.com\\\/?s={search_term_string}\"},\"query-input\":{\"@type\":\"PropertyValueSpecification\",\"valueRequired\":true,\"valueName\":\"search_term_string\"}}],\"inLanguage\":\"en-US\"},{\"@type\":\"Organization\",\"@id\":\"https:\\\/\\\/tajkertesz.com\\\/#organization\",\"name\":\"T\u00e1j-Kert\u00e9sz 84 Kft.\",\"url\":\"https:\\\/\\\/tajkertesz.com\\\/\",\"logo\":{\"@type\":\"ImageObject\",\"inLanguage\":\"en-US\",\"@id\":\"https:\\\/\\\/tajkertesz.com\\\/#\\\/schema\\\/logo\\\/image\\\/\",\"url\":\"https:\\\/\\\/tajkertesz.com\\\/wp-content\\\/uploads\\\/2018\\\/02\\\/logo-2-e1518678052539.png\",\"contentUrl\":\"https:\\\/\\\/tajkertesz.com\\\/wp-content\\\/uploads\\\/2018\\\/02\\\/logo-2-e1518678052539.png\",\"width\":81,\"height\":140,\"caption\":\"T\u00e1j-Kert\u00e9sz 84 Kft.\"},\"image\":{\"@id\":\"https:\\\/\\\/tajkertesz.com\\\/#\\\/schema\\\/logo\\\/image\\\/\"},\"sameAs\":[\"https:\\\/\\\/www.facebook.com\\\/Tajkertesz\\\/\"]}]}<\/script>\n<!-- \/ Yoast SEO plugin. -->","yoast_head_json":{"title":"Nortene Wintertex 50g\/m2, 1,6x10, Feh\u00e9r - T\u00e1jkert\u00e9sz","description":"Nortene Wintertex 50g\/m2, 1,6x10, Feh\u00e9r 50 g\/m2 PP \u00e1tteleltet\u0151 n\u00f6v\u00e9nytakar\u00f3, nem sz\u0151tt text\u00edlia n\u00f6v\u00e9nyek fagyk\u00e1r elleni v\u00e9delm\u00e9re.","robots":{"index":"index","follow":"follow","max-snippet":"max-snippet:-1","max-image-preview":"max-image-preview:large","max-video-preview":"max-video-preview:-1"},"canonical":"https:\/\/tajkertesz.com\/en_US\/product\/nortene-wintertex-50g-m2-16x10-feher\/","og_locale":"en_US","og_type":"article","og_title":"Nortene Wintertex 50g\/m2, 1,6x10, Feh\u00e9r - T\u00e1jkert\u00e9sz","og_description":"Nortene Wintertex 50g\/m2, 1,6x10, Feh\u00e9r 50 g\/m2 PP \u00e1tteleltet\u0151 n\u00f6v\u00e9nytakar\u00f3, nem sz\u0151tt text\u00edlia n\u00f6v\u00e9nyek fagyk\u00e1r elleni v\u00e9delm\u00e9re.","og_url":"https:\/\/tajkertesz.com\/en_US\/product\/nortene-wintertex-50g-m2-16x10-feher\/","og_site_name":"T\u00e1jkert\u00e9sz","article_publisher":"https:\/\/www.facebook.com\/Tajkertesz\/","article_modified_time":"2025-09-18T07:03:49+00:00","og_image":[{"width":900,"height":900,"url":"https:\/\/tajkertesz.com\/wp-content\/uploads\/2021\/05\/2006243a.jpg","type":"image\/jpeg"}],"twitter_card":"summary_large_image","twitter_misc":{"Est. reading time":"3 minutes"},"schema":{"@context":"https:\/\/schema.org","@graph":[{"@type":"WebPage","@id":"https:\/\/tajkertesz.com\/termek\/nortene-wintertex-50g-m2-16x10-feher\/","url":"https:\/\/tajkertesz.com\/termek\/nortene-wintertex-50g-m2-16x10-feher\/","name":"Nortene Wintertex 50g\/m2, 1,6x10, Feh\u00e9r - T\u00e1jkert\u00e9sz","isPartOf":{"@id":"https:\/\/tajkertesz.com\/#website"},"primaryImageOfPage":{"@id":"https:\/\/tajkertesz.com\/termek\/nortene-wintertex-50g-m2-16x10-feher\/#primaryimage"},"image":{"@id":"https:\/\/tajkertesz.com\/termek\/nortene-wintertex-50g-m2-16x10-feher\/#primaryimage"},"thumbnailUrl":"https:\/\/tajkertesz.com\/wp-content\/uploads\/2021\/05\/2006243a.jpg","datePublished":"2021-05-10T10:10:36+00:00","dateModified":"2025-09-18T07:03:49+00:00","description":"Nortene Wintertex 50g\/m2, 1,6x10, Feh\u00e9r 50 g\/m2 PP \u00e1tteleltet\u0151 n\u00f6v\u00e9nytakar\u00f3, nem sz\u0151tt text\u00edlia n\u00f6v\u00e9nyek fagyk\u00e1r elleni v\u00e9delm\u00e9re.","breadcrumb":{"@id":"https:\/\/tajkertesz.com\/termek\/nortene-wintertex-50g-m2-16x10-feher\/#breadcrumb"},"inLanguage":"en-US","potentialAction":[{"@type":"ReadAction","target":["https:\/\/tajkertesz.com\/termek\/nortene-wintertex-50g-m2-16x10-feher\/"]}]},{"@type":"ImageObject","inLanguage":"en-US","@id":"https:\/\/tajkertesz.com\/termek\/nortene-wintertex-50g-m2-16x10-feher\/#primaryimage","url":"https:\/\/tajkertesz.com\/wp-content\/uploads\/2021\/05\/2006243a.jpg","contentUrl":"https:\/\/tajkertesz.com\/wp-content\/uploads\/2021\/05\/2006243a.jpg","width":900,"height":900},{"@type":"BreadcrumbList","@id":"https:\/\/tajkertesz.com\/termek\/nortene-wintertex-50g-m2-16x10-feher\/#breadcrumb","itemListElement":[{"@type":"ListItem","position":1,"name":"Home","item":"https:\/\/tajkertesz.com\/"},{"@type":"ListItem","position":2,"name":"Kezd\u0151lap","item":"https:\/\/tajkertesz.com\/"},{"@type":"ListItem","position":3,"name":"Nortene Wintertex 50g\/m2, 1,6&#215;10, Feh\u00e9r"}]},{"@type":"WebSite","@id":"https:\/\/tajkertesz.com\/#website","url":"https:\/\/tajkertesz.com\/","name":"T\u00e1j-Kert\u00e9sz 84 Kft.","description":"Kert\u00e9szeti kis- \u00e9s nagykeresked\u00e9s, D\u00edszn\u00f6v\u00e9ny web\u00e1ruh\u00e1z orsz\u00e1gos h\u00e1zhozsz\u00e1ll\u00edt\u00e1ssal!","publisher":{"@id":"https:\/\/tajkertesz.com\/#organization"},"potentialAction":[{"@type":"SearchAction","target":{"@type":"EntryPoint","urlTemplate":"https:\/\/tajkertesz.com\/?s={search_term_string}"},"query-input":{"@type":"PropertyValueSpecification","valueRequired":true,"valueName":"search_term_string"}}],"inLanguage":"en-US"},{"@type":"Organization","@id":"https:\/\/tajkertesz.com\/#organization","name":"T\u00e1j-Kert\u00e9sz 84 Kft.","url":"https:\/\/tajkertesz.com\/","logo":{"@type":"ImageObject","inLanguage":"en-US","@id":"https:\/\/tajkertesz.com\/#\/schema\/logo\/image\/","url":"https:\/\/tajkertesz.com\/wp-content\/uploads\/2018\/02\/logo-2-e1518678052539.png","contentUrl":"https:\/\/tajkertesz.com\/wp-content\/uploads\/2018\/02\/logo-2-e1518678052539.png","width":81,"height":140,"caption":"T\u00e1j-Kert\u00e9sz 84 Kft."},"image":{"@id":"https:\/\/tajkertesz.com\/#\/schema\/logo\/image\/"},"sameAs":["https:\/\/www.facebook.com\/Tajkertesz\/"]}]}},"_links":{"self":[{"href":"https:\/\/tajkertesz.com\/en_US\/wp-json\/wp\/v2\/product\/4445","targetHints":{"allow":["GET"]}}],"collection":[{"href":"https:\/\/tajkertesz.com\/en_US\/wp-json\/wp\/v2\/product"}],"about":[{"href":"https:\/\/tajkertesz.com\/en_US\/wp-json\/wp\/v2\/types\/product"}],"wp:featuredmedia":[{"embeddable":true,"href":"https:\/\/tajkertesz.com\/en_US\/wp-json\/wp\/v2\/media\/4443"}],"wp:attachment":[{"href":"https:\/\/tajkertesz.com\/en_US\/wp-json\/wp\/v2\/media?parent=4445"}],"wp:term":[{"taxonomy":"product_brand","embeddable":true,"href":"https:\/\/tajkertesz.com\/en_US\/wp-json\/wp\/v2\/product_brand?post=4445"},{"taxonomy":"product_cat","embeddable":true,"href":"https:\/\/tajkertesz.com\/en_US\/wp-json\/wp\/v2\/product_cat?post=4445"},{"taxonomy":"product_tag","embeddable":true,"href":"https:\/\/tajkertesz.com\/en_US\/wp-json\/wp\/v2\/product_tag?post=4445"}],"curies":[{"name":"wp","href":"https:\/\/api.w.org\/{rel}","templated":true}]}}