{"id":4461,"date":"2021-05-10T10:30:40","date_gmt":"2021-05-10T10:30:40","guid":{"rendered":"https:\/\/tajkertesz.com\/?post_type=product&#038;p=4461"},"modified":"2024-02-15T07:50:44","modified_gmt":"2024-02-15T07:50:44","slug":"nortene-ap-fix-erositett-muanyaggal-bevont-drotkotozo","status":"publish","type":"product","link":"https:\/\/tajkertesz.com\/en_US\/product\/nortene-ap-fix-erositett-muanyaggal-bevont-drotkotozo\/","title":{"rendered":"Nortene AP-Fix er\u0151s\u00edtett m\u0171anyaggal bevont dr\u00f3tk\u00f6t\u00f6z\u0151 0,002&#215;25 m"},"content":{"rendered":"<h1 class=\"page-head-title product-page-head-title position-relative\">Nortene AP-Fix er\u0151s\u00edtett m\u0171anyaggal bevont dr\u00f3tk\u00f6t\u00f6z\u0151 0,002&#215;25 m<\/h1>\n<p class=\"page-head-title product-page-head-title position-relative\">Nortene AP-Fix er\u0151s\u00edtett m\u0171anyaggal bevont dr\u00f3tk\u00f6t\u00f6z\u0151 0,002&#215;25 m \u00a0Er\u0151s\u00edtett m\u0171anyaggal bevont dr\u00f3tk\u00f6t\u00f6z\u0151<\/p>\n<h1 class=\"firstHeading huwiki-frbox-parent\"><span style=\"color: #ffffff;\">Huzal<\/span><\/h1>\n<div id=\"bodyContent\" class=\"mw-body-content\">\n<div id=\"mw-content-text\" class=\"mw-content-ltr\" dir=\"ltr\" lang=\"hu\">\n<div class=\"mw-parser-output\">\n<p><span style=\"color: #ffffff;\">A\u00a0<b>huzal<\/b>\u00a0(a k\u00f6znyelvben gyakran\u00a0<b>dr\u00f3t<\/b>) f\u00e9mb\u0151l k\u00e9sz\u00fclt, \u00e1ltal\u00e1ban k\u00f6r keresztmetszet\u0171 ipari term\u00e9k. N\u00e9ha huzalnak h\u00edvj\u00e1k a m\u0171anyagb\u00f3l k\u00e9sz\u00fclt hasonl\u00f3 term\u00e9keket is. A huzalokat \u00e1ltal\u00e1ban a koh\u00e1szat \u00e1ll\u00edtja el\u0151 hengerel\u00e9ssel,h\u00faz\u00e1ssal,kisajtol\u00e1ssal, \u00e9s az el\u0151\u00e1ll\u00edtott huzal lehet k\u00e9sz- \u00e9s f\u00e9lk\u00e9szterm\u00e9k is. Az el\u0151\u00e1ll\u00edtott term\u00e9ket feltekercselve hozz\u00e1k forgalomba. A huzalok \u00e1tm\u00e9r\u0151je a n\u00e9h\u00e1ny sz\u00e1zad millim\u00e9tert\u0151l a 12\u201314 millim\u00e9terig terjedhet.<\/span><\/p>\n<p><span style=\"color: #ffffff;\">Felhaszn\u00e1l\u00e1si ter\u00fclet\u00fck az anyagukt\u00f3l \u00e9s az \u00e1tm\u00e9r\u0151j\u00fckt\u0151l f\u00fcgg. Huzalt haszn\u00e1lnak p\u00e9ld\u00e1ul villamos vezet\u00e9kekhez (anyaguk \u00e1ltal\u00e1ban v\u00f6r\u00f6sr\u00e9z vagy alum\u00ednium, fels\u0151vezet\u00e9kek ac\u00e9lhuzallal), l\u00e1gyvas huzalokat haszn\u00e1lhatnak p\u00e9ld\u00e1ul csomagol\u00e1shoz, k\u00f6t\u00f6z\u00e9shez, v\u00f6r\u00f6sr\u00e9z huzallal tekercselik a transzform\u00e1torokat, a villamos motorokat, volfr\u00e1m huzalb\u00f3l k\u00e9sz\u00fcl az izz\u00f3l\u00e1mp\u00e1k izz\u00f3sz\u00e1la, ez\u00fcst- vagy aranyhuzalt haszn\u00e1lnak \u00e9kszerk\u00e9sz\u00edt\u00e9shez, ac\u00e9lhuzal p\u00e1szm\u00e1kb\u00f3l \u00e1ll a dr\u00f3tk\u00f6t\u00e9l, de \u00e1ltal\u00e1ban huzalb\u00f3l k\u00e9sz\u00fclnek a csavarok, a spir\u00e1lrug\u00f3k, a betonac\u00e9l, a hegeszt\u0151p\u00e1lca \u00e9s -huzal, de huzalb\u00f3l fonj\u00e1k az \u00fan. dr\u00f3tker\u00edt\u00e9seket is.<\/span><\/p>\n<\/div>\n<h1 class=\"firstHeading huwiki-frbox-parent\"><span style=\"color: #ffffff;\">K\u00f6t\u00e9l<\/span><\/h1>\n<div id=\"bodyContent\" class=\"mw-body-content\">\n<div id=\"mw-content-text\" class=\"mw-content-ltr\" dir=\"ltr\" lang=\"hu\">\n<div class=\"mw-parser-output\">\n<p><span style=\"color: #ffffff;\">A\u00a0<b>k\u00f6t\u00e9l<\/b> fonalak ill. f\u00e9mhuzalok \u00f6sszesodr\u00e1s\u00e1val, esetleg fonatol\u00e1s\u00e1val k\u00e9sz\u00fclt er\u0151s, vastag term\u00e9k. K\u00e9sz\u00fclhet textilipari sz\u00e1lasanyagb\u00f3l, ezen bel\u00fcl els\u0151sorban h\u00e1ncsrostokb\u00f3l, szintetikus sz\u00e1lakb\u00f3l, vagy ac\u00e9lhuzalokb\u00f3l, illetve ezek egy\u00fcttes haszn\u00e1lat\u00e1val. A k\u00f6teleket nagy h\u00faz\u00f3er\u0151 felv\u00e9tel\u00e9re k\u00e9sz\u00edtik \u00e9s alapvet\u0151en mozgat\u00e1sra vagy nagy er\u0151k folyamatos statikus kifejt\u00e9s\u00e9re haszn\u00e1lj\u00e1k. Az el\u0151bbiekn\u00e9l fontos, hogy hajl\u00e9konyak legyenek, a tart\u00f3k\u00f6telekn\u00e9l viszont a korr\u00f3zi\u00f3\u00e1ll\u00f3s\u00e1g \u00e9s a nagy h\u00faz\u00f3szil\u00e1rds\u00e1g a legfontosabb. Az emel\u0151g\u00e9peken, sz\u00e1ll\u00edt\u00f3berendez\u00e9sekben, haj\u00f3z\u00e1sban haszn\u00e1lt k\u00f6telek hajl\u00e9konyak, k\u00f6t\u00e9ldobra felcs\u00e9v\u00e9lhet\u0151k, kis \u00e1tm\u00e9r\u0151j\u0171 csig\u00e1n, k\u00f6t\u00e9ldobon \u00e1tvethet\u0151k. A k\u00f6t\u00e9l nyom\u00f3er\u0151t \u00e9s csavar\u00f3nyomat\u00e9kot nem k\u00e9pes felvenni<\/span><\/p>\n<\/div>\n<p>Kisz\u00e1ll\u00edt\u00e1s: 200 cm \u00e9s 40 kg is a sz\u00e1ll\u00edt\u00e1s fut\u00e1rszolg\u00e1lattal t\u00f6rt\u00e9nik.<\/p>\n<\/div>\n<\/div>\n<\/div>\n<\/div>\n<p style=\"line-height: 18.0pt; background: white; margin: 0cm 0cm 15.0pt 0cm;\"><b><span style=\"font-family: 'Ubuntu',serif; color: black;\">K\u00e9szlet\u00fcnk napi szinten v\u00e1ltozik, ez\u00e9rt k\u00e9rj\u00fck, \u00e9rdekl\u0151dj\u00f6n szem\u00e9lyesen, telefonon vagy email-en.<br \/>\nA v\u00e1ltoztat\u00e1s jog\u00e1t fenntartjuk!\u00a0<\/span><\/b><\/p>\n<p><a href=\"https:\/\/tajkertesz.com\/\">https:\/\/tajkertesz.com\/<\/a><\/p>\n<p><a href=\"https:\/\/www.nortene.hu\/\">https:\/\/www.nortene.hu\/<\/a><\/p>","protected":false},"excerpt":{"rendered":"<h1 class=\"page-head-title product-page-head-title position-relative\">Nortene AP-Fix er\u0151s\u00edtett m\u0171anyaggal bevont dr\u00f3tk\u00f6t\u00f6z\u0151 0,002&#215;25 m<\/h1>\n<p class=\"page-head-title product-page-head-title position-relative\"><span class=\"product-page-product-name\">\u00a0Er\u0151s\u00edtett m\u0171anyaggal bevont dr\u00f3tk\u00f6t\u00f6z\u0151<\/span><\/p>","protected":false},"featured_media":4463,"template":"","meta":{"_et_pb_use_builder":"","_et_pb_old_content":"","_et_gb_content_width":""},"product_brand":[],"product_cat":[1526],"product_tag":[1180],"class_list":{"0":"post-4461","1":"product","2":"type-product","3":"status-publish","4":"has-post-thumbnail","6":"product_cat-kotozok","7":"product_tag-drot","9":"first","10":"instock","11":"shipping-taxable","12":"purchasable","13":"product-type-simple"},"yoast_head":"<!-- This site is optimized with the Yoast SEO plugin v27.3 - https:\/\/yoast.com\/product\/yoast-seo-wordpress\/ -->\n<title>Nortene AP-Fix er\u0151s\u00edtett m\u0171anyaggal bevont dr\u00f3tk\u00f6t\u00f6z\u0151 0,002x25 m - T\u00e1jkert\u00e9sz<\/title>\n<meta name=\"description\" content=\"Nortene AP-Fix er\u0151s\u00edtett m\u0171anyaggal bevont dr\u00f3tk\u00f6t\u00f6z\u0151 0,002x25 m, Er\u0151s\u00edtett m\u0171anyaggal bevont dr\u00f3tk\u00f6t\u00f6z\u0151, a\u00a0huzal\u00a0(a k\u00f6znyelvben gyakran\u00a0dr\u00f3t\" \/>\n<meta name=\"robots\" content=\"index, follow, max-snippet:-1, max-image-preview:large, max-video-preview:-1\" \/>\n<link rel=\"canonical\" href=\"https:\/\/tajkertesz.com\/en_US\/product\/nortene-ap-fix-erositett-muanyaggal-bevont-drotkotozo\/\" \/>\n<meta property=\"og:locale\" content=\"en_US\" \/>\n<meta property=\"og:type\" content=\"article\" \/>\n<meta property=\"og:title\" content=\"Nortene AP-Fix er\u0151s\u00edtett m\u0171anyaggal bevont dr\u00f3tk\u00f6t\u00f6z\u0151 0,002x25 m - T\u00e1jkert\u00e9sz\" \/>\n<meta property=\"og:description\" content=\"Nortene AP-Fix er\u0151s\u00edtett m\u0171anyaggal bevont dr\u00f3tk\u00f6t\u00f6z\u0151 0,002x25 m, Er\u0151s\u00edtett m\u0171anyaggal bevont dr\u00f3tk\u00f6t\u00f6z\u0151, a\u00a0huzal\u00a0(a k\u00f6znyelvben gyakran\u00a0dr\u00f3t\" \/>\n<meta property=\"og:url\" content=\"https:\/\/tajkertesz.com\/en_US\/product\/nortene-ap-fix-erositett-muanyaggal-bevont-drotkotozo\/\" \/>\n<meta property=\"og:site_name\" content=\"T\u00e1jkert\u00e9sz\" \/>\n<meta property=\"article:publisher\" content=\"https:\/\/www.facebook.com\/Tajkertesz\/\" \/>\n<meta property=\"article:modified_time\" content=\"2024-02-15T07:50:44+00:00\" \/>\n<meta property=\"og:image\" content=\"https:\/\/tajkertesz.com\/wp-content\/uploads\/2021\/05\/nortene-ap-fix.jpg\" \/>\n\t<meta property=\"og:image:width\" content=\"900\" \/>\n\t<meta property=\"og:image:height\" content=\"900\" \/>\n\t<meta property=\"og:image:type\" content=\"image\/jpeg\" \/>\n<meta name=\"twitter:card\" content=\"summary_large_image\" \/>\n<meta name=\"twitter:label1\" content=\"Est. reading time\" \/>\n\t<meta name=\"twitter:data1\" content=\"2 minutes\" \/>\n<script type=\"application\/ld+json\" class=\"yoast-schema-graph\">{\"@context\":\"https:\\\/\\\/schema.org\",\"@graph\":[{\"@type\":\"WebPage\",\"@id\":\"https:\\\/\\\/tajkertesz.com\\\/termek\\\/nortene-ap-fix-erositett-muanyaggal-bevont-drotkotozo\\\/\",\"url\":\"https:\\\/\\\/tajkertesz.com\\\/termek\\\/nortene-ap-fix-erositett-muanyaggal-bevont-drotkotozo\\\/\",\"name\":\"Nortene AP-Fix er\u0151s\u00edtett m\u0171anyaggal bevont dr\u00f3tk\u00f6t\u00f6z\u0151 0,002x25 m - T\u00e1jkert\u00e9sz\",\"isPartOf\":{\"@id\":\"https:\\\/\\\/tajkertesz.com\\\/#website\"},\"primaryImageOfPage\":{\"@id\":\"https:\\\/\\\/tajkertesz.com\\\/termek\\\/nortene-ap-fix-erositett-muanyaggal-bevont-drotkotozo\\\/#primaryimage\"},\"image\":{\"@id\":\"https:\\\/\\\/tajkertesz.com\\\/termek\\\/nortene-ap-fix-erositett-muanyaggal-bevont-drotkotozo\\\/#primaryimage\"},\"thumbnailUrl\":\"https:\\\/\\\/tajkertesz.com\\\/wp-content\\\/uploads\\\/2021\\\/05\\\/nortene-ap-fix.jpg\",\"datePublished\":\"2021-05-10T10:30:40+00:00\",\"dateModified\":\"2024-02-15T07:50:44+00:00\",\"description\":\"Nortene AP-Fix er\u0151s\u00edtett m\u0171anyaggal bevont dr\u00f3tk\u00f6t\u00f6z\u0151 0,002x25 m, Er\u0151s\u00edtett m\u0171anyaggal bevont dr\u00f3tk\u00f6t\u00f6z\u0151, a\u00a0huzal\u00a0(a k\u00f6znyelvben gyakran\u00a0dr\u00f3t\",\"breadcrumb\":{\"@id\":\"https:\\\/\\\/tajkertesz.com\\\/termek\\\/nortene-ap-fix-erositett-muanyaggal-bevont-drotkotozo\\\/#breadcrumb\"},\"inLanguage\":\"en-US\",\"potentialAction\":[{\"@type\":\"ReadAction\",\"target\":[\"https:\\\/\\\/tajkertesz.com\\\/termek\\\/nortene-ap-fix-erositett-muanyaggal-bevont-drotkotozo\\\/\"]}]},{\"@type\":\"ImageObject\",\"inLanguage\":\"en-US\",\"@id\":\"https:\\\/\\\/tajkertesz.com\\\/termek\\\/nortene-ap-fix-erositett-muanyaggal-bevont-drotkotozo\\\/#primaryimage\",\"url\":\"https:\\\/\\\/tajkertesz.com\\\/wp-content\\\/uploads\\\/2021\\\/05\\\/nortene-ap-fix.jpg\",\"contentUrl\":\"https:\\\/\\\/tajkertesz.com\\\/wp-content\\\/uploads\\\/2021\\\/05\\\/nortene-ap-fix.jpg\",\"width\":900,\"height\":900},{\"@type\":\"BreadcrumbList\",\"@id\":\"https:\\\/\\\/tajkertesz.com\\\/termek\\\/nortene-ap-fix-erositett-muanyaggal-bevont-drotkotozo\\\/#breadcrumb\",\"itemListElement\":[{\"@type\":\"ListItem\",\"position\":1,\"name\":\"Home\",\"item\":\"https:\\\/\\\/tajkertesz.com\\\/\"},{\"@type\":\"ListItem\",\"position\":2,\"name\":\"Kezd\u0151lap\",\"item\":\"https:\\\/\\\/tajkertesz.com\\\/\"},{\"@type\":\"ListItem\",\"position\":3,\"name\":\"Nortene AP-Fix er\u0151s\u00edtett m\u0171anyaggal bevont dr\u00f3tk\u00f6t\u00f6z\u0151 0,002&#215;25 m\"}]},{\"@type\":\"WebSite\",\"@id\":\"https:\\\/\\\/tajkertesz.com\\\/#website\",\"url\":\"https:\\\/\\\/tajkertesz.com\\\/\",\"name\":\"T\u00e1j-Kert\u00e9sz 84 Kft.\",\"description\":\"Kert\u00e9szeti kis- \u00e9s nagykeresked\u00e9s, D\u00edszn\u00f6v\u00e9ny web\u00e1ruh\u00e1z orsz\u00e1gos h\u00e1zhozsz\u00e1ll\u00edt\u00e1ssal!\",\"publisher\":{\"@id\":\"https:\\\/\\\/tajkertesz.com\\\/#organization\"},\"potentialAction\":[{\"@type\":\"SearchAction\",\"target\":{\"@type\":\"EntryPoint\",\"urlTemplate\":\"https:\\\/\\\/tajkertesz.com\\\/?s={search_term_string}\"},\"query-input\":{\"@type\":\"PropertyValueSpecification\",\"valueRequired\":true,\"valueName\":\"search_term_string\"}}],\"inLanguage\":\"en-US\"},{\"@type\":\"Organization\",\"@id\":\"https:\\\/\\\/tajkertesz.com\\\/#organization\",\"name\":\"T\u00e1j-Kert\u00e9sz 84 Kft.\",\"url\":\"https:\\\/\\\/tajkertesz.com\\\/\",\"logo\":{\"@type\":\"ImageObject\",\"inLanguage\":\"en-US\",\"@id\":\"https:\\\/\\\/tajkertesz.com\\\/#\\\/schema\\\/logo\\\/image\\\/\",\"url\":\"https:\\\/\\\/tajkertesz.com\\\/wp-content\\\/uploads\\\/2018\\\/02\\\/logo-2-e1518678052539.png\",\"contentUrl\":\"https:\\\/\\\/tajkertesz.com\\\/wp-content\\\/uploads\\\/2018\\\/02\\\/logo-2-e1518678052539.png\",\"width\":81,\"height\":140,\"caption\":\"T\u00e1j-Kert\u00e9sz 84 Kft.\"},\"image\":{\"@id\":\"https:\\\/\\\/tajkertesz.com\\\/#\\\/schema\\\/logo\\\/image\\\/\"},\"sameAs\":[\"https:\\\/\\\/www.facebook.com\\\/Tajkertesz\\\/\"]}]}<\/script>\n<!-- \/ Yoast SEO plugin. -->","yoast_head_json":{"title":"Nortene AP-Fix er\u0151s\u00edtett m\u0171anyaggal bevont dr\u00f3tk\u00f6t\u00f6z\u0151 0,002x25 m - T\u00e1jkert\u00e9sz","description":"Nortene AP-Fix er\u0151s\u00edtett m\u0171anyaggal bevont dr\u00f3tk\u00f6t\u00f6z\u0151 0,002x25 m, Er\u0151s\u00edtett m\u0171anyaggal bevont dr\u00f3tk\u00f6t\u00f6z\u0151, a\u00a0huzal\u00a0(a k\u00f6znyelvben gyakran\u00a0dr\u00f3t","robots":{"index":"index","follow":"follow","max-snippet":"max-snippet:-1","max-image-preview":"max-image-preview:large","max-video-preview":"max-video-preview:-1"},"canonical":"https:\/\/tajkertesz.com\/en_US\/product\/nortene-ap-fix-erositett-muanyaggal-bevont-drotkotozo\/","og_locale":"en_US","og_type":"article","og_title":"Nortene AP-Fix er\u0151s\u00edtett m\u0171anyaggal bevont dr\u00f3tk\u00f6t\u00f6z\u0151 0,002x25 m - T\u00e1jkert\u00e9sz","og_description":"Nortene AP-Fix er\u0151s\u00edtett m\u0171anyaggal bevont dr\u00f3tk\u00f6t\u00f6z\u0151 0,002x25 m, Er\u0151s\u00edtett m\u0171anyaggal bevont dr\u00f3tk\u00f6t\u00f6z\u0151, a\u00a0huzal\u00a0(a k\u00f6znyelvben gyakran\u00a0dr\u00f3t","og_url":"https:\/\/tajkertesz.com\/en_US\/product\/nortene-ap-fix-erositett-muanyaggal-bevont-drotkotozo\/","og_site_name":"T\u00e1jkert\u00e9sz","article_publisher":"https:\/\/www.facebook.com\/Tajkertesz\/","article_modified_time":"2024-02-15T07:50:44+00:00","og_image":[{"width":900,"height":900,"url":"https:\/\/tajkertesz.com\/wp-content\/uploads\/2021\/05\/nortene-ap-fix.jpg","type":"image\/jpeg"}],"twitter_card":"summary_large_image","twitter_misc":{"Est. reading time":"2 minutes"},"schema":{"@context":"https:\/\/schema.org","@graph":[{"@type":"WebPage","@id":"https:\/\/tajkertesz.com\/termek\/nortene-ap-fix-erositett-muanyaggal-bevont-drotkotozo\/","url":"https:\/\/tajkertesz.com\/termek\/nortene-ap-fix-erositett-muanyaggal-bevont-drotkotozo\/","name":"Nortene AP-Fix er\u0151s\u00edtett m\u0171anyaggal bevont dr\u00f3tk\u00f6t\u00f6z\u0151 0,002x25 m - T\u00e1jkert\u00e9sz","isPartOf":{"@id":"https:\/\/tajkertesz.com\/#website"},"primaryImageOfPage":{"@id":"https:\/\/tajkertesz.com\/termek\/nortene-ap-fix-erositett-muanyaggal-bevont-drotkotozo\/#primaryimage"},"image":{"@id":"https:\/\/tajkertesz.com\/termek\/nortene-ap-fix-erositett-muanyaggal-bevont-drotkotozo\/#primaryimage"},"thumbnailUrl":"https:\/\/tajkertesz.com\/wp-content\/uploads\/2021\/05\/nortene-ap-fix.jpg","datePublished":"2021-05-10T10:30:40+00:00","dateModified":"2024-02-15T07:50:44+00:00","description":"Nortene AP-Fix er\u0151s\u00edtett m\u0171anyaggal bevont dr\u00f3tk\u00f6t\u00f6z\u0151 0,002x25 m, Er\u0151s\u00edtett m\u0171anyaggal bevont dr\u00f3tk\u00f6t\u00f6z\u0151, a\u00a0huzal\u00a0(a k\u00f6znyelvben gyakran\u00a0dr\u00f3t","breadcrumb":{"@id":"https:\/\/tajkertesz.com\/termek\/nortene-ap-fix-erositett-muanyaggal-bevont-drotkotozo\/#breadcrumb"},"inLanguage":"en-US","potentialAction":[{"@type":"ReadAction","target":["https:\/\/tajkertesz.com\/termek\/nortene-ap-fix-erositett-muanyaggal-bevont-drotkotozo\/"]}]},{"@type":"ImageObject","inLanguage":"en-US","@id":"https:\/\/tajkertesz.com\/termek\/nortene-ap-fix-erositett-muanyaggal-bevont-drotkotozo\/#primaryimage","url":"https:\/\/tajkertesz.com\/wp-content\/uploads\/2021\/05\/nortene-ap-fix.jpg","contentUrl":"https:\/\/tajkertesz.com\/wp-content\/uploads\/2021\/05\/nortene-ap-fix.jpg","width":900,"height":900},{"@type":"BreadcrumbList","@id":"https:\/\/tajkertesz.com\/termek\/nortene-ap-fix-erositett-muanyaggal-bevont-drotkotozo\/#breadcrumb","itemListElement":[{"@type":"ListItem","position":1,"name":"Home","item":"https:\/\/tajkertesz.com\/"},{"@type":"ListItem","position":2,"name":"Kezd\u0151lap","item":"https:\/\/tajkertesz.com\/"},{"@type":"ListItem","position":3,"name":"Nortene AP-Fix er\u0151s\u00edtett m\u0171anyaggal bevont dr\u00f3tk\u00f6t\u00f6z\u0151 0,002&#215;25 m"}]},{"@type":"WebSite","@id":"https:\/\/tajkertesz.com\/#website","url":"https:\/\/tajkertesz.com\/","name":"T\u00e1j-Kert\u00e9sz 84 Kft.","description":"Kert\u00e9szeti kis- \u00e9s nagykeresked\u00e9s, D\u00edszn\u00f6v\u00e9ny web\u00e1ruh\u00e1z orsz\u00e1gos h\u00e1zhozsz\u00e1ll\u00edt\u00e1ssal!","publisher":{"@id":"https:\/\/tajkertesz.com\/#organization"},"potentialAction":[{"@type":"SearchAction","target":{"@type":"EntryPoint","urlTemplate":"https:\/\/tajkertesz.com\/?s={search_term_string}"},"query-input":{"@type":"PropertyValueSpecification","valueRequired":true,"valueName":"search_term_string"}}],"inLanguage":"en-US"},{"@type":"Organization","@id":"https:\/\/tajkertesz.com\/#organization","name":"T\u00e1j-Kert\u00e9sz 84 Kft.","url":"https:\/\/tajkertesz.com\/","logo":{"@type":"ImageObject","inLanguage":"en-US","@id":"https:\/\/tajkertesz.com\/#\/schema\/logo\/image\/","url":"https:\/\/tajkertesz.com\/wp-content\/uploads\/2018\/02\/logo-2-e1518678052539.png","contentUrl":"https:\/\/tajkertesz.com\/wp-content\/uploads\/2018\/02\/logo-2-e1518678052539.png","width":81,"height":140,"caption":"T\u00e1j-Kert\u00e9sz 84 Kft."},"image":{"@id":"https:\/\/tajkertesz.com\/#\/schema\/logo\/image\/"},"sameAs":["https:\/\/www.facebook.com\/Tajkertesz\/"]}]}},"_links":{"self":[{"href":"https:\/\/tajkertesz.com\/en_US\/wp-json\/wp\/v2\/product\/4461","targetHints":{"allow":["GET"]}}],"collection":[{"href":"https:\/\/tajkertesz.com\/en_US\/wp-json\/wp\/v2\/product"}],"about":[{"href":"https:\/\/tajkertesz.com\/en_US\/wp-json\/wp\/v2\/types\/product"}],"wp:featuredmedia":[{"embeddable":true,"href":"https:\/\/tajkertesz.com\/en_US\/wp-json\/wp\/v2\/media\/4463"}],"wp:attachment":[{"href":"https:\/\/tajkertesz.com\/en_US\/wp-json\/wp\/v2\/media?parent=4461"}],"wp:term":[{"taxonomy":"product_brand","embeddable":true,"href":"https:\/\/tajkertesz.com\/en_US\/wp-json\/wp\/v2\/product_brand?post=4461"},{"taxonomy":"product_cat","embeddable":true,"href":"https:\/\/tajkertesz.com\/en_US\/wp-json\/wp\/v2\/product_cat?post=4461"},{"taxonomy":"product_tag","embeddable":true,"href":"https:\/\/tajkertesz.com\/en_US\/wp-json\/wp\/v2\/product_tag?post=4461"}],"curies":[{"name":"wp","href":"https:\/\/api.w.org\/{rel}","templated":true}]}}