{"id":4470,"date":"2021-05-10T11:15:50","date_gmt":"2021-05-10T11:15:50","guid":{"rendered":"https:\/\/tajkertesz.com\/?post_type=product&#038;p=4470"},"modified":"2022-06-13T14:28:38","modified_gmt":"2022-06-13T14:28:38","slug":"nortene-steel-plast-muanyag-bevonatu-acel-karo","status":"publish","type":"product","link":"https:\/\/tajkertesz.com\/en_US\/product\/nortene-steel-plast-muanyag-bevonatu-acel-karo\/","title":{"rendered":"Nortene Steel Plast m\u0171anyag bevonat\u00fa ac\u00e9l kar\u00f3, \u00f8 8 mm x M. 0,60 m"},"content":{"rendered":"<h1 class=\"page-head-title product-page-head-title position-relative\"><span class=\"product-page-product-name\">Nortene Steel Plast m\u0171anyag bevonat\u00fa ac\u00e9l kar\u00f3, \u00f8 8 mm x M. 0,60 m<\/span><\/h1>\n<p class=\"page-head-title product-page-head-title position-relative\"><span class=\"product-page-product-name\">Nortene Steel Plast m\u0171anyag bevonat\u00fa ac\u00e9l kar\u00f3, \u00f8 8 mm x M. 0,60 m <\/span>Mindke\u0301t ve\u0301ge rozsdamentes. A durva felu\u0308let biztosabb foga\u0301st nyu\u0301jt.A durva fel\u00fclet biztosabb fog\u00e1st ny\u00fajt<\/p>\n<h3>T\u00e1maszok, kar\u00f3k a n\u00f6v\u00e9nyek ig\u00e9nyeire szabva:<\/h3>\n<p>A n\u00f6v\u00e9nygondoz\u00e1s sor\u00e1n sokszor sz\u00fcks\u00e9g van arra, hogy a n\u00f6v\u00e9nyeket kit\u00e1masszuk annak \u00e9rdek\u00e9ben, hogy a m\u00e9g gyenge n\u00f6v\u00e9ny ne hajoljanak el a saj\u00e1t s\u00falya alatt, illetve, hogy a n\u00f6veked\u00e9s\u00fck egyenesen felfel\u00e9 t\u00f6rt\u00e9njen \u00e9s ne hajoljanak el oldalra.<\/p>\n<p>Mivel mindegyik n\u00f6v\u00e9ny elt\u00e9r\u0151 tulajdons\u00e1gokkal, m\u00e9retekkel \u00e9s ig\u00e9nyekkel rendelkezik, ez\u00e9rt alaposan fel kell m\u00e9rnie, hogy pontosan milyen t\u00e1maszt\u00e9kokat kell beszereznie az eredm\u00e9nyess\u00e9ghez. A neh\u00e9z sz\u00e1rral rendelkez\u0151 n\u00f6v\u00e9nyek kit\u00e1maszt\u00e1s\u00e1ra vastag, magas kar\u00f3kat \u00e9rdemes venni, melyek el\u00e9g er\u0151sek ahhoz, hogy megtarts\u00e1k \u0151ket.<\/p>\n<p>A d\u00edszn\u00f6v\u00e9nyek eset\u00e9ben m\u00e1r nagyobb hangs\u00faly van a dekorat\u00edv kin\u00e9zeten, hiszen j\u00f3 es\u00e9ly van r\u00e1, hogy ezek a n\u00f6v\u00e9nyt\u00e1maszok a lak\u00e1sunkat fogj\u00e1k d\u00edsz\u00edteni, pl.: a nappaliban.\u00a0 A megfelel\u0151 m\u00e9ret\u0171, form\u00e1j\u00fa \u00e9s kialak\u00edt\u00e1s\u00fa n\u00f6v\u00e9nyt\u00e1maszok haszn\u00e1lat\u00e1val biztos\u00edthat\u00f3 a n\u00f6v\u00e9nyek eg\u00e9szs\u00e9ges , csod\u00e1s fejl\u0151d\u00e9se.<\/p>\n<h3><span id=\"Vas_\u00e9s_ac\u00e9l\" class=\"mw-headline\">Vas \u00e9s ac\u00e9l:<\/span><\/h3>\n<div class=\"thumb tleft\">\n<div class=\"thumbinner\">\n<div class=\"thumbcaption\"><\/div>\n<\/div>\n<\/div>\n<p>A vas a F\u00f6ld k\u00e9rg\u00e9nek mintegy 4,7%-\u00e1t alkotja t\u00f6bb mint sz\u00e1z vas\u00e1sv\u00e1ny form\u00e1j\u00e1ban, de \u2013 a f\u00e9mek t\u00f6bbs\u00e9g\u00e9hez hasonl\u00f3an \u2013 elemi \u00e1llapotban nem tal\u00e1lhat\u00f3 meg. A vas \u00e9rc\u00e1sv\u00e1nyai k\u00f6z\u00fcl legfontosabbak az oxidok, pl: a magnetit (m\u00e1gnesvas\u00e9rc), a hematit (v\u00f6r\u00f6svas\u00e9rc), a limonit (barnavas\u00e9rc), valamint a karbon\u00e1t alap\u00fa sziderit (vasp\u00e1t). A vasat az \u00e9rcb\u0151l \u00fagy \u00e1ll\u00edtj\u00e1k el\u0151, hogy reduk\u00e1lj\u00e1k, azaz oxig\u00e9ntartalm\u00e1t elt\u00e1vol\u00edtj\u00e1k.<\/p>\n<h3>\u00c1ltal\u00e1nos gy\u00e1rt\u00e1stechnol\u00f3gia:<\/h3>\n<p>Az ac\u00e9lt k\u00e9t l\u00e9p\u00e9sben gy\u00e1rtj\u00e1k. El\u0151sz\u00f6r <i>nyersvas<\/i>at \u00e1ll\u00edtanak el\u0151 nagyolvaszt\u00f3ban, itt hajtj\u00e1k v\u00e9gre a fenti redukci\u00f3t (nyersvasgy\u00e1rt\u00e1s). Mivel a foly\u00e9kony vas j\u00f3l oldja a szenet (j\u00f3l \u00f6tv\u00f6z\u0151dik vele), a <i>nyersvas<\/i>nak olyan magas a karbontartalma, hogy k\u00e9pl\u00e9kenyen nem alak\u00edthat\u00f3. A k\u00e9pl\u00e9kenyen alak\u00edthat\u00f3 ac\u00e9l el\u0151\u00e1ll\u00edt\u00e1sa c\u00e9lj\u00e1b\u00f3l a f\u00f6l\u00f6sleges szenet el kell t\u00e1vol\u00edtani. Ez az ac\u00e9lgy\u00e1rt\u00e1s m\u0171velete, amely \u2013 a nyersvasgy\u00e1rt\u00e1ssal szemben \u2013 oxid\u00e1ci\u00f3s jelleg\u0171 m\u0171velet. Az ac\u00e9lgy\u00e1rt\u00e1s sor\u00e1n az ac\u00e9lt a sz\u00e9n elt\u00e1vol\u00edt\u00e1sa mellett sz\u00fcks\u00e9g eset\u00e9n m\u00e1s elemekkel is \u00f6tv\u00f6zik, \u00edgy kapj\u00e1k a sokoldal\u00faan felhaszn\u00e1lhat\u00f3 ac\u00e9lmin\u0151s\u00e9geket.<\/p>\n<p>Az ac\u00e9lfajt\u00e1kat t\u00f6bbf\u00e9le szempont szerint lehet csoportos\u00edtani.<\/p>\n<ul>\n<li>Gy\u00e1rt\u00e1si m\u00f3dszer\u00a0szerinti csoportos\u00edt\u00e1s. A k\u00fcl\u00f6nb\u00f6z\u0151 gy\u00e1rt\u00e1si elj\u00e1r\u00e1sok \u2013 saj\u00e1tos technol\u00f3gi\u00e1jukb\u00f3l ad\u00f3d\u00f3an &#8211; k\u00fcl\u00f6nb\u00f6z\u0151 min\u0151s\u00e9g\u0171 \u00e9s mennyis\u00e9g\u0171 j\u00e1rul\u00e9kos \u00f6tv\u00f6z\u0151t hagynak vissza az ac\u00e9lban. Eszerint meg lehet k\u00fcl\u00f6nb\u00f6ztetni\n<ul>\n<li>oxig\u00e9nnel friss\u00edtett ac\u00e9lt,<\/li>\n<li>elektroac\u00e9lt,<\/li>\n<li>kor\u00e1bbi gy\u00e1rt\u00e1si elj\u00e1r\u00e1sok szerint Bessemer, Thomas \u00e9s Siemens Marint- ac\u00e9lt.<\/li>\n<\/ul>\n<\/li>\n<li>Felhaszn\u00e1l\u00e1si c\u00e9l\u00a0szerinti feloszt\u00e1s. Eszerint lehet sz\u00f3lni a szerkezeti, a szersz\u00e1m- \u00e9s a k\u00fcl\u00f6nleges ac\u00e9lfajt\u00e1kr\u00f3l.\n<ul>\n<li>A\u00a0<i>szerkezeti ac\u00e9lfajt\u00e1k<\/i>t\u00f3l a szil\u00e1rds\u00e1g mellett megfelel\u0151 sz\u00edv\u00f3ss\u00e1got is k\u00edv\u00e1nnak, ellen\u00e1ll\u00e1st a l\u00f6k\u00e9sszer\u0171 ig\u00e9nybev\u00e9telekkel szemben. A szerkezeti ac\u00e9lfajt\u00e1k karbontartalma 0,6%-n\u00e1l t\u00f6bbnyire kisebb.<\/li>\n<li>A\u00a0<i>szersz\u00e1mac\u00e9lok<\/i>\u00a0legfontosabb tulajdons\u00e1gai a kem\u00e9nys\u00e9g \u00e9s a kop\u00e1s\u00e1ll\u00f3s\u00e1g. Karbontartalmuk 0,6% f\u00f6l\u00f6tti, t\u00f6bbnyire edzett \u00e1llapotban haszn\u00e1lj\u00e1k.<\/li>\n<li>A\u00a0<i>k\u00fcl\u00f6nleges ac\u00e9lfajt\u00e1k<\/i>\u00a0valamely tulajdons\u00e1ga a vas megfelel\u0151 tulajdons\u00e1g\u00e1t\u00f3l gy\u00f6keresen k\u00fcl\u00f6nb\u00f6zik: lehetnek nem rozsd\u00e1sod\u00f3 vagy egyes savaknak ellen\u00e1ll\u00f3 min\u0151s\u00e9g\u0171ek, a vasn\u00e1l jobban vagy rosszabbul m\u00e1gnesezhet\u0151ek, meleg \u00e1llapotukban teherb\u00edr\u00f3bbak stb.<\/li>\n<\/ul>\n<\/li>\n<li>Az\u00a0\u00f6tv\u00f6z\u00e9s m\u00e9rt\u00e9ke\u00a0szerinti feloszt\u00e1s szerint \u00f6tv\u00f6zetlen, gyeng\u00e9n \u00e9s er\u0151sen \u00f6tv\u00f6z\u00f6tt ac\u00e9lt k\u00fcl\u00f6nb\u00f6ztetnek meg.\n<ul>\n<li>Az\u00a0<i>\u00f6tv\u00f6zetlen ac\u00e9l<\/i>\u00a0sz\u00e1nd\u00e9kosan adagolt \u00f6tv\u00f6z\u0151elemet \u2013 term\u00e9szetesen a sz\u00e9nen k\u00edv\u00fcl \u2013 nem tartalmaz.<\/li>\n<li>A\u00a0<i>gyeng\u00e9n \u00e9s er\u0151sen \u00f6tv\u00f6z\u00f6tt ac\u00e9l<\/i>\u00a0k\u00f6z\u00f6tt a hat\u00e1rt rendszerint 5\u20138% \u00f6tv\u00f6z\u0151f\u00e9m tartalomn\u00e1l h\u00fazz\u00e1k meg. \u00c1ltal\u00e1ban az \u00f6tv\u00f6z\u00e9s k\u00f6vetkezt\u00e9ben a vas valamelyik jellegzetes tulajdons\u00e1ga ezen a hat\u00e1ron v\u00e1ltozik meg jelent\u0151sebben. Ezt a hat\u00e1r\u00e9rt\u00e9ket rugalmasan kell kezelni, p\u00e9ld\u00e1ul a 3\u20133,2% szil\u00edciummal \u00f6tv\u00f6z\u00f6tt transzform\u00e1torlemez anyaga er\u0151sen \u00f6tv\u00f6z\u00f6ttnek sz\u00e1m\u00edt.<\/li>\n<li><i>Mikro\u00f6tv\u00f6z\u00f6tt ac\u00e9lok<\/i>. N\u00e9h\u00e1ny \u00f6tv\u00f6z\u0151elem nagyon kis mennyis\u00e9gben is hat\u00e1ssal van az ac\u00e9l valamelyik tulajdons\u00e1g\u00e1ra. P\u00e9ld\u00e1ul n\u00e9h\u00e1ny ezred sz\u00e1zal\u00e9k b\u00f3r az ac\u00e9l \u00e1tedzhet\u0151s\u00e9g\u00e9t, n\u00e9h\u00e1ny sz\u00e1zad sz\u00e1zal\u00e9k ni\u00f3bium pedig a kis sz\u00e9ntartalm\u00fa ac\u00e9l foly\u00e1shat\u00e1r\u00e1rt n\u00f6veli.<\/li>\n<\/ul>\n<\/li>\n<\/ul>\n<div id=\"bodyContent\" class=\"mw-body-content\">\n<div id=\"mw-content-text\" class=\"mw-content-ltr\" dir=\"ltr\" lang=\"hu\">\n<div id=\"bodyContent\" class=\"mw-body-content\">\n<div id=\"mw-content-text\" class=\"mw-content-ltr\" dir=\"ltr\" lang=\"hu\">\n<p>Kisz\u00e1ll\u00edt\u00e1s: 200 cm \u00e9s 40 kg is a sz\u00e1ll\u00edt\u00e1s fut\u00e1rszolg\u00e1lattal t\u00f6rt\u00e9nik.<\/p>\n<\/div>\n<\/div>\n<\/div>\n<\/div>\n<p style=\"line-height: 18.0pt; background: white; margin: 0cm 0cm 15.0pt 0cm;\"><b><span style=\"font-family: 'Ubuntu',serif; color: black;\">K\u00e9szlet\u00fcnk napi szinten v\u00e1ltozik, ez\u00e9rt k\u00e9rj\u00fck, \u00e9rdekl\u0151dj\u00f6n szem\u00e9lyesen, telefonon vagy email-en.<br \/>\nA v\u00e1ltoztat\u00e1s jog\u00e1t fenntartjuk!\u00a0<\/span><\/b><\/p>\n<p><a href=\"https:\/\/tajkertesz.com\/\">https:\/\/tajkertesz.com\/<\/a><\/p>\n<p><a href=\"https:\/\/www.nortene.hu\/\">https:\/\/www.nortene.hu\/<\/a><\/p>","protected":false},"excerpt":{"rendered":"<h1 class=\"page-head-title product-page-head-title position-relative\"><span class=\"product-page-product-name\">Nortene Steel Plast m\u0171anyag bevonat\u00fa ac\u00e9l kar\u00f3, \u00f8 8 mm x M. 0,60 m<\/span><\/h1>\n<p class=\"page-head-title product-page-head-title position-relative\">Mindke\u0301t ve\u0301ge rozsdamentes. A durva felu\u0308let biztosabb foga\u0301st nyu\u0301jt.A durva fel\u00fclet biztosabb fog\u00e1st ny\u00fajt<\/p>","protected":false},"featured_media":4471,"template":"","meta":{"_et_pb_use_builder":"","_et_pb_old_content":"","_et_gb_content_width":""},"product_brand":[],"product_cat":[1525],"product_tag":[1503,1506,1505],"class_list":{"0":"post-4470","1":"product","2":"type-product","3":"status-publish","4":"has-post-thumbnail","6":"product_cat-karok-tamasztekok","7":"product_tag-karo","8":"product_tag-novenykaro","9":"product_tag-tamasz","11":"first","12":"instock","13":"shipping-taxable","14":"purchasable","15":"product-type-simple"},"yoast_head":"<!-- This site is optimized with the Yoast SEO plugin v27.3 - https:\/\/yoast.com\/product\/yoast-seo-wordpress\/ -->\n<title>Nortene Steel Plast m\u0171anyag bevonat\u00fa ac\u00e9l kar\u00f3, \u00f8 8 mm x M. 0,60 m - T\u00e1jkert\u00e9sz<\/title>\n<meta name=\"description\" content=\"Nortene Steel Plast m\u0171anyag bevonat\u00fa ac\u00e9l kar\u00f3, \u00f8 8 mm x M. 0,60 m, Mindke\u0301t ve\u0301ge rozsdamentes. A durva felu\u0308let biztosabb foga\u0301st nyu\u0301jt.A\" \/>\n<meta name=\"robots\" content=\"index, follow, max-snippet:-1, max-image-preview:large, max-video-preview:-1\" \/>\n<link rel=\"canonical\" href=\"https:\/\/tajkertesz.com\/en_US\/product\/nortene-steel-plast-muanyag-bevonatu-acel-karo\/\" \/>\n<meta property=\"og:locale\" content=\"en_US\" \/>\n<meta property=\"og:type\" content=\"article\" \/>\n<meta property=\"og:title\" content=\"Nortene Steel Plast m\u0171anyag bevonat\u00fa ac\u00e9l kar\u00f3, \u00f8 8 mm x M. 0,60 m - T\u00e1jkert\u00e9sz\" \/>\n<meta property=\"og:description\" content=\"Nortene Steel Plast m\u0171anyag bevonat\u00fa ac\u00e9l kar\u00f3, \u00f8 8 mm x M. 0,60 m, Mindke\u0301t ve\u0301ge rozsdamentes. A durva felu\u0308let biztosabb foga\u0301st nyu\u0301jt.A\" \/>\n<meta property=\"og:url\" content=\"https:\/\/tajkertesz.com\/en_US\/product\/nortene-steel-plast-muanyag-bevonatu-acel-karo\/\" \/>\n<meta property=\"og:site_name\" content=\"T\u00e1jkert\u00e9sz\" \/>\n<meta property=\"article:publisher\" content=\"https:\/\/www.facebook.com\/Tajkertesz\/\" \/>\n<meta property=\"article:modified_time\" content=\"2022-06-13T14:28:38+00:00\" \/>\n<meta property=\"og:image\" content=\"https:\/\/tajkertesz.com\/wp-content\/uploads\/2021\/05\/140841.jpg\" \/>\n\t<meta property=\"og:image:width\" content=\"900\" \/>\n\t<meta property=\"og:image:height\" content=\"900\" \/>\n\t<meta property=\"og:image:type\" content=\"image\/jpeg\" \/>\n<meta name=\"twitter:card\" content=\"summary_large_image\" \/>\n<meta name=\"twitter:label1\" content=\"Est. reading time\" \/>\n\t<meta name=\"twitter:data1\" content=\"3 minutes\" \/>\n<script type=\"application\/ld+json\" class=\"yoast-schema-graph\">{\"@context\":\"https:\\\/\\\/schema.org\",\"@graph\":[{\"@type\":\"WebPage\",\"@id\":\"https:\\\/\\\/tajkertesz.com\\\/termek\\\/nortene-steel-plast-muanyag-bevonatu-acel-karo\\\/\",\"url\":\"https:\\\/\\\/tajkertesz.com\\\/termek\\\/nortene-steel-plast-muanyag-bevonatu-acel-karo\\\/\",\"name\":\"Nortene Steel Plast m\u0171anyag bevonat\u00fa ac\u00e9l kar\u00f3, \u00f8 8 mm x M. 0,60 m - T\u00e1jkert\u00e9sz\",\"isPartOf\":{\"@id\":\"https:\\\/\\\/tajkertesz.com\\\/#website\"},\"primaryImageOfPage\":{\"@id\":\"https:\\\/\\\/tajkertesz.com\\\/termek\\\/nortene-steel-plast-muanyag-bevonatu-acel-karo\\\/#primaryimage\"},\"image\":{\"@id\":\"https:\\\/\\\/tajkertesz.com\\\/termek\\\/nortene-steel-plast-muanyag-bevonatu-acel-karo\\\/#primaryimage\"},\"thumbnailUrl\":\"https:\\\/\\\/tajkertesz.com\\\/wp-content\\\/uploads\\\/2021\\\/05\\\/140841.jpg\",\"datePublished\":\"2021-05-10T11:15:50+00:00\",\"dateModified\":\"2022-06-13T14:28:38+00:00\",\"description\":\"Nortene Steel Plast m\u0171anyag bevonat\u00fa ac\u00e9l kar\u00f3, \u00f8 8 mm x M. 0,60 m, Mindke\u0301t ve\u0301ge rozsdamentes. A durva felu\u0308let biztosabb foga\u0301st nyu\u0301jt.A\",\"breadcrumb\":{\"@id\":\"https:\\\/\\\/tajkertesz.com\\\/termek\\\/nortene-steel-plast-muanyag-bevonatu-acel-karo\\\/#breadcrumb\"},\"inLanguage\":\"en-US\",\"potentialAction\":[{\"@type\":\"ReadAction\",\"target\":[\"https:\\\/\\\/tajkertesz.com\\\/termek\\\/nortene-steel-plast-muanyag-bevonatu-acel-karo\\\/\"]}]},{\"@type\":\"ImageObject\",\"inLanguage\":\"en-US\",\"@id\":\"https:\\\/\\\/tajkertesz.com\\\/termek\\\/nortene-steel-plast-muanyag-bevonatu-acel-karo\\\/#primaryimage\",\"url\":\"https:\\\/\\\/tajkertesz.com\\\/wp-content\\\/uploads\\\/2021\\\/05\\\/140841.jpg\",\"contentUrl\":\"https:\\\/\\\/tajkertesz.com\\\/wp-content\\\/uploads\\\/2021\\\/05\\\/140841.jpg\",\"width\":900,\"height\":900},{\"@type\":\"BreadcrumbList\",\"@id\":\"https:\\\/\\\/tajkertesz.com\\\/termek\\\/nortene-steel-plast-muanyag-bevonatu-acel-karo\\\/#breadcrumb\",\"itemListElement\":[{\"@type\":\"ListItem\",\"position\":1,\"name\":\"Home\",\"item\":\"https:\\\/\\\/tajkertesz.com\\\/\"},{\"@type\":\"ListItem\",\"position\":2,\"name\":\"Kezd\u0151lap\",\"item\":\"https:\\\/\\\/tajkertesz.com\\\/\"},{\"@type\":\"ListItem\",\"position\":3,\"name\":\"Nortene Steel Plast m\u0171anyag bevonat\u00fa ac\u00e9l kar\u00f3, \u00f8 8 mm x M. 0,60 m\"}]},{\"@type\":\"WebSite\",\"@id\":\"https:\\\/\\\/tajkertesz.com\\\/#website\",\"url\":\"https:\\\/\\\/tajkertesz.com\\\/\",\"name\":\"T\u00e1j-Kert\u00e9sz 84 Kft.\",\"description\":\"Kert\u00e9szeti kis- \u00e9s nagykeresked\u00e9s, D\u00edszn\u00f6v\u00e9ny web\u00e1ruh\u00e1z orsz\u00e1gos h\u00e1zhozsz\u00e1ll\u00edt\u00e1ssal!\",\"publisher\":{\"@id\":\"https:\\\/\\\/tajkertesz.com\\\/#organization\"},\"potentialAction\":[{\"@type\":\"SearchAction\",\"target\":{\"@type\":\"EntryPoint\",\"urlTemplate\":\"https:\\\/\\\/tajkertesz.com\\\/?s={search_term_string}\"},\"query-input\":{\"@type\":\"PropertyValueSpecification\",\"valueRequired\":true,\"valueName\":\"search_term_string\"}}],\"inLanguage\":\"en-US\"},{\"@type\":\"Organization\",\"@id\":\"https:\\\/\\\/tajkertesz.com\\\/#organization\",\"name\":\"T\u00e1j-Kert\u00e9sz 84 Kft.\",\"url\":\"https:\\\/\\\/tajkertesz.com\\\/\",\"logo\":{\"@type\":\"ImageObject\",\"inLanguage\":\"en-US\",\"@id\":\"https:\\\/\\\/tajkertesz.com\\\/#\\\/schema\\\/logo\\\/image\\\/\",\"url\":\"https:\\\/\\\/tajkertesz.com\\\/wp-content\\\/uploads\\\/2018\\\/02\\\/logo-2-e1518678052539.png\",\"contentUrl\":\"https:\\\/\\\/tajkertesz.com\\\/wp-content\\\/uploads\\\/2018\\\/02\\\/logo-2-e1518678052539.png\",\"width\":81,\"height\":140,\"caption\":\"T\u00e1j-Kert\u00e9sz 84 Kft.\"},\"image\":{\"@id\":\"https:\\\/\\\/tajkertesz.com\\\/#\\\/schema\\\/logo\\\/image\\\/\"},\"sameAs\":[\"https:\\\/\\\/www.facebook.com\\\/Tajkertesz\\\/\"]}]}<\/script>\n<!-- \/ Yoast SEO plugin. -->","yoast_head_json":{"title":"Nortene Steel Plast m\u0171anyag bevonat\u00fa ac\u00e9l kar\u00f3, \u00f8 8 mm x M. 0,60 m - T\u00e1jkert\u00e9sz","description":"Nortene Steel Plast m\u0171anyag bevonat\u00fa ac\u00e9l kar\u00f3, \u00f8 8 mm x M. 0,60 m, Mindke\u0301t ve\u0301ge rozsdamentes. A durva felu\u0308let biztosabb foga\u0301st nyu\u0301jt.A","robots":{"index":"index","follow":"follow","max-snippet":"max-snippet:-1","max-image-preview":"max-image-preview:large","max-video-preview":"max-video-preview:-1"},"canonical":"https:\/\/tajkertesz.com\/en_US\/product\/nortene-steel-plast-muanyag-bevonatu-acel-karo\/","og_locale":"en_US","og_type":"article","og_title":"Nortene Steel Plast m\u0171anyag bevonat\u00fa ac\u00e9l kar\u00f3, \u00f8 8 mm x M. 0,60 m - T\u00e1jkert\u00e9sz","og_description":"Nortene Steel Plast m\u0171anyag bevonat\u00fa ac\u00e9l kar\u00f3, \u00f8 8 mm x M. 0,60 m, Mindke\u0301t ve\u0301ge rozsdamentes. A durva felu\u0308let biztosabb foga\u0301st nyu\u0301jt.A","og_url":"https:\/\/tajkertesz.com\/en_US\/product\/nortene-steel-plast-muanyag-bevonatu-acel-karo\/","og_site_name":"T\u00e1jkert\u00e9sz","article_publisher":"https:\/\/www.facebook.com\/Tajkertesz\/","article_modified_time":"2022-06-13T14:28:38+00:00","og_image":[{"width":900,"height":900,"url":"https:\/\/tajkertesz.com\/wp-content\/uploads\/2021\/05\/140841.jpg","type":"image\/jpeg"}],"twitter_card":"summary_large_image","twitter_misc":{"Est. reading time":"3 minutes"},"schema":{"@context":"https:\/\/schema.org","@graph":[{"@type":"WebPage","@id":"https:\/\/tajkertesz.com\/termek\/nortene-steel-plast-muanyag-bevonatu-acel-karo\/","url":"https:\/\/tajkertesz.com\/termek\/nortene-steel-plast-muanyag-bevonatu-acel-karo\/","name":"Nortene Steel Plast m\u0171anyag bevonat\u00fa ac\u00e9l kar\u00f3, \u00f8 8 mm x M. 0,60 m - T\u00e1jkert\u00e9sz","isPartOf":{"@id":"https:\/\/tajkertesz.com\/#website"},"primaryImageOfPage":{"@id":"https:\/\/tajkertesz.com\/termek\/nortene-steel-plast-muanyag-bevonatu-acel-karo\/#primaryimage"},"image":{"@id":"https:\/\/tajkertesz.com\/termek\/nortene-steel-plast-muanyag-bevonatu-acel-karo\/#primaryimage"},"thumbnailUrl":"https:\/\/tajkertesz.com\/wp-content\/uploads\/2021\/05\/140841.jpg","datePublished":"2021-05-10T11:15:50+00:00","dateModified":"2022-06-13T14:28:38+00:00","description":"Nortene Steel Plast m\u0171anyag bevonat\u00fa ac\u00e9l kar\u00f3, \u00f8 8 mm x M. 0,60 m, Mindke\u0301t ve\u0301ge rozsdamentes. A durva felu\u0308let biztosabb foga\u0301st nyu\u0301jt.A","breadcrumb":{"@id":"https:\/\/tajkertesz.com\/termek\/nortene-steel-plast-muanyag-bevonatu-acel-karo\/#breadcrumb"},"inLanguage":"en-US","potentialAction":[{"@type":"ReadAction","target":["https:\/\/tajkertesz.com\/termek\/nortene-steel-plast-muanyag-bevonatu-acel-karo\/"]}]},{"@type":"ImageObject","inLanguage":"en-US","@id":"https:\/\/tajkertesz.com\/termek\/nortene-steel-plast-muanyag-bevonatu-acel-karo\/#primaryimage","url":"https:\/\/tajkertesz.com\/wp-content\/uploads\/2021\/05\/140841.jpg","contentUrl":"https:\/\/tajkertesz.com\/wp-content\/uploads\/2021\/05\/140841.jpg","width":900,"height":900},{"@type":"BreadcrumbList","@id":"https:\/\/tajkertesz.com\/termek\/nortene-steel-plast-muanyag-bevonatu-acel-karo\/#breadcrumb","itemListElement":[{"@type":"ListItem","position":1,"name":"Home","item":"https:\/\/tajkertesz.com\/"},{"@type":"ListItem","position":2,"name":"Kezd\u0151lap","item":"https:\/\/tajkertesz.com\/"},{"@type":"ListItem","position":3,"name":"Nortene Steel Plast m\u0171anyag bevonat\u00fa ac\u00e9l kar\u00f3, \u00f8 8 mm x M. 0,60 m"}]},{"@type":"WebSite","@id":"https:\/\/tajkertesz.com\/#website","url":"https:\/\/tajkertesz.com\/","name":"T\u00e1j-Kert\u00e9sz 84 Kft.","description":"Kert\u00e9szeti kis- \u00e9s nagykeresked\u00e9s, D\u00edszn\u00f6v\u00e9ny web\u00e1ruh\u00e1z orsz\u00e1gos h\u00e1zhozsz\u00e1ll\u00edt\u00e1ssal!","publisher":{"@id":"https:\/\/tajkertesz.com\/#organization"},"potentialAction":[{"@type":"SearchAction","target":{"@type":"EntryPoint","urlTemplate":"https:\/\/tajkertesz.com\/?s={search_term_string}"},"query-input":{"@type":"PropertyValueSpecification","valueRequired":true,"valueName":"search_term_string"}}],"inLanguage":"en-US"},{"@type":"Organization","@id":"https:\/\/tajkertesz.com\/#organization","name":"T\u00e1j-Kert\u00e9sz 84 Kft.","url":"https:\/\/tajkertesz.com\/","logo":{"@type":"ImageObject","inLanguage":"en-US","@id":"https:\/\/tajkertesz.com\/#\/schema\/logo\/image\/","url":"https:\/\/tajkertesz.com\/wp-content\/uploads\/2018\/02\/logo-2-e1518678052539.png","contentUrl":"https:\/\/tajkertesz.com\/wp-content\/uploads\/2018\/02\/logo-2-e1518678052539.png","width":81,"height":140,"caption":"T\u00e1j-Kert\u00e9sz 84 Kft."},"image":{"@id":"https:\/\/tajkertesz.com\/#\/schema\/logo\/image\/"},"sameAs":["https:\/\/www.facebook.com\/Tajkertesz\/"]}]}},"_links":{"self":[{"href":"https:\/\/tajkertesz.com\/en_US\/wp-json\/wp\/v2\/product\/4470","targetHints":{"allow":["GET"]}}],"collection":[{"href":"https:\/\/tajkertesz.com\/en_US\/wp-json\/wp\/v2\/product"}],"about":[{"href":"https:\/\/tajkertesz.com\/en_US\/wp-json\/wp\/v2\/types\/product"}],"wp:featuredmedia":[{"embeddable":true,"href":"https:\/\/tajkertesz.com\/en_US\/wp-json\/wp\/v2\/media\/4471"}],"wp:attachment":[{"href":"https:\/\/tajkertesz.com\/en_US\/wp-json\/wp\/v2\/media?parent=4470"}],"wp:term":[{"taxonomy":"product_brand","embeddable":true,"href":"https:\/\/tajkertesz.com\/en_US\/wp-json\/wp\/v2\/product_brand?post=4470"},{"taxonomy":"product_cat","embeddable":true,"href":"https:\/\/tajkertesz.com\/en_US\/wp-json\/wp\/v2\/product_cat?post=4470"},{"taxonomy":"product_tag","embeddable":true,"href":"https:\/\/tajkertesz.com\/en_US\/wp-json\/wp\/v2\/product_tag?post=4470"}],"curies":[{"name":"wp","href":"https:\/\/api.w.org\/{rel}","templated":true}]}}